{"id":16187,"date":"2026-01-17T02:52:50","date_gmt":"2026-01-17T01:52:50","guid":{"rendered":"https:\/\/oponyonline.shop\/xef5\/produkt\/2x-bridgestone-215-45r16-turanza-all-season-6-90v-enliten\/"},"modified":"2026-01-17T02:52:50","modified_gmt":"2026-01-17T01:52:50","slug":"2x-bridgestone-215-45r16-turanza-all-season-6-90v-enliten","status":"publish","type":"product","link":"https:\/\/oponixo.shop\/tire\/produkt\/2x-bridgestone-215-45r16-turanza-all-season-6-90v-enliten\/","title":{"rendered":"2x Bridgestone 215\/45R16 TURANZA ALL SEASON 6 90V Enliten"},"content":{"rendered":"<div style=\"font-family: Arial, sans-serif; line-height: 1.6; color: #333; padding: 20px; clear: both; display: block; width: 100%; float: none; position: static; overflow: hidden;\">\n<div style=\"clear: both; display: block; margin: 10px 0;\">\n<div style=\"clear: both; display: block; margin: 10px 0;\">\n<div style=\"clear: both; display: block; margin: 10px 0;\">\n<h2>Opona ca\u0142oroczna Bridgestone TURANZA ALL SEASON 6 215\/45R16 90V XL Enliten<\/h2>\n<p style=\"margin: 15px 0; line-height: 1.8; clear: both; display: block; width: 100%; float: none; position: static;\"><b>Bridgestone&nbsp;<\/b><b>TURANZA ALL SEASON 6<\/b>&nbsp;to opona ca\u0142roczna klasy premium. Jest dedykowana do samochod\u00f3w osobowcyh.<\/p>\n<p style=\"margin: 15px 0; line-height: 1.8; clear: both; display: block; width: 100%; float: none; position: static;\">Opona posiada charakterystyczny kierunkowy wz\u00f3r bie\u017cnika, kt\u00f3ry zapewnia odpowiednie parametry jezdne w ka\u017cdych warunkach atmosferycznych.<\/p>\n<p style=\"margin: 15px 0; line-height: 1.8; clear: both; display: block; width: 100%; float: none; position: static;\">Opona przy u\u017cyciu innowacyjnych technologii. Zapewnia bezpiecze\u0144stwo w ka\u017cdych warunkach. Sprawdza si\u0119 doskonale podczas opad\u00f3w deszczu oraz sprosta nawierzchni pokrytej \u015bniegiem. Daje poczucie pewno\u015bci podczas jazdy po autostradzie czy konieczno\u015bci gwa\u0142townego hamowania w mie\u015bcie. Nawet przy ca\u0142orocznym u\u017cytkowaniu, pos\u0142u\u017cy Ci wyj\u0105tkowo d\u0142ugo.<\/p>\n<p style=\"margin: 15px 0; line-height: 1.8; clear: both; display: block; width: 100%; float: none; position: static;\">Specjalna mieszanka gumowa zapewnia&nbsp;<b>odpowiedni\u0105 elastyczno\u015b\u0107 w trudnych zimowych warunkach oraz podczas jazdy w pe\u0142nym letnim s\u0142o\u0144cu<\/b>.<\/p>\n<p style=\"margin: 15px 0; line-height: 1.8; clear: both; display: block; width: 100%; float: none; position: static;\">Zoptymnalizowany wz\u00f3r bie\u017cnika powoduje, \u017ce opona przylega najwi\u0119ksz\u0105 mo\u017cliw\u0105 powierzchni\u0105 do nawierzchni drogi. Poprawia to trakcj\u0119 oraz zapewnia pewne prowadzenie w ka\u017cdych warunkach.<\/p>\n<p style=\"margin: 15px 0; line-height: 1.8; clear: both; display: block; width: 100%; float: none; position: static;\">Producent zapewni\u0142 wysoki komfort jazdy przez minimalizacj\u0119 szum\u00f3w mog\u0105cych powstawa\u0107 w czasie jazdy.&nbsp;<b>Cicha i komfortowa jazda przez ca\u0142y rok<\/b>.<\/p>\n<p style=\"margin: 15px 0; line-height: 1.8; clear: both; display: block; width: 100%; float: none; position: static;\"><b>Bridgestone&nbsp;<\/b><b>TURANZA ALL SEASON 6<\/b>&nbsp;to wyb\u00f3r kierowc\u00f3w, kt\u00f3rzy ceni\u0105 sobie&nbsp;<b>doskona\u0142e osi\u0105gi w ka\u017cdych warunkach atmosferycznych<\/b>.<\/p>\n<p style=\"margin: 15px 0; line-height: 1.8; clear: both; display: block; width: 100%; float: none; position: static;\"><b>Bridgestone na pierwszy monta\u017c dostarcza opony takim koncernom jak:<\/b> Bmw, Toyota, Audi, Citroen, Honda, Lexus, Mazda, Opel, Porsche, Ferrari, Renault, Audi, Seat, Maserati, Mercedes, Skoda, Suzuki, Volkswagen, Volvo, Lamborghini.&nbsp;<\/p>\n<p style=\"margin: 15px 0; line-height: 1.8; clear: both; display: block; width: 100%; float: none; position: static;\">Bridgestone jest jedn\u0105 z marek klasy premium. Jest to jeden z najwi\u0119kszy producent\u00f3w wyrob\u00f3w gumowych i opon na \u015bwiecie. Firma zosta\u0142a za\u0142o\u017cona w 1931 roku przez Shojiro Ishibashiego w Japonii w mie\u015bcie Kurume.<\/p>\n<p style=\"margin: 15px 0; line-height: 1.8; clear: both; display: block; width: 100%; float: none; position: static;\">Opony Bridgestone s\u0105 cz\u0119sto zwyci\u0119zc\u0105 w testach por\u00f3wnawczych, przeprowadzanych przez automobilkluby, czyli organizacje zwi\u0105zane z bezpiecze\u0144stwem ruchu drogowego. Opony zbieraj\u0105 tak\u017ce bardzo dobre opinie w\u015br\u00f3d u\u017cytkownik\u00f3w.<\/p>\n<p style=\"margin: 15px 0; line-height: 1.8; clear: both; display: block; width: 100%; float: none; position: static;\">Firma Bridgestone posiada w swoim portfolio kilka marek ogumienia, co pozwala lepiej dostosowa\u0107 ofert\u0119 do r\u00f3\u017cnych potrzeb u\u017cytkownik\u00f3w dr\u00f3g oraz do zasobno\u015bci ich bud\u017cetu.&nbsp;<\/p>\n<p style=\"margin: 15px 0; line-height: 1.8; clear: both; display: block; width: 100%; float: none; position: static;\"><b>Producenci wchodz\u0105cy w sk\u0142ad Grupy Bridgestone:<\/b> Bridgestone, Dayton, Firestone, Saetta, Seiberling.&nbsp;<\/p>\n<p style=\"margin: 15px 0; line-height: 1.8; clear: both; display: block; width: 100%; float: none; position: static;\">Koncern Bridgestone co roku przeznacza wiele milion\u00f3w dolar\u00f3w na dzia\u0142alno\u015b\u0107 w\u0142asnych centr\u00f3w badawczo-rozwojowych. Obecnie priorytetem in\u017cynier\u00f3w i technik\u00f3w firmy Bridgestone s\u0105 zaawansowane badania nad recyklingiem ogumienia. Celem jest osi\u0105gni\u0119cie maksymalnego poziomu przetwarzania opon, co pomo\u017ce w osi\u0105gni\u0119ciu tzw. gospodarki o obiegu zamkni\u0119tym \u2013 czyli takiej, gdzie wszystkie surowce u\u017cywane do produkcji s\u0105 ponownie wykorzystywane po zu\u017cyciu opony.<\/p>\n<p style=\"margin: 15px 0; line-height: 1.8; clear: both; display: block; width: 100%; float: none; position: static;\">Bridgestone opracowuje tak\u017ce prototypy opon z ekologicznych materia\u0142\u00f3w. Jest r\u00f3wnie\u017c jednym z pierwszych producent\u00f3w, kt\u00f3ry zainwestowa\u0142 w cyfryzacj\u0119 dzia\u0142alno\u015bci produkcyjnej (poprzez wykorzystanie pe\u0142nej automatyki i \u0142\u0105czno\u015bci pomi\u0119dzy maszynami), kt\u00f3rej celem jest stworzenie inteligentnych i przyjaznych \u015brodowisku fabryk przysz\u0142o\u015bci.<\/p>\n<p style=\"margin: 15px 0; line-height: 1.8; clear: both; display: block; width: 100%; float: none; position: static;\">&nbsp;<\/p>\n<\/div>\n<\/div>\n<\/div>\n<div style=\"clear: both; display: block; margin: 10px 0;\">\n<div style=\"clear: both; display: block; margin: 10px 0;\">\n<div style=\"clear: both; display: block; margin: 10px 0;\">\n<div  style=\"max-width:500px;max-height:500px\">\n<div style=\"clear: both; display: block; margin: 10px 0;\">\n<div style=\"clear: both; width: 100%; display: block; margin: 20px 0; padding: 0; float: none; position: static; text-align: center;\"><img decoding=\"async\"  src=\"https:\/\/a.allegroimg.com\/original\/11356e\/4ca7db494e69bc674849b2b4a28a\/2x-Bridgestone-215-45R16-TURANZA-ALL-SEASON-6-90V-Enliten\" srcset=\"https:\/\/a.allegroimg.com\/original\/11356e\/4ca7db494e69bc674849b2b4a28a\/2x-Bridgestone-215-45R16-TURANZA-ALL-SEASON-6-90V-Enliten 360w,https:\/\/a.allegroimg.com\/original\/11356e\/4ca7db494e69bc674849b2b4a28a\/2x-Bridgestone-215-45R16-TURANZA-ALL-SEASON-6-90V-Enliten 500w,https:\/\/a.allegroimg.com\/original\/11356e\/4ca7db494e69bc674849b2b4a28a\/2x-Bridgestone-215-45R16-TURANZA-ALL-SEASON-6-90V-Enliten 500w\" sizes=\"(min-width: 1200px) 560px, (min-width: 992px) 50vw, 100vw\" width=\"500px\" alt=\"2x Bridgestone 215\/45R16 TURANZA ALL SEASON 6 90V Enliten\" style=\"max-width: 100%; height: auto; display: block; margin: 0 auto;\"><\/div>\n<\/div>\n<\/div>\n<\/div>\n<\/div>\n<div style=\"clear: both; display: block; margin: 10px 0;\">\n<div style=\"clear: both; display: block; margin: 10px 0;\">\n<ul style=\"margin: 15px 0; padding-left: 20px; clear: both; display: block; width: 100%; float: none; position: static;\">\n<li style=\"margin: 5px 0; padding: 2px 0; clear: both; display: list-item; float: none; position: static;\"><b>Marka:<\/b> Bridgestone<\/li>\n<li style=\"margin: 5px 0; padding: 2px 0; clear: both; display: list-item; float: none; position: static;\"><b>Liczba opon w ofercie:<\/b> 2 szt.<\/li>\n<li style=\"margin: 5px 0; padding: 2px 0; clear: both; display: list-item; float: none; position: static;\"><b>Run flat:<\/b> Nie<\/li>\n<li style=\"margin: 5px 0; padding: 2px 0; clear: both; display: list-item; float: none; position: static;\"><b>Sezon:<\/b> Wielosezonowe<\/li>\n<li style=\"margin: 5px 0; padding: 2px 0; clear: both; display: list-item; float: none; position: static;\"><b>Model:<\/b> TURANZA ALL SEASON 6<\/li>\n<li style=\"margin: 5px 0; padding: 2px 0; clear: both; display: list-item; float: none; position: static;\"><b>Szeroko\u015b\u0107 opony:<\/b> 215 mm<\/li>\n<li style=\"margin: 5px 0; padding: 2px 0; clear: both; display: list-item; float: none; position: static;\"><b>Profil opony:<\/b> 45<\/li>\n<li style=\"margin: 5px 0; padding: 2px 0; clear: both; display: list-item; float: none; position: static;\"><b>\u015arednica:<\/b> 16&#8243;<\/li>\n<li style=\"margin: 5px 0; padding: 2px 0; clear: both; display: list-item; float: none; position: static;\"><b>Indeks no\u015bno\u015bci:<\/b> 90 &#8211; 600 kg<\/li>\n<li style=\"margin: 5px 0; padding: 2px 0; clear: both; display: list-item; float: none; position: static;\"><b>Indeks pr\u0119dko\u015bci:<\/b> V do 240 km\/h<\/li>\n<li style=\"margin: 5px 0; padding: 2px 0; clear: both; display: list-item; float: none; position: static;\"><b>Przyczepno\u015b\u0107 na mokrej nawierzchni:<\/b> Klasa B<\/li>\n<li style=\"margin: 5px 0; padding: 2px 0; clear: both; display: list-item; float: none; position: static;\"><b>Op\u00f3r toczenia:<\/b> Klasa C<\/li>\n<li style=\"margin: 5px 0; padding: 2px 0; clear: both; display: list-item; float: none; position: static;\"><b>Ha\u0142as zewn\u0119trzny:<\/b> 70 dB<\/li>\n<li style=\"margin: 5px 0; padding: 2px 0; clear: both; display: list-item; float: none; position: static;\"><b>Informacje dodatkowe:<\/b> wzmocnienie (XL)<\/li>\n<li style=\"margin: 5px 0; padding: 2px 0; clear: both; display: list-item; float: none; position: static;\"><b>Rok produkcji (DOT):<\/b> <b>Kupuj\u0105c z tej oferty otrzymasz opony fabrycznie nowe, a ich rok produkcji jest nie starszy ni\u017c ubieg\u0142y rok kalendarzowy &#8211; 2025\/2024<\/b><\/li>\n<\/ul>\n<\/div>\n<\/div>\n<\/div>\n<\/div>\n<\/div>\n<\/div>\n<div style=\"clear: both; display: block; margin: 10px 0;\">\n","protected":false},"excerpt":{"rendered":"<p>Opona ca\u0142oroczna Bridgestone TURANZA ALL SEASON 6 215\/45R16 90V XL Enliten<\/p>\n<p>Bridgestone&nbsp;TURANZA ALL SEASON 6&nbsp;to opona ca\u0142roczna klasy premium. Jest dedykowana do samochod\u00f3w osobowcyh.<\/p>\n<p>Opona posiada charakterystyczny kierunkowy wz\u00f3r bie\u017cnika, kt\u00f3ry zapewnia odpowiednie parametry jezdne w ka\u017cdych warunkach atmosferycznych.<\/p>\n","protected":false},"featured_media":16188,"template":"","meta":{"_uag_custom_page_level_css":""},"product_brand":[397],"product_cat":[416,414,413,412],"product_tag":[],"class_list":{"0":"post-16187","1":"product","2":"type-product","3":"status-publish","4":"has-post-thumbnail","6":"product_brand-bridgestone","7":"product_cat-caloroczne","8":"product_cat-do-samochodow-osobowych-i-suv","9":"product_cat-opony","10":"product_cat-opony-i-felgi","12":"first","13":"instock","14":"shipping-taxable","15":"purchasable","16":"product-type-simple"},"uagb_featured_image_src":{"full":["https:\/\/oponixo.shop\/tire\/wp-content\/uploads\/2026\/01\/allegro-image-16187.jpg",500,500,false],"thumbnail":["https:\/\/oponixo.shop\/tire\/wp-content\/uploads\/2026\/01\/allegro-image-16187-150x150.jpg",150,150,true],"medium":["https:\/\/oponixo.shop\/tire\/wp-content\/uploads\/2026\/01\/allegro-image-16187-300x300.jpg",300,300,true],"medium_large":["https:\/\/oponixo.shop\/tire\/wp-content\/uploads\/2026\/01\/allegro-image-16187.jpg",500,500,false],"large":["https:\/\/oponixo.shop\/tire\/wp-content\/uploads\/2026\/01\/allegro-image-16187.jpg",500,500,false],"1536x1536":["https:\/\/oponixo.shop\/tire\/wp-content\/uploads\/2026\/01\/allegro-image-16187.jpg",500,500,false],"2048x2048":["https:\/\/oponixo.shop\/tire\/wp-content\/uploads\/2026\/01\/allegro-image-16187.jpg",500,500,false],"woocommerce_thumbnail":["https:\/\/oponixo.shop\/tire\/wp-content\/uploads\/2026\/01\/allegro-image-16187-300x300.jpg",300,300,true],"woocommerce_single":["https:\/\/oponixo.shop\/tire\/wp-content\/uploads\/2026\/01\/allegro-image-16187.jpg",500,500,false],"woocommerce_gallery_thumbnail":["https:\/\/oponixo.shop\/tire\/wp-content\/uploads\/2026\/01\/allegro-image-16187-100x100.jpg",100,100,true]},"uagb_author_info":{"display_name":"admin","author_link":"https:\/\/oponixo.shop\/tire\/author\/"},"uagb_comment_info":0,"uagb_excerpt":"Opona ca\u0142oroczna Bridgestone TURANZA ALL SEASON 6 215\/45R16 90V XL Enliten Bridgestone&nbsp;TURANZA ALL SEASON 6&nbsp;to opona ca\u0142roczna klasy premium. Jest dedykowana do samochod\u00f3w osobowcyh. Opona posiada charakterystyczny kierunkowy wz\u00f3r bie\u017cnika, kt\u00f3ry zapewnia odpowiednie parametry jezdne w ka\u017cdych warunkach atmosferycznych.","_links":{"self":[{"href":"https:\/\/oponixo.shop\/tire\/wp-json\/wp\/v2\/product\/16187","targetHints":{"allow":["GET"]}}],"collection":[{"href":"https:\/\/oponixo.shop\/tire\/wp-json\/wp\/v2\/product"}],"about":[{"href":"https:\/\/oponixo.shop\/tire\/wp-json\/wp\/v2\/types\/product"}],"wp:featuredmedia":[{"embeddable":true,"href":"https:\/\/oponixo.shop\/tire\/wp-json\/wp\/v2\/media\/16188"}],"wp:attachment":[{"href":"https:\/\/oponixo.shop\/tire\/wp-json\/wp\/v2\/media?parent=16187"}],"wp:term":[{"taxonomy":"product_brand","embeddable":true,"href":"https:\/\/oponixo.shop\/tire\/wp-json\/wp\/v2\/product_brand?post=16187"},{"taxonomy":"product_cat","embeddable":true,"href":"https:\/\/oponixo.shop\/tire\/wp-json\/wp\/v2\/product_cat?post=16187"},{"taxonomy":"product_tag","embeddable":true,"href":"https:\/\/oponixo.shop\/tire\/wp-json\/wp\/v2\/product_tag?post=16187"}],"curies":[{"name":"wp","href":"https:\/\/api.w.org\/{rel}","templated":true}]}}