{"id":16197,"date":"2026-01-17T02:52:52","date_gmt":"2026-01-17T01:52:52","guid":{"rendered":"https:\/\/oponyonline.shop\/xef5\/produkt\/2x-goodyear-ultragrip-peformance-215-45r16-90v-xl-z367a\/"},"modified":"2026-01-17T02:52:52","modified_gmt":"2026-01-17T01:52:52","slug":"2x-goodyear-ultragrip-peformance-215-45r16-90v-xl-z367a","status":"publish","type":"product","link":"https:\/\/oponixo.shop\/tire\/produkt\/2x-goodyear-ultragrip-peformance-215-45r16-90v-xl-z367a\/","title":{"rendered":"2x Goodyear UltraGrip Peformance 215\/45R16 90V XL Z367A"},"content":{"rendered":"<div style=\"font-family: Arial, sans-serif; line-height: 1.6; color: #333; padding: 20px; clear: both; display: block; width: 100%; float: none; position: static; overflow: hidden;\">\n<div style=\"clear: both; display: block; margin: 10px 0;\">\n<div style=\"clear: both; display: block; margin: 10px 0;\">\n<div style=\"clear: both; display: block; margin: 10px 0;\">\n<h1>Goodyear UltraGrip Performance +<\/h1>\n<p style=\"margin: 15px 0; line-height: 1.8; clear: both; display: block; width: 100%; float: none; position: static;\">SZEROKO\u015a\u0106 OPONY &#8211; 215<\/p>\n<p style=\"margin: 15px 0; line-height: 1.8; clear: both; display: block; width: 100%; float: none; position: static;\">WYSOKO\u015a\u0106 OPONY &#8211; 45<\/p>\n<p style=\"margin: 15px 0; line-height: 1.8; clear: both; display: block; width: 100%; float: none; position: static;\">\u015aREDNICA &#8211; 16<\/p>\n<p style=\"margin: 15px 0; line-height: 1.8; clear: both; display: block; width: 100%; float: none; position: static;\">ROCZNIK &#8211; 2019<\/p>\n<p style=\"margin: 15px 0; line-height: 1.8; clear: both; display: block; width: 100%; float: none; position: static;\">MAGAZYN &#8211; Z367A<\/p>\n<\/div>\n<\/div>\n<div style=\"clear: both; display: block; margin: 10px 0;\">\n<div style=\"clear: both; display: block; margin: 10px 0;\">\n<div  style=\"max-width:409px;max-height:610px\">\n<div style=\"clear: both; display: block; margin: 10px 0;\">\n<div style=\"clear: both; width: 100%; display: block; margin: 20px 0; padding: 0; float: none; position: static; text-align: center;\"><img decoding=\"async\"  src=\"https:\/\/a.allegroimg.com\/original\/11271c\/ff5edc5e42289ad73a021e559d50\/2x-Goodyear-UltraGrip-Peformance-215-45R16-90V-XL-Z367A\" srcset=\"https:\/\/a.allegroimg.com\/original\/11271c\/ff5edc5e42289ad73a021e559d50\/2x-Goodyear-UltraGrip-Peformance-215-45R16-90V-XL-Z367A 241w,https:\/\/a.allegroimg.com\/original\/11271c\/ff5edc5e42289ad73a021e559d50\/2x-Goodyear-UltraGrip-Peformance-215-45R16-90V-XL-Z367A 409w,https:\/\/a.allegroimg.com\/original\/11271c\/ff5edc5e42289ad73a021e559d50\/2x-Goodyear-UltraGrip-Peformance-215-45R16-90V-XL-Z367A 409w\" sizes=\"(min-width: 1200px) 560px, (min-width: 992px) 50vw, 100vw\" width=\"409px\" alt=\"2x Goodyear UltraGrip Peformance 215\/45R16 90V XL Z367A\" style=\"max-width: 100%; height: auto; display: block; margin: 0 auto;\"><\/div>\n<\/div>\n<\/div>\n<\/div>\n<\/div>\n<\/div>\n<div style=\"clear: both; display: block; margin: 10px 0;\">\n<div style=\"clear: both; display: block; margin: 10px 0;\">\n<div style=\"clear: both; display: block; margin: 10px 0;\">\n<div  style=\"max-width:2560px;max-height:682px\">\n<div style=\"clear: both; display: block; margin: 10px 0;\">\n<div style=\"clear: both; width: 100%; display: block; margin: 20px 0; padding: 0; float: none; position: static; text-align: center;\"><img decoding=\"async\"  src=\"https:\/\/a.allegroimg.com\/original\/11f19f\/b7fe0d794e4683e548f44d531ab0\/2x-Goodyear-UltraGrip-Peformance-215-45R16-90V-XL-Z367A-Profil-opony-45\" srcset=\"https:\/\/a.allegroimg.com\/original\/11f19f\/b7fe0d794e4683e548f44d531ab0\/2x-Goodyear-UltraGrip-Peformance-215-45R16-90V-XL-Z367A-Profil-opony-45 360w,https:\/\/a.allegroimg.com\/original\/11f19f\/b7fe0d794e4683e548f44d531ab0\/2x-Goodyear-UltraGrip-Peformance-215-45R16-90V-XL-Z367A-Profil-opony-45 720w,https:\/\/a.allegroimg.com\/original\/11f19f\/b7fe0d794e4683e548f44d531ab0\/2x-Goodyear-UltraGrip-Peformance-215-45R16-90V-XL-Z367A-Profil-opony-45 1024w,https:\/\/a.allegroimg.com\/original\/11f19f\/b7fe0d794e4683e548f44d531ab0\/2x-Goodyear-UltraGrip-Peformance-215-45R16-90V-XL-Z367A-Profil-opony-45 1440w,https:\/\/a.allegroimg.com\/original\/11f19f\/b7fe0d794e4683e548f44d531ab0\/2x-Goodyear-UltraGrip-Peformance-215-45R16-90V-XL-Z367A-Profil-opony-45 2560w\" sizes=\"100vw\" width=\"2560px\" alt=\"2x Goodyear UltraGrip Peformance 215\/45R16 90V XL Z367A Profil opony 45\" style=\"max-width: 100%; height: auto; display: block; margin: 0 auto;\"><\/div>\n<\/div>\n<\/div>\n<\/div>\n<\/div>\n<\/div>\n<div style=\"clear: both; display: block; margin: 10px 0;\">\n<div style=\"clear: both; display: block; margin: 10px 0;\">\n<div style=\"clear: both; display: block; margin: 10px 0;\">\n<h1>ULTRA GRIP PERFORMANCE +<\/h1>\n<h2>PRZEZNACZENIE<\/h2>\n<p style=\"margin: 15px 0; line-height: 1.8; clear: both; display: block; width: 100%; float: none; position: static;\">Opony <b>Goodyear Ultra Grip Performance +<\/b> to ogumienie zimowe przeznaczone do montowania na ko\u0142ach samochod\u00f3w osobowych. Producent opon <b>Ultra Grip Performance +<\/b> po\u0142o\u017cy\u0142 nacisk na zapewnienie jak najlepszych osi\u0105g\u00f3w i bezpiecze\u0144stwa na suchych i mokrych nawierzchniach podczas zimy.<\/p>\n<h2>TECHNOLOGIA<\/h2>\n<p style=\"margin: 15px 0; line-height: 1.8; clear: both; display: block; width: 100%; float: none; position: static;\">Zimowe opony samochodowe <b>Ultra Grip Performance +<\/b> wyprodukowano z nowoczesnej mieszanki gumowej Winter Grip Technology, kt\u00f3r\u0105 wzbogacono mi\u0119dzy innymi dodatkiem \u017cywic. Sk\u0142adniki mieszanki gumowej dobierano tak, aby opony zachowywa\u0142y odpowiedni\u0105 elastyczno\u015b\u0107 przy niskich temperaturach, na drogach suchych i mokrych. Elastyczno\u015b\u0107 bie\u017cnika przek\u0142ada si\u0119 na przyczepno\u015b\u0107 oraz kr\u00f3tk\u0105 drog\u0119 hamowania. Producent zastosowa\u0142 szereg nowoczesnych technologii, mi\u0119dzy innymi Traction Protect, kt\u00f3ra zwi\u0119ksza przyczepno\u015b\u0107 podczas hamowania. Nowoczesny bie\u017cnik opon dba o przyczepno\u015b\u0107, skuteczne usuwanie \u015bniegu, po\u015bniegowego b\u0142ota oraz wody sprzed czo\u0142a opony. Ma on r\u00f3wnie\u017c za zadanie wyciszenie opon podczas jazdy, aby zwi\u0119kszy\u0107 komfort.<\/p>\n<h2>BIE\u017bNIK<\/h2>\n<p style=\"margin: 15px 0; line-height: 1.8; clear: both; display: block; width: 100%; float: none; position: static;\">Opony samochodowe <b>Ultra Grip Performance +<\/b> maj\u0105 kierunkowy bie\u017cnik. Na czole opony znajduje si\u0119 szeroki pas, na kt\u00f3rym krzy\u017cuj\u0105 si\u0119 rowki poprowadzone z bok\u00f3w opony. Wyznaczaj\u0105 one r\u00f3wnocze\u015bnie kszta\u0142t klock\u00f3w. Opony maj\u0105 tak\u017ce dwa rowki wzd\u0142u\u017cne i szerokie klocki na barkach, zwi\u0119kszaj\u0105ce stabilno\u015b\u0107 podczas jazdy po zakr\u0119tach.<\/p>\n<h2>PRODUCENT<\/h2>\n<p style=\"margin: 15px 0; line-height: 1.8; clear: both; display: block; width: 100%; float: none; position: static;\">Goodyear to jeden z najwi\u0119kszych producent\u00f3w ogumienia samochodowego. Firma powsta\u0142a w 1898 roku. Obecnie ma ponad 50 fabryk na ca\u0142ym \u015bwiecie i zatrudnia prawie 70 tys. pracownik\u00f3w. W 1904 roku in\u017cynierowie Goodyear wprowadzili na rynek pierwsze zdejmowane opony. W 1985 roku firma dostarczy\u0142a pierwsze opony radialne. W 2012 roku in\u017cynierowie Goodyear uczestniczyli w opracowywaniu europejskiego systemu oznaczania opon. Goodyear produkuje opony samochodowe, ci\u0119\u017carowe i lotnicze. W wielu z nich zastosowano innowacyjne technologie.<\/p>\n<\/div>\n<\/div>\n<\/div>\n<div style=\"clear: both; display: block; margin: 10px 0;\">\n<div style=\"clear: both; display: block; margin: 10px 0;\">\n<div style=\"clear: both; display: block; margin: 10px 0;\">\n<div  style=\"max-width:1440px;max-height:810px\">\n<div style=\"clear: both; display: block; margin: 10px 0;\">\n<div style=\"clear: both; width: 100%; display: block; margin: 20px 0; padding: 0; float: none; position: static; text-align: center;\"><img decoding=\"async\"  src=\"https:\/\/a.allegroimg.com\/original\/111d6a\/44274b5a4f58b499d9f268176ba1\/2x-Goodyear-UltraGrip-Peformance-215-45R16-90V-XL-Z367A-Kod-producenta-5452000829870\" srcset=\"https:\/\/a.allegroimg.com\/original\/111d6a\/44274b5a4f58b499d9f268176ba1\/2x-Goodyear-UltraGrip-Peformance-215-45R16-90V-XL-Z367A-Kod-producenta-5452000829870 360w,https:\/\/a.allegroimg.com\/original\/111d6a\/44274b5a4f58b499d9f268176ba1\/2x-Goodyear-UltraGrip-Peformance-215-45R16-90V-XL-Z367A-Kod-producenta-5452000829870 720w,https:\/\/a.allegroimg.com\/original\/111d6a\/44274b5a4f58b499d9f268176ba1\/2x-Goodyear-UltraGrip-Peformance-215-45R16-90V-XL-Z367A-Kod-producenta-5452000829870 1024w,https:\/\/a.allegroimg.com\/original\/111d6a\/44274b5a4f58b499d9f268176ba1\/2x-Goodyear-UltraGrip-Peformance-215-45R16-90V-XL-Z367A-Kod-producenta-5452000829870 1440w,https:\/\/a.allegroimg.com\/original\/111d6a\/44274b5a4f58b499d9f268176ba1\/2x-Goodyear-UltraGrip-Peformance-215-45R16-90V-XL-Z367A-Kod-producenta-5452000829870 1440w\" sizes=\"100vw\" width=\"1440px\" alt=\"2x Goodyear UltraGrip Peformance 215\/45R16 90V XL Z367A Kod producenta 5452000829870\" style=\"max-width: 100%; height: auto; display: block; margin: 0 auto;\"><\/div>\n<\/div>\n<\/div>\n<\/div>\n<\/div>\n<\/div>\n<div style=\"clear: both; display: block; margin: 10px 0;\">\n<div style=\"clear: both; display: block; margin: 10px 0;\">\n<div style=\"clear: both; display: block; margin: 10px 0;\">\n<div  style=\"max-width:911px;max-height:1360px\">\n<div style=\"clear: both; display: block; margin: 10px 0;\">\n<div style=\"clear: both; width: 100%; display: block; margin: 20px 0; padding: 0; float: none; position: static; text-align: center;\"><img decoding=\"async\"  src=\"https:\/\/a.allegroimg.com\/original\/11dde4\/bd0603534f978d4189591fe4db71\/2x-Goodyear-UltraGrip-Peformance-215-45R16-90V-XL-Z367A-Liczba-opon-w-ofercie-2-szt\" srcset=\"https:\/\/a.allegroimg.com\/original\/11dde4\/bd0603534f978d4189591fe4db71\/2x-Goodyear-UltraGrip-Peformance-215-45R16-90V-XL-Z367A-Liczba-opon-w-ofercie-2-szt 241w,https:\/\/a.allegroimg.com\/original\/11dde4\/bd0603534f978d4189591fe4db71\/2x-Goodyear-UltraGrip-Peformance-215-45R16-90V-XL-Z367A-Liczba-opon-w-ofercie-2-szt 482w,https:\/\/a.allegroimg.com\/original\/11dde4\/bd0603534f978d4189591fe4db71\/2x-Goodyear-UltraGrip-Peformance-215-45R16-90V-XL-Z367A-Liczba-opon-w-ofercie-2-szt 685w,https:\/\/a.allegroimg.com\/original\/11dde4\/bd0603534f978d4189591fe4db71\/2x-Goodyear-UltraGrip-Peformance-215-45R16-90V-XL-Z367A-Liczba-opon-w-ofercie-2-szt 911w,https:\/\/a.allegroimg.com\/original\/11dde4\/bd0603534f978d4189591fe4db71\/2x-Goodyear-UltraGrip-Peformance-215-45R16-90V-XL-Z367A-Liczba-opon-w-ofercie-2-szt 911w\" sizes=\"(min-width: 1200px) 560px, (min-width: 992px) 50vw, 100vw\" width=\"911px\" alt=\"2x Goodyear UltraGrip Peformance 215\/45R16 90V XL Z367A Liczba opon w ofercie 2 szt.\" style=\"max-width: 100%; height: auto; display: block; margin: 0 auto;\"><\/div>\n<\/div>\n<\/div>\n<\/div>\n<\/div>\n<div style=\"clear: both; display: block; margin: 10px 0;\">\n<div style=\"clear: both; display: block; margin: 10px 0;\">\n<div  style=\"max-width:783px;max-height:1360px\">\n<div style=\"clear: both; display: block; margin: 10px 0;\">\n<div style=\"clear: both; width: 100%; display: block; margin: 20px 0; padding: 0; float: none; position: static; text-align: center;\"><img decoding=\"async\"  src=\"https:\/\/a.allegroimg.com\/original\/11e70e\/4a7cb6a247078eb822e5fbba8644\/2x-Goodyear-UltraGrip-Peformance-215-45R16-90V-XL-Z367A-Rok-produkcji-2019\" srcset=\"https:\/\/a.allegroimg.com\/original\/11e70e\/4a7cb6a247078eb822e5fbba8644\/2x-Goodyear-UltraGrip-Peformance-215-45R16-90V-XL-Z367A-Rok-produkcji-2019 207w,https:\/\/a.allegroimg.com\/original\/11e70e\/4a7cb6a247078eb822e5fbba8644\/2x-Goodyear-UltraGrip-Peformance-215-45R16-90V-XL-Z367A-Rok-produkcji-2019 414w,https:\/\/a.allegroimg.com\/original\/11e70e\/4a7cb6a247078eb822e5fbba8644\/2x-Goodyear-UltraGrip-Peformance-215-45R16-90V-XL-Z367A-Rok-produkcji-2019 589w,https:\/\/a.allegroimg.com\/original\/11e70e\/4a7cb6a247078eb822e5fbba8644\/2x-Goodyear-UltraGrip-Peformance-215-45R16-90V-XL-Z367A-Rok-produkcji-2019 783w,https:\/\/a.allegroimg.com\/original\/11e70e\/4a7cb6a247078eb822e5fbba8644\/2x-Goodyear-UltraGrip-Peformance-215-45R16-90V-XL-Z367A-Rok-produkcji-2019 783w\" sizes=\"(min-width: 1200px) 560px, (min-width: 992px) 50vw, 100vw\" width=\"783px\" alt=\"2x Goodyear UltraGrip Peformance 215\/45R16 90V XL Z367A Rok produkcji 2019\" style=\"max-width: 100%; height: auto; display: block; margin: 0 auto;\"><\/div>\n<\/div>\n<\/div>\n<\/div>\n<\/div>\n<\/div>\n<div style=\"clear: both; display: block; margin: 10px 0;\">\n<div style=\"clear: both; display: block; margin: 10px 0;\">\n<div style=\"clear: both; display: block; margin: 10px 0;\">\n<div  style=\"max-width:1440px;max-height:555px\">\n<div style=\"clear: both; display: block; margin: 10px 0;\">\n<div style=\"clear: both; width: 100%; display: block; margin: 20px 0; padding: 0; float: none; position: static; text-align: center;\"><img decoding=\"async\"  src=\"https:\/\/a.allegroimg.com\/original\/11fb60\/b6f488a24c2c8bab354e662a5909\/2x-Goodyear-UltraGrip-Peformance-215-45R16-90V-XL-Z367A-Marka-Goodyear\" srcset=\"https:\/\/a.allegroimg.com\/original\/11fb60\/b6f488a24c2c8bab354e662a5909\/2x-Goodyear-UltraGrip-Peformance-215-45R16-90V-XL-Z367A-Marka-Goodyear 360w,https:\/\/a.allegroimg.com\/original\/11fb60\/b6f488a24c2c8bab354e662a5909\/2x-Goodyear-UltraGrip-Peformance-215-45R16-90V-XL-Z367A-Marka-Goodyear 720w,https:\/\/a.allegroimg.com\/original\/11fb60\/b6f488a24c2c8bab354e662a5909\/2x-Goodyear-UltraGrip-Peformance-215-45R16-90V-XL-Z367A-Marka-Goodyear 1024w,https:\/\/a.allegroimg.com\/original\/11fb60\/b6f488a24c2c8bab354e662a5909\/2x-Goodyear-UltraGrip-Peformance-215-45R16-90V-XL-Z367A-Marka-Goodyear 1440w,https:\/\/a.allegroimg.com\/original\/11fb60\/b6f488a24c2c8bab354e662a5909\/2x-Goodyear-UltraGrip-Peformance-215-45R16-90V-XL-Z367A-Marka-Goodyear 1440w\" sizes=\"100vw\" width=\"1440px\" alt=\"2x Goodyear UltraGrip Peformance 215\/45R16 90V XL Z367A Marka Goodyear\" style=\"max-width: 100%; height: auto; display: block; margin: 0 auto;\"><\/div>\n<\/div>\n<\/div>\n<\/div>\n<\/div>\n<\/div>\n<div style=\"clear: both; display: block; margin: 10px 0;\">\n<div style=\"clear: both; display: block; margin: 10px 0;\">\n<div style=\"clear: both; display: block; margin: 10px 0;\">\n<div  style=\"max-width:1440px;max-height:938px\">\n<div style=\"clear: both; display: block; margin: 10px 0;\">\n<div style=\"clear: both; width: 100%; display: block; margin: 20px 0; padding: 0; float: none; position: static; text-align: center;\"><img decoding=\"async\"  src=\"https:\/\/a.allegroimg.com\/original\/11e55b\/774b2e53440d8823311bcb250c8e\/2x-Goodyear-UltraGrip-Peformance-215-45R16-90V-XL-Z367A-Klasa-premium\" srcset=\"https:\/\/a.allegroimg.com\/original\/11e55b\/774b2e53440d8823311bcb250c8e\/2x-Goodyear-UltraGrip-Peformance-215-45R16-90V-XL-Z367A-Klasa-premium 360w,https:\/\/a.allegroimg.com\/original\/11e55b\/774b2e53440d8823311bcb250c8e\/2x-Goodyear-UltraGrip-Peformance-215-45R16-90V-XL-Z367A-Klasa-premium 720w,https:\/\/a.allegroimg.com\/original\/11e55b\/774b2e53440d8823311bcb250c8e\/2x-Goodyear-UltraGrip-Peformance-215-45R16-90V-XL-Z367A-Klasa-premium 1024w,https:\/\/a.allegroimg.com\/original\/11e55b\/774b2e53440d8823311bcb250c8e\/2x-Goodyear-UltraGrip-Peformance-215-45R16-90V-XL-Z367A-Klasa-premium 1440w,https:\/\/a.allegroimg.com\/original\/11e55b\/774b2e53440d8823311bcb250c8e\/2x-Goodyear-UltraGrip-Peformance-215-45R16-90V-XL-Z367A-Klasa-premium 1440w\" sizes=\"(min-width: 1200px) 560px, (min-width: 992px) 50vw, 100vw\" width=\"1440px\" alt=\"2x Goodyear UltraGrip Peformance 215\/45R16 90V XL Z367A Klasa premium\" style=\"max-width: 100%; height: auto; display: block; margin: 0 auto;\"><\/div>\n<\/div>\n<\/div>\n<\/div>\n<\/div>\n<div style=\"clear: both; display: block; margin: 10px 0;\">\n<div style=\"clear: both; display: block; margin: 10px 0;\">\n<div  style=\"max-width:1440px;max-height:1020px\">\n<div style=\"clear: both; display: block; margin: 10px 0;\">\n<div style=\"clear: both; width: 100%; display: block; margin: 20px 0; padding: 0; float: none; position: static; text-align: center;\"><img decoding=\"async\"  src=\"https:\/\/a.allegroimg.com\/original\/11c476\/d64d630c474ab44177ba2172c585\/2x-Goodyear-UltraGrip-Peformance-215-45R16-90V-XL-Z367A-Szerokosc-opony-215-mm\" srcset=\"https:\/\/a.allegroimg.com\/original\/11c476\/d64d630c474ab44177ba2172c585\/2x-Goodyear-UltraGrip-Peformance-215-45R16-90V-XL-Z367A-Szerokosc-opony-215-mm 360w,https:\/\/a.allegroimg.com\/original\/11c476\/d64d630c474ab44177ba2172c585\/2x-Goodyear-UltraGrip-Peformance-215-45R16-90V-XL-Z367A-Szerokosc-opony-215-mm 720w,https:\/\/a.allegroimg.com\/original\/11c476\/d64d630c474ab44177ba2172c585\/2x-Goodyear-UltraGrip-Peformance-215-45R16-90V-XL-Z367A-Szerokosc-opony-215-mm 1024w,https:\/\/a.allegroimg.com\/original\/11c476\/d64d630c474ab44177ba2172c585\/2x-Goodyear-UltraGrip-Peformance-215-45R16-90V-XL-Z367A-Szerokosc-opony-215-mm 1440w,https:\/\/a.allegroimg.com\/original\/11c476\/d64d630c474ab44177ba2172c585\/2x-Goodyear-UltraGrip-Peformance-215-45R16-90V-XL-Z367A-Szerokosc-opony-215-mm 1440w\" sizes=\"(min-width: 1200px) 560px, (min-width: 992px) 50vw, 100vw\" width=\"1440px\" alt=\"2x Goodyear UltraGrip Peformance 215\/45R16 90V XL Z367A Szeroko\u015b\u0107 opony 215 mm\" style=\"max-width: 100%; height: auto; display: block; margin: 0 auto;\"><\/div>\n<\/div>\n<\/div>\n<\/div>\n<\/div>\n<\/div>\n<div style=\"clear: both; display: block; margin: 10px 0;\">\n<div style=\"clear: both; display: block; margin: 10px 0;\">\n<div style=\"clear: both; display: block; margin: 10px 0;\">\n<div  style=\"max-width:1440px;max-height:795px\">\n<div style=\"clear: both; display: block; margin: 10px 0;\">\n<div style=\"clear: both; width: 100%; display: block; margin: 20px 0; padding: 0; float: none; position: static; text-align: center;\"><img decoding=\"async\"  src=\"https:\/\/a.allegroimg.com\/original\/115c32\/7bc1b5fd41e1bc220b82cec8801f\/2x-Goodyear-UltraGrip-Peformance-215-45R16-90V-XL-Z367A-Model-Ultra-Grip-Performance\" srcset=\"https:\/\/a.allegroimg.com\/original\/115c32\/7bc1b5fd41e1bc220b82cec8801f\/2x-Goodyear-UltraGrip-Peformance-215-45R16-90V-XL-Z367A-Model-Ultra-Grip-Performance 360w,https:\/\/a.allegroimg.com\/original\/115c32\/7bc1b5fd41e1bc220b82cec8801f\/2x-Goodyear-UltraGrip-Peformance-215-45R16-90V-XL-Z367A-Model-Ultra-Grip-Performance 720w,https:\/\/a.allegroimg.com\/original\/115c32\/7bc1b5fd41e1bc220b82cec8801f\/2x-Goodyear-UltraGrip-Peformance-215-45R16-90V-XL-Z367A-Model-Ultra-Grip-Performance 1024w,https:\/\/a.allegroimg.com\/original\/115c32\/7bc1b5fd41e1bc220b82cec8801f\/2x-Goodyear-UltraGrip-Peformance-215-45R16-90V-XL-Z367A-Model-Ultra-Grip-Performance 1440w,https:\/\/a.allegroimg.com\/original\/115c32\/7bc1b5fd41e1bc220b82cec8801f\/2x-Goodyear-UltraGrip-Peformance-215-45R16-90V-XL-Z367A-Model-Ultra-Grip-Performance 1440w\" sizes=\"100vw\" width=\"1440px\" alt=\"2x Goodyear UltraGrip Peformance 215\/45R16 90V XL Z367A Model Ultra Grip Performance +\" style=\"max-width: 100%; height: auto; display: block; margin: 0 auto;\"><\/div>\n<\/div>\n<\/div>\n<\/div>\n<\/div>\n<\/div>\n<\/div>\n<\/div>\n<\/div>\n<div style=\"clear: both; display: block; margin: 10px 0;\">\n","protected":false},"excerpt":{"rendered":"<p>Goodyear UltraGrip Performance +<\/p>\n<p>SZEROKO\u015a\u0106 OPONY &#8211; 215<\/p>\n<p>WYSOKO\u015a\u0106 OPONY &#8211; 45<\/p>\n<p>\u015aREDNICA &#8211; 16<\/p>\n<p>ROCZNIK &#8211; 2019<\/p>\n<p>MAGAZYN &#8211; Z367A<\/p>\n<p>ULTRA GRIP PERFORMANCE +<\/p>\n<p>PRZEZNACZENIE<\/p>\n","protected":false},"featured_media":16198,"template":"","meta":{"_uag_custom_page_level_css":""},"product_brand":[437],"product_cat":[414,413,412,415],"product_tag":[],"class_list":{"0":"post-16197","1":"product","2":"type-product","3":"status-publish","4":"has-post-thumbnail","6":"product_brand-goodyear","7":"product_cat-do-samochodow-osobowych-i-suv","8":"product_cat-opony","9":"product_cat-opony-i-felgi","10":"product_cat-zimowe","12":"first","13":"instock","14":"shipping-taxable","15":"purchasable","16":"product-type-simple"},"uagb_featured_image_src":{"full":["https:\/\/oponixo.shop\/tire\/wp-content\/uploads\/2026\/01\/allegro-image-16197.jpg",409,610,false],"thumbnail":["https:\/\/oponixo.shop\/tire\/wp-content\/uploads\/2026\/01\/allegro-image-16197-150x150.jpg",150,150,true],"medium":["https:\/\/oponixo.shop\/tire\/wp-content\/uploads\/2026\/01\/allegro-image-16197-201x300.jpg",201,300,true],"medium_large":["https:\/\/oponixo.shop\/tire\/wp-content\/uploads\/2026\/01\/allegro-image-16197.jpg",409,610,false],"large":["https:\/\/oponixo.shop\/tire\/wp-content\/uploads\/2026\/01\/allegro-image-16197.jpg",409,610,false],"1536x1536":["https:\/\/oponixo.shop\/tire\/wp-content\/uploads\/2026\/01\/allegro-image-16197.jpg",409,610,false],"2048x2048":["https:\/\/oponixo.shop\/tire\/wp-content\/uploads\/2026\/01\/allegro-image-16197.jpg",409,610,false],"woocommerce_thumbnail":["https:\/\/oponixo.shop\/tire\/wp-content\/uploads\/2026\/01\/allegro-image-16197-300x300.jpg",300,300,true],"woocommerce_single":["https:\/\/oponixo.shop\/tire\/wp-content\/uploads\/2026\/01\/allegro-image-16197.jpg",409,610,false],"woocommerce_gallery_thumbnail":["https:\/\/oponixo.shop\/tire\/wp-content\/uploads\/2026\/01\/allegro-image-16197-100x100.jpg",100,100,true]},"uagb_author_info":{"display_name":"admin","author_link":"https:\/\/oponixo.shop\/tire\/author\/"},"uagb_comment_info":0,"uagb_excerpt":"Goodyear UltraGrip Performance + SZEROKO\u015a\u0106 OPONY - 215 WYSOKO\u015a\u0106 OPONY - 45 \u015aREDNICA - 16 ROCZNIK - 2019 MAGAZYN - Z367A ULTRA GRIP PERFORMANCE + PRZEZNACZENIE","_links":{"self":[{"href":"https:\/\/oponixo.shop\/tire\/wp-json\/wp\/v2\/product\/16197","targetHints":{"allow":["GET"]}}],"collection":[{"href":"https:\/\/oponixo.shop\/tire\/wp-json\/wp\/v2\/product"}],"about":[{"href":"https:\/\/oponixo.shop\/tire\/wp-json\/wp\/v2\/types\/product"}],"wp:featuredmedia":[{"embeddable":true,"href":"https:\/\/oponixo.shop\/tire\/wp-json\/wp\/v2\/media\/16198"}],"wp:attachment":[{"href":"https:\/\/oponixo.shop\/tire\/wp-json\/wp\/v2\/media?parent=16197"}],"wp:term":[{"taxonomy":"product_brand","embeddable":true,"href":"https:\/\/oponixo.shop\/tire\/wp-json\/wp\/v2\/product_brand?post=16197"},{"taxonomy":"product_cat","embeddable":true,"href":"https:\/\/oponixo.shop\/tire\/wp-json\/wp\/v2\/product_cat?post=16197"},{"taxonomy":"product_tag","embeddable":true,"href":"https:\/\/oponixo.shop\/tire\/wp-json\/wp\/v2\/product_tag?post=16197"}],"curies":[{"name":"wp","href":"https:\/\/api.w.org\/{rel}","templated":true}]}}