{"id":16201,"date":"2026-01-17T02:52:52","date_gmt":"2026-01-17T01:52:52","guid":{"rendered":"https:\/\/oponyonline.shop\/xef5\/produkt\/2x-tracmax-x-priviloat01-265-70r15-112h\/"},"modified":"2026-01-17T02:52:53","modified_gmt":"2026-01-17T01:52:53","slug":"2x-tracmax-x-priviloat01-265-70r15-112h","status":"publish","type":"product","link":"https:\/\/oponixo.shop\/tire\/produkt\/2x-tracmax-x-priviloat01-265-70r15-112h\/","title":{"rendered":"2x Tracmax X-priviloAT01 265\/70R15 112H"},"content":{"rendered":"<div style=\"font-family: Arial, sans-serif; line-height: 1.6; color: #333; padding: 20px; clear: both; display: block; width: 100%; float: none; position: static; overflow: hidden;\">\n<div style=\"clear: both; display: block; margin: 10px 0;\">\n<div style=\"clear: both; display: block; margin: 10px 0;\">\n<div style=\"clear: both; display: block; margin: 10px 0;\">\n<h1>2x nowe opony letnie TRACMAX X-PRIVILOAT01 265\/70R15 112H<\/h1>\n<p style=\"margin: 15px 0; line-height: 1.8; clear: both; display: block; width: 100%; float: none; position: static;\">Cechy produktu<\/p>\n<ul style=\"margin: 15px 0; padding-left: 20px; clear: both; display: block; width: 100%; float: none; position: static;\">\n<li style=\"margin: 5px 0; padding: 2px 0; clear: both; display: list-item; float: none; position: static;\">Marka: Tracmax<\/li>\n<li style=\"margin: 5px 0; padding: 2px 0; clear: both; display: list-item; float: none; position: static;\">Model: X-priviloAT01<\/li>\n<li style=\"margin: 5px 0; padding: 2px 0; clear: both; display: list-item; float: none; position: static;\">Szeroko\u015b\u0107\/profil\/\u015brednica: 265\/70R15<\/li>\n<li style=\"margin: 5px 0; padding: 2px 0; clear: both; display: list-item; float: none; position: static;\">Indeks no\u015bno\u015bci: do 112 (1120 kg na opon\u0119)<\/li>\n<li style=\"margin: 5px 0; padding: 2px 0; clear: both; display: list-item; float: none; position: static;\">Indeks pr\u0119dko\u015bci: H (do 210 km\/h)<\/li>\n<li style=\"margin: 5px 0; padding: 2px 0; clear: both; display: list-item; float: none; position: static;\">Sezon: letnie<\/li>\n<li style=\"margin: 5px 0; padding: 2px 0; clear: both; display: list-item; float: none; position: static;\">Typ pojazdu: 4&#215;4<\/li>\n<li style=\"margin: 5px 0; padding: 2px 0; clear: both; display: list-item; float: none; position: static;\">Klasa energetyczna: C<\/li>\n<li style=\"margin: 5px 0; padding: 2px 0; clear: both; display: list-item; float: none; position: static;\">Klasa przyczepno\u015bci: C<\/li>\n<li style=\"margin: 5px 0; padding: 2px 0; clear: both; display: list-item; float: none; position: static;\">Poziom ha\u0142asu: 71<\/li>\n<li style=\"margin: 5px 0; padding: 2px 0; clear: both; display: list-item; float: none; position: static;\">Klasa ha\u0142asu: B<\/li>\n<li style=\"margin: 5px 0; padding: 2px 0; clear: both; display: list-item; float: none; position: static;\">Rok produkcji: 2025<\/li>\n<\/ul>\n<\/div>\n<\/div>\n<div style=\"clear: both; display: block; margin: 10px 0;\">\n<div style=\"clear: both; display: block; margin: 10px 0;\">\n<div  style=\"max-width:519px;max-height:800px\">\n<div style=\"clear: both; display: block; margin: 10px 0;\">\n<div style=\"clear: both; width: 100%; display: block; margin: 20px 0; padding: 0; float: none; position: static; text-align: center;\"><img decoding=\"async\"  src=\"https:\/\/a.allegroimg.com\/original\/1166dd\/db87a1354fcc84455dd02160f790\/2x-Tracmax-X-priviloAT01-265-70R15-112H\" srcset=\"https:\/\/a.allegroimg.com\/original\/1166dd\/db87a1354fcc84455dd02160f790\/2x-Tracmax-X-priviloAT01-265-70R15-112H 233w,https:\/\/a.allegroimg.com\/original\/1166dd\/db87a1354fcc84455dd02160f790\/2x-Tracmax-X-priviloAT01-265-70R15-112H 467w,https:\/\/a.allegroimg.com\/original\/1166dd\/db87a1354fcc84455dd02160f790\/2x-Tracmax-X-priviloAT01-265-70R15-112H 519w,https:\/\/a.allegroimg.com\/original\/1166dd\/db87a1354fcc84455dd02160f790\/2x-Tracmax-X-priviloAT01-265-70R15-112H 519w\" sizes=\"(min-width: 1200px) 560px, (min-width: 992px) 50vw, 100vw\" width=\"519px\" alt=\"2x Tracmax X-priviloAT01 265\/70R15 112H\" style=\"max-width: 100%; height: auto; display: block; margin: 0 auto;\"><\/div>\n<\/div>\n<\/div>\n<\/div>\n<\/div>\n<\/div>\n<div style=\"clear: both; display: block; margin: 10px 0;\">\n<div style=\"clear: both; display: block; margin: 10px 0;\">\n<div style=\"clear: both; display: block; margin: 10px 0;\">\n<div  style=\"max-width:212px;max-height:305px\">\n<div style=\"clear: both; display: block; margin: 10px 0;\">\n<div style=\"clear: both; width: 100%; display: block; margin: 20px 0; padding: 0; float: none; position: static; text-align: center;\"><img decoding=\"async\"  src=\"https:\/\/a.allegroimg.com\/original\/118bea\/3744001d492986ac2a503f120451\/2x-Tracmax-X-priviloAT01-265-70R15-112H-Liczba-opon-w-ofercie-2-szt\" srcset=\"https:\/\/a.allegroimg.com\/original\/118bea\/3744001d492986ac2a503f120451\/2x-Tracmax-X-priviloAT01-265-70R15-112H-Liczba-opon-w-ofercie-2-szt 212w,https:\/\/a.allegroimg.com\/original\/118bea\/3744001d492986ac2a503f120451\/2x-Tracmax-X-priviloAT01-265-70R15-112H-Liczba-opon-w-ofercie-2-szt 212w\" sizes=\"(min-width: 1200px) 560px, (min-width: 992px) 50vw, 100vw\" width=\"212px\" alt=\"2x Tracmax X-priviloAT01 265\/70R15 112H Liczba opon w ofercie 2 szt.\" style=\"max-width: 100%; height: auto; display: block; margin: 0 auto;\"><\/div>\n<\/div>\n<\/div>\n<\/div>\n<\/div>\n<div style=\"clear: both; display: block; margin: 10px 0;\">\n<div style=\"clear: both; display: block; margin: 10px 0;\">\n<div  style=\"max-width:382px;max-height:86px\">\n<div style=\"clear: both; display: block; margin: 10px 0;\">\n<div style=\"clear: both; width: 100%; display: block; margin: 20px 0; padding: 0; float: none; position: static; text-align: center;\"><img decoding=\"async\"  src=\"https:\/\/a.allegroimg.com\/original\/117189\/7ea0769f4895b8529aca52773c4f\/2x-Tracmax-X-priviloAT01-265-70R15-112H-Rok-produkcji-2025\" srcset=\"https:\/\/a.allegroimg.com\/original\/117189\/7ea0769f4895b8529aca52773c4f\/2x-Tracmax-X-priviloAT01-265-70R15-112H-Rok-produkcji-2025 360w,https:\/\/a.allegroimg.com\/original\/117189\/7ea0769f4895b8529aca52773c4f\/2x-Tracmax-X-priviloAT01-265-70R15-112H-Rok-produkcji-2025 382w,https:\/\/a.allegroimg.com\/original\/117189\/7ea0769f4895b8529aca52773c4f\/2x-Tracmax-X-priviloAT01-265-70R15-112H-Rok-produkcji-2025 382w\" sizes=\"(min-width: 1200px) 560px, (min-width: 992px) 50vw, 100vw\" width=\"382px\" alt=\"2x Tracmax X-priviloAT01 265\/70R15 112H Rok produkcji 2025\" style=\"max-width: 100%; height: auto; display: block; margin: 0 auto;\"><\/div>\n<\/div>\n<\/div>\n<\/div>\n<\/div>\n<\/div>\n<div style=\"clear: both; display: block; margin: 10px 0;\">\n<div style=\"clear: both; display: block; margin: 10px 0;\">\n<div style=\"clear: both; display: block; margin: 10px 0;\">\n<p style=\"margin: 15px 0; line-height: 1.8; clear: both; display: block; width: 100%; float: none; position: static;\">Tracmax to marka opon klasy ekonomicznej pochodz\u0105ca z Azji, ciesz\u0105ca   si\u0119 uznaniem w kilkudziesi\u0119ciu   krajach na ca\u0142ym \u015bwiecie. Do niew\u0105tpliwych atut\u00f3w opony nale\u017c\u0105 z   pewno\u015bci\u0105 niezawodno\u015b\u0107 i bardzo atrakcyjna cena. Opony Tracmax   produkowane s\u0105 w Azji, jednak ich bardzo zadowalaj\u0105ca jako\u015b\u0107 wp\u0142yn\u0119\u0142a na   ekspansj\u0119 marki na ca\u0142y \u015bwiat<\/p>\n<\/div>\n<\/div>\n<\/div>\n<\/div>\n<\/div>\n<\/div>\n<div style=\"clear: both; display: block; margin: 10px 0;\">\n","protected":false},"excerpt":{"rendered":"<p>2x nowe opony letnie TRACMAX X-PRIVILOAT01 265\/70R15 112H<\/p>\n<p>Cechy produktu<\/p>\n<p>Marka: Tracmax<\/p>\n<p>Model: X-priviloAT01<\/p>\n<p>Szeroko\u015b\u0107\/profil\/\u015brednica: 265\/70R15<\/p>\n<p>Indeks no\u015bno\u015bci: do 112 (1120 kg na opon\u0119)<\/p>\n<p>Indeks pr\u0119dko\u015bci: H (do 210 km\/h)<\/p>\n<p>Sezon: letnie<\/p>\n","protected":false},"featured_media":16202,"template":"","meta":{"_uag_custom_page_level_css":""},"product_brand":[393],"product_cat":[428,418,413,412],"product_tag":[],"class_list":{"0":"post-16201","1":"product","2":"type-product","3":"status-publish","4":"has-post-thumbnail","6":"product_brand-tracmax","7":"product_cat-do-samochodow-terenowych-i-4x4","8":"product_cat-letnie","9":"product_cat-opony","10":"product_cat-opony-i-felgi","12":"first","13":"instock","14":"shipping-taxable","15":"purchasable","16":"product-type-simple"},"uagb_featured_image_src":{"full":["https:\/\/oponixo.shop\/tire\/wp-content\/uploads\/2026\/01\/allegro-image-16201.jpg",519,800,false],"thumbnail":["https:\/\/oponixo.shop\/tire\/wp-content\/uploads\/2026\/01\/allegro-image-16201-150x150.jpg",150,150,true],"medium":["https:\/\/oponixo.shop\/tire\/wp-content\/uploads\/2026\/01\/allegro-image-16201-195x300.jpg",195,300,true],"medium_large":["https:\/\/oponixo.shop\/tire\/wp-content\/uploads\/2026\/01\/allegro-image-16201.jpg",519,800,false],"large":["https:\/\/oponixo.shop\/tire\/wp-content\/uploads\/2026\/01\/allegro-image-16201.jpg",519,800,false],"1536x1536":["https:\/\/oponixo.shop\/tire\/wp-content\/uploads\/2026\/01\/allegro-image-16201.jpg",519,800,false],"2048x2048":["https:\/\/oponixo.shop\/tire\/wp-content\/uploads\/2026\/01\/allegro-image-16201.jpg",519,800,false],"woocommerce_thumbnail":["https:\/\/oponixo.shop\/tire\/wp-content\/uploads\/2026\/01\/allegro-image-16201-300x300.jpg",300,300,true],"woocommerce_single":["https:\/\/oponixo.shop\/tire\/wp-content\/uploads\/2026\/01\/allegro-image-16201.jpg",519,800,false],"woocommerce_gallery_thumbnail":["https:\/\/oponixo.shop\/tire\/wp-content\/uploads\/2026\/01\/allegro-image-16201-100x100.jpg",100,100,true]},"uagb_author_info":{"display_name":"admin","author_link":"https:\/\/oponixo.shop\/tire\/author\/"},"uagb_comment_info":0,"uagb_excerpt":"2x nowe opony letnie TRACMAX X-PRIVILOAT01 265\/70R15 112H Cechy produktu Marka: Tracmax Model: X-priviloAT01 Szeroko\u015b\u0107\/profil\/\u015brednica: 265\/70R15 Indeks no\u015bno\u015bci: do 112 (1120 kg na opon\u0119) Indeks pr\u0119dko\u015bci: H (do 210 km\/h) Sezon: letnie","_links":{"self":[{"href":"https:\/\/oponixo.shop\/tire\/wp-json\/wp\/v2\/product\/16201","targetHints":{"allow":["GET"]}}],"collection":[{"href":"https:\/\/oponixo.shop\/tire\/wp-json\/wp\/v2\/product"}],"about":[{"href":"https:\/\/oponixo.shop\/tire\/wp-json\/wp\/v2\/types\/product"}],"wp:featuredmedia":[{"embeddable":true,"href":"https:\/\/oponixo.shop\/tire\/wp-json\/wp\/v2\/media\/16202"}],"wp:attachment":[{"href":"https:\/\/oponixo.shop\/tire\/wp-json\/wp\/v2\/media?parent=16201"}],"wp:term":[{"taxonomy":"product_brand","embeddable":true,"href":"https:\/\/oponixo.shop\/tire\/wp-json\/wp\/v2\/product_brand?post=16201"},{"taxonomy":"product_cat","embeddable":true,"href":"https:\/\/oponixo.shop\/tire\/wp-json\/wp\/v2\/product_cat?post=16201"},{"taxonomy":"product_tag","embeddable":true,"href":"https:\/\/oponixo.shop\/tire\/wp-json\/wp\/v2\/product_tag?post=16201"}],"curies":[{"name":"wp","href":"https:\/\/api.w.org\/{rel}","templated":true}]}}