{"id":16284,"date":"2026-01-17T13:37:13","date_gmt":"2026-01-17T12:37:13","guid":{"rendered":"https:\/\/oponyonline.shop\/xef5\/produkt\/opona-letnia-osobowa-michelin-295-35r20-lomi-105y-ps22\/"},"modified":"2026-01-17T13:37:14","modified_gmt":"2026-01-17T12:37:14","slug":"opona-letnia-osobowa-michelin-295-35r20-lomi-105y-ps22","status":"publish","type":"product","link":"https:\/\/oponixo.shop\/tire\/produkt\/opona-letnia-osobowa-michelin-295-35r20-lomi-105y-ps22\/","title":{"rendered":"Opona letnia osobowa MICHELIN 295\/35R20 LOMI 105Y PS#22"},"content":{"rendered":"<div style=\"font-family: Arial, sans-serif; line-height: 1.6; color: #333; padding: 20px; clear: both; display: block; width: 100%; float: none; position: static; overflow: hidden;\">\n<div style=\"clear: both; display: block; margin: 10px 0;\">\n<div style=\"clear: both; display: block; margin: 10px 0;\">\n<div style=\"clear: both; display: block; margin: 10px 0;\">\n<h2>Opona letnia osobowa MICHELIN 295\/35R20 LOMI 105Y PS#22<\/h2>\n<\/div>\n<\/div>\n<\/div>\n<div style=\"clear: both; display: block; margin: 10px 0;\">\n<div style=\"clear: both; display: block; margin: 10px 0;\">\n<div style=\"clear: both; display: block; margin: 10px 0;\">\n<p style=\"margin: 15px 0; line-height: 1.8; clear: both; display: block; width: 100%; float: none; position: static;\">Przedmiotem oferty jest:&nbsp;<b>Opona letnia osobowa MICHELIN 295\/35R20 LOMI 105Y PS#22<\/b><\/p>\n<p style=\"margin: 15px 0; line-height: 1.8; clear: both; display: block; width: 100%; float: none; position: static;\">Oferta dotyczy: <b>1 sztuki<\/b><\/p>\n<p style=\"margin: 15px 0; line-height: 1.8; clear: both; display: block; width: 100%; float: none; position: static;\">Producent:&nbsp;<b>MICHELIN<\/b><\/p>\n<p style=\"margin: 15px 0; line-height: 1.8; clear: both; display: block; width: 100%; float: none; position: static;\">Numer katalogowy: <b>295\/35R20 LOMI 105Y PS#22<\/b><\/p>\n<p style=\"margin: 15px 0; line-height: 1.8; clear: both; display: block; width: 100%; float: none; position: static;\">Stan:&nbsp;<b>Nowy<\/b><\/p>\n<\/div>\n<\/div>\n<\/div>\n<div style=\"clear: both; display: block; margin: 10px 0;\">\n<div style=\"clear: both; display: block; margin: 10px 0;\">\n<div style=\"clear: both; display: block; margin: 10px 0;\">\n<h2>Specyfikacja produktu znajduje si\u0119 powy\u017cej w zak\u0142adce &#8222;Specyfikacja techniczna produktu&#8221;<\/h2>\n<\/div>\n<\/div>\n<\/div>\n<\/div>\n<\/div>\n<\/div>\n<div style=\"clear: both; display: block; margin: 10px 0;\">\n","protected":false},"excerpt":{"rendered":"<p>Opona letnia osobowa MICHELIN 295\/35R20 LOMI 105Y PS#22<\/p>\n<p>Przedmiotem oferty jest:&nbsp;Opona letnia osobowa MICHELIN 295\/35R20 LOMI 105Y PS#22<\/p>\n<p>Oferta dotyczy: 1 sztuki<\/p>\n<p>Producent:&nbsp;MICHELIN<\/p>\n<p>Numer katalogowy: 295\/35R20 LOMI 105Y PS#22<\/p>\n<p>Stan:&nbsp;Nowy<\/p>\n<p>Specyfikacja produktu znajduje si\u0119 powy\u017cej w zak\u0142adce &quot;Specyfikacja techniczna produktu&quot;<\/p>\n","protected":false},"featured_media":16285,"template":"","meta":{"_uag_custom_page_level_css":""},"product_brand":[429],"product_cat":[414,418,413,412],"product_tag":[],"class_list":{"0":"post-16284","1":"product","2":"type-product","3":"status-publish","4":"has-post-thumbnail","6":"product_brand-michelin","7":"product_cat-do-samochodow-osobowych-i-suv","8":"product_cat-letnie","9":"product_cat-opony","10":"product_cat-opony-i-felgi","12":"first","13":"instock","14":"shipping-taxable","15":"purchasable","16":"product-type-simple"},"uagb_featured_image_src":{"full":["https:\/\/oponixo.shop\/tire\/wp-content\/uploads\/2026\/01\/allegro-image-16284.jpg",2560,2560,false],"thumbnail":["https:\/\/oponixo.shop\/tire\/wp-content\/uploads\/2026\/01\/allegro-image-16284-150x150.jpg",150,150,true],"medium":["https:\/\/oponixo.shop\/tire\/wp-content\/uploads\/2026\/01\/allegro-image-16284-300x300.jpg",300,300,true],"medium_large":["https:\/\/oponixo.shop\/tire\/wp-content\/uploads\/2026\/01\/allegro-image-16284-768x768.jpg",768,768,true],"large":["https:\/\/oponixo.shop\/tire\/wp-content\/uploads\/2026\/01\/allegro-image-16284-1024x1024.jpg",1024,1024,true],"1536x1536":["https:\/\/oponixo.shop\/tire\/wp-content\/uploads\/2026\/01\/allegro-image-16284-1536x1536.jpg",1536,1536,true],"2048x2048":["https:\/\/oponixo.shop\/tire\/wp-content\/uploads\/2026\/01\/allegro-image-16284-2048x2048.jpg",2048,2048,true],"woocommerce_thumbnail":["https:\/\/oponixo.shop\/tire\/wp-content\/uploads\/2026\/01\/allegro-image-16284-300x300.jpg",300,300,true],"woocommerce_single":["https:\/\/oponixo.shop\/tire\/wp-content\/uploads\/2026\/01\/allegro-image-16284-600x600.jpg",600,600,true],"woocommerce_gallery_thumbnail":["https:\/\/oponixo.shop\/tire\/wp-content\/uploads\/2026\/01\/allegro-image-16284-100x100.jpg",100,100,true]},"uagb_author_info":{"display_name":"admin","author_link":"https:\/\/oponixo.shop\/tire\/author\/"},"uagb_comment_info":0,"uagb_excerpt":"Opona letnia osobowa MICHELIN 295\/35R20 LOMI 105Y PS#22 Przedmiotem oferty jest:&nbsp;Opona letnia osobowa MICHELIN 295\/35R20 LOMI 105Y PS#22 Oferta dotyczy: 1 sztuki Producent:&nbsp;MICHELIN Numer katalogowy: 295\/35R20 LOMI 105Y PS#22 Stan:&nbsp;Nowy Specyfikacja produktu znajduje si\u0119 powy\u017cej w zak\u0142adce &quot;Specyfikacja techniczna produktu&quot;","_links":{"self":[{"href":"https:\/\/oponixo.shop\/tire\/wp-json\/wp\/v2\/product\/16284","targetHints":{"allow":["GET"]}}],"collection":[{"href":"https:\/\/oponixo.shop\/tire\/wp-json\/wp\/v2\/product"}],"about":[{"href":"https:\/\/oponixo.shop\/tire\/wp-json\/wp\/v2\/types\/product"}],"wp:featuredmedia":[{"embeddable":true,"href":"https:\/\/oponixo.shop\/tire\/wp-json\/wp\/v2\/media\/16285"}],"wp:attachment":[{"href":"https:\/\/oponixo.shop\/tire\/wp-json\/wp\/v2\/media?parent=16284"}],"wp:term":[{"taxonomy":"product_brand","embeddable":true,"href":"https:\/\/oponixo.shop\/tire\/wp-json\/wp\/v2\/product_brand?post=16284"},{"taxonomy":"product_cat","embeddable":true,"href":"https:\/\/oponixo.shop\/tire\/wp-json\/wp\/v2\/product_cat?post=16284"},{"taxonomy":"product_tag","embeddable":true,"href":"https:\/\/oponixo.shop\/tire\/wp-json\/wp\/v2\/product_tag?post=16284"}],"curies":[{"name":"wp","href":"https:\/\/api.w.org\/{rel}","templated":true}]}}