{"id":16322,"date":"2026-01-17T13:37:26","date_gmt":"2026-01-17T12:37:26","guid":{"rendered":"https:\/\/oponyonline.shop\/xef5\/produkt\/2x-opona-journey-wr082-165-80r13c-96-94n-710kg-8pr\/"},"modified":"2026-01-17T13:37:27","modified_gmt":"2026-01-17T12:37:27","slug":"2x-opona-journey-wr082-165-80r13c-96-94n-710kg-8pr","status":"publish","type":"product","link":"https:\/\/oponixo.shop\/tire\/produkt\/2x-opona-journey-wr082-165-80r13c-96-94n-710kg-8pr\/","title":{"rendered":"2x Opona JOURNEY WR082 165\/80R13C 96\/94N 710kg 8PR"},"content":{"rendered":"<div style=\"font-family: Arial, sans-serif; line-height: 1.6; color: #333; padding: 20px; clear: both; display: block; width: 100%; float: none; position: static; overflow: hidden;\">\n<div style=\"clear: both; display: block; margin: 10px 0;\">\n<div style=\"clear: both; display: block; margin: 10px 0;\">\n<div style=\"clear: both; display: block; margin: 10px 0;\">\n<h1>Para (2 szt.) opon firmy Journey do aut dostawczych, przyczep oraz lawet<\/h1>\n<h2>model: WR082<\/h2>\n<h2>rozmiar: 165\/80R13C<\/h2>\n<h3 style=\"color: #2c5aa0; font-size: 18px; margin: 30px 0 15px 0; font-weight: bold; clear: both; display: block; width: 100%; float: none; position: static;\">wzmocnienie C<\/h3>\n<h3 style=\"color: #2c5aa0; font-size: 18px; margin: 30px 0 15px 0; font-weight: bold; clear: both; display: block; width: 100%; float: none; position: static;\">8PR<\/h3>\n<p style=\"margin: 15px 0; line-height: 1.8; clear: both; display: block; width: 100%; float: none; position: static;\">Indeks pr\u0119dko\u015bci: N (140 km\/h)<\/p>\n<p style=\"margin: 15px 0; line-height: 1.8; clear: both; display: block; width: 100%; float: none; position: static;\">Indeks no\u015bno\u015bci: <b>96\/94 (710\/670 kg na jedn\u0105 opon\u0119)<\/b><\/p>\n<p style=\"margin: 15px 0; line-height: 1.8; clear: both; display: block; width: 100%; float: none; position: static;\">Journey WR082 to nowoczesna opona znajduj\u0105ca swoje zastosowanie w przyczepach. Zaprojektowana tak, aby wytrzyma\u0107 wi\u0119cej. Jest udanym po\u0142\u0105czeniem wzornictwa i konstrukcji, przenosz\u0105cym si\u0119 na najlepsze cechy i w\u0142a\u015bciwo\u015bci praktyczne. G\u0142\u0119bokie rowki bie\u017cnika sprawnie odprowadzaj\u0105 wod\u0119. Nowoczesna mieszanka gumowa i przemy\u015blany wz\u00f3r bie\u017cnika sprzyjaj\u0105 pewnej i d\u0142ugotrwa\u0142ej eksploatacji. Opona Journey WR082 to zwi\u0119kszona \u017cywotno\u015b\u0107, przebiegi i odporno\u015b\u0107 na uszkodzenia. Wszystko co musi mie\u0107 nowoczesna opona do przyczep.<\/p>\n<\/div>\n<\/div>\n<div style=\"clear: both; display: block; margin: 10px 0;\">\n<div style=\"clear: both; display: block; margin: 10px 0;\">\n<div  style=\"max-width:427px;max-height:724px\">\n<div style=\"clear: both; display: block; margin: 10px 0;\">\n<div style=\"clear: both; width: 100%; display: block; margin: 20px 0; padding: 0; float: none; position: static; text-align: center;\"><img decoding=\"async\"  src=\"https:\/\/a.allegroimg.com\/original\/118fac\/237f6038443bb0817d4e328c7f71\/2x-Opona-JOURNEY-WR082-165-80R13C-96-94N-710kg-8PR-EAN-GTIN-6973033760552\" srcset=\"https:\/\/a.allegroimg.com\/original\/118fac\/237f6038443bb0817d4e328c7f71\/2x-Opona-JOURNEY-WR082-165-80R13C-96-94N-710kg-8PR-EAN-GTIN-6973033760552 212w,https:\/\/a.allegroimg.com\/original\/118fac\/237f6038443bb0817d4e328c7f71\/2x-Opona-JOURNEY-WR082-165-80R13C-96-94N-710kg-8PR-EAN-GTIN-6973033760552 424w,https:\/\/a.allegroimg.com\/original\/118fac\/237f6038443bb0817d4e328c7f71\/2x-Opona-JOURNEY-WR082-165-80R13C-96-94N-710kg-8PR-EAN-GTIN-6973033760552 427w,https:\/\/a.allegroimg.com\/original\/118fac\/237f6038443bb0817d4e328c7f71\/2x-Opona-JOURNEY-WR082-165-80R13C-96-94N-710kg-8PR-EAN-GTIN-6973033760552 427w\" sizes=\"(min-width: 1200px) 560px, (min-width: 992px) 50vw, 100vw\" width=\"427px\" alt=\"2x Opona JOURNEY WR082 165\/80R13C 96\/94N 710kg 8PR EAN (GTIN) 6973033760552\" style=\"max-width: 100%; height: auto; display: block; margin: 0 auto;\"><\/div>\n<\/div>\n<\/div>\n<\/div>\n<\/div>\n<\/div>\n<\/div>\n<\/div>\n<\/div>\n<div style=\"clear: both; display: block; margin: 10px 0;\">\n","protected":false},"excerpt":{"rendered":"<p>Para (2 szt.) opon firmy Journey do aut dostawczych, przyczep oraz lawet<\/p>\n<p>model: WR082<\/p>\n<p>rozmiar: 165\/80R13C<\/p>\n<p>wzmocnienie C<\/p>\n<p>8PR<\/p>\n<p>Indeks pr\u0119dko\u015bci: N (140 km\/h)<\/p>\n<p>Indeks no\u015bno\u015bci: 96\/94 (710\/670 kg na jedn\u0105 opon\u0119)<\/p>\n","protected":false},"featured_media":16323,"template":"","meta":{"_uag_custom_page_level_css":""},"product_brand":[491],"product_cat":[417,418,413,412],"product_tag":[],"class_list":{"0":"post-16322","1":"product","2":"type-product","3":"status-publish","4":"has-post-thumbnail","6":"product_brand-journey","7":"product_cat-do-samochodow-dostawczych","8":"product_cat-letnie","9":"product_cat-opony","10":"product_cat-opony-i-felgi","12":"first","13":"instock","14":"shipping-taxable","15":"purchasable","16":"product-type-simple"},"uagb_featured_image_src":{"full":["https:\/\/oponixo.shop\/tire\/wp-content\/uploads\/2026\/01\/allegro-image-16322.jpg",632,772,false],"thumbnail":["https:\/\/oponixo.shop\/tire\/wp-content\/uploads\/2026\/01\/allegro-image-16322-150x150.jpg",150,150,true],"medium":["https:\/\/oponixo.shop\/tire\/wp-content\/uploads\/2026\/01\/allegro-image-16322-246x300.jpg",246,300,true],"medium_large":["https:\/\/oponixo.shop\/tire\/wp-content\/uploads\/2026\/01\/allegro-image-16322.jpg",632,772,false],"large":["https:\/\/oponixo.shop\/tire\/wp-content\/uploads\/2026\/01\/allegro-image-16322.jpg",632,772,false],"1536x1536":["https:\/\/oponixo.shop\/tire\/wp-content\/uploads\/2026\/01\/allegro-image-16322.jpg",632,772,false],"2048x2048":["https:\/\/oponixo.shop\/tire\/wp-content\/uploads\/2026\/01\/allegro-image-16322.jpg",632,772,false],"woocommerce_thumbnail":["https:\/\/oponixo.shop\/tire\/wp-content\/uploads\/2026\/01\/allegro-image-16322-300x300.jpg",300,300,true],"woocommerce_single":["https:\/\/oponixo.shop\/tire\/wp-content\/uploads\/2026\/01\/allegro-image-16322-600x733.jpg",600,733,true],"woocommerce_gallery_thumbnail":["https:\/\/oponixo.shop\/tire\/wp-content\/uploads\/2026\/01\/allegro-image-16322-100x100.jpg",100,100,true]},"uagb_author_info":{"display_name":"admin","author_link":"https:\/\/oponixo.shop\/tire\/author\/"},"uagb_comment_info":0,"uagb_excerpt":"Para (2 szt.) opon firmy Journey do aut dostawczych, przyczep oraz lawet model: WR082 rozmiar: 165\/80R13C wzmocnienie C 8PR Indeks pr\u0119dko\u015bci: N (140 km\/h) Indeks no\u015bno\u015bci: 96\/94 (710\/670 kg na jedn\u0105 opon\u0119)","_links":{"self":[{"href":"https:\/\/oponixo.shop\/tire\/wp-json\/wp\/v2\/product\/16322","targetHints":{"allow":["GET"]}}],"collection":[{"href":"https:\/\/oponixo.shop\/tire\/wp-json\/wp\/v2\/product"}],"about":[{"href":"https:\/\/oponixo.shop\/tire\/wp-json\/wp\/v2\/types\/product"}],"wp:featuredmedia":[{"embeddable":true,"href":"https:\/\/oponixo.shop\/tire\/wp-json\/wp\/v2\/media\/16323"}],"wp:attachment":[{"href":"https:\/\/oponixo.shop\/tire\/wp-json\/wp\/v2\/media?parent=16322"}],"wp:term":[{"taxonomy":"product_brand","embeddable":true,"href":"https:\/\/oponixo.shop\/tire\/wp-json\/wp\/v2\/product_brand?post=16322"},{"taxonomy":"product_cat","embeddable":true,"href":"https:\/\/oponixo.shop\/tire\/wp-json\/wp\/v2\/product_cat?post=16322"},{"taxonomy":"product_tag","embeddable":true,"href":"https:\/\/oponixo.shop\/tire\/wp-json\/wp\/v2\/product_tag?post=16322"}],"curies":[{"name":"wp","href":"https:\/\/api.w.org\/{rel}","templated":true}]}}