{"id":16324,"date":"2026-01-17T13:37:27","date_gmt":"2026-01-17T12:37:27","guid":{"rendered":"https:\/\/oponyonline.shop\/xef5\/produkt\/2x-opony-rosava-165-70r13-trl-501-79n-przyczepki-lawety\/"},"modified":"2026-01-17T13:37:27","modified_gmt":"2026-01-17T12:37:27","slug":"2x-opony-rosava-165-70r13-trl-501-79n-przyczepki-lawety","status":"publish","type":"product","link":"https:\/\/oponixo.shop\/tire\/produkt\/2x-opony-rosava-165-70r13-trl-501-79n-przyczepki-lawety\/","title":{"rendered":"2x opony ROSAVA 165\/70R13 TRL-501 79N -przyczepki, lawety"},"content":{"rendered":"<div style=\"font-family: Arial, sans-serif; line-height: 1.6; color: #333; padding: 20px; clear: both; display: block; width: 100%; float: none; position: static; overflow: hidden;\">\n<div style=\"clear: both; display: block; margin: 10px 0;\">\n<div style=\"clear: both; display: block; margin: 10px 0;\">\n<div style=\"clear: both; display: block; margin: 10px 0;\">\n<h3 style=\"color: #2c5aa0; font-size: 18px; margin: 30px 0 15px 0; font-weight: bold; clear: both; display: block; width: 100%; float: none; position: static;\">2x opony ROSAVA 165\/70R13 TRL-501 79N -przyczepki, lawety<\/h3>\n<\/div>\n<\/div>\n<\/div>\n<div style=\"clear: both; display: block; margin: 10px 0;\">\n<div style=\"clear: both; display: block; margin: 10px 0;\">\n<div style=\"clear: both; display: block; margin: 10px 0;\">\n<div  style=\"max-width:427px;max-height:571px\">\n<div style=\"clear: both; display: block; margin: 10px 0;\">\n<div style=\"clear: both; width: 100%; display: block; margin: 20px 0; padding: 0; float: none; position: static; text-align: center;\"><img decoding=\"async\"  src=\"https:\/\/a.allegroimg.com\/original\/11dddc\/00f6b2584272aebcdc59e9d4e730\/2x-opony-ROSAVA-165-70R13-TRL-501-79N-przyczepki-lawety\" srcset=\"https:\/\/a.allegroimg.com\/original\/11dddc\/00f6b2584272aebcdc59e9d4e730\/2x-opony-ROSAVA-165-70R13-TRL-501-79N-przyczepki-lawety 269w,https:\/\/a.allegroimg.com\/original\/11dddc\/00f6b2584272aebcdc59e9d4e730\/2x-opony-ROSAVA-165-70R13-TRL-501-79N-przyczepki-lawety 427w,https:\/\/a.allegroimg.com\/original\/11dddc\/00f6b2584272aebcdc59e9d4e730\/2x-opony-ROSAVA-165-70R13-TRL-501-79N-przyczepki-lawety 427w\" sizes=\"100vw\" width=\"427px\" alt=\"2x opony ROSAVA 165\/70R13 TRL-501 79N -przyczepki, lawety\" style=\"max-width: 100%; height: auto; display: block; margin: 0 auto;\"><\/div>\n<\/div>\n<\/div>\n<\/div>\n<\/div>\n<\/div>\n<div style=\"clear: both; display: block; margin: 10px 0;\">\n<div style=\"clear: both; display: block; margin: 10px 0;\">\n<div style=\"clear: both; display: block; margin: 10px 0;\">\n<div  style=\"max-width:355px;max-height:183px\">\n<div style=\"clear: both; display: block; margin: 10px 0;\">\n<div style=\"clear: both; width: 100%; display: block; margin: 20px 0; padding: 0; float: none; position: static; text-align: center;\"><img decoding=\"async\"  src=\"https:\/\/a.allegroimg.com\/original\/11d929\/01846c2e4cae8a035e54c0d6acc8\/2x-opony-ROSAVA-165-70R13-TRL-501-79N-przyczepki-lawety-Liczba-opon-w-ofercie-2-szt\" srcset=\"https:\/\/a.allegroimg.com\/original\/11d929\/01846c2e4cae8a035e54c0d6acc8\/2x-opony-ROSAVA-165-70R13-TRL-501-79N-przyczepki-lawety-Liczba-opon-w-ofercie-2-szt 355w,https:\/\/a.allegroimg.com\/original\/11d929\/01846c2e4cae8a035e54c0d6acc8\/2x-opony-ROSAVA-165-70R13-TRL-501-79N-przyczepki-lawety-Liczba-opon-w-ofercie-2-szt 355w\" sizes=\"100vw\" width=\"355px\" alt=\"2x opony ROSAVA 165\/70R13 TRL-501 79N -przyczepki, lawety Liczba opon w ofercie 2 szt.\" style=\"max-width: 100%; height: auto; display: block; margin: 0 auto;\"><\/div>\n<\/div>\n<\/div>\n<\/div>\n<\/div>\n<\/div>\n<div style=\"clear: both; display: block; margin: 10px 0;\">\n<div style=\"clear: both; display: block; margin: 10px 0;\">\n<div style=\"clear: both; display: block; margin: 10px 0;\">\n<p style=\"margin: 15px 0; line-height: 1.8; clear: both; display: block; width: 100%; float: none; position: static;\">Przedmiotem aukcji jest 2 szt. opon <b>ROSAVA 165\/70R13 TRL-501 79N&nbsp;Nowe<\/b><\/p>\n<p style=\"margin: 15px 0; line-height: 1.8; clear: both; display: block; width: 100%; float: none; position: static;\">Opona przeznaczona do pojazd\u00f3w wolnobie\u017cnych, w szczeg\u00f3lno\u015bci&nbsp;<b>lekkich pojazd\u00f3w ci\u0105gni\u0119tych i przyczep<\/b>.<\/p>\n<p style=\"margin: 15px 0; line-height: 1.8; clear: both; display: block; width: 100%; float: none; position: static;\">Wz\u00f3r bie\u017cnika charakteryzuje si\u0119 ni\u017cszymi oporami toczenia i niskim poziomem ha\u0142asu oraz zapewnia:<\/p>\n<ul style=\"margin: 15px 0; padding-left: 20px; clear: both; display: block; width: 100%; float: none; position: static;\">\n<li style=\"margin: 5px 0; padding: 2px 0; clear: both; display: list-item; float: none; position: static;\"><b>wysok\u0105 przyczepno\u015b\u0107;<\/b><\/li>\n<li style=\"margin: 5px 0; padding: 2px 0; clear: both; display: list-item; float: none; position: static;\"><b>pewne trzymanie si\u0119 drogi;<\/b><\/li>\n<li style=\"margin: 5px 0; padding: 2px 0; clear: both; display: list-item; float: none; position: static;\"><b>dobr\u0105 zdolno\u015b\u0107 samooczyszczania.<\/b><\/li>\n<\/ul>\n<\/div>\n<\/div>\n<\/div>\n<div style=\"clear: both; display: block; margin: 10px 0;\">\n<div style=\"clear: both; display: block; margin: 10px 0;\">\n<div style=\"clear: both; display: block; margin: 10px 0;\">\n<h3 style=\"color: #2c5aa0; font-size: 18px; margin: 30px 0 15px 0; font-weight: bold; clear: both; display: block; width: 100%; float: none; position: static;\">Opona letnia ROSAVA 165\/70R13 TRL-501 79N<\/h3>\n<h3 style=\"color: #2c5aa0; font-size: 18px; margin: 30px 0 15px 0; font-weight: bold; clear: both; display: block; width: 100%; float: none; position: static;\">Cechy produktu:<\/h3>\n<ul style=\"margin: 15px 0; padding-left: 20px; clear: both; display: block; width: 100%; float: none; position: static;\">\n<li style=\"margin: 5px 0; padding: 2px 0; clear: both; display: list-item; float: none; position: static;\">sezon: letnie<\/li>\n<li style=\"margin: 5px 0; padding: 2px 0; clear: both; display: list-item; float: none; position: static;\">szeroko\u015b\u0107\/profil\/\u015brednica: 165\/70R13<\/li>\n<li style=\"margin: 5px 0; padding: 2px 0; clear: both; display: list-item; float: none; position: static;\">indeks no\u015bno\u015bci: 79 &#8211; 437 kg<\/li>\n<li style=\"margin: 5px 0; padding: 2px 0; clear: both; display: list-item; float: none; position: static;\">indeks pr\u0119dko\u015bci: N do 140 km\/h<\/li>\n<li style=\"margin: 5px 0; padding: 2px 0; clear: both; display: list-item; float: none; position: static;\">op\u00f3r toczenia: klasa E<\/li>\n<li style=\"margin: 5px 0; padding: 2px 0; clear: both; display: list-item; float: none; position: static;\">hamowanie na mokrej nawierzchni: klasa C<\/li>\n<li style=\"margin: 5px 0; padding: 2px 0; clear: both; display: list-item; float: none; position: static;\">ha\u0142as zewn\u0119trzny: 70 dB<\/li>\n<\/ul>\n<\/div>\n<\/div>\n<div style=\"clear: both; display: block; margin: 10px 0;\">\n<div style=\"clear: both; display: block; margin: 10px 0;\">\n<div  style=\"max-width:427px;max-height:571px\">\n<div style=\"clear: both; display: block; margin: 10px 0;\">\n<div style=\"clear: both; width: 100%; display: block; margin: 20px 0; padding: 0; float: none; position: static; text-align: center;\"><img decoding=\"async\"  src=\"https:\/\/a.allegroimg.com\/original\/11dddc\/00f6b2584272aebcdc59e9d4e730\/2x-opony-ROSAVA-165-70R13-TRL-501-79N-przyczepki-lawety\" srcset=\"https:\/\/a.allegroimg.com\/original\/11dddc\/00f6b2584272aebcdc59e9d4e730\/2x-opony-ROSAVA-165-70R13-TRL-501-79N-przyczepki-lawety 269w,https:\/\/a.allegroimg.com\/original\/11dddc\/00f6b2584272aebcdc59e9d4e730\/2x-opony-ROSAVA-165-70R13-TRL-501-79N-przyczepki-lawety 427w,https:\/\/a.allegroimg.com\/original\/11dddc\/00f6b2584272aebcdc59e9d4e730\/2x-opony-ROSAVA-165-70R13-TRL-501-79N-przyczepki-lawety 427w\" sizes=\"(min-width: 1200px) 560px, (min-width: 992px) 50vw, 100vw\" width=\"427px\" alt=\"2x opony ROSAVA 165\/70R13 TRL-501 79N -przyczepki, lawety\" style=\"max-width: 100%; height: auto; display: block; margin: 0 auto;\"><\/div>\n<\/div>\n<\/div>\n<\/div>\n<\/div>\n<\/div>\n<div style=\"clear: both; display: block; margin: 10px 0;\">\n<div style=\"clear: both; display: block; margin: 10px 0;\">\n<div style=\"clear: both; display: block; margin: 10px 0;\">\n<div  style=\"max-width:355px;max-height:183px\">\n<div style=\"clear: both; display: block; margin: 10px 0;\">\n<div style=\"clear: both; width: 100%; display: block; margin: 20px 0; padding: 0; float: none; position: static; text-align: center;\"><img decoding=\"async\"  src=\"https:\/\/a.allegroimg.com\/original\/11d929\/01846c2e4cae8a035e54c0d6acc8\/2x-opony-ROSAVA-165-70R13-TRL-501-79N-przyczepki-lawety-Liczba-opon-w-ofercie-2-szt\" srcset=\"https:\/\/a.allegroimg.com\/original\/11d929\/01846c2e4cae8a035e54c0d6acc8\/2x-opony-ROSAVA-165-70R13-TRL-501-79N-przyczepki-lawety-Liczba-opon-w-ofercie-2-szt 355w,https:\/\/a.allegroimg.com\/original\/11d929\/01846c2e4cae8a035e54c0d6acc8\/2x-opony-ROSAVA-165-70R13-TRL-501-79N-przyczepki-lawety-Liczba-opon-w-ofercie-2-szt 355w\" sizes=\"100vw\" width=\"355px\" alt=\"2x opony ROSAVA 165\/70R13 TRL-501 79N -przyczepki, lawety Liczba opon w ofercie 2 szt.\" style=\"max-width: 100%; height: auto; display: block; margin: 0 auto;\"><\/div>\n<\/div>\n<\/div>\n<\/div>\n<\/div>\n<\/div>\n<\/div>\n<\/div>\n<\/div>\n<div style=\"clear: both; display: block; margin: 10px 0;\">\n","protected":false},"excerpt":{"rendered":"<p>2x opony ROSAVA 165\/70R13 TRL-501 79N -przyczepki, lawety<\/p>\n<p>Przedmiotem aukcji jest 2 szt. opon ROSAVA 165\/70R13 TRL-501 79N&nbsp;Nowe<\/p>\n<p>Opona przeznaczona do pojazd\u00f3w wolnobie\u017cnych, w szczeg\u00f3lno\u015bci&nbsp;lekkich pojazd\u00f3w ci\u0105gni\u0119tych i przyczep.<\/p>\n<p>Wz\u00f3r bie\u017cnika charakteryzuje si\u0119 ni\u017cszymi oporami toczenia i niskim poziomem ha\u0142asu oraz zapewnia:<\/p>\n<p>wysok\u0105 przyczepno\u015b\u0107;<\/p>\n<p>pewne trzymanie si\u0119 drogi;<\/p>\n<p>dobr\u0105 zdolno\u015b\u0107 samooczyszczania.<\/p>\n<p>Opona letnia ROSAVA 165\/70R13 TRL-501 79N<\/p>\n","protected":false},"featured_media":16325,"template":"","meta":{"_uag_custom_page_level_css":""},"product_brand":[519],"product_cat":[417,418,413,412],"product_tag":[],"class_list":{"0":"post-16324","1":"product","2":"type-product","3":"status-publish","4":"has-post-thumbnail","6":"product_brand-rosava","7":"product_cat-do-samochodow-dostawczych","8":"product_cat-letnie","9":"product_cat-opony","10":"product_cat-opony-i-felgi","12":"first","13":"instock","14":"shipping-taxable","15":"purchasable","16":"product-type-simple"},"uagb_featured_image_src":{"full":["https:\/\/oponixo.shop\/tire\/wp-content\/uploads\/2026\/01\/allegro-image-16324.jpg",427,571,false],"thumbnail":["https:\/\/oponixo.shop\/tire\/wp-content\/uploads\/2026\/01\/allegro-image-16324-150x150.jpg",150,150,true],"medium":["https:\/\/oponixo.shop\/tire\/wp-content\/uploads\/2026\/01\/allegro-image-16324-224x300.jpg",224,300,true],"medium_large":["https:\/\/oponixo.shop\/tire\/wp-content\/uploads\/2026\/01\/allegro-image-16324.jpg",427,571,false],"large":["https:\/\/oponixo.shop\/tire\/wp-content\/uploads\/2026\/01\/allegro-image-16324.jpg",427,571,false],"1536x1536":["https:\/\/oponixo.shop\/tire\/wp-content\/uploads\/2026\/01\/allegro-image-16324.jpg",427,571,false],"2048x2048":["https:\/\/oponixo.shop\/tire\/wp-content\/uploads\/2026\/01\/allegro-image-16324.jpg",427,571,false],"woocommerce_thumbnail":["https:\/\/oponixo.shop\/tire\/wp-content\/uploads\/2026\/01\/allegro-image-16324-300x300.jpg",300,300,true],"woocommerce_single":["https:\/\/oponixo.shop\/tire\/wp-content\/uploads\/2026\/01\/allegro-image-16324.jpg",427,571,false],"woocommerce_gallery_thumbnail":["https:\/\/oponixo.shop\/tire\/wp-content\/uploads\/2026\/01\/allegro-image-16324-100x100.jpg",100,100,true]},"uagb_author_info":{"display_name":"admin","author_link":"https:\/\/oponixo.shop\/tire\/author\/"},"uagb_comment_info":0,"uagb_excerpt":"2x opony ROSAVA 165\/70R13 TRL-501 79N -przyczepki, lawety Przedmiotem aukcji jest 2 szt. opon ROSAVA 165\/70R13 TRL-501 79N&nbsp;Nowe Opona przeznaczona do pojazd\u00f3w wolnobie\u017cnych, w szczeg\u00f3lno\u015bci&nbsp;lekkich pojazd\u00f3w ci\u0105gni\u0119tych i przyczep. Wz\u00f3r bie\u017cnika charakteryzuje si\u0119 ni\u017cszymi oporami toczenia i niskim poziomem ha\u0142asu oraz zapewnia: wysok\u0105 przyczepno\u015b\u0107; pewne trzymanie si\u0119 drogi; dobr\u0105 zdolno\u015b\u0107 samooczyszczania. Opona letnia ROSAVA 165\/70R13&hellip;","_links":{"self":[{"href":"https:\/\/oponixo.shop\/tire\/wp-json\/wp\/v2\/product\/16324","targetHints":{"allow":["GET"]}}],"collection":[{"href":"https:\/\/oponixo.shop\/tire\/wp-json\/wp\/v2\/product"}],"about":[{"href":"https:\/\/oponixo.shop\/tire\/wp-json\/wp\/v2\/types\/product"}],"wp:featuredmedia":[{"embeddable":true,"href":"https:\/\/oponixo.shop\/tire\/wp-json\/wp\/v2\/media\/16325"}],"wp:attachment":[{"href":"https:\/\/oponixo.shop\/tire\/wp-json\/wp\/v2\/media?parent=16324"}],"wp:term":[{"taxonomy":"product_brand","embeddable":true,"href":"https:\/\/oponixo.shop\/tire\/wp-json\/wp\/v2\/product_brand?post=16324"},{"taxonomy":"product_cat","embeddable":true,"href":"https:\/\/oponixo.shop\/tire\/wp-json\/wp\/v2\/product_cat?post=16324"},{"taxonomy":"product_tag","embeddable":true,"href":"https:\/\/oponixo.shop\/tire\/wp-json\/wp\/v2\/product_tag?post=16324"}],"curies":[{"name":"wp","href":"https:\/\/api.w.org\/{rel}","templated":true}]}}