{"id":16342,"date":"2026-01-17T13:37:33","date_gmt":"2026-01-17T12:37:33","guid":{"rendered":"https:\/\/oponyonline.shop\/xef5\/produkt\/2x-tourador-x-wonder-th2-175-80r14-88-h\/"},"modified":"2026-01-17T13:37:34","modified_gmt":"2026-01-17T12:37:34","slug":"2x-tourador-x-wonder-th2-175-80r14-88-h","status":"publish","type":"product","link":"https:\/\/oponixo.shop\/tire\/produkt\/2x-tourador-x-wonder-th2-175-80r14-88-h\/","title":{"rendered":"2x TOURADOR X WONDER TH2 175\/80R14 88 H"},"content":{"rendered":"<div style=\"font-family: Arial, sans-serif; line-height: 1.6; color: #333; padding: 20px; clear: both; display: block; width: 100%; float: none; position: static; overflow: hidden;\">\n<div style=\"clear: both; display: block; margin: 10px 0;\">\n<div style=\"clear: both; display: block; margin: 10px 0;\">\n<div style=\"clear: both; display: block; margin: 10px 0;\">\n<h2>2x TOURADOR X WONDER TH2 175\/80R14 88 H<\/h2>\n<\/div>\n<\/div>\n<\/div>\n<div style=\"clear: both; display: block; margin: 10px 0;\">\n<div style=\"clear: both; display: block; margin: 10px 0;\">\n<div style=\"clear: both; display: block; margin: 10px 0;\">\n<div  style=\"max-width:920px;max-height:1120px\">\n<div style=\"clear: both; display: block; margin: 10px 0;\">\n<div style=\"clear: both; width: 100%; display: block; margin: 20px 0; padding: 0; float: none; position: static; text-align: center;\"><img decoding=\"async\"  src=\"https:\/\/a.allegroimg.com\/original\/114ce7\/010619b5428cbda8e4162f48bc41\/2x-TOURADOR-X-WONDER-TH2-175-80R14-88-H\" srcset=\"https:\/\/a.allegroimg.com\/original\/114ce7\/010619b5428cbda8e4162f48bc41\/2x-TOURADOR-X-WONDER-TH2-175-80R14-88-H 295w,https:\/\/a.allegroimg.com\/original\/114ce7\/010619b5428cbda8e4162f48bc41\/2x-TOURADOR-X-WONDER-TH2-175-80R14-88-H 591w,https:\/\/a.allegroimg.com\/original\/114ce7\/010619b5428cbda8e4162f48bc41\/2x-TOURADOR-X-WONDER-TH2-175-80R14-88-H 841w,https:\/\/a.allegroimg.com\/original\/114ce7\/010619b5428cbda8e4162f48bc41\/2x-TOURADOR-X-WONDER-TH2-175-80R14-88-H 920w,https:\/\/a.allegroimg.com\/original\/114ce7\/010619b5428cbda8e4162f48bc41\/2x-TOURADOR-X-WONDER-TH2-175-80R14-88-H 920w\" sizes=\"(min-width: 1200px) 560px, (min-width: 992px) 50vw, 100vw\" width=\"920px\" alt=\"2x TOURADOR X WONDER TH2 175\/80R14 88 H\" style=\"max-width: 100%; height: auto; display: block; margin: 0 auto;\"><\/div>\n<\/div>\n<\/div>\n<\/div>\n<\/div>\n<div style=\"clear: both; display: block; margin: 10px 0;\">\n<div style=\"clear: both; display: block; margin: 10px 0;\">\n<h2>Letnie opony TOURADOR X WONDER TH2 BSW 175\/80 R14 88 H<\/h2>\n<p style=\"margin: 15px 0; line-height: 1.8; clear: both; display: block; width: 100%; float: none; position: static;\">Opony TOURADOR X WONDER TH2 BSW to znacz\u0105cy model w portfolio producenta.&nbsp;<\/p>\n<p style=\"margin: 15px 0; line-height: 1.8; clear: both; display: block; width: 100%; float: none; position: static;\"> Opony klasy ekonomicznej maj\u0105 \u015bwietny stosunek jako\u015bci do ceny.<\/p>\n<ul style=\"margin: 15px 0; padding-left: 20px; clear: both; display: block; width: 100%; float: none; position: static;\">\n<li style=\"margin: 5px 0; padding: 2px 0; clear: both; display: list-item; float: none; position: static;\"><b>Stan:<\/b>&nbsp;Nowy<\/li>\n<li style=\"margin: 5px 0; padding: 2px 0; clear: both; display: list-item; float: none; position: static;\"><b>EAN:<\/b>&nbsp;6971597442686<\/li>\n<li style=\"margin: 5px 0; padding: 2px 0; clear: both; display: list-item; float: none; position: static;\"><b>Producent:<\/b> TOURADOR<\/li>\n<li style=\"margin: 5px 0; padding: 2px 0; clear: both; display: list-item; float: none; position: static;\"><b>Model:<\/b> X WONDER TH2 BSW<\/li>\n<li style=\"margin: 5px 0; padding: 2px 0; clear: both; display: list-item; float: none; position: static;\"><b>Rozmiar:<\/b> 175\/80 R14<\/li>\n<li style=\"margin: 5px 0; padding: 2px 0; clear: both; display: list-item; float: none; position: static;\"><b>Indeks no\u015bno\u015bci:<\/b> 88<\/li>\n<li style=\"margin: 5px 0; padding: 2px 0; clear: both; display: list-item; float: none; position: static;\"><b>Indeks pr\u0119dko\u015bci:<\/b> H<\/li>\n<li style=\"margin: 5px 0; padding: 2px 0; clear: both; display: list-item; float: none; position: static;\"><b>Ha\u0142as db:<\/b>&nbsp;70<\/li>\n<li style=\"margin: 5px 0; padding: 2px 0; clear: both; display: list-item; float: none; position: static;\"><b>Sezon:<\/b> Letnie<\/li>\n<li style=\"margin: 5px 0; padding: 2px 0; clear: both; display: list-item; float: none; position: static;\"><b>Rok produkcji:<\/b> nie starsze ni\u017c 36 miesi\u0119cy<\/li>\n<li style=\"margin: 5px 0; padding: 2px 0; clear: both; display: list-item; float: none; position: static;\"><b>Przeznaczenie:<\/b> Osobowe<\/li>\n<li style=\"margin: 5px 0; padding: 2px 0; clear: both; display: list-item; float: none; position: static;\"><b>Kl. przycz. na mokrej naw.:<\/b>&nbsp;C<\/li>\n<li style=\"margin: 5px 0; padding: 2px 0; clear: both; display: list-item; float: none; position: static;\"><b>Kl. efekt. paliwowej:&nbsp;<\/b>E<\/li>\n<\/ul>\n<\/div>\n<\/div>\n<\/div>\n<div style=\"clear: both; display: block; margin: 10px 0;\">\n<div style=\"clear: both; display: block; margin: 10px 0;\">\n<div style=\"clear: both; display: block; margin: 10px 0;\">\n<div  style=\"max-width:1536px;max-height:432px\">\n<div style=\"clear: both; display: block; margin: 10px 0;\">\n<div style=\"clear: both; width: 100%; display: block; margin: 20px 0; padding: 0; float: none; position: static; text-align: center;\"><img decoding=\"async\"  src=\"https:\/\/a.allegroimg.com\/original\/115658\/cc799a644f0286744eb3e3afb7cd\/2x-TOURADOR-X-WONDER-TH2-175-80R14-88-H-Liczba-opon-w-ofercie-2-szt\" srcset=\"https:\/\/a.allegroimg.com\/original\/115658\/cc799a644f0286744eb3e3afb7cd\/2x-TOURADOR-X-WONDER-TH2-175-80R14-88-H-Liczba-opon-w-ofercie-2-szt 360w,https:\/\/a.allegroimg.com\/original\/115658\/cc799a644f0286744eb3e3afb7cd\/2x-TOURADOR-X-WONDER-TH2-175-80R14-88-H-Liczba-opon-w-ofercie-2-szt 720w,https:\/\/a.allegroimg.com\/original\/115658\/cc799a644f0286744eb3e3afb7cd\/2x-TOURADOR-X-WONDER-TH2-175-80R14-88-H-Liczba-opon-w-ofercie-2-szt 1024w,https:\/\/a.allegroimg.com\/original\/115658\/cc799a644f0286744eb3e3afb7cd\/2x-TOURADOR-X-WONDER-TH2-175-80R14-88-H-Liczba-opon-w-ofercie-2-szt 1440w,https:\/\/a.allegroimg.com\/original\/115658\/cc799a644f0286744eb3e3afb7cd\/2x-TOURADOR-X-WONDER-TH2-175-80R14-88-H-Liczba-opon-w-ofercie-2-szt 1536w\" sizes=\"100vw\" width=\"1536px\" alt=\"2x TOURADOR X WONDER TH2 175\/80R14 88 H Liczba opon w ofercie 2 szt.\" style=\"max-width: 100%; height: auto; display: block; margin: 0 auto;\"><\/div>\n<\/div>\n<\/div>\n<\/div>\n<\/div>\n<\/div>\n<div style=\"clear: both; display: block; margin: 10px 0;\">\n<div style=\"clear: both; display: block; margin: 10px 0;\">\n<div style=\"clear: both; display: block; margin: 10px 0;\">\n<p style=\"margin: 15px 0; line-height: 1.8; clear: both; display: block; width: 100%; float: none; position: static;\">Marka Tourador&nbsp;to producent opon, kt\u00f3ry zdobywa coraz wi\u0119ksz\u0105 popularno\u015b\u0107 na rynku oponiarskim. Firma ta wyr\u00f3\u017cnia si\u0119 konkurencyjnymi cenami i produkowanymi oponami o zr\u00f3wnowa\u017conych parametrach, co przyci\u0105ga klient\u00f3w z r\u00f3\u017cnych region\u00f3w.<\/p>\n<p style=\"margin: 15px 0; line-height: 1.8; clear: both; display: block; width: 100%; float: none; position: static;\">Doskona\u0142e stosunek jako\u015bci do ceny&nbsp;to g\u0142\u00f3wna cecha charakteryzuj\u0105ca mark\u0119 Tourador. Firma oferuje opony o solidnej jako\u015bci, kt\u00f3re spe\u0142niaj\u0105 oczekiwania kierowc\u00f3w, nie obci\u0105\u017caj\u0105c ich portfela. Dzi\u0119ki temu Tourador staje si\u0119 atrakcyjnym wyborem dla wielu klient\u00f3w.<\/p>\n<p style=\"margin: 15px 0; line-height: 1.8; clear: both; display: block; width: 100%; float: none; position: static;\">Szeroka gama produkt\u00f3w&nbsp;to kolejny atut marki Tourador. Oferuje ona r\u00f3\u017cnorodne rodzaje opon dostosowane do r\u00f3\u017cnych rodzaj\u00f3w pojazd\u00f3w, od samochod\u00f3w osobowych po SUV-y i pojazdy dostawcze. Tourador dostarcza opony dla r\u00f3\u017cnych sezon\u00f3w, co pozwala kierowcom znale\u017a\u0107 odpowiednie rozwi\u0105zanie do swoich potrzeb. Tourador to marka, kt\u00f3ra stawia na przyst\u0119pno\u015b\u0107 cenow\u0105 bez rezygnacji z jako\u015bci.<\/p>\n<\/div>\n<\/div>\n<\/div>\n<div style=\"clear: both; display: block; margin: 10px 0;\">\n<div style=\"clear: both; display: block; margin: 10px 0;\">\n<div style=\"clear: both; display: block; margin: 10px 0;\">\n<div  style=\"max-width:1200px;max-height:1758px\">\n<div style=\"clear: both; display: block; margin: 10px 0;\">\n<div style=\"clear: both; width: 100%; display: block; margin: 20px 0; padding: 0; float: none; position: static; text-align: center;\"><img decoding=\"async\"  src=\"https:\/\/a.allegroimg.com\/original\/116540\/23478fef4d8ebd468d8ec3af71c0\/2x-TOURADOR-X-WONDER-TH2-175-80R14-88-H-Marka-Tourador\" srcset=\"https:\/\/a.allegroimg.com\/original\/116540\/23478fef4d8ebd468d8ec3af71c0\/2x-TOURADOR-X-WONDER-TH2-175-80R14-88-H-Marka-Tourador 245w,https:\/\/a.allegroimg.com\/original\/116540\/23478fef4d8ebd468d8ec3af71c0\/2x-TOURADOR-X-WONDER-TH2-175-80R14-88-H-Marka-Tourador 491w,https:\/\/a.allegroimg.com\/original\/116540\/23478fef4d8ebd468d8ec3af71c0\/2x-TOURADOR-X-WONDER-TH2-175-80R14-88-H-Marka-Tourador 698w,https:\/\/a.allegroimg.com\/original\/116540\/23478fef4d8ebd468d8ec3af71c0\/2x-TOURADOR-X-WONDER-TH2-175-80R14-88-H-Marka-Tourador 982w,https:\/\/a.allegroimg.com\/original\/116540\/23478fef4d8ebd468d8ec3af71c0\/2x-TOURADOR-X-WONDER-TH2-175-80R14-88-H-Marka-Tourador 1200w\" sizes=\"(min-width: 1200px) 560px, (min-width: 992px) 50vw, 100vw\" width=\"1200px\" alt=\"2x TOURADOR X WONDER TH2 175\/80R14 88 H Marka Tourador\" style=\"max-width: 100%; height: auto; display: block; margin: 0 auto;\"><\/div>\n<\/div>\n<\/div>\n<\/div>\n<\/div>\n<div style=\"clear: both; display: block; margin: 10px 0;\">\n<div style=\"clear: both; display: block; margin: 10px 0;\">\n<p style=\"margin: 15px 0; line-height: 1.8; clear: both; display: block; width: 100%; float: none; position: static;\">Dlaczego warto kupowa\u0107 u Nas ?<\/p>\n<p style=\"margin: 15px 0; line-height: 1.8; clear: both; display: block; width: 100%; float: none; position: static;\">Jeste\u015bmy firm\u0105, kt\u00f3ra na podstawie wieloletniego do\u015bwiadczenia z zaanga\u017cowaniem pomaga klientom w doborze oraz kupnie opon.<\/p>\n<p style=\"margin: 15px 0; line-height: 1.8; clear: both; display: block; width: 100%; float: none; position: static;\">Posiadamy szerok\u0105 game opon do aut osobowych, dostawczych, cie\u017carowych, motocyki jak i opon przemys\u0142owych.<\/p>\n<p style=\"margin: 15px 0; line-height: 1.8; clear: both; display: block; width: 100%; float: none; position: static;\">Gwarancja satysfakcjii oraz bezpiecznie przejechanych kilometr\u00f3w.<\/p>\n<p style=\"margin: 15px 0; line-height: 1.8; clear: both; display: block; width: 100%; float: none; position: static;\">Zosta\u0144 naszym kolejnym zadowolonym klientem.<\/p>\n<p style=\"margin: 15px 0; line-height: 1.8; clear: both; display: block; width: 100%; float: none; position: static;\">ZAPRASZAMY DO ZAKUP\u00d3W.<\/p>\n<\/div>\n<\/div>\n<\/div>\n<\/div>\n<\/div>\n<\/div>\n<div style=\"clear: both; display: block; margin: 10px 0;\">\n","protected":false},"excerpt":{"rendered":"<p>2x TOURADOR X WONDER TH2 175\/80R14 88 H<\/p>\n<p>Letnie opony TOURADOR X WONDER TH2 BSW 175\/80 R14 88 H<\/p>\n<p>Opony TOURADOR X WONDER TH2 BSW to znacz\u0105cy model w portfolio producenta.&nbsp;<\/p>\n<p>Opony klasy ekonomicznej maj\u0105 \u015bwietny stosunek jako\u015bci do ceny.<\/p>\n<p>Stan:&nbsp;Nowy<\/p>\n<p>EAN:&nbsp;6971597442686<\/p>\n<p>Producent: TOURADOR<\/p>\n<p>Model: X WONDER TH2 BSW<\/p>\n","protected":false},"featured_media":16343,"template":"","meta":{"_uag_custom_page_level_css":""},"product_brand":[467],"product_cat":[414,418,413,412],"product_tag":[],"class_list":{"0":"post-16342","1":"product","2":"type-product","3":"status-publish","4":"has-post-thumbnail","6":"product_brand-tourador","7":"product_cat-do-samochodow-osobowych-i-suv","8":"product_cat-letnie","9":"product_cat-opony","10":"product_cat-opony-i-felgi","12":"first","13":"instock","14":"shipping-taxable","15":"purchasable","16":"product-type-simple"},"uagb_featured_image_src":{"full":["https:\/\/oponixo.shop\/tire\/wp-content\/uploads\/2026\/01\/allegro-image-16342.jpg",920,1120,false],"thumbnail":["https:\/\/oponixo.shop\/tire\/wp-content\/uploads\/2026\/01\/allegro-image-16342-150x150.jpg",150,150,true],"medium":["https:\/\/oponixo.shop\/tire\/wp-content\/uploads\/2026\/01\/allegro-image-16342-246x300.jpg",246,300,true],"medium_large":["https:\/\/oponixo.shop\/tire\/wp-content\/uploads\/2026\/01\/allegro-image-16342-768x935.jpg",768,935,true],"large":["https:\/\/oponixo.shop\/tire\/wp-content\/uploads\/2026\/01\/allegro-image-16342-841x1024.jpg",841,1024,true],"1536x1536":["https:\/\/oponixo.shop\/tire\/wp-content\/uploads\/2026\/01\/allegro-image-16342.jpg",920,1120,false],"2048x2048":["https:\/\/oponixo.shop\/tire\/wp-content\/uploads\/2026\/01\/allegro-image-16342.jpg",920,1120,false],"woocommerce_thumbnail":["https:\/\/oponixo.shop\/tire\/wp-content\/uploads\/2026\/01\/allegro-image-16342-300x300.jpg",300,300,true],"woocommerce_single":["https:\/\/oponixo.shop\/tire\/wp-content\/uploads\/2026\/01\/allegro-image-16342-600x730.jpg",600,730,true],"woocommerce_gallery_thumbnail":["https:\/\/oponixo.shop\/tire\/wp-content\/uploads\/2026\/01\/allegro-image-16342-100x100.jpg",100,100,true]},"uagb_author_info":{"display_name":"admin","author_link":"https:\/\/oponixo.shop\/tire\/author\/"},"uagb_comment_info":0,"uagb_excerpt":"2x TOURADOR X WONDER TH2 175\/80R14 88 H Letnie opony TOURADOR X WONDER TH2 BSW 175\/80 R14 88 H Opony TOURADOR X WONDER TH2 BSW to znacz\u0105cy model w portfolio producenta.&nbsp; Opony klasy ekonomicznej maj\u0105 \u015bwietny stosunek jako\u015bci do ceny. Stan:&nbsp;Nowy EAN:&nbsp;6971597442686 Producent: TOURADOR Model: X WONDER TH2 BSW","_links":{"self":[{"href":"https:\/\/oponixo.shop\/tire\/wp-json\/wp\/v2\/product\/16342","targetHints":{"allow":["GET"]}}],"collection":[{"href":"https:\/\/oponixo.shop\/tire\/wp-json\/wp\/v2\/product"}],"about":[{"href":"https:\/\/oponixo.shop\/tire\/wp-json\/wp\/v2\/types\/product"}],"wp:featuredmedia":[{"embeddable":true,"href":"https:\/\/oponixo.shop\/tire\/wp-json\/wp\/v2\/media\/16343"}],"wp:attachment":[{"href":"https:\/\/oponixo.shop\/tire\/wp-json\/wp\/v2\/media?parent=16342"}],"wp:term":[{"taxonomy":"product_brand","embeddable":true,"href":"https:\/\/oponixo.shop\/tire\/wp-json\/wp\/v2\/product_brand?post=16342"},{"taxonomy":"product_cat","embeddable":true,"href":"https:\/\/oponixo.shop\/tire\/wp-json\/wp\/v2\/product_cat?post=16342"},{"taxonomy":"product_tag","embeddable":true,"href":"https:\/\/oponixo.shop\/tire\/wp-json\/wp\/v2\/product_tag?post=16342"}],"curies":[{"name":"wp","href":"https:\/\/api.w.org\/{rel}","templated":true}]}}