{"id":16344,"date":"2026-01-17T13:37:34","date_gmt":"2026-01-17T12:37:34","guid":{"rendered":"https:\/\/oponyonline.shop\/xef5\/produkt\/2x-cst-cl31-175-80r14-99-98-n\/"},"modified":"2026-01-17T13:37:34","modified_gmt":"2026-01-17T12:37:34","slug":"2x-cst-cl31-175-80r14-99-98-n","status":"publish","type":"product","link":"https:\/\/oponixo.shop\/tire\/produkt\/2x-cst-cl31-175-80r14-99-98-n\/","title":{"rendered":"2x CST CL31 175\/80R14 99\/98 N"},"content":{"rendered":"<div style=\"font-family: Arial, sans-serif; line-height: 1.6; color: #333; padding: 20px; clear: both; display: block; width: 100%; float: none; position: static; overflow: hidden;\">\n<div style=\"clear: both; display: block; margin: 10px 0;\">\n<div style=\"clear: both; display: block; margin: 10px 0;\">\n<div style=\"clear: both; display: block; margin: 10px 0;\">\n<h2>2x CST CL31 175\/80R14 99\/98 N<\/h2>\n<\/div>\n<\/div>\n<\/div>\n<div style=\"clear: both; display: block; margin: 10px 0;\">\n<div style=\"clear: both; display: block; margin: 10px 0;\">\n<div style=\"clear: both; display: block; margin: 10px 0;\">\n<div  style=\"max-width:920px;max-height:1120px\">\n<div style=\"clear: both; display: block; margin: 10px 0;\">\n<div style=\"clear: both; width: 100%; display: block; margin: 20px 0; padding: 0; float: none; position: static; text-align: center;\"><img decoding=\"async\"  src=\"https:\/\/a.allegroimg.com\/original\/11667a\/294338b34fe5947b91452cce17ef\/2x-CST-CL31-175-80R14-99-98-N\" srcset=\"https:\/\/a.allegroimg.com\/original\/11667a\/294338b34fe5947b91452cce17ef\/2x-CST-CL31-175-80R14-99-98-N 295w,https:\/\/a.allegroimg.com\/original\/11667a\/294338b34fe5947b91452cce17ef\/2x-CST-CL31-175-80R14-99-98-N 591w,https:\/\/a.allegroimg.com\/original\/11667a\/294338b34fe5947b91452cce17ef\/2x-CST-CL31-175-80R14-99-98-N 841w,https:\/\/a.allegroimg.com\/original\/11667a\/294338b34fe5947b91452cce17ef\/2x-CST-CL31-175-80R14-99-98-N 920w,https:\/\/a.allegroimg.com\/original\/11667a\/294338b34fe5947b91452cce17ef\/2x-CST-CL31-175-80R14-99-98-N 920w\" sizes=\"(min-width: 1200px) 560px, (min-width: 992px) 50vw, 100vw\" width=\"920px\" alt=\"2x CST CL31 175\/80R14 99\/98 N\" style=\"max-width: 100%; height: auto; display: block; margin: 0 auto;\"><\/div>\n<\/div>\n<\/div>\n<\/div>\n<\/div>\n<div style=\"clear: both; display: block; margin: 10px 0;\">\n<div style=\"clear: both; display: block; margin: 10px 0;\">\n<h2>Letnie opony CST CL31 175\/80 R14 99\/98 N<\/h2>\n<p style=\"margin: 15px 0; line-height: 1.8; clear: both; display: block; width: 100%; float: none; position: static;\">Opony CST CL31 to znacz\u0105cy model w portfolio producenta.&nbsp;<\/p>\n<ul style=\"margin: 15px 0; padding-left: 20px; clear: both; display: block; width: 100%; float: none; position: static;\">\n<li style=\"margin: 5px 0; padding: 2px 0; clear: both; display: list-item; float: none; position: static;\"><b>Stan:<\/b>&nbsp;Nowy<\/li>\n<li style=\"margin: 5px 0; padding: 2px 0; clear: both; display: list-item; float: none; position: static;\"><b>EAN:<\/b>&nbsp;6933882584457<\/li>\n<li style=\"margin: 5px 0; padding: 2px 0; clear: both; display: list-item; float: none; position: static;\"><b>Producent:<\/b> CST<\/li>\n<li style=\"margin: 5px 0; padding: 2px 0; clear: both; display: list-item; float: none; position: static;\"><b>Model:<\/b> CL31<\/li>\n<li style=\"margin: 5px 0; padding: 2px 0; clear: both; display: list-item; float: none; position: static;\"><b>Rozmiar:<\/b> 175\/80 R14<\/li>\n<li style=\"margin: 5px 0; padding: 2px 0; clear: both; display: list-item; float: none; position: static;\"><b>Indeks no\u015bno\u015bci:<\/b> 99\/98<\/li>\n<li style=\"margin: 5px 0; padding: 2px 0; clear: both; display: list-item; float: none; position: static;\"><b>Indeks pr\u0119dko\u015bci:<\/b> N<\/li>\n<li style=\"margin: 5px 0; padding: 2px 0; clear: both; display: list-item; float: none; position: static;\"><b>Ha\u0142as db:<\/b>&nbsp;71<\/li>\n<li style=\"margin: 5px 0; padding: 2px 0; clear: both; display: list-item; float: none; position: static;\"><b>Sezon:<\/b> Letnie<\/li>\n<li style=\"margin: 5px 0; padding: 2px 0; clear: both; display: list-item; float: none; position: static;\"><b>Rok produkcji:<\/b> nie starsze ni\u017c 36 miesi\u0119cy<\/li>\n<li style=\"margin: 5px 0; padding: 2px 0; clear: both; display: list-item; float: none; position: static;\"><b>Przeznaczenie:<\/b> Dostawcze<\/li>\n<li style=\"margin: 5px 0; padding: 2px 0; clear: both; display: list-item; float: none; position: static;\"><b>Kl. przycz. na mokrej naw.:<\/b>&nbsp;B<\/li>\n<li style=\"margin: 5px 0; padding: 2px 0; clear: both; display: list-item; float: none; position: static;\"><b>Kl. efekt. paliwowej:&nbsp;<\/b>E<\/li>\n<\/ul>\n<\/div>\n<\/div>\n<\/div>\n<div style=\"clear: both; display: block; margin: 10px 0;\">\n<div style=\"clear: both; display: block; margin: 10px 0;\">\n<div style=\"clear: both; display: block; margin: 10px 0;\">\n<div  style=\"max-width:800px;max-height:350px\">\n<div style=\"clear: both; display: block; margin: 10px 0;\">\n<div style=\"clear: both; width: 100%; display: block; margin: 20px 0; padding: 0; float: none; position: static; text-align: center;\"><img decoding=\"async\"  src=\"https:\/\/a.allegroimg.com\/original\/1168c1\/5cb61e1a4d559c3927c142106839\/2x-CST-CL31-175-80R14-99-98-N-Liczba-opon-w-ofercie-2-szt\" srcset=\"https:\/\/a.allegroimg.com\/original\/1168c1\/5cb61e1a4d559c3927c142106839\/2x-CST-CL31-175-80R14-99-98-N-Liczba-opon-w-ofercie-2-szt 360w,https:\/\/a.allegroimg.com\/original\/1168c1\/5cb61e1a4d559c3927c142106839\/2x-CST-CL31-175-80R14-99-98-N-Liczba-opon-w-ofercie-2-szt 720w,https:\/\/a.allegroimg.com\/original\/1168c1\/5cb61e1a4d559c3927c142106839\/2x-CST-CL31-175-80R14-99-98-N-Liczba-opon-w-ofercie-2-szt 800w,https:\/\/a.allegroimg.com\/original\/1168c1\/5cb61e1a4d559c3927c142106839\/2x-CST-CL31-175-80R14-99-98-N-Liczba-opon-w-ofercie-2-szt 800w\" sizes=\"100vw\" width=\"800px\" alt=\"2x CST CL31 175\/80R14 99\/98 N Liczba opon w ofercie 2 szt.\" style=\"max-width: 100%; height: auto; display: block; margin: 0 auto;\"><\/div>\n<\/div>\n<\/div>\n<\/div>\n<\/div>\n<\/div>\n<div style=\"clear: both; display: block; margin: 10px 0;\">\n<div style=\"clear: both; display: block; margin: 10px 0;\">\n<div style=\"clear: both; display: block; margin: 10px 0;\">\n<p style=\"margin: 15px 0; line-height: 1.8; clear: both; display: block; width: 100%; float: none; position: static;\">Cheng Shin Tire (CST)&nbsp; to niezawodny producent opon, kt\u00f3rego historia si\u0119ga lat 60. XX wieku. Od tamtego czasu firma nieustannie rozwija swoje produkty i zdobywa uznanie na ca\u0142ym \u015bwiecie. Specjalizuj\u0105c si\u0119 w produkcji opon dla r\u00f3\u017cnorodnych pojazd\u00f3w, CST oferuje szeroki asortyment wysokiej jako\u015bci produkt\u00f3w.G\u0142\u00f3wnym segmentem, w kt\u00f3rym CST odnosi sukces, s\u0105 opony przeznaczone do rower\u00f3w. Od lekkich opon szosowych po wytrzyma\u0142e opony g\u00f3rskie, CST oferuje rozwi\u0105zania dla ka\u017cdego typu rowerzysty. Ich opony cechuje nie tylko doskona\u0142a przyczepno\u015b\u0107 i wydajno\u015b\u0107, ale tak\u017ce trwa\u0142o\u015b\u0107, co sprawia, \u017ce s\u0105 one wybierane przez profesjonalist\u00f3w oraz amator\u00f3w na ca\u0142ym \u015bwiecie.Ponadto, CST produkuje tak\u017ce opony do motocykli, w tym do motocykli szosowych, cruiser\u00f3w, sportowych oraz off-road. Dzi\u0119ki zaawansowanym technologiom i materia\u0142om, opony CST zapewniaj\u0105 nie tylko bezpiecze\u0144stwo, ale tak\u017ce komfort jazdy i doskona\u0142\u0105 przyczepno\u015b\u0107 nawet w trudnych warunkach.Nie mo\u017cna pomin\u0105\u0107 r\u00f3wnie\u017c oferty opon CST dla pojazd\u00f3w terenowych, takich jak quady, ATV i pojazdy off-road. Opony te s\u0105 zaprojektowane z my\u015bl\u0105 o ekstremalnych warunkach terenowych, zapewniaj\u0105c doskona\u0142\u0105 trakcj\u0119 i ochron\u0119 przed uszkodzeniami.CST to nie tylko producent opon, ale r\u00f3wnie\u017c marka, kt\u00f3ra anga\u017cuje si\u0119 w r\u00f3\u017cnego rodzaju akcje spo\u0142eczne i ekologiczne. Dba\u0142o\u015b\u0107 o \u015brodowisko naturalne oraz promowanie aktywnego stylu \u017cycia s\u0105 dla CST priorytetem.Zaanga\u017cowanie w ci\u0105g\u0142y rozw\u00f3j i innowacje sprawiaj\u0105, \u017ce opony CST s\u0105 wybierane przez szerokie grono klient\u00f3w na ca\u0142ym \u015bwiecie, ceni\u0105cych nie tylko wysok\u0105 jako\u015b\u0107, ale tak\u017ce niezawodno\u015b\u0107 i innowacyjno\u015b\u0107 produkt\u00f3w. Dzi\u0119ki swoim zak\u0142adom produkcyjnym w Xiamen w Chinach, CST mo\u017ce poszczyci\u0107 si\u0119 \u015bwiatowej klasy sprz\u0119tem produkcyjnym oraz innowacyjn\u0105 technologi\u0105. Firma k\u0142adzie du\u017cy nacisk na jako\u015b\u0107, terminowo\u015b\u0107 dostaw i satysfakcj\u0119 klienta, przestrzegaj\u0105c przy tym najbardziej rygorystycznych standard\u00f3w mi\u0119dzynarodowych. W swoich zak\u0142adach CST zatrudnia przesz\u0142o 25000 pracownik\u00f3w.<\/p>\n<\/div>\n<\/div>\n<\/div>\n<div style=\"clear: both; display: block; margin: 10px 0;\">\n<div style=\"clear: both; display: block; margin: 10px 0;\">\n<div style=\"clear: both; display: block; margin: 10px 0;\">\n<div  style=\"max-width:1200px;max-height:1758px\">\n<div style=\"clear: both; display: block; margin: 10px 0;\">\n<div style=\"clear: both; width: 100%; display: block; margin: 20px 0; padding: 0; float: none; position: static; text-align: center;\"><img decoding=\"async\"  src=\"https:\/\/a.allegroimg.com\/original\/11eeee\/608d5e244d48955f3916014ae3d3\/2x-CST-CL31-175-80R14-99-98-N-Marka-CST\" srcset=\"https:\/\/a.allegroimg.com\/original\/11eeee\/608d5e244d48955f3916014ae3d3\/2x-CST-CL31-175-80R14-99-98-N-Marka-CST 245w,https:\/\/a.allegroimg.com\/original\/11eeee\/608d5e244d48955f3916014ae3d3\/2x-CST-CL31-175-80R14-99-98-N-Marka-CST 491w,https:\/\/a.allegroimg.com\/original\/11eeee\/608d5e244d48955f3916014ae3d3\/2x-CST-CL31-175-80R14-99-98-N-Marka-CST 698w,https:\/\/a.allegroimg.com\/original\/11eeee\/608d5e244d48955f3916014ae3d3\/2x-CST-CL31-175-80R14-99-98-N-Marka-CST 982w,https:\/\/a.allegroimg.com\/original\/11eeee\/608d5e244d48955f3916014ae3d3\/2x-CST-CL31-175-80R14-99-98-N-Marka-CST 1200w\" sizes=\"(min-width: 1200px) 560px, (min-width: 992px) 50vw, 100vw\" width=\"1200px\" alt=\"2x CST CL31 175\/80R14 99\/98 N Marka CST\" style=\"max-width: 100%; height: auto; display: block; margin: 0 auto;\"><\/div>\n<\/div>\n<\/div>\n<\/div>\n<\/div>\n<div style=\"clear: both; display: block; margin: 10px 0;\">\n<div style=\"clear: both; display: block; margin: 10px 0;\">\n<p style=\"margin: 15px 0; line-height: 1.8; clear: both; display: block; width: 100%; float: none; position: static;\">Dlaczego warto wybra\u0107 nasz\u0105 ofert\u0119?<\/p>\n<p style=\"margin: 15px 0; line-height: 1.8; clear: both; display: block; width: 100%; float: none; position: static;\">Jeste\u015bmy pasjonatami, kt\u00f3rzy dziel\u0105 si\u0119 swoj\u0105 wiedz\u0105 i zaanga\u017cowaniem, aby pom\u00f3c klientom w dokonaniu najlepszego wyboru opon.<\/p>\n<p style=\"margin: 15px 0; line-height: 1.8; clear: both; display: block; width: 100%; float: none; position: static;\">Oferujemy szeroki asortyment opon, obejmuj\u0105cy auta osobowe, dostawcze, ci\u0119\u017carowe, motocykle i opony przemys\u0142owe.Zapewniamy gwarancj\u0119 satysfakcji oraz bezpiecze\u0144stwo.<\/p>\n<p style=\"margin: 15px 0; line-height: 1.8; clear: both; display: block; width: 100%; float: none; position: static;\">Do\u0142\u0105cz do grona naszych zadowolonych klient\u00f3w i przekonaj si\u0119 o naszej jako\u015bci.<\/p>\n<p style=\"margin: 15px 0; line-height: 1.8; clear: both; display: block; width: 100%; float: none; position: static;\">ZAPRASZAMY DO ZAKUP\u00d3W.<\/p>\n<p style=\"margin: 15px 0; line-height: 1.8; clear: both; display: block; width: 100%; float: none; position: static;\">&nbsp;<\/p>\n<p style=\"margin: 15px 0; line-height: 1.8; clear: both; display: block; width: 100%; float: none; position: static;\">&nbsp;<\/p>\n<\/div>\n<\/div>\n<\/div>\n<\/div>\n<\/div>\n<\/div>\n<div style=\"clear: both; display: block; margin: 10px 0;\">\n","protected":false},"excerpt":{"rendered":"<p>2x CST CL31 175\/80R14 99\/98 N<\/p>\n<p>Letnie opony CST CL31 175\/80 R14 99\/98 N<\/p>\n<p>Opony CST CL31 to znacz\u0105cy model w portfolio producenta.&nbsp;<\/p>\n<p>Stan:&nbsp;Nowy<\/p>\n<p>EAN:&nbsp;6933882584457<\/p>\n<p>Producent: CST<\/p>\n<p>Model: CL31<\/p>\n<p>Rozmiar: 175\/80 R14<\/p>\n","protected":false},"featured_media":16345,"template":"","meta":{"_uag_custom_page_level_css":""},"product_brand":[520],"product_cat":[417,418,413,412],"product_tag":[],"class_list":{"0":"post-16344","1":"product","2":"type-product","3":"status-publish","4":"has-post-thumbnail","6":"product_brand-cst","7":"product_cat-do-samochodow-dostawczych","8":"product_cat-letnie","9":"product_cat-opony","10":"product_cat-opony-i-felgi","12":"first","13":"instock","14":"shipping-taxable","15":"purchasable","16":"product-type-simple"},"uagb_featured_image_src":{"full":["https:\/\/oponixo.shop\/tire\/wp-content\/uploads\/2026\/01\/allegro-image-16344.jpg",920,1120,false],"thumbnail":["https:\/\/oponixo.shop\/tire\/wp-content\/uploads\/2026\/01\/allegro-image-16344-150x150.jpg",150,150,true],"medium":["https:\/\/oponixo.shop\/tire\/wp-content\/uploads\/2026\/01\/allegro-image-16344-246x300.jpg",246,300,true],"medium_large":["https:\/\/oponixo.shop\/tire\/wp-content\/uploads\/2026\/01\/allegro-image-16344-768x935.jpg",768,935,true],"large":["https:\/\/oponixo.shop\/tire\/wp-content\/uploads\/2026\/01\/allegro-image-16344-841x1024.jpg",841,1024,true],"1536x1536":["https:\/\/oponixo.shop\/tire\/wp-content\/uploads\/2026\/01\/allegro-image-16344.jpg",920,1120,false],"2048x2048":["https:\/\/oponixo.shop\/tire\/wp-content\/uploads\/2026\/01\/allegro-image-16344.jpg",920,1120,false],"woocommerce_thumbnail":["https:\/\/oponixo.shop\/tire\/wp-content\/uploads\/2026\/01\/allegro-image-16344-300x300.jpg",300,300,true],"woocommerce_single":["https:\/\/oponixo.shop\/tire\/wp-content\/uploads\/2026\/01\/allegro-image-16344-600x730.jpg",600,730,true],"woocommerce_gallery_thumbnail":["https:\/\/oponixo.shop\/tire\/wp-content\/uploads\/2026\/01\/allegro-image-16344-100x100.jpg",100,100,true]},"uagb_author_info":{"display_name":"admin","author_link":"https:\/\/oponixo.shop\/tire\/author\/"},"uagb_comment_info":0,"uagb_excerpt":"2x CST CL31 175\/80R14 99\/98 N Letnie opony CST CL31 175\/80 R14 99\/98 N Opony CST CL31 to znacz\u0105cy model w portfolio producenta.&nbsp; Stan:&nbsp;Nowy EAN:&nbsp;6933882584457 Producent: CST Model: CL31 Rozmiar: 175\/80 R14","_links":{"self":[{"href":"https:\/\/oponixo.shop\/tire\/wp-json\/wp\/v2\/product\/16344","targetHints":{"allow":["GET"]}}],"collection":[{"href":"https:\/\/oponixo.shop\/tire\/wp-json\/wp\/v2\/product"}],"about":[{"href":"https:\/\/oponixo.shop\/tire\/wp-json\/wp\/v2\/types\/product"}],"wp:featuredmedia":[{"embeddable":true,"href":"https:\/\/oponixo.shop\/tire\/wp-json\/wp\/v2\/media\/16345"}],"wp:attachment":[{"href":"https:\/\/oponixo.shop\/tire\/wp-json\/wp\/v2\/media?parent=16344"}],"wp:term":[{"taxonomy":"product_brand","embeddable":true,"href":"https:\/\/oponixo.shop\/tire\/wp-json\/wp\/v2\/product_brand?post=16344"},{"taxonomy":"product_cat","embeddable":true,"href":"https:\/\/oponixo.shop\/tire\/wp-json\/wp\/v2\/product_cat?post=16344"},{"taxonomy":"product_tag","embeddable":true,"href":"https:\/\/oponixo.shop\/tire\/wp-json\/wp\/v2\/product_tag?post=16344"}],"curies":[{"name":"wp","href":"https:\/\/api.w.org\/{rel}","templated":true}]}}