{"id":16386,"date":"2026-01-17T13:37:48","date_gmt":"2026-01-17T12:37:48","guid":{"rendered":"https:\/\/oponyonline.shop\/xef5\/produkt\/2x-opony-letnie-235-40-r18-continental-contisportcontact-3-fr-mo-91y-40r18\/"},"modified":"2026-01-17T13:37:49","modified_gmt":"2026-01-17T12:37:49","slug":"2x-opony-letnie-235-40-r18-continental-contisportcontact-3-fr-mo-91y-40r18","status":"publish","type":"product","link":"https:\/\/oponixo.shop\/tire\/produkt\/2x-opony-letnie-235-40-r18-continental-contisportcontact-3-fr-mo-91y-40r18\/","title":{"rendered":"2x Opony letnie 235 40 R18 Continental Contisportcontact 3 fr mo 91Y 40R18"},"content":{"rendered":"<div style=\"font-family: Arial, sans-serif; line-height: 1.6; color: #333; padding: 20px; clear: both; display: block; width: 100%; float: none; position: static; overflow: hidden;\">\n<div style=\"clear: both; display: block; margin: 10px 0;\">\n<div style=\"clear: both; display: block; margin: 10px 0;\">\n<div style=\"clear: both; display: block; margin: 10px 0;\">\n<div  style=\"max-width:1282px;max-height:1395px\">\n<div style=\"clear: both; display: block; margin: 10px 0;\">\n<div style=\"clear: both; width: 100%; display: block; margin: 20px 0; padding: 0; float: none; position: static; text-align: center;\"><img decoding=\"async\"  src=\"https:\/\/a.allegroimg.com\/original\/11c46c\/385357a941959ab405759d7b480f\/2x-Opony-letnie-235-40-R18-Continental-Contisportcontact-3-fr-mo-91Y-40R18\" srcset=\"https:\/\/a.allegroimg.com\/original\/11c46c\/385357a941959ab405759d7b480f\/2x-Opony-letnie-235-40-R18-Continental-Contisportcontact-3-fr-mo-91Y-40R18 330w,https:\/\/a.allegroimg.com\/original\/11c46c\/385357a941959ab405759d7b480f\/2x-Opony-letnie-235-40-R18-Continental-Contisportcontact-3-fr-mo-91Y-40R18 661w,https:\/\/a.allegroimg.com\/original\/11c46c\/385357a941959ab405759d7b480f\/2x-Opony-letnie-235-40-R18-Continental-Contisportcontact-3-fr-mo-91Y-40R18 941w,https:\/\/a.allegroimg.com\/original\/11c46c\/385357a941959ab405759d7b480f\/2x-Opony-letnie-235-40-R18-Continental-Contisportcontact-3-fr-mo-91Y-40R18 1282w,https:\/\/a.allegroimg.com\/original\/11c46c\/385357a941959ab405759d7b480f\/2x-Opony-letnie-235-40-R18-Continental-Contisportcontact-3-fr-mo-91Y-40R18 1282w\" sizes=\"(min-width: 1200px) 560px, (min-width: 992px) 50vw, 100vw\" width=\"1282px\" alt=\"2x Opony letnie 235 40 R18 Continental Contisportcontact 3 fr mo 91Y 40R18\" style=\"max-width: 100%; height: auto; display: block; margin: 0 auto;\"><\/div>\n<\/div>\n<\/div>\n<\/div>\n<\/div>\n<div style=\"clear: both; display: block; margin: 10px 0;\">\n<div style=\"clear: both; display: block; margin: 10px 0;\">\n<h1>2x Opony letnie 235 40 R18 Continental Contisportcontact 3 fr mo 91Y 40R18<\/h1>\n<h2>Specyfikacja produktu:<\/h2>\n<ul style=\"margin: 15px 0; padding-left: 20px; clear: both; display: block; width: 100%; float: none; position: static;\">\n<li style=\"margin: 5px 0; padding: 2px 0; clear: both; display: list-item; float: none; position: static;\">Rozmiar: <b>235\/40R18<\/b><\/li>\n<li style=\"margin: 5px 0; padding: 2px 0; clear: both; display: list-item; float: none; position: static;\">Sezon: <b>LATO<\/b><\/li>\n<li style=\"margin: 5px 0; padding: 2px 0; clear: both; display: list-item; float: none; position: static;\">Model: <b>ContiSportContact 3 FR MO<\/b><\/li>\n<li style=\"margin: 5px 0; padding: 2px 0; clear: both; display: list-item; float: none; position: static;\">Szeroko\u015b\u0107: <b>235<\/b><\/li>\n<li style=\"margin: 5px 0; padding: 2px 0; clear: both; display: list-item; float: none; position: static;\">Profil: <b>40<\/b><\/li>\n<li style=\"margin: 5px 0; padding: 2px 0; clear: both; display: list-item; float: none; position: static;\">Poziom ha\u0142asu dB: <b>72<\/b><\/li>\n<li style=\"margin: 5px 0; padding: 2px 0; clear: both; display: list-item; float: none; position: static;\">No\u015bno\u015b\u0107: <b>91<\/b><\/li>\n<li style=\"margin: 5px 0; padding: 2px 0; clear: both; display: list-item; float: none; position: static;\">Poziom ha\u0142asu: <b>A<\/b><\/li>\n<li style=\"margin: 5px 0; padding: 2px 0; clear: both; display: list-item; float: none; position: static;\">Przyczepno\u015b\u0107 na mokrym: <b>B<\/b><\/li>\n<li style=\"margin: 5px 0; padding: 2px 0; clear: both; display: list-item; float: none; position: static;\">Op\u00f3r toczenia: <b>E<\/b><\/li>\n<li style=\"margin: 5px 0; padding: 2px 0; clear: both; display: list-item; float: none; position: static;\">Typ pojazdu: <b>OSOBOWE<\/b><\/li>\n<li style=\"margin: 5px 0; padding: 2px 0; clear: both; display: list-item; float: none; position: static;\">Dodatkowe: <b>Rant ochronny<\/b><\/li>\n<li style=\"margin: 5px 0; padding: 2px 0; clear: both; display: list-item; float: none; position: static;\">Indeks pr\u0119dko\u015bci: <b>Y<\/b><\/li>\n<li style=\"margin: 5px 0; padding: 2px 0; clear: both; display: list-item; float: none; position: static;\">Producent: <b>CONTINENTAL<\/b><\/li>\n<\/ul>\n<h2>Sprzedajemy tylko nowe opony i zawsze pierwszego gatunku!<\/h2>\n<\/div>\n<\/div>\n<\/div>\n<div style=\"clear: both; display: block; margin: 10px 0;\">\n<div style=\"clear: both; display: block; margin: 10px 0;\">\n<div style=\"clear: both; display: block; margin: 10px 0;\">\n<h2>Dlaczego warto kupi\u0107 te opony:<\/h2>\n<ul style=\"margin: 15px 0; padding-left: 20px; clear: both; display: block; width: 100%; float: none; position: static;\">\n<li style=\"margin: 5px 0; padding: 2px 0; clear: both; display: list-item; float: none; position: static;\">Dzi\u0119ki znacznie zmniejszonemu ryzyku aquaplaningu CONTINENTAL ContiSportContact 3 FR MO to najlepszy wyb\u00f3r do jazdy latem. Zosta\u0142 r\u00f3wnie\u017c wzbogacony o nowy wz\u00f3r bie\u017cnika, kt\u00f3ry zapewnia lepsz\u0105 przyczepno\u015b\u0107 na mokrej nawierzchni. Nowa konstrukcja opony zapewnia doskona\u0142e osi\u0105gi, odprowadzanie wody i komfort podczas codziennej jazdy. Asymetryczny wz\u00f3r bie\u017cnika opony zapewnia doskona\u0142e odprowadzanie wody oraz si\u0142\u0119 hamowania, nawet podczas ulewnego deszczu. Opona ta posiada rant ochronny oraz homologacj\u0119 Mercedes-Benz.<\/li>\n<\/ul>\n<\/div>\n<\/div>\n<div style=\"clear: both; display: block; margin: 10px 0;\">\n<div style=\"clear: both; display: block; margin: 10px 0;\">\n<div  style=\"max-width:800px;max-height:259px\">\n<div style=\"clear: both; display: block; margin: 10px 0;\">\n<div style=\"clear: both; width: 100%; display: block; margin: 20px 0; padding: 0; float: none; position: static; text-align: center;\"><img decoding=\"async\"  src=\"https:\/\/a.allegroimg.com\/original\/11a169\/15d72fa64d32b2f0001d32ef5fde\/2x-Opony-letnie-235-40-R18-Continental-Contisportcontact-3-fr-mo-91Y-40R18-Liczba-opon-w-ofercie-2-szt\" srcset=\"https:\/\/a.allegroimg.com\/original\/11a169\/15d72fa64d32b2f0001d32ef5fde\/2x-Opony-letnie-235-40-R18-Continental-Contisportcontact-3-fr-mo-91Y-40R18-Liczba-opon-w-ofercie-2-szt 360w,https:\/\/a.allegroimg.com\/original\/11a169\/15d72fa64d32b2f0001d32ef5fde\/2x-Opony-letnie-235-40-R18-Continental-Contisportcontact-3-fr-mo-91Y-40R18-Liczba-opon-w-ofercie-2-szt 720w,https:\/\/a.allegroimg.com\/original\/11a169\/15d72fa64d32b2f0001d32ef5fde\/2x-Opony-letnie-235-40-R18-Continental-Contisportcontact-3-fr-mo-91Y-40R18-Liczba-opon-w-ofercie-2-szt 800w,https:\/\/a.allegroimg.com\/original\/11a169\/15d72fa64d32b2f0001d32ef5fde\/2x-Opony-letnie-235-40-R18-Continental-Contisportcontact-3-fr-mo-91Y-40R18-Liczba-opon-w-ofercie-2-szt 800w\" sizes=\"(min-width: 1200px) 560px, (min-width: 992px) 50vw, 100vw\" width=\"800px\" alt=\"2x Opony letnie 235 40 R18 Continental Contisportcontact 3 fr mo 91Y 40R18 Liczba opon w ofercie 2 szt.\" style=\"max-width: 100%; height: auto; display: block; margin: 0 auto;\"><\/div>\n<\/div>\n<\/div>\n<\/div>\n<\/div>\n<\/div>\n<\/div>\n<\/div>\n<\/div>\n<div style=\"clear: both; display: block; margin: 10px 0;\">\n","protected":false},"excerpt":{"rendered":"<p>2x Opony letnie 235 40 R18 Continental Contisportcontact 3 fr mo 91Y 40R18<\/p>\n<p>Specyfikacja produktu:<\/p>\n<p>Rozmiar: 235\/40R18<\/p>\n<p>Sezon: LATO<\/p>\n<p>Model: ContiSportContact 3 FR MO<\/p>\n<p>Szeroko\u015b\u0107: 235<\/p>\n<p>Profil: 40<\/p>\n<p>Poziom ha\u0142asu dB: 72<\/p>\n","protected":false},"featured_media":16387,"template":"","meta":{"_uag_custom_page_level_css":""},"product_brand":[396],"product_cat":[414,418,413,412],"product_tag":[],"class_list":{"0":"post-16386","1":"product","2":"type-product","3":"status-publish","4":"has-post-thumbnail","6":"product_brand-continental","7":"product_cat-do-samochodow-osobowych-i-suv","8":"product_cat-letnie","9":"product_cat-opony","10":"product_cat-opony-i-felgi","12":"first","13":"instock","14":"shipping-taxable","15":"purchasable","16":"product-type-simple"},"uagb_featured_image_src":{"full":["https:\/\/oponixo.shop\/tire\/wp-content\/uploads\/2026\/01\/allegro-image-16386.jpg",1282,1395,false],"thumbnail":["https:\/\/oponixo.shop\/tire\/wp-content\/uploads\/2026\/01\/allegro-image-16386-150x150.jpg",150,150,true],"medium":["https:\/\/oponixo.shop\/tire\/wp-content\/uploads\/2026\/01\/allegro-image-16386-276x300.jpg",276,300,true],"medium_large":["https:\/\/oponixo.shop\/tire\/wp-content\/uploads\/2026\/01\/allegro-image-16386-768x836.jpg",768,836,true],"large":["https:\/\/oponixo.shop\/tire\/wp-content\/uploads\/2026\/01\/allegro-image-16386-941x1024.jpg",941,1024,true],"1536x1536":["https:\/\/oponixo.shop\/tire\/wp-content\/uploads\/2026\/01\/allegro-image-16386.jpg",1282,1395,false],"2048x2048":["https:\/\/oponixo.shop\/tire\/wp-content\/uploads\/2026\/01\/allegro-image-16386.jpg",1282,1395,false],"woocommerce_thumbnail":["https:\/\/oponixo.shop\/tire\/wp-content\/uploads\/2026\/01\/allegro-image-16386-300x300.jpg",300,300,true],"woocommerce_single":["https:\/\/oponixo.shop\/tire\/wp-content\/uploads\/2026\/01\/allegro-image-16386-600x653.jpg",600,653,true],"woocommerce_gallery_thumbnail":["https:\/\/oponixo.shop\/tire\/wp-content\/uploads\/2026\/01\/allegro-image-16386-100x100.jpg",100,100,true]},"uagb_author_info":{"display_name":"admin","author_link":"https:\/\/oponixo.shop\/tire\/author\/"},"uagb_comment_info":0,"uagb_excerpt":"2x Opony letnie 235 40 R18 Continental Contisportcontact 3 fr mo 91Y 40R18 Specyfikacja produktu: Rozmiar: 235\/40R18 Sezon: LATO Model: ContiSportContact 3 FR MO Szeroko\u015b\u0107: 235 Profil: 40 Poziom ha\u0142asu dB: 72","_links":{"self":[{"href":"https:\/\/oponixo.shop\/tire\/wp-json\/wp\/v2\/product\/16386","targetHints":{"allow":["GET"]}}],"collection":[{"href":"https:\/\/oponixo.shop\/tire\/wp-json\/wp\/v2\/product"}],"about":[{"href":"https:\/\/oponixo.shop\/tire\/wp-json\/wp\/v2\/types\/product"}],"wp:featuredmedia":[{"embeddable":true,"href":"https:\/\/oponixo.shop\/tire\/wp-json\/wp\/v2\/media\/16387"}],"wp:attachment":[{"href":"https:\/\/oponixo.shop\/tire\/wp-json\/wp\/v2\/media?parent=16386"}],"wp:term":[{"taxonomy":"product_brand","embeddable":true,"href":"https:\/\/oponixo.shop\/tire\/wp-json\/wp\/v2\/product_brand?post=16386"},{"taxonomy":"product_cat","embeddable":true,"href":"https:\/\/oponixo.shop\/tire\/wp-json\/wp\/v2\/product_cat?post=16386"},{"taxonomy":"product_tag","embeddable":true,"href":"https:\/\/oponixo.shop\/tire\/wp-json\/wp\/v2\/product_tag?post=16386"}],"curies":[{"name":"wp","href":"https:\/\/api.w.org\/{rel}","templated":true}]}}