{"id":16392,"date":"2026-01-17T13:37:50","date_gmt":"2026-01-17T12:37:50","guid":{"rendered":"https:\/\/oponyonline.shop\/xef5\/produkt\/2x-bfgoodrich-all-terrain-t-a-ko2-235-70r16-104s\/"},"modified":"2026-01-17T13:37:51","modified_gmt":"2026-01-17T12:37:51","slug":"2x-bfgoodrich-all-terrain-t-a-ko2-235-70r16-104s","status":"publish","type":"product","link":"https:\/\/oponixo.shop\/tire\/produkt\/2x-bfgoodrich-all-terrain-t-a-ko2-235-70r16-104s\/","title":{"rendered":"2x BFGoodrich ALL-TERRAIN T\/A KO2 235\/70R16 104S"},"content":{"rendered":"<div style=\"font-family: Arial, sans-serif; line-height: 1.6; color: #333; padding: 20px; clear: both; display: block; width: 100%; float: none; position: static; overflow: hidden;\">\n<div style=\"clear: both; display: block; margin: 10px 0;\">\n<div style=\"clear: both; display: block; margin: 10px 0;\">\n<div style=\"clear: both; display: block; margin: 10px 0;\">\n<h1>2x nowe opony caloroczne BFGOODRICH ALL-TERRAIN T\/A KO2 235\/70R16 104S<\/h1>\n<p style=\"margin: 15px 0; line-height: 1.8; clear: both; display: block; width: 100%; float: none; position: static;\">Cechy produktu<\/p>\n<ul style=\"margin: 15px 0; padding-left: 20px; clear: both; display: block; width: 100%; float: none; position: static;\">\n<li style=\"margin: 5px 0; padding: 2px 0; clear: both; display: list-item; float: none; position: static;\">Marka: BFGoodrich<\/li>\n<li style=\"margin: 5px 0; padding: 2px 0; clear: both; display: list-item; float: none; position: static;\">Model: ALL-TERRAIN T\/A KO2<\/li>\n<li style=\"margin: 5px 0; padding: 2px 0; clear: both; display: list-item; float: none; position: static;\">Szeroko\u015b\u0107\/profil\/\u015brednica: 235\/70R16<\/li>\n<li style=\"margin: 5px 0; padding: 2px 0; clear: both; display: list-item; float: none; position: static;\">Indeks no\u015bno\u015bci: do 104 (900 kg na opon\u0119)<\/li>\n<li style=\"margin: 5px 0; padding: 2px 0; clear: both; display: list-item; float: none; position: static;\">Indeks pr\u0119dko\u015bci: S (do 180 km\/h)<\/li>\n<li style=\"margin: 5px 0; padding: 2px 0; clear: both; display: list-item; float: none; position: static;\">Sezon: caloroczne<\/li>\n<li style=\"margin: 5px 0; padding: 2px 0; clear: both; display: list-item; float: none; position: static;\">Typ pojazdu: 4&#215;4<\/li>\n<li style=\"margin: 5px 0; padding: 2px 0; clear: both; display: list-item; float: none; position: static;\">Klasa energetyczna: E<\/li>\n<li style=\"margin: 5px 0; padding: 2px 0; clear: both; display: list-item; float: none; position: static;\">Klasa przyczepno\u015bci: B<\/li>\n<li style=\"margin: 5px 0; padding: 2px 0; clear: both; display: list-item; float: none; position: static;\">Poziom ha\u0142asu: 74<\/li>\n<li style=\"margin: 5px 0; padding: 2px 0; clear: both; display: list-item; float: none; position: static;\">Klasa ha\u0142asu: B<\/li>\n<li style=\"margin: 5px 0; padding: 2px 0; clear: both; display: list-item; float: none; position: static;\">Rok produkcji: 2024\/2025<\/li>\n<\/ul>\n<\/div>\n<\/div>\n<div style=\"clear: both; display: block; margin: 10px 0;\">\n<div style=\"clear: both; display: block; margin: 10px 0;\">\n<div  style=\"max-width:711px;max-height:800px\">\n<div style=\"clear: both; display: block; margin: 10px 0;\">\n<div style=\"clear: both; width: 100%; display: block; margin: 20px 0; padding: 0; float: none; position: static; text-align: center;\"><img decoding=\"async\"  src=\"https:\/\/a.allegroimg.com\/original\/11e588\/8e206bfd4eb3a156cb4186ba4aa2\/2x-BFGoodrich-ALL-TERRAIN-T-A-KO2-235-70R16-104S\" srcset=\"https:\/\/a.allegroimg.com\/original\/11e588\/8e206bfd4eb3a156cb4186ba4aa2\/2x-BFGoodrich-ALL-TERRAIN-T-A-KO2-235-70R16-104S 319w,https:\/\/a.allegroimg.com\/original\/11e588\/8e206bfd4eb3a156cb4186ba4aa2\/2x-BFGoodrich-ALL-TERRAIN-T-A-KO2-235-70R16-104S 639w,https:\/\/a.allegroimg.com\/original\/11e588\/8e206bfd4eb3a156cb4186ba4aa2\/2x-BFGoodrich-ALL-TERRAIN-T-A-KO2-235-70R16-104S 711w,https:\/\/a.allegroimg.com\/original\/11e588\/8e206bfd4eb3a156cb4186ba4aa2\/2x-BFGoodrich-ALL-TERRAIN-T-A-KO2-235-70R16-104S 711w\" sizes=\"(min-width: 1200px) 560px, (min-width: 992px) 50vw, 100vw\" width=\"711px\" alt=\"2x BFGoodrich ALL-TERRAIN T\/A KO2 235\/70R16 104S\" style=\"max-width: 100%; height: auto; display: block; margin: 0 auto;\"><\/div>\n<\/div>\n<\/div>\n<\/div>\n<\/div>\n<\/div>\n<div style=\"clear: both; display: block; margin: 10px 0;\">\n<div style=\"clear: both; display: block; margin: 10px 0;\">\n<div style=\"clear: both; display: block; margin: 10px 0;\">\n<div  style=\"max-width:212px;max-height:305px\">\n<div style=\"clear: both; display: block; margin: 10px 0;\">\n<div style=\"clear: both; width: 100%; display: block; margin: 20px 0; padding: 0; float: none; position: static; text-align: center;\"><img decoding=\"async\"  src=\"https:\/\/a.allegroimg.com\/original\/117800\/6231720b45558fcca356f569a837\/2x-BFGoodrich-ALL-TERRAIN-T-A-KO2-235-70R16-104S-Liczba-opon-w-ofercie-2-szt\" srcset=\"https:\/\/a.allegroimg.com\/original\/117800\/6231720b45558fcca356f569a837\/2x-BFGoodrich-ALL-TERRAIN-T-A-KO2-235-70R16-104S-Liczba-opon-w-ofercie-2-szt 212w,https:\/\/a.allegroimg.com\/original\/117800\/6231720b45558fcca356f569a837\/2x-BFGoodrich-ALL-TERRAIN-T-A-KO2-235-70R16-104S-Liczba-opon-w-ofercie-2-szt 212w\" sizes=\"(min-width: 1200px) 560px, (min-width: 992px) 50vw, 100vw\" width=\"212px\" alt=\"2x BFGoodrich ALL-TERRAIN T\/A KO2 235\/70R16 104S Liczba opon w ofercie 2 szt.\" style=\"max-width: 100%; height: auto; display: block; margin: 0 auto;\"><\/div>\n<\/div>\n<\/div>\n<\/div>\n<\/div>\n<div style=\"clear: both; display: block; margin: 10px 0;\">\n<div style=\"clear: both; display: block; margin: 10px 0;\">\n<div  style=\"max-width:1024px;max-height:252px\">\n<div style=\"clear: both; display: block; margin: 10px 0;\">\n<div style=\"clear: both; width: 100%; display: block; margin: 20px 0; padding: 0; float: none; position: static; text-align: center;\"><img decoding=\"async\"  src=\"https:\/\/a.allegroimg.com\/original\/11b544\/2e2ec0f04132b3e5fd8e5279aafb\/2x-BFGoodrich-ALL-TERRAIN-T-A-KO2-235-70R16-104S-Marka-BFGoodrich\" srcset=\"https:\/\/a.allegroimg.com\/original\/11b544\/2e2ec0f04132b3e5fd8e5279aafb\/2x-BFGoodrich-ALL-TERRAIN-T-A-KO2-235-70R16-104S-Marka-BFGoodrich 360w,https:\/\/a.allegroimg.com\/original\/11b544\/2e2ec0f04132b3e5fd8e5279aafb\/2x-BFGoodrich-ALL-TERRAIN-T-A-KO2-235-70R16-104S-Marka-BFGoodrich 720w,https:\/\/a.allegroimg.com\/original\/11b544\/2e2ec0f04132b3e5fd8e5279aafb\/2x-BFGoodrich-ALL-TERRAIN-T-A-KO2-235-70R16-104S-Marka-BFGoodrich 1024w,https:\/\/a.allegroimg.com\/original\/11b544\/2e2ec0f04132b3e5fd8e5279aafb\/2x-BFGoodrich-ALL-TERRAIN-T-A-KO2-235-70R16-104S-Marka-BFGoodrich 1024w\" sizes=\"(min-width: 1200px) 560px, (min-width: 992px) 50vw, 100vw\" width=\"1024px\" alt=\"2x BFGoodrich ALL-TERRAIN T\/A KO2 235\/70R16 104S Marka BFGoodrich\" style=\"max-width: 100%; height: auto; display: block; margin: 0 auto;\"><\/div>\n<\/div>\n<\/div>\n<\/div>\n<\/div>\n<\/div>\n<div style=\"clear: both; display: block; margin: 10px 0;\">\n<div style=\"clear: both; display: block; margin: 10px 0;\">\n<div style=\"clear: both; display: block; margin: 10px 0;\">\n<p style=\"margin: 15px 0; line-height: 1.8; clear: both; display: block; width: 100%; float: none; position: static;\">BFGoodrich to ameryka\u0144ska marka, kt\u00f3rej pocz\u0105tki si\u0119gaj\u0105 1870 roku. Obecnie   firma BFGoodrich nale\u017cy do koncernu Michelin &#8211; najwi\u0119kszego w Europie i   drugiego na \u015bwiecie producenta ogumienia. Opony BFGoodrich to najlepszy   stosunek jako\u015bci do ceny, dlatego polscy kierowcy ch\u0119tnie wybieraj\u0105   w\u0142a\u015bnie t\u0119 mark\u0119<\/p>\n<p style=\"margin: 15px 0; line-height: 1.8; clear: both; display: block; width: 100%; float: none; position: static;\">Opony terenowe BFGoodrich s\u0105 zaliczane do najlepszych opon w tej   kategorii. Zar\u00f3wno model All Terrain, jak i Mud Terrain ciesz\u0105 si\u0119 \u015bwietnymi opiniami w\u015br\u00f3d wielbicieli off-roadowej jazdy<\/p>\n<\/div>\n<\/div>\n<\/div>\n<\/div>\n<\/div>\n<\/div>\n<div style=\"clear: both; display: block; margin: 10px 0;\">\n","protected":false},"excerpt":{"rendered":"<p>2x nowe opony caloroczne BFGOODRICH ALL-TERRAIN T\/A KO2 235\/70R16 104S<\/p>\n<p>Cechy produktu<\/p>\n<p>Marka: BFGoodrich<\/p>\n<p>Model: ALL-TERRAIN T\/A KO2<\/p>\n<p>Szeroko\u015b\u0107\/profil\/\u015brednica: 235\/70R16<\/p>\n<p>Indeks no\u015bno\u015bci: do 104 (900 kg na opon\u0119)<\/p>\n<p>Indeks pr\u0119dko\u015bci: S (do 180 km\/h)<\/p>\n<p>Sezon: caloroczne<\/p>\n","protected":false},"featured_media":16393,"template":"","meta":{"_uag_custom_page_level_css":""},"product_brand":[466],"product_cat":[416,428,413,412],"product_tag":[],"class_list":{"0":"post-16392","1":"product","2":"type-product","3":"status-publish","4":"has-post-thumbnail","6":"product_brand-bfgoodrich","7":"product_cat-caloroczne","8":"product_cat-do-samochodow-terenowych-i-4x4","9":"product_cat-opony","10":"product_cat-opony-i-felgi","12":"first","13":"instock","14":"shipping-taxable","15":"purchasable","16":"product-type-simple"},"uagb_featured_image_src":{"full":["https:\/\/oponixo.shop\/tire\/wp-content\/uploads\/2026\/01\/allegro-image-16392.jpg",711,800,false],"thumbnail":["https:\/\/oponixo.shop\/tire\/wp-content\/uploads\/2026\/01\/allegro-image-16392-150x150.jpg",150,150,true],"medium":["https:\/\/oponixo.shop\/tire\/wp-content\/uploads\/2026\/01\/allegro-image-16392-267x300.jpg",267,300,true],"medium_large":["https:\/\/oponixo.shop\/tire\/wp-content\/uploads\/2026\/01\/allegro-image-16392.jpg",711,800,false],"large":["https:\/\/oponixo.shop\/tire\/wp-content\/uploads\/2026\/01\/allegro-image-16392.jpg",711,800,false],"1536x1536":["https:\/\/oponixo.shop\/tire\/wp-content\/uploads\/2026\/01\/allegro-image-16392.jpg",711,800,false],"2048x2048":["https:\/\/oponixo.shop\/tire\/wp-content\/uploads\/2026\/01\/allegro-image-16392.jpg",711,800,false],"woocommerce_thumbnail":["https:\/\/oponixo.shop\/tire\/wp-content\/uploads\/2026\/01\/allegro-image-16392-300x300.jpg",300,300,true],"woocommerce_single":["https:\/\/oponixo.shop\/tire\/wp-content\/uploads\/2026\/01\/allegro-image-16392-600x675.jpg",600,675,true],"woocommerce_gallery_thumbnail":["https:\/\/oponixo.shop\/tire\/wp-content\/uploads\/2026\/01\/allegro-image-16392-100x100.jpg",100,100,true]},"uagb_author_info":{"display_name":"admin","author_link":"https:\/\/oponixo.shop\/tire\/author\/"},"uagb_comment_info":0,"uagb_excerpt":"2x nowe opony caloroczne BFGOODRICH ALL-TERRAIN T\/A KO2 235\/70R16 104S Cechy produktu Marka: BFGoodrich Model: ALL-TERRAIN T\/A KO2 Szeroko\u015b\u0107\/profil\/\u015brednica: 235\/70R16 Indeks no\u015bno\u015bci: do 104 (900 kg na opon\u0119) Indeks pr\u0119dko\u015bci: S (do 180 km\/h) Sezon: caloroczne","_links":{"self":[{"href":"https:\/\/oponixo.shop\/tire\/wp-json\/wp\/v2\/product\/16392","targetHints":{"allow":["GET"]}}],"collection":[{"href":"https:\/\/oponixo.shop\/tire\/wp-json\/wp\/v2\/product"}],"about":[{"href":"https:\/\/oponixo.shop\/tire\/wp-json\/wp\/v2\/types\/product"}],"wp:featuredmedia":[{"embeddable":true,"href":"https:\/\/oponixo.shop\/tire\/wp-json\/wp\/v2\/media\/16393"}],"wp:attachment":[{"href":"https:\/\/oponixo.shop\/tire\/wp-json\/wp\/v2\/media?parent=16392"}],"wp:term":[{"taxonomy":"product_brand","embeddable":true,"href":"https:\/\/oponixo.shop\/tire\/wp-json\/wp\/v2\/product_brand?post=16392"},{"taxonomy":"product_cat","embeddable":true,"href":"https:\/\/oponixo.shop\/tire\/wp-json\/wp\/v2\/product_cat?post=16392"},{"taxonomy":"product_tag","embeddable":true,"href":"https:\/\/oponixo.shop\/tire\/wp-json\/wp\/v2\/product_tag?post=16392"}],"curies":[{"name":"wp","href":"https:\/\/api.w.org\/{rel}","templated":true}]}}