{"id":16402,"date":"2026-01-17T13:37:55","date_gmt":"2026-01-17T12:37:55","guid":{"rendered":"https:\/\/oponyonline.shop\/xef5\/produkt\/2-opony-letnie-235-40r19-96y-nokian-powerproof-1\/"},"modified":"2026-01-17T13:37:56","modified_gmt":"2026-01-17T12:37:56","slug":"2-opony-letnie-235-40r19-96y-nokian-powerproof-1","status":"publish","type":"product","link":"https:\/\/oponixo.shop\/tire\/produkt\/2-opony-letnie-235-40r19-96y-nokian-powerproof-1\/","title":{"rendered":"2 opony letnie 235\/40R19 96Y Nokian Powerproof 1"},"content":{"rendered":"<div style=\"font-family: Arial, sans-serif; line-height: 1.6; color: #333; padding: 20px; clear: both; display: block; width: 100%; float: none; position: static; overflow: hidden;\">\n<div style=\"clear: both; display: block; margin: 10px 0;\">\n<div style=\"clear: both; display: block; margin: 10px 0;\">\n<div style=\"clear: both; display: block; margin: 10px 0;\">\n<ul style=\"margin: 15px 0; padding-left: 20px; clear: both; display: block; width: 100%; float: none; position: static;\">\n<li style=\"margin: 5px 0; padding: 2px 0; clear: both; display: list-item; float: none; position: static;\">MARKA\/MODEL: <b>NOKIAN TYRES Powerproof 1<\/b><\/li>\n<li style=\"margin: 5px 0; padding: 2px 0; clear: both; display: list-item; float: none; position: static;\">ROZMIAR OPON: <b> 235\/40R19 ZR<\/b><\/li>\n<li style=\"margin: 5px 0; padding: 2px 0; clear: both; display: list-item; float: none; position: static;\">INDEKS PR\u0118DKO\u015aCI: <b>Y<\/b><\/li>\n<li style=\"margin: 5px 0; padding: 2px 0; clear: both; display: list-item; float: none; position: static;\">INDEKS NO\u015aNO\u015aCI: <b>96 XL<\/b><\/li>\n<li style=\"margin: 5px 0; padding: 2px 0; clear: both; display: list-item; float: none; position: static;\">DATA PRODUKCJI: <b>nie starsze ni\u017c 2024<\/b><\/li>\n<li style=\"margin: 5px 0; padding: 2px 0; clear: both; display: list-item; float: none; position: static;\">SEZON: <b>Letnie<\/b><\/li>\n<li style=\"margin: 5px 0; padding: 2px 0; clear: both; display: list-item; float: none; position: static;\">STAN: <b>Nowy<\/b><\/li>\n<li style=\"margin: 5px 0; padding: 2px 0; clear: both; display: list-item; float: none; position: static;\">RANT OCHRONNY NA FELG\u0118: <b>Brak<\/b><\/li>\n<li style=\"margin: 5px 0; padding: 2px 0; clear: both; display: list-item; float: none; position: static;\">DODATKOWE OZNACZENIA: <\/li>\n<\/ul>\n<\/div>\n<\/div>\n<div style=\"clear: both; display: block; margin: 10px 0;\">\n<div style=\"clear: both; display: block; margin: 10px 0;\">\n<div  style=\"max-width:1166px;max-height:1600px\">\n<div style=\"clear: both; display: block; margin: 10px 0;\">\n<div style=\"clear: both; width: 100%; display: block; margin: 20px 0; padding: 0; float: none; position: static; text-align: center;\"><img decoding=\"async\"  src=\"https:\/\/a.allegroimg.com\/original\/11557f\/451e9bfa450ba5c32bf0a9fb48d0\/2-opony-letnie-235-40R19-96Y-Nokian-Powerproof-1\" srcset=\"https:\/\/a.allegroimg.com\/original\/11557f\/451e9bfa450ba5c32bf0a9fb48d0\/2-opony-letnie-235-40R19-96Y-Nokian-Powerproof-1 262w,https:\/\/a.allegroimg.com\/original\/11557f\/451e9bfa450ba5c32bf0a9fb48d0\/2-opony-letnie-235-40R19-96Y-Nokian-Powerproof-1 524w,https:\/\/a.allegroimg.com\/original\/11557f\/451e9bfa450ba5c32bf0a9fb48d0\/2-opony-letnie-235-40R19-96Y-Nokian-Powerproof-1 746w,https:\/\/a.allegroimg.com\/original\/11557f\/451e9bfa450ba5c32bf0a9fb48d0\/2-opony-letnie-235-40R19-96Y-Nokian-Powerproof-1 1049w,https:\/\/a.allegroimg.com\/original\/11557f\/451e9bfa450ba5c32bf0a9fb48d0\/2-opony-letnie-235-40R19-96Y-Nokian-Powerproof-1 1166w\" sizes=\"(min-width: 1200px) 560px, (min-width: 992px) 50vw, 100vw\" width=\"1166px\" alt=\"2 opony letnie 235\/40R19 96Y Nokian Powerproof 1\" style=\"max-width: 100%; height: auto; display: block; margin: 0 auto;\"><\/div>\n<\/div>\n<\/div>\n<\/div>\n<\/div>\n<\/div>\n<div style=\"clear: both; display: block; margin: 10px 0;\">\n<div style=\"clear: both; display: block; margin: 10px 0;\">\n<div style=\"clear: both; display: block; margin: 10px 0;\">\n<div  style=\"max-width:886px;max-height:1299px\">\n<div style=\"clear: both; display: block; margin: 10px 0;\">\n<div style=\"clear: both; width: 100%; display: block; margin: 20px 0; padding: 0; float: none; position: static; text-align: center;\"><img decoding=\"async\"  src=\"https:\/\/a.allegroimg.com\/original\/11ac91\/2386f80c4fa390fb91d5f67a0d01\/2-opony-letnie-235-40R19-96Y-Nokian-Powerproof-1-Liczba-opon-w-ofercie-2-szt\" srcset=\"https:\/\/a.allegroimg.com\/original\/11ac91\/2386f80c4fa390fb91d5f67a0d01\/2-opony-letnie-235-40R19-96Y-Nokian-Powerproof-1-Liczba-opon-w-ofercie-2-szt 245w,https:\/\/a.allegroimg.com\/original\/11ac91\/2386f80c4fa390fb91d5f67a0d01\/2-opony-letnie-235-40R19-96Y-Nokian-Powerproof-1-Liczba-opon-w-ofercie-2-szt 491w,https:\/\/a.allegroimg.com\/original\/11ac91\/2386f80c4fa390fb91d5f67a0d01\/2-opony-letnie-235-40R19-96Y-Nokian-Powerproof-1-Liczba-opon-w-ofercie-2-szt 698w,https:\/\/a.allegroimg.com\/original\/11ac91\/2386f80c4fa390fb91d5f67a0d01\/2-opony-letnie-235-40R19-96Y-Nokian-Powerproof-1-Liczba-opon-w-ofercie-2-szt 886w,https:\/\/a.allegroimg.com\/original\/11ac91\/2386f80c4fa390fb91d5f67a0d01\/2-opony-letnie-235-40R19-96Y-Nokian-Powerproof-1-Liczba-opon-w-ofercie-2-szt 886w\" sizes=\"100vw\" width=\"886px\" alt=\"2 opony letnie 235\/40R19 96Y Nokian Powerproof 1 Liczba opon w ofercie 2 szt.\" style=\"max-width: 100%; height: auto; display: block; margin: 0 auto;\"><\/div>\n<\/div>\n<\/div>\n<\/div>\n<\/div>\n<\/div>\n<div style=\"clear: both; display: block; margin: 10px 0;\">\n<div style=\"clear: both; display: block; margin: 10px 0;\">\n<div style=\"clear: both; display: block; margin: 10px 0;\">\n<div  style=\"max-width:640px;max-height:640px\">\n<div style=\"clear: both; display: block; margin: 10px 0;\">\n<div style=\"clear: both; width: 100%; display: block; margin: 20px 0; padding: 0; float: none; position: static; text-align: center;\"><img decoding=\"async\"  src=\"https:\/\/a.allegroimg.com\/original\/11031d\/8619467e4c129bfccd4d21a649c7\/2-opony-letnie-235-40R19-96Y-Nokian-Powerproof-1-Rok-produkcji-2024\" srcset=\"https:\/\/a.allegroimg.com\/original\/11031d\/8619467e4c129bfccd4d21a649c7\/2-opony-letnie-235-40R19-96Y-Nokian-Powerproof-1-Rok-produkcji-2024 360w,https:\/\/a.allegroimg.com\/original\/11031d\/8619467e4c129bfccd4d21a649c7\/2-opony-letnie-235-40R19-96Y-Nokian-Powerproof-1-Rok-produkcji-2024 640w,https:\/\/a.allegroimg.com\/original\/11031d\/8619467e4c129bfccd4d21a649c7\/2-opony-letnie-235-40R19-96Y-Nokian-Powerproof-1-Rok-produkcji-2024 640w\" sizes=\"100vw\" width=\"640px\" alt=\"2 opony letnie 235\/40R19 96Y Nokian Powerproof 1 Rok produkcji 2024\" style=\"max-width: 100%; height: auto; display: block; margin: 0 auto;\"><\/div>\n<\/div>\n<\/div>\n<\/div>\n<\/div>\n<\/div>\n<div style=\"clear: both; display: block; margin: 10px 0;\">\n<div style=\"clear: both; display: block; margin: 10px 0;\">\n<div style=\"clear: both; display: block; margin: 10px 0;\">\n<h2>Na naszych innych aukcjach Allegro znajdziesz felgi stalowe i aluminiowe, czujniki (TPMS) oraz \u015bruby i nakr\u0119tki.<\/h2>\n<\/div>\n<\/div>\n<\/div>\n<\/div>\n<\/div>\n<\/div>\n<div style=\"clear: both; display: block; margin: 10px 0;\">\n","protected":false},"excerpt":{"rendered":"<p>MARKA\/MODEL: NOKIAN TYRES Powerproof 1<\/p>\n<p>ROZMIAR OPON: 235\/40R19 ZR<\/p>\n<p>INDEKS PR\u0118DKO\u015aCI: Y<\/p>\n<p>INDEKS NO\u015aNO\u015aCI: 96 XL<\/p>\n<p>DATA PRODUKCJI: nie starsze ni\u017c 2024<\/p>\n<p>SEZON: Letnie<\/p>\n<p>STAN: Nowy<\/p>\n<p>RANT OCHRONNY NA FELG\u0118: Brak<\/p>\n","protected":false},"featured_media":16403,"template":"","meta":{"_uag_custom_page_level_css":""},"product_brand":[387],"product_cat":[414,418,413,412],"product_tag":[],"class_list":{"0":"post-16402","1":"product","2":"type-product","3":"status-publish","4":"has-post-thumbnail","6":"product_brand-nokian-tyres","7":"product_cat-do-samochodow-osobowych-i-suv","8":"product_cat-letnie","9":"product_cat-opony","10":"product_cat-opony-i-felgi","12":"first","13":"instock","14":"shipping-taxable","15":"purchasable","16":"product-type-simple"},"uagb_featured_image_src":{"full":["https:\/\/oponixo.shop\/tire\/wp-content\/uploads\/2026\/01\/allegro-image-16402.jpg",1166,1600,false],"thumbnail":["https:\/\/oponixo.shop\/tire\/wp-content\/uploads\/2026\/01\/allegro-image-16402-150x150.jpg",150,150,true],"medium":["https:\/\/oponixo.shop\/tire\/wp-content\/uploads\/2026\/01\/allegro-image-16402-219x300.jpg",219,300,true],"medium_large":["https:\/\/oponixo.shop\/tire\/wp-content\/uploads\/2026\/01\/allegro-image-16402-768x1054.jpg",768,1054,true],"large":["https:\/\/oponixo.shop\/tire\/wp-content\/uploads\/2026\/01\/allegro-image-16402-746x1024.jpg",746,1024,true],"1536x1536":["https:\/\/oponixo.shop\/tire\/wp-content\/uploads\/2026\/01\/allegro-image-16402-1119x1536.jpg",1119,1536,true],"2048x2048":["https:\/\/oponixo.shop\/tire\/wp-content\/uploads\/2026\/01\/allegro-image-16402.jpg",1166,1600,false],"woocommerce_thumbnail":["https:\/\/oponixo.shop\/tire\/wp-content\/uploads\/2026\/01\/allegro-image-16402-300x300.jpg",300,300,true],"woocommerce_single":["https:\/\/oponixo.shop\/tire\/wp-content\/uploads\/2026\/01\/allegro-image-16402-600x823.jpg",600,823,true],"woocommerce_gallery_thumbnail":["https:\/\/oponixo.shop\/tire\/wp-content\/uploads\/2026\/01\/allegro-image-16402-100x100.jpg",100,100,true]},"uagb_author_info":{"display_name":"admin","author_link":"https:\/\/oponixo.shop\/tire\/author\/"},"uagb_comment_info":0,"uagb_excerpt":"MARKA\/MODEL: NOKIAN TYRES Powerproof 1 ROZMIAR OPON: 235\/40R19 ZR INDEKS PR\u0118DKO\u015aCI: Y INDEKS NO\u015aNO\u015aCI: 96 XL DATA PRODUKCJI: nie starsze ni\u017c 2024 SEZON: Letnie STAN: Nowy RANT OCHRONNY NA FELG\u0118: Brak","_links":{"self":[{"href":"https:\/\/oponixo.shop\/tire\/wp-json\/wp\/v2\/product\/16402","targetHints":{"allow":["GET"]}}],"collection":[{"href":"https:\/\/oponixo.shop\/tire\/wp-json\/wp\/v2\/product"}],"about":[{"href":"https:\/\/oponixo.shop\/tire\/wp-json\/wp\/v2\/types\/product"}],"wp:featuredmedia":[{"embeddable":true,"href":"https:\/\/oponixo.shop\/tire\/wp-json\/wp\/v2\/media\/16403"}],"wp:attachment":[{"href":"https:\/\/oponixo.shop\/tire\/wp-json\/wp\/v2\/media?parent=16402"}],"wp:term":[{"taxonomy":"product_brand","embeddable":true,"href":"https:\/\/oponixo.shop\/tire\/wp-json\/wp\/v2\/product_brand?post=16402"},{"taxonomy":"product_cat","embeddable":true,"href":"https:\/\/oponixo.shop\/tire\/wp-json\/wp\/v2\/product_cat?post=16402"},{"taxonomy":"product_tag","embeddable":true,"href":"https:\/\/oponixo.shop\/tire\/wp-json\/wp\/v2\/product_tag?post=16402"}],"curies":[{"name":"wp","href":"https:\/\/api.w.org\/{rel}","templated":true}]}}