{"id":16404,"date":"2026-01-17T13:37:56","date_gmt":"2026-01-17T12:37:56","guid":{"rendered":"https:\/\/oponyonline.shop\/xef5\/produkt\/2x-opony-letnie-fortune-fsr303-235-60r16-100t-2024\/"},"modified":"2026-01-17T13:37:56","modified_gmt":"2026-01-17T12:37:56","slug":"2x-opony-letnie-fortune-fsr303-235-60r16-100t-2024","status":"publish","type":"product","link":"https:\/\/oponixo.shop\/tire\/produkt\/2x-opony-letnie-fortune-fsr303-235-60r16-100t-2024\/","title":{"rendered":"2x opony letnie Fortune FSR303 235\/60R16 100T 2024"},"content":{"rendered":"<div style=\"font-family: Arial, sans-serif; line-height: 1.6; color: #333; padding: 20px; clear: both; display: block; width: 100%; float: none; position: static; overflow: hidden;\">\n<div style=\"clear: both; display: block; margin: 10px 0;\">\n<div style=\"clear: both; display: block; margin: 10px 0;\">\n<div style=\"clear: both; display: block; margin: 10px 0;\">\n<div  style=\"max-width:500px;max-height:186px\">\n<div style=\"clear: both; display: block; margin: 10px 0;\">\n<div style=\"clear: both; width: 100%; display: block; margin: 20px 0; padding: 0; float: none; position: static; text-align: center;\"><img decoding=\"async\"  src=\"https:\/\/a.allegroimg.com\/original\/113523\/eb5c4bca4f9c8c0688c083631ae6\/2x-opony-letnie-Fortune-FSR303-235-60R16-100T-2024-Rok-produkcji-2024\" srcset=\"https:\/\/a.allegroimg.com\/original\/113523\/eb5c4bca4f9c8c0688c083631ae6\/2x-opony-letnie-Fortune-FSR303-235-60R16-100T-2024-Rok-produkcji-2024 360w,https:\/\/a.allegroimg.com\/original\/113523\/eb5c4bca4f9c8c0688c083631ae6\/2x-opony-letnie-Fortune-FSR303-235-60R16-100T-2024-Rok-produkcji-2024 500w,https:\/\/a.allegroimg.com\/original\/113523\/eb5c4bca4f9c8c0688c083631ae6\/2x-opony-letnie-Fortune-FSR303-235-60R16-100T-2024-Rok-produkcji-2024 500w\" sizes=\"100vw\" width=\"500px\" alt=\"2x opony letnie Fortune FSR303 235\/60R16 100T 2024 Rok produkcji 2024\" style=\"max-width: 100%; height: auto; display: block; margin: 0 auto;\"><\/div>\n<\/div>\n<\/div>\n<\/div>\n<\/div>\n<\/div>\n<div style=\"clear: both; display: block; margin: 10px 0;\">\n<div style=\"clear: both; display: block; margin: 10px 0;\">\n<div style=\"clear: both; display: block; margin: 10px 0;\">\n<h1>zestaw 2 sztuk nowych opon letnich<\/h1>\n<h1>Fortune FSR303 235\/60R16 100T<\/h1>\n<p style=\"margin: 15px 0; line-height: 1.8; clear: both; display: block; width: 100%; float: none; position: static;\">\n<\/div>\n<\/div>\n<\/div>\n<div style=\"clear: both; display: block; margin: 10px 0;\">\n<div style=\"clear: both; display: block; margin: 10px 0;\">\n<div style=\"clear: both; display: block; margin: 10px 0;\">\n<div  style=\"max-width:500px;max-height:578px\">\n<div style=\"clear: both; display: block; margin: 10px 0;\">\n<div style=\"clear: both; width: 100%; display: block; margin: 20px 0; padding: 0; float: none; position: static; text-align: center;\"><img decoding=\"async\"  src=\"https:\/\/a.allegroimg.com\/original\/11351b\/cf32a507413ba190ad4692250901\/2x-opony-letnie-Fortune-FSR303-235-60R16-100T-2024\" srcset=\"https:\/\/a.allegroimg.com\/original\/11351b\/cf32a507413ba190ad4692250901\/2x-opony-letnie-Fortune-FSR303-235-60R16-100T-2024 311w,https:\/\/a.allegroimg.com\/original\/11351b\/cf32a507413ba190ad4692250901\/2x-opony-letnie-Fortune-FSR303-235-60R16-100T-2024 500w,https:\/\/a.allegroimg.com\/original\/11351b\/cf32a507413ba190ad4692250901\/2x-opony-letnie-Fortune-FSR303-235-60R16-100T-2024 500w\" sizes=\"(min-width: 1200px) 560px, (min-width: 992px) 50vw, 100vw\" width=\"500px\" alt=\"2x opony letnie Fortune FSR303 235\/60R16 100T 2024\" style=\"max-width: 100%; height: auto; display: block; margin: 0 auto;\"><\/div>\n<\/div>\n<\/div>\n<\/div>\n<\/div>\n<div style=\"clear: both; display: block; margin: 10px 0;\">\n<div style=\"clear: both; display: block; margin: 10px 0;\">\n<p style=\"margin: 15px 0; line-height: 1.8; clear: both; display: block; width: 100%; float: none; position: static;\"><b>Fortune FSR303<\/b> to opony <b>letnie<\/b> przeznaczone do samochod\u00f3w typu <b>SUV<\/b>. Produkt klasy bud\u017cetowej popularnej marki <b>Fortune<\/b>. Wysoka jako\u015b\u0107 w przyst\u0119pnej cenie. Przeznaczone do szerokiej gamy suv-\u00f3w. \u015awietnie sprawdz\u0105 si\u0119 zar\u00f3wno w je\u017cdzie miejskiej jak i na autostradzie.<\/p>\n<ul style=\"margin: 15px 0; padding-left: 20px; clear: both; display: block; width: 100%; float: none; position: static;\">\n<li style=\"margin: 5px 0; padding: 2px 0; clear: both; display: list-item; float: none; position: static;\">rok produkcji: nie starsze ni\u017c <b>2024<\/b><\/li>\n<li style=\"margin: 5px 0; padding: 2px 0; clear: both; display: list-item; float: none; position: static;\">opony <b>nowe<\/b>, oryginalne, z gwarancj\u0105<\/li>\n<li style=\"margin: 5px 0; padding: 2px 0; clear: both; display: list-item; float: none; position: static;\">zapewniaj\u0105 cich\u0105 i p\u0142ynn\u0105 prac\u0119<\/li>\n<li style=\"margin: 5px 0; padding: 2px 0; clear: both; display: list-item; float: none; position: static;\">przystosowane do du\u017cych pr\u0119dko\u015bci<\/li>\n<li style=\"margin: 5px 0; padding: 2px 0; clear: both; display: list-item; float: none; position: static;\">doskona\u0142a trakcja, precyzyjne sterowanie &#8211; r\u00f3wnie\u017c przy du\u017cych pr\u0119dko\u015bciach<\/li>\n<li style=\"margin: 5px 0; padding: 2px 0; clear: both; display: list-item; float: none; position: static;\">skutecznie niweluj\u0105 wp\u0142yw nier\u00f3wno\u015bci na drodze na komfort jazdy<\/li>\n<li style=\"margin: 5px 0; padding: 2px 0; clear: both; display: list-item; float: none; position: static;\">bie\u017cnik zu\u017cywa si\u0119 r\u00f3wnomiernie<\/li>\n<li style=\"margin: 5px 0; padding: 2px 0; clear: both; display: list-item; float: none; position: static;\">kr\u00f3tka droga hamowania zar\u00f3wno na suchej jak i mokrej nawierzchni<\/li>\n<li style=\"margin: 5px 0; padding: 2px 0; clear: both; display: list-item; float: none; position: static;\">bardzo dobre odprowadzanie wody<\/li>\n<li style=\"margin: 5px 0; padding: 2px 0; clear: both; display: list-item; float: none; position: static;\">zabezpieczenie przed po\u015blizgiem na wodzie (aquaplaning)<\/li>\n<\/ul>\n<\/div>\n<\/div>\n<\/div>\n<div style=\"clear: both; display: block; margin: 10px 0;\">\n<div style=\"clear: both; display: block; margin: 10px 0;\">\n<div style=\"clear: both; display: block; margin: 10px 0;\">\n<div  style=\"max-width:480px;max-height:733px\">\n<div style=\"clear: both; display: block; margin: 10px 0;\">\n<div style=\"clear: both; width: 100%; display: block; margin: 20px 0; padding: 0; float: none; position: static; text-align: center;\"><img decoding=\"async\"  src=\"https:\/\/a.allegroimg.com\/original\/117f52\/6c61aa6e4a708eb36650a4177d23\/2x-opony-letnie-Fortune-FSR303-235-60R16-100T-2024-Liczba-opon-w-ofercie-2-szt\" srcset=\"https:\/\/a.allegroimg.com\/original\/117f52\/6c61aa6e4a708eb36650a4177d23\/2x-opony-letnie-Fortune-FSR303-235-60R16-100T-2024-Liczba-opon-w-ofercie-2-szt 235w,https:\/\/a.allegroimg.com\/original\/117f52\/6c61aa6e4a708eb36650a4177d23\/2x-opony-letnie-Fortune-FSR303-235-60R16-100T-2024-Liczba-opon-w-ofercie-2-szt 471w,https:\/\/a.allegroimg.com\/original\/117f52\/6c61aa6e4a708eb36650a4177d23\/2x-opony-letnie-Fortune-FSR303-235-60R16-100T-2024-Liczba-opon-w-ofercie-2-szt 480w,https:\/\/a.allegroimg.com\/original\/117f52\/6c61aa6e4a708eb36650a4177d23\/2x-opony-letnie-Fortune-FSR303-235-60R16-100T-2024-Liczba-opon-w-ofercie-2-szt 480w\" sizes=\"100vw\" width=\"480px\" alt=\"2x opony letnie Fortune FSR303 235\/60R16 100T 2024 Liczba opon w ofercie 2 szt.\" style=\"max-width: 100%; height: auto; display: block; margin: 0 auto;\"><\/div>\n<\/div>\n<\/div>\n<\/div>\n<\/div>\n<\/div>\n<\/div>\n<\/div>\n<\/div>\n<div style=\"clear: both; display: block; margin: 10px 0;\">\n","protected":false},"excerpt":{"rendered":"<p>zestaw 2 sztuk nowych opon letnich<\/p>\n<p>Fortune FSR303 235\/60R16 100T<\/p>\n<p>Fortune FSR303 to opony letnie przeznaczone do samochod\u00f3w typu SUV. Produkt klasy bud\u017cetowej popularnej marki Fortune. Wysoka jako\u015b\u0107 w przyst\u0119pnej cenie. Przeznaczone do szerokiej gamy suv-\u00f3w. \u015awietnie sprawdz\u0105 si\u0119 zar\u00f3wno w je\u017cdzie miejskiej jak i na autostradzie.<\/p>\n<p>rok produkcji: nie starsze ni\u017c 2024<\/p>\n<p>opony nowe, oryginalne, z gwarancj\u0105<\/p>\n<p>zapewniaj\u0105 cich\u0105 i p\u0142ynn\u0105 prac\u0119<\/p>\n<p>przystosowane do du\u017cych pr\u0119dko\u015bci<\/p>\n<p>doskona\u0142a trakcja, precyzyjne sterowanie &#8211; r\u00f3wnie\u017c przy du\u017cych pr\u0119dko\u015bciach<\/p>\n","protected":false},"featured_media":16405,"template":"","meta":{"_uag_custom_page_level_css":""},"product_brand":[425],"product_cat":[414,418,413,412],"product_tag":[],"class_list":{"0":"post-16404","1":"product","2":"type-product","3":"status-publish","4":"has-post-thumbnail","6":"product_brand-fortune","7":"product_cat-do-samochodow-osobowych-i-suv","8":"product_cat-letnie","9":"product_cat-opony","10":"product_cat-opony-i-felgi","12":"first","13":"instock","14":"shipping-taxable","15":"purchasable","16":"product-type-simple"},"uagb_featured_image_src":{"full":["https:\/\/oponixo.shop\/tire\/wp-content\/uploads\/2026\/01\/allegro-image-16404.jpg",500,578,false],"thumbnail":["https:\/\/oponixo.shop\/tire\/wp-content\/uploads\/2026\/01\/allegro-image-16404-150x150.jpg",150,150,true],"medium":["https:\/\/oponixo.shop\/tire\/wp-content\/uploads\/2026\/01\/allegro-image-16404-260x300.jpg",260,300,true],"medium_large":["https:\/\/oponixo.shop\/tire\/wp-content\/uploads\/2026\/01\/allegro-image-16404.jpg",500,578,false],"large":["https:\/\/oponixo.shop\/tire\/wp-content\/uploads\/2026\/01\/allegro-image-16404.jpg",500,578,false],"1536x1536":["https:\/\/oponixo.shop\/tire\/wp-content\/uploads\/2026\/01\/allegro-image-16404.jpg",500,578,false],"2048x2048":["https:\/\/oponixo.shop\/tire\/wp-content\/uploads\/2026\/01\/allegro-image-16404.jpg",500,578,false],"woocommerce_thumbnail":["https:\/\/oponixo.shop\/tire\/wp-content\/uploads\/2026\/01\/allegro-image-16404-300x300.jpg",300,300,true],"woocommerce_single":["https:\/\/oponixo.shop\/tire\/wp-content\/uploads\/2026\/01\/allegro-image-16404.jpg",500,578,false],"woocommerce_gallery_thumbnail":["https:\/\/oponixo.shop\/tire\/wp-content\/uploads\/2026\/01\/allegro-image-16404-100x100.jpg",100,100,true]},"uagb_author_info":{"display_name":"admin","author_link":"https:\/\/oponixo.shop\/tire\/author\/"},"uagb_comment_info":0,"uagb_excerpt":"zestaw 2 sztuk nowych opon letnich Fortune FSR303 235\/60R16 100T Fortune FSR303 to opony letnie przeznaczone do samochod\u00f3w typu SUV. Produkt klasy bud\u017cetowej popularnej marki Fortune. Wysoka jako\u015b\u0107 w przyst\u0119pnej cenie. Przeznaczone do szerokiej gamy suv-\u00f3w. \u015awietnie sprawdz\u0105 si\u0119 zar\u00f3wno w je\u017cdzie miejskiej jak i na autostradzie. rok produkcji: nie starsze ni\u017c 2024 opony nowe,&hellip;","_links":{"self":[{"href":"https:\/\/oponixo.shop\/tire\/wp-json\/wp\/v2\/product\/16404","targetHints":{"allow":["GET"]}}],"collection":[{"href":"https:\/\/oponixo.shop\/tire\/wp-json\/wp\/v2\/product"}],"about":[{"href":"https:\/\/oponixo.shop\/tire\/wp-json\/wp\/v2\/types\/product"}],"wp:featuredmedia":[{"embeddable":true,"href":"https:\/\/oponixo.shop\/tire\/wp-json\/wp\/v2\/media\/16405"}],"wp:attachment":[{"href":"https:\/\/oponixo.shop\/tire\/wp-json\/wp\/v2\/media?parent=16404"}],"wp:term":[{"taxonomy":"product_brand","embeddable":true,"href":"https:\/\/oponixo.shop\/tire\/wp-json\/wp\/v2\/product_brand?post=16404"},{"taxonomy":"product_cat","embeddable":true,"href":"https:\/\/oponixo.shop\/tire\/wp-json\/wp\/v2\/product_cat?post=16404"},{"taxonomy":"product_tag","embeddable":true,"href":"https:\/\/oponixo.shop\/tire\/wp-json\/wp\/v2\/product_tag?post=16404"}],"curies":[{"name":"wp","href":"https:\/\/api.w.org\/{rel}","templated":true}]}}