{"id":16440,"date":"2026-01-17T13:38:07","date_gmt":"2026-01-17T12:38:07","guid":{"rendered":"https:\/\/oponyonline.shop\/xef5\/produkt\/2x-opony-letnie-325-55r22-pirelli-scorpion-atr\/"},"modified":"2026-01-17T13:38:07","modified_gmt":"2026-01-17T12:38:07","slug":"2x-opony-letnie-325-55r22-pirelli-scorpion-atr","status":"publish","type":"product","link":"https:\/\/oponixo.shop\/tire\/produkt\/2x-opony-letnie-325-55r22-pirelli-scorpion-atr\/","title":{"rendered":"2x OPONY LETNIE 325\/55R22 Pirelli Scorpion ATR"},"content":{"rendered":"<div style=\"font-family: Arial, sans-serif; line-height: 1.6; color: #333; padding: 20px; clear: both; display: block; width: 100%; float: none; position: static; overflow: hidden;\">\n<div style=\"clear: both; display: block; margin: 10px 0;\">\n<div style=\"clear: both; display: block; margin: 10px 0;\">\n<div style=\"clear: both; display: block; margin: 10px 0;\">\n<div  style=\"max-width:700px;max-height:700px\">\n<div style=\"clear: both; display: block; margin: 10px 0;\">\n<div style=\"clear: both; width: 100%; display: block; margin: 20px 0; padding: 0; float: none; position: static; text-align: center;\"><img decoding=\"async\"  src=\"https:\/\/a.allegroimg.com\/original\/11fcb4\/09869cc44e4fb4be40b768acc4f0\/2x-OPONY-LETNIE-325-55R22-Pirelli-Scorpion-ATR\" srcset=\"https:\/\/a.allegroimg.com\/original\/11fcb4\/09869cc44e4fb4be40b768acc4f0\/2x-OPONY-LETNIE-325-55R22-Pirelli-Scorpion-ATR 359w,https:\/\/a.allegroimg.com\/original\/11fcb4\/09869cc44e4fb4be40b768acc4f0\/2x-OPONY-LETNIE-325-55R22-Pirelli-Scorpion-ATR 700w,https:\/\/a.allegroimg.com\/original\/11fcb4\/09869cc44e4fb4be40b768acc4f0\/2x-OPONY-LETNIE-325-55R22-Pirelli-Scorpion-ATR 700w\" sizes=\"(min-width: 1200px) 560px, (min-width: 992px) 50vw, 100vw\" width=\"700px\" alt=\"2x OPONY LETNIE 325\/55R22 Pirelli Scorpion ATR\" style=\"max-width: 100%; height: auto; display: block; margin: 0 auto;\"><\/div>\n<\/div>\n<\/div>\n<\/div>\n<\/div>\n<div style=\"clear: both; display: block; margin: 10px 0;\">\n<div style=\"clear: both; display: block; margin: 10px 0;\">\n<p style=\"margin: 15px 0; line-height: 1.8; clear: both; display: block; width: 100%; float: none; position: static;\">Nazwa modelu: <b>Pirelli Scorpion ATR<\/b><\/p>\n<p style=\"margin: 15px 0; line-height: 1.8; clear: both; display: block; width: 100%; float: none; position: static;\">Rozmiar: <b>325\/55 R22<\/b><\/p>\n<p style=\"margin: 15px 0; line-height: 1.8; clear: both; display: block; width: 100%; float: none; position: static;\">Indeks pr\u0119dko\u015bci: <b>H<\/b><\/p>\n<p style=\"margin: 15px 0; line-height: 1.8; clear: both; display: block; width: 100%; float: none; position: static;\">Indeks no\u015bno\u015bci: <b>116<\/b><\/p>\n<p style=\"margin: 15px 0; line-height: 1.8; clear: both; display: block; width: 100%; float: none; position: static;\">Kod producenta: <b>2625900<\/b><\/p>\n<p style=\"margin: 15px 0; line-height: 1.8; clear: both; display: block; width: 100%; float: none; position: static;\">Rodzaj pojazd\u00f3w: <b>4&#215;4<\/b><\/p>\n<p style=\"margin: 15px 0; line-height: 1.8; clear: both; display: block; width: 100%; float: none; position: static;\">Sezon: <b>letnie<\/b><\/p>\n<p style=\"margin: 15px 0; line-height: 1.8; clear: both; display: block; width: 100%; float: none; position: static;\">Dodatkowe oznaczenia: <b> MO <\/b><\/p>\n<p style=\"margin: 15px 0; line-height: 1.8; clear: both; display: block; width: 100%; float: none; position: static;\">Rok produkcji: <b><br \/>\n                    2023<br \/>\n        <\/b><\/p>\n<\/div>\n<\/div>\n<\/div>\n<div style=\"clear: both; display: block; margin: 10px 0;\">\n<div style=\"clear: both; display: block; margin: 10px 0;\">\n<div style=\"clear: both; display: block; margin: 10px 0;\">\n<h2>Etykieta dla opon wyprodukowanych po 01.05.2021<\/h2>\n<h3 style=\"color: #2c5aa0; font-size: 18px; margin: 30px 0 15px 0; font-weight: bold; clear: both; display: block; width: 100%; float: none; position: static;\">Efektywno\u015b\u0107 energetyczna \/ op\u00f3r toczenia<\/h3>\n<p style=\"margin: 15px 0; line-height: 1.8; clear: both; display: block; width: 100%; float: none; position: static;\">Op\u00f3r toczenia to inaczej straty energii, kt\u00f3re powstaj\u0105, kiedy opona odkszta\u0142ca si\u0119 podczas jazdy na skutek kontaktu z pod\u0142o\u017cem. Mniejszy op\u00f3r toczenia oznacza, \u017ce opona zu\u017cywa mniej energii, samoch\u00f3d spala mniej paliwa i jazda jest bardziej ekologiczna.<\/p>\n<h3 style=\"color: #2c5aa0; font-size: 18px; margin: 30px 0 15px 0; font-weight: bold; clear: both; display: block; width: 100%; float: none; position: static;\">Przyczepno\u015b\u0107 na mokrej nawierzchni<\/h3>\n<p style=\"margin: 15px 0; line-height: 1.8; clear: both; display: block; width: 100%; float: none; position: static;\">Hamowanie na mokrej nawierzchni mierzy si\u0119 w metrach od momentu rozpocz\u0119cia hamowania do pe\u0142nego zatrzymania auta. Jest kluczowe dla bezpiecze\u0144stwa jazdy. Ocena A oznacza najkr\u00f3tsz\u0105 drog\u0119 hamowania. G &#8211; najd\u0142u\u017csz\u0105.<\/p>\n<h3 style=\"color: #2c5aa0; font-size: 18px; margin: 30px 0 15px 0; font-weight: bold; clear: both; display: block; width: 100%; float: none; position: static;\">Zewn\u0119trzny ha\u0142as toczenia<\/h3>\n<p style=\"margin: 15px 0; line-height: 1.8; clear: both; display: block; width: 100%; float: none; position: static;\">Ha\u0142as, kt\u00f3ry wytwarzaj\u0105 opony w trakcie jazdy. Mierzony w decybelach. Cicho\u015b\u0107 opony znacznie wp\u0142ywa na ochron\u0119 \u015brodowiska.<\/p>\n<\/div>\n<\/div>\n<div style=\"clear: both; display: block; margin: 10px 0;\">\n<div style=\"clear: both; display: block; margin: 10px 0;\">\n<div  style=\"max-width:886px;max-height:1299px\">\n<div style=\"clear: both; display: block; margin: 10px 0;\">\n<div style=\"clear: both; width: 100%; display: block; margin: 20px 0; padding: 0; float: none; position: static; text-align: center;\"><img decoding=\"async\"  src=\"https:\/\/a.allegroimg.com\/original\/117b2b\/9859c598459eabde1509f93076b7\/2x-OPONY-LETNIE-325-55R22-Pirelli-Scorpion-ATR-Rok-produkcji-2023\" srcset=\"https:\/\/a.allegroimg.com\/original\/117b2b\/9859c598459eabde1509f93076b7\/2x-OPONY-LETNIE-325-55R22-Pirelli-Scorpion-ATR-Rok-produkcji-2023 245w,https:\/\/a.allegroimg.com\/original\/117b2b\/9859c598459eabde1509f93076b7\/2x-OPONY-LETNIE-325-55R22-Pirelli-Scorpion-ATR-Rok-produkcji-2023 491w,https:\/\/a.allegroimg.com\/original\/117b2b\/9859c598459eabde1509f93076b7\/2x-OPONY-LETNIE-325-55R22-Pirelli-Scorpion-ATR-Rok-produkcji-2023 698w,https:\/\/a.allegroimg.com\/original\/117b2b\/9859c598459eabde1509f93076b7\/2x-OPONY-LETNIE-325-55R22-Pirelli-Scorpion-ATR-Rok-produkcji-2023 886w,https:\/\/a.allegroimg.com\/original\/117b2b\/9859c598459eabde1509f93076b7\/2x-OPONY-LETNIE-325-55R22-Pirelli-Scorpion-ATR-Rok-produkcji-2023 886w\" sizes=\"(min-width: 1200px) 560px, (min-width: 992px) 50vw, 100vw\" width=\"886px\" alt=\"2x OPONY LETNIE 325\/55R22 Pirelli Scorpion ATR Rok produkcji 2023\" style=\"max-width: 100%; height: auto; display: block; margin: 0 auto;\"><\/div>\n<\/div>\n<\/div>\n<\/div>\n<\/div>\n<\/div>\n<div style=\"clear: both; display: block; margin: 10px 0;\">\n<div style=\"clear: both; display: block; margin: 10px 0;\">\n<div style=\"clear: both; display: block; margin: 10px 0;\">\n<div  style=\"max-width:300px;max-height:440px\">\n<div style=\"clear: both; display: block; margin: 10px 0;\">\n<div style=\"clear: both; width: 100%; display: block; margin: 20px 0; padding: 0; float: none; position: static; text-align: center;\"><img decoding=\"async\"  src=\"https:\/\/a.allegroimg.com\/original\/110fff\/8ad82bd8431b8d40dec0cf6bbea9\/2x-OPONY-LETNIE-325-55R22-Pirelli-Scorpion-ATR-Liczba-opon-w-ofercie-2-szt\" srcset=\"https:\/\/a.allegroimg.com\/original\/110fff\/8ad82bd8431b8d40dec0cf6bbea9\/2x-OPONY-LETNIE-325-55R22-Pirelli-Scorpion-ATR-Liczba-opon-w-ofercie-2-szt 245w,https:\/\/a.allegroimg.com\/original\/110fff\/8ad82bd8431b8d40dec0cf6bbea9\/2x-OPONY-LETNIE-325-55R22-Pirelli-Scorpion-ATR-Liczba-opon-w-ofercie-2-szt 300w,https:\/\/a.allegroimg.com\/original\/110fff\/8ad82bd8431b8d40dec0cf6bbea9\/2x-OPONY-LETNIE-325-55R22-Pirelli-Scorpion-ATR-Liczba-opon-w-ofercie-2-szt 300w\" sizes=\"(min-width: 1200px) 560px, (min-width: 992px) 50vw, 100vw\" width=\"300px\" alt=\"2x OPONY LETNIE 325\/55R22 Pirelli Scorpion ATR Liczba opon w ofercie 2 szt.\" style=\"max-width: 100%; height: auto; display: block; margin: 0 auto;\"><\/div>\n<\/div>\n<\/div>\n<\/div>\n<\/div>\n<div style=\"clear: both; display: block; margin: 10px 0;\">\n<div style=\"clear: both; display: block; margin: 10px 0;\">\n<h2>Etykieta dla opon wyprodukowanych przed 01.05.2021<\/h2>\n<h3 style=\"color: #2c5aa0; font-size: 18px; margin: 30px 0 15px 0; font-weight: bold; clear: both; display: block; width: 100%; float: none; position: static;\">Efektywno\u015b\u0107 energetyczna \/ op\u00f3r toczenia<\/h3>\n<p style=\"margin: 15px 0; line-height: 1.8; clear: both; display: block; width: 100%; float: none; position: static;\">Op\u00f3r toczenia to inaczej straty energii, kt\u00f3re powstaj\u0105, kiedy opona odkszta\u0142ca si\u0119 podczas jazdy na skutek kontaktu z pod\u0142o\u017cem. Mniejszy op\u00f3r toczenia oznacza, \u017ce opona zu\u017cywa mniej energii, samoch\u00f3d spala mniej paliwa i jazda jest bardziej ekologiczna.<\/p>\n<h3 style=\"color: #2c5aa0; font-size: 18px; margin: 30px 0 15px 0; font-weight: bold; clear: both; display: block; width: 100%; float: none; position: static;\">Przyczepno\u015b\u0107 na mokrej nawierzchni<\/h3>\n<p style=\"margin: 15px 0; line-height: 1.8; clear: both; display: block; width: 100%; float: none; position: static;\">Hamowanie na mokrej nawierzchni mierzy si\u0119 w metrach od momentu rozpocz\u0119cia hamowania do pe\u0142nego zatrzymania auta. Jest kluczowe dla bezpiecze\u0144stwa jazdy. Ocena A oznacza najkr\u00f3tsz\u0105 drog\u0119 hamowania. G &#8211; najd\u0142u\u017csz\u0105.<\/p>\n<h3 style=\"color: #2c5aa0; font-size: 18px; margin: 30px 0 15px 0; font-weight: bold; clear: both; display: block; width: 100%; float: none; position: static;\">Zewn\u0119trzny ha\u0142as toczenia<\/h3>\n<p style=\"margin: 15px 0; line-height: 1.8; clear: both; display: block; width: 100%; float: none; position: static;\">Ha\u0142as, kt\u00f3ry wytwarzaj\u0105 opony w trakcie jazdy. Mierzony w decybelach. Cicho\u015b\u0107 opony znacznie wp\u0142ywa na ochron\u0119 \u015brodowiska.<\/p>\n<\/div>\n<\/div>\n<\/div>\n<\/div>\n<\/div>\n<\/div>\n<div style=\"clear: both; display: block; margin: 10px 0;\">\n","protected":false},"excerpt":{"rendered":"<p>Nazwa modelu: Pirelli Scorpion ATR<\/p>\n<p>Rozmiar: 325\/55 R22<\/p>\n<p>Indeks pr\u0119dko\u015bci: H<\/p>\n<p>Indeks no\u015bno\u015bci: 116<\/p>\n<p>Kod producenta: 2625900<\/p>\n<p>Rodzaj pojazd\u00f3w: 4&#215;4<\/p>\n<p>Sezon: letnie<\/p>\n<p>Dodatkowe oznaczenia: MO<\/p>\n","protected":false},"featured_media":16441,"template":"","meta":{"_uag_custom_page_level_css":""},"product_brand":[433],"product_cat":[428,418,413,412],"product_tag":[],"class_list":{"0":"post-16440","1":"product","2":"type-product","3":"status-publish","4":"has-post-thumbnail","6":"product_brand-pirelli","7":"product_cat-do-samochodow-terenowych-i-4x4","8":"product_cat-letnie","9":"product_cat-opony","10":"product_cat-opony-i-felgi","12":"first","13":"instock","14":"shipping-taxable","15":"purchasable","16":"product-type-simple"},"uagb_featured_image_src":{"full":["https:\/\/oponixo.shop\/tire\/wp-content\/uploads\/2026\/01\/allegro-image-16440.jpg",700,700,false],"thumbnail":["https:\/\/oponixo.shop\/tire\/wp-content\/uploads\/2026\/01\/allegro-image-16440-150x150.jpg",150,150,true],"medium":["https:\/\/oponixo.shop\/tire\/wp-content\/uploads\/2026\/01\/allegro-image-16440-300x300.jpg",300,300,true],"medium_large":["https:\/\/oponixo.shop\/tire\/wp-content\/uploads\/2026\/01\/allegro-image-16440.jpg",700,700,false],"large":["https:\/\/oponixo.shop\/tire\/wp-content\/uploads\/2026\/01\/allegro-image-16440.jpg",700,700,false],"1536x1536":["https:\/\/oponixo.shop\/tire\/wp-content\/uploads\/2026\/01\/allegro-image-16440.jpg",700,700,false],"2048x2048":["https:\/\/oponixo.shop\/tire\/wp-content\/uploads\/2026\/01\/allegro-image-16440.jpg",700,700,false],"woocommerce_thumbnail":["https:\/\/oponixo.shop\/tire\/wp-content\/uploads\/2026\/01\/allegro-image-16440-300x300.jpg",300,300,true],"woocommerce_single":["https:\/\/oponixo.shop\/tire\/wp-content\/uploads\/2026\/01\/allegro-image-16440-600x600.jpg",600,600,true],"woocommerce_gallery_thumbnail":["https:\/\/oponixo.shop\/tire\/wp-content\/uploads\/2026\/01\/allegro-image-16440-100x100.jpg",100,100,true]},"uagb_author_info":{"display_name":"admin","author_link":"https:\/\/oponixo.shop\/tire\/author\/"},"uagb_comment_info":0,"uagb_excerpt":"Nazwa modelu: Pirelli Scorpion ATR Rozmiar: 325\/55 R22 Indeks pr\u0119dko\u015bci: H Indeks no\u015bno\u015bci: 116 Kod producenta: 2625900 Rodzaj pojazd\u00f3w: 4x4 Sezon: letnie Dodatkowe oznaczenia: MO","_links":{"self":[{"href":"https:\/\/oponixo.shop\/tire\/wp-json\/wp\/v2\/product\/16440","targetHints":{"allow":["GET"]}}],"collection":[{"href":"https:\/\/oponixo.shop\/tire\/wp-json\/wp\/v2\/product"}],"about":[{"href":"https:\/\/oponixo.shop\/tire\/wp-json\/wp\/v2\/types\/product"}],"wp:featuredmedia":[{"embeddable":true,"href":"https:\/\/oponixo.shop\/tire\/wp-json\/wp\/v2\/media\/16441"}],"wp:attachment":[{"href":"https:\/\/oponixo.shop\/tire\/wp-json\/wp\/v2\/media?parent=16440"}],"wp:term":[{"taxonomy":"product_brand","embeddable":true,"href":"https:\/\/oponixo.shop\/tire\/wp-json\/wp\/v2\/product_brand?post=16440"},{"taxonomy":"product_cat","embeddable":true,"href":"https:\/\/oponixo.shop\/tire\/wp-json\/wp\/v2\/product_cat?post=16440"},{"taxonomy":"product_tag","embeddable":true,"href":"https:\/\/oponixo.shop\/tire\/wp-json\/wp\/v2\/product_tag?post=16440"}],"curies":[{"name":"wp","href":"https:\/\/api.w.org\/{rel}","templated":true}]}}