{"id":16477,"date":"2026-01-17T13:38:22","date_gmt":"2026-01-17T12:38:22","guid":{"rendered":"https:\/\/oponyonline.shop\/xef5\/produkt\/nankang-ns-2r-180-195-45r17-opony-letnie\/"},"modified":"2026-01-17T13:38:23","modified_gmt":"2026-01-17T12:38:23","slug":"nankang-ns-2r-180-195-45r17-opony-letnie","status":"publish","type":"product","link":"https:\/\/oponixo.shop\/tire\/produkt\/nankang-ns-2r-180-195-45r17-opony-letnie\/","title":{"rendered":"Nankang NS-2R 180 195\/45R17 Opony letnie"},"content":{"rendered":"<div style=\"font-family: Arial, sans-serif; line-height: 1.6; color: #333; padding: 20px; clear: both; display: block; width: 100%; float: none; position: static; overflow: hidden;\">\n<div style=\"clear: both; display: block; margin: 10px 0;\">\n<div style=\"clear: both; display: block; margin: 10px 0;\">\n<div style=\"clear: both; display: block; margin: 10px 0;\">\n<h1>Przedmiotem aukcji s\u0105 dwie opony<\/h1>\n<h1>Nankang NS-2R 180 195\/45R17 Opony letnie<\/h1>\n<\/div>\n<\/div>\n<\/div>\n<div style=\"clear: both; display: block; margin: 10px 0;\">\n<div style=\"clear: both; display: block; margin: 10px 0;\">\n<div style=\"clear: both; display: block; margin: 10px 0;\">\n<div  style=\"max-width:920px;max-height:1120px\">\n<div style=\"clear: both; display: block; margin: 10px 0;\">\n<div style=\"clear: both; width: 100%; display: block; margin: 20px 0; padding: 0; float: none; position: static; text-align: center;\"><img decoding=\"async\"  src=\"https:\/\/a.allegroimg.com\/original\/111e32\/9ed3241b4a6ab6b00658e6cfe414\/Nankang-NS-2R-180-195-45R17-Opony-letnie\" srcset=\"https:\/\/a.allegroimg.com\/original\/111e32\/9ed3241b4a6ab6b00658e6cfe414\/Nankang-NS-2R-180-195-45R17-Opony-letnie 295w,https:\/\/a.allegroimg.com\/original\/111e32\/9ed3241b4a6ab6b00658e6cfe414\/Nankang-NS-2R-180-195-45R17-Opony-letnie 591w,https:\/\/a.allegroimg.com\/original\/111e32\/9ed3241b4a6ab6b00658e6cfe414\/Nankang-NS-2R-180-195-45R17-Opony-letnie 841w,https:\/\/a.allegroimg.com\/original\/111e32\/9ed3241b4a6ab6b00658e6cfe414\/Nankang-NS-2R-180-195-45R17-Opony-letnie 920w,https:\/\/a.allegroimg.com\/original\/111e32\/9ed3241b4a6ab6b00658e6cfe414\/Nankang-NS-2R-180-195-45R17-Opony-letnie 920w\" sizes=\"(min-width: 1200px) 560px, (min-width: 992px) 50vw, 100vw\" width=\"920px\" alt=\"Nankang NS-2R 180 195\/45R17 Opony letnie\" style=\"max-width: 100%; height: auto; display: block; margin: 0 auto;\"><\/div>\n<\/div>\n<\/div>\n<\/div>\n<\/div>\n<div style=\"clear: both; display: block; margin: 10px 0;\">\n<div style=\"clear: both; display: block; margin: 10px 0;\">\n<h1>Nankang NS-2R 180 195\/45R17 Opony letnie<\/h1>\n<p style=\"margin: 15px 0; line-height: 1.8; clear: both; display: block; width: 100%; float: none; position: static;\">EAN: <b>4718022003744<\/b><\/p>\n<p style=\"margin: 15px 0; line-height: 1.8; clear: both; display: block; width: 100%; float: none; position: static;\">Producent: <b>NANKANG<\/b><\/p>\n<p style=\"margin: 15px 0; line-height: 1.8; clear: both; display: block; width: 100%; float: none; position: static;\">Bie\u017cnik: <b>NS-2R 180<\/b><\/p>\n<p style=\"margin: 15px 0; line-height: 1.8; clear: both; display: block; width: 100%; float: none; position: static;\">Rozmiar: <b>195\/45 R17 85Y<\/b><\/p>\n<p style=\"margin: 15px 0; line-height: 1.8; clear: both; display: block; width: 100%; float: none; position: static;\">Indeks no\u015bno\u015bci: <b>85<\/b><\/p>\n<p style=\"margin: 15px 0; line-height: 1.8; clear: both; display: block; width: 100%; float: none; position: static;\">Indeks pr\u0119dko\u015bci: <b>Y<\/b><\/p>\n<p style=\"margin: 15px 0; line-height: 1.8; clear: both; display: block; width: 100%; float: none; position: static;\">Sezon: <b>Letnie<\/b><\/p>\n<\/div>\n<\/div>\n<\/div>\n<div style=\"clear: both; display: block; margin: 10px 0;\">\n<div style=\"clear: both; display: block; margin: 10px 0;\">\n<div style=\"clear: both; display: block; margin: 10px 0;\">\n<p style=\"margin: 15px 0; line-height: 1.8; clear: both; display: block; width: 100%; float: none; position: static;\">Nankang\u202fNS-2R\u202fmo\u017ce pochwali\u0107 si\u0119 znakomitymi osi\u0105gami zar\u00f3wno na drodze, jak i na torze dzi\u0119ki zastosowaniu najnowszych technologii. Za dobre zachowanie na mokrej nawierzchni odpowiadaj\u0105 trzy centralne rowki, kt\u00f3re pomagaj\u0105 odprowadza\u0107 wod\u0119, a sztywne barki opony w po\u0142\u0105czeniu z dobrze dobranym sk\u0142adem mieszanki gumowej zapewniaj\u0105 jeszcze wi\u0119ksz\u0105 precyzj\u0119 prowadzenia i stabilno\u015b\u0107 podczas pokonywania zakr\u0119t\u00f3w.<\/p>\n<h2>Cechy opony:<\/h2>\n<p style=\"margin: 15px 0; line-height: 1.8; clear: both; display: block; width: 100%; float: none; position: static;\">&#8211; NS-2R\u202fto opona kontrolna podczas mistrzostw wy\u015bcigowych, takich jak Compact Cup Anglii i Szkocji, 330 Challenge,\u202fTegiwa\u202fCivic Cup,\u202fM3\u202fCup i MaX5. Cieszy si\u0119 du\u017c\u0105 popularno\u015bci\u0105 w\u015br\u00f3d zwyk\u0142ych kierowc\u00f3w i kierowc\u00f3w\u202fwy\u015bcigowych.<\/p>\n<p style=\"margin: 15px 0; line-height: 1.8; clear: both; display: block; width: 100%; float: none; position: static;\">&#8211; Dost\u0119pne mieszanki: 180 (Street), 120 (Track) i nowy 100\/80 (Race)<\/p>\n<h3 style=\"color: #2c5aa0; font-size: 18px; margin: 30px 0 15px 0; font-weight: bold; clear: both; display: block; width: 100%; float: none; position: static;\">Tylko mieszanka 180 posiada homologacj\u0119\u202fE4<\/h3>\n<h2>Nankang NS-2R: instrukcja u\u017cytkowania:<\/h2>\n<p style=\"margin: 15px 0; line-height: 1.8; clear: both; display: block; width: 100%; float: none; position: static;\">Optymalne ustawienia pochylenia k\u00f3\u0142 (camber):<\/p>\n<p style=\"margin: 15px 0; line-height: 1.8; clear: both; display: block; width: 100%; float: none; position: static;\">od -1,0 do -3,0 stopni<\/p>\n<p style=\"margin: 15px 0; line-height: 1.8; clear: both; display: block; width: 100%; float: none; position: static;\">Ustawienia ci\u015bnienia (gor\u0105ce powietrze):<\/p>\n<p style=\"margin: 15px 0; line-height: 1.8; clear: both; display: block; width: 100%; float: none; position: static;\">&#8211; Poni\u017cej 800 kg: 23 &#8211; 27,5 psi<\/p>\n<p style=\"margin: 15px 0; line-height: 1.8; clear: both; display: block; width: 100%; float: none; position: static;\">&#8211; 800-1000 kg: 24 &#8211; 32 psi<\/p>\n<p style=\"margin: 15px 0; line-height: 1.8; clear: both; display: block; width: 100%; float: none; position: static;\">&#8211; 1,000-1,400 kg: 27.5 &#8211; 37 psi<\/p>\n<p style=\"margin: 15px 0; line-height: 1.8; clear: both; display: block; width: 100%; float: none; position: static;\">&#8211; Powy\u017cej 1400 kg: 34 &#8211; 42 psi<\/p>\n<p style=\"margin: 15px 0; line-height: 1.8; clear: both; display: block; width: 100%; float: none; position: static;\">Ustawienia ci\u015bnienia (zimne powietrze):<\/p>\n<p style=\"margin: 15px 0; line-height: 1.8; clear: both; display: block; width: 100%; float: none; position: static;\">Jak wy\u017cej, ale u\u017cyj najwy\u017cszych podanych warto\u015bci dla ci\u015bnienia zimnego. Na przyk\u0142ad poni\u017cej 800 kg u\u017cyj 27,5 psi i zmniejszaj ci\u015bnienie po okr\u0105\u017ceniach rozgrzewkowych.<\/p>\n<p style=\"margin: 15px 0; line-height: 1.8; clear: both; display: block; width: 100%; float: none; position: static;\">Ustawienia ci\u015bnienia drogowego:<\/p>\n<p style=\"margin: 15px 0; line-height: 1.8; clear: both; display: block; width: 100%; float: none; position: static;\">Nale\u017cy stosowa\u0107 si\u0119 do wytycznych producenta samochodu.<\/p>\n<p style=\"margin: 15px 0; line-height: 1.8; clear: both; display: block; width: 100%; float: none; position: static;\">Podczas monta\u017cu:<\/p>\n<p style=\"margin: 15px 0; line-height: 1.8; clear: both; display: block; width: 100%; float: none; position: static;\">\u017b\u00f3\u0142ta kropka jest najl\u017cejsz\u0105 cz\u0119\u015bci\u0105 opony, dlatego powinna by\u0107 wyr\u00f3wnana z trzpieniem zaworu zar\u00f3wno w przypadku felg aluminiowych, jak i stalowych, aby zapewni\u0107 prawid\u0142owe wywa\u017cenie.<\/p>\n<\/div>\n<\/div>\n<div style=\"clear: both; display: block; margin: 10px 0;\">\n<div style=\"clear: both; display: block; margin: 10px 0;\">\n<div  style=\"max-width:920px;max-height:1120px\">\n<div style=\"clear: both; display: block; margin: 10px 0;\">\n<div style=\"clear: both; width: 100%; display: block; margin: 20px 0; padding: 0; float: none; position: static; text-align: center;\"><img decoding=\"async\"  src=\"https:\/\/a.allegroimg.com\/original\/11df8f\/e20b0152430b96af8c1f9b82cec9\/Nankang-NS-2R-180-195-45R17-Opony-letnie-Liczba-opon-w-ofercie-2-szt\" srcset=\"https:\/\/a.allegroimg.com\/original\/11df8f\/e20b0152430b96af8c1f9b82cec9\/Nankang-NS-2R-180-195-45R17-Opony-letnie-Liczba-opon-w-ofercie-2-szt 295w,https:\/\/a.allegroimg.com\/original\/11df8f\/e20b0152430b96af8c1f9b82cec9\/Nankang-NS-2R-180-195-45R17-Opony-letnie-Liczba-opon-w-ofercie-2-szt 591w,https:\/\/a.allegroimg.com\/original\/11df8f\/e20b0152430b96af8c1f9b82cec9\/Nankang-NS-2R-180-195-45R17-Opony-letnie-Liczba-opon-w-ofercie-2-szt 841w,https:\/\/a.allegroimg.com\/original\/11df8f\/e20b0152430b96af8c1f9b82cec9\/Nankang-NS-2R-180-195-45R17-Opony-letnie-Liczba-opon-w-ofercie-2-szt 920w,https:\/\/a.allegroimg.com\/original\/11df8f\/e20b0152430b96af8c1f9b82cec9\/Nankang-NS-2R-180-195-45R17-Opony-letnie-Liczba-opon-w-ofercie-2-szt 920w\" sizes=\"(min-width: 1200px) 560px, (min-width: 992px) 50vw, 100vw\" width=\"920px\" alt=\"Nankang NS-2R 180 195\/45R17 Opony letnie Liczba opon w ofercie 2 szt.\" style=\"max-width: 100%; height: auto; display: block; margin: 0 auto;\"><\/div>\n<\/div>\n<\/div>\n<\/div>\n<\/div>\n<\/div>\n<div style=\"clear: both; display: block; margin: 10px 0;\">\n<div style=\"clear: both; display: block; margin: 10px 0;\">\n<div style=\"clear: both; display: block; margin: 10px 0;\">\n<p style=\"margin: 15px 0; line-height: 1.8; clear: both; display: block; width: 100%; float: none; position: static;\">Dlaczego warto u nas kupowa\u0107?<\/p>\n<ul style=\"margin: 15px 0; padding-left: 20px; clear: both; display: block; width: 100%; float: none; position: static;\">\n<li style=\"margin: 5px 0; padding: 2px 0; clear: both; display: list-item; float: none; position: static;\">opony s\u0105 przechowywane w magazynie z prawie sta\u0142\u0105 temperatur\u0105 i wilgotno\u015bci\u0105, co gwarantuje, \u017ce ich jako\u015b\u0107 nie zmienia si\u0119 podczas magazynowania<\/li>\n<li style=\"margin: 5px 0; padding: 2px 0; clear: both; display: list-item; float: none; position: static;\">produkty pochodz\u0105 bezpo\u015brednio z fabryk producent\u00f3w, mamy pewno\u015b\u0107 ich pochodzenia a tak\u017ce jako\u015bci<\/li>\n<li style=\"margin: 5px 0; padding: 2px 0; clear: both; display: list-item; float: none; position: static;\">nie jeste\u015bmy wirtualn\u0105 firm\u0105, nasze produkty mo\u017cna obejrze\u0107 w magazynie w Bielanach Wroc\u0142awskich<\/li>\n<li style=\"margin: 5px 0; padding: 2px 0; clear: both; display: list-item; float: none; position: static;\">jeste\u015bmy w 100% Polsk\u0105 firm\u0105 i p\u0142acimy tutaj podatki<\/li>\n<\/ul>\n<\/div>\n<\/div>\n<\/div>\n<\/div>\n<\/div>\n<\/div>\n<div style=\"clear: both; display: block; margin: 10px 0;\">\n","protected":false},"excerpt":{"rendered":"<p>Przedmiotem aukcji s\u0105 dwie opony<\/p>\n<p>Nankang NS-2R 180 195\/45R17 Opony letnie<\/p>\n<p>Nankang NS-2R 180 195\/45R17 Opony letnie<\/p>\n<p>EAN: 4718022003744<\/p>\n<p>Producent: NANKANG<\/p>\n<p>Bie\u017cnik: NS-2R 180<\/p>\n<p>Rozmiar: 195\/45 R17 85Y<\/p>\n<p>Indeks no\u015bno\u015bci: 85<\/p>\n","protected":false},"featured_media":16478,"template":"","meta":{"_uag_custom_page_level_css":""},"product_brand":[446],"product_cat":[414,418,413,412],"product_tag":[],"class_list":{"0":"post-16477","1":"product","2":"type-product","3":"status-publish","4":"has-post-thumbnail","6":"product_brand-nankang","7":"product_cat-do-samochodow-osobowych-i-suv","8":"product_cat-letnie","9":"product_cat-opony","10":"product_cat-opony-i-felgi","12":"first","13":"instock","14":"shipping-taxable","15":"purchasable","16":"product-type-simple"},"uagb_featured_image_src":{"full":["https:\/\/oponixo.shop\/tire\/wp-content\/uploads\/2026\/01\/allegro-image-16477.jpg",920,1120,false],"thumbnail":["https:\/\/oponixo.shop\/tire\/wp-content\/uploads\/2026\/01\/allegro-image-16477-150x150.jpg",150,150,true],"medium":["https:\/\/oponixo.shop\/tire\/wp-content\/uploads\/2026\/01\/allegro-image-16477-246x300.jpg",246,300,true],"medium_large":["https:\/\/oponixo.shop\/tire\/wp-content\/uploads\/2026\/01\/allegro-image-16477-768x935.jpg",768,935,true],"large":["https:\/\/oponixo.shop\/tire\/wp-content\/uploads\/2026\/01\/allegro-image-16477-841x1024.jpg",841,1024,true],"1536x1536":["https:\/\/oponixo.shop\/tire\/wp-content\/uploads\/2026\/01\/allegro-image-16477.jpg",920,1120,false],"2048x2048":["https:\/\/oponixo.shop\/tire\/wp-content\/uploads\/2026\/01\/allegro-image-16477.jpg",920,1120,false],"woocommerce_thumbnail":["https:\/\/oponixo.shop\/tire\/wp-content\/uploads\/2026\/01\/allegro-image-16477-300x300.jpg",300,300,true],"woocommerce_single":["https:\/\/oponixo.shop\/tire\/wp-content\/uploads\/2026\/01\/allegro-image-16477-600x730.jpg",600,730,true],"woocommerce_gallery_thumbnail":["https:\/\/oponixo.shop\/tire\/wp-content\/uploads\/2026\/01\/allegro-image-16477-100x100.jpg",100,100,true]},"uagb_author_info":{"display_name":"admin","author_link":"https:\/\/oponixo.shop\/tire\/author\/"},"uagb_comment_info":0,"uagb_excerpt":"Przedmiotem aukcji s\u0105 dwie opony Nankang NS-2R 180 195\/45R17 Opony letnie Nankang NS-2R 180 195\/45R17 Opony letnie EAN: 4718022003744 Producent: NANKANG Bie\u017cnik: NS-2R 180 Rozmiar: 195\/45 R17 85Y Indeks no\u015bno\u015bci: 85","_links":{"self":[{"href":"https:\/\/oponixo.shop\/tire\/wp-json\/wp\/v2\/product\/16477","targetHints":{"allow":["GET"]}}],"collection":[{"href":"https:\/\/oponixo.shop\/tire\/wp-json\/wp\/v2\/product"}],"about":[{"href":"https:\/\/oponixo.shop\/tire\/wp-json\/wp\/v2\/types\/product"}],"wp:featuredmedia":[{"embeddable":true,"href":"https:\/\/oponixo.shop\/tire\/wp-json\/wp\/v2\/media\/16478"}],"wp:attachment":[{"href":"https:\/\/oponixo.shop\/tire\/wp-json\/wp\/v2\/media?parent=16477"}],"wp:term":[{"taxonomy":"product_brand","embeddable":true,"href":"https:\/\/oponixo.shop\/tire\/wp-json\/wp\/v2\/product_brand?post=16477"},{"taxonomy":"product_cat","embeddable":true,"href":"https:\/\/oponixo.shop\/tire\/wp-json\/wp\/v2\/product_cat?post=16477"},{"taxonomy":"product_tag","embeddable":true,"href":"https:\/\/oponixo.shop\/tire\/wp-json\/wp\/v2\/product_tag?post=16477"}],"curies":[{"name":"wp","href":"https:\/\/api.w.org\/{rel}","templated":true}]}}