{"id":16577,"date":"2026-01-17T13:38:48","date_gmt":"2026-01-17T12:38:48","guid":{"rendered":"https:\/\/oponyonline.shop\/xef5\/produkt\/4x-nexen-roadian-htx-rh5-235-70r15-103-s\/"},"modified":"2026-01-17T13:38:48","modified_gmt":"2026-01-17T12:38:48","slug":"4x-nexen-roadian-htx-rh5-235-70r15-103-s","status":"publish","type":"product","link":"https:\/\/oponixo.shop\/tire\/produkt\/4x-nexen-roadian-htx-rh5-235-70r15-103-s\/","title":{"rendered":"4x NEXEN ROADIAN HTX RH5 235\/70R15 103 S"},"content":{"rendered":"<div style=\"font-family: Arial, sans-serif; line-height: 1.6; color: #333; padding: 20px; clear: both; display: block; width: 100%; float: none; position: static; overflow: hidden;\">\n<div style=\"clear: both; display: block; margin: 10px 0;\">\n<div style=\"clear: both; display: block; margin: 10px 0;\">\n<div style=\"clear: both; display: block; margin: 10px 0;\">\n<h2>4x NEXEN ROADIAN HTX RH5 235\/70R15 103 S<\/h2>\n<\/div>\n<\/div>\n<\/div>\n<div style=\"clear: both; display: block; margin: 10px 0;\">\n<div style=\"clear: both; display: block; margin: 10px 0;\">\n<div style=\"clear: both; display: block; margin: 10px 0;\">\n<div  style=\"max-width:920px;max-height:1120px\">\n<div style=\"clear: both; display: block; margin: 10px 0;\">\n<div style=\"clear: both; width: 100%; display: block; margin: 20px 0; padding: 0; float: none; position: static; text-align: center;\"><img decoding=\"async\"  src=\"https:\/\/a.allegroimg.com\/original\/11143b\/c20193214ea48b88efa0812c77b7\/4x-NEXEN-ROADIAN-HTX-RH5-235-70R15-103-S\" srcset=\"https:\/\/a.allegroimg.com\/original\/11143b\/c20193214ea48b88efa0812c77b7\/4x-NEXEN-ROADIAN-HTX-RH5-235-70R15-103-S 295w,https:\/\/a.allegroimg.com\/original\/11143b\/c20193214ea48b88efa0812c77b7\/4x-NEXEN-ROADIAN-HTX-RH5-235-70R15-103-S 591w,https:\/\/a.allegroimg.com\/original\/11143b\/c20193214ea48b88efa0812c77b7\/4x-NEXEN-ROADIAN-HTX-RH5-235-70R15-103-S 841w,https:\/\/a.allegroimg.com\/original\/11143b\/c20193214ea48b88efa0812c77b7\/4x-NEXEN-ROADIAN-HTX-RH5-235-70R15-103-S 920w,https:\/\/a.allegroimg.com\/original\/11143b\/c20193214ea48b88efa0812c77b7\/4x-NEXEN-ROADIAN-HTX-RH5-235-70R15-103-S 920w\" sizes=\"(min-width: 1200px) 560px, (min-width: 992px) 50vw, 100vw\" width=\"920px\" alt=\"4x NEXEN ROADIAN HTX RH5 235\/70R15 103 S\" style=\"max-width: 100%; height: auto; display: block; margin: 0 auto;\"><\/div>\n<\/div>\n<\/div>\n<\/div>\n<\/div>\n<div style=\"clear: both; display: block; margin: 10px 0;\">\n<div style=\"clear: both; display: block; margin: 10px 0;\">\n<h2>Letnie opony NEXEN ROADIAN HTX RH5 ROWL 235\/70 R15 103 S<\/h2>\n<p style=\"margin: 15px 0; line-height: 1.8; clear: both; display: block; width: 100%; float: none; position: static;\">Opony NEXEN ROADIAN HTX RH5 ROWL to znacz\u0105cy model w portfolio producenta.&nbsp;<\/p>\n<p style=\"margin: 15px 0; line-height: 1.8; clear: both; display: block; width: 100%; float: none; position: static;\"> Opony klasy \u015bredniej cechuj\u0105 si\u0119 najbardziej optymalnymi parametrami jezdnymi przy zachowaniu dobrej ceny.<\/p>\n<ul style=\"margin: 15px 0; padding-left: 20px; clear: both; display: block; width: 100%; float: none; position: static;\">\n<li style=\"margin: 5px 0; padding: 2px 0; clear: both; display: list-item; float: none; position: static;\"><b>Stan:<\/b>&nbsp;Nowy<\/li>\n<li style=\"margin: 5px 0; padding: 2px 0; clear: both; display: list-item; float: none; position: static;\"><b>EAN:<\/b>&nbsp;8807622313806<\/li>\n<li style=\"margin: 5px 0; padding: 2px 0; clear: both; display: list-item; float: none; position: static;\"><b>Producent:<\/b> NEXEN<\/li>\n<li style=\"margin: 5px 0; padding: 2px 0; clear: both; display: list-item; float: none; position: static;\"><b>Model:<\/b> ROADIAN HTX RH5 ROWL<\/li>\n<li style=\"margin: 5px 0; padding: 2px 0; clear: both; display: list-item; float: none; position: static;\"><b>Rozmiar:<\/b> 235\/70 R15<\/li>\n<li style=\"margin: 5px 0; padding: 2px 0; clear: both; display: list-item; float: none; position: static;\"><b>Indeks no\u015bno\u015bci:<\/b> 103<\/li>\n<li style=\"margin: 5px 0; padding: 2px 0; clear: both; display: list-item; float: none; position: static;\"><b>Indeks pr\u0119dko\u015bci:<\/b> S<\/li>\n<li style=\"margin: 5px 0; padding: 2px 0; clear: both; display: list-item; float: none; position: static;\"><b>Ha\u0142as db:<\/b>&nbsp;69<\/li>\n<li style=\"margin: 5px 0; padding: 2px 0; clear: both; display: list-item; float: none; position: static;\"><b>Sezon:<\/b> Letnie<\/li>\n<li style=\"margin: 5px 0; padding: 2px 0; clear: both; display: list-item; float: none; position: static;\"><b>Rok produkcji:<\/b> nie starsze ni\u017c 36 miesi\u0119cy<\/li>\n<li style=\"margin: 5px 0; padding: 2px 0; clear: both; display: list-item; float: none; position: static;\"><b>Przeznaczenie:<\/b> SUV\/4&#215;4<\/li>\n<li style=\"margin: 5px 0; padding: 2px 0; clear: both; display: list-item; float: none; position: static;\"><b>Kl. przycz. na mokrej naw.:<\/b>&nbsp;E<\/li>\n<li style=\"margin: 5px 0; padding: 2px 0; clear: both; display: list-item; float: none; position: static;\"><b>Kl. efekt. paliwowej:&nbsp;<\/b>E<\/li>\n<\/ul>\n<\/div>\n<\/div>\n<\/div>\n<div style=\"clear: both; display: block; margin: 10px 0;\">\n<div style=\"clear: both; display: block; margin: 10px 0;\">\n<div style=\"clear: both; display: block; margin: 10px 0;\">\n<div  style=\"max-width:1024px;max-height:529px\">\n<div style=\"clear: both; display: block; margin: 10px 0;\">\n<div style=\"clear: both; width: 100%; display: block; margin: 20px 0; padding: 0; float: none; position: static; text-align: center;\"><img decoding=\"async\"  src=\"https:\/\/a.allegroimg.com\/original\/11f61f\/908731dd4cfab4c48d3fd111de66\/4x-NEXEN-ROADIAN-HTX-RH5-235-70R15-103-S-Liczba-opon-w-ofercie-Komplet-4-szt\" srcset=\"https:\/\/a.allegroimg.com\/original\/11f61f\/908731dd4cfab4c48d3fd111de66\/4x-NEXEN-ROADIAN-HTX-RH5-235-70R15-103-S-Liczba-opon-w-ofercie-Komplet-4-szt 360w,https:\/\/a.allegroimg.com\/original\/11f61f\/908731dd4cfab4c48d3fd111de66\/4x-NEXEN-ROADIAN-HTX-RH5-235-70R15-103-S-Liczba-opon-w-ofercie-Komplet-4-szt 720w,https:\/\/a.allegroimg.com\/original\/11f61f\/908731dd4cfab4c48d3fd111de66\/4x-NEXEN-ROADIAN-HTX-RH5-235-70R15-103-S-Liczba-opon-w-ofercie-Komplet-4-szt 1024w,https:\/\/a.allegroimg.com\/original\/11f61f\/908731dd4cfab4c48d3fd111de66\/4x-NEXEN-ROADIAN-HTX-RH5-235-70R15-103-S-Liczba-opon-w-ofercie-Komplet-4-szt 1024w\" sizes=\"100vw\" width=\"1024px\" alt=\"4x NEXEN ROADIAN HTX RH5 235\/70R15 103 S Liczba opon w ofercie Komplet 4 szt.\" style=\"max-width: 100%; height: auto; display: block; margin: 0 auto;\"><\/div>\n<\/div>\n<\/div>\n<\/div>\n<\/div>\n<\/div>\n<div style=\"clear: both; display: block; margin: 10px 0;\">\n<div style=\"clear: both; display: block; margin: 10px 0;\">\n<div style=\"clear: both; display: block; margin: 10px 0;\">\n<p style=\"margin: 15px 0; line-height: 1.8; clear: both; display: block; width: 100%; float: none; position: static;\">Firma Nexen zosta\u0142a za\u0142o\u017cona w 1942 roku jako Heung-A Tire Co. By\u0142a pierwsz\u0105 firm\u0105 produkuj\u0105c\u0105 opony do pojazd\u00f3w w Korei od 1956 roku. Od tego czasu sta\u0142a si\u0119 jedn\u0105 z wiod\u0105cych marek w krajowym przemy\u015ble oponiarskim i osi\u0105gn\u0119\u0142a godne uwagi sukcesy, takie jak opracowanie pierwszej korea\u0144skiej opony kierunkowej serii 60 z bie\u017cnikiem w kszta\u0142cie litery V.<\/p>\n<p style=\"margin: 15px 0; line-height: 1.8; clear: both; display: block; width: 100%; float: none; position: static;\">Nazw\u0119 zmieniona w 2000 r. na NEXEN TIRE w celu poprawy wizerunku firmy. NEXEN TIRE osi\u0105ga niezwyk\u0142e rezultaty w testach dzi\u0119ki czemu odnotowuje wzrosty kt\u00f3re plasuj\u0105 sp\u00f3\u0142k\u0119 w czo\u0142\u00f3wce \u015bwiatowego przemys\u0142u oponiarskiego.<\/p>\n<p style=\"margin: 15px 0; line-height: 1.8; clear: both; display: block; width: 100%; float: none; position: static;\">Technologie opracowane na przestrzeni lat spowodowa\u0142y, \u017ce opony Nexen eksploatowane s\u0105 w ponad 140 krajach na kilku kontynentach. Koncern kontynuuje swoje badania, kt\u00f3rych celem jest stworzenie opon odpowiadaj\u0105cych na stale zmieniaj\u0105ce si\u0119 potrzeby kierowc\u00f3w.<\/p>\n<p style=\"margin: 15px 0; line-height: 1.8; clear: both; display: block; width: 100%; float: none; position: static;\">Firma produkuje opony klasy \u015bredniej, kt\u00f3re s\u0105 idealnym kompromisem mi\u0119dzy cen\u0105, a \u015bwietnymi rezultatami w testach gwarantuj\u0105c bezpiecze\u0144stwo i pewno\u015b\u0107 prowadzenia w ka\u017cdych warunkach.<\/p>\n<\/div>\n<\/div>\n<\/div>\n<div style=\"clear: both; display: block; margin: 10px 0;\">\n<div style=\"clear: both; display: block; margin: 10px 0;\">\n<div style=\"clear: both; display: block; margin: 10px 0;\">\n<div  style=\"max-width:1200px;max-height:1758px\">\n<div style=\"clear: both; display: block; margin: 10px 0;\">\n<div style=\"clear: both; width: 100%; display: block; margin: 20px 0; padding: 0; float: none; position: static; text-align: center;\"><img decoding=\"async\"  src=\"https:\/\/a.allegroimg.com\/original\/11889c\/3bc3967b4feb986c3fbdc3c1d6e7\/4x-NEXEN-ROADIAN-HTX-RH5-235-70R15-103-S-Marka-Nexen\" srcset=\"https:\/\/a.allegroimg.com\/original\/11889c\/3bc3967b4feb986c3fbdc3c1d6e7\/4x-NEXEN-ROADIAN-HTX-RH5-235-70R15-103-S-Marka-Nexen 245w,https:\/\/a.allegroimg.com\/original\/11889c\/3bc3967b4feb986c3fbdc3c1d6e7\/4x-NEXEN-ROADIAN-HTX-RH5-235-70R15-103-S-Marka-Nexen 491w,https:\/\/a.allegroimg.com\/original\/11889c\/3bc3967b4feb986c3fbdc3c1d6e7\/4x-NEXEN-ROADIAN-HTX-RH5-235-70R15-103-S-Marka-Nexen 698w,https:\/\/a.allegroimg.com\/original\/11889c\/3bc3967b4feb986c3fbdc3c1d6e7\/4x-NEXEN-ROADIAN-HTX-RH5-235-70R15-103-S-Marka-Nexen 982w,https:\/\/a.allegroimg.com\/original\/11889c\/3bc3967b4feb986c3fbdc3c1d6e7\/4x-NEXEN-ROADIAN-HTX-RH5-235-70R15-103-S-Marka-Nexen 1200w\" sizes=\"(min-width: 1200px) 560px, (min-width: 992px) 50vw, 100vw\" width=\"1200px\" alt=\"4x NEXEN ROADIAN HTX RH5 235\/70R15 103 S Marka Nexen\" style=\"max-width: 100%; height: auto; display: block; margin: 0 auto;\"><\/div>\n<\/div>\n<\/div>\n<\/div>\n<\/div>\n<div style=\"clear: both; display: block; margin: 10px 0;\">\n<div style=\"clear: both; display: block; margin: 10px 0;\">\n<p style=\"margin: 15px 0; line-height: 1.8; clear: both; display: block; width: 100%; float: none; position: static;\">Dlaczego warto kupowa\u0107 u Nas ?<\/p>\n<p style=\"margin: 15px 0; line-height: 1.8; clear: both; display: block; width: 100%; float: none; position: static;\">Jeste\u015bmy firm\u0105, kt\u00f3ra na podstawie wieloletniego do\u015bwiadczenia z zaanga\u017cowaniem pomaga klientom w doborze oraz kupnie opon.<\/p>\n<p style=\"margin: 15px 0; line-height: 1.8; clear: both; display: block; width: 100%; float: none; position: static;\">Posiadamy szerok\u0105 game opon do aut osobowych, dostawczych, cie\u017carowych, motocyki jak i opon przemys\u0142owych.<\/p>\n<p style=\"margin: 15px 0; line-height: 1.8; clear: both; display: block; width: 100%; float: none; position: static;\">Gwarancja satysfakcjii oraz bezpiecznie przejechanych kilometr\u00f3w.<\/p>\n<p style=\"margin: 15px 0; line-height: 1.8; clear: both; display: block; width: 100%; float: none; position: static;\">Zosta\u0144 naszym kolejnym zadowolonym klientem.<\/p>\n<p style=\"margin: 15px 0; line-height: 1.8; clear: both; display: block; width: 100%; float: none; position: static;\">ZAPRASZAMY DO ZAKUP\u00d3W.<\/p>\n<\/div>\n<\/div>\n<\/div>\n<\/div>\n<\/div>\n<\/div>\n<div style=\"clear: both; display: block; margin: 10px 0;\">\n","protected":false},"excerpt":{"rendered":"<p>4x NEXEN ROADIAN HTX RH5 235\/70R15 103 S<\/p>\n<p>Letnie opony NEXEN ROADIAN HTX RH5 ROWL 235\/70 R15 103 S<\/p>\n<p>Opony NEXEN ROADIAN HTX RH5 ROWL to znacz\u0105cy model w portfolio producenta.&nbsp;<\/p>\n<p>Opony klasy \u015bredniej cechuj\u0105 si\u0119 najbardziej optymalnymi parametrami jezdnymi przy zachowaniu dobrej ceny.<\/p>\n<p>Stan:&nbsp;Nowy<\/p>\n<p>EAN:&nbsp;8807622313806<\/p>\n<p>Producent: NEXEN<\/p>\n<p>Model: ROADIAN HTX RH5 ROWL<\/p>\n","protected":false},"featured_media":16580,"template":"","meta":{"_uag_custom_page_level_css":""},"product_brand":[392],"product_cat":[428,418,413,412],"product_tag":[],"class_list":{"0":"post-16577","1":"product","2":"type-product","3":"status-publish","4":"has-post-thumbnail","6":"product_brand-nexen","7":"product_cat-do-samochodow-terenowych-i-4x4","8":"product_cat-letnie","9":"product_cat-opony","10":"product_cat-opony-i-felgi","12":"first","13":"instock","14":"shipping-taxable","15":"purchasable","16":"product-type-simple"},"uagb_featured_image_src":{"full":["https:\/\/oponixo.shop\/tire\/wp-content\/uploads\/2026\/01\/allegro-image-16577.jpg",920,1120,false],"thumbnail":["https:\/\/oponixo.shop\/tire\/wp-content\/uploads\/2026\/01\/allegro-image-16577-150x150.jpg",150,150,true],"medium":["https:\/\/oponixo.shop\/tire\/wp-content\/uploads\/2026\/01\/allegro-image-16577-246x300.jpg",246,300,true],"medium_large":["https:\/\/oponixo.shop\/tire\/wp-content\/uploads\/2026\/01\/allegro-image-16577-768x935.jpg",768,935,true],"large":["https:\/\/oponixo.shop\/tire\/wp-content\/uploads\/2026\/01\/allegro-image-16577-841x1024.jpg",841,1024,true],"1536x1536":["https:\/\/oponixo.shop\/tire\/wp-content\/uploads\/2026\/01\/allegro-image-16577.jpg",920,1120,false],"2048x2048":["https:\/\/oponixo.shop\/tire\/wp-content\/uploads\/2026\/01\/allegro-image-16577.jpg",920,1120,false],"woocommerce_thumbnail":["https:\/\/oponixo.shop\/tire\/wp-content\/uploads\/2026\/01\/allegro-image-16577-300x300.jpg",300,300,true],"woocommerce_single":["https:\/\/oponixo.shop\/tire\/wp-content\/uploads\/2026\/01\/allegro-image-16577-600x730.jpg",600,730,true],"woocommerce_gallery_thumbnail":["https:\/\/oponixo.shop\/tire\/wp-content\/uploads\/2026\/01\/allegro-image-16577-100x100.jpg",100,100,true]},"uagb_author_info":{"display_name":"admin","author_link":"https:\/\/oponixo.shop\/tire\/author\/"},"uagb_comment_info":0,"uagb_excerpt":"4x NEXEN ROADIAN HTX RH5 235\/70R15 103 S Letnie opony NEXEN ROADIAN HTX RH5 ROWL 235\/70 R15 103 S Opony NEXEN ROADIAN HTX RH5 ROWL to znacz\u0105cy model w portfolio producenta.&nbsp; Opony klasy \u015bredniej cechuj\u0105 si\u0119 najbardziej optymalnymi parametrami jezdnymi przy zachowaniu dobrej ceny. Stan:&nbsp;Nowy EAN:&nbsp;8807622313806 Producent: NEXEN Model: ROADIAN HTX RH5 ROWL","_links":{"self":[{"href":"https:\/\/oponixo.shop\/tire\/wp-json\/wp\/v2\/product\/16577","targetHints":{"allow":["GET"]}}],"collection":[{"href":"https:\/\/oponixo.shop\/tire\/wp-json\/wp\/v2\/product"}],"about":[{"href":"https:\/\/oponixo.shop\/tire\/wp-json\/wp\/v2\/types\/product"}],"wp:featuredmedia":[{"embeddable":true,"href":"https:\/\/oponixo.shop\/tire\/wp-json\/wp\/v2\/media\/16580"}],"wp:attachment":[{"href":"https:\/\/oponixo.shop\/tire\/wp-json\/wp\/v2\/media?parent=16577"}],"wp:term":[{"taxonomy":"product_brand","embeddable":true,"href":"https:\/\/oponixo.shop\/tire\/wp-json\/wp\/v2\/product_brand?post=16577"},{"taxonomy":"product_cat","embeddable":true,"href":"https:\/\/oponixo.shop\/tire\/wp-json\/wp\/v2\/product_cat?post=16577"},{"taxonomy":"product_tag","embeddable":true,"href":"https:\/\/oponixo.shop\/tire\/wp-json\/wp\/v2\/product_tag?post=16577"}],"curies":[{"name":"wp","href":"https:\/\/api.w.org\/{rel}","templated":true}]}}