{"id":16579,"date":"2026-01-17T13:38:48","date_gmt":"2026-01-17T12:38:48","guid":{"rendered":"https:\/\/oponyonline.shop\/xef5\/produkt\/2x-triangle-agilex-a-t-tr292-235-70r15-103h\/"},"modified":"2026-01-17T13:38:49","modified_gmt":"2026-01-17T12:38:49","slug":"2x-triangle-agilex-a-t-tr292-235-70r15-103h","status":"publish","type":"product","link":"https:\/\/oponixo.shop\/tire\/produkt\/2x-triangle-agilex-a-t-tr292-235-70r15-103h\/","title":{"rendered":"2x Triangle AgileX A\/T TR292 235\/70R15 103H"},"content":{"rendered":"<div style=\"font-family: Arial, sans-serif; line-height: 1.6; color: #333; padding: 20px; clear: both; display: block; width: 100%; float: none; position: static; overflow: hidden;\">\n<div style=\"clear: both; display: block; margin: 10px 0;\">\n<div style=\"clear: both; display: block; margin: 10px 0;\">\n<div style=\"clear: both; display: block; margin: 10px 0;\">\n<h1>2x nowe opony letnie TRIANGLE AGILEX A\/T TR292 235\/70R15 103H<\/h1>\n<p style=\"margin: 15px 0; line-height: 1.8; clear: both; display: block; width: 100%; float: none; position: static;\">Cechy produktu<\/p>\n<ul style=\"margin: 15px 0; padding-left: 20px; clear: both; display: block; width: 100%; float: none; position: static;\">\n<li style=\"margin: 5px 0; padding: 2px 0; clear: both; display: list-item; float: none; position: static;\">Marka: Triangle<\/li>\n<li style=\"margin: 5px 0; padding: 2px 0; clear: both; display: list-item; float: none; position: static;\">Model: AgileX A\/T TR292<\/li>\n<li style=\"margin: 5px 0; padding: 2px 0; clear: both; display: list-item; float: none; position: static;\">Szeroko\u015b\u0107\/profil\/\u015brednica: 235\/70R15<\/li>\n<li style=\"margin: 5px 0; padding: 2px 0; clear: both; display: list-item; float: none; position: static;\">Indeks no\u015bno\u015bci: do 103 (875 kg na opon\u0119)<\/li>\n<li style=\"margin: 5px 0; padding: 2px 0; clear: both; display: list-item; float: none; position: static;\">Indeks pr\u0119dko\u015bci: H (do 210 km\/h)<\/li>\n<li style=\"margin: 5px 0; padding: 2px 0; clear: both; display: list-item; float: none; position: static;\">Sezon: letnie<\/li>\n<li style=\"margin: 5px 0; padding: 2px 0; clear: both; display: list-item; float: none; position: static;\">Typ pojazdu: 4&#215;4<\/li>\n<li style=\"margin: 5px 0; padding: 2px 0; clear: both; display: list-item; float: none; position: static;\">Klasa energetyczna: D<\/li>\n<li style=\"margin: 5px 0; padding: 2px 0; clear: both; display: list-item; float: none; position: static;\">Klasa przyczepno\u015bci: C<\/li>\n<li style=\"margin: 5px 0; padding: 2px 0; clear: both; display: list-item; float: none; position: static;\">Poziom ha\u0142asu: 71<\/li>\n<li style=\"margin: 5px 0; padding: 2px 0; clear: both; display: list-item; float: none; position: static;\">Klasa ha\u0142asu: B<\/li>\n<li style=\"margin: 5px 0; padding: 2px 0; clear: both; display: list-item; float: none; position: static;\">Rok produkcji: 2024\/2025<\/li>\n<\/ul>\n<\/div>\n<\/div>\n<div style=\"clear: both; display: block; margin: 10px 0;\">\n<div style=\"clear: both; display: block; margin: 10px 0;\">\n<div  style=\"max-width:575px;max-height:800px\">\n<div style=\"clear: both; display: block; margin: 10px 0;\">\n<div style=\"clear: both; width: 100%; display: block; margin: 20px 0; padding: 0; float: none; position: static; text-align: center;\"><img decoding=\"async\"  src=\"https:\/\/a.allegroimg.com\/original\/11ee6b\/e1bab763482db3077665a7fa46b3\/2x-Triangle-AgileX-A-T-TR292-235-70R15-103H\" srcset=\"https:\/\/a.allegroimg.com\/original\/11ee6b\/e1bab763482db3077665a7fa46b3\/2x-Triangle-AgileX-A-T-TR292-235-70R15-103H 258w,https:\/\/a.allegroimg.com\/original\/11ee6b\/e1bab763482db3077665a7fa46b3\/2x-Triangle-AgileX-A-T-TR292-235-70R15-103H 517w,https:\/\/a.allegroimg.com\/original\/11ee6b\/e1bab763482db3077665a7fa46b3\/2x-Triangle-AgileX-A-T-TR292-235-70R15-103H 575w,https:\/\/a.allegroimg.com\/original\/11ee6b\/e1bab763482db3077665a7fa46b3\/2x-Triangle-AgileX-A-T-TR292-235-70R15-103H 575w\" sizes=\"(min-width: 1200px) 560px, (min-width: 992px) 50vw, 100vw\" width=\"575px\" alt=\"2x Triangle AgileX A\/T TR292 235\/70R15 103H\" style=\"max-width: 100%; height: auto; display: block; margin: 0 auto;\"><\/div>\n<\/div>\n<\/div>\n<\/div>\n<\/div>\n<\/div>\n<div style=\"clear: both; display: block; margin: 10px 0;\">\n<div style=\"clear: both; display: block; margin: 10px 0;\">\n<div style=\"clear: both; display: block; margin: 10px 0;\">\n<div  style=\"max-width:212px;max-height:305px\">\n<div style=\"clear: both; display: block; margin: 10px 0;\">\n<div style=\"clear: both; width: 100%; display: block; margin: 20px 0; padding: 0; float: none; position: static; text-align: center;\"><img decoding=\"async\"  src=\"https:\/\/a.allegroimg.com\/original\/117220\/bb95943d4491b7f345c9f2d46c32\/2x-Triangle-AgileX-A-T-TR292-235-70R15-103H-Liczba-opon-w-ofercie-2-szt\" srcset=\"https:\/\/a.allegroimg.com\/original\/117220\/bb95943d4491b7f345c9f2d46c32\/2x-Triangle-AgileX-A-T-TR292-235-70R15-103H-Liczba-opon-w-ofercie-2-szt 212w,https:\/\/a.allegroimg.com\/original\/117220\/bb95943d4491b7f345c9f2d46c32\/2x-Triangle-AgileX-A-T-TR292-235-70R15-103H-Liczba-opon-w-ofercie-2-szt 212w\" sizes=\"(min-width: 1200px) 560px, (min-width: 992px) 50vw, 100vw\" width=\"212px\" alt=\"2x Triangle AgileX A\/T TR292 235\/70R15 103H Liczba opon w ofercie 2 szt.\" style=\"max-width: 100%; height: auto; display: block; margin: 0 auto;\"><\/div>\n<\/div>\n<\/div>\n<\/div>\n<\/div>\n<div style=\"clear: both; display: block; margin: 10px 0;\">\n<div style=\"clear: both; display: block; margin: 10px 0;\">\n<div  style=\"max-width:2560px;max-height:492px\">\n<div style=\"clear: both; display: block; margin: 10px 0;\">\n<div style=\"clear: both; width: 100%; display: block; margin: 20px 0; padding: 0; float: none; position: static; text-align: center;\"><img decoding=\"async\"  src=\"https:\/\/a.allegroimg.com\/original\/11e468\/356c76014cc0a87fafb7ab94d4b8\/2x-Triangle-AgileX-A-T-TR292-235-70R15-103H-Marka-Triangle\" srcset=\"https:\/\/a.allegroimg.com\/original\/11e468\/356c76014cc0a87fafb7ab94d4b8\/2x-Triangle-AgileX-A-T-TR292-235-70R15-103H-Marka-Triangle 360w,https:\/\/a.allegroimg.com\/original\/11e468\/356c76014cc0a87fafb7ab94d4b8\/2x-Triangle-AgileX-A-T-TR292-235-70R15-103H-Marka-Triangle 720w,https:\/\/a.allegroimg.com\/original\/11e468\/356c76014cc0a87fafb7ab94d4b8\/2x-Triangle-AgileX-A-T-TR292-235-70R15-103H-Marka-Triangle 1024w,https:\/\/a.allegroimg.com\/original\/11e468\/356c76014cc0a87fafb7ab94d4b8\/2x-Triangle-AgileX-A-T-TR292-235-70R15-103H-Marka-Triangle 1440w,https:\/\/a.allegroimg.com\/original\/11e468\/356c76014cc0a87fafb7ab94d4b8\/2x-Triangle-AgileX-A-T-TR292-235-70R15-103H-Marka-Triangle 2560w\" sizes=\"(min-width: 1200px) 560px, (min-width: 992px) 50vw, 100vw\" width=\"2560px\" alt=\"2x Triangle AgileX A\/T TR292 235\/70R15 103H Marka Triangle\" style=\"max-width: 100%; height: auto; display: block; margin: 0 auto;\"><\/div>\n<\/div>\n<\/div>\n<\/div>\n<\/div>\n<\/div>\n<div style=\"clear: both; display: block; margin: 10px 0;\">\n<div style=\"clear: both; display: block; margin: 10px 0;\">\n<div style=\"clear: both; display: block; margin: 10px 0;\">\n<p style=\"margin: 15px 0; line-height: 1.8; clear: both; display: block; width: 100%; float: none; position: static;\">Triangle<\/p>\n<\/div>\n<\/div>\n<\/div>\n<\/div>\n<\/div>\n<\/div>\n<div style=\"clear: both; display: block; margin: 10px 0;\">\n","protected":false},"excerpt":{"rendered":"<p>2x nowe opony letnie TRIANGLE AGILEX A\/T TR292 235\/70R15 103H<\/p>\n<p>Cechy produktu<\/p>\n<p>Marka: Triangle<\/p>\n<p>Model: AgileX A\/T TR292<\/p>\n<p>Szeroko\u015b\u0107\/profil\/\u015brednica: 235\/70R15<\/p>\n<p>Indeks no\u015bno\u015bci: do 103 (875 kg na opon\u0119)<\/p>\n<p>Indeks pr\u0119dko\u015bci: H (do 210 km\/h)<\/p>\n<p>Sezon: letnie<\/p>\n","protected":false},"featured_media":16582,"template":"","meta":{"_uag_custom_page_level_css":""},"product_brand":[388],"product_cat":[428,418,413,412],"product_tag":[],"class_list":{"0":"post-16579","1":"product","2":"type-product","3":"status-publish","4":"has-post-thumbnail","6":"product_brand-triangle","7":"product_cat-do-samochodow-terenowych-i-4x4","8":"product_cat-letnie","9":"product_cat-opony","10":"product_cat-opony-i-felgi","12":"first","13":"instock","14":"shipping-taxable","15":"purchasable","16":"product-type-simple"},"uagb_featured_image_src":{"full":["https:\/\/oponixo.shop\/tire\/wp-content\/uploads\/2026\/01\/allegro-image-16579.jpg",575,800,false],"thumbnail":["https:\/\/oponixo.shop\/tire\/wp-content\/uploads\/2026\/01\/allegro-image-16579-150x150.jpg",150,150,true],"medium":["https:\/\/oponixo.shop\/tire\/wp-content\/uploads\/2026\/01\/allegro-image-16579-216x300.jpg",216,300,true],"medium_large":["https:\/\/oponixo.shop\/tire\/wp-content\/uploads\/2026\/01\/allegro-image-16579.jpg",575,800,false],"large":["https:\/\/oponixo.shop\/tire\/wp-content\/uploads\/2026\/01\/allegro-image-16579.jpg",575,800,false],"1536x1536":["https:\/\/oponixo.shop\/tire\/wp-content\/uploads\/2026\/01\/allegro-image-16579.jpg",575,800,false],"2048x2048":["https:\/\/oponixo.shop\/tire\/wp-content\/uploads\/2026\/01\/allegro-image-16579.jpg",575,800,false],"woocommerce_thumbnail":["https:\/\/oponixo.shop\/tire\/wp-content\/uploads\/2026\/01\/allegro-image-16579-300x300.jpg",300,300,true],"woocommerce_single":["https:\/\/oponixo.shop\/tire\/wp-content\/uploads\/2026\/01\/allegro-image-16579.jpg",575,800,false],"woocommerce_gallery_thumbnail":["https:\/\/oponixo.shop\/tire\/wp-content\/uploads\/2026\/01\/allegro-image-16579-100x100.jpg",100,100,true]},"uagb_author_info":{"display_name":"admin","author_link":"https:\/\/oponixo.shop\/tire\/author\/"},"uagb_comment_info":0,"uagb_excerpt":"2x nowe opony letnie TRIANGLE AGILEX A\/T TR292 235\/70R15 103H Cechy produktu Marka: Triangle Model: AgileX A\/T TR292 Szeroko\u015b\u0107\/profil\/\u015brednica: 235\/70R15 Indeks no\u015bno\u015bci: do 103 (875 kg na opon\u0119) Indeks pr\u0119dko\u015bci: H (do 210 km\/h) Sezon: letnie","_links":{"self":[{"href":"https:\/\/oponixo.shop\/tire\/wp-json\/wp\/v2\/product\/16579","targetHints":{"allow":["GET"]}}],"collection":[{"href":"https:\/\/oponixo.shop\/tire\/wp-json\/wp\/v2\/product"}],"about":[{"href":"https:\/\/oponixo.shop\/tire\/wp-json\/wp\/v2\/types\/product"}],"wp:featuredmedia":[{"embeddable":true,"href":"https:\/\/oponixo.shop\/tire\/wp-json\/wp\/v2\/media\/16582"}],"wp:attachment":[{"href":"https:\/\/oponixo.shop\/tire\/wp-json\/wp\/v2\/media?parent=16579"}],"wp:term":[{"taxonomy":"product_brand","embeddable":true,"href":"https:\/\/oponixo.shop\/tire\/wp-json\/wp\/v2\/product_brand?post=16579"},{"taxonomy":"product_cat","embeddable":true,"href":"https:\/\/oponixo.shop\/tire\/wp-json\/wp\/v2\/product_cat?post=16579"},{"taxonomy":"product_tag","embeddable":true,"href":"https:\/\/oponixo.shop\/tire\/wp-json\/wp\/v2\/product_tag?post=16579"}],"curies":[{"name":"wp","href":"https:\/\/api.w.org\/{rel}","templated":true}]}}