{"id":16619,"date":"2026-01-17T13:38:55","date_gmt":"2026-01-17T12:38:55","guid":{"rendered":"https:\/\/oponyonline.shop\/xef5\/produkt\/westlake-sl366-mt-195-80r14-opony-letnie-2\/"},"modified":"2026-01-17T13:38:57","modified_gmt":"2026-01-17T12:38:57","slug":"westlake-sl366-mt-195-80r14-opony-letnie-2","status":"publish","type":"product","link":"https:\/\/oponixo.shop\/tire\/produkt\/westlake-sl366-mt-195-80r14-opony-letnie-2\/","title":{"rendered":"Westlake SL366 MT 195\/80R14 Opony letnie"},"content":{"rendered":"<div style=\"font-family: Arial, sans-serif; line-height: 1.6; color: #333; padding: 20px; clear: both; display: block; width: 100%; float: none; position: static; overflow: hidden;\">\n<div style=\"clear: both; display: block; margin: 10px 0;\">\n<div style=\"clear: both; display: block; margin: 10px 0;\">\n<div style=\"clear: both; display: block; margin: 10px 0;\">\n<h1>Przedmiotem aukcji s\u0105 dwie opony<\/h1>\n<h1>Westlake SL366 MT 195\/80R14 Opony letnie<\/h1>\n<\/div>\n<\/div>\n<\/div>\n<div style=\"clear: both; display: block; margin: 10px 0;\">\n<div style=\"clear: both; display: block; margin: 10px 0;\">\n<div style=\"clear: both; display: block; margin: 10px 0;\">\n<div  style=\"max-width:920px;max-height:1120px\">\n<div style=\"clear: both; display: block; margin: 10px 0;\">\n<div style=\"clear: both; width: 100%; display: block; margin: 20px 0; padding: 0; float: none; position: static; text-align: center;\"><img decoding=\"async\"  src=\"https:\/\/a.allegroimg.com\/original\/11c31f\/1f713aa74f8381e00c5843804a59\/Westlake-SL366-MT-195-80R14-Opony-letnie\" srcset=\"https:\/\/a.allegroimg.com\/original\/11c31f\/1f713aa74f8381e00c5843804a59\/Westlake-SL366-MT-195-80R14-Opony-letnie 295w,https:\/\/a.allegroimg.com\/original\/11c31f\/1f713aa74f8381e00c5843804a59\/Westlake-SL366-MT-195-80R14-Opony-letnie 591w,https:\/\/a.allegroimg.com\/original\/11c31f\/1f713aa74f8381e00c5843804a59\/Westlake-SL366-MT-195-80R14-Opony-letnie 841w,https:\/\/a.allegroimg.com\/original\/11c31f\/1f713aa74f8381e00c5843804a59\/Westlake-SL366-MT-195-80R14-Opony-letnie 920w,https:\/\/a.allegroimg.com\/original\/11c31f\/1f713aa74f8381e00c5843804a59\/Westlake-SL366-MT-195-80R14-Opony-letnie 920w\" sizes=\"(min-width: 1200px) 560px, (min-width: 992px) 50vw, 100vw\" width=\"920px\" alt=\"Westlake SL366 MT 195\/80R14 Opony letnie\" style=\"max-width: 100%; height: auto; display: block; margin: 0 auto;\"><\/div>\n<\/div>\n<\/div>\n<\/div>\n<\/div>\n<div style=\"clear: both; display: block; margin: 10px 0;\">\n<div style=\"clear: both; display: block; margin: 10px 0;\">\n<h1>Westlake SL366 MT 195\/80R14 Opony letnie<\/h1>\n<p style=\"margin: 15px 0; line-height: 1.8; clear: both; display: block; width: 100%; float: none; position: static;\">EAN: <b>6938112609191<\/b><\/p>\n<p style=\"margin: 15px 0; line-height: 1.8; clear: both; display: block; width: 100%; float: none; position: static;\">Producent: <b>WESTLAKE<\/b><\/p>\n<p style=\"margin: 15px 0; line-height: 1.8; clear: both; display: block; width: 100%; float: none; position: static;\">Bie\u017cnik: <b>SL366 MT<\/b><\/p>\n<p style=\"margin: 15px 0; line-height: 1.8; clear: both; display: block; width: 100%; float: none; position: static;\">Rozmiar: <b>195\/80 R14 106Q<\/b><\/p>\n<p style=\"margin: 15px 0; line-height: 1.8; clear: both; display: block; width: 100%; float: none; position: static;\">Indeks no\u015bno\u015bci: <b>106<\/b><\/p>\n<p style=\"margin: 15px 0; line-height: 1.8; clear: both; display: block; width: 100%; float: none; position: static;\">Indeks pr\u0119dko\u015bci: <b>Q<\/b><\/p>\n<p style=\"margin: 15px 0; line-height: 1.8; clear: both; display: block; width: 100%; float: none; position: static;\">Sezon: <b>Letnie<\/b><\/p>\n<\/div>\n<\/div>\n<\/div>\n<div style=\"clear: both; display: block; margin: 10px 0;\">\n<div style=\"clear: both; display: block; margin: 10px 0;\">\n<div style=\"clear: both; display: block; margin: 10px 0;\">\n<p style=\"margin: 15px 0; line-height: 1.8; clear: both; display: block; width: 100%; float: none; position: static;\"><b>West Lake SL366<\/b> to opona typu Mud Terrain, kt\u00f3ra zaskarbi\u0142a sobie serce, niejednego, polskiego off-roadowca. Jej powalaj\u0105ca jako\u015b\u0107 w por\u00f3wnaniu do ceny sprawia, \u017ce swoimi osi\u0105gami dogania konkurent\u00f3w z segmentu premium. Zosta\u0142a zaprojektowana tak, aby radzi\u0107 sobie nawet w najci\u0119\u017cszym terenie.<\/p>\n<h3 style=\"color: #2c5aa0; font-size: 18px; margin: 30px 0 15px 0; font-weight: bold; clear: both; display: block; width: 100%; float: none; position: static;\">Co jeszcze warto wiedzie\u0107:<\/h3>\n<p style=\"margin: 15px 0; line-height: 1.8; clear: both; display: block; width: 100%; float: none; position: static;\">&#8211; Jej przeznaczenie to 80% bezdro\u017ca i 20% asfalt co sprawia, \u017ce przejedzie przez g\u0142\u0119bokie b\u0142oto i piaszczyst\u0105 wydm\u0119, ale nie pogardzi zwyk\u0142\u0105, asfaltow\u0105 drog\u0105<\/p>\n<p style=\"margin: 15px 0; line-height: 1.8; clear: both; display: block; width: 100%; float: none; position: static;\">&#8211; Szerokie odst\u0119py mi\u0119dzy blokami pozwalaj\u0105 oponie sprawnie si\u0119 oczyszcza\u0107 i zapobiegaj\u0105 zaleganiu b\u0142ota czy kamieni co gwarantuje dobr\u0105 przyczepno\u015b\u0107 przez wi\u0119kszo\u015b\u0107 czasu<\/p>\n<p style=\"margin: 15px 0; line-height: 1.8; clear: both; display: block; width: 100%; float: none; position: static;\">&#8211; Opona typu POR (Professional Offroad tire)<\/p>\n<p style=\"margin: 15px 0; line-height: 1.8; clear: both; display: block; width: 100%; float: none; position: static;\">&#8211; SL366 posiada homologacj\u0119 E4 i jest dopuszczona do ruchu drogowego<\/p>\n<p style=\"margin: 15px 0; line-height: 1.8; clear: both; display: block; width: 100%; float: none; position: static;\">&#8211; Posiada wzmocnion\u0105 wewn\u0119trzn\u0105 struktur\u0119 oraz \u015bciany boczne odporne na przeci\u0119cia i przetarcia<\/p>\n<\/div>\n<\/div>\n<div style=\"clear: both; display: block; margin: 10px 0;\">\n<div style=\"clear: both; display: block; margin: 10px 0;\">\n<div  style=\"max-width:920px;max-height:1120px\">\n<div style=\"clear: both; display: block; margin: 10px 0;\">\n<div style=\"clear: both; width: 100%; display: block; margin: 20px 0; padding: 0; float: none; position: static; text-align: center;\"><img decoding=\"async\"  src=\"https:\/\/a.allegroimg.com\/original\/117203\/9cc6deb14726be5cc62eca704a58\/Westlake-SL366-MT-195-80R14-Opony-letnie-Liczba-opon-w-ofercie-2-szt\" srcset=\"https:\/\/a.allegroimg.com\/original\/117203\/9cc6deb14726be5cc62eca704a58\/Westlake-SL366-MT-195-80R14-Opony-letnie-Liczba-opon-w-ofercie-2-szt 295w,https:\/\/a.allegroimg.com\/original\/117203\/9cc6deb14726be5cc62eca704a58\/Westlake-SL366-MT-195-80R14-Opony-letnie-Liczba-opon-w-ofercie-2-szt 591w,https:\/\/a.allegroimg.com\/original\/117203\/9cc6deb14726be5cc62eca704a58\/Westlake-SL366-MT-195-80R14-Opony-letnie-Liczba-opon-w-ofercie-2-szt 841w,https:\/\/a.allegroimg.com\/original\/117203\/9cc6deb14726be5cc62eca704a58\/Westlake-SL366-MT-195-80R14-Opony-letnie-Liczba-opon-w-ofercie-2-szt 920w,https:\/\/a.allegroimg.com\/original\/117203\/9cc6deb14726be5cc62eca704a58\/Westlake-SL366-MT-195-80R14-Opony-letnie-Liczba-opon-w-ofercie-2-szt 920w\" sizes=\"(min-width: 1200px) 560px, (min-width: 992px) 50vw, 100vw\" width=\"920px\" alt=\"Westlake SL366 MT 195\/80R14 Opony letnie Liczba opon w ofercie 2 szt.\" style=\"max-width: 100%; height: auto; display: block; margin: 0 auto;\"><\/div>\n<\/div>\n<\/div>\n<\/div>\n<\/div>\n<\/div>\n<div style=\"clear: both; display: block; margin: 10px 0;\">\n<div style=\"clear: both; display: block; margin: 10px 0;\">\n<div style=\"clear: both; display: block; margin: 10px 0;\">\n<p style=\"margin: 15px 0; line-height: 1.8; clear: both; display: block; width: 100%; float: none; position: static;\">Dlaczego warto u nas kupowa\u0107?<\/p>\n<ul style=\"margin: 15px 0; padding-left: 20px; clear: both; display: block; width: 100%; float: none; position: static;\">\n<li style=\"margin: 5px 0; padding: 2px 0; clear: both; display: list-item; float: none; position: static;\">opony s\u0105 przechowywane w magazynie z prawie sta\u0142\u0105 temperatur\u0105 i wilgotno\u015bci\u0105, co gwarantuje, \u017ce ich jako\u015b\u0107 nie zmienia si\u0119 podczas magazynowania<\/li>\n<li style=\"margin: 5px 0; padding: 2px 0; clear: both; display: list-item; float: none; position: static;\">produkty pochodz\u0105 bezpo\u015brednio z fabryk producent\u00f3w, mamy pewno\u015b\u0107 ich pochodzenia a tak\u017ce jako\u015bci<\/li>\n<li style=\"margin: 5px 0; padding: 2px 0; clear: both; display: list-item; float: none; position: static;\">nie jeste\u015bmy wirtualn\u0105 firm\u0105, nasze produkty mo\u017cna obejrze\u0107 w magazynie w Bielanach Wroc\u0142awskich<\/li>\n<li style=\"margin: 5px 0; padding: 2px 0; clear: both; display: list-item; float: none; position: static;\">jeste\u015bmy w 100% Polsk\u0105 firm\u0105 i p\u0142acimy tutaj podatki<\/li>\n<\/ul>\n<\/div>\n<\/div>\n<\/div>\n<\/div>\n<\/div>\n<\/div>\n<div style=\"clear: both; display: block; margin: 10px 0;\">\n","protected":false},"excerpt":{"rendered":"<p>Przedmiotem aukcji s\u0105 dwie opony<\/p>\n<p>Westlake SL366 MT 195\/80R14 Opony letnie<\/p>\n<p>Westlake SL366 MT 195\/80R14 Opony letnie<\/p>\n<p>EAN: 6938112609191<\/p>\n<p>Producent: WESTLAKE<\/p>\n<p>Bie\u017cnik: SL366 MT<\/p>\n<p>Rozmiar: 195\/80 R14 106Q<\/p>\n<p>Indeks no\u015bno\u015bci: 106<\/p>\n","protected":false},"featured_media":16620,"template":"","meta":{"_uag_custom_page_level_css":""},"product_brand":[442],"product_cat":[416,428,413,412],"product_tag":[],"class_list":{"0":"post-16619","1":"product","2":"type-product","3":"status-publish","4":"has-post-thumbnail","6":"product_brand-westlake","7":"product_cat-caloroczne","8":"product_cat-do-samochodow-terenowych-i-4x4","9":"product_cat-opony","10":"product_cat-opony-i-felgi","12":"first","13":"instock","14":"shipping-taxable","15":"purchasable","16":"product-type-simple"},"uagb_featured_image_src":{"full":["https:\/\/oponixo.shop\/tire\/wp-content\/uploads\/2026\/01\/allegro-image-16619.jpg",920,1120,false],"thumbnail":["https:\/\/oponixo.shop\/tire\/wp-content\/uploads\/2026\/01\/allegro-image-16619-150x150.jpg",150,150,true],"medium":["https:\/\/oponixo.shop\/tire\/wp-content\/uploads\/2026\/01\/allegro-image-16619-246x300.jpg",246,300,true],"medium_large":["https:\/\/oponixo.shop\/tire\/wp-content\/uploads\/2026\/01\/allegro-image-16619-768x935.jpg",768,935,true],"large":["https:\/\/oponixo.shop\/tire\/wp-content\/uploads\/2026\/01\/allegro-image-16619-841x1024.jpg",841,1024,true],"1536x1536":["https:\/\/oponixo.shop\/tire\/wp-content\/uploads\/2026\/01\/allegro-image-16619.jpg",920,1120,false],"2048x2048":["https:\/\/oponixo.shop\/tire\/wp-content\/uploads\/2026\/01\/allegro-image-16619.jpg",920,1120,false],"woocommerce_thumbnail":["https:\/\/oponixo.shop\/tire\/wp-content\/uploads\/2026\/01\/allegro-image-16619-300x300.jpg",300,300,true],"woocommerce_single":["https:\/\/oponixo.shop\/tire\/wp-content\/uploads\/2026\/01\/allegro-image-16619-600x730.jpg",600,730,true],"woocommerce_gallery_thumbnail":["https:\/\/oponixo.shop\/tire\/wp-content\/uploads\/2026\/01\/allegro-image-16619-100x100.jpg",100,100,true]},"uagb_author_info":{"display_name":"admin","author_link":"https:\/\/oponixo.shop\/tire\/author\/"},"uagb_comment_info":0,"uagb_excerpt":"Przedmiotem aukcji s\u0105 dwie opony Westlake SL366 MT 195\/80R14 Opony letnie Westlake SL366 MT 195\/80R14 Opony letnie EAN: 6938112609191 Producent: WESTLAKE Bie\u017cnik: SL366 MT Rozmiar: 195\/80 R14 106Q Indeks no\u015bno\u015bci: 106","_links":{"self":[{"href":"https:\/\/oponixo.shop\/tire\/wp-json\/wp\/v2\/product\/16619","targetHints":{"allow":["GET"]}}],"collection":[{"href":"https:\/\/oponixo.shop\/tire\/wp-json\/wp\/v2\/product"}],"about":[{"href":"https:\/\/oponixo.shop\/tire\/wp-json\/wp\/v2\/types\/product"}],"wp:featuredmedia":[{"embeddable":true,"href":"https:\/\/oponixo.shop\/tire\/wp-json\/wp\/v2\/media\/16620"}],"wp:attachment":[{"href":"https:\/\/oponixo.shop\/tire\/wp-json\/wp\/v2\/media?parent=16619"}],"wp:term":[{"taxonomy":"product_brand","embeddable":true,"href":"https:\/\/oponixo.shop\/tire\/wp-json\/wp\/v2\/product_brand?post=16619"},{"taxonomy":"product_cat","embeddable":true,"href":"https:\/\/oponixo.shop\/tire\/wp-json\/wp\/v2\/product_cat?post=16619"},{"taxonomy":"product_tag","embeddable":true,"href":"https:\/\/oponixo.shop\/tire\/wp-json\/wp\/v2\/product_tag?post=16619"}],"curies":[{"name":"wp","href":"https:\/\/api.w.org\/{rel}","templated":true}]}}