{"id":16630,"date":"2026-01-17T13:38:58","date_gmt":"2026-01-17T12:38:58","guid":{"rendered":"https:\/\/oponyonline.shop\/xef5\/produkt\/2x-opony-zimowe-barum-snovanis-2-195-80r14-c-106q\/"},"modified":"2026-01-17T13:38:59","modified_gmt":"2026-01-17T12:38:59","slug":"2x-opony-zimowe-barum-snovanis-2-195-80r14-c-106q","status":"publish","type":"product","link":"https:\/\/oponixo.shop\/tire\/produkt\/2x-opony-zimowe-barum-snovanis-2-195-80r14-c-106q\/","title":{"rendered":"2x opony zimowe Barum Snovanis 2 195\/80R14 C 106Q"},"content":{"rendered":"<div style=\"font-family: Arial, sans-serif; line-height: 1.6; color: #333; padding: 20px; clear: both; display: block; width: 100%; float: none; position: static; overflow: hidden;\">\n<div style=\"clear: both; display: block; margin: 10px 0;\">\n<div style=\"clear: both; display: block; margin: 10px 0;\">\n<div style=\"clear: both; display: block; margin: 10px 0;\">\n<div  style=\"max-width:500px;max-height:120px\">\n<div style=\"clear: both; display: block; margin: 10px 0;\">\n<div style=\"clear: both; width: 100%; display: block; margin: 20px 0; padding: 0; float: none; position: static; text-align: center;\"><img decoding=\"async\"  src=\"https:\/\/a.allegroimg.com\/original\/111067\/9c81bf8840a8aeddf5751c479bc6\/2x-opony-zimowe-Barum-Snovanis-2-195-80R14-C-106Q-Marka-Barum\" srcset=\"https:\/\/a.allegroimg.com\/original\/111067\/9c81bf8840a8aeddf5751c479bc6\/2x-opony-zimowe-Barum-Snovanis-2-195-80R14-C-106Q-Marka-Barum 360w,https:\/\/a.allegroimg.com\/original\/111067\/9c81bf8840a8aeddf5751c479bc6\/2x-opony-zimowe-Barum-Snovanis-2-195-80R14-C-106Q-Marka-Barum 500w,https:\/\/a.allegroimg.com\/original\/111067\/9c81bf8840a8aeddf5751c479bc6\/2x-opony-zimowe-Barum-Snovanis-2-195-80R14-C-106Q-Marka-Barum 500w\" sizes=\"100vw\" width=\"500px\" alt=\"2x opony zimowe Barum Snovanis 2 195\/80R14 C 106Q Marka Barum\" style=\"max-width: 100%; height: auto; display: block; margin: 0 auto;\"><\/div>\n<\/div>\n<\/div>\n<\/div>\n<\/div>\n<\/div>\n<div style=\"clear: both; display: block; margin: 10px 0;\">\n<div style=\"clear: both; display: block; margin: 10px 0;\">\n<div style=\"clear: both; display: block; margin: 10px 0;\">\n<h1>zestaw 2 sztuk nowych opon zimowych<\/h1>\n<h1>Barum Snovanis 2 195\/80R14 C 106\/104Q<\/h1>\n<p style=\"margin: 15px 0; line-height: 1.8; clear: both; display: block; width: 100%; float: none; position: static;\">\n<\/div>\n<\/div>\n<\/div>\n<div style=\"clear: both; display: block; margin: 10px 0;\">\n<div style=\"clear: both; display: block; margin: 10px 0;\">\n<div style=\"clear: both; display: block; margin: 10px 0;\">\n<div  style=\"max-width:353px;max-height:596px\">\n<div style=\"clear: both; display: block; margin: 10px 0;\">\n<div style=\"clear: both; width: 100%; display: block; margin: 20px 0; padding: 0; float: none; position: static; text-align: center;\"><img decoding=\"async\"  src=\"https:\/\/a.allegroimg.com\/original\/116e85\/df9b136040c9aebb8874dfa61c0a\/2x-opony-zimowe-Barum-Snovanis-2-195-80R14-C-106Q\" srcset=\"https:\/\/a.allegroimg.com\/original\/116e85\/df9b136040c9aebb8874dfa61c0a\/2x-opony-zimowe-Barum-Snovanis-2-195-80R14-C-106Q 213w,https:\/\/a.allegroimg.com\/original\/116e85\/df9b136040c9aebb8874dfa61c0a\/2x-opony-zimowe-Barum-Snovanis-2-195-80R14-C-106Q 353w,https:\/\/a.allegroimg.com\/original\/116e85\/df9b136040c9aebb8874dfa61c0a\/2x-opony-zimowe-Barum-Snovanis-2-195-80R14-C-106Q 353w\" sizes=\"(min-width: 1200px) 560px, (min-width: 992px) 50vw, 100vw\" width=\"353px\" alt=\"2x opony zimowe Barum Snovanis 2 195\/80R14 C 106Q\" style=\"max-width: 100%; height: auto; display: block; margin: 0 auto;\"><\/div>\n<\/div>\n<\/div>\n<\/div>\n<\/div>\n<div style=\"clear: both; display: block; margin: 10px 0;\">\n<div style=\"clear: both; display: block; margin: 10px 0;\">\n<p style=\"margin: 15px 0; line-height: 1.8; clear: both; display: block; width: 100%; float: none; position: static;\"><b>Barum Snovanis 2<\/b> to opony <b>zimowe<\/b> przeznaczone do samochod\u00f3w <b>dostawczych<\/b>. Oryginalny produkt klasy <b>standard<\/b> uznanej marki <b>Barum<\/b>. Doskona\u0142a jako\u015b\u0107 w akceptowalnej cenie. <\/p>\n<ul style=\"margin: 15px 0; padding-left: 20px; clear: both; display: block; width: 100%; float: none; position: static;\">\n<li style=\"margin: 5px 0; padding: 2px 0; clear: both; display: list-item; float: none; position: static;\">rok produkcji: nie starsze ni\u017c <b>2022<\/b><\/li>\n<li style=\"margin: 5px 0; padding: 2px 0; clear: both; display: list-item; float: none; position: static;\">opony <b>nowe<\/b>, oryginalne, z gwarancj\u0105<\/li>\n<li style=\"margin: 5px 0; padding: 2px 0; clear: both; display: list-item; float: none; position: static;\">produkowane w <b>Europie<\/b><\/li>\n<li style=\"margin: 5px 0; padding: 2px 0; clear: both; display: list-item; float: none; position: static;\">opony marki <b>Barum<\/b> produkowane s\u0105 przez firm\u0119 <b>Continental<\/b><\/li>\n<li style=\"margin: 5px 0; padding: 2px 0; clear: both; display: list-item; float: none; position: static;\">opony wzmocnione <b>C<\/b><\/li>\n<li style=\"margin: 5px 0; padding: 2px 0; clear: both; display: list-item; float: none; position: static;\">d\u0142ugie przebiegi<\/li>\n<li style=\"margin: 5px 0; padding: 2px 0; clear: both; display: list-item; float: none; position: static;\">wysoka trwa\u0142o\u015b\u0107<\/li>\n<li style=\"margin: 5px 0; padding: 2px 0; clear: both; display: list-item; float: none; position: static;\">bie\u017cnik zu\u017cywa si\u0119 r\u00f3wnomiernie<\/li>\n<li style=\"margin: 5px 0; padding: 2px 0; clear: both; display: list-item; float: none; position: static;\">znakomita przyczepno\u015b\u0107 i trakcja w trudnych, zimowych warunkach<\/li>\n<li style=\"margin: 5px 0; padding: 2px 0; clear: both; display: list-item; float: none; position: static;\">pe\u0142na homologacja zimowa 3PMSF (opony z tym oznaczeniem musz\u0105 spe\u0142nia\u0107 rygorystyczne normy dot. przyczepno\u015bci i hamowania na \u015bniegu i lodzie)<\/li>\n<li style=\"margin: 5px 0; padding: 2px 0; clear: both; display: list-item; float: none; position: static;\">skuteczne odprowadzanie wody i b\u0142ota, system antypo\u015blizgowy<\/li>\n<\/ul>\n<\/div>\n<\/div>\n<\/div>\n<div style=\"clear: both; display: block; margin: 10px 0;\">\n<div style=\"clear: both; display: block; margin: 10px 0;\">\n<div style=\"clear: both; display: block; margin: 10px 0;\">\n<div  style=\"max-width:400px;max-height:585px\">\n<div style=\"clear: both; display: block; margin: 10px 0;\">\n<div style=\"clear: both; width: 100%; display: block; margin: 20px 0; padding: 0; float: none; position: static; text-align: center;\"><img decoding=\"async\"  src=\"https:\/\/a.allegroimg.com\/original\/11052a\/0a1ba5034fa6b88566b7c40a7b65\/2x-opony-zimowe-Barum-Snovanis-2-195-80R14-C-106Q-Rok-produkcji-2022\" srcset=\"https:\/\/a.allegroimg.com\/original\/11052a\/0a1ba5034fa6b88566b7c40a7b65\/2x-opony-zimowe-Barum-Snovanis-2-195-80R14-C-106Q-Rok-produkcji-2022 246w,https:\/\/a.allegroimg.com\/original\/11052a\/0a1ba5034fa6b88566b7c40a7b65\/2x-opony-zimowe-Barum-Snovanis-2-195-80R14-C-106Q-Rok-produkcji-2022 400w,https:\/\/a.allegroimg.com\/original\/11052a\/0a1ba5034fa6b88566b7c40a7b65\/2x-opony-zimowe-Barum-Snovanis-2-195-80R14-C-106Q-Rok-produkcji-2022 400w\" sizes=\"100vw\" width=\"400px\" alt=\"2x opony zimowe Barum Snovanis 2 195\/80R14 C 106Q Rok produkcji 2022\" style=\"max-width: 100%; height: auto; display: block; margin: 0 auto;\"><\/div>\n<\/div>\n<\/div>\n<\/div>\n<\/div>\n<\/div>\n<\/div>\n<\/div>\n<\/div>\n<div style=\"clear: both; display: block; margin: 10px 0;\">\n","protected":false},"excerpt":{"rendered":"<p>zestaw 2 sztuk nowych opon zimowych<\/p>\n<p>Barum Snovanis 2 195\/80R14 C 106\/104Q<\/p>\n<p>Barum Snovanis 2 to opony zimowe przeznaczone do samochod\u00f3w dostawczych. Oryginalny produkt klasy standard uznanej marki Barum. Doskona\u0142a jako\u015b\u0107 w akceptowalnej cenie.<\/p>\n<p>rok produkcji: nie starsze ni\u017c 2022<\/p>\n<p>opony nowe, oryginalne, z gwarancj\u0105<\/p>\n<p>produkowane w Europie<\/p>\n<p>opony marki Barum produkowane s\u0105 przez firm\u0119 Continental<\/p>\n<p>opony wzmocnione C<\/p>\n","protected":false},"featured_media":16632,"template":"","meta":{"_uag_custom_page_level_css":""},"product_brand":[386],"product_cat":[417,413,412,415],"product_tag":[],"class_list":{"0":"post-16630","1":"product","2":"type-product","3":"status-publish","4":"has-post-thumbnail","6":"product_brand-barum","7":"product_cat-do-samochodow-dostawczych","8":"product_cat-opony","9":"product_cat-opony-i-felgi","10":"product_cat-zimowe","12":"first","13":"instock","14":"shipping-taxable","15":"purchasable","16":"product-type-simple"},"uagb_featured_image_src":{"full":["https:\/\/oponixo.shop\/tire\/wp-content\/uploads\/2026\/01\/allegro-image-16630.jpg",353,596,false],"thumbnail":["https:\/\/oponixo.shop\/tire\/wp-content\/uploads\/2026\/01\/allegro-image-16630-150x150.jpg",150,150,true],"medium":["https:\/\/oponixo.shop\/tire\/wp-content\/uploads\/2026\/01\/allegro-image-16630-178x300.jpg",178,300,true],"medium_large":["https:\/\/oponixo.shop\/tire\/wp-content\/uploads\/2026\/01\/allegro-image-16630.jpg",353,596,false],"large":["https:\/\/oponixo.shop\/tire\/wp-content\/uploads\/2026\/01\/allegro-image-16630.jpg",353,596,false],"1536x1536":["https:\/\/oponixo.shop\/tire\/wp-content\/uploads\/2026\/01\/allegro-image-16630.jpg",353,596,false],"2048x2048":["https:\/\/oponixo.shop\/tire\/wp-content\/uploads\/2026\/01\/allegro-image-16630.jpg",353,596,false],"woocommerce_thumbnail":["https:\/\/oponixo.shop\/tire\/wp-content\/uploads\/2026\/01\/allegro-image-16630-300x300.jpg",300,300,true],"woocommerce_single":["https:\/\/oponixo.shop\/tire\/wp-content\/uploads\/2026\/01\/allegro-image-16630.jpg",353,596,false],"woocommerce_gallery_thumbnail":["https:\/\/oponixo.shop\/tire\/wp-content\/uploads\/2026\/01\/allegro-image-16630-100x100.jpg",100,100,true]},"uagb_author_info":{"display_name":"admin","author_link":"https:\/\/oponixo.shop\/tire\/author\/"},"uagb_comment_info":0,"uagb_excerpt":"zestaw 2 sztuk nowych opon zimowych Barum Snovanis 2 195\/80R14 C 106\/104Q Barum Snovanis 2 to opony zimowe przeznaczone do samochod\u00f3w dostawczych. Oryginalny produkt klasy standard uznanej marki Barum. Doskona\u0142a jako\u015b\u0107 w akceptowalnej cenie. rok produkcji: nie starsze ni\u017c 2022 opony nowe, oryginalne, z gwarancj\u0105 produkowane w Europie opony marki Barum produkowane s\u0105 przez firm\u0119&hellip;","_links":{"self":[{"href":"https:\/\/oponixo.shop\/tire\/wp-json\/wp\/v2\/product\/16630","targetHints":{"allow":["GET"]}}],"collection":[{"href":"https:\/\/oponixo.shop\/tire\/wp-json\/wp\/v2\/product"}],"about":[{"href":"https:\/\/oponixo.shop\/tire\/wp-json\/wp\/v2\/types\/product"}],"wp:featuredmedia":[{"embeddable":true,"href":"https:\/\/oponixo.shop\/tire\/wp-json\/wp\/v2\/media\/16632"}],"wp:attachment":[{"href":"https:\/\/oponixo.shop\/tire\/wp-json\/wp\/v2\/media?parent=16630"}],"wp:term":[{"taxonomy":"product_brand","embeddable":true,"href":"https:\/\/oponixo.shop\/tire\/wp-json\/wp\/v2\/product_brand?post=16630"},{"taxonomy":"product_cat","embeddable":true,"href":"https:\/\/oponixo.shop\/tire\/wp-json\/wp\/v2\/product_cat?post=16630"},{"taxonomy":"product_tag","embeddable":true,"href":"https:\/\/oponixo.shop\/tire\/wp-json\/wp\/v2\/product_tag?post=16630"}],"curies":[{"name":"wp","href":"https:\/\/api.w.org\/{rel}","templated":true}]}}