{"id":16646,"date":"2026-01-17T13:39:01","date_gmt":"2026-01-17T12:39:01","guid":{"rendered":"https:\/\/oponyonline.shop\/xef5\/produkt\/2-x-nankang-cw-25-175-80r13-97-95-q-c-opona-letnia\/"},"modified":"2026-01-17T13:39:01","modified_gmt":"2026-01-17T12:39:01","slug":"2-x-nankang-cw-25-175-80r13-97-95-q-c-opona-letnia","status":"publish","type":"product","link":"https:\/\/oponixo.shop\/tire\/produkt\/2-x-nankang-cw-25-175-80r13-97-95-q-c-opona-letnia\/","title":{"rendered":"2 x Nankang CW-25 175\/80R13 97\/95 Q C opona letnia"},"content":{"rendered":"<div style=\"font-family: Arial, sans-serif; line-height: 1.6; color: #333; padding: 20px; clear: both; display: block; width: 100%; float: none; position: static; overflow: hidden;\">\n<div style=\"clear: both; display: block; margin: 10px 0;\">\n<div style=\"clear: both; display: block; margin: 10px 0;\">\n<div style=\"clear: both; display: block; margin: 10px 0;\">\n<div  style=\"max-width:143px;max-height:220px\">\n<div style=\"clear: both; display: block; margin: 10px 0;\">\n<div style=\"clear: both; width: 100%; display: block; margin: 20px 0; padding: 0; float: none; position: static; text-align: center;\"><img decoding=\"async\"  src=\"https:\/\/a.allegroimg.com\/original\/11048c\/1d6fe82243b59e22dab966b2bc98\/2-x-Nankang-CW-25-175-80R13-97-95-Q-C-opona-letnia\" srcset=\"https:\/\/a.allegroimg.com\/original\/11048c\/1d6fe82243b59e22dab966b2bc98\/2-x-Nankang-CW-25-175-80R13-97-95-Q-C-opona-letnia 143w,https:\/\/a.allegroimg.com\/original\/11048c\/1d6fe82243b59e22dab966b2bc98\/2-x-Nankang-CW-25-175-80R13-97-95-Q-C-opona-letnia 143w\" sizes=\"(min-width: 1200px) 560px, (min-width: 992px) 50vw, 100vw\" width=\"143px\" alt=\"2 x Nankang CW-25 175\/80R13 97\/95 Q C opona letnia\" style=\"max-width: 100%; height: auto; display: block; margin: 0 auto;\"><\/div>\n<\/div>\n<\/div>\n<\/div>\n<\/div>\n<div style=\"clear: both; display: block; margin: 10px 0;\">\n<div style=\"clear: both; display: block; margin: 10px 0;\">\n<h2>Nankang CW-25 175\/80R13 97\/95 Q C<\/h2>\n<p style=\"margin: 15px 0; line-height: 1.8; clear: both; display: block; width: 100%; float: none; position: static;\">Producent: Nankang<\/p>\n<p style=\"margin: 15px 0; line-height: 1.8; clear: both; display: block; width: 100%; float: none; position: static;\">Model: CW-25<\/p>\n<p style=\"margin: 15px 0; line-height: 1.8; clear: both; display: block; width: 100%; float: none; position: static;\">Sezon: letnie<\/p>\n<p style=\"margin: 15px 0; line-height: 1.8; clear: both; display: block; width: 100%; float: none; position: static;\">Rozmiar: 175\/80R13<\/p>\n<p style=\"margin: 15px 0; line-height: 1.8; clear: both; display: block; width: 100%; float: none; position: static;\">Data produkcji: 2025<\/p>\n<p style=\"margin: 15px 0; line-height: 1.8; clear: both; display: block; width: 100%; float: none; position: static;\">Zu\u017cycie paliwa: klasa C<\/p>\n<p style=\"margin: 15px 0; line-height: 1.8; clear: both; display: block; width: 100%; float: none; position: static;\">Przyczepno\u015b\u0107 na mokrym: klasa C<\/p>\n<p style=\"margin: 15px 0; line-height: 1.8; clear: both; display: block; width: 100%; float: none; position: static;\">Poziom ha\u0142asu: 72 dB<\/p>\n<\/div>\n<\/div>\n<\/div>\n<\/div>\n<\/div>\n<\/div>\n<div style=\"clear: both; display: block; margin: 10px 0;\">\n","protected":false},"excerpt":{"rendered":"<p>Nankang CW-25 175\/80R13 97\/95 Q C<\/p>\n<p>Producent: Nankang<\/p>\n<p>Model: CW-25<\/p>\n<p>Sezon: letnie<\/p>\n<p>Rozmiar: 175\/80R13<\/p>\n<p>Data produkcji: 2025<\/p>\n<p>Zu\u017cycie paliwa: klasa C<\/p>\n<p>Przyczepno\u015b\u0107 na mokrym: klasa C<\/p>\n","protected":false},"featured_media":16648,"template":"","meta":{"_uag_custom_page_level_css":""},"product_brand":[446],"product_cat":[417,418,413,412],"product_tag":[],"class_list":{"0":"post-16646","1":"product","2":"type-product","3":"status-publish","4":"has-post-thumbnail","6":"product_brand-nankang","7":"product_cat-do-samochodow-dostawczych","8":"product_cat-letnie","9":"product_cat-opony","10":"product_cat-opony-i-felgi","12":"first","13":"instock","14":"shipping-taxable","15":"purchasable","16":"product-type-simple"},"uagb_featured_image_src":{"full":["https:\/\/oponixo.shop\/tire\/wp-content\/uploads\/2026\/01\/allegro-image-16646.jpg",143,220,false],"thumbnail":["https:\/\/oponixo.shop\/tire\/wp-content\/uploads\/2026\/01\/allegro-image-16646-143x150.jpg",143,150,true],"medium":["https:\/\/oponixo.shop\/tire\/wp-content\/uploads\/2026\/01\/allegro-image-16646.jpg",143,220,false],"medium_large":["https:\/\/oponixo.shop\/tire\/wp-content\/uploads\/2026\/01\/allegro-image-16646.jpg",143,220,false],"large":["https:\/\/oponixo.shop\/tire\/wp-content\/uploads\/2026\/01\/allegro-image-16646.jpg",143,220,false],"1536x1536":["https:\/\/oponixo.shop\/tire\/wp-content\/uploads\/2026\/01\/allegro-image-16646.jpg",143,220,false],"2048x2048":["https:\/\/oponixo.shop\/tire\/wp-content\/uploads\/2026\/01\/allegro-image-16646.jpg",143,220,false],"woocommerce_thumbnail":["https:\/\/oponixo.shop\/tire\/wp-content\/uploads\/2026\/01\/allegro-image-16646.jpg",143,220,false],"woocommerce_single":["https:\/\/oponixo.shop\/tire\/wp-content\/uploads\/2026\/01\/allegro-image-16646.jpg",143,220,false],"woocommerce_gallery_thumbnail":["https:\/\/oponixo.shop\/tire\/wp-content\/uploads\/2026\/01\/allegro-image-16646-100x100.jpg",100,100,true]},"uagb_author_info":{"display_name":"admin","author_link":"https:\/\/oponixo.shop\/tire\/author\/"},"uagb_comment_info":0,"uagb_excerpt":"Nankang CW-25 175\/80R13 97\/95 Q C Producent: Nankang Model: CW-25 Sezon: letnie Rozmiar: 175\/80R13 Data produkcji: 2025 Zu\u017cycie paliwa: klasa C Przyczepno\u015b\u0107 na mokrym: klasa C","_links":{"self":[{"href":"https:\/\/oponixo.shop\/tire\/wp-json\/wp\/v2\/product\/16646","targetHints":{"allow":["GET"]}}],"collection":[{"href":"https:\/\/oponixo.shop\/tire\/wp-json\/wp\/v2\/product"}],"about":[{"href":"https:\/\/oponixo.shop\/tire\/wp-json\/wp\/v2\/types\/product"}],"wp:featuredmedia":[{"embeddable":true,"href":"https:\/\/oponixo.shop\/tire\/wp-json\/wp\/v2\/media\/16648"}],"wp:attachment":[{"href":"https:\/\/oponixo.shop\/tire\/wp-json\/wp\/v2\/media?parent=16646"}],"wp:term":[{"taxonomy":"product_brand","embeddable":true,"href":"https:\/\/oponixo.shop\/tire\/wp-json\/wp\/v2\/product_brand?post=16646"},{"taxonomy":"product_cat","embeddable":true,"href":"https:\/\/oponixo.shop\/tire\/wp-json\/wp\/v2\/product_cat?post=16646"},{"taxonomy":"product_tag","embeddable":true,"href":"https:\/\/oponixo.shop\/tire\/wp-json\/wp\/v2\/product_tag?post=16646"}],"curies":[{"name":"wp","href":"https:\/\/api.w.org\/{rel}","templated":true}]}}