{"id":16740,"date":"2026-01-17T13:39:15","date_gmt":"2026-01-17T12:39:15","guid":{"rendered":"https:\/\/oponyonline.shop\/xef5\/produkt\/2x-opony-zimowe-kumho-wp51-215-45r16-90v-xl-rant\/"},"modified":"2026-01-17T13:39:16","modified_gmt":"2026-01-17T12:39:16","slug":"2x-opony-zimowe-kumho-wp51-215-45r16-90v-xl-rant","status":"publish","type":"product","link":"https:\/\/oponixo.shop\/tire\/produkt\/2x-opony-zimowe-kumho-wp51-215-45r16-90v-xl-rant\/","title":{"rendered":"2x opony zimowe Kumho WP51 215\/45R16 90V XL rant"},"content":{"rendered":"<div style=\"font-family: Arial, sans-serif; line-height: 1.6; color: #333; padding: 20px; clear: both; display: block; width: 100%; float: none; position: static; overflow: hidden;\">\n<div style=\"clear: both; display: block; margin: 10px 0;\">\n<div style=\"clear: both; display: block; margin: 10px 0;\">\n<div style=\"clear: both; display: block; margin: 10px 0;\">\n<div  style=\"max-width:500px;max-height:126px\">\n<div style=\"clear: both; display: block; margin: 10px 0;\">\n<div style=\"clear: both; width: 100%; display: block; margin: 20px 0; padding: 0; float: none; position: static; text-align: center;\"><img decoding=\"async\"  src=\"https:\/\/a.allegroimg.com\/original\/1197f9\/24ce2328421ba8c73ff78e5c6987\/2x-opony-zimowe-Kumho-WP51-215-45R16-90V-XL-rant-Liczba-opon-w-ofercie-2-szt\" srcset=\"https:\/\/a.allegroimg.com\/original\/1197f9\/24ce2328421ba8c73ff78e5c6987\/2x-opony-zimowe-Kumho-WP51-215-45R16-90V-XL-rant-Liczba-opon-w-ofercie-2-szt 360w,https:\/\/a.allegroimg.com\/original\/1197f9\/24ce2328421ba8c73ff78e5c6987\/2x-opony-zimowe-Kumho-WP51-215-45R16-90V-XL-rant-Liczba-opon-w-ofercie-2-szt 500w,https:\/\/a.allegroimg.com\/original\/1197f9\/24ce2328421ba8c73ff78e5c6987\/2x-opony-zimowe-Kumho-WP51-215-45R16-90V-XL-rant-Liczba-opon-w-ofercie-2-szt 500w\" sizes=\"100vw\" width=\"500px\" alt=\"2x opony zimowe Kumho WP51 215\/45R16 90V XL rant Liczba opon w ofercie 2 szt.\" style=\"max-width: 100%; height: auto; display: block; margin: 0 auto;\"><\/div>\n<\/div>\n<\/div>\n<\/div>\n<\/div>\n<\/div>\n<div style=\"clear: both; display: block; margin: 10px 0;\">\n<div style=\"clear: both; display: block; margin: 10px 0;\">\n<div style=\"clear: both; display: block; margin: 10px 0;\">\n<h1>zestaw 2 sztuk nowych opon zimowych<\/h1>\n<h1>Kumho WP51 215\/45R16 90V XL FSL<\/h1>\n<p style=\"margin: 15px 0; line-height: 1.8; clear: both; display: block; width: 100%; float: none; position: static;\">\n<\/div>\n<\/div>\n<\/div>\n<div style=\"clear: both; display: block; margin: 10px 0;\">\n<div style=\"clear: both; display: block; margin: 10px 0;\">\n<div style=\"clear: both; display: block; margin: 10px 0;\">\n<div  style=\"max-width:368px;max-height:596px\">\n<div style=\"clear: both; display: block; margin: 10px 0;\">\n<div style=\"clear: both; width: 100%; display: block; margin: 20px 0; padding: 0; float: none; position: static; text-align: center;\"><img decoding=\"async\"  src=\"https:\/\/a.allegroimg.com\/original\/11b5b2\/cd7824e74340b635a65b44262dbc\/2x-opony-zimowe-Kumho-WP51-215-45R16-90V-XL-rant\" srcset=\"https:\/\/a.allegroimg.com\/original\/11b5b2\/cd7824e74340b635a65b44262dbc\/2x-opony-zimowe-Kumho-WP51-215-45R16-90V-XL-rant 222w,https:\/\/a.allegroimg.com\/original\/11b5b2\/cd7824e74340b635a65b44262dbc\/2x-opony-zimowe-Kumho-WP51-215-45R16-90V-XL-rant 368w,https:\/\/a.allegroimg.com\/original\/11b5b2\/cd7824e74340b635a65b44262dbc\/2x-opony-zimowe-Kumho-WP51-215-45R16-90V-XL-rant 368w\" sizes=\"(min-width: 1200px) 560px, (min-width: 992px) 50vw, 100vw\" width=\"368px\" alt=\"2x opony zimowe Kumho WP51 215\/45R16 90V XL rant\" style=\"max-width: 100%; height: auto; display: block; margin: 0 auto;\"><\/div>\n<\/div>\n<\/div>\n<\/div>\n<\/div>\n<div style=\"clear: both; display: block; margin: 10px 0;\">\n<div style=\"clear: both; display: block; margin: 10px 0;\">\n<p style=\"margin: 15px 0; line-height: 1.8; clear: both; display: block; width: 100%; float: none; position: static;\"><b>Kumho WP51<\/b> to opony <b>zimowe<\/b> przeznaczone do samochod\u00f3w <b>osobowych<\/b> oraz suv-\u00f3w. Oryginalny produkt klasy <b>standard<\/b> uznanej marki <b>Kumho<\/b>. Doskona\u0142a jako\u015b\u0107 w akceptowalnej cenie. <\/p>\n<ul style=\"margin: 15px 0; padding-left: 20px; clear: both; display: block; width: 100%; float: none; position: static;\">\n<li style=\"margin: 5px 0; padding: 2px 0; clear: both; display: list-item; float: none; position: static;\">rok produkcji: nie starsze ni\u017c <b>2022<\/b><\/li>\n<li style=\"margin: 5px 0; padding: 2px 0; clear: both; display: list-item; float: none; position: static;\">opony <b>nowe<\/b>, oryginalne, z gwarancj\u0105<\/li>\n<li style=\"margin: 5px 0; padding: 2px 0; clear: both; display: list-item; float: none; position: static;\"><b>FSL<\/b> &#8211; opony posiadaj\u0105 rant chroni\u0105cy felg\u0119<\/li>\n<li style=\"margin: 5px 0; padding: 2px 0; clear: both; display: list-item; float: none; position: static;\">opony wzmocnione <b>XL<\/b><\/li>\n<li style=\"margin: 5px 0; padding: 2px 0; clear: both; display: list-item; float: none; position: static;\">zapewniaj\u0105 cich\u0105 i p\u0142ynn\u0105 prac\u0119<\/li>\n<li style=\"margin: 5px 0; padding: 2px 0; clear: both; display: list-item; float: none; position: static;\">skutecznie niweluj\u0105 wp\u0142yw nier\u00f3wno\u015bci na drodze na komfort jazdy<\/li>\n<li style=\"margin: 5px 0; padding: 2px 0; clear: both; display: list-item; float: none; position: static;\">dostosowane do du\u017cych pr\u0119dko\u015bci<\/li>\n<li style=\"margin: 5px 0; padding: 2px 0; clear: both; display: list-item; float: none; position: static;\">doskona\u0142a trakcja, precyzyjne sterowanie<\/li>\n<li style=\"margin: 5px 0; padding: 2px 0; clear: both; display: list-item; float: none; position: static;\">bie\u017cnik zu\u017cywa si\u0119 r\u00f3wnomiernie<\/li>\n<li style=\"margin: 5px 0; padding: 2px 0; clear: both; display: list-item; float: none; position: static;\">znakomita przyczepno\u015b\u0107 i trakcja w trudnych, zimowych warunkach<\/li>\n<li style=\"margin: 5px 0; padding: 2px 0; clear: both; display: list-item; float: none; position: static;\">pe\u0142na homologacja zimowa 3PMSF (opony z tym oznaczeniem musz\u0105 spe\u0142nia\u0107 rygorystyczne normy dot. przyczepno\u015bci i hamowania na \u015bniegu i lodzie)<\/li>\n<li style=\"margin: 5px 0; padding: 2px 0; clear: both; display: list-item; float: none; position: static;\">skuteczne odprowadzanie wody i b\u0142ota, system antypo\u015blizgowy<\/li>\n<\/ul>\n<\/div>\n<\/div>\n<\/div>\n<div style=\"clear: both; display: block; margin: 10px 0;\">\n<div style=\"clear: both; display: block; margin: 10px 0;\">\n<div style=\"clear: both; display: block; margin: 10px 0;\">\n<div  style=\"max-width:480px;max-height:733px\">\n<div style=\"clear: both; display: block; margin: 10px 0;\">\n<div style=\"clear: both; width: 100%; display: block; margin: 20px 0; padding: 0; float: none; position: static; text-align: center;\"><img decoding=\"async\"  src=\"https:\/\/a.allegroimg.com\/original\/111f24\/4fb4790847d68018c6f5e7d434a9\/2x-opony-zimowe-Kumho-WP51-215-45R16-90V-XL-rant-Marka-Kumho\" srcset=\"https:\/\/a.allegroimg.com\/original\/111f24\/4fb4790847d68018c6f5e7d434a9\/2x-opony-zimowe-Kumho-WP51-215-45R16-90V-XL-rant-Marka-Kumho 235w,https:\/\/a.allegroimg.com\/original\/111f24\/4fb4790847d68018c6f5e7d434a9\/2x-opony-zimowe-Kumho-WP51-215-45R16-90V-XL-rant-Marka-Kumho 471w,https:\/\/a.allegroimg.com\/original\/111f24\/4fb4790847d68018c6f5e7d434a9\/2x-opony-zimowe-Kumho-WP51-215-45R16-90V-XL-rant-Marka-Kumho 480w,https:\/\/a.allegroimg.com\/original\/111f24\/4fb4790847d68018c6f5e7d434a9\/2x-opony-zimowe-Kumho-WP51-215-45R16-90V-XL-rant-Marka-Kumho 480w\" sizes=\"100vw\" width=\"480px\" alt=\"2x opony zimowe Kumho WP51 215\/45R16 90V XL rant Marka Kumho\" style=\"max-width: 100%; height: auto; display: block; margin: 0 auto;\"><\/div>\n<\/div>\n<\/div>\n<\/div>\n<\/div>\n<\/div>\n<\/div>\n<\/div>\n<\/div>\n<div style=\"clear: both; display: block; margin: 10px 0;\">\n","protected":false},"excerpt":{"rendered":"<p>zestaw 2 sztuk nowych opon zimowych<\/p>\n<p>Kumho WP51 215\/45R16 90V XL FSL<\/p>\n<p>Kumho WP51 to opony zimowe przeznaczone do samochod\u00f3w osobowych oraz suv-\u00f3w. Oryginalny produkt klasy standard uznanej marki Kumho. Doskona\u0142a jako\u015b\u0107 w akceptowalnej cenie.<\/p>\n<p>rok produkcji: nie starsze ni\u017c 2022<\/p>\n<p>opony nowe, oryginalne, z gwarancj\u0105<\/p>\n<p>FSL &#8211; opony posiadaj\u0105 rant chroni\u0105cy felg\u0119<\/p>\n<p>opony wzmocnione XL<\/p>\n<p>zapewniaj\u0105 cich\u0105 i p\u0142ynn\u0105 prac\u0119<\/p>\n","protected":false},"featured_media":16742,"template":"","meta":{"_uag_custom_page_level_css":""},"product_brand":[390],"product_cat":[414,413,412,415],"product_tag":[],"class_list":{"0":"post-16740","1":"product","2":"type-product","3":"status-publish","4":"has-post-thumbnail","6":"product_brand-kumho","7":"product_cat-do-samochodow-osobowych-i-suv","8":"product_cat-opony","9":"product_cat-opony-i-felgi","10":"product_cat-zimowe","12":"first","13":"instock","14":"shipping-taxable","15":"purchasable","16":"product-type-simple"},"uagb_featured_image_src":{"full":["https:\/\/oponixo.shop\/tire\/wp-content\/uploads\/2026\/01\/allegro-image-16740.jpg",368,596,false],"thumbnail":["https:\/\/oponixo.shop\/tire\/wp-content\/uploads\/2026\/01\/allegro-image-16740-150x150.jpg",150,150,true],"medium":["https:\/\/oponixo.shop\/tire\/wp-content\/uploads\/2026\/01\/allegro-image-16740-185x300.jpg",185,300,true],"medium_large":["https:\/\/oponixo.shop\/tire\/wp-content\/uploads\/2026\/01\/allegro-image-16740.jpg",368,596,false],"large":["https:\/\/oponixo.shop\/tire\/wp-content\/uploads\/2026\/01\/allegro-image-16740.jpg",368,596,false],"1536x1536":["https:\/\/oponixo.shop\/tire\/wp-content\/uploads\/2026\/01\/allegro-image-16740.jpg",368,596,false],"2048x2048":["https:\/\/oponixo.shop\/tire\/wp-content\/uploads\/2026\/01\/allegro-image-16740.jpg",368,596,false],"woocommerce_thumbnail":["https:\/\/oponixo.shop\/tire\/wp-content\/uploads\/2026\/01\/allegro-image-16740-300x300.jpg",300,300,true],"woocommerce_single":["https:\/\/oponixo.shop\/tire\/wp-content\/uploads\/2026\/01\/allegro-image-16740.jpg",368,596,false],"woocommerce_gallery_thumbnail":["https:\/\/oponixo.shop\/tire\/wp-content\/uploads\/2026\/01\/allegro-image-16740-100x100.jpg",100,100,true]},"uagb_author_info":{"display_name":"admin","author_link":"https:\/\/oponixo.shop\/tire\/author\/"},"uagb_comment_info":0,"uagb_excerpt":"zestaw 2 sztuk nowych opon zimowych Kumho WP51 215\/45R16 90V XL FSL Kumho WP51 to opony zimowe przeznaczone do samochod\u00f3w osobowych oraz suv-\u00f3w. Oryginalny produkt klasy standard uznanej marki Kumho. Doskona\u0142a jako\u015b\u0107 w akceptowalnej cenie. rok produkcji: nie starsze ni\u017c 2022 opony nowe, oryginalne, z gwarancj\u0105 FSL - opony posiadaj\u0105 rant chroni\u0105cy felg\u0119 opony wzmocnione&hellip;","_links":{"self":[{"href":"https:\/\/oponixo.shop\/tire\/wp-json\/wp\/v2\/product\/16740","targetHints":{"allow":["GET"]}}],"collection":[{"href":"https:\/\/oponixo.shop\/tire\/wp-json\/wp\/v2\/product"}],"about":[{"href":"https:\/\/oponixo.shop\/tire\/wp-json\/wp\/v2\/types\/product"}],"wp:featuredmedia":[{"embeddable":true,"href":"https:\/\/oponixo.shop\/tire\/wp-json\/wp\/v2\/media\/16742"}],"wp:attachment":[{"href":"https:\/\/oponixo.shop\/tire\/wp-json\/wp\/v2\/media?parent=16740"}],"wp:term":[{"taxonomy":"product_brand","embeddable":true,"href":"https:\/\/oponixo.shop\/tire\/wp-json\/wp\/v2\/product_brand?post=16740"},{"taxonomy":"product_cat","embeddable":true,"href":"https:\/\/oponixo.shop\/tire\/wp-json\/wp\/v2\/product_cat?post=16740"},{"taxonomy":"product_tag","embeddable":true,"href":"https:\/\/oponixo.shop\/tire\/wp-json\/wp\/v2\/product_tag?post=16740"}],"curies":[{"name":"wp","href":"https:\/\/api.w.org\/{rel}","templated":true}]}}