{"id":16757,"date":"2026-01-17T13:42:50","date_gmt":"2026-01-17T12:42:50","guid":{"rendered":"https:\/\/oponyonline.shop\/xef5\/produkt\/2x-pirelli-scorpion-winter-235-55-19-235-55r19-235-55-r19-zima-zimowe\/"},"modified":"2026-01-17T13:42:51","modified_gmt":"2026-01-17T12:42:51","slug":"2x-pirelli-scorpion-winter-235-55-19-235-55r19-235-55-r19-zima-zimowe","status":"publish","type":"product","link":"https:\/\/oponixo.shop\/tire\/produkt\/2x-pirelli-scorpion-winter-235-55-19-235-55r19-235-55-r19-zima-zimowe\/","title":{"rendered":"2x Pirelli Scorpion Winter 235\/55\/19 235\/55R19 235\/55 R19 Zima Zimowe"},"content":{"rendered":"<div style=\"font-family: Arial, sans-serif; line-height: 1.6; color: #333; padding: 20px; clear: both; display: block; width: 100%; float: none; position: static; overflow: hidden;\">\n<div style=\"clear: both; display: block; margin: 10px 0;\">\n<div style=\"clear: both; display: block; margin: 10px 0;\">\n<div style=\"clear: both; display: block; margin: 10px 0;\">\n<h3 style=\"color: #2c5aa0; font-size: 18px; margin: 30px 0 15px 0; font-weight: bold; clear: both; display: block; width: 100%; float: none; position: static;\">Pirelli Scorpion Winter 235\/55 R19 &#8211; Opony zimowe,<\/h3>\n<ul style=\"margin: 15px 0; padding-left: 20px; clear: both; display: block; width: 100%; float: none; position: static;\">\n<li style=\"margin: 5px 0; padding: 2px 0; clear: both; display: list-item; float: none; position: static;\">Opony nowe<\/li>\n<\/ul>\n<ul style=\"margin: 15px 0; padding-left: 20px; clear: both; display: block; width: 100%; float: none; position: static;\">\n<li style=\"margin: 5px 0; padding: 2px 0; clear: both; display: list-item; float: none; position: static;\"><b>Rok produkcji opon &#8211; 2022<\/b><\/li>\n<\/ul>\n<ul style=\"margin: 15px 0; padding-left: 20px; clear: both; display: block; width: 100%; float: none; position: static;\">\n<li style=\"margin: 5px 0; padding: 2px 0; clear: both; display: list-item; float: none; position: static;\">Indeks no\u015bno\u015bci i pr\u0119dko\u015bci &#8211; 101H<\/li>\n<\/ul>\n<ul style=\"margin: 15px 0; padding-left: 20px; clear: both; display: block; width: 100%; float: none; position: static;\">\n<li style=\"margin: 5px 0; padding: 2px 0; clear: both; display: list-item; float: none; position: static;\">Do ka\u017cdego zam\u00f3wienia do\u0142\u0105czamy dokument sprzeda\u017cy<\/li>\n<\/ul>\n<\/div>\n<\/div>\n<div style=\"clear: both; display: block; margin: 10px 0;\">\n<div style=\"clear: both; display: block; margin: 10px 0;\">\n<div  style=\"max-width:1920px;max-height:2560px\">\n<div style=\"clear: both; display: block; margin: 10px 0;\">\n<div style=\"clear: both; width: 100%; display: block; margin: 20px 0; padding: 0; float: none; position: static; text-align: center;\"><img decoding=\"async\"  src=\"https:\/\/a.allegroimg.com\/original\/115030\/beebf86b4b0ab886b9869118c3f5\/2x-Pirelli-Scorpion-Winter-235-55-19-235-55R19-235-55-R19-Zima-Zimowe-Marka-Pirelli\" srcset=\"https:\/\/a.allegroimg.com\/original\/115030\/beebf86b4b0ab886b9869118c3f5\/2x-Pirelli-Scorpion-Winter-235-55-19-235-55R19-235-55-R19-Zima-Zimowe-Marka-Pirelli 270w,https:\/\/a.allegroimg.com\/original\/115030\/beebf86b4b0ab886b9869118c3f5\/2x-Pirelli-Scorpion-Winter-235-55-19-235-55R19-235-55-R19-Zima-Zimowe-Marka-Pirelli 540w,https:\/\/a.allegroimg.com\/original\/115030\/beebf86b4b0ab886b9869118c3f5\/2x-Pirelli-Scorpion-Winter-235-55-19-235-55R19-235-55-R19-Zima-Zimowe-Marka-Pirelli 768w,https:\/\/a.allegroimg.com\/original\/115030\/beebf86b4b0ab886b9869118c3f5\/2x-Pirelli-Scorpion-Winter-235-55-19-235-55R19-235-55-R19-Zima-Zimowe-Marka-Pirelli 1080w,https:\/\/a.allegroimg.com\/original\/115030\/beebf86b4b0ab886b9869118c3f5\/2x-Pirelli-Scorpion-Winter-235-55-19-235-55R19-235-55-R19-Zima-Zimowe-Marka-Pirelli 1920w\" sizes=\"(min-width: 1200px) 560px, (min-width: 992px) 50vw, 100vw\" width=\"1920px\" alt=\"2x Pirelli Scorpion Winter 235\/55\/19 235\/55R19 235\/55 R19 Zima Zimowe Marka Pirelli\" style=\"max-width: 100%; height: auto; display: block; margin: 0 auto;\"><\/div>\n<\/div>\n<\/div>\n<\/div>\n<\/div>\n<\/div>\n<\/div>\n<\/div>\n<\/div>\n<div style=\"clear: both; display: block; margin: 10px 0;\">\n","protected":false},"excerpt":{"rendered":"<p>Pirelli Scorpion Winter 235\/55 R19 &#8211; Opony zimowe,<\/p>\n<p>Opony nowe<\/p>\n<p>Rok produkcji opon &#8211; 2022<\/p>\n<p>Indeks no\u015bno\u015bci i pr\u0119dko\u015bci &#8211; 101H<\/p>\n<p>Do ka\u017cdego zam\u00f3wienia do\u0142\u0105czamy dokument sprzeda\u017cy<\/p>\n","protected":false},"featured_media":16758,"template":"","meta":{"_uag_custom_page_level_css":""},"product_brand":[433],"product_cat":[428,413,412,415],"product_tag":[],"class_list":{"0":"post-16757","1":"product","2":"type-product","3":"status-publish","4":"has-post-thumbnail","6":"product_brand-pirelli","7":"product_cat-do-samochodow-terenowych-i-4x4","8":"product_cat-opony","9":"product_cat-opony-i-felgi","10":"product_cat-zimowe","12":"first","13":"instock","14":"shipping-taxable","15":"purchasable","16":"product-type-simple"},"uagb_featured_image_src":{"full":["https:\/\/oponixo.shop\/tire\/wp-content\/uploads\/2026\/01\/allegro-image-16757.jpg",1954,1740,false],"thumbnail":["https:\/\/oponixo.shop\/tire\/wp-content\/uploads\/2026\/01\/allegro-image-16757-150x150.jpg",150,150,true],"medium":["https:\/\/oponixo.shop\/tire\/wp-content\/uploads\/2026\/01\/allegro-image-16757-300x267.jpg",300,267,true],"medium_large":["https:\/\/oponixo.shop\/tire\/wp-content\/uploads\/2026\/01\/allegro-image-16757-768x684.jpg",768,684,true],"large":["https:\/\/oponixo.shop\/tire\/wp-content\/uploads\/2026\/01\/allegro-image-16757-1024x912.jpg",1024,912,true],"1536x1536":["https:\/\/oponixo.shop\/tire\/wp-content\/uploads\/2026\/01\/allegro-image-16757-1536x1368.jpg",1536,1368,true],"2048x2048":["https:\/\/oponixo.shop\/tire\/wp-content\/uploads\/2026\/01\/allegro-image-16757.jpg",1954,1740,false],"woocommerce_thumbnail":["https:\/\/oponixo.shop\/tire\/wp-content\/uploads\/2026\/01\/allegro-image-16757-300x300.jpg",300,300,true],"woocommerce_single":["https:\/\/oponixo.shop\/tire\/wp-content\/uploads\/2026\/01\/allegro-image-16757-600x534.jpg",600,534,true],"woocommerce_gallery_thumbnail":["https:\/\/oponixo.shop\/tire\/wp-content\/uploads\/2026\/01\/allegro-image-16757-100x100.jpg",100,100,true]},"uagb_author_info":{"display_name":"admin","author_link":"https:\/\/oponixo.shop\/tire\/author\/"},"uagb_comment_info":0,"uagb_excerpt":"Pirelli Scorpion Winter 235\/55 R19 - Opony zimowe, Opony nowe Rok produkcji opon - 2022 Indeks no\u015bno\u015bci i pr\u0119dko\u015bci - 101H Do ka\u017cdego zam\u00f3wienia do\u0142\u0105czamy dokument sprzeda\u017cy","_links":{"self":[{"href":"https:\/\/oponixo.shop\/tire\/wp-json\/wp\/v2\/product\/16757","targetHints":{"allow":["GET"]}}],"collection":[{"href":"https:\/\/oponixo.shop\/tire\/wp-json\/wp\/v2\/product"}],"about":[{"href":"https:\/\/oponixo.shop\/tire\/wp-json\/wp\/v2\/types\/product"}],"wp:featuredmedia":[{"embeddable":true,"href":"https:\/\/oponixo.shop\/tire\/wp-json\/wp\/v2\/media\/16758"}],"wp:attachment":[{"href":"https:\/\/oponixo.shop\/tire\/wp-json\/wp\/v2\/media?parent=16757"}],"wp:term":[{"taxonomy":"product_brand","embeddable":true,"href":"https:\/\/oponixo.shop\/tire\/wp-json\/wp\/v2\/product_brand?post=16757"},{"taxonomy":"product_cat","embeddable":true,"href":"https:\/\/oponixo.shop\/tire\/wp-json\/wp\/v2\/product_cat?post=16757"},{"taxonomy":"product_tag","embeddable":true,"href":"https:\/\/oponixo.shop\/tire\/wp-json\/wp\/v2\/product_tag?post=16757"}],"curies":[{"name":"wp","href":"https:\/\/api.w.org\/{rel}","templated":true}]}}