{"id":16790,"date":"2026-01-17T13:59:24","date_gmt":"2026-01-17T12:59:24","guid":{"rendered":"https:\/\/oponyonline.shop\/xef5\/produkt\/2x-235-50-21-v-michelin-pilot-alpin-5-suv\/"},"modified":"2026-01-17T13:59:25","modified_gmt":"2026-01-17T12:59:25","slug":"2x-235-50-21-v-michelin-pilot-alpin-5-suv","status":"publish","type":"product","link":"https:\/\/oponixo.shop\/tire\/produkt\/2x-235-50-21-v-michelin-pilot-alpin-5-suv\/","title":{"rendered":"2x 235\/50\/21 V Michelin PILOT ALPIN 5 SUV"},"content":{"rendered":"<div style=\"font-family: Arial, sans-serif; line-height: 1.6; color: #333; padding: 20px; clear: both; display: block; width: 100%; float: none; position: static; overflow: hidden;\">\n<div style=\"clear: both; display: block; margin: 10px 0;\">\n<div style=\"clear: both; display: block; margin: 10px 0;\">\n<div style=\"clear: both; display: block; margin: 10px 0;\">\n<div  style=\"max-width:1218px;max-height:1432px\">\n<div style=\"clear: both; display: block; margin: 10px 0;\">\n<div style=\"clear: both; width: 100%; display: block; margin: 20px 0; padding: 0; float: none; position: static; text-align: center;\"><img decoding=\"async\"  src=\"https:\/\/a.allegroimg.com\/original\/11cafb\/ab3bf6cf41e0aa64439fad0d7e00\/2x-235-50-21-V-Michelin-PILOT-ALPIN-5-SUV-Liczba-opon-w-ofercie-2-szt\" srcset=\"https:\/\/a.allegroimg.com\/original\/11cafb\/ab3bf6cf41e0aa64439fad0d7e00\/2x-235-50-21-V-Michelin-PILOT-ALPIN-5-SUV-Liczba-opon-w-ofercie-2-szt 306w,https:\/\/a.allegroimg.com\/original\/11cafb\/ab3bf6cf41e0aa64439fad0d7e00\/2x-235-50-21-V-Michelin-PILOT-ALPIN-5-SUV-Liczba-opon-w-ofercie-2-szt 612w,https:\/\/a.allegroimg.com\/original\/11cafb\/ab3bf6cf41e0aa64439fad0d7e00\/2x-235-50-21-V-Michelin-PILOT-ALPIN-5-SUV-Liczba-opon-w-ofercie-2-szt 870w,https:\/\/a.allegroimg.com\/original\/11cafb\/ab3bf6cf41e0aa64439fad0d7e00\/2x-235-50-21-V-Michelin-PILOT-ALPIN-5-SUV-Liczba-opon-w-ofercie-2-szt 1218w,https:\/\/a.allegroimg.com\/original\/11cafb\/ab3bf6cf41e0aa64439fad0d7e00\/2x-235-50-21-V-Michelin-PILOT-ALPIN-5-SUV-Liczba-opon-w-ofercie-2-szt 1218w\" sizes=\"(min-width: 1200px) 560px, (min-width: 992px) 50vw, 100vw\" width=\"1218px\" alt=\"2x 235\/50\/21 V Michelin PILOT ALPIN 5 SUV Liczba opon w ofercie 2 szt.\" style=\"max-width: 100%; height: auto; display: block; margin: 0 auto;\"><\/div>\n<\/div>\n<\/div>\n<\/div>\n<\/div>\n<div style=\"clear: both; display: block; margin: 10px 0;\">\n<div style=\"clear: both; display: block; margin: 10px 0;\">\n<h1>SPECYFIKACJA PRODUKTU<\/h1>\n<p style=\"margin: 15px 0; line-height: 1.8; clear: both; display: block; width: 100%; float: none; position: static;\"><b>sezon:<\/b> zimowe<\/p>\n<p style=\"margin: 15px 0; line-height: 1.8; clear: both; display: block; width: 100%; float: none; position: static;\"><b>typ pojazdu:<\/b> osobowe<\/p>\n<p style=\"margin: 15px 0; line-height: 1.8; clear: both; display: block; width: 100%; float: none; position: static;\"><b>producent:<\/b> Michelin<\/p>\n<p style=\"margin: 15px 0; line-height: 1.8; clear: both; display: block; width: 100%; float: none; position: static;\"><b>model \/ rozmiar:<\/b> 235\/50 R21<\/p>\n<p style=\"margin: 15px 0; line-height: 1.8; clear: both; display: block; width: 100%; float: none; position: static;\"><b>klasa opon:<\/b> Premium &#8211; klasa premium (najwy\u017csza jako\u015b\u0107)<\/p>\n<p style=\"margin: 15px 0; line-height: 1.8; clear: both; display: block; width: 100%; float: none; position: static;\"><b>indeks \u0142adowno\u015bci:<\/b> 101 &#8211; max 825 kg<\/p>\n<p style=\"margin: 15px 0; line-height: 1.8; clear: both; display: block; width: 100%; float: none; position: static;\"><b>indeks pr\u0119dko\u015bci:<\/b> V &#8211; max 240 km\/h<\/p>\n<p style=\"margin: 15px 0; line-height: 1.8; clear: both; display: block; width: 100%; float: none; position: static;\"><b>gwarancja:<\/b> 10 lat od daty zakupu<\/p>\n<p style=\"margin: 15px 0; line-height: 1.8; clear: both; display: block; width: 100%; float: none; position: static;\"><b>stan opon:<\/b> fabrycznie nowe, pierwszy gatunek<\/p>\n<p style=\"margin: 15px 0; line-height: 1.8; clear: both; display: block; width: 100%; float: none; position: static;\"><b>produkcja:<\/b> Europejskie<\/p>\n<p style=\"margin: 15px 0; line-height: 1.8; clear: both; display: block; width: 100%; float: none; position: static;\"><b>rok produkcji:<\/b> 2023<\/p>\n<p style=\"margin: 15px 0; line-height: 1.8; clear: both; display: block; width: 100%; float: none; position: static;\"><b>klasa energetyczna:<\/b> C<\/p>\n<p style=\"margin: 15px 0; line-height: 1.8; clear: both; display: block; width: 100%; float: none; position: static;\"><b>klasa przyczepno\u015bci:<\/b> C<\/p>\n<p style=\"margin: 15px 0; line-height: 1.8; clear: both; display: block; width: 100%; float: none; position: static;\"><b>poziom ha\u0142asu:<\/b> 70<\/p>\n<p style=\"margin: 15px 0; line-height: 1.8; clear: both; display: block; width: 100%; float: none; position: static;\"><b>klasa ha\u0142asu:<\/b> 2<\/p>\n<\/div>\n<\/div>\n<\/div>\n<div style=\"clear: both; display: block; margin: 10px 0;\">\n<div style=\"clear: both; display: block; margin: 10px 0;\">\n<div style=\"clear: both; display: block; margin: 10px 0;\">\n<h1>Nowa opona MICHELIN Pilot Alpin 5 SUV: Zapewniaj\u0105ca <\/p>\n","protected":false},"excerpt":{"rendered":"<p>SPECYFIKACJA PRODUKTU<\/p>\n<p>sezon: zimowe<\/p>\n<p>typ pojazdu: osobowe<\/p>\n<p>producent: Michelin<\/p>\n<p>model \/ rozmiar: 235\/50 R21<\/p>\n<p>klasa opon: Premium &#8211; klasa premium (najwy\u017csza jako\u015b\u0107)<\/p>\n<p>indeks \u0142adowno\u015bci: 101 &#8211; max 825 kg<\/p>\n<p>indeks pr\u0119dko\u015bci: V &#8211; max 240 km\/h<\/p>\n","protected":false},"featured_media":16791,"template":"","meta":{"_uag_custom_page_level_css":""},"product_brand":[429],"product_cat":[414,413,412,415],"product_tag":[],"class_list":{"0":"post-16790","1":"product","2":"type-product","3":"status-publish","4":"has-post-thumbnail","6":"product_brand-michelin","7":"product_cat-do-samochodow-osobowych-i-suv","8":"product_cat-opony","9":"product_cat-opony-i-felgi","10":"product_cat-zimowe","12":"first","13":"instock","14":"shipping-taxable","15":"purchasable","16":"product-type-simple"},"uagb_featured_image_src":{"full":["https:\/\/oponixo.shop\/tire\/wp-content\/uploads\/2026\/01\/allegro-image-16790.jpg",1823,1454,false],"thumbnail":["https:\/\/oponixo.shop\/tire\/wp-content\/uploads\/2026\/01\/allegro-image-16790-150x150.jpg",150,150,true],"medium":["https:\/\/oponixo.shop\/tire\/wp-content\/uploads\/2026\/01\/allegro-image-16790-300x239.jpg",300,239,true],"medium_large":["https:\/\/oponixo.shop\/tire\/wp-content\/uploads\/2026\/01\/allegro-image-16790-768x613.jpg",768,613,true],"large":["https:\/\/oponixo.shop\/tire\/wp-content\/uploads\/2026\/01\/allegro-image-16790-1024x817.jpg",1024,817,true],"1536x1536":["https:\/\/oponixo.shop\/tire\/wp-content\/uploads\/2026\/01\/allegro-image-16790-1536x1225.jpg",1536,1225,true],"2048x2048":["https:\/\/oponixo.shop\/tire\/wp-content\/uploads\/2026\/01\/allegro-image-16790.jpg",1823,1454,false],"woocommerce_thumbnail":["https:\/\/oponixo.shop\/tire\/wp-content\/uploads\/2026\/01\/allegro-image-16790-300x300.jpg",300,300,true],"woocommerce_single":["https:\/\/oponixo.shop\/tire\/wp-content\/uploads\/2026\/01\/allegro-image-16790-600x479.jpg",600,479,true],"woocommerce_gallery_thumbnail":["https:\/\/oponixo.shop\/tire\/wp-content\/uploads\/2026\/01\/allegro-image-16790-100x100.jpg",100,100,true]},"uagb_author_info":{"display_name":"admin","author_link":"https:\/\/oponixo.shop\/tire\/author\/"},"uagb_comment_info":0,"uagb_excerpt":"SPECYFIKACJA PRODUKTU sezon: zimowe typ pojazdu: osobowe producent: Michelin model \/ rozmiar: 235\/50 R21 klasa opon: Premium - klasa premium (najwy\u017csza jako\u015b\u0107) indeks \u0142adowno\u015bci: 101 - max 825 kg indeks pr\u0119dko\u015bci: V - max 240 km\/h","_links":{"self":[{"href":"https:\/\/oponixo.shop\/tire\/wp-json\/wp\/v2\/product\/16790","targetHints":{"allow":["GET"]}}],"collection":[{"href":"https:\/\/oponixo.shop\/tire\/wp-json\/wp\/v2\/product"}],"about":[{"href":"https:\/\/oponixo.shop\/tire\/wp-json\/wp\/v2\/types\/product"}],"wp:featuredmedia":[{"embeddable":true,"href":"https:\/\/oponixo.shop\/tire\/wp-json\/wp\/v2\/media\/16791"}],"wp:attachment":[{"href":"https:\/\/oponixo.shop\/tire\/wp-json\/wp\/v2\/media?parent=16790"}],"wp:term":[{"taxonomy":"product_brand","embeddable":true,"href":"https:\/\/oponixo.shop\/tire\/wp-json\/wp\/v2\/product_brand?post=16790"},{"taxonomy":"product_cat","embeddable":true,"href":"https:\/\/oponixo.shop\/tire\/wp-json\/wp\/v2\/product_cat?post=16790"},{"taxonomy":"product_tag","embeddable":true,"href":"https:\/\/oponixo.shop\/tire\/wp-json\/wp\/v2\/product_tag?post=16790"}],"curies":[{"name":"wp","href":"https:\/\/api.w.org\/{rel}","templated":true}]}}