{"id":16843,"date":"2026-01-17T15:48:58","date_gmt":"2026-01-17T14:48:58","guid":{"rendered":"https:\/\/oponyonline.shop\/xef5\/produkt\/4x-opony-letnie-225-75r15-102t-latitude-cross-michelin-2023\/"},"modified":"2026-01-17T15:49:00","modified_gmt":"2026-01-17T14:49:00","slug":"4x-opony-letnie-225-75r15-102t-latitude-cross-michelin-2023","status":"publish","type":"product","link":"https:\/\/oponixo.shop\/tire\/produkt\/4x-opony-letnie-225-75r15-102t-latitude-cross-michelin-2023\/","title":{"rendered":"4x Opony letnie 225\/75R15 102T Latitude Cross MICHELIN 2023"},"content":{"rendered":"<div style=\"font-family: Arial, sans-serif; line-height: 1.6; color: #333; padding: 20px; clear: both; display: block; width: 100%; float: none; position: static; overflow: hidden;\">\n<div style=\"clear: both; display: block; margin: 10px 0;\">\n<div style=\"clear: both; display: block; margin: 10px 0;\">\n<div style=\"clear: both; display: block; margin: 10px 0;\">\n<h1>4x Opony letnie 225\/75R15 102T Latitude Cross MICHELIN 2023<\/h1>\n<\/div>\n<\/div>\n<\/div>\n<div style=\"clear: both; display: block; margin: 10px 0;\">\n<div style=\"clear: both; display: block; margin: 10px 0;\">\n<div style=\"clear: both; display: block; margin: 10px 0;\">\n<div  style=\"max-width:1440px;max-height:100px\">\n<div style=\"clear: both; display: block; margin: 10px 0;\">\n<div style=\"clear: both; width: 100%; display: block; margin: 20px 0; padding: 0; float: none; position: static; text-align: center;\"><img decoding=\"async\"  src=\"https:\/\/a.allegroimg.com\/original\/11c2a7\/5a5b8f1a44ac8250087b9129091e\/4x-Opony-letnie-225-75R15-102T-Latitude-Cross-MICHELIN-2023-Rok-produkcji-2023\" srcset=\"https:\/\/a.allegroimg.com\/original\/11c2a7\/5a5b8f1a44ac8250087b9129091e\/4x-Opony-letnie-225-75R15-102T-Latitude-Cross-MICHELIN-2023-Rok-produkcji-2023 360w,https:\/\/a.allegroimg.com\/original\/11c2a7\/5a5b8f1a44ac8250087b9129091e\/4x-Opony-letnie-225-75R15-102T-Latitude-Cross-MICHELIN-2023-Rok-produkcji-2023 720w,https:\/\/a.allegroimg.com\/original\/11c2a7\/5a5b8f1a44ac8250087b9129091e\/4x-Opony-letnie-225-75R15-102T-Latitude-Cross-MICHELIN-2023-Rok-produkcji-2023 1024w,https:\/\/a.allegroimg.com\/original\/11c2a7\/5a5b8f1a44ac8250087b9129091e\/4x-Opony-letnie-225-75R15-102T-Latitude-Cross-MICHELIN-2023-Rok-produkcji-2023 1440w,https:\/\/a.allegroimg.com\/original\/11c2a7\/5a5b8f1a44ac8250087b9129091e\/4x-Opony-letnie-225-75R15-102T-Latitude-Cross-MICHELIN-2023-Rok-produkcji-2023 1440w\" sizes=\"100vw\" width=\"1440px\" alt=\"4x Opony letnie 225\/75R15 102T Latitude Cross MICHELIN 2023 Rok produkcji 2023\" style=\"max-width: 100%; height: auto; display: block; margin: 0 auto;\"><\/div>\n<\/div>\n<\/div>\n<\/div>\n<\/div>\n<\/div>\n<div style=\"clear: both; display: block; margin: 10px 0;\">\n<div style=\"clear: both; display: block; margin: 10px 0;\">\n<div style=\"clear: both; display: block; margin: 10px 0;\">\n<div  style=\"max-width:1489px;max-height:2560px\">\n<div style=\"clear: both; display: block; margin: 10px 0;\">\n<div style=\"clear: both; width: 100%; display: block; margin: 20px 0; padding: 0; float: none; position: static; text-align: center;\"><img decoding=\"async\"  src=\"https:\/\/a.allegroimg.com\/original\/11f2b0\/2eed0c5d4ce9a3d78b1464c6341f\/4x-Opony-letnie-225-75R15-102T-Latitude-Cross-MICHELIN-2023\" srcset=\"https:\/\/a.allegroimg.com\/original\/11f2b0\/2eed0c5d4ce9a3d78b1464c6341f\/4x-Opony-letnie-225-75R15-102T-Latitude-Cross-MICHELIN-2023 209w,https:\/\/a.allegroimg.com\/original\/11f2b0\/2eed0c5d4ce9a3d78b1464c6341f\/4x-Opony-letnie-225-75R15-102T-Latitude-Cross-MICHELIN-2023 418w,https:\/\/a.allegroimg.com\/original\/11f2b0\/2eed0c5d4ce9a3d78b1464c6341f\/4x-Opony-letnie-225-75R15-102T-Latitude-Cross-MICHELIN-2023 595w,https:\/\/a.allegroimg.com\/original\/11f2b0\/2eed0c5d4ce9a3d78b1464c6341f\/4x-Opony-letnie-225-75R15-102T-Latitude-Cross-MICHELIN-2023 837w,https:\/\/a.allegroimg.com\/original\/11f2b0\/2eed0c5d4ce9a3d78b1464c6341f\/4x-Opony-letnie-225-75R15-102T-Latitude-Cross-MICHELIN-2023 1489w\" sizes=\"(min-width: 1200px) 560px, (min-width: 992px) 50vw, 100vw\" width=\"1489px\" alt=\"4x Opony letnie 225\/75R15 102T Latitude Cross MICHELIN 2023\" style=\"max-width: 100%; height: auto; display: block; margin: 0 auto;\"><\/div>\n<\/div>\n<\/div>\n<\/div>\n<\/div>\n<div style=\"clear: both; display: block; margin: 10px 0;\">\n<div style=\"clear: both; display: block; margin: 10px 0;\">\n<h1>MICHELIN Latitude Cross 225\/75R15<\/h1>\n<h3 style=\"color: #2c5aa0; font-size: 18px; margin: 30px 0 15px 0; font-weight: bold; clear: both; display: block; width: 100%; float: none; position: static;\">Dane podstawowe<\/h3>\n<p style=\"margin: 15px 0; line-height: 1.8; clear: both; display: block; width: 100%; float: none; position: static;\"><b>Stan:<\/b> Opony fabrycznie nowe<\/p>\n<p style=\"margin: 15px 0; line-height: 1.8; clear: both; display: block; width: 100%; float: none; position: static;\"><b>Producent:<\/b> MICHELIN<\/p>\n<p style=\"margin: 15px 0; line-height: 1.8; clear: both; display: block; width: 100%; float: none; position: static;\"><b>Model:<\/b> Latitude Cross<\/p>\n<p style=\"margin: 15px 0; line-height: 1.8; clear: both; display: block; width: 100%; float: none; position: static;\"><b>Klasa opon:<\/b> Premium<\/p>\n<p style=\"margin: 15px 0; line-height: 1.8; clear: both; display: block; width: 100%; float: none; position: static;\"><b>Sezon:<\/b> Opony letnie<\/p>\n<p style=\"margin: 15px 0; line-height: 1.8; clear: both; display: block; width: 100%; float: none; position: static;\"><b>Szeroko\u015b\u0107:<\/b> 225<\/p>\n<p style=\"margin: 15px 0; line-height: 1.8; clear: both; display: block; width: 100%; float: none; position: static;\"><b>Profil:<\/b> 75<\/p>\n<p style=\"margin: 15px 0; line-height: 1.8; clear: both; display: block; width: 100%; float: none; position: static;\"><b>\u015arednica:<\/b> 15<\/p>\n<p style=\"margin: 15px 0; line-height: 1.8; clear: both; display: block; width: 100%; float: none; position: static;\"><b>Indeks pr\u0119dko\u015bci:<\/b> T &#8211; do 190 km\/h<\/p>\n<p style=\"margin: 15px 0; line-height: 1.8; clear: both; display: block; width: 100%; float: none; position: static;\"><b>Indeks no\u015bno\u015bci:<\/b> 102 &#8211; 850 kg na opon\u0119<\/p>\n<p style=\"margin: 15px 0; line-height: 1.8; clear: both; display: block; width: 100%; float: none; position: static;\"><b>Rok produkcji:<\/b> 2023<\/p>\n<\/div>\n<\/div>\n<\/div>\n<div style=\"clear: both; display: block; margin: 10px 0;\">\n<div style=\"clear: both; display: block; margin: 10px 0;\">\n<div style=\"clear: both; display: block; margin: 10px 0;\">\n<h3 style=\"color: #2c5aa0; font-size: 18px; margin: 30px 0 15px 0; font-weight: bold; clear: both; display: block; width: 100%; float: none; position: static;\">Informacje szczeg\u00f3\u0142owe<\/h3>\n<p style=\"margin: 15px 0; line-height: 1.8; clear: both; display: block; width: 100%; float: none; position: static;\"><b>Op\u00f3r toczenia: <\/b>Klasa D<\/p>\n<p style=\"margin: 15px 0; line-height: 1.8; clear: both; display: block; width: 100%; float: none; position: static;\"><b>Przyczepno\u015b\u0107 na mokrej nawierzchni: <\/b>Klasa D<\/p>\n<p style=\"margin: 15px 0; line-height: 1.8; clear: both; display: block; width: 100%; float: none; position: static;\"><b>Poziom ha\u0142asu zewn\u0119trznego: <\/b>Klasa B<\/p>\n<p style=\"margin: 15px 0; line-height: 1.8; clear: both; display: block; width: 100%; float: none; position: static;\"><b>Ha\u0142as zewn\u0119trzny: <\/b>71 dB<\/p>\n<p style=\"margin: 15px 0; line-height: 1.8; clear: both; display: block; width: 100%; float: none; position: static;\"><b>Opona posiada rant ochronny: <\/b>Tak<\/p>\n<p style=\"margin: 15px 0; line-height: 1.8; clear: both; display: block; width: 100%; float: none; position: static;\"><b>Przeznaczenie: <\/b>Opona do samochod\u00f3w osobowych, SUV oraz z nap\u0119dem 4&#215;4<\/p>\n<p style=\"margin: 15px 0; line-height: 1.8; clear: both; display: block; width: 100%; float: none; position: static;\"><b>Kod producenta: <\/b>407328<\/p>\n<p style=\"margin: 15px 0; line-height: 1.8; clear: both; display: block; width: 100%; float: none; position: static;\"><b>Kod QR: <\/b>eprel.ec.europa.eu\/qr\/410257<\/p>\n<p style=\"margin: 15px 0; line-height: 1.8; clear: both; display: block; width: 100%; float: none; position: static;\"><b>Waga opony: <\/b>13.72 kg<\/p>\n<\/div>\n<\/div>\n<\/div>\n<div style=\"clear: both; display: block; margin: 10px 0;\">\n<div style=\"clear: both; display: block; margin: 10px 0;\">\n<div style=\"clear: both; display: block; margin: 10px 0;\">\n<p style=\"margin: 15px 0; line-height: 1.8; clear: both; display: block; width: 100%; float: none; position: static;\">*Zdj\u0119cia przedstawione w ofercie maj\u0105 <b>charakter pogl\u0105dowy<\/b>. Rzeczywisty wygl\u0105d mo\u017ce r\u00f3\u017cni\u0107 si\u0119 od prezentowanego w zale\u017cno\u015bci od rozmiaru produktu.<\/p>\n<\/div>\n<\/div>\n<\/div>\n<div style=\"clear: both; display: block; margin: 10px 0;\">\n<div style=\"clear: both; display: block; margin: 10px 0;\">\n<div style=\"clear: both; display: block; margin: 10px 0;\">\n<h1>Latitude Cross<\/h1>\n<h2>Stworzona, by zapewni\u0107 d\u0142ugotrwa\u0142e bezpiecze\u0144stwo i mobilno\u015b\u0107 na drodze i w terenie<\/h2>\n<p style=\"margin: 15px 0; line-height: 1.8; clear: both; display: block; width: 100%; float: none; position: static;\">Zapewnia trakcj\u0119 i odporno\u015b\u0107 na uszkodzenia podczas wypraw terenowych oraz komfort podczas jazdy po drodze. Opona wielokrotnie udowodni\u0142a, \u017ce jest w stanie zaspokoi\u0107 r\u00f3\u017cne potrzeby w u\u017cytkowaniu wymagaj\u0105cym mobilno\u015bci na asfalcie i pod\u0142o\u017cu nieutwardzonym. Wszechstronno\u015b\u0107 u\u017cytkowania w pojazdach s\u0142u\u017cbowych i prywatnych.<\/p>\n<\/div>\n<\/div>\n<\/div>\n<div style=\"clear: both; display: block; margin: 10px 0;\">\n<div style=\"clear: both; display: block; margin: 10px 0;\">\n<div style=\"clear: both; display: block; margin: 10px 0;\">\n<div  style=\"max-width:1000px;max-height:300px\">\n<div style=\"clear: both; display: block; margin: 10px 0;\">\n<div style=\"clear: both; width: 100%; display: block; margin: 20px 0; padding: 0; float: none; position: static; text-align: center;\"><img decoding=\"async\"  src=\"https:\/\/a.allegroimg.com\/original\/11149a\/f2fee99c43eda90820e83be2abf2\/4x-Opony-letnie-225-75R15-102T-Latitude-Cross-MICHELIN-2023-Szerokosc-opony-225-mm\" srcset=\"https:\/\/a.allegroimg.com\/original\/11149a\/f2fee99c43eda90820e83be2abf2\/4x-Opony-letnie-225-75R15-102T-Latitude-Cross-MICHELIN-2023-Szerokosc-opony-225-mm 360w,https:\/\/a.allegroimg.com\/original\/11149a\/f2fee99c43eda90820e83be2abf2\/4x-Opony-letnie-225-75R15-102T-Latitude-Cross-MICHELIN-2023-Szerokosc-opony-225-mm 720w,https:\/\/a.allegroimg.com\/original\/11149a\/f2fee99c43eda90820e83be2abf2\/4x-Opony-letnie-225-75R15-102T-Latitude-Cross-MICHELIN-2023-Szerokosc-opony-225-mm 1000w,https:\/\/a.allegroimg.com\/original\/11149a\/f2fee99c43eda90820e83be2abf2\/4x-Opony-letnie-225-75R15-102T-Latitude-Cross-MICHELIN-2023-Szerokosc-opony-225-mm 1000w\" sizes=\"100vw\" width=\"1000px\" alt=\"4x Opony letnie 225\/75R15 102T Latitude Cross MICHELIN 2023 Szeroko\u015b\u0107 opony 225 mm\" style=\"max-width: 100%; height: auto; display: block; margin: 0 auto;\"><\/div>\n<\/div>\n<\/div>\n<\/div>\n<\/div>\n<\/div>\n<div style=\"clear: both; display: block; margin: 10px 0;\">\n<div style=\"clear: both; display: block; margin: 10px 0;\">\n<div style=\"clear: both; display: block; margin: 10px 0;\">\n<h1>Michelin \u2013 \u015bwiatowy lider w produkcji opon<\/h1>\n<p style=\"margin: 15px 0; line-height: 1.8; clear: both; display: block; width: 100%; float: none; position: static;\">Michelin to jeden z najbardziej cenionych producent\u00f3w opon na \u015bwiecie, obecny na rynku od ponad 130 lat. Marka s\u0142ynie z niezawodno\u015bci, wysokiej jako\u015bci wykonania oraz nieustannego d\u0105\u017cenia do innowacji.<\/p>\n<p style=\"margin: 15px 0; line-height: 1.8; clear: both; display: block; width: 100%; float: none; position: static;\">Opony Michelin zapewniaj\u0105 <b>doskona\u0142\u0105 przyczepno\u015b\u0107, komfort jazdy i bezpiecze\u0144stwo<\/b> &#8211; zar\u00f3wno na co dzie\u0144, jak i w najbardziej wymagaj\u0105cych warunkach. Produkty tej marki wybierane s\u0105 przez miliony kierowc\u00f3w na ca\u0142ym \u015bwiecie, co potwierdza ich presti\u017c i zaufanie.<\/p>\n<\/div>\n<\/div>\n<\/div>\n<div style=\"clear: both; display: block; margin: 10px 0;\">\n<div style=\"clear: both; display: block; margin: 10px 0;\">\n<div style=\"clear: both; display: block; margin: 10px 0;\">\n<div  style=\"max-width:886px;max-height:1299px\">\n<div style=\"clear: both; display: block; margin: 10px 0;\">\n<div style=\"clear: both; width: 100%; display: block; margin: 20px 0; padding: 0; float: none; position: static; text-align: center;\"><img decoding=\"async\"  src=\"https:\/\/a.allegroimg.com\/original\/11cbdd\/ee3ced914a518a2241b015819eb1\/4x-Opony-letnie-225-75R15-102T-Latitude-Cross-MICHELIN-2023-Liczba-opon-w-ofercie-Komplet-4-szt\" srcset=\"https:\/\/a.allegroimg.com\/original\/11cbdd\/ee3ced914a518a2241b015819eb1\/4x-Opony-letnie-225-75R15-102T-Latitude-Cross-MICHELIN-2023-Liczba-opon-w-ofercie-Komplet-4-szt 245w,https:\/\/a.allegroimg.com\/original\/11cbdd\/ee3ced914a518a2241b015819eb1\/4x-Opony-letnie-225-75R15-102T-Latitude-Cross-MICHELIN-2023-Liczba-opon-w-ofercie-Komplet-4-szt 491w,https:\/\/a.allegroimg.com\/original\/11cbdd\/ee3ced914a518a2241b015819eb1\/4x-Opony-letnie-225-75R15-102T-Latitude-Cross-MICHELIN-2023-Liczba-opon-w-ofercie-Komplet-4-szt 698w,https:\/\/a.allegroimg.com\/original\/11cbdd\/ee3ced914a518a2241b015819eb1\/4x-Opony-letnie-225-75R15-102T-Latitude-Cross-MICHELIN-2023-Liczba-opon-w-ofercie-Komplet-4-szt 886w,https:\/\/a.allegroimg.com\/original\/11cbdd\/ee3ced914a518a2241b015819eb1\/4x-Opony-letnie-225-75R15-102T-Latitude-Cross-MICHELIN-2023-Liczba-opon-w-ofercie-Komplet-4-szt 886w\" sizes=\"(min-width: 1200px) 560px, (min-width: 992px) 50vw, 100vw\" width=\"886px\" alt=\"4x Opony letnie 225\/75R15 102T Latitude Cross MICHELIN 2023 Liczba opon w ofercie Komplet 4 szt.\" style=\"max-width: 100%; height: auto; display: block; margin: 0 auto;\"><\/div>\n<\/div>\n<\/div>\n<\/div>\n<\/div>\n<div style=\"clear: both; display: block; margin: 10px 0;\">\n<div style=\"clear: both; display: block; margin: 10px 0;\">\n<p style=\"margin: 15px 0; line-height: 1.8; clear: both; display: block; width: 100%; float: none; position: static;\"><b>Etykiety Unijne na oponach<\/b> pomagaj\u0105 konsumentom w podj\u0119ciu \u015bwiadomej decyzji o zakupie.<\/p>\n<p style=\"margin: 15px 0; line-height: 1.8; clear: both; display: block; width: 100%; float: none; position: static;\"><b>Op\u00f3r toczenia<\/b> w oponie jest wska\u017anikiem jej efektywno\u015bci energetycznej, co ma wp\u0142yw na zu\u017cycie paliwa oraz emisj\u0119 spalin. Klasa oporu toczenia waha si\u0119 od A (najwydajniejsza) do E (najni\u017csza).<\/p>\n<p style=\"margin: 15px 0; line-height: 1.8; clear: both; display: block; width: 100%; float: none; position: static;\"><b>Droga hamowania na mokrej nawierzchni<\/b> zale\u017cy od zdolno\u015bci opony do trzymania si\u0119 drogi na mokrej nawierzchni. Klasa A okre\u015bla najkr\u00f3tsz\u0105 drog\u0119, za\u015b E najd\u0142u\u017csz\u0105. Opona z etykiet\u0105 E hamuje 18 metr\u00f3w dalej w por\u00f3wnaniu z opon\u0105 z etykiet\u0105 A (procedura testowa, w kt\u00f3rej mierzy si\u0119 drog\u0119 hamowania od 80 km\/h do 5 km\/h na drodze pokrytej wod\u0105).<\/p>\n<p style=\"margin: 15px 0; line-height: 1.8; clear: both; display: block; width: 100%; float: none; position: static;\"><b>Ha\u0142as zewn\u0119trzny<\/b> odnosi si\u0119 do ha\u0142asu wytwarzanego przez opon\u0119 podczas przejazdu samochodu i jest mierzony w dB (decybelach). Ha\u0142as opon mierzony jest na zewn\u0105trz pojazdu co ma za zadanie ograniczy\u0107 negatywny wp\u0142yw na otoczenie.<\/p>\n<\/div>\n<\/div>\n<\/div>\n<\/div>\n<\/div>\n<\/div>\n<div style=\"clear: both; display: block; margin: 10px 0;\">\n","protected":false},"excerpt":{"rendered":"<p>4x Opony letnie 225\/75R15 102T Latitude Cross MICHELIN 2023<\/p>\n<p>MICHELIN Latitude Cross 225\/75R15<\/p>\n<p>Dane podstawowe<\/p>\n<p>Stan: Opony fabrycznie nowe<\/p>\n<p>Producent: MICHELIN<\/p>\n<p>Model: Latitude Cross<\/p>\n<p>Klasa opon: Premium<\/p>\n<p>Sezon: Opony letnie<\/p>\n","protected":false},"featured_media":16844,"template":"","meta":{"_uag_custom_page_level_css":""},"product_brand":[429],"product_cat":[428,418,413,412],"product_tag":[],"class_list":{"0":"post-16843","1":"product","2":"type-product","3":"status-publish","4":"has-post-thumbnail","6":"product_brand-michelin","7":"product_cat-do-samochodow-terenowych-i-4x4","8":"product_cat-letnie","9":"product_cat-opony","10":"product_cat-opony-i-felgi","12":"first","13":"instock","14":"shipping-taxable","15":"purchasable","16":"product-type-simple"},"uagb_featured_image_src":{"full":["https:\/\/oponixo.shop\/tire\/wp-content\/uploads\/2026\/01\/allegro-image-16843.jpg",1489,2560,false],"thumbnail":["https:\/\/oponixo.shop\/tire\/wp-content\/uploads\/2026\/01\/allegro-image-16843-150x150.jpg",150,150,true],"medium":["https:\/\/oponixo.shop\/tire\/wp-content\/uploads\/2026\/01\/allegro-image-16843-174x300.jpg",174,300,true],"medium_large":["https:\/\/oponixo.shop\/tire\/wp-content\/uploads\/2026\/01\/allegro-image-16843-768x1320.jpg",768,1320,true],"large":["https:\/\/oponixo.shop\/tire\/wp-content\/uploads\/2026\/01\/allegro-image-16843-596x1024.jpg",596,1024,true],"1536x1536":["https:\/\/oponixo.shop\/tire\/wp-content\/uploads\/2026\/01\/allegro-image-16843-893x1536.jpg",893,1536,true],"2048x2048":["https:\/\/oponixo.shop\/tire\/wp-content\/uploads\/2026\/01\/allegro-image-16843-1191x2048.jpg",1191,2048,true],"woocommerce_thumbnail":["https:\/\/oponixo.shop\/tire\/wp-content\/uploads\/2026\/01\/allegro-image-16843-300x300.jpg",300,300,true],"woocommerce_single":["https:\/\/oponixo.shop\/tire\/wp-content\/uploads\/2026\/01\/allegro-image-16843-600x1032.jpg",600,1032,true],"woocommerce_gallery_thumbnail":["https:\/\/oponixo.shop\/tire\/wp-content\/uploads\/2026\/01\/allegro-image-16843-100x100.jpg",100,100,true]},"uagb_author_info":{"display_name":"admin","author_link":"https:\/\/oponixo.shop\/tire\/author\/"},"uagb_comment_info":0,"uagb_excerpt":"4x Opony letnie 225\/75R15 102T Latitude Cross MICHELIN 2023 MICHELIN Latitude Cross 225\/75R15 Dane podstawowe Stan: Opony fabrycznie nowe Producent: MICHELIN Model: Latitude Cross Klasa opon: Premium Sezon: Opony letnie","_links":{"self":[{"href":"https:\/\/oponixo.shop\/tire\/wp-json\/wp\/v2\/product\/16843","targetHints":{"allow":["GET"]}}],"collection":[{"href":"https:\/\/oponixo.shop\/tire\/wp-json\/wp\/v2\/product"}],"about":[{"href":"https:\/\/oponixo.shop\/tire\/wp-json\/wp\/v2\/types\/product"}],"wp:featuredmedia":[{"embeddable":true,"href":"https:\/\/oponixo.shop\/tire\/wp-json\/wp\/v2\/media\/16844"}],"wp:attachment":[{"href":"https:\/\/oponixo.shop\/tire\/wp-json\/wp\/v2\/media?parent=16843"}],"wp:term":[{"taxonomy":"product_brand","embeddable":true,"href":"https:\/\/oponixo.shop\/tire\/wp-json\/wp\/v2\/product_brand?post=16843"},{"taxonomy":"product_cat","embeddable":true,"href":"https:\/\/oponixo.shop\/tire\/wp-json\/wp\/v2\/product_cat?post=16843"},{"taxonomy":"product_tag","embeddable":true,"href":"https:\/\/oponixo.shop\/tire\/wp-json\/wp\/v2\/product_tag?post=16843"}],"curies":[{"name":"wp","href":"https:\/\/api.w.org\/{rel}","templated":true}]}}