{"id":16857,"date":"2026-01-17T15:49:04","date_gmt":"2026-01-17T14:49:04","guid":{"rendered":"https:\/\/oponyonline.shop\/xef5\/produkt\/2x-opony-letnie-315-30r20-104y-xl-pilot-sport-4-s-michelin\/"},"modified":"2026-01-17T15:49:05","modified_gmt":"2026-01-17T14:49:05","slug":"2x-opony-letnie-315-30r20-104y-xl-pilot-sport-4-s-michelin","status":"publish","type":"product","link":"https:\/\/oponixo.shop\/tire\/produkt\/2x-opony-letnie-315-30r20-104y-xl-pilot-sport-4-s-michelin\/","title":{"rendered":"2x Opony letnie 315\/30R20 104Y XL Pilot Sport 4 S MICHELIN"},"content":{"rendered":"<div style=\"font-family: Arial, sans-serif; line-height: 1.6; color: #333; padding: 20px; clear: both; display: block; width: 100%; float: none; position: static; overflow: hidden;\">\n<div style=\"clear: both; display: block; margin: 10px 0;\">\n<div style=\"clear: both; display: block; margin: 10px 0;\">\n<div style=\"clear: both; display: block; margin: 10px 0;\">\n<h1>2x Opony letnie 315\/30R20 104Y XL Pilot Sport 4 S MICHELIN<\/h1>\n<\/div>\n<\/div>\n<\/div>\n<div style=\"clear: both; display: block; margin: 10px 0;\">\n<div style=\"clear: both; display: block; margin: 10px 0;\">\n<div style=\"clear: both; display: block; margin: 10px 0;\">\n<div  style=\"max-width:1440px;max-height:100px\">\n<div style=\"clear: both; display: block; margin: 10px 0;\">\n<div style=\"clear: both; width: 100%; display: block; margin: 20px 0; padding: 0; float: none; position: static; text-align: center;\"><img decoding=\"async\"  src=\"https:\/\/a.allegroimg.com\/original\/11c2a7\/5a5b8f1a44ac8250087b9129091e\/2x-Opony-letnie-315-30R20-104Y-XL-Pilot-Sport-4-S-MICHELIN-Profil-opony-30\" srcset=\"https:\/\/a.allegroimg.com\/original\/11c2a7\/5a5b8f1a44ac8250087b9129091e\/2x-Opony-letnie-315-30R20-104Y-XL-Pilot-Sport-4-S-MICHELIN-Profil-opony-30 360w,https:\/\/a.allegroimg.com\/original\/11c2a7\/5a5b8f1a44ac8250087b9129091e\/2x-Opony-letnie-315-30R20-104Y-XL-Pilot-Sport-4-S-MICHELIN-Profil-opony-30 720w,https:\/\/a.allegroimg.com\/original\/11c2a7\/5a5b8f1a44ac8250087b9129091e\/2x-Opony-letnie-315-30R20-104Y-XL-Pilot-Sport-4-S-MICHELIN-Profil-opony-30 1024w,https:\/\/a.allegroimg.com\/original\/11c2a7\/5a5b8f1a44ac8250087b9129091e\/2x-Opony-letnie-315-30R20-104Y-XL-Pilot-Sport-4-S-MICHELIN-Profil-opony-30 1440w,https:\/\/a.allegroimg.com\/original\/11c2a7\/5a5b8f1a44ac8250087b9129091e\/2x-Opony-letnie-315-30R20-104Y-XL-Pilot-Sport-4-S-MICHELIN-Profil-opony-30 1440w\" sizes=\"100vw\" width=\"1440px\" alt=\"2x Opony letnie 315\/30R20 104Y XL Pilot Sport 4 S MICHELIN Profil opony 30\" style=\"max-width: 100%; height: auto; display: block; margin: 0 auto;\"><\/div>\n<\/div>\n<\/div>\n<\/div>\n<\/div>\n<\/div>\n<div style=\"clear: both; display: block; margin: 10px 0;\">\n<div style=\"clear: both; display: block; margin: 10px 0;\">\n<div style=\"clear: both; display: block; margin: 10px 0;\">\n<div  style=\"max-width:1689px;max-height:2560px\">\n<div style=\"clear: both; display: block; margin: 10px 0;\">\n<div style=\"clear: both; width: 100%; display: block; margin: 20px 0; padding: 0; float: none; position: static; text-align: center;\"><img decoding=\"async\"  src=\"https:\/\/a.allegroimg.com\/original\/1175e2\/89825f9d495bb3196ab1251e3811\/2x-Opony-letnie-315-30R20-104Y-XL-Pilot-Sport-4-S-MICHELIN-Liczba-opon-w-ofercie-2-szt\" srcset=\"https:\/\/a.allegroimg.com\/original\/1175e2\/89825f9d495bb3196ab1251e3811\/2x-Opony-letnie-315-30R20-104Y-XL-Pilot-Sport-4-S-MICHELIN-Liczba-opon-w-ofercie-2-szt 237w,https:\/\/a.allegroimg.com\/original\/1175e2\/89825f9d495bb3196ab1251e3811\/2x-Opony-letnie-315-30R20-104Y-XL-Pilot-Sport-4-S-MICHELIN-Liczba-opon-w-ofercie-2-szt 475w,https:\/\/a.allegroimg.com\/original\/1175e2\/89825f9d495bb3196ab1251e3811\/2x-Opony-letnie-315-30R20-104Y-XL-Pilot-Sport-4-S-MICHELIN-Liczba-opon-w-ofercie-2-szt 675w,https:\/\/a.allegroimg.com\/original\/1175e2\/89825f9d495bb3196ab1251e3811\/2x-Opony-letnie-315-30R20-104Y-XL-Pilot-Sport-4-S-MICHELIN-Liczba-opon-w-ofercie-2-szt 950w,https:\/\/a.allegroimg.com\/original\/1175e2\/89825f9d495bb3196ab1251e3811\/2x-Opony-letnie-315-30R20-104Y-XL-Pilot-Sport-4-S-MICHELIN-Liczba-opon-w-ofercie-2-szt 1689w\" sizes=\"(min-width: 1200px) 560px, (min-width: 992px) 50vw, 100vw\" width=\"1689px\" alt=\"2x Opony letnie 315\/30R20 104Y XL Pilot Sport 4 S MICHELIN Liczba opon w ofercie 2 szt.\" style=\"max-width: 100%; height: auto; display: block; margin: 0 auto;\"><\/div>\n<\/div>\n<\/div>\n<\/div>\n<\/div>\n<div style=\"clear: both; display: block; margin: 10px 0;\">\n<div style=\"clear: both; display: block; margin: 10px 0;\">\n<h1>MICHELIN Pilot Sport 4 S 315\/30R20<\/h1>\n<h3 style=\"color: #2c5aa0; font-size: 18px; margin: 30px 0 15px 0; font-weight: bold; clear: both; display: block; width: 100%; float: none; position: static;\">Dane podstawowe<\/h3>\n<p style=\"margin: 15px 0; line-height: 1.8; clear: both; display: block; width: 100%; float: none; position: static;\"><b>Stan:<\/b> Opony fabrycznie nowe<\/p>\n<p style=\"margin: 15px 0; line-height: 1.8; clear: both; display: block; width: 100%; float: none; position: static;\"><b>Producent:<\/b> MICHELIN<\/p>\n<p style=\"margin: 15px 0; line-height: 1.8; clear: both; display: block; width: 100%; float: none; position: static;\"><b>Model:<\/b> Pilot Sport 4 S<\/p>\n<p style=\"margin: 15px 0; line-height: 1.8; clear: both; display: block; width: 100%; float: none; position: static;\"><b>Klasa opon:<\/b> Premium<\/p>\n<p style=\"margin: 15px 0; line-height: 1.8; clear: both; display: block; width: 100%; float: none; position: static;\"><b>Sezon:<\/b> Opony letnie<\/p>\n<p style=\"margin: 15px 0; line-height: 1.8; clear: both; display: block; width: 100%; float: none; position: static;\"><b>Szeroko\u015b\u0107:<\/b> 315<\/p>\n<p style=\"margin: 15px 0; line-height: 1.8; clear: both; display: block; width: 100%; float: none; position: static;\"><b>Profil:<\/b> 30<\/p>\n<p style=\"margin: 15px 0; line-height: 1.8; clear: both; display: block; width: 100%; float: none; position: static;\"><b>\u015arednica:<\/b> 20<\/p>\n<p style=\"margin: 15px 0; line-height: 1.8; clear: both; display: block; width: 100%; float: none; position: static;\"><b>Indeks pr\u0119dko\u015bci:<\/b> Y &#8211; do 300 km\/h<\/p>\n<p style=\"margin: 15px 0; line-height: 1.8; clear: both; display: block; width: 100%; float: none; position: static;\"><b>Indeks no\u015bno\u015bci:<\/b> 104 &#8211; 900 kg na opon\u0119<\/p>\n<p style=\"margin: 15px 0; line-height: 1.8; clear: both; display: block; width: 100%; float: none; position: static;\"><b>Rok produkcji:<\/b> Bie\u017c\u0105ca produkcja (nie starsze ni\u017c 2024)<\/p>\n<h3 style=\"color: #2c5aa0; font-size: 18px; margin: 30px 0 15px 0; font-weight: bold; clear: both; display: block; width: 100%; float: none; position: static;\">Z uwagi na spos\u00f3b dystrybucji nie ma mo\u017cliwo\u015bci sprawdzenia dok\u0142adnej daty produkcji przed wysy\u0142k\u0105. Gwarantujemy, \u017ce opony z powy\u017cszej oferty pochodz\u0105 z rocznik\u00f3w 2024\u20132025.<\/h3>\n<\/div>\n<\/div>\n<\/div>\n<div style=\"clear: both; display: block; margin: 10px 0;\">\n<div style=\"clear: both; display: block; margin: 10px 0;\">\n<div style=\"clear: both; display: block; margin: 10px 0;\">\n<div  style=\"max-width:2560px;max-height:2560px\">\n<div style=\"clear: both; display: block; margin: 10px 0;\">\n<div style=\"clear: both; width: 100%; display: block; margin: 20px 0; padding: 0; float: none; position: static; text-align: center;\"><img decoding=\"async\"  src=\"https:\/\/a.allegroimg.com\/original\/1158bc\/2ca34786430bb4fec3595b1f16af\/2x-Opony-letnie-315-30R20-104Y-XL-Pilot-Sport-4-S-MICHELIN-Rok-produkcji-2024\" srcset=\"https:\/\/a.allegroimg.com\/original\/1158bc\/2ca34786430bb4fec3595b1f16af\/2x-Opony-letnie-315-30R20-104Y-XL-Pilot-Sport-4-S-MICHELIN-Rok-produkcji-2024 360w,https:\/\/a.allegroimg.com\/original\/1158bc\/2ca34786430bb4fec3595b1f16af\/2x-Opony-letnie-315-30R20-104Y-XL-Pilot-Sport-4-S-MICHELIN-Rok-produkcji-2024 720w,https:\/\/a.allegroimg.com\/original\/1158bc\/2ca34786430bb4fec3595b1f16af\/2x-Opony-letnie-315-30R20-104Y-XL-Pilot-Sport-4-S-MICHELIN-Rok-produkcji-2024 1024w,https:\/\/a.allegroimg.com\/original\/1158bc\/2ca34786430bb4fec3595b1f16af\/2x-Opony-letnie-315-30R20-104Y-XL-Pilot-Sport-4-S-MICHELIN-Rok-produkcji-2024 1440w,https:\/\/a.allegroimg.com\/original\/1158bc\/2ca34786430bb4fec3595b1f16af\/2x-Opony-letnie-315-30R20-104Y-XL-Pilot-Sport-4-S-MICHELIN-Rok-produkcji-2024 2560w\" sizes=\"(min-width: 1200px) 560px, (min-width: 992px) 50vw, 100vw\" width=\"2560px\" alt=\"2x Opony letnie 315\/30R20 104Y XL Pilot Sport 4 S MICHELIN Rok produkcji 2024\" style=\"max-width: 100%; height: auto; display: block; margin: 0 auto;\"><\/div>\n<\/div>\n<\/div>\n<\/div>\n<\/div>\n<div style=\"clear: both; display: block; margin: 10px 0;\">\n<div style=\"clear: both; display: block; margin: 10px 0;\">\n<h3 style=\"color: #2c5aa0; font-size: 18px; margin: 30px 0 15px 0; font-weight: bold; clear: both; display: block; width: 100%; float: none; position: static;\">Informacje szczeg\u00f3\u0142owe<\/h3>\n<p style=\"margin: 15px 0; line-height: 1.8; clear: both; display: block; width: 100%; float: none; position: static;\"><b>Op\u00f3r toczenia: <\/b>Klasa D<\/p>\n<p style=\"margin: 15px 0; line-height: 1.8; clear: both; display: block; width: 100%; float: none; position: static;\"><b>Przyczepno\u015b\u0107 na mokrej nawierzchni: <\/b>Klasa B<\/p>\n<p style=\"margin: 15px 0; line-height: 1.8; clear: both; display: block; width: 100%; float: none; position: static;\"><b>Poziom ha\u0142asu zewn\u0119trznego: <\/b>Klasa B<\/p>\n<p style=\"margin: 15px 0; line-height: 1.8; clear: both; display: block; width: 100%; float: none; position: static;\"><b>Ha\u0142as zewn\u0119trzny: <\/b>73 dB<\/p>\n<p style=\"margin: 15px 0; line-height: 1.8; clear: both; display: block; width: 100%; float: none; position: static;\"><b>Opona o podwy\u017cszonym wska\u017aniku no\u015bno\u015bci: <\/b>XL<\/p>\n<p style=\"margin: 15px 0; line-height: 1.8; clear: both; display: block; width: 100%; float: none; position: static;\"><b>Przeznaczenie: <\/b>Opona do samochod\u00f3w osobowych<\/p>\n<p style=\"margin: 15px 0; line-height: 1.8; clear: both; display: block; width: 100%; float: none; position: static;\"><b>Kod producenta: <\/b>401516<\/p>\n<p style=\"margin: 15px 0; line-height: 1.8; clear: both; display: block; width: 100%; float: none; position: static;\"><b>Kod QR: <\/b>eprel.ec.europa.eu\/qr\/410232<\/p>\n<p style=\"margin: 15px 0; line-height: 1.8; clear: both; display: block; width: 100%; float: none; position: static;\"><b>Waga opony: <\/b>16 kg<\/p>\n<\/div>\n<\/div>\n<\/div>\n<div style=\"clear: both; display: block; margin: 10px 0;\">\n<div style=\"clear: both; display: block; margin: 10px 0;\">\n<div style=\"clear: both; display: block; margin: 10px 0;\">\n<p style=\"margin: 15px 0; line-height: 1.8; clear: both; display: block; width: 100%; float: none; position: static;\">*Zdj\u0119cia przedstawione w ofercie maj\u0105 <b>charakter pogl\u0105dowy<\/b>. Rzeczywisty wygl\u0105d mo\u017ce r\u00f3\u017cni\u0107 si\u0119 od prezentowanego w zale\u017cno\u015bci od rozmiaru produktu.<\/p>\n<\/div>\n<\/div>\n<\/div>\n<div style=\"clear: both; display: block; margin: 10px 0;\">\n<div style=\"clear: both; display: block; margin: 10px 0;\">\n<div style=\"clear: both; display: block; margin: 10px 0;\">\n<h1>Michelin Pilot Sport 4<\/h1>\n<h2>OD MY\u015aLI DO NATYCHMIASTOWEJ REAKCJI NA DRODZE.<\/h2>\n<h3 style=\"color: #2c5aa0; font-size: 18px; margin: 30px 0 15px 0; font-weight: bold; clear: both; display: block; width: 100%; float: none; position: static;\">Wspania\u0142a sterowno\u015b\u0107 i wysoka reakcyjno\u015b\u0107<\/h3>\n<ul style=\"margin: 15px 0; padding-left: 20px; clear: both; display: block; width: 100%; float: none; position: static;\">\n<li style=\"margin: 5px 0; padding: 2px 0; clear: both; display: list-item; float: none; position: static;\">Technologia &#8222;dynamic response&#8221; to aramidowo-nylonowe opasanie zapewniaj\u0105ce precyzyjne przenoszenie reakcji kierowcy na drog\u0119<\/li>\n<li style=\"margin: 5px 0; padding: 2px 0; clear: both; display: list-item; float: none; position: static;\">Ultra-reakcyjny wz\u00f3r bie\u017cnika nieustannie dostosowuje si\u0119 do drogi, optymalizuj\u0105c powierzchni\u0119 styku z nawierzchni\u0105<\/li>\n<\/ul>\n<h3 style=\"color: #2c5aa0; font-size: 18px; margin: 30px 0 15px 0; font-weight: bold; clear: both; display: block; width: 100%; float: none; position: static;\">Wysoki poziom bezpiecze\u0144stwa na mokrej nawierzchni<\/h3>\n<ul style=\"margin: 15px 0; padding-left: 20px; clear: both; display: block; width: 100%; float: none; position: static;\">\n<li style=\"margin: 5px 0; padding: 2px 0; clear: both; display: list-item; float: none; position: static;\">Doskona\u0142a przyczepno\u015b\u0107 i hamowanie dzi\u0119ki nowej mieszance gumy z udzia\u0142em elastomer\u00f3w funkcjonalnych i krzemionki<\/li>\n<li style=\"margin: 5px 0; padding: 2px 0; clear: both; display: list-item; float: none; position: static;\">Szerokie i g\u0142\u0119bokie kana\u0142y wzd\u0142u\u017cne optymalnie odprowadzaj\u0105 wod\u0119<\/li>\n<\/ul>\n<h3 style=\"color: #2c5aa0; font-size: 18px; margin: 30px 0 15px 0; font-weight: bold; clear: both; display: block; width: 100%; float: none; position: static;\">Opona opracowana we wsp\u00f3\u0142pracy z konstruktorami presti\u017cowych marek i na podstawie do\u015bwiadcze\u0144 ze sport\u00f3w motorowych<\/h3>\n<ul style=\"margin: 15px 0; padding-left: 20px; clear: both; display: block; width: 100%; float: none; position: static;\">\n<li style=\"margin: 5px 0; padding: 2px 0; clear: both; display: list-item; float: none; position: static;\">Gama opon opracowana wsp\u00f3lnie z najbardziej wymagaj\u0105cymi producentami samochod\u00f3w<\/li>\n<li style=\"margin: 5px 0; padding: 2px 0; clear: both; display: list-item; float: none; position: static;\">Rze\u017aba bie\u017cnika zaprojektowana na podstawie do\u015bwiadcze\u0144 zdobytych podczas Formu\u0142y E, WRC&#8230;<\/li>\n<\/ul>\n<\/div>\n<\/div>\n<\/div>\n<div style=\"clear: both; display: block; margin: 10px 0;\">\n<div style=\"clear: both; display: block; margin: 10px 0;\">\n<div style=\"clear: both; display: block; margin: 10px 0;\">\n<div  style=\"max-width:1000px;max-height:300px\">\n<div style=\"clear: both; display: block; margin: 10px 0;\">\n<div style=\"clear: both; width: 100%; display: block; margin: 20px 0; padding: 0; float: none; position: static; text-align: center;\"><img decoding=\"async\"  src=\"https:\/\/a.allegroimg.com\/original\/11149a\/f2fee99c43eda90820e83be2abf2\/2x-Opony-letnie-315-30R20-104Y-XL-Pilot-Sport-4-S-MICHELIN-Kod-producenta-401516\" srcset=\"https:\/\/a.allegroimg.com\/original\/11149a\/f2fee99c43eda90820e83be2abf2\/2x-Opony-letnie-315-30R20-104Y-XL-Pilot-Sport-4-S-MICHELIN-Kod-producenta-401516 360w,https:\/\/a.allegroimg.com\/original\/11149a\/f2fee99c43eda90820e83be2abf2\/2x-Opony-letnie-315-30R20-104Y-XL-Pilot-Sport-4-S-MICHELIN-Kod-producenta-401516 720w,https:\/\/a.allegroimg.com\/original\/11149a\/f2fee99c43eda90820e83be2abf2\/2x-Opony-letnie-315-30R20-104Y-XL-Pilot-Sport-4-S-MICHELIN-Kod-producenta-401516 1000w,https:\/\/a.allegroimg.com\/original\/11149a\/f2fee99c43eda90820e83be2abf2\/2x-Opony-letnie-315-30R20-104Y-XL-Pilot-Sport-4-S-MICHELIN-Kod-producenta-401516 1000w\" sizes=\"100vw\" width=\"1000px\" alt=\"2x Opony letnie 315\/30R20 104Y XL Pilot Sport 4 S MICHELIN Kod producenta 401516\" style=\"max-width: 100%; height: auto; display: block; margin: 0 auto;\"><\/div>\n<\/div>\n<\/div>\n<\/div>\n<\/div>\n<\/div>\n<div style=\"clear: both; display: block; margin: 10px 0;\">\n<div style=\"clear: both; display: block; margin: 10px 0;\">\n<div style=\"clear: both; display: block; margin: 10px 0;\">\n<h1>Michelin \u2013 \u015bwiatowy lider w produkcji opon<\/h1>\n<p style=\"margin: 15px 0; line-height: 1.8; clear: both; display: block; width: 100%; float: none; position: static;\">Michelin to jeden z najbardziej cenionych producent\u00f3w opon na \u015bwiecie, obecny na rynku od ponad 130 lat. Marka s\u0142ynie z niezawodno\u015bci, wysokiej jako\u015bci wykonania oraz nieustannego d\u0105\u017cenia do innowacji.<\/p>\n<p style=\"margin: 15px 0; line-height: 1.8; clear: both; display: block; width: 100%; float: none; position: static;\">Opony Michelin zapewniaj\u0105 <b>doskona\u0142\u0105 przyczepno\u015b\u0107, komfort jazdy i bezpiecze\u0144stwo<\/b> &#8211; zar\u00f3wno na co dzie\u0144, jak i w najbardziej wymagaj\u0105cych warunkach. Produkty tej marki wybierane s\u0105 przez miliony kierowc\u00f3w na ca\u0142ym \u015bwiecie, co potwierdza ich presti\u017c i zaufanie.<\/p>\n<\/div>\n<\/div>\n<\/div>\n<div style=\"clear: both; display: block; margin: 10px 0;\">\n<div style=\"clear: both; display: block; margin: 10px 0;\">\n<div style=\"clear: both; display: block; margin: 10px 0;\">\n<div  style=\"max-width:886px;max-height:1299px\">\n<div style=\"clear: both; display: block; margin: 10px 0;\">\n<div style=\"clear: both; width: 100%; display: block; margin: 20px 0; padding: 0; float: none; position: static; text-align: center;\"><img decoding=\"async\"  src=\"https:\/\/a.allegroimg.com\/original\/110063\/ad9e38bd4001b141243797e34efc\/2x-Opony-letnie-315-30R20-104Y-XL-Pilot-Sport-4-S-MICHELIN-Szerokosc-opony-315-mm\" srcset=\"https:\/\/a.allegroimg.com\/original\/110063\/ad9e38bd4001b141243797e34efc\/2x-Opony-letnie-315-30R20-104Y-XL-Pilot-Sport-4-S-MICHELIN-Szerokosc-opony-315-mm 245w,https:\/\/a.allegroimg.com\/original\/110063\/ad9e38bd4001b141243797e34efc\/2x-Opony-letnie-315-30R20-104Y-XL-Pilot-Sport-4-S-MICHELIN-Szerokosc-opony-315-mm 491w,https:\/\/a.allegroimg.com\/original\/110063\/ad9e38bd4001b141243797e34efc\/2x-Opony-letnie-315-30R20-104Y-XL-Pilot-Sport-4-S-MICHELIN-Szerokosc-opony-315-mm 698w,https:\/\/a.allegroimg.com\/original\/110063\/ad9e38bd4001b141243797e34efc\/2x-Opony-letnie-315-30R20-104Y-XL-Pilot-Sport-4-S-MICHELIN-Szerokosc-opony-315-mm 886w,https:\/\/a.allegroimg.com\/original\/110063\/ad9e38bd4001b141243797e34efc\/2x-Opony-letnie-315-30R20-104Y-XL-Pilot-Sport-4-S-MICHELIN-Szerokosc-opony-315-mm 886w\" sizes=\"(min-width: 1200px) 560px, (min-width: 992px) 50vw, 100vw\" width=\"886px\" alt=\"2x Opony letnie 315\/30R20 104Y XL Pilot Sport 4 S MICHELIN Szeroko\u015b\u0107 opony 315 mm\" style=\"max-width: 100%; height: auto; display: block; margin: 0 auto;\"><\/div>\n<\/div>\n<\/div>\n<\/div>\n<\/div>\n<div style=\"clear: both; display: block; margin: 10px 0;\">\n<div style=\"clear: both; display: block; margin: 10px 0;\">\n<p style=\"margin: 15px 0; line-height: 1.8; clear: both; display: block; width: 100%; float: none; position: static;\"><b>Etykiety Unijne na oponach<\/b> pomagaj\u0105 konsumentom w podj\u0119ciu \u015bwiadomej decyzji o zakupie.<\/p>\n<p style=\"margin: 15px 0; line-height: 1.8; clear: both; display: block; width: 100%; float: none; position: static;\"><b>Op\u00f3r toczenia<\/b> w oponie jest wska\u017anikiem jej efektywno\u015bci energetycznej, co ma wp\u0142yw na zu\u017cycie paliwa oraz emisj\u0119 spalin. Klasa oporu toczenia waha si\u0119 od A (najwydajniejsza) do E (najni\u017csza).<\/p>\n<p style=\"margin: 15px 0; line-height: 1.8; clear: both; display: block; width: 100%; float: none; position: static;\"><b>Droga hamowania na mokrej nawierzchni<\/b> zale\u017cy od zdolno\u015bci opony do trzymania si\u0119 drogi na mokrej nawierzchni. Klasa A okre\u015bla najkr\u00f3tsz\u0105 drog\u0119, za\u015b E najd\u0142u\u017csz\u0105. Opona z etykiet\u0105 E hamuje 18 metr\u00f3w dalej w por\u00f3wnaniu z opon\u0105 z etykiet\u0105 A (procedura testowa, w kt\u00f3rej mierzy si\u0119 drog\u0119 hamowania od 80 km\/h do 5 km\/h na drodze pokrytej wod\u0105).<\/p>\n<p style=\"margin: 15px 0; line-height: 1.8; clear: both; display: block; width: 100%; float: none; position: static;\"><b>Ha\u0142as zewn\u0119trzny<\/b> odnosi si\u0119 do ha\u0142asu wytwarzanego przez opon\u0119 podczas przejazdu samochodu i jest mierzony w dB (decybelach). Ha\u0142as opon mierzony jest na zewn\u0105trz pojazdu co ma za zadanie ograniczy\u0107 negatywny wp\u0142yw na otoczenie.<\/p>\n<\/div>\n<\/div>\n<\/div>\n<\/div>\n<\/div>\n<\/div>\n<div style=\"clear: both; display: block; margin: 10px 0;\">\n","protected":false},"excerpt":{"rendered":"<p>2x Opony letnie 315\/30R20 104Y XL Pilot Sport 4 S MICHELIN<\/p>\n<p>MICHELIN Pilot Sport 4 S 315\/30R20<\/p>\n<p>Dane podstawowe<\/p>\n<p>Stan: Opony fabrycznie nowe<\/p>\n<p>Producent: MICHELIN<\/p>\n<p>Model: Pilot Sport 4 S<\/p>\n<p>Klasa opon: Premium<\/p>\n<p>Sezon: Opony letnie<\/p>\n","protected":false},"featured_media":16858,"template":"","meta":{"_uag_custom_page_level_css":""},"product_brand":[429],"product_cat":[414,418,413,412],"product_tag":[],"class_list":{"0":"post-16857","1":"product","2":"type-product","3":"status-publish","4":"has-post-thumbnail","6":"product_brand-michelin","7":"product_cat-do-samochodow-osobowych-i-suv","8":"product_cat-letnie","9":"product_cat-opony","10":"product_cat-opony-i-felgi","12":"first","13":"instock","14":"shipping-taxable","15":"purchasable","16":"product-type-simple"},"uagb_featured_image_src":{"full":["https:\/\/oponixo.shop\/tire\/wp-content\/uploads\/2026\/01\/allegro-image-16857.jpg",2560,2560,false],"thumbnail":["https:\/\/oponixo.shop\/tire\/wp-content\/uploads\/2026\/01\/allegro-image-16857-150x150.jpg",150,150,true],"medium":["https:\/\/oponixo.shop\/tire\/wp-content\/uploads\/2026\/01\/allegro-image-16857-300x300.jpg",300,300,true],"medium_large":["https:\/\/oponixo.shop\/tire\/wp-content\/uploads\/2026\/01\/allegro-image-16857-768x768.jpg",768,768,true],"large":["https:\/\/oponixo.shop\/tire\/wp-content\/uploads\/2026\/01\/allegro-image-16857-1024x1024.jpg",1024,1024,true],"1536x1536":["https:\/\/oponixo.shop\/tire\/wp-content\/uploads\/2026\/01\/allegro-image-16857-1536x1536.jpg",1536,1536,true],"2048x2048":["https:\/\/oponixo.shop\/tire\/wp-content\/uploads\/2026\/01\/allegro-image-16857-2048x2048.jpg",2048,2048,true],"woocommerce_thumbnail":["https:\/\/oponixo.shop\/tire\/wp-content\/uploads\/2026\/01\/allegro-image-16857-300x300.jpg",300,300,true],"woocommerce_single":["https:\/\/oponixo.shop\/tire\/wp-content\/uploads\/2026\/01\/allegro-image-16857-600x600.jpg",600,600,true],"woocommerce_gallery_thumbnail":["https:\/\/oponixo.shop\/tire\/wp-content\/uploads\/2026\/01\/allegro-image-16857-100x100.jpg",100,100,true]},"uagb_author_info":{"display_name":"admin","author_link":"https:\/\/oponixo.shop\/tire\/author\/"},"uagb_comment_info":0,"uagb_excerpt":"2x Opony letnie 315\/30R20 104Y XL Pilot Sport 4 S MICHELIN MICHELIN Pilot Sport 4 S 315\/30R20 Dane podstawowe Stan: Opony fabrycznie nowe Producent: MICHELIN Model: Pilot Sport 4 S Klasa opon: Premium Sezon: Opony letnie","_links":{"self":[{"href":"https:\/\/oponixo.shop\/tire\/wp-json\/wp\/v2\/product\/16857","targetHints":{"allow":["GET"]}}],"collection":[{"href":"https:\/\/oponixo.shop\/tire\/wp-json\/wp\/v2\/product"}],"about":[{"href":"https:\/\/oponixo.shop\/tire\/wp-json\/wp\/v2\/types\/product"}],"wp:featuredmedia":[{"embeddable":true,"href":"https:\/\/oponixo.shop\/tire\/wp-json\/wp\/v2\/media\/16858"}],"wp:attachment":[{"href":"https:\/\/oponixo.shop\/tire\/wp-json\/wp\/v2\/media?parent=16857"}],"wp:term":[{"taxonomy":"product_brand","embeddable":true,"href":"https:\/\/oponixo.shop\/tire\/wp-json\/wp\/v2\/product_brand?post=16857"},{"taxonomy":"product_cat","embeddable":true,"href":"https:\/\/oponixo.shop\/tire\/wp-json\/wp\/v2\/product_cat?post=16857"},{"taxonomy":"product_tag","embeddable":true,"href":"https:\/\/oponixo.shop\/tire\/wp-json\/wp\/v2\/product_tag?post=16857"}],"curies":[{"name":"wp","href":"https:\/\/api.w.org\/{rel}","templated":true}]}}