{"id":16889,"date":"2026-01-17T15:49:13","date_gmt":"2026-01-17T14:49:13","guid":{"rendered":"https:\/\/oponyonline.shop\/xef5\/produkt\/2x-opony-letnie-bfgoodrich-mud-terrain-t-a-km3-285-75r16-116q\/"},"modified":"2026-01-17T15:49:14","modified_gmt":"2026-01-17T14:49:14","slug":"2x-opony-letnie-bfgoodrich-mud-terrain-t-a-km3-285-75r16-116q","status":"publish","type":"product","link":"https:\/\/oponixo.shop\/tire\/produkt\/2x-opony-letnie-bfgoodrich-mud-terrain-t-a-km3-285-75r16-116q\/","title":{"rendered":"2x opony letnie BFGoodrich Mud Terrain T\/A KM3 285\/75R16 116Q"},"content":{"rendered":"<div style=\"font-family: Arial, sans-serif; line-height: 1.6; color: #333; padding: 20px; clear: both; display: block; width: 100%; float: none; position: static; overflow: hidden;\">\n<div style=\"clear: both; display: block; margin: 10px 0;\">\n<div style=\"clear: both; display: block; margin: 10px 0;\">\n<div style=\"clear: both; display: block; margin: 10px 0;\">\n<div  style=\"max-width:500px;max-height:82px\">\n<div style=\"clear: both; display: block; margin: 10px 0;\">\n<div style=\"clear: both; width: 100%; display: block; margin: 20px 0; padding: 0; float: none; position: static; text-align: center;\"><img decoding=\"async\"  src=\"https:\/\/a.allegroimg.com\/original\/1149a8\/3e98e3d3478381968029f201bfff\/2x-opony-letnie-BFGoodrich-Mud-Terrain-T-A-KM3-285-75R16-116Q-Liczba-opon-w-ofercie-2-szt\" srcset=\"https:\/\/a.allegroimg.com\/original\/1149a8\/3e98e3d3478381968029f201bfff\/2x-opony-letnie-BFGoodrich-Mud-Terrain-T-A-KM3-285-75R16-116Q-Liczba-opon-w-ofercie-2-szt 360w,https:\/\/a.allegroimg.com\/original\/1149a8\/3e98e3d3478381968029f201bfff\/2x-opony-letnie-BFGoodrich-Mud-Terrain-T-A-KM3-285-75R16-116Q-Liczba-opon-w-ofercie-2-szt 500w,https:\/\/a.allegroimg.com\/original\/1149a8\/3e98e3d3478381968029f201bfff\/2x-opony-letnie-BFGoodrich-Mud-Terrain-T-A-KM3-285-75R16-116Q-Liczba-opon-w-ofercie-2-szt 500w\" sizes=\"100vw\" width=\"500px\" alt=\"2x opony letnie BFGoodrich Mud Terrain T\/A KM3 285\/75R16 116Q Liczba opon w ofercie 2 szt.\" style=\"max-width: 100%; height: auto; display: block; margin: 0 auto;\"><\/div>\n<\/div>\n<\/div>\n<\/div>\n<\/div>\n<\/div>\n<div style=\"clear: both; display: block; margin: 10px 0;\">\n<div style=\"clear: both; display: block; margin: 10px 0;\">\n<div style=\"clear: both; display: block; margin: 10px 0;\">\n<h1>zestaw 2 sztuk nowych opon letnich<\/h1>\n<h1>BFGoodrich Mud Terrain T\/A KM3 285\/75R16 116Q POR<\/h1>\n<p style=\"margin: 15px 0; line-height: 1.8; clear: both; display: block; width: 100%; float: none; position: static;\">\n<\/div>\n<\/div>\n<\/div>\n<div style=\"clear: both; display: block; margin: 10px 0;\">\n<div style=\"clear: both; display: block; margin: 10px 0;\">\n<div style=\"clear: both; display: block; margin: 10px 0;\">\n<div  style=\"max-width:499px;max-height:805px\">\n<div style=\"clear: both; display: block; margin: 10px 0;\">\n<div style=\"clear: both; width: 100%; display: block; margin: 20px 0; padding: 0; float: none; position: static; text-align: center;\"><img decoding=\"async\"  src=\"https:\/\/a.allegroimg.com\/original\/112311\/7e4136924533965b3a5ee8b7072c\/2x-opony-letnie-BFGoodrich-Mud-Terrain-T-A-KM3-285-75R16-116Q\" srcset=\"https:\/\/a.allegroimg.com\/original\/112311\/7e4136924533965b3a5ee8b7072c\/2x-opony-letnie-BFGoodrich-Mud-Terrain-T-A-KM3-285-75R16-116Q 223w,https:\/\/a.allegroimg.com\/original\/112311\/7e4136924533965b3a5ee8b7072c\/2x-opony-letnie-BFGoodrich-Mud-Terrain-T-A-KM3-285-75R16-116Q 446w,https:\/\/a.allegroimg.com\/original\/112311\/7e4136924533965b3a5ee8b7072c\/2x-opony-letnie-BFGoodrich-Mud-Terrain-T-A-KM3-285-75R16-116Q 499w,https:\/\/a.allegroimg.com\/original\/112311\/7e4136924533965b3a5ee8b7072c\/2x-opony-letnie-BFGoodrich-Mud-Terrain-T-A-KM3-285-75R16-116Q 499w\" sizes=\"(min-width: 1200px) 560px, (min-width: 992px) 50vw, 100vw\" width=\"499px\" alt=\"2x opony letnie BFGoodrich Mud Terrain T\/A KM3 285\/75R16 116Q\" style=\"max-width: 100%; height: auto; display: block; margin: 0 auto;\"><\/div>\n<\/div>\n<\/div>\n<\/div>\n<\/div>\n<div style=\"clear: both; display: block; margin: 10px 0;\">\n<div style=\"clear: both; display: block; margin: 10px 0;\">\n<p style=\"margin: 15px 0; line-height: 1.8; clear: both; display: block; width: 100%; float: none; position: static;\"><b>BFGoodrich Mud Terrain T\/A KM3<\/b> to opony <b>letnie<\/b> przeznaczone do samochod\u00f3w <b>terenowych 4&#215;4<\/b>. Oryginalny produkt klasy <b>standard<\/b> uznanej marki <b>BFGoodrich<\/b>. Doskona\u0142a jako\u015b\u0107 w akceptowalnej cenie. Bie\u017cnik typu MT (mud-terrain), profesjonalne opony terenowe. Przeznaczone g\u0142ownie do u\u017cytkowania typu off-road.<\/p>\n<ul style=\"margin: 15px 0; padding-left: 20px; clear: both; display: block; width: 100%; float: none; position: static;\">\n<li style=\"margin: 5px 0; padding: 2px 0; clear: both; display: list-item; float: none; position: static;\">rok produkcji: nie starsze ni\u017c <b>2022<\/b><\/li>\n<li style=\"margin: 5px 0; padding: 2px 0; clear: both; display: list-item; float: none; position: static;\">opony <b>nowe<\/b>, oryginalne, z gwarancj\u0105<\/li>\n<li style=\"margin: 5px 0; padding: 2px 0; clear: both; display: list-item; float: none; position: static;\">produkowane w <b>Europie<\/b><\/li>\n<li style=\"margin: 5px 0; padding: 2px 0; clear: both; display: list-item; float: none; position: static;\">opony marki <b>BFGoodrich<\/b> produkowane s\u0105 przez firm\u0119 <b>Michelin<\/b><\/li>\n<li style=\"margin: 5px 0; padding: 2px 0; clear: both; display: list-item; float: none; position: static;\">POR &#8211; opona terenowa do u\u017cytku profesjonalnego<\/li>\n<li style=\"margin: 5px 0; padding: 2px 0; clear: both; display: list-item; float: none; position: static;\">doskona\u0142a przyczepno\u015b\u0107 w ka\u017cdym terenie<\/li>\n<li style=\"margin: 5px 0; padding: 2px 0; clear: both; display: list-item; float: none; position: static;\">konstrukcja odporna na uszkodzenia<\/li>\n<li style=\"margin: 5px 0; padding: 2px 0; clear: both; display: list-item; float: none; position: static;\">budowa bie\u017cnika sprzyjaj\u0105ca samooczyszczaniu<\/li>\n<li style=\"margin: 5px 0; padding: 2px 0; clear: both; display: list-item; float: none; position: static;\">d\u0142ugie przebiegi<\/li>\n<li style=\"margin: 5px 0; padding: 2px 0; clear: both; display: list-item; float: none; position: static;\">wysoka trwa\u0142o\u015b\u0107<\/li>\n<li style=\"margin: 5px 0; padding: 2px 0; clear: both; display: list-item; float: none; position: static;\">bie\u017cnik zu\u017cywa si\u0119 r\u00f3wnomiernie<\/li>\n<\/ul>\n<\/div>\n<\/div>\n<\/div>\n<\/div>\n<\/div>\n<\/div>\n<div style=\"clear: both; display: block; margin: 10px 0;\">\n","protected":false},"excerpt":{"rendered":"<p>zestaw 2 sztuk nowych opon letnich<\/p>\n<p>BFGoodrich Mud Terrain T\/A KM3 285\/75R16 116Q POR<\/p>\n<p>BFGoodrich Mud Terrain T\/A KM3 to opony letnie przeznaczone do samochod\u00f3w terenowych 4&#215;4. Oryginalny produkt klasy standard uznanej marki BFGoodrich. Doskona\u0142a jako\u015b\u0107 w akceptowalnej cenie. Bie\u017cnik typu MT (mud-terrain), profesjonalne opony terenowe. Przeznaczone g\u0142ownie do u\u017cytkowania typu off-road.<\/p>\n<p>rok produkcji: nie starsze ni\u017c 2022<\/p>\n<p>opony nowe, oryginalne, z gwarancj\u0105<\/p>\n<p>produkowane w Europie<\/p>\n<p>opony marki BFGoodrich produkowane s\u0105 przez firm\u0119 Michelin<\/p>\n<p>POR &#8211; opona terenowa do u\u017cytku profesjonalnego<\/p>\n","protected":false},"featured_media":16890,"template":"","meta":{"_uag_custom_page_level_css":""},"product_brand":[466],"product_cat":[428,418,413,412],"product_tag":[],"class_list":{"0":"post-16889","1":"product","2":"type-product","3":"status-publish","4":"has-post-thumbnail","6":"product_brand-bfgoodrich","7":"product_cat-do-samochodow-terenowych-i-4x4","8":"product_cat-letnie","9":"product_cat-opony","10":"product_cat-opony-i-felgi","12":"first","13":"instock","14":"shipping-taxable","15":"purchasable","16":"product-type-simple"},"uagb_featured_image_src":{"full":["https:\/\/oponixo.shop\/tire\/wp-content\/uploads\/2026\/01\/allegro-image-16889.jpg",499,805,false],"thumbnail":["https:\/\/oponixo.shop\/tire\/wp-content\/uploads\/2026\/01\/allegro-image-16889-150x150.jpg",150,150,true],"medium":["https:\/\/oponixo.shop\/tire\/wp-content\/uploads\/2026\/01\/allegro-image-16889-186x300.jpg",186,300,true],"medium_large":["https:\/\/oponixo.shop\/tire\/wp-content\/uploads\/2026\/01\/allegro-image-16889.jpg",499,805,false],"large":["https:\/\/oponixo.shop\/tire\/wp-content\/uploads\/2026\/01\/allegro-image-16889.jpg",499,805,false],"1536x1536":["https:\/\/oponixo.shop\/tire\/wp-content\/uploads\/2026\/01\/allegro-image-16889.jpg",499,805,false],"2048x2048":["https:\/\/oponixo.shop\/tire\/wp-content\/uploads\/2026\/01\/allegro-image-16889.jpg",499,805,false],"woocommerce_thumbnail":["https:\/\/oponixo.shop\/tire\/wp-content\/uploads\/2026\/01\/allegro-image-16889-300x300.jpg",300,300,true],"woocommerce_single":["https:\/\/oponixo.shop\/tire\/wp-content\/uploads\/2026\/01\/allegro-image-16889.jpg",499,805,false],"woocommerce_gallery_thumbnail":["https:\/\/oponixo.shop\/tire\/wp-content\/uploads\/2026\/01\/allegro-image-16889-100x100.jpg",100,100,true]},"uagb_author_info":{"display_name":"admin","author_link":"https:\/\/oponixo.shop\/tire\/author\/"},"uagb_comment_info":0,"uagb_excerpt":"zestaw 2 sztuk nowych opon letnich BFGoodrich Mud Terrain T\/A KM3 285\/75R16 116Q POR BFGoodrich Mud Terrain T\/A KM3 to opony letnie przeznaczone do samochod\u00f3w terenowych 4x4. Oryginalny produkt klasy standard uznanej marki BFGoodrich. Doskona\u0142a jako\u015b\u0107 w akceptowalnej cenie. Bie\u017cnik typu MT (mud-terrain), profesjonalne opony terenowe. Przeznaczone g\u0142ownie do u\u017cytkowania typu off-road. rok produkcji: nie&hellip;","_links":{"self":[{"href":"https:\/\/oponixo.shop\/tire\/wp-json\/wp\/v2\/product\/16889","targetHints":{"allow":["GET"]}}],"collection":[{"href":"https:\/\/oponixo.shop\/tire\/wp-json\/wp\/v2\/product"}],"about":[{"href":"https:\/\/oponixo.shop\/tire\/wp-json\/wp\/v2\/types\/product"}],"wp:featuredmedia":[{"embeddable":true,"href":"https:\/\/oponixo.shop\/tire\/wp-json\/wp\/v2\/media\/16890"}],"wp:attachment":[{"href":"https:\/\/oponixo.shop\/tire\/wp-json\/wp\/v2\/media?parent=16889"}],"wp:term":[{"taxonomy":"product_brand","embeddable":true,"href":"https:\/\/oponixo.shop\/tire\/wp-json\/wp\/v2\/product_brand?post=16889"},{"taxonomy":"product_cat","embeddable":true,"href":"https:\/\/oponixo.shop\/tire\/wp-json\/wp\/v2\/product_cat?post=16889"},{"taxonomy":"product_tag","embeddable":true,"href":"https:\/\/oponixo.shop\/tire\/wp-json\/wp\/v2\/product_tag?post=16889"}],"curies":[{"name":"wp","href":"https:\/\/api.w.org\/{rel}","templated":true}]}}