{"id":16901,"date":"2026-01-17T15:49:17","date_gmt":"2026-01-17T14:49:17","guid":{"rendered":"https:\/\/oponyonline.shop\/xef5\/produkt\/2x-opona-letnia-roadx-rxmotion-h12-215-60r15-98v-xl\/"},"modified":"2026-01-17T15:49:17","modified_gmt":"2026-01-17T14:49:17","slug":"2x-opona-letnia-roadx-rxmotion-h12-215-60r15-98v-xl","status":"publish","type":"product","link":"https:\/\/oponixo.shop\/tire\/produkt\/2x-opona-letnia-roadx-rxmotion-h12-215-60r15-98v-xl\/","title":{"rendered":"2x Opona letnia RoadX RXMOTION H12 215\/60R15 98V XL"},"content":{"rendered":"<div style=\"font-family: Arial, sans-serif; line-height: 1.6; color: #333; padding: 20px; clear: both; display: block; width: 100%; float: none; position: static; overflow: hidden;\">\n<div style=\"clear: both; display: block; margin: 10px 0;\">\n<div style=\"clear: both; display: block; margin: 10px 0;\">\n<div style=\"clear: both; display: block; margin: 10px 0;\">\n<h3 style=\"color: #2c5aa0; font-size: 18px; margin: 30px 0 15px 0; font-weight: bold; clear: both; display: block; width: 100%; float: none; position: static;\">2x Opona letnia RoadX RXMOTION H12 215\/60R15 98V XL<\/h3>\n<\/div>\n<\/div>\n<\/div>\n<div style=\"clear: both; display: block; margin: 10px 0;\">\n<div style=\"clear: both; display: block; margin: 10px 0;\">\n<div style=\"clear: both; display: block; margin: 10px 0;\">\n<div  style=\"max-width:500px;max-height:500px\">\n<div style=\"clear: both; display: block; margin: 10px 0;\">\n<div style=\"clear: both; width: 100%; display: block; margin: 20px 0; padding: 0; float: none; position: static; text-align: center;\"><img decoding=\"async\"  src=\"https:\/\/a.allegroimg.com\/original\/11356b\/51273ff74b0d8221fa495d77a772\/2x-Opona-letnia-RoadX-RXMOTION-H12-215-60R15-98V-XL\" srcset=\"https:\/\/a.allegroimg.com\/original\/11356b\/51273ff74b0d8221fa495d77a772\/2x-Opona-letnia-RoadX-RXMOTION-H12-215-60R15-98V-XL 360w,https:\/\/a.allegroimg.com\/original\/11356b\/51273ff74b0d8221fa495d77a772\/2x-Opona-letnia-RoadX-RXMOTION-H12-215-60R15-98V-XL 500w,https:\/\/a.allegroimg.com\/original\/11356b\/51273ff74b0d8221fa495d77a772\/2x-Opona-letnia-RoadX-RXMOTION-H12-215-60R15-98V-XL 500w\" sizes=\"(min-width: 1200px) 560px, (min-width: 992px) 50vw, 100vw\" width=\"500px\" alt=\"2x Opona letnia RoadX RXMOTION H12 215\/60R15 98V XL\" style=\"max-width: 100%; height: auto; display: block; margin: 0 auto;\"><\/div>\n<\/div>\n<\/div>\n<\/div>\n<\/div>\n<div style=\"clear: both; display: block; margin: 10px 0;\">\n<div style=\"clear: both; display: block; margin: 10px 0;\">\n<ul style=\"margin: 15px 0; padding-left: 20px; clear: both; display: block; width: 100%; float: none; position: static;\">\n<li style=\"margin: 5px 0; padding: 2px 0; clear: both; display: list-item; float: none; position: static;\">Marka: <b>RoadX<\/b><\/li>\n<li style=\"margin: 5px 0; padding: 2px 0; clear: both; display: list-item; float: none; position: static;\">Marka koncernu: <b>Sailun<\/b><\/li>\n<li style=\"margin: 5px 0; padding: 2px 0; clear: both; display: list-item; float: none; position: static;\">Liczba opon w ofercie: <b>2 szt.<\/b><\/li>\n<li style=\"margin: 5px 0; padding: 2px 0; clear: both; display: list-item; float: none; position: static;\">Sezon: <b>Letnie<\/b><\/li>\n<li style=\"margin: 5px 0; padding: 2px 0; clear: both; display: list-item; float: none; position: static;\">Model: <b>RXMOTION H12<\/b><\/li>\n<li style=\"margin: 5px 0; padding: 2px 0; clear: both; display: list-item; float: none; position: static;\">Szeroko\u015b\u0107: <b>215<\/b><\/li>\n<li style=\"margin: 5px 0; padding: 2px 0; clear: both; display: list-item; float: none; position: static;\">Profil: <b>60<\/b><\/li>\n<li style=\"margin: 5px 0; padding: 2px 0; clear: both; display: list-item; float: none; position: static;\">\u015arednica: <b>15<\/b><\/li>\n<li style=\"margin: 5px 0; padding: 2px 0; clear: both; display: list-item; float: none; position: static;\">Index no\u015bno\u015bci: <b>98<\/b><\/li>\n<li style=\"margin: 5px 0; padding: 2px 0; clear: both; display: list-item; float: none; position: static;\">Index pr\u0119dko\u015bci: <b>V<\/b><\/li>\n<li style=\"margin: 5px 0; padding: 2px 0; clear: both; display: list-item; float: none; position: static;\">Hamowanie na mokrym: <b>C<\/b><\/li>\n<li style=\"margin: 5px 0; padding: 2px 0; clear: both; display: list-item; float: none; position: static;\">Op\u00f3r toczenia: <b>C<\/b><\/li>\n<li style=\"margin: 5px 0; padding: 2px 0; clear: both; display: list-item; float: none; position: static;\">Ha\u0142as zewn\u0119trzny: <b>71dB<\/b><\/li>\n<li style=\"margin: 5px 0; padding: 2px 0; clear: both; display: list-item; float: none; position: static;\">SAP: <b>3220007463<\/b><\/li>\n<li style=\"margin: 5px 0; padding: 2px 0; clear: both; display: list-item; float: none; position: static;\">EAN: <b>6959655449372<\/b><\/li>\n<\/ul>\n<\/div>\n<\/div>\n<\/div>\n<div style=\"clear: both; display: block; margin: 10px 0;\">\n<div style=\"clear: both; display: block; margin: 10px 0;\">\n<div style=\"clear: both; display: block; margin: 10px 0;\">\n<h3 style=\"color: #2c5aa0; font-size: 18px; margin: 30px 0 15px 0; font-weight: bold; clear: both; display: block; width: 100%; float: none; position: static;\">Rok produkcji (DOT): 2025\/2024 &#8211; kupuj\u0105c z tej oferty otrzymasz opony fabrycznie nowe.<\/h3>\n<p style=\"margin: 15px 0; line-height: 1.8; clear: both; display: block; width: 100%; float: none; position: static;\">Specjali\u015bci z Polskiego Zwi\u0105zku Przemys\u0142u Oponiarskiego (PZPO) podkre\u015blaj\u0105, \u017ce nowe opony, przechowywane w odpowiednich warunkach, zachowuj\u0105 pe\u0142n\u0105 warto\u015b\u0107 i nie r\u00f3\u017cni\u0105 si\u0119 jako\u015bciowo od tych pochodz\u0105cych z bie\u017c\u0105cej produkcji. Wynika to z faktu, \u017ce proces starzenia si\u0119 opon nast\u0119puje wy\u0142\u0105cznie podczas ich eksploatacji, a nie w trakcie przechowywania.<\/p>\n<\/div>\n<\/div>\n<\/div>\n<div style=\"clear: both; display: block; margin: 10px 0;\">\n<div style=\"clear: both; display: block; margin: 10px 0;\">\n<div style=\"clear: both; display: block; margin: 10px 0;\">\n<h3 style=\"color: #2c5aa0; font-size: 18px; margin: 30px 0 15px 0; font-weight: bold; clear: both; display: block; width: 100%; float: none; position: static;\">Rok produkcji opony znajdziesz na jej boku, przy oznaczeniu DOT. Cztery ostatnie cyfry m\u00f3wi\u0105, kiedy opona zosta\u0142a wyprodukowana:<\/h3>\n<ul style=\"margin: 15px 0; padding-left: 20px; clear: both; display: block; width: 100%; float: none; position: static;\">\n<li style=\"margin: 5px 0; padding: 2px 0; clear: both; display: list-item; float: none; position: static;\">Pierwsze dwie \u2013 tydzie\u0144 produkcji,<\/li>\n<li style=\"margin: 5px 0; padding: 2px 0; clear: both; display: list-item; float: none; position: static;\">Ostatnie dwie \u2013 rok produkcji.&nbsp;<\/li>\n<\/ul>\n<p style=\"margin: 15px 0; line-height: 1.8; clear: both; display: block; width: 100%; float: none; position: static;\">Przyk\u0142ad: 1924 oznacza, \u017ce opona zosta\u0142a wyprodukowana w 19 tygodniu 2024 roku.<\/p>\n<\/div>\n<\/div>\n<\/div>\n<div style=\"clear: both; display: block; margin: 10px 0;\">\n<div style=\"clear: both; display: block; margin: 10px 0;\">\n<div style=\"clear: both; display: block; margin: 10px 0;\">\n<h3 style=\"color: #2c5aa0; font-size: 18px; margin: 30px 0 15px 0; font-weight: bold; clear: both; display: block; width: 100%; float: none; position: static;\">Przyjemno\u015b\u0107 i pewno\u015b\u0107 prowadzenia.<\/h3>\n<ul style=\"margin: 15px 0; padding-left: 20px; clear: both; display: block; width: 100%; float: none; position: static;\">\n<li style=\"margin: 5px 0; padding: 2px 0; clear: both; display: list-item; float: none; position: static;\">Cienkie paski umieszczone wewn\u0105trz rowk\u00f3w wspomagaj\u0105 lepsze odprowadzanie wody i efektywne ch\u0142odzenie opony.<\/li>\n<li style=\"margin: 5px 0; padding: 2px 0; clear: both; display: list-item; float: none; position: static;\">RXMOTION H12 zapewnia wysok\u0105 stabilno\u015b\u0107 suchych jak i mokrych drogach.<\/li>\n<\/ul>\n<p style=\"margin: 15px 0; line-height: 1.8; clear: both; display: block; width: 100%; float: none; position: static;\"><b>Wysoki poziom bezpiecze\u0144stwa<\/b>Asymetryczny wz\u00f3r bie\u017cnika z trzema g\u0142\u00f3wnymi \u017cebrami i specjalnie zaprojektowanymi blokami zwi\u0119ksza powierzchni\u0119 kontaktu opony z nawierzchni\u0105, co zapewnia doskona\u0142e pokonywanie zakr\u0119t\u00f3w oraz stabilno\u015b\u0107 na suchych drogach.<b>Skuteczno\u015b\u0107 na mokrej nawierzchni<\/b>Cztery g\u0142\u00f3wne rowki w modelu RXMOTION H12 skutecznie odprowadzaj\u0105 wod\u0119, poprawiaj\u0105c przyczepno\u015b\u0107 i prowadzenie na mokrej nawierzch<b>ni.<\/b><\/p>\n<\/div>\n<\/div>\n<\/div>\n<div style=\"clear: both; display: block; margin: 10px 0;\">\n<div style=\"clear: both; display: block; margin: 10px 0;\">\n<div style=\"clear: both; display: block; margin: 10px 0;\">\n<div  style=\"max-width:1080px;max-height:1080px\">\n<div style=\"clear: both; display: block; margin: 10px 0;\">\n<div style=\"clear: both; width: 100%; display: block; margin: 20px 0; padding: 0; float: none; position: static; text-align: center;\"><img decoding=\"async\"  src=\"https:\/\/a.allegroimg.com\/original\/11b6b5\/3de0aba74196a9d1af20799f8e16\/2x-Opona-letnia-RoadX-RXMOTION-H12-215-60R15-98V-XL-Liczba-opon-w-ofercie-2-szt\" srcset=\"https:\/\/a.allegroimg.com\/original\/11b6b5\/3de0aba74196a9d1af20799f8e16\/2x-Opona-letnia-RoadX-RXMOTION-H12-215-60R15-98V-XL-Liczba-opon-w-ofercie-2-szt 360w,https:\/\/a.allegroimg.com\/original\/11b6b5\/3de0aba74196a9d1af20799f8e16\/2x-Opona-letnia-RoadX-RXMOTION-H12-215-60R15-98V-XL-Liczba-opon-w-ofercie-2-szt 720w,https:\/\/a.allegroimg.com\/original\/11b6b5\/3de0aba74196a9d1af20799f8e16\/2x-Opona-letnia-RoadX-RXMOTION-H12-215-60R15-98V-XL-Liczba-opon-w-ofercie-2-szt 1024w,https:\/\/a.allegroimg.com\/original\/11b6b5\/3de0aba74196a9d1af20799f8e16\/2x-Opona-letnia-RoadX-RXMOTION-H12-215-60R15-98V-XL-Liczba-opon-w-ofercie-2-szt 1080w,https:\/\/a.allegroimg.com\/original\/11b6b5\/3de0aba74196a9d1af20799f8e16\/2x-Opona-letnia-RoadX-RXMOTION-H12-215-60R15-98V-XL-Liczba-opon-w-ofercie-2-szt 1080w\" sizes=\"(min-width: 1200px) 560px, (min-width: 992px) 50vw, 100vw\" width=\"1080px\" alt=\"2x Opona letnia RoadX RXMOTION H12 215\/60R15 98V XL Liczba opon w ofercie 2 szt.\" style=\"max-width: 100%; height: auto; display: block; margin: 0 auto;\"><\/div>\n<\/div>\n<\/div>\n<\/div>\n<\/div>\n<div style=\"clear: both; display: block; margin: 10px 0;\">\n<div style=\"clear: both; display: block; margin: 10px 0;\">\n<p style=\"margin: 15px 0; line-height: 1.8; clear: both; display: block; width: 100%; float: none; position: static;\">Je\u015bli szukasz niezawodnych i nowoczesnych opon w \u015bwietnej cenie \u2013 <b>RoadX<\/b> to wyb\u00f3r dla Ciebie! Zapewniaj\u0105 pewn\u0105 przyczepno\u015b\u0107 w ka\u017cdych warunkach, wysoki komfort jazdy i d\u0142ug\u0105 trwa\u0142o\u015b\u0107. To idealne po\u0142\u0105czenie jako\u015bci i bezpiecze\u0144stwa, kt\u00f3re daje spok\u00f3j na drodze.<\/p>\n<p style=\"margin: 15px 0; line-height: 1.8; clear: both; display: block; width: 100%; float: none; position: static;\">Z <b>RoadX<\/b> zyskujesz opony, kt\u00f3rym mo\u017cesz zaufa\u0107 \u2013 bez przep\u0142acania.<\/p>\n<\/div>\n<\/div>\n<\/div>\n<div style=\"clear: both; display: block; margin: 10px 0;\">\n<div style=\"clear: both; display: block; margin: 10px 0;\">\n<div style=\"clear: both; display: block; margin: 10px 0;\">\n<p style=\"margin: 15px 0; line-height: 1.8; clear: both; display: block; width: 100%; float: none; position: static;\">RoadX wsp\u00f3\u0142pracuje z wiod\u0105cymi firmami z sektora technologii, aby zagwarantowa\u0107 maksymaln\u0105 precyzj\u0119 i rzetelno\u015b\u0107 w tworzeniu swoich opon. Wysoka jako\u015b\u0107 produkt\u00f3w oferowanych przez RoadX zdoby\u0142a uznanie wielu klient\u00f3w. Dowodem na to jest nawi\u0105zanie w 2019 roku wsp\u00f3\u0142pracy z klubem pi\u0142karskim West Ham United, wyst\u0119puj\u0105cym w angielskiej Premier League. Marka Roadx nale\u017cy do koncernu grupy Sailun.<\/p>\n<\/div>\n<\/div>\n<div style=\"clear: both; display: block; margin: 10px 0;\">\n<div style=\"clear: both; display: block; margin: 10px 0;\">\n<div  style=\"max-width:2560px;max-height:1655px\">\n<div style=\"clear: both; display: block; margin: 10px 0;\">\n<div style=\"clear: both; width: 100%; display: block; margin: 20px 0; padding: 0; float: none; position: static; text-align: center;\"><img decoding=\"async\"  src=\"https:\/\/a.allegroimg.com\/original\/11cf44\/c487169f4b93ab9530f01f6e8e4a\/2x-Opona-letnia-RoadX-RXMOTION-H12-215-60R15-98V-XL-Marka-RoadX\" srcset=\"https:\/\/a.allegroimg.com\/original\/11cf44\/c487169f4b93ab9530f01f6e8e4a\/2x-Opona-letnia-RoadX-RXMOTION-H12-215-60R15-98V-XL-Marka-RoadX 360w,https:\/\/a.allegroimg.com\/original\/11cf44\/c487169f4b93ab9530f01f6e8e4a\/2x-Opona-letnia-RoadX-RXMOTION-H12-215-60R15-98V-XL-Marka-RoadX 720w,https:\/\/a.allegroimg.com\/original\/11cf44\/c487169f4b93ab9530f01f6e8e4a\/2x-Opona-letnia-RoadX-RXMOTION-H12-215-60R15-98V-XL-Marka-RoadX 1024w,https:\/\/a.allegroimg.com\/original\/11cf44\/c487169f4b93ab9530f01f6e8e4a\/2x-Opona-letnia-RoadX-RXMOTION-H12-215-60R15-98V-XL-Marka-RoadX 1440w,https:\/\/a.allegroimg.com\/original\/11cf44\/c487169f4b93ab9530f01f6e8e4a\/2x-Opona-letnia-RoadX-RXMOTION-H12-215-60R15-98V-XL-Marka-RoadX 2560w\" sizes=\"(min-width: 1200px) 560px, (min-width: 992px) 50vw, 100vw\" width=\"2560px\" alt=\"2x Opona letnia RoadX RXMOTION H12 215\/60R15 98V XL Marka RoadX\" style=\"max-width: 100%; height: auto; display: block; margin: 0 auto;\"><\/div>\n<\/div>\n<\/div>\n<\/div>\n<\/div>\n<\/div>\n<\/div>\n<\/div>\n<\/div>\n<div style=\"clear: both; display: block; margin: 10px 0;\">\n","protected":false},"excerpt":{"rendered":"<p>2x Opona letnia RoadX RXMOTION H12 215\/60R15 98V XL<\/p>\n<p>Marka: RoadX<\/p>\n<p>Marka koncernu: Sailun<\/p>\n<p>Liczba opon w ofercie: 2 szt.<\/p>\n<p>Sezon: Letnie<\/p>\n<p>Model: RXMOTION H12<\/p>\n<p>Szeroko\u015b\u0107: 215<\/p>\n<p>Profil: 60<\/p>\n","protected":false},"featured_media":16902,"template":"","meta":{"_uag_custom_page_level_css":""},"product_brand":[427],"product_cat":[414,418,413,412],"product_tag":[],"class_list":{"0":"post-16901","1":"product","2":"type-product","3":"status-publish","4":"has-post-thumbnail","6":"product_brand-roadx","7":"product_cat-do-samochodow-osobowych-i-suv","8":"product_cat-letnie","9":"product_cat-opony","10":"product_cat-opony-i-felgi","12":"first","13":"instock","14":"shipping-taxable","15":"purchasable","16":"product-type-simple"},"uagb_featured_image_src":{"full":["https:\/\/oponixo.shop\/tire\/wp-content\/uploads\/2026\/01\/allegro-image-16901.jpg",500,500,false],"thumbnail":["https:\/\/oponixo.shop\/tire\/wp-content\/uploads\/2026\/01\/allegro-image-16901-150x150.jpg",150,150,true],"medium":["https:\/\/oponixo.shop\/tire\/wp-content\/uploads\/2026\/01\/allegro-image-16901-300x300.jpg",300,300,true],"medium_large":["https:\/\/oponixo.shop\/tire\/wp-content\/uploads\/2026\/01\/allegro-image-16901.jpg",500,500,false],"large":["https:\/\/oponixo.shop\/tire\/wp-content\/uploads\/2026\/01\/allegro-image-16901.jpg",500,500,false],"1536x1536":["https:\/\/oponixo.shop\/tire\/wp-content\/uploads\/2026\/01\/allegro-image-16901.jpg",500,500,false],"2048x2048":["https:\/\/oponixo.shop\/tire\/wp-content\/uploads\/2026\/01\/allegro-image-16901.jpg",500,500,false],"woocommerce_thumbnail":["https:\/\/oponixo.shop\/tire\/wp-content\/uploads\/2026\/01\/allegro-image-16901-300x300.jpg",300,300,true],"woocommerce_single":["https:\/\/oponixo.shop\/tire\/wp-content\/uploads\/2026\/01\/allegro-image-16901.jpg",500,500,false],"woocommerce_gallery_thumbnail":["https:\/\/oponixo.shop\/tire\/wp-content\/uploads\/2026\/01\/allegro-image-16901-100x100.jpg",100,100,true]},"uagb_author_info":{"display_name":"admin","author_link":"https:\/\/oponixo.shop\/tire\/author\/"},"uagb_comment_info":0,"uagb_excerpt":"2x Opona letnia RoadX RXMOTION H12 215\/60R15 98V XL Marka: RoadX Marka koncernu: Sailun Liczba opon w ofercie: 2 szt. Sezon: Letnie Model: RXMOTION H12 Szeroko\u015b\u0107: 215 Profil: 60","_links":{"self":[{"href":"https:\/\/oponixo.shop\/tire\/wp-json\/wp\/v2\/product\/16901","targetHints":{"allow":["GET"]}}],"collection":[{"href":"https:\/\/oponixo.shop\/tire\/wp-json\/wp\/v2\/product"}],"about":[{"href":"https:\/\/oponixo.shop\/tire\/wp-json\/wp\/v2\/types\/product"}],"wp:featuredmedia":[{"embeddable":true,"href":"https:\/\/oponixo.shop\/tire\/wp-json\/wp\/v2\/media\/16902"}],"wp:attachment":[{"href":"https:\/\/oponixo.shop\/tire\/wp-json\/wp\/v2\/media?parent=16901"}],"wp:term":[{"taxonomy":"product_brand","embeddable":true,"href":"https:\/\/oponixo.shop\/tire\/wp-json\/wp\/v2\/product_brand?post=16901"},{"taxonomy":"product_cat","embeddable":true,"href":"https:\/\/oponixo.shop\/tire\/wp-json\/wp\/v2\/product_cat?post=16901"},{"taxonomy":"product_tag","embeddable":true,"href":"https:\/\/oponixo.shop\/tire\/wp-json\/wp\/v2\/product_tag?post=16901"}],"curies":[{"name":"wp","href":"https:\/\/api.w.org\/{rel}","templated":true}]}}