{"id":16943,"date":"2026-01-17T15:49:30","date_gmt":"2026-01-17T14:49:30","guid":{"rendered":"https:\/\/oponyonline.shop\/xef5\/produkt\/1x-falken-espia-epz-2-245-65r17-111-r\/"},"modified":"2026-01-17T15:49:30","modified_gmt":"2026-01-17T14:49:30","slug":"1x-falken-espia-epz-2-245-65r17-111-r","status":"publish","type":"product","link":"https:\/\/oponixo.shop\/tire\/produkt\/1x-falken-espia-epz-2-245-65r17-111-r\/","title":{"rendered":"1x FALKEN ESPIA EPZ 2 245\/65R17 111 R"},"content":{"rendered":"<div style=\"font-family: Arial, sans-serif; line-height: 1.6; color: #333; padding: 20px; clear: both; display: block; width: 100%; float: none; position: static; overflow: hidden;\">\n<div style=\"clear: both; display: block; margin: 10px 0;\">\n<div style=\"clear: both; display: block; margin: 10px 0;\">\n<div style=\"clear: both; display: block; margin: 10px 0;\">\n<h2>1x FALKEN ESPIA EPZ 2 245\/65R17 111 R<\/h2>\n<\/div>\n<\/div>\n<\/div>\n<div style=\"clear: both; display: block; margin: 10px 0;\">\n<div style=\"clear: both; display: block; margin: 10px 0;\">\n<div style=\"clear: both; display: block; margin: 10px 0;\">\n<div  style=\"max-width:920px;max-height:1120px\">\n<div style=\"clear: both; display: block; margin: 10px 0;\">\n<div style=\"clear: both; width: 100%; display: block; margin: 20px 0; padding: 0; float: none; position: static; text-align: center;\"><img decoding=\"async\"  src=\"https:\/\/a.allegroimg.com\/original\/11e88f\/fd6dcee14177974388df4a3968c2\/1x-FALKEN-ESPIA-EPZ-2-245-65R17-111-R\" srcset=\"https:\/\/a.allegroimg.com\/original\/11e88f\/fd6dcee14177974388df4a3968c2\/1x-FALKEN-ESPIA-EPZ-2-245-65R17-111-R 295w,https:\/\/a.allegroimg.com\/original\/11e88f\/fd6dcee14177974388df4a3968c2\/1x-FALKEN-ESPIA-EPZ-2-245-65R17-111-R 591w,https:\/\/a.allegroimg.com\/original\/11e88f\/fd6dcee14177974388df4a3968c2\/1x-FALKEN-ESPIA-EPZ-2-245-65R17-111-R 841w,https:\/\/a.allegroimg.com\/original\/11e88f\/fd6dcee14177974388df4a3968c2\/1x-FALKEN-ESPIA-EPZ-2-245-65R17-111-R 920w,https:\/\/a.allegroimg.com\/original\/11e88f\/fd6dcee14177974388df4a3968c2\/1x-FALKEN-ESPIA-EPZ-2-245-65R17-111-R 920w\" sizes=\"(min-width: 1200px) 560px, (min-width: 992px) 50vw, 100vw\" width=\"920px\" alt=\"1x FALKEN ESPIA EPZ 2 245\/65R17 111 R\" style=\"max-width: 100%; height: auto; display: block; margin: 0 auto;\"><\/div>\n<\/div>\n<\/div>\n<\/div>\n<\/div>\n<div style=\"clear: both; display: block; margin: 10px 0;\">\n<div style=\"clear: both; display: block; margin: 10px 0;\">\n<h2>Ca\u0142oroczna opona FALKEN ESPIA EPZ 2 SUV 245\/65 R17 111 R<\/h2>\n<p style=\"margin: 15px 0; line-height: 1.8; clear: both; display: block; width: 100%; float: none; position: static;\">Opona FALKEN ESPIA EPZ 2 SUV to znacz\u0105cy model w portfolio producenta.&nbsp;<\/p>\n<p style=\"margin: 15px 0; line-height: 1.8; clear: both; display: block; width: 100%; float: none; position: static;\"> Opony klasy \u015bredniej cechuj\u0105 si\u0119 najbardziej optymalnymi parametrami jezdnymi przy zachowaniu dobrej ceny.<\/p>\n<ul style=\"margin: 15px 0; padding-left: 20px; clear: both; display: block; width: 100%; float: none; position: static;\">\n<li style=\"margin: 5px 0; padding: 2px 0; clear: both; display: list-item; float: none; position: static;\"><b>Stan:<\/b>&nbsp;Nowy<\/li>\n<li style=\"margin: 5px 0; padding: 2px 0; clear: both; display: list-item; float: none; position: static;\"><b>EAN:<\/b>&nbsp;4250427419053<\/li>\n<li style=\"margin: 5px 0; padding: 2px 0; clear: both; display: list-item; float: none; position: static;\"><b>Producent:<\/b> FALKEN<\/li>\n<li style=\"margin: 5px 0; padding: 2px 0; clear: both; display: list-item; float: none; position: static;\"><b>Model:<\/b> ESPIA EPZ 2 SUV<\/li>\n<li style=\"margin: 5px 0; padding: 2px 0; clear: both; display: list-item; float: none; position: static;\"><b>Rozmiar:<\/b> 245\/65 R17<\/li>\n<li style=\"margin: 5px 0; padding: 2px 0; clear: both; display: list-item; float: none; position: static;\"><b>Indeks no\u015bno\u015bci:<\/b> 111<\/li>\n<li style=\"margin: 5px 0; padding: 2px 0; clear: both; display: list-item; float: none; position: static;\"><b>Indeks pr\u0119dko\u015bci:<\/b> R<\/li>\n<li style=\"margin: 5px 0; padding: 2px 0; clear: both; display: list-item; float: none; position: static;\"><b>Ha\u0142as db:<\/b>&nbsp;69<\/li>\n<li style=\"margin: 5px 0; padding: 2px 0; clear: both; display: list-item; float: none; position: static;\"><b>Sezon:<\/b> Ca\u0142oroczne<\/li>\n<li style=\"margin: 5px 0; padding: 2px 0; clear: both; display: list-item; float: none; position: static;\"><b>Rok produkcji:<\/b> nie starsze ni\u017c 36 miesi\u0119cy<\/li>\n<li style=\"margin: 5px 0; padding: 2px 0; clear: both; display: list-item; float: none; position: static;\"><b>Przeznaczenie:<\/b> SUV\/4&#215;4<\/li>\n<li style=\"margin: 5px 0; padding: 2px 0; clear: both; display: list-item; float: none; position: static;\"><b>Kl. przycz. na mokrej naw.:<\/b>&nbsp;D<\/li>\n<li style=\"margin: 5px 0; padding: 2px 0; clear: both; display: list-item; float: none; position: static;\"><b>Kl. efekt. paliwowej:&nbsp;<\/b>D<\/li>\n<\/ul>\n<\/div>\n<\/div>\n<\/div>\n<div style=\"clear: both; display: block; margin: 10px 0;\">\n<div style=\"clear: both; display: block; margin: 10px 0;\">\n<div style=\"clear: both; display: block; margin: 10px 0;\">\n<div  style=\"max-width:1419px;max-height:357px\">\n<div style=\"clear: both; display: block; margin: 10px 0;\">\n<div style=\"clear: both; width: 100%; display: block; margin: 20px 0; padding: 0; float: none; position: static; text-align: center;\"><img decoding=\"async\"  src=\"https:\/\/a.allegroimg.com\/original\/1197cc\/4192d85a40c79773e1c26bb49e29\/1x-FALKEN-ESPIA-EPZ-2-245-65R17-111-R-Liczba-opon-w-ofercie-1-szt\" srcset=\"https:\/\/a.allegroimg.com\/original\/1197cc\/4192d85a40c79773e1c26bb49e29\/1x-FALKEN-ESPIA-EPZ-2-245-65R17-111-R-Liczba-opon-w-ofercie-1-szt 360w,https:\/\/a.allegroimg.com\/original\/1197cc\/4192d85a40c79773e1c26bb49e29\/1x-FALKEN-ESPIA-EPZ-2-245-65R17-111-R-Liczba-opon-w-ofercie-1-szt 720w,https:\/\/a.allegroimg.com\/original\/1197cc\/4192d85a40c79773e1c26bb49e29\/1x-FALKEN-ESPIA-EPZ-2-245-65R17-111-R-Liczba-opon-w-ofercie-1-szt 1024w,https:\/\/a.allegroimg.com\/original\/1197cc\/4192d85a40c79773e1c26bb49e29\/1x-FALKEN-ESPIA-EPZ-2-245-65R17-111-R-Liczba-opon-w-ofercie-1-szt 1419w,https:\/\/a.allegroimg.com\/original\/1197cc\/4192d85a40c79773e1c26bb49e29\/1x-FALKEN-ESPIA-EPZ-2-245-65R17-111-R-Liczba-opon-w-ofercie-1-szt 1419w\" sizes=\"100vw\" width=\"1419px\" alt=\"1x FALKEN ESPIA EPZ 2 245\/65R17 111 R Liczba opon w ofercie 1 szt.\" style=\"max-width: 100%; height: auto; display: block; margin: 0 auto;\"><\/div>\n<\/div>\n<\/div>\n<\/div>\n<\/div>\n<\/div>\n<div style=\"clear: both; display: block; margin: 10px 0;\">\n<div style=\"clear: both; display: block; margin: 10px 0;\">\n<div style=\"clear: both; display: block; margin: 10px 0;\">\n<p style=\"margin: 15px 0; line-height: 1.8; clear: both; display: block; width: 100%; float: none; position: static;\">Falken Tires zaprezentowa\u0142a \u015bwiatu pierwsze opony samochodowe w 1983 roku. Zosta\u0142a powo\u0142ana do \u017cycia jako sp\u00f3\u0142ka-c\u00f3rka jednego z lider\u00f3w w bran\u017cy gumowej \u2013 japo\u0144skiej sp\u00f3\u0142ki Sumitomo Rubber Industries ltd. Japo\u0144ski koncern zdoby\u0142 \u015bwiatow\u0105 s\u0142aw\u0119 dzi\u0119ki produktom gumowym.<\/p>\n<p style=\"margin: 15px 0; line-height: 1.8; clear: both; display: block; width: 100%; float: none; position: static;\">Falken szybko rozpocz\u0105\u0142 ekspansj\u0119 na rynek zachodni, wypuszczaj\u0105c ogumienie na rynek Ameryki P\u00f3\u0142nocnej w 1985 roku, a trzy lata p\u00f3\u017aniej do Europy. Ogumienie japo\u0144skiego producenta by\u0142o mo\u017cna zobaczy\u0107 w presti\u017cowych zawodach takich jak Formula Drift Series czy World Rally Championship.<\/p>\n<p style=\"margin: 15px 0; line-height: 1.8; clear: both; display: block; width: 100%; float: none; position: static;\">Opony Falken maj\u0105 za sob\u0105 do\u015bwiadczenie i wielokrotne testy wykonywane w wymagaj\u0105cych oraz ekstremalnych warunkach tor\u00f3w wy\u015bcigowych. Zaowocowa\u0142o to szerok\u0105 ofert\u0105 opon z wysokimi parametrami, nie tylko do aut sportowych, ale tak\u017ce osobowych, SUV-\u00f3w, 4&#215;4 czy nawet aut dostawczych. Poprzez opracowywanie opon z jak najmniejszymi oporami toczenia opon i oszcz\u0119dno\u015bci paliwa, producent chce zmniejsza\u0107 emisj\u0119 szkodliwych gaz\u00f3w do atmosfery.<\/p>\n<p style=\"margin: 15px 0; line-height: 1.8; clear: both; display: block; width: 100%; float: none; position: static;\">Opony japo\u0144skiego producenta s\u0105 wi\u0119c doskona\u0142\u0105 propozycj\u0105 dla kierowc\u00f3w, kt\u00f3rzy chc\u0105 ograniczy\u0107 wydatki na paliwo, ale te\u017c zadba\u0107 o \u015brodowisko.<\/p>\n<\/div>\n<\/div>\n<\/div>\n<div style=\"clear: both; display: block; margin: 10px 0;\">\n<div style=\"clear: both; display: block; margin: 10px 0;\">\n<div style=\"clear: both; display: block; margin: 10px 0;\">\n<div  style=\"max-width:1200px;max-height:1758px\">\n<div style=\"clear: both; display: block; margin: 10px 0;\">\n<div style=\"clear: both; width: 100%; display: block; margin: 20px 0; padding: 0; float: none; position: static; text-align: center;\"><img decoding=\"async\"  src=\"https:\/\/a.allegroimg.com\/original\/1148f4\/1324f8c3482cad54a302c0482a99\/1x-FALKEN-ESPIA-EPZ-2-245-65R17-111-R-Marka-Falken\" srcset=\"https:\/\/a.allegroimg.com\/original\/1148f4\/1324f8c3482cad54a302c0482a99\/1x-FALKEN-ESPIA-EPZ-2-245-65R17-111-R-Marka-Falken 245w,https:\/\/a.allegroimg.com\/original\/1148f4\/1324f8c3482cad54a302c0482a99\/1x-FALKEN-ESPIA-EPZ-2-245-65R17-111-R-Marka-Falken 491w,https:\/\/a.allegroimg.com\/original\/1148f4\/1324f8c3482cad54a302c0482a99\/1x-FALKEN-ESPIA-EPZ-2-245-65R17-111-R-Marka-Falken 698w,https:\/\/a.allegroimg.com\/original\/1148f4\/1324f8c3482cad54a302c0482a99\/1x-FALKEN-ESPIA-EPZ-2-245-65R17-111-R-Marka-Falken 982w,https:\/\/a.allegroimg.com\/original\/1148f4\/1324f8c3482cad54a302c0482a99\/1x-FALKEN-ESPIA-EPZ-2-245-65R17-111-R-Marka-Falken 1200w\" sizes=\"(min-width: 1200px) 560px, (min-width: 992px) 50vw, 100vw\" width=\"1200px\" alt=\"1x FALKEN ESPIA EPZ 2 245\/65R17 111 R Marka Falken\" style=\"max-width: 100%; height: auto; display: block; margin: 0 auto;\"><\/div>\n<\/div>\n<\/div>\n<\/div>\n<\/div>\n<div style=\"clear: both; display: block; margin: 10px 0;\">\n<div style=\"clear: both; display: block; margin: 10px 0;\">\n<p style=\"margin: 15px 0; line-height: 1.8; clear: both; display: block; width: 100%; float: none; position: static;\">Dlaczego warto kupowa\u0107 u Nas ?<\/p>\n<p style=\"margin: 15px 0; line-height: 1.8; clear: both; display: block; width: 100%; float: none; position: static;\">Jeste\u015bmy firm\u0105, kt\u00f3ra na podstawie wieloletniego do\u015bwiadczenia z zaanga\u017cowaniem pomaga klientom w doborze oraz kupnie opon.<\/p>\n<p style=\"margin: 15px 0; line-height: 1.8; clear: both; display: block; width: 100%; float: none; position: static;\">Posiadamy szerok\u0105 game opon do aut osobowych, dostawczych, cie\u017carowych, motocyki jak i opon przemys\u0142owych.<\/p>\n<p style=\"margin: 15px 0; line-height: 1.8; clear: both; display: block; width: 100%; float: none; position: static;\">Gwarancja satysfakcjii oraz bezpiecznie przejechanych kilometr\u00f3w.<\/p>\n<p style=\"margin: 15px 0; line-height: 1.8; clear: both; display: block; width: 100%; float: none; position: static;\">Zosta\u0144 naszym kolejnym zadowolonym klientem.<\/p>\n<p style=\"margin: 15px 0; line-height: 1.8; clear: both; display: block; width: 100%; float: none; position: static;\">ZAPRASZAMY DO ZAKUP\u00d3W.<\/p>\n<\/div>\n<\/div>\n<\/div>\n<\/div>\n<\/div>\n<\/div>\n<div style=\"clear: both; display: block; margin: 10px 0;\">\n","protected":false},"excerpt":{"rendered":"<p>1x FALKEN ESPIA EPZ 2 245\/65R17 111 R<\/p>\n<p>Ca\u0142oroczna opona FALKEN ESPIA EPZ 2 SUV 245\/65 R17 111 R<\/p>\n<p>Opona FALKEN ESPIA EPZ 2 SUV to znacz\u0105cy model w portfolio producenta.&nbsp;<\/p>\n<p>Opony klasy \u015bredniej cechuj\u0105 si\u0119 najbardziej optymalnymi parametrami jezdnymi przy zachowaniu dobrej ceny.<\/p>\n<p>Stan:&nbsp;Nowy<\/p>\n<p>EAN:&nbsp;4250427419053<\/p>\n<p>Producent: FALKEN<\/p>\n<p>Model: ESPIA EPZ 2 SUV<\/p>\n","protected":false},"featured_media":16944,"template":"","meta":{"_uag_custom_page_level_css":""},"product_brand":[451],"product_cat":[414,413,412,415],"product_tag":[],"class_list":{"0":"post-16943","1":"product","2":"type-product","3":"status-publish","4":"has-post-thumbnail","6":"product_brand-falken","7":"product_cat-do-samochodow-osobowych-i-suv","8":"product_cat-opony","9":"product_cat-opony-i-felgi","10":"product_cat-zimowe","12":"first","13":"instock","14":"shipping-taxable","15":"purchasable","16":"product-type-simple"},"uagb_featured_image_src":{"full":["https:\/\/oponixo.shop\/tire\/wp-content\/uploads\/2026\/01\/allegro-image-16943.jpg",920,1120,false],"thumbnail":["https:\/\/oponixo.shop\/tire\/wp-content\/uploads\/2026\/01\/allegro-image-16943-150x150.jpg",150,150,true],"medium":["https:\/\/oponixo.shop\/tire\/wp-content\/uploads\/2026\/01\/allegro-image-16943-246x300.jpg",246,300,true],"medium_large":["https:\/\/oponixo.shop\/tire\/wp-content\/uploads\/2026\/01\/allegro-image-16943-768x935.jpg",768,935,true],"large":["https:\/\/oponixo.shop\/tire\/wp-content\/uploads\/2026\/01\/allegro-image-16943-841x1024.jpg",841,1024,true],"1536x1536":["https:\/\/oponixo.shop\/tire\/wp-content\/uploads\/2026\/01\/allegro-image-16943.jpg",920,1120,false],"2048x2048":["https:\/\/oponixo.shop\/tire\/wp-content\/uploads\/2026\/01\/allegro-image-16943.jpg",920,1120,false],"woocommerce_thumbnail":["https:\/\/oponixo.shop\/tire\/wp-content\/uploads\/2026\/01\/allegro-image-16943-300x300.jpg",300,300,true],"woocommerce_single":["https:\/\/oponixo.shop\/tire\/wp-content\/uploads\/2026\/01\/allegro-image-16943-600x730.jpg",600,730,true],"woocommerce_gallery_thumbnail":["https:\/\/oponixo.shop\/tire\/wp-content\/uploads\/2026\/01\/allegro-image-16943-100x100.jpg",100,100,true]},"uagb_author_info":{"display_name":"admin","author_link":"https:\/\/oponixo.shop\/tire\/author\/"},"uagb_comment_info":0,"uagb_excerpt":"1x FALKEN ESPIA EPZ 2 245\/65R17 111 R Ca\u0142oroczna opona FALKEN ESPIA EPZ 2 SUV 245\/65 R17 111 R Opona FALKEN ESPIA EPZ 2 SUV to znacz\u0105cy model w portfolio producenta.&nbsp; Opony klasy \u015bredniej cechuj\u0105 si\u0119 najbardziej optymalnymi parametrami jezdnymi przy zachowaniu dobrej ceny. Stan:&nbsp;Nowy EAN:&nbsp;4250427419053 Producent: FALKEN Model: ESPIA EPZ 2 SUV","_links":{"self":[{"href":"https:\/\/oponixo.shop\/tire\/wp-json\/wp\/v2\/product\/16943","targetHints":{"allow":["GET"]}}],"collection":[{"href":"https:\/\/oponixo.shop\/tire\/wp-json\/wp\/v2\/product"}],"about":[{"href":"https:\/\/oponixo.shop\/tire\/wp-json\/wp\/v2\/types\/product"}],"wp:featuredmedia":[{"embeddable":true,"href":"https:\/\/oponixo.shop\/tire\/wp-json\/wp\/v2\/media\/16944"}],"wp:attachment":[{"href":"https:\/\/oponixo.shop\/tire\/wp-json\/wp\/v2\/media?parent=16943"}],"wp:term":[{"taxonomy":"product_brand","embeddable":true,"href":"https:\/\/oponixo.shop\/tire\/wp-json\/wp\/v2\/product_brand?post=16943"},{"taxonomy":"product_cat","embeddable":true,"href":"https:\/\/oponixo.shop\/tire\/wp-json\/wp\/v2\/product_cat?post=16943"},{"taxonomy":"product_tag","embeddable":true,"href":"https:\/\/oponixo.shop\/tire\/wp-json\/wp\/v2\/product_tag?post=16943"}],"curies":[{"name":"wp","href":"https:\/\/api.w.org\/{rel}","templated":true}]}}