{"id":16945,"date":"2026-01-17T15:49:30","date_gmt":"2026-01-17T14:49:30","guid":{"rendered":"https:\/\/oponyonline.shop\/xef5\/produkt\/2x-opony-caloroczne-comforser-cf3000-245-65r17-117q-rant-2025\/"},"modified":"2026-01-17T15:49:31","modified_gmt":"2026-01-17T14:49:31","slug":"2x-opony-caloroczne-comforser-cf3000-245-65r17-117q-rant-2025","status":"publish","type":"product","link":"https:\/\/oponixo.shop\/tire\/produkt\/2x-opony-caloroczne-comforser-cf3000-245-65r17-117q-rant-2025\/","title":{"rendered":"2x opony ca\u0142oroczne Comforser CF3000 245\/65R17 117Q rant 2025"},"content":{"rendered":"<div style=\"font-family: Arial, sans-serif; line-height: 1.6; color: #333; padding: 20px; clear: both; display: block; width: 100%; float: none; position: static; overflow: hidden;\">\n<div style=\"clear: both; display: block; margin: 10px 0;\">\n<div style=\"clear: both; display: block; margin: 10px 0;\">\n<div style=\"clear: both; display: block; margin: 10px 0;\">\n<div  style=\"max-width:499px;max-height:108px\">\n<div style=\"clear: both; display: block; margin: 10px 0;\">\n<div style=\"clear: both; width: 100%; display: block; margin: 20px 0; padding: 0; float: none; position: static; text-align: center;\"><img decoding=\"async\"  src=\"https:\/\/a.allegroimg.com\/original\/11c8c7\/20c6d8b8433d874a2586bd53b120\/2x-opony-caloroczne-Comforser-CF3000-245-65R17-117Q-rant-2025-Rok-produkcji-2025\" srcset=\"https:\/\/a.allegroimg.com\/original\/11c8c7\/20c6d8b8433d874a2586bd53b120\/2x-opony-caloroczne-Comforser-CF3000-245-65R17-117Q-rant-2025-Rok-produkcji-2025 360w,https:\/\/a.allegroimg.com\/original\/11c8c7\/20c6d8b8433d874a2586bd53b120\/2x-opony-caloroczne-Comforser-CF3000-245-65R17-117Q-rant-2025-Rok-produkcji-2025 499w,https:\/\/a.allegroimg.com\/original\/11c8c7\/20c6d8b8433d874a2586bd53b120\/2x-opony-caloroczne-Comforser-CF3000-245-65R17-117Q-rant-2025-Rok-produkcji-2025 499w\" sizes=\"100vw\" width=\"499px\" alt=\"2x opony ca\u0142oroczne Comforser CF3000 245\/65R17 117Q rant 2025 Rok produkcji 2025\" style=\"max-width: 100%; height: auto; display: block; margin: 0 auto;\"><\/div>\n<\/div>\n<\/div>\n<\/div>\n<\/div>\n<\/div>\n<div style=\"clear: both; display: block; margin: 10px 0;\">\n<div style=\"clear: both; display: block; margin: 10px 0;\">\n<div style=\"clear: both; display: block; margin: 10px 0;\">\n<h1>zestaw 2 sztuk nowych opon ca\u0142orocznych<\/h1>\n<h1>Comforser CF3000 245\/65R17 117Q FR OWL<\/h1>\n<p style=\"margin: 15px 0; line-height: 1.8; clear: both; display: block; width: 100%; float: none; position: static;\">\n<\/div>\n<\/div>\n<\/div>\n<div style=\"clear: both; display: block; margin: 10px 0;\">\n<div style=\"clear: both; display: block; margin: 10px 0;\">\n<div style=\"clear: both; display: block; margin: 10px 0;\">\n<div  style=\"max-width:454px;max-height:600px\">\n<div style=\"clear: both; display: block; margin: 10px 0;\">\n<div style=\"clear: both; width: 100%; display: block; margin: 20px 0; padding: 0; float: none; position: static; text-align: center;\"><img decoding=\"async\"  src=\"https:\/\/a.allegroimg.com\/original\/11989e\/7a06c61c4a3d903d5f96afcd6ac3\/2x-opony-caloroczne-Comforser-CF3000-245-65R17-117Q-rant-2025\" srcset=\"https:\/\/a.allegroimg.com\/original\/11989e\/7a06c61c4a3d903d5f96afcd6ac3\/2x-opony-caloroczne-Comforser-CF3000-245-65R17-117Q-rant-2025 272w,https:\/\/a.allegroimg.com\/original\/11989e\/7a06c61c4a3d903d5f96afcd6ac3\/2x-opony-caloroczne-Comforser-CF3000-245-65R17-117Q-rant-2025 454w,https:\/\/a.allegroimg.com\/original\/11989e\/7a06c61c4a3d903d5f96afcd6ac3\/2x-opony-caloroczne-Comforser-CF3000-245-65R17-117Q-rant-2025 454w\" sizes=\"(min-width: 1200px) 560px, (min-width: 992px) 50vw, 100vw\" width=\"454px\" alt=\"2x opony ca\u0142oroczne Comforser CF3000 245\/65R17 117Q rant 2025\" style=\"max-width: 100%; height: auto; display: block; margin: 0 auto;\"><\/div>\n<\/div>\n<\/div>\n<\/div>\n<\/div>\n<div style=\"clear: both; display: block; margin: 10px 0;\">\n<div style=\"clear: both; display: block; margin: 10px 0;\">\n<p style=\"margin: 15px 0; line-height: 1.8; clear: both; display: block; width: 100%; float: none; position: static;\"><b>Comforser CF3000<\/b> to opony <b>ca\u0142oroczne<\/b> przeznaczone do samochod\u00f3w <b>terenowych 4&#215;4<\/b>. Produkt klasy bud\u017cetowej popularnej marki <b>Comforser<\/b>. Wysoka jako\u015b\u0107 w przyst\u0119pnej cenie. Bie\u017cnik typu MT (mud-terrain), profesjonalne opony terenowe. Przeznaczone g\u0142ownie do u\u017cytkowania typu off-road.<\/p>\n<ul style=\"margin: 15px 0; padding-left: 20px; clear: both; display: block; width: 100%; float: none; position: static;\">\n<li style=\"margin: 5px 0; padding: 2px 0; clear: both; display: list-item; float: none; position: static;\">rok produkcji: <b>2025<\/b><\/li>\n<li style=\"margin: 5px 0; padding: 2px 0; clear: both; display: list-item; float: none; position: static;\">opony <b>nowe<\/b>, oryginalne, z gwarancj\u0105<\/li>\n<li style=\"margin: 5px 0; padding: 2px 0; clear: both; display: list-item; float: none; position: static;\"><b>FR<\/b> &#8211; opony posiadaj\u0105 rant chroni\u0105cy felg\u0119<\/li>\n<li style=\"margin: 5px 0; padding: 2px 0; clear: both; display: list-item; float: none; position: static;\">OWL &#8211; bia\u0142e napisy z boku opony<\/li>\n<li style=\"margin: 5px 0; padding: 2px 0; clear: both; display: list-item; float: none; position: static;\">doskona\u0142a przyczepno\u015b\u0107 w ka\u017cdym terenie<\/li>\n<li style=\"margin: 5px 0; padding: 2px 0; clear: both; display: list-item; float: none; position: static;\">konstrukcja odporna na uszkodzenia<\/li>\n<li style=\"margin: 5px 0; padding: 2px 0; clear: both; display: list-item; float: none; position: static;\">budowa bie\u017cnika sprzyjaj\u0105ca samooczyszczaniu<\/li>\n<li style=\"margin: 5px 0; padding: 2px 0; clear: both; display: list-item; float: none; position: static;\">d\u0142ugie przebiegi<\/li>\n<li style=\"margin: 5px 0; padding: 2px 0; clear: both; display: list-item; float: none; position: static;\">wysoka trwa\u0142o\u015b\u0107<\/li>\n<li style=\"margin: 5px 0; padding: 2px 0; clear: both; display: list-item; float: none; position: static;\">bie\u017cnik zu\u017cywa si\u0119 r\u00f3wnomiernie<\/li>\n<\/ul>\n<\/div>\n<\/div>\n<\/div>\n<\/div>\n<\/div>\n<\/div>\n<div style=\"clear: both; display: block; margin: 10px 0;\">\n","protected":false},"excerpt":{"rendered":"<p>zestaw 2 sztuk nowych opon ca\u0142orocznych<\/p>\n<p>Comforser CF3000 245\/65R17 117Q FR OWL<\/p>\n<p>Comforser CF3000 to opony ca\u0142oroczne przeznaczone do samochod\u00f3w terenowych 4&#215;4. Produkt klasy bud\u017cetowej popularnej marki Comforser. Wysoka jako\u015b\u0107 w przyst\u0119pnej cenie. Bie\u017cnik typu MT (mud-terrain), profesjonalne opony terenowe. Przeznaczone g\u0142ownie do u\u017cytkowania typu off-road.<\/p>\n<p>rok produkcji: 2025<\/p>\n<p>opony nowe, oryginalne, z gwarancj\u0105<\/p>\n<p>FR &#8211; opony posiadaj\u0105 rant chroni\u0105cy felg\u0119<\/p>\n<p>OWL &#8211; bia\u0142e napisy z boku opony<\/p>\n<p>doskona\u0142a przyczepno\u015b\u0107 w ka\u017cdym terenie<\/p>\n","protected":false},"featured_media":16946,"template":"","meta":{"_uag_custom_page_level_css":""},"product_brand":[492],"product_cat":[416,428,413,412],"product_tag":[],"class_list":{"0":"post-16945","1":"product","2":"type-product","3":"status-publish","4":"has-post-thumbnail","6":"product_brand-comforser","7":"product_cat-caloroczne","8":"product_cat-do-samochodow-terenowych-i-4x4","9":"product_cat-opony","10":"product_cat-opony-i-felgi","12":"first","13":"instock","14":"shipping-taxable","15":"purchasable","16":"product-type-simple"},"uagb_featured_image_src":{"full":["https:\/\/oponixo.shop\/tire\/wp-content\/uploads\/2026\/01\/allegro-image-16945.jpg",454,600,false],"thumbnail":["https:\/\/oponixo.shop\/tire\/wp-content\/uploads\/2026\/01\/allegro-image-16945-150x150.jpg",150,150,true],"medium":["https:\/\/oponixo.shop\/tire\/wp-content\/uploads\/2026\/01\/allegro-image-16945-227x300.jpg",227,300,true],"medium_large":["https:\/\/oponixo.shop\/tire\/wp-content\/uploads\/2026\/01\/allegro-image-16945.jpg",454,600,false],"large":["https:\/\/oponixo.shop\/tire\/wp-content\/uploads\/2026\/01\/allegro-image-16945.jpg",454,600,false],"1536x1536":["https:\/\/oponixo.shop\/tire\/wp-content\/uploads\/2026\/01\/allegro-image-16945.jpg",454,600,false],"2048x2048":["https:\/\/oponixo.shop\/tire\/wp-content\/uploads\/2026\/01\/allegro-image-16945.jpg",454,600,false],"woocommerce_thumbnail":["https:\/\/oponixo.shop\/tire\/wp-content\/uploads\/2026\/01\/allegro-image-16945-300x300.jpg",300,300,true],"woocommerce_single":["https:\/\/oponixo.shop\/tire\/wp-content\/uploads\/2026\/01\/allegro-image-16945.jpg",454,600,false],"woocommerce_gallery_thumbnail":["https:\/\/oponixo.shop\/tire\/wp-content\/uploads\/2026\/01\/allegro-image-16945-100x100.jpg",100,100,true]},"uagb_author_info":{"display_name":"admin","author_link":"https:\/\/oponixo.shop\/tire\/author\/"},"uagb_comment_info":0,"uagb_excerpt":"zestaw 2 sztuk nowych opon ca\u0142orocznych Comforser CF3000 245\/65R17 117Q FR OWL Comforser CF3000 to opony ca\u0142oroczne przeznaczone do samochod\u00f3w terenowych 4x4. Produkt klasy bud\u017cetowej popularnej marki Comforser. Wysoka jako\u015b\u0107 w przyst\u0119pnej cenie. Bie\u017cnik typu MT (mud-terrain), profesjonalne opony terenowe. Przeznaczone g\u0142ownie do u\u017cytkowania typu off-road. rok produkcji: 2025 opony nowe, oryginalne, z gwarancj\u0105 FR&hellip;","_links":{"self":[{"href":"https:\/\/oponixo.shop\/tire\/wp-json\/wp\/v2\/product\/16945","targetHints":{"allow":["GET"]}}],"collection":[{"href":"https:\/\/oponixo.shop\/tire\/wp-json\/wp\/v2\/product"}],"about":[{"href":"https:\/\/oponixo.shop\/tire\/wp-json\/wp\/v2\/types\/product"}],"wp:featuredmedia":[{"embeddable":true,"href":"https:\/\/oponixo.shop\/tire\/wp-json\/wp\/v2\/media\/16946"}],"wp:attachment":[{"href":"https:\/\/oponixo.shop\/tire\/wp-json\/wp\/v2\/media?parent=16945"}],"wp:term":[{"taxonomy":"product_brand","embeddable":true,"href":"https:\/\/oponixo.shop\/tire\/wp-json\/wp\/v2\/product_brand?post=16945"},{"taxonomy":"product_cat","embeddable":true,"href":"https:\/\/oponixo.shop\/tire\/wp-json\/wp\/v2\/product_cat?post=16945"},{"taxonomy":"product_tag","embeddable":true,"href":"https:\/\/oponixo.shop\/tire\/wp-json\/wp\/v2\/product_tag?post=16945"}],"curies":[{"name":"wp","href":"https:\/\/api.w.org\/{rel}","templated":true}]}}