{"id":16976,"date":"2026-01-17T16:16:46","date_gmt":"2026-01-17T15:16:46","guid":{"rendered":"https:\/\/oponyonline.shop\/xef5\/produkt\/2x-opony-letnie-195-65-r14-continental-contipremiumcontact-2-89h-65r14\/"},"modified":"2026-01-17T16:16:47","modified_gmt":"2026-01-17T15:16:47","slug":"2x-opony-letnie-195-65-r14-continental-contipremiumcontact-2-89h-65r14","status":"publish","type":"product","link":"https:\/\/oponixo.shop\/tire\/produkt\/2x-opony-letnie-195-65-r14-continental-contipremiumcontact-2-89h-65r14\/","title":{"rendered":"2x Opony letnie 195 65 R14 Continental Contipremiumcontact 2 89H 65R14"},"content":{"rendered":"<div style=\"font-family: Arial, sans-serif; line-height: 1.6; color: #333; padding: 20px; clear: both; display: block; width: 100%; float: none; position: static; overflow: hidden;\">\n<div style=\"clear: both; display: block; margin: 10px 0;\">\n<div style=\"clear: both; display: block; margin: 10px 0;\">\n<div style=\"clear: both; display: block; margin: 10px 0;\">\n<div  style=\"max-width:1200px;max-height:1200px\">\n<div style=\"clear: both; display: block; margin: 10px 0;\">\n<div style=\"clear: both; width: 100%; display: block; margin: 20px 0; padding: 0; float: none; position: static; text-align: center;\"><img decoding=\"async\"  src=\"https:\/\/a.allegroimg.com\/original\/114619\/439d5a7043388425179337477ee1\/2x-Opony-letnie-195-65-R14-Continental-Contipremiumcontact-2-89H-65R14\" srcset=\"https:\/\/a.allegroimg.com\/original\/114619\/439d5a7043388425179337477ee1\/2x-Opony-letnie-195-65-R14-Continental-Contipremiumcontact-2-89H-65R14 360w,https:\/\/a.allegroimg.com\/original\/114619\/439d5a7043388425179337477ee1\/2x-Opony-letnie-195-65-R14-Continental-Contipremiumcontact-2-89H-65R14 720w,https:\/\/a.allegroimg.com\/original\/114619\/439d5a7043388425179337477ee1\/2x-Opony-letnie-195-65-R14-Continental-Contipremiumcontact-2-89H-65R14 1024w,https:\/\/a.allegroimg.com\/original\/114619\/439d5a7043388425179337477ee1\/2x-Opony-letnie-195-65-R14-Continental-Contipremiumcontact-2-89H-65R14 1200w,https:\/\/a.allegroimg.com\/original\/114619\/439d5a7043388425179337477ee1\/2x-Opony-letnie-195-65-R14-Continental-Contipremiumcontact-2-89H-65R14 1200w\" sizes=\"(min-width: 1200px) 560px, (min-width: 992px) 50vw, 100vw\" width=\"1200px\" alt=\"2x Opony letnie 195 65 R14 Continental Contipremiumcontact 2 89H 65R14\" style=\"max-width: 100%; height: auto; display: block; margin: 0 auto;\"><\/div>\n<\/div>\n<\/div>\n<\/div>\n<\/div>\n<div style=\"clear: both; display: block; margin: 10px 0;\">\n<div style=\"clear: both; display: block; margin: 10px 0;\">\n<h1>2x Opony letnie 195 65 R14 Continental Contipremiumcontact 2 89H 65R14<\/h1>\n<h2>Specyfikacja produktu:<\/h2>\n<ul style=\"margin: 15px 0; padding-left: 20px; clear: both; display: block; width: 100%; float: none; position: static;\">\n<li style=\"margin: 5px 0; padding: 2px 0; clear: both; display: list-item; float: none; position: static;\">Rozmiar: <b>195\/65R14<\/b><\/li>\n<li style=\"margin: 5px 0; padding: 2px 0; clear: both; display: list-item; float: none; position: static;\">Sezon: <b>LATO<\/b><\/li>\n<li style=\"margin: 5px 0; padding: 2px 0; clear: both; display: list-item; float: none; position: static;\">Model: <b>ContiPremiumContact 2<\/b><\/li>\n<li style=\"margin: 5px 0; padding: 2px 0; clear: both; display: list-item; float: none; position: static;\">Szeroko\u015b\u0107: <b>195<\/b><\/li>\n<li style=\"margin: 5px 0; padding: 2px 0; clear: both; display: list-item; float: none; position: static;\">Profil: <b>65<\/b><\/li>\n<li style=\"margin: 5px 0; padding: 2px 0; clear: both; display: list-item; float: none; position: static;\">Poziom ha\u0142asu dB: <b>71<\/b><\/li>\n<li style=\"margin: 5px 0; padding: 2px 0; clear: both; display: list-item; float: none; position: static;\">No\u015bno\u015b\u0107: <b>89<\/b><\/li>\n<li style=\"margin: 5px 0; padding: 2px 0; clear: both; display: list-item; float: none; position: static;\">Przyczepno\u015b\u0107 na mokrym: <b>B<\/b><\/li>\n<li style=\"margin: 5px 0; padding: 2px 0; clear: both; display: list-item; float: none; position: static;\">Poziom ha\u0142asu: <b>B<\/b><\/li>\n<li style=\"margin: 5px 0; padding: 2px 0; clear: both; display: list-item; float: none; position: static;\">Op\u00f3r toczenia: <b>D<\/b><\/li>\n<li style=\"margin: 5px 0; padding: 2px 0; clear: both; display: list-item; float: none; position: static;\">Indeks pr\u0119dko\u015bci: <b>H<\/b><\/li>\n<li style=\"margin: 5px 0; padding: 2px 0; clear: both; display: list-item; float: none; position: static;\">Typ pojazdu: <b>OSOBOWE<\/b><\/li>\n<li style=\"margin: 5px 0; padding: 2px 0; clear: both; display: list-item; float: none; position: static;\">Producent: <b>CONTINENTAL<\/b><\/li>\n<\/ul>\n<h2>Sprzedajemy tylko nowe opony i zawsze pierwszego gatunku!<\/h2>\n<\/div>\n<\/div>\n<\/div>\n<div style=\"clear: both; display: block; margin: 10px 0;\">\n<div style=\"clear: both; display: block; margin: 10px 0;\">\n<div style=\"clear: both; display: block; margin: 10px 0;\">\n<h2>Dlaczego warto kupi\u0107 te opony:<\/h2>\n<ul style=\"margin: 15px 0; padding-left: 20px; clear: both; display: block; width: 100%; float: none; position: static;\">\n<li style=\"margin: 5px 0; padding: 2px 0; clear: both; display: list-item; float: none; position: static;\">Opony CONTINENTAL ContiPremiumContact 2 zosta\u0142y stworzone z my\u015bl\u0105 o osi\u0105ganiu wysokich osi\u0105g\u00f3w w letnich warunkach i doskonale nadaj\u0105 si\u0119 do jazdy po ulicach miast, jak i w terenie. Unikalne \u017cebro \u015brodkowe, rze\u017aba bie\u017cnika o mniejszej powierzchni stania oraz asymetryczna konstrukcja bie\u017cnika zapewniaj\u0105 mu przewag\u0119 konkurencyjn\u0105 na mokrej i suchej nawierzchni. Dzi\u0119ki asymetrycznemu wzorowi bie\u017cnika model szybko odprowadza wod\u0119, nawet na nier\u00f3wnych i wyboistych drogach. Mieszanka o wysokiej przyczepno\u015bci sprawdza si\u0119 r\u00f3wnie\u017c w ka\u017cdych warunkach i zapewnia sportowy charakter.<\/li>\n<\/ul>\n<\/div>\n<\/div>\n<div style=\"clear: both; display: block; margin: 10px 0;\">\n<div style=\"clear: both; display: block; margin: 10px 0;\">\n<div  style=\"max-width:800px;max-height:259px\">\n<div style=\"clear: both; display: block; margin: 10px 0;\">\n<div style=\"clear: both; width: 100%; display: block; margin: 20px 0; padding: 0; float: none; position: static; text-align: center;\"><img decoding=\"async\"  src=\"https:\/\/a.allegroimg.com\/original\/11d03e\/590dd6484a2bbd30125e07668b27\/2x-Opony-letnie-195-65-R14-Continental-Contipremiumcontact-2-89H-65R14-Liczba-opon-w-ofercie-2-szt\" srcset=\"https:\/\/a.allegroimg.com\/original\/11d03e\/590dd6484a2bbd30125e07668b27\/2x-Opony-letnie-195-65-R14-Continental-Contipremiumcontact-2-89H-65R14-Liczba-opon-w-ofercie-2-szt 360w,https:\/\/a.allegroimg.com\/original\/11d03e\/590dd6484a2bbd30125e07668b27\/2x-Opony-letnie-195-65-R14-Continental-Contipremiumcontact-2-89H-65R14-Liczba-opon-w-ofercie-2-szt 720w,https:\/\/a.allegroimg.com\/original\/11d03e\/590dd6484a2bbd30125e07668b27\/2x-Opony-letnie-195-65-R14-Continental-Contipremiumcontact-2-89H-65R14-Liczba-opon-w-ofercie-2-szt 800w,https:\/\/a.allegroimg.com\/original\/11d03e\/590dd6484a2bbd30125e07668b27\/2x-Opony-letnie-195-65-R14-Continental-Contipremiumcontact-2-89H-65R14-Liczba-opon-w-ofercie-2-szt 800w\" sizes=\"(min-width: 1200px) 560px, (min-width: 992px) 50vw, 100vw\" width=\"800px\" alt=\"2x Opony letnie 195 65 R14 Continental Contipremiumcontact 2 89H 65R14 Liczba opon w ofercie 2 szt.\" style=\"max-width: 100%; height: auto; display: block; margin: 0 auto;\"><\/div>\n<\/div>\n<\/div>\n<\/div>\n<\/div>\n<\/div>\n<div style=\"clear: both; display: block; margin: 10px 0;\">\n<div style=\"clear: both; display: block; margin: 10px 0;\">\n<div style=\"clear: both; display: block; margin: 10px 0;\">\n<div  style=\"max-width:1200px;max-height:1200px\">\n<div style=\"clear: both; display: block; margin: 10px 0;\">\n<div style=\"clear: both; width: 100%; display: block; margin: 20px 0; padding: 0; float: none; position: static; text-align: center;\"><img decoding=\"async\"  src=\"https:\/\/a.allegroimg.com\/original\/11d0b9\/0f55f4064cb1b546167cbc39892b\/2x-Opony-letnie-195-65-R14-Continental-Contipremiumcontact-2-89H-65R14-Marka-Continental\" srcset=\"https:\/\/a.allegroimg.com\/original\/11d0b9\/0f55f4064cb1b546167cbc39892b\/2x-Opony-letnie-195-65-R14-Continental-Contipremiumcontact-2-89H-65R14-Marka-Continental 360w,https:\/\/a.allegroimg.com\/original\/11d0b9\/0f55f4064cb1b546167cbc39892b\/2x-Opony-letnie-195-65-R14-Continental-Contipremiumcontact-2-89H-65R14-Marka-Continental 720w,https:\/\/a.allegroimg.com\/original\/11d0b9\/0f55f4064cb1b546167cbc39892b\/2x-Opony-letnie-195-65-R14-Continental-Contipremiumcontact-2-89H-65R14-Marka-Continental 1024w,https:\/\/a.allegroimg.com\/original\/11d0b9\/0f55f4064cb1b546167cbc39892b\/2x-Opony-letnie-195-65-R14-Continental-Contipremiumcontact-2-89H-65R14-Marka-Continental 1200w,https:\/\/a.allegroimg.com\/original\/11d0b9\/0f55f4064cb1b546167cbc39892b\/2x-Opony-letnie-195-65-R14-Continental-Contipremiumcontact-2-89H-65R14-Marka-Continental 1200w\" sizes=\"100vw\" width=\"1200px\" alt=\"2x Opony letnie 195 65 R14 Continental Contipremiumcontact 2 89H 65R14 Marka Continental\" style=\"max-width: 100%; height: auto; display: block; margin: 0 auto;\"><\/div>\n<\/div>\n<\/div>\n<\/div>\n<\/div>\n<\/div>\n<div style=\"clear: both; display: block; margin: 10px 0;\">\n<div style=\"clear: both; display: block; margin: 10px 0;\">\n<div style=\"clear: both; display: block; margin: 10px 0;\">\n<div  style=\"max-width:1200px;max-height:1200px\">\n<div style=\"clear: both; display: block; margin: 10px 0;\">\n<div style=\"clear: both; width: 100%; display: block; margin: 20px 0; padding: 0; float: none; position: static; text-align: center;\"><img decoding=\"async\"  src=\"https:\/\/a.allegroimg.com\/original\/111ad8\/efc8826e44c5936efa50378de813\/2x-Opony-letnie-195-65-R14-Continental-Contipremiumcontact-2-89H-65R14-Szerokosc-opony-195-mm\" srcset=\"https:\/\/a.allegroimg.com\/original\/111ad8\/efc8826e44c5936efa50378de813\/2x-Opony-letnie-195-65-R14-Continental-Contipremiumcontact-2-89H-65R14-Szerokosc-opony-195-mm 360w,https:\/\/a.allegroimg.com\/original\/111ad8\/efc8826e44c5936efa50378de813\/2x-Opony-letnie-195-65-R14-Continental-Contipremiumcontact-2-89H-65R14-Szerokosc-opony-195-mm 720w,https:\/\/a.allegroimg.com\/original\/111ad8\/efc8826e44c5936efa50378de813\/2x-Opony-letnie-195-65-R14-Continental-Contipremiumcontact-2-89H-65R14-Szerokosc-opony-195-mm 1024w,https:\/\/a.allegroimg.com\/original\/111ad8\/efc8826e44c5936efa50378de813\/2x-Opony-letnie-195-65-R14-Continental-Contipremiumcontact-2-89H-65R14-Szerokosc-opony-195-mm 1200w,https:\/\/a.allegroimg.com\/original\/111ad8\/efc8826e44c5936efa50378de813\/2x-Opony-letnie-195-65-R14-Continental-Contipremiumcontact-2-89H-65R14-Szerokosc-opony-195-mm 1200w\" sizes=\"100vw\" width=\"1200px\" alt=\"2x Opony letnie 195 65 R14 Continental Contipremiumcontact 2 89H 65R14 Szeroko\u015b\u0107 opony 195 mm\" style=\"max-width: 100%; height: auto; display: block; margin: 0 auto;\"><\/div>\n<\/div>\n<\/div>\n<\/div>\n<\/div>\n<\/div>\n<div style=\"clear: both; display: block; margin: 10px 0;\">\n<div style=\"clear: both; display: block; margin: 10px 0;\">\n<div style=\"clear: both; display: block; margin: 10px 0;\">\n<div  style=\"max-width:1200px;max-height:1200px\">\n<div style=\"clear: both; display: block; margin: 10px 0;\">\n<div style=\"clear: both; width: 100%; display: block; margin: 20px 0; padding: 0; float: none; position: static; text-align: center;\"><img decoding=\"async\"  src=\"https:\/\/a.allegroimg.com\/original\/1124aa\/251185334ece89f725e67bbd85b7\/2x-Opony-letnie-195-65-R14-Continental-Contipremiumcontact-2-89H-65R14-Profil-opony-65\" srcset=\"https:\/\/a.allegroimg.com\/original\/1124aa\/251185334ece89f725e67bbd85b7\/2x-Opony-letnie-195-65-R14-Continental-Contipremiumcontact-2-89H-65R14-Profil-opony-65 360w,https:\/\/a.allegroimg.com\/original\/1124aa\/251185334ece89f725e67bbd85b7\/2x-Opony-letnie-195-65-R14-Continental-Contipremiumcontact-2-89H-65R14-Profil-opony-65 720w,https:\/\/a.allegroimg.com\/original\/1124aa\/251185334ece89f725e67bbd85b7\/2x-Opony-letnie-195-65-R14-Continental-Contipremiumcontact-2-89H-65R14-Profil-opony-65 1024w,https:\/\/a.allegroimg.com\/original\/1124aa\/251185334ece89f725e67bbd85b7\/2x-Opony-letnie-195-65-R14-Continental-Contipremiumcontact-2-89H-65R14-Profil-opony-65 1200w,https:\/\/a.allegroimg.com\/original\/1124aa\/251185334ece89f725e67bbd85b7\/2x-Opony-letnie-195-65-R14-Continental-Contipremiumcontact-2-89H-65R14-Profil-opony-65 1200w\" sizes=\"100vw\" width=\"1200px\" alt=\"2x Opony letnie 195 65 R14 Continental Contipremiumcontact 2 89H 65R14 Profil opony 65\" style=\"max-width: 100%; height: auto; display: block; margin: 0 auto;\"><\/div>\n<\/div>\n<\/div>\n<\/div>\n<\/div>\n<\/div>\n<\/div>\n<\/div>\n<\/div>\n<div style=\"clear: both; display: block; margin: 10px 0;\">\n","protected":false},"excerpt":{"rendered":"<p>2x Opony letnie 195 65 R14 Continental Contipremiumcontact 2 89H 65R14<\/p>\n<p>Specyfikacja produktu:<\/p>\n<p>Rozmiar: 195\/65R14<\/p>\n<p>Sezon: LATO<\/p>\n<p>Model: ContiPremiumContact 2<\/p>\n<p>Szeroko\u015b\u0107: 195<\/p>\n<p>Profil: 65<\/p>\n<p>Poziom ha\u0142asu dB: 71<\/p>\n","protected":false},"featured_media":16977,"template":"","meta":{"_uag_custom_page_level_css":""},"product_brand":[396],"product_cat":[414,418,413,412],"product_tag":[],"class_list":{"0":"post-16976","1":"product","2":"type-product","3":"status-publish","4":"has-post-thumbnail","6":"product_brand-continental","7":"product_cat-do-samochodow-osobowych-i-suv","8":"product_cat-letnie","9":"product_cat-opony","10":"product_cat-opony-i-felgi","12":"first","13":"instock","14":"shipping-taxable","15":"purchasable","16":"product-type-simple"},"uagb_featured_image_src":{"full":["https:\/\/oponixo.shop\/tire\/wp-content\/uploads\/2026\/01\/allegro-image-16976.jpg",1200,1200,false],"thumbnail":["https:\/\/oponixo.shop\/tire\/wp-content\/uploads\/2026\/01\/allegro-image-16976-150x150.jpg",150,150,true],"medium":["https:\/\/oponixo.shop\/tire\/wp-content\/uploads\/2026\/01\/allegro-image-16976-300x300.jpg",300,300,true],"medium_large":["https:\/\/oponixo.shop\/tire\/wp-content\/uploads\/2026\/01\/allegro-image-16976-768x768.jpg",768,768,true],"large":["https:\/\/oponixo.shop\/tire\/wp-content\/uploads\/2026\/01\/allegro-image-16976-1024x1024.jpg",1024,1024,true],"1536x1536":["https:\/\/oponixo.shop\/tire\/wp-content\/uploads\/2026\/01\/allegro-image-16976.jpg",1200,1200,false],"2048x2048":["https:\/\/oponixo.shop\/tire\/wp-content\/uploads\/2026\/01\/allegro-image-16976.jpg",1200,1200,false],"woocommerce_thumbnail":["https:\/\/oponixo.shop\/tire\/wp-content\/uploads\/2026\/01\/allegro-image-16976-300x300.jpg",300,300,true],"woocommerce_single":["https:\/\/oponixo.shop\/tire\/wp-content\/uploads\/2026\/01\/allegro-image-16976-600x600.jpg",600,600,true],"woocommerce_gallery_thumbnail":["https:\/\/oponixo.shop\/tire\/wp-content\/uploads\/2026\/01\/allegro-image-16976-100x100.jpg",100,100,true]},"uagb_author_info":{"display_name":"admin","author_link":"https:\/\/oponixo.shop\/tire\/author\/"},"uagb_comment_info":0,"uagb_excerpt":"2x Opony letnie 195 65 R14 Continental Contipremiumcontact 2 89H 65R14 Specyfikacja produktu: Rozmiar: 195\/65R14 Sezon: LATO Model: ContiPremiumContact 2 Szeroko\u015b\u0107: 195 Profil: 65 Poziom ha\u0142asu dB: 71","_links":{"self":[{"href":"https:\/\/oponixo.shop\/tire\/wp-json\/wp\/v2\/product\/16976","targetHints":{"allow":["GET"]}}],"collection":[{"href":"https:\/\/oponixo.shop\/tire\/wp-json\/wp\/v2\/product"}],"about":[{"href":"https:\/\/oponixo.shop\/tire\/wp-json\/wp\/v2\/types\/product"}],"wp:featuredmedia":[{"embeddable":true,"href":"https:\/\/oponixo.shop\/tire\/wp-json\/wp\/v2\/media\/16977"}],"wp:attachment":[{"href":"https:\/\/oponixo.shop\/tire\/wp-json\/wp\/v2\/media?parent=16976"}],"wp:term":[{"taxonomy":"product_brand","embeddable":true,"href":"https:\/\/oponixo.shop\/tire\/wp-json\/wp\/v2\/product_brand?post=16976"},{"taxonomy":"product_cat","embeddable":true,"href":"https:\/\/oponixo.shop\/tire\/wp-json\/wp\/v2\/product_cat?post=16976"},{"taxonomy":"product_tag","embeddable":true,"href":"https:\/\/oponixo.shop\/tire\/wp-json\/wp\/v2\/product_tag?post=16976"}],"curies":[{"name":"wp","href":"https:\/\/api.w.org\/{rel}","templated":true}]}}