{"id":16982,"date":"2026-01-17T16:16:48","date_gmt":"2026-01-17T15:16:48","guid":{"rendered":"https:\/\/oponyonline.shop\/xef5\/produkt\/2x-opony-letnie-195-65r14-michelin-mxv3-a-89-v\/"},"modified":"2026-01-17T16:16:49","modified_gmt":"2026-01-17T15:16:49","slug":"2x-opony-letnie-195-65r14-michelin-mxv3-a-89-v","status":"publish","type":"product","link":"https:\/\/oponixo.shop\/tire\/produkt\/2x-opony-letnie-195-65r14-michelin-mxv3-a-89-v\/","title":{"rendered":"2x opony letnie 195\/65R14 MICHELIN MXV3 A 89 V"},"content":{"rendered":"<div style=\"font-family: Arial, sans-serif; line-height: 1.6; color: #333; padding: 20px; clear: both; display: block; width: 100%; float: none; position: static; overflow: hidden;\">\n<div style=\"clear: both; display: block; margin: 10px 0;\">\n<div style=\"clear: both; display: block; margin: 10px 0;\">\n<div style=\"clear: both; display: block; margin: 10px 0;\">\n<h2>Opona letnia Michelin MXV3 A 195\/65R14 89 V<\/h2>\n<p style=\"margin: 15px 0; line-height: 1.8; clear: both; display: block; width: 100%; float: none; position: static;\"> Opona Michelin Mxv3 A  89 V<\/p>\n<p style=\"margin: 15px 0; line-height: 1.8; clear: both; display: block; width: 100%; float: none; position: static;\">Cechy produktu:<\/p>\n<ul style=\"margin: 15px 0; padding-left: 20px; clear: both; display: block; width: 100%; float: none; position: static;\">\n<li style=\"margin: 5px 0; padding: 2px 0; clear: both; display: list-item; float: none; position: static;\">sezon: <\/li>\n<li style=\"margin: 5px 0; padding: 2px 0; clear: both; display: list-item; float: none; position: static;\">szeroko\u015b\u0107\/profil\/\u015brednica: <\/li>\n<li style=\"margin: 5px 0; padding: 2px 0; clear: both; display: list-item; float: none; position: static;\">indeks no\u015bno\u015bci: 89 &#8211; 580 kg<\/li>\n<li style=\"margin: 5px 0; padding: 2px 0; clear: both; display: list-item; float: none; position: static;\">indeks pr\u0119dko\u015bci: V do 240 km\/h<\/li>\n<\/ul>\n<p style=\"margin: 15px 0; line-height: 1.8; clear: both; display: block; width: 100%; float: none; position: static;\">\n<\/div>\n<\/div>\n<div style=\"clear: both; display: block; margin: 10px 0;\">\n<div style=\"clear: both; display: block; margin: 10px 0;\">\n<div  style=\"max-width:920px;max-height:1120px\">\n<div style=\"clear: both; display: block; margin: 10px 0;\">\n<div style=\"clear: both; width: 100%; display: block; margin: 20px 0; padding: 0; float: none; position: static; text-align: center;\"><img decoding=\"async\"  src=\"https:\/\/a.allegroimg.com\/original\/11b818\/ee11072a412ca724cf4a0b3d908d\/2x-opony-letnie-195-65R14-MICHELIN-MXV3-A-89-V\" srcset=\"https:\/\/a.allegroimg.com\/original\/11b818\/ee11072a412ca724cf4a0b3d908d\/2x-opony-letnie-195-65R14-MICHELIN-MXV3-A-89-V 295w,https:\/\/a.allegroimg.com\/original\/11b818\/ee11072a412ca724cf4a0b3d908d\/2x-opony-letnie-195-65R14-MICHELIN-MXV3-A-89-V 591w,https:\/\/a.allegroimg.com\/original\/11b818\/ee11072a412ca724cf4a0b3d908d\/2x-opony-letnie-195-65R14-MICHELIN-MXV3-A-89-V 841w,https:\/\/a.allegroimg.com\/original\/11b818\/ee11072a412ca724cf4a0b3d908d\/2x-opony-letnie-195-65R14-MICHELIN-MXV3-A-89-V 920w,https:\/\/a.allegroimg.com\/original\/11b818\/ee11072a412ca724cf4a0b3d908d\/2x-opony-letnie-195-65R14-MICHELIN-MXV3-A-89-V 920w\" sizes=\"(min-width: 1200px) 560px, (min-width: 992px) 50vw, 100vw\" width=\"920px\" alt=\"2x opony letnie 195\/65R14 MICHELIN MXV3 A 89 V\" style=\"max-width: 100%; height: auto; display: block; margin: 0 auto;\"><\/div>\n<\/div>\n<\/div>\n<\/div>\n<\/div>\n<\/div>\n<div style=\"clear: both; display: block; margin: 10px 0;\">\n<div style=\"clear: both; display: block; margin: 10px 0;\">\n<div style=\"clear: both; display: block; margin: 10px 0;\">\n<h3 style=\"color: #2c5aa0; font-size: 18px; margin: 30px 0 15px 0; font-weight: bold; clear: both; display: block; width: 100%; float: none; position: static;\">Informacje dodatkowe:<\/h3>\n<ul style=\"margin: 15px 0; padding-left: 20px; clear: both; display: block; width: 100%; float: none; position: static;\">\n<li style=\"margin: 5px 0; padding: 2px 0; clear: both; display: list-item; float: none; position: static;\">rok produkcji: 2024\/2025 (kupuj\u0105c z tej oferty otrzymasz opony fabrycznie nowe, pe\u0142nowarto\u015bciowe) <\/li>\n<li style=\"margin: 5px 0; padding: 2px 0; clear: both; display: list-item; float: none; position: static;\">stan: fabrycznie nowe <\/li>\n<\/ul>\n<\/div>\n<\/div>\n<\/div>\n<div style=\"clear: both; display: block; margin: 10px 0;\">\n<div style=\"clear: both; display: block; margin: 10px 0;\">\n<div style=\"clear: both; display: block; margin: 10px 0;\">\n<div  style=\"max-width:920px;max-height:1120px\">\n<div style=\"clear: both; display: block; margin: 10px 0;\">\n<div style=\"clear: both; width: 100%; display: block; margin: 20px 0; padding: 0; float: none; position: static; text-align: center;\"><img decoding=\"async\"  src=\"https:\/\/a.allegroimg.com\/original\/11b818\/ee11072a412ca724cf4a0b3d908d\/2x-opony-letnie-195-65R14-MICHELIN-MXV3-A-89-V\" srcset=\"https:\/\/a.allegroimg.com\/original\/11b818\/ee11072a412ca724cf4a0b3d908d\/2x-opony-letnie-195-65R14-MICHELIN-MXV3-A-89-V 295w,https:\/\/a.allegroimg.com\/original\/11b818\/ee11072a412ca724cf4a0b3d908d\/2x-opony-letnie-195-65R14-MICHELIN-MXV3-A-89-V 591w,https:\/\/a.allegroimg.com\/original\/11b818\/ee11072a412ca724cf4a0b3d908d\/2x-opony-letnie-195-65R14-MICHELIN-MXV3-A-89-V 841w,https:\/\/a.allegroimg.com\/original\/11b818\/ee11072a412ca724cf4a0b3d908d\/2x-opony-letnie-195-65R14-MICHELIN-MXV3-A-89-V 920w,https:\/\/a.allegroimg.com\/original\/11b818\/ee11072a412ca724cf4a0b3d908d\/2x-opony-letnie-195-65R14-MICHELIN-MXV3-A-89-V 920w\" sizes=\"100vw\" width=\"920px\" alt=\"2x opony letnie 195\/65R14 MICHELIN MXV3 A 89 V\" style=\"max-width: 100%; height: auto; display: block; margin: 0 auto;\"><\/div>\n<\/div>\n<\/div>\n<\/div>\n<\/div>\n<\/div>\n<\/div>\n<\/div>\n<\/div>\n<div style=\"clear: both; display: block; margin: 10px 0;\">\n","protected":false},"excerpt":{"rendered":"<p>Opona letnia Michelin MXV3 A 195\/65R14 89 V<\/p>\n<p>Opona Michelin Mxv3 A 89 V<\/p>\n<p>Cechy produktu:<\/p>\n<p>sezon:<\/p>\n<p>szeroko\u015b\u0107\/profil\/\u015brednica:<\/p>\n<p>indeks no\u015bno\u015bci: 89 &#8211; 580 kg<\/p>\n<p>indeks pr\u0119dko\u015bci: V do 240 km\/h<\/p>\n<p>Informacje dodatkowe:<\/p>\n","protected":false},"featured_media":16983,"template":"","meta":{"_uag_custom_page_level_css":""},"product_brand":[429],"product_cat":[414,418,413,412],"product_tag":[],"class_list":{"0":"post-16982","1":"product","2":"type-product","3":"status-publish","4":"has-post-thumbnail","6":"product_brand-michelin","7":"product_cat-do-samochodow-osobowych-i-suv","8":"product_cat-letnie","9":"product_cat-opony","10":"product_cat-opony-i-felgi","12":"first","13":"instock","14":"shipping-taxable","15":"purchasable","16":"product-type-simple"},"uagb_featured_image_src":{"full":["https:\/\/oponixo.shop\/tire\/wp-content\/uploads\/2026\/01\/allegro-image-16982.jpg",920,1120,false],"thumbnail":["https:\/\/oponixo.shop\/tire\/wp-content\/uploads\/2026\/01\/allegro-image-16982-150x150.jpg",150,150,true],"medium":["https:\/\/oponixo.shop\/tire\/wp-content\/uploads\/2026\/01\/allegro-image-16982-246x300.jpg",246,300,true],"medium_large":["https:\/\/oponixo.shop\/tire\/wp-content\/uploads\/2026\/01\/allegro-image-16982-768x935.jpg",768,935,true],"large":["https:\/\/oponixo.shop\/tire\/wp-content\/uploads\/2026\/01\/allegro-image-16982-841x1024.jpg",841,1024,true],"1536x1536":["https:\/\/oponixo.shop\/tire\/wp-content\/uploads\/2026\/01\/allegro-image-16982.jpg",920,1120,false],"2048x2048":["https:\/\/oponixo.shop\/tire\/wp-content\/uploads\/2026\/01\/allegro-image-16982.jpg",920,1120,false],"woocommerce_thumbnail":["https:\/\/oponixo.shop\/tire\/wp-content\/uploads\/2026\/01\/allegro-image-16982-300x300.jpg",300,300,true],"woocommerce_single":["https:\/\/oponixo.shop\/tire\/wp-content\/uploads\/2026\/01\/allegro-image-16982-600x730.jpg",600,730,true],"woocommerce_gallery_thumbnail":["https:\/\/oponixo.shop\/tire\/wp-content\/uploads\/2026\/01\/allegro-image-16982-100x100.jpg",100,100,true]},"uagb_author_info":{"display_name":"admin","author_link":"https:\/\/oponixo.shop\/tire\/author\/"},"uagb_comment_info":0,"uagb_excerpt":"Opona letnia Michelin MXV3 A 195\/65R14 89 V Opona Michelin Mxv3 A 89 V Cechy produktu: sezon: szeroko\u015b\u0107\/profil\/\u015brednica: indeks no\u015bno\u015bci: 89 - 580 kg indeks pr\u0119dko\u015bci: V do 240 km\/h Informacje dodatkowe:","_links":{"self":[{"href":"https:\/\/oponixo.shop\/tire\/wp-json\/wp\/v2\/product\/16982","targetHints":{"allow":["GET"]}}],"collection":[{"href":"https:\/\/oponixo.shop\/tire\/wp-json\/wp\/v2\/product"}],"about":[{"href":"https:\/\/oponixo.shop\/tire\/wp-json\/wp\/v2\/types\/product"}],"wp:featuredmedia":[{"embeddable":true,"href":"https:\/\/oponixo.shop\/tire\/wp-json\/wp\/v2\/media\/16983"}],"wp:attachment":[{"href":"https:\/\/oponixo.shop\/tire\/wp-json\/wp\/v2\/media?parent=16982"}],"wp:term":[{"taxonomy":"product_brand","embeddable":true,"href":"https:\/\/oponixo.shop\/tire\/wp-json\/wp\/v2\/product_brand?post=16982"},{"taxonomy":"product_cat","embeddable":true,"href":"https:\/\/oponixo.shop\/tire\/wp-json\/wp\/v2\/product_cat?post=16982"},{"taxonomy":"product_tag","embeddable":true,"href":"https:\/\/oponixo.shop\/tire\/wp-json\/wp\/v2\/product_tag?post=16982"}],"curies":[{"name":"wp","href":"https:\/\/api.w.org\/{rel}","templated":true}]}}