{"id":17027,"date":"2026-01-17T16:51:11","date_gmt":"2026-01-17T15:51:11","guid":{"rendered":"https:\/\/oponyonline.shop\/xef5\/produkt\/2x-nexen-nblue-s-165-60r14-75h\/"},"modified":"2026-01-17T16:51:11","modified_gmt":"2026-01-17T15:51:11","slug":"2x-nexen-nblue-s-165-60r14-75h","status":"publish","type":"product","link":"https:\/\/oponixo.shop\/tire\/produkt\/2x-nexen-nblue-s-165-60r14-75h\/","title":{"rendered":"2x Nexen Nblue S 165\/60R14 75H"},"content":{"rendered":"<div style=\"font-family: Arial, sans-serif; line-height: 1.6; color: #333; padding: 20px; clear: both; display: block; width: 100%; float: none; position: static; overflow: hidden;\">\n<div style=\"clear: both; display: block; margin: 10px 0;\">\n<div style=\"clear: both; display: block; margin: 10px 0;\">\n<div style=\"clear: both; display: block; margin: 10px 0;\">\n<h1>2x nowe opony letnie NEXEN NBLUE S 165\/60R14 75H<\/h1>\n<p style=\"margin: 15px 0; line-height: 1.8; clear: both; display: block; width: 100%; float: none; position: static;\">Cechy produktu<\/p>\n<ul style=\"margin: 15px 0; padding-left: 20px; clear: both; display: block; width: 100%; float: none; position: static;\">\n<li style=\"margin: 5px 0; padding: 2px 0; clear: both; display: list-item; float: none; position: static;\">Marka: Nexen<\/li>\n<li style=\"margin: 5px 0; padding: 2px 0; clear: both; display: list-item; float: none; position: static;\">Model: Nblue S<\/li>\n<li style=\"margin: 5px 0; padding: 2px 0; clear: both; display: list-item; float: none; position: static;\">Szeroko\u015b\u0107\/profil\/\u015brednica: 165\/60R14<\/li>\n<li style=\"margin: 5px 0; padding: 2px 0; clear: both; display: list-item; float: none; position: static;\">Indeks no\u015bno\u015bci: do 75 (387 kg na opon\u0119)<\/li>\n<li style=\"margin: 5px 0; padding: 2px 0; clear: both; display: list-item; float: none; position: static;\">Indeks pr\u0119dko\u015bci: H (do 210 km\/h)<\/li>\n<li style=\"margin: 5px 0; padding: 2px 0; clear: both; display: list-item; float: none; position: static;\">Sezon: letnie<\/li>\n<li style=\"margin: 5px 0; padding: 2px 0; clear: both; display: list-item; float: none; position: static;\">Typ pojazdu: osobowy<\/li>\n<li style=\"margin: 5px 0; padding: 2px 0; clear: both; display: list-item; float: none; position: static;\">Klasa energetyczna: C<\/li>\n<li style=\"margin: 5px 0; padding: 2px 0; clear: both; display: list-item; float: none; position: static;\">Klasa przyczepno\u015bci: B<\/li>\n<li style=\"margin: 5px 0; padding: 2px 0; clear: both; display: list-item; float: none; position: static;\">Poziom ha\u0142asu: 70<\/li>\n<li style=\"margin: 5px 0; padding: 2px 0; clear: both; display: list-item; float: none; position: static;\">Klasa ha\u0142asu: B<\/li>\n<li style=\"margin: 5px 0; padding: 2px 0; clear: both; display: list-item; float: none; position: static;\">Rok produkcji: 2024\/2025<\/li>\n<\/ul>\n<\/div>\n<\/div>\n<div style=\"clear: both; display: block; margin: 10px 0;\">\n<div style=\"clear: both; display: block; margin: 10px 0;\">\n<div  style=\"max-width:521px;max-height:800px\">\n<div style=\"clear: both; display: block; margin: 10px 0;\">\n<div style=\"clear: both; width: 100%; display: block; margin: 20px 0; padding: 0; float: none; position: static; text-align: center;\"><img decoding=\"async\"  src=\"https:\/\/a.allegroimg.com\/original\/113c1e\/1987b7bb43c5ace5f3e63c646cdb\/2x-Nexen-Nblue-S-165-60R14-75H\" srcset=\"https:\/\/a.allegroimg.com\/original\/113c1e\/1987b7bb43c5ace5f3e63c646cdb\/2x-Nexen-Nblue-S-165-60R14-75H 234w,https:\/\/a.allegroimg.com\/original\/113c1e\/1987b7bb43c5ace5f3e63c646cdb\/2x-Nexen-Nblue-S-165-60R14-75H 468w,https:\/\/a.allegroimg.com\/original\/113c1e\/1987b7bb43c5ace5f3e63c646cdb\/2x-Nexen-Nblue-S-165-60R14-75H 521w,https:\/\/a.allegroimg.com\/original\/113c1e\/1987b7bb43c5ace5f3e63c646cdb\/2x-Nexen-Nblue-S-165-60R14-75H 521w\" sizes=\"(min-width: 1200px) 560px, (min-width: 992px) 50vw, 100vw\" width=\"521px\" alt=\"2x Nexen Nblue S 165\/60R14 75H\" style=\"max-width: 100%; height: auto; display: block; margin: 0 auto;\"><\/div>\n<\/div>\n<\/div>\n<\/div>\n<\/div>\n<\/div>\n<div style=\"clear: both; display: block; margin: 10px 0;\">\n<div style=\"clear: both; display: block; margin: 10px 0;\">\n<div style=\"clear: both; display: block; margin: 10px 0;\">\n<div  style=\"max-width:212px;max-height:305px\">\n<div style=\"clear: both; display: block; margin: 10px 0;\">\n<div style=\"clear: both; width: 100%; display: block; margin: 20px 0; padding: 0; float: none; position: static; text-align: center;\"><img decoding=\"async\"  src=\"https:\/\/a.allegroimg.com\/original\/1107ce\/0e1c8fc14103833629ba14cd5607\/2x-Nexen-Nblue-S-165-60R14-75H-Liczba-opon-w-ofercie-2-szt\" srcset=\"https:\/\/a.allegroimg.com\/original\/1107ce\/0e1c8fc14103833629ba14cd5607\/2x-Nexen-Nblue-S-165-60R14-75H-Liczba-opon-w-ofercie-2-szt 212w,https:\/\/a.allegroimg.com\/original\/1107ce\/0e1c8fc14103833629ba14cd5607\/2x-Nexen-Nblue-S-165-60R14-75H-Liczba-opon-w-ofercie-2-szt 212w\" sizes=\"(min-width: 1200px) 560px, (min-width: 992px) 50vw, 100vw\" width=\"212px\" alt=\"2x Nexen Nblue S 165\/60R14 75H Liczba opon w ofercie 2 szt.\" style=\"max-width: 100%; height: auto; display: block; margin: 0 auto;\"><\/div>\n<\/div>\n<\/div>\n<\/div>\n<\/div>\n<div style=\"clear: both; display: block; margin: 10px 0;\">\n<div style=\"clear: both; display: block; margin: 10px 0;\">\n<div  style=\"max-width:737px;max-height:478px\">\n<div style=\"clear: both; display: block; margin: 10px 0;\">\n<div style=\"clear: both; width: 100%; display: block; margin: 20px 0; padding: 0; float: none; position: static; text-align: center;\"><img decoding=\"async\"  src=\"https:\/\/a.allegroimg.com\/original\/1161f9\/a11de34b4ac6b33dae367a360b14\/2x-Nexen-Nblue-S-165-60R14-75H-Marka-Nexen\" srcset=\"https:\/\/a.allegroimg.com\/original\/1161f9\/a11de34b4ac6b33dae367a360b14\/2x-Nexen-Nblue-S-165-60R14-75H-Marka-Nexen 360w,https:\/\/a.allegroimg.com\/original\/1161f9\/a11de34b4ac6b33dae367a360b14\/2x-Nexen-Nblue-S-165-60R14-75H-Marka-Nexen 720w,https:\/\/a.allegroimg.com\/original\/1161f9\/a11de34b4ac6b33dae367a360b14\/2x-Nexen-Nblue-S-165-60R14-75H-Marka-Nexen 737w,https:\/\/a.allegroimg.com\/original\/1161f9\/a11de34b4ac6b33dae367a360b14\/2x-Nexen-Nblue-S-165-60R14-75H-Marka-Nexen 737w\" sizes=\"(min-width: 1200px) 560px, (min-width: 992px) 50vw, 100vw\" width=\"737px\" alt=\"2x Nexen Nblue S 165\/60R14 75H Marka Nexen\" style=\"max-width: 100%; height: auto; display: block; margin: 0 auto;\"><\/div>\n<\/div>\n<\/div>\n<\/div>\n<\/div>\n<\/div>\n<div style=\"clear: both; display: block; margin: 10px 0;\">\n<div style=\"clear: both; display: block; margin: 10px 0;\">\n<div style=\"clear: both; display: block; margin: 10px 0;\">\n<p style=\"margin: 15px 0; line-height: 1.8; clear: both; display: block; width: 100%; float: none; position: static;\">Nexen to po\u0142udniowokorea\u0144ska marka ciesz\u0105ca si\u0119 coraz wi\u0119kszym zainteresowaniem w\u015br\u00f3d kierowc\u00f3w na ca\u0142ym \u015bwiecie. Opony bardzo dobrej jako\u015bci w przyst\u0119pnej cenie ciesz\u0105 si\u0119 coraz wi\u0119kszym uznaniem na ca\u0142ym \u015bwiecie, w tym tak\u017ce w Polsce. Opony Nexen znane s\u0105 w 120 krajach na ca\u0142ym \u015bwiecie, a w ofercie producenta mo\u017cna znale\u017a\u0107 opony do aut osobowych, 4&#215;4 i SUV oraz dostawczych. Zak\u0142ady produkcyjne Nexena zlokalizowane s\u0105 w Korei Po\u0142udniowej oraz kilku innych krajach azjatyckich<\/p>\n<\/div>\n<\/div>\n<\/div>\n<\/div>\n<\/div>\n<\/div>\n<div style=\"clear: both; display: block; margin: 10px 0;\">\n","protected":false},"excerpt":{"rendered":"<p>2x nowe opony letnie NEXEN NBLUE S 165\/60R14 75H<\/p>\n<p>Cechy produktu<\/p>\n<p>Marka: Nexen<\/p>\n<p>Model: Nblue S<\/p>\n<p>Szeroko\u015b\u0107\/profil\/\u015brednica: 165\/60R14<\/p>\n<p>Indeks no\u015bno\u015bci: do 75 (387 kg na opon\u0119)<\/p>\n<p>Indeks pr\u0119dko\u015bci: H (do 210 km\/h)<\/p>\n<p>Sezon: letnie<\/p>\n","protected":false},"featured_media":17028,"template":"","meta":{"_uag_custom_page_level_css":""},"product_brand":[392],"product_cat":[414,418,413,412],"product_tag":[],"class_list":{"0":"post-17027","1":"product","2":"type-product","3":"status-publish","4":"has-post-thumbnail","6":"product_brand-nexen","7":"product_cat-do-samochodow-osobowych-i-suv","8":"product_cat-letnie","9":"product_cat-opony","10":"product_cat-opony-i-felgi","12":"first","13":"instock","14":"shipping-taxable","15":"purchasable","16":"product-type-simple"},"uagb_featured_image_src":{"full":["https:\/\/oponixo.shop\/tire\/wp-content\/uploads\/2026\/01\/allegro-image-17027.jpg",521,800,false],"thumbnail":["https:\/\/oponixo.shop\/tire\/wp-content\/uploads\/2026\/01\/allegro-image-17027-150x150.jpg",150,150,true],"medium":["https:\/\/oponixo.shop\/tire\/wp-content\/uploads\/2026\/01\/allegro-image-17027-195x300.jpg",195,300,true],"medium_large":["https:\/\/oponixo.shop\/tire\/wp-content\/uploads\/2026\/01\/allegro-image-17027.jpg",521,800,false],"large":["https:\/\/oponixo.shop\/tire\/wp-content\/uploads\/2026\/01\/allegro-image-17027.jpg",521,800,false],"1536x1536":["https:\/\/oponixo.shop\/tire\/wp-content\/uploads\/2026\/01\/allegro-image-17027.jpg",521,800,false],"2048x2048":["https:\/\/oponixo.shop\/tire\/wp-content\/uploads\/2026\/01\/allegro-image-17027.jpg",521,800,false],"woocommerce_thumbnail":["https:\/\/oponixo.shop\/tire\/wp-content\/uploads\/2026\/01\/allegro-image-17027-300x300.jpg",300,300,true],"woocommerce_single":["https:\/\/oponixo.shop\/tire\/wp-content\/uploads\/2026\/01\/allegro-image-17027.jpg",521,800,false],"woocommerce_gallery_thumbnail":["https:\/\/oponixo.shop\/tire\/wp-content\/uploads\/2026\/01\/allegro-image-17027-100x100.jpg",100,100,true]},"uagb_author_info":{"display_name":"admin","author_link":"https:\/\/oponixo.shop\/tire\/author\/"},"uagb_comment_info":0,"uagb_excerpt":"2x nowe opony letnie NEXEN NBLUE S 165\/60R14 75H Cechy produktu Marka: Nexen Model: Nblue S Szeroko\u015b\u0107\/profil\/\u015brednica: 165\/60R14 Indeks no\u015bno\u015bci: do 75 (387 kg na opon\u0119) Indeks pr\u0119dko\u015bci: H (do 210 km\/h) Sezon: letnie","_links":{"self":[{"href":"https:\/\/oponixo.shop\/tire\/wp-json\/wp\/v2\/product\/17027","targetHints":{"allow":["GET"]}}],"collection":[{"href":"https:\/\/oponixo.shop\/tire\/wp-json\/wp\/v2\/product"}],"about":[{"href":"https:\/\/oponixo.shop\/tire\/wp-json\/wp\/v2\/types\/product"}],"wp:featuredmedia":[{"embeddable":true,"href":"https:\/\/oponixo.shop\/tire\/wp-json\/wp\/v2\/media\/17028"}],"wp:attachment":[{"href":"https:\/\/oponixo.shop\/tire\/wp-json\/wp\/v2\/media?parent=17027"}],"wp:term":[{"taxonomy":"product_brand","embeddable":true,"href":"https:\/\/oponixo.shop\/tire\/wp-json\/wp\/v2\/product_brand?post=17027"},{"taxonomy":"product_cat","embeddable":true,"href":"https:\/\/oponixo.shop\/tire\/wp-json\/wp\/v2\/product_cat?post=17027"},{"taxonomy":"product_tag","embeddable":true,"href":"https:\/\/oponixo.shop\/tire\/wp-json\/wp\/v2\/product_tag?post=17027"}],"curies":[{"name":"wp","href":"https:\/\/api.w.org\/{rel}","templated":true}]}}