{"id":17042,"date":"2026-01-17T17:02:09","date_gmt":"2026-01-17T16:02:09","guid":{"rendered":"https:\/\/oponyonline.shop\/xef5\/produkt\/2x-bridgestone-245-70r17-114t-dueler-all-terrain-a-t002-xl-letnie-2024-r\/"},"modified":"2026-01-17T17:02:09","modified_gmt":"2026-01-17T16:02:09","slug":"2x-bridgestone-245-70r17-114t-dueler-all-terrain-a-t002-xl-letnie-2024-r","status":"publish","type":"product","link":"https:\/\/oponixo.shop\/tire\/produkt\/2x-bridgestone-245-70r17-114t-dueler-all-terrain-a-t002-xl-letnie-2024-r\/","title":{"rendered":"2x BRIDGESTONE 245\/70R17 114T Dueler All Terrain A\/T002 XL letnie 2024 r"},"content":{"rendered":"<div style=\"font-family: Arial, sans-serif; line-height: 1.6; color: #333; padding: 20px; clear: both; display: block; width: 100%; float: none; position: static; overflow: hidden;\">\n<div style=\"clear: both; display: block; margin: 10px 0;\">\n<div style=\"clear: both; display: block; margin: 10px 0;\">\n<div style=\"clear: both; display: block; margin: 10px 0;\">\n<h1>Rok produkcji: 2024<\/h1>\n<\/div>\n<\/div>\n<\/div>\n<div style=\"clear: both; display: block; margin: 10px 0;\">\n<div style=\"clear: both; display: block; margin: 10px 0;\">\n<div style=\"clear: both; display: block; margin: 10px 0;\">\n<div  style=\"max-width:1200px;max-height:1126px\">\n<div style=\"clear: both; display: block; margin: 10px 0;\">\n<div style=\"clear: both; width: 100%; display: block; margin: 20px 0; padding: 0; float: none; position: static; text-align: center;\"><img decoding=\"async\"  src=\"https:\/\/a.allegroimg.com\/original\/11035e\/8cc2207c4ba990f795a15b88d4db\/2x-BRIDGESTONE-245-70R17-114T-Dueler-All-Terrain-A-T002-XL-letnie-2024-r\" srcset=\"https:\/\/a.allegroimg.com\/original\/11035e\/8cc2207c4ba990f795a15b88d4db\/2x-BRIDGESTONE-245-70R17-114T-Dueler-All-Terrain-A-T002-XL-letnie-2024-r 360w,https:\/\/a.allegroimg.com\/original\/11035e\/8cc2207c4ba990f795a15b88d4db\/2x-BRIDGESTONE-245-70R17-114T-Dueler-All-Terrain-A-T002-XL-letnie-2024-r 720w,https:\/\/a.allegroimg.com\/original\/11035e\/8cc2207c4ba990f795a15b88d4db\/2x-BRIDGESTONE-245-70R17-114T-Dueler-All-Terrain-A-T002-XL-letnie-2024-r 1024w,https:\/\/a.allegroimg.com\/original\/11035e\/8cc2207c4ba990f795a15b88d4db\/2x-BRIDGESTONE-245-70R17-114T-Dueler-All-Terrain-A-T002-XL-letnie-2024-r 1200w,https:\/\/a.allegroimg.com\/original\/11035e\/8cc2207c4ba990f795a15b88d4db\/2x-BRIDGESTONE-245-70R17-114T-Dueler-All-Terrain-A-T002-XL-letnie-2024-r 1200w\" sizes=\"(min-width: 1200px) 560px, (min-width: 992px) 50vw, 100vw\" width=\"1200px\" alt=\"2x BRIDGESTONE 245\/70R17 114T Dueler All Terrain A\/T002 XL letnie 2024 r\" style=\"max-width: 100%; height: auto; display: block; margin: 0 auto;\"><\/div>\n<\/div>\n<\/div>\n<\/div>\n<\/div>\n<div style=\"clear: both; display: block; margin: 10px 0;\">\n<div style=\"clear: both; display: block; margin: 10px 0;\">\n<h1>BRIDGESTONE Dueler All Terrain A\/T002 245\/70R17 114T XL<\/h1>\n<h2>G15H0J<\/h2>\n<ul style=\"margin: 15px 0; padding-left: 20px; clear: both; display: block; width: 100%; float: none; position: static;\">\n<li style=\"margin: 5px 0; padding: 2px 0; clear: both; display: list-item; float: none; position: static;\"><b>Data produkcji :<\/b> 2024<\/li>\n<li style=\"margin: 5px 0; padding: 2px 0; clear: both; display: list-item; float: none; position: static;\"><b>Hamowanie na mokrej nawierzchni :<\/b> C<\/li>\n<li style=\"margin: 5px 0; padding: 2px 0; clear: both; display: list-item; float: none; position: static;\"><b>Indeks :<\/b> 245\/70R17 LTBR 114T DAT<\/li>\n<li style=\"margin: 5px 0; padding: 2px 0; clear: both; display: list-item; float: none; position: static;\"><b>Indeks no\u015bno\u015bci :<\/b> 114<\/li>\n<li style=\"margin: 5px 0; padding: 2px 0; clear: both; display: list-item; float: none; position: static;\"><b>Indeks pr\u0119dko\u015bci :<\/b> T &#8211; 190 km\/h<\/li>\n<li style=\"margin: 5px 0; padding: 2px 0; clear: both; display: list-item; float: none; position: static;\"><b>Karta informacyjna produktu :<\/b> https:\/\/eprel.ec.europa.eu\/qr\/502326<\/li>\n<li style=\"margin: 5px 0; padding: 2px 0; clear: both; display: list-item; float: none; position: static;\"><b>Klasa opony :<\/b> premium<\/li>\n<li style=\"margin: 5px 0; padding: 2px 0; clear: both; display: list-item; float: none; position: static;\"><b>Kod EAN :<\/b> 3286342036311<\/li>\n<li style=\"margin: 5px 0; padding: 2px 0; clear: both; display: list-item; float: none; position: static;\"><b>Kod producenta :<\/b> 20363<\/li>\n<li style=\"margin: 5px 0; padding: 2px 0; clear: both; display: list-item; float: none; position: static;\"><b>Liczba decybeli :<\/b> 72 dB<\/li>\n<li style=\"margin: 5px 0; padding: 2px 0; clear: both; display: list-item; float: none; position: static;\"><b>Model bie\u017cnika :<\/b> Dueler All Terrain A\/T002<\/li>\n<li style=\"margin: 5px 0; padding: 2px 0; clear: both; display: list-item; float: none; position: static;\"><b>Nazwa produktu :<\/b> BRIDGESTONE 245\/70R17 114T Dueler All Terrain A\/T002 XL letnie<\/li>\n<li style=\"margin: 5px 0; padding: 2px 0; clear: both; display: list-item; float: none; position: static;\"><b>No\u015bno\u015b\u0107 opony :<\/b> XL<\/li>\n<li style=\"margin: 5px 0; padding: 2px 0; clear: both; display: list-item; float: none; position: static;\"><b>opona na dedykowan\u0105 o\u015b :<\/b> Prz\u00f3d\/Ty\u0142<\/li>\n<li style=\"margin: 5px 0; padding: 2px 0; clear: both; display: list-item; float: none; position: static;\"><b>Op\u00f3r toczenia :<\/b> B<\/li>\n<li style=\"margin: 5px 0; padding: 2px 0; clear: both; display: list-item; float: none; position: static;\"><b>Poziom emisji ha\u0142asu :<\/b> B<\/li>\n<li style=\"margin: 5px 0; padding: 2px 0; clear: both; display: list-item; float: none; position: static;\"><b>Producent :<\/b> BRIDGESTONE<\/li>\n<li style=\"margin: 5px 0; padding: 2px 0; clear: both; display: list-item; float: none; position: static;\"><b>Profil :<\/b> 70<\/li>\n<li style=\"margin: 5px 0; padding: 2px 0; clear: both; display: list-item; float: none; position: static;\"><b>Przeznaczenie :<\/b> samochody osobowe\/SUV\/crossover<\/li>\n<li style=\"margin: 5px 0; padding: 2px 0; clear: both; display: list-item; float: none; position: static;\"><b>Przyczepno\u015b\u0107 na lodzie :<\/b> Nie<\/li>\n<li style=\"margin: 5px 0; padding: 2px 0; clear: both; display: list-item; float: none; position: static;\"><b>Przyczepno\u015b\u0107 na \u015bniegu :<\/b> Tak<\/li>\n<li style=\"margin: 5px 0; padding: 2px 0; clear: both; display: list-item; float: none; position: static;\"><b>QR kod :<\/b> https:\/\/eprel.ec.europa.eu\/qr\/502326<\/li>\n<li style=\"margin: 5px 0; padding: 2px 0; clear: both; display: list-item; float: none; position: static;\"><b>Sezon :<\/b> letnia<\/li>\n<li style=\"margin: 5px 0; padding: 2px 0; clear: both; display: list-item; float: none; position: static;\"><b>\u015arednica :<\/b> 17&#8243;<\/li>\n<li style=\"margin: 5px 0; padding: 2px 0; clear: both; display: list-item; float: none; position: static;\"><b>Szeroko\u015b\u0107 :<\/b> 245<\/li>\n<\/ul>\n<\/div>\n<\/div>\n<\/div>\n<div style=\"clear: both; display: block; margin: 10px 0;\">\n<div style=\"clear: both; display: block; margin: 10px 0;\">\n<div style=\"clear: both; display: block; margin: 10px 0;\">\n<p style=\"margin: 15px 0; line-height: 1.8; clear: both; display: block; width: 100%; float: none; position: static;\"> Lato czy zima, asfalt czy bezdro\u017ca? Takimi wyborami nie musisz sobie zaprz\u0105ta\u0107 g\u0142owy z terenow\u0105 opon\u0105 ca\u0142oroczn\u0105 Bridgestone Dualer All-Terrain A\/T002. Jest to nast\u0119pca uznanej opony All-Terrain Bridgestone, czyli modelu A\/T001. Dzi\u0119ki nowej rze\u017abie bie\u017cnika, Dueler A\/T002 jeszcze sprawniej oczyszcza si\u0119 z b\u0142ota i \u015bniegu oraz skuteczniej odprowadza wod\u0119 spod k\u00f3\u0142. Dzi\u0119ki temu jest to opona bezpieczna w ka\u017cdych warunkach. Dzi\u0119ki nowemu wzorowi bie\u017cnika z grubymi i ostrymi kostkami, Dueler A\/T002 charakteryzuje si\u0119 du\u017c\u0105 powierzchni\u0105 styku z nawierzchni\u0105. Dzi\u0119ki temu na asfalcie opona zachowuje si\u0119 stabilnie i gwarantuje pewne oraz bezpieczne prowadzenie w ka\u017cdych warunkach. W terenie natomiast, wykorzystuje ka\u017cdy milimetr bie\u017cnika, by wgryza\u0107 si\u0119 w szutr\u00f3wki, przedziera\u0107 przez piachy i utrzymywa\u0107 trakcj\u0119 w b\u0142otnistych koleinach. W takich warunkach istotna jest tak\u017ce odporno\u015b\u0107 na przebicia i zdolno\u015b\u0107 jazdy na niskim ci\u015bnieniu. Ale Dueler A\/T002 nie ma z tym najmniejszego problemu. Wzmocniona konstrukcja bie\u017cnika i boku opony zapewnia zwi\u0119kszon\u0105 odporno\u015bc na przebicia i przeci\u0119cia. Dodatkowe klocki barkowe zapewniaj\u0105 natomiaast opr\u00f3cz wytrzyma\u0142o\u015bci, tak\u017ce dodatkow\u0105 trakcj\u0119 w grz\u0105skim terenie. Na o\u015bnie\u017conych i oblodzonych nawierzchniach nieocenione oka\u017c\u0105 si\u0119 te\u017c lamele typu Z, kt\u00f3re w po\u0142\u0105czeniu z zimow\u0105 mieszank\u0105 (p\u0142atek \u015bniegu na tle 3 szczyt\u00f3w g\u00f3rskich) skutecznie wgryzaj\u0105 si\u0119 w \u015bnie\u017cne zaspy i b\u0142oto po\u015bniegowe, a tak\u017ce pomagaj\u0105 zachowa\u0107 trakcj\u0119 na lodzie. Nowy model Bridgestone Dueler A\/T002 to tak\u017ce szerszy wyb\u00f3r dla posiadaczy teren\u00f3wek. Producent w tej oponie All Terrain doda\u0142 a\u017c 19 nowych rozmiar\u00f3w dla felg od 15&#8243; do 19&#8243;.<\/p>\n<\/div>\n<\/div>\n<div style=\"clear: both; display: block; margin: 10px 0;\">\n<div style=\"clear: both; display: block; margin: 10px 0;\">\n<div  style=\"max-width:886px;max-height:1299px\">\n<div style=\"clear: both; display: block; margin: 10px 0;\">\n<div style=\"clear: both; width: 100%; display: block; margin: 20px 0; padding: 0; float: none; position: static; text-align: center;\"><img decoding=\"async\"  src=\"https:\/\/a.allegroimg.com\/original\/112029\/a21837cb4fbd93ae68322a8aa219\/2x-BRIDGESTONE-245-70R17-114T-Dueler-All-Terrain-A-T002-XL-letnie-2024-r-Srednica-17\" srcset=\"https:\/\/a.allegroimg.com\/original\/112029\/a21837cb4fbd93ae68322a8aa219\/2x-BRIDGESTONE-245-70R17-114T-Dueler-All-Terrain-A-T002-XL-letnie-2024-r-Srednica-17 245w,https:\/\/a.allegroimg.com\/original\/112029\/a21837cb4fbd93ae68322a8aa219\/2x-BRIDGESTONE-245-70R17-114T-Dueler-All-Terrain-A-T002-XL-letnie-2024-r-Srednica-17 491w,https:\/\/a.allegroimg.com\/original\/112029\/a21837cb4fbd93ae68322a8aa219\/2x-BRIDGESTONE-245-70R17-114T-Dueler-All-Terrain-A-T002-XL-letnie-2024-r-Srednica-17 698w,https:\/\/a.allegroimg.com\/original\/112029\/a21837cb4fbd93ae68322a8aa219\/2x-BRIDGESTONE-245-70R17-114T-Dueler-All-Terrain-A-T002-XL-letnie-2024-r-Srednica-17 886w,https:\/\/a.allegroimg.com\/original\/112029\/a21837cb4fbd93ae68322a8aa219\/2x-BRIDGESTONE-245-70R17-114T-Dueler-All-Terrain-A-T002-XL-letnie-2024-r-Srednica-17 886w\" sizes=\"(min-width: 1200px) 560px, (min-width: 992px) 50vw, 100vw\" width=\"886px\" alt=\"2x BRIDGESTONE 245\/70R17 114T Dueler All Terrain A\/T002 XL letnie 2024 r \u015arednica 17&quot;\" style=\"max-width: 100%; height: auto; display: block; margin: 0 auto;\"><\/div>\n<\/div>\n<\/div>\n<\/div>\n<\/div>\n<\/div>\n<div style=\"clear: both; display: block; margin: 10px 0;\">\n<div style=\"clear: both; display: block; margin: 10px 0;\">\n<div style=\"clear: both; display: block; margin: 10px 0;\">\n<p style=\"margin: 15px 0; line-height: 1.8; clear: both; display: block; width: 100%; float: none; position: static;\">Wychodz\u0105c naprzeciw oczekiwaniom Klient\u00f3w i chc\u0105c spe\u0142nia\u0107 jak najwy\u017csze standardy obs\u0142ugi dok\u0142adamy wszelkich stara\u0144, aby podawa\u0107 precyzyjn\u0105 dat\u0119 produkcji opony (DOT). Niestety, w wyj\u0105tkowych przypadkach, mo\u017ce zdarzy\u0107 si\u0119, \u017ce opony, kt\u00f3re wy\u015blemy b\u0119d\u0105 mia\u0142y inn\u0105 dat\u0119 produkcji ni\u017c podana. Sytuacja mo\u017ce dotyczy\u0107 zar\u00f3wno opon z DOT-em wcze\u015bniejszym jak i p\u00f3\u017aniejszym. Chcieliby\u015bmy podkre\u015bli\u0107, \u017ce warunki przechowywania opon w naszych magazynach spe\u0142niaj\u0105 Polsk\u0105 Norm\u0119 PN-C-94300-7 dzi\u0119ki czemu nawet opona przechowywana 24 miesi\u0105ce ma parametry takie same jak opona z bie\u017c\u0105cego roku. Warto pami\u0119ta\u0107 tak\u017ce o fakcie, \u017ce w przypadku wielu rozmiar\u00f3w i producent\u00f3w plany produkcyjne fabryk uniemo\u017cliwiaj\u0105 zakup opony z bie\u017c\u0105cego roku.<\/p>\n<p style=\"margin: 15px 0; line-height: 1.8; clear: both; display: block; width: 100%; float: none; position: static;\">Przy zakupie opon pami\u0119taj o sprawdzeniu w instrukcji samochodu lub na w\u0142a\u015bciwej stronie internetowej, jakie ogumienie zaleca producent Twojego auta. \u0179le dobrane opony mog\u0105 negatywnie wp\u0142yn\u0105\u0107 na poziom Twojego bezpiecze\u0144stwa. Kupuj\u0105c opony zwr\u00f3\u0107 uwag\u0119 na rozmiar oraz indeksy no\u015bno\u015bci i pr\u0119dko\u015bci jakie homologowane s\u0105 do Twojego pojazdu.<\/p>\n<p style=\"margin: 15px 0; line-height: 1.8; clear: both; display: block; width: 100%; float: none; position: static;\">Zamieszczone zdj\u0119cia pe\u0142ni\u0105 funkcj\u0119 pogl\u0105dow\u0105. W zale\u017cno\u015bci od szeroko\u015bci opon, mog\u0105 wyst\u0119powa\u0107 niewielkie r\u00f3\u017cnice w wygl\u0105dzie bie\u017cnika (w obr\u0119bie jednego modelu) na przyk\u0142ad w ilo\u015bci rowk\u00f3w obwodowych lub rozmieszczeniu blok\u00f3w bie\u017cnika, co nie stanowi wady produktu.<\/p>\n<p style=\"margin: 15px 0; line-height: 1.8; clear: both; display: block; width: 100%; float: none; position: static;\">Je\u017celi otrzymane przez Ciebie opony nie spe\u0142niaj\u0105 Twoich oczekiwa\u0144 masz mo\u017cliwo\u015b\u0107 zwrotu lub wymiany nieu\u017cywanego (niemontowanego) ogumienia.<\/p>\n<\/div>\n<\/div>\n<\/div>\n<div style=\"clear: both; display: block; margin: 10px 0;\">\n<div style=\"clear: both; display: block; margin: 10px 0;\">\n<div style=\"clear: both; display: block; margin: 10px 0;\">\n<div  style=\"max-width:300px;max-height:300px\">\n<div style=\"clear: both; display: block; margin: 10px 0;\">\n<div style=\"clear: both; width: 100%; display: block; margin: 20px 0; padding: 0; float: none; position: static; text-align: center;\"><img decoding=\"async\"  src=\"https:\/\/a.allegroimg.com\/original\/11b0d4\/1a68a5d4403d834a9d69ec5384c6\/2x-BRIDGESTONE-245-70R17-114T-Dueler-All-Terrain-A-T002-XL-letnie-2024-r-Halas-zewnetrzny-72-dB\" srcset=\"https:\/\/a.allegroimg.com\/original\/11b0d4\/1a68a5d4403d834a9d69ec5384c6\/2x-BRIDGESTONE-245-70R17-114T-Dueler-All-Terrain-A-T002-XL-letnie-2024-r-Halas-zewnetrzny-72-dB 300w,https:\/\/a.allegroimg.com\/original\/11b0d4\/1a68a5d4403d834a9d69ec5384c6\/2x-BRIDGESTONE-245-70R17-114T-Dueler-All-Terrain-A-T002-XL-letnie-2024-r-Halas-zewnetrzny-72-dB 300w\" sizes=\"(min-width: 1200px) 560px, (min-width: 992px) 50vw, 100vw\" width=\"300px\" alt=\"2x BRIDGESTONE 245\/70R17 114T Dueler All Terrain A\/T002 XL letnie 2024 r Ha\u0142as zewn\u0119trzny 72 dB\" style=\"max-width: 100%; height: auto; display: block; margin: 0 auto;\"><\/div>\n<\/div>\n<\/div>\n<\/div>\n<\/div>\n<div style=\"clear: both; display: block; margin: 10px 0;\">\n<div style=\"clear: both; display: block; margin: 10px 0;\">\n<h1>Bridgestone<\/h1>\n<p style=\"margin: 15px 0; line-height: 1.8; clear: both; display: block; width: 100%; float: none; position: static;\">Bridgestone jest wiod\u0105cym producentem ogumienia do wszystkich rodzaj\u00f3w \u015brodk\u00f3w transportu.<\/p>\n<\/div>\n<\/div>\n<\/div>\n<\/div>\n<\/div>\n<\/div>\n<div style=\"clear: both; display: block; margin: 10px 0;\">\n","protected":false},"excerpt":{"rendered":"<p>Rok produkcji: 2024<\/p>\n<p>BRIDGESTONE Dueler All Terrain A\/T002 245\/70R17 114T XL<\/p>\n<p>G15H0J<\/p>\n<p>Data produkcji : 2024<\/p>\n<p>Hamowanie na mokrej nawierzchni : C<\/p>\n<p>Indeks : 245\/70R17 LTBR 114T DAT<\/p>\n<p>Indeks no\u015bno\u015bci : 114<\/p>\n<p>Indeks pr\u0119dko\u015bci : T &#8211; 190 km\/h<\/p>\n","protected":false},"featured_media":17043,"template":"","meta":{"_uag_custom_page_level_css":""},"product_brand":[397],"product_cat":[428,418,413,412],"product_tag":[],"class_list":{"0":"post-17042","1":"product","2":"type-product","3":"status-publish","4":"has-post-thumbnail","6":"product_brand-bridgestone","7":"product_cat-do-samochodow-terenowych-i-4x4","8":"product_cat-letnie","9":"product_cat-opony","10":"product_cat-opony-i-felgi","12":"first","13":"instock","14":"shipping-taxable","15":"purchasable","16":"product-type-simple"},"uagb_featured_image_src":{"full":["https:\/\/oponixo.shop\/tire\/wp-content\/uploads\/2026\/01\/allegro-image-17042.jpg",1200,1126,false],"thumbnail":["https:\/\/oponixo.shop\/tire\/wp-content\/uploads\/2026\/01\/allegro-image-17042-150x150.jpg",150,150,true],"medium":["https:\/\/oponixo.shop\/tire\/wp-content\/uploads\/2026\/01\/allegro-image-17042-300x282.jpg",300,282,true],"medium_large":["https:\/\/oponixo.shop\/tire\/wp-content\/uploads\/2026\/01\/allegro-image-17042-768x721.jpg",768,721,true],"large":["https:\/\/oponixo.shop\/tire\/wp-content\/uploads\/2026\/01\/allegro-image-17042-1024x961.jpg",1024,961,true],"1536x1536":["https:\/\/oponixo.shop\/tire\/wp-content\/uploads\/2026\/01\/allegro-image-17042.jpg",1200,1126,false],"2048x2048":["https:\/\/oponixo.shop\/tire\/wp-content\/uploads\/2026\/01\/allegro-image-17042.jpg",1200,1126,false],"woocommerce_thumbnail":["https:\/\/oponixo.shop\/tire\/wp-content\/uploads\/2026\/01\/allegro-image-17042-300x300.jpg",300,300,true],"woocommerce_single":["https:\/\/oponixo.shop\/tire\/wp-content\/uploads\/2026\/01\/allegro-image-17042-600x563.jpg",600,563,true],"woocommerce_gallery_thumbnail":["https:\/\/oponixo.shop\/tire\/wp-content\/uploads\/2026\/01\/allegro-image-17042-100x100.jpg",100,100,true]},"uagb_author_info":{"display_name":"admin","author_link":"https:\/\/oponixo.shop\/tire\/author\/"},"uagb_comment_info":0,"uagb_excerpt":"Rok produkcji: 2024 BRIDGESTONE Dueler All Terrain A\/T002 245\/70R17 114T XL G15H0J Data produkcji : 2024 Hamowanie na mokrej nawierzchni : C Indeks : 245\/70R17 LTBR 114T DAT Indeks no\u015bno\u015bci : 114 Indeks pr\u0119dko\u015bci : T - 190 km\/h","_links":{"self":[{"href":"https:\/\/oponixo.shop\/tire\/wp-json\/wp\/v2\/product\/17042","targetHints":{"allow":["GET"]}}],"collection":[{"href":"https:\/\/oponixo.shop\/tire\/wp-json\/wp\/v2\/product"}],"about":[{"href":"https:\/\/oponixo.shop\/tire\/wp-json\/wp\/v2\/types\/product"}],"wp:featuredmedia":[{"embeddable":true,"href":"https:\/\/oponixo.shop\/tire\/wp-json\/wp\/v2\/media\/17043"}],"wp:attachment":[{"href":"https:\/\/oponixo.shop\/tire\/wp-json\/wp\/v2\/media?parent=17042"}],"wp:term":[{"taxonomy":"product_brand","embeddable":true,"href":"https:\/\/oponixo.shop\/tire\/wp-json\/wp\/v2\/product_brand?post=17042"},{"taxonomy":"product_cat","embeddable":true,"href":"https:\/\/oponixo.shop\/tire\/wp-json\/wp\/v2\/product_cat?post=17042"},{"taxonomy":"product_tag","embeddable":true,"href":"https:\/\/oponixo.shop\/tire\/wp-json\/wp\/v2\/product_tag?post=17042"}],"curies":[{"name":"wp","href":"https:\/\/api.w.org\/{rel}","templated":true}]}}