{"id":17048,"date":"2026-01-17T17:02:11","date_gmt":"2026-01-17T16:02:11","guid":{"rendered":"https:\/\/oponyonline.shop\/xef5\/produkt\/1x-opona-caloroczna-245-70r17-falken-wildpeak-a-t-at3wa\/"},"modified":"2026-01-17T17:02:11","modified_gmt":"2026-01-17T16:02:11","slug":"1x-opona-caloroczna-245-70r17-falken-wildpeak-a-t-at3wa","status":"publish","type":"product","link":"https:\/\/oponixo.shop\/tire\/produkt\/1x-opona-caloroczna-245-70r17-falken-wildpeak-a-t-at3wa\/","title":{"rendered":"1x opona ca\u0142oroczna 245\/70R17 Falken WILDPEAK A\/T AT3WA"},"content":{"rendered":"<div style=\"font-family: Arial, sans-serif; line-height: 1.6; color: #333; padding: 20px; clear: both; display: block; width: 100%; float: none; position: static; overflow: hidden;\">\n<div style=\"clear: both; display: block; margin: 10px 0;\">\n<div style=\"clear: both; display: block; margin: 10px 0;\">\n<div style=\"clear: both; display: block; margin: 10px 0;\">\n<div  style=\"max-width:900px;max-height:225px\">\n<div style=\"clear: both; display: block; margin: 10px 0;\">\n<div style=\"clear: both; width: 100%; display: block; margin: 20px 0; padding: 0; float: none; position: static; text-align: center;\"><img decoding=\"async\"  src=\"https:\/\/a.allegroimg.com\/original\/11567c\/30406a0446acacd4eecb33eb289d\/1x-opona-caloroczna-245-70R17-Falken-WILDPEAK-A-T-AT3WA-Rok-produkcji-2024\" srcset=\"https:\/\/a.allegroimg.com\/original\/11567c\/30406a0446acacd4eecb33eb289d\/1x-opona-caloroczna-245-70R17-Falken-WILDPEAK-A-T-AT3WA-Rok-produkcji-2024 360w,https:\/\/a.allegroimg.com\/original\/11567c\/30406a0446acacd4eecb33eb289d\/1x-opona-caloroczna-245-70R17-Falken-WILDPEAK-A-T-AT3WA-Rok-produkcji-2024 720w,https:\/\/a.allegroimg.com\/original\/11567c\/30406a0446acacd4eecb33eb289d\/1x-opona-caloroczna-245-70R17-Falken-WILDPEAK-A-T-AT3WA-Rok-produkcji-2024 900w,https:\/\/a.allegroimg.com\/original\/11567c\/30406a0446acacd4eecb33eb289d\/1x-opona-caloroczna-245-70R17-Falken-WILDPEAK-A-T-AT3WA-Rok-produkcji-2024 900w\" sizes=\"100vw\" width=\"900px\" alt=\"1x opona ca\u0142oroczna 245\/70R17 Falken WILDPEAK A\/T AT3WA Rok produkcji 2024\" style=\"max-width: 100%; height: auto; display: block; margin: 0 auto;\"><\/div>\n<\/div>\n<\/div>\n<\/div>\n<\/div>\n<\/div>\n<div style=\"clear: both; display: block; margin: 10px 0;\">\n<div style=\"clear: both; display: block; margin: 10px 0;\">\n<div style=\"clear: both; display: block; margin: 10px 0;\">\n<div  style=\"max-width:648px;max-height:920px\">\n<div style=\"clear: both; display: block; margin: 10px 0;\">\n<div style=\"clear: both; width: 100%; display: block; margin: 20px 0; padding: 0; float: none; position: static; text-align: center;\"><img decoding=\"async\"  src=\"https:\/\/a.allegroimg.com\/original\/110d39\/dbdf8b5f4a3ab976e7ad5ff190a7\/1x-opona-caloroczna-245-70R17-Falken-WILDPEAK-A-T-AT3WA\" srcset=\"https:\/\/a.allegroimg.com\/original\/110d39\/dbdf8b5f4a3ab976e7ad5ff190a7\/1x-opona-caloroczna-245-70R17-Falken-WILDPEAK-A-T-AT3WA 253w,https:\/\/a.allegroimg.com\/original\/110d39\/dbdf8b5f4a3ab976e7ad5ff190a7\/1x-opona-caloroczna-245-70R17-Falken-WILDPEAK-A-T-AT3WA 507w,https:\/\/a.allegroimg.com\/original\/110d39\/dbdf8b5f4a3ab976e7ad5ff190a7\/1x-opona-caloroczna-245-70R17-Falken-WILDPEAK-A-T-AT3WA 648w,https:\/\/a.allegroimg.com\/original\/110d39\/dbdf8b5f4a3ab976e7ad5ff190a7\/1x-opona-caloroczna-245-70R17-Falken-WILDPEAK-A-T-AT3WA 648w\" sizes=\"(min-width: 1200px) 560px, (min-width: 992px) 50vw, 100vw\" width=\"648px\" alt=\"1x opona ca\u0142oroczna 245\/70R17 Falken WILDPEAK A\/T AT3WA\" style=\"max-width: 100%; height: auto; display: block; margin: 0 auto;\"><\/div>\n<\/div>\n<\/div>\n<\/div>\n<\/div>\n<div style=\"clear: both; display: block; margin: 10px 0;\">\n<div style=\"clear: both; display: block; margin: 10px 0;\">\n<h1>Cechy Opony:<\/h1>\n<ul style=\"margin: 15px 0; padding-left: 20px; clear: both; display: block; width: 100%; float: none; position: static;\">\n<li style=\"margin: 5px 0; padding: 2px 0; clear: both; display: list-item; float: none; position: static;\">Stan: <b>Fabrycznie nowa<\/b><\/li>\n<\/ul>\n<ul style=\"margin: 15px 0; padding-left: 20px; clear: both; display: block; width: 100%; float: none; position: static;\">\n<li style=\"margin: 5px 0; padding: 2px 0; clear: both; display: list-item; float: none; position: static;\">Dystrybucja: <b>Oficjalny dystrybutor w Polsce<\/b><\/li>\n<\/ul>\n<ul style=\"margin: 15px 0; padding-left: 20px; clear: both; display: block; width: 100%; float: none; position: static;\">\n<li style=\"margin: 5px 0; padding: 2px 0; clear: both; display: list-item; float: none; position: static;\">Sezon: <b>ca\u0142oroczne<\/b><\/li>\n<\/ul>\n<ul style=\"margin: 15px 0; padding-left: 20px; clear: both; display: block; width: 100%; float: none; position: static;\">\n<li style=\"margin: 5px 0; padding: 2px 0; clear: both; display: list-item; float: none; position: static;\">Producent: <b>Falken<\/b><\/li>\n<\/ul>\n<ul style=\"margin: 15px 0; padding-left: 20px; clear: both; display: block; width: 100%; float: none; position: static;\">\n<li style=\"margin: 5px 0; padding: 2px 0; clear: both; display: list-item; float: none; position: static;\">Bie\u017cnik: <b>WILDPEAK A\/T AT3WA<\/b><\/li>\n<\/ul>\n<ul style=\"margin: 15px 0; padding-left: 20px; clear: both; display: block; width: 100%; float: none; position: static;\">\n<li style=\"margin: 5px 0; padding: 2px 0; clear: both; display: list-item; float: none; position: static;\">Rozmiar: <b>245\/70R17<\/b><\/li>\n<\/ul>\n<ul style=\"margin: 15px 0; padding-left: 20px; clear: both; display: block; width: 100%; float: none; position: static;\">\n<li style=\"margin: 5px 0; padding: 2px 0; clear: both; display: list-item; float: none; position: static;\">Indeks no\u015bno\u015bci: <b>114<\/b><\/li>\n<\/ul>\n<ul style=\"margin: 15px 0; padding-left: 20px; clear: both; display: block; width: 100%; float: none; position: static;\">\n<li style=\"margin: 5px 0; padding: 2px 0; clear: both; display: list-item; float: none; position: static;\">Indeks pr\u0119dko\u015bci: <b>T<\/b><\/li>\n<\/ul>\n<ul style=\"margin: 15px 0; padding-left: 20px; clear: both; display: block; width: 100%; float: none; position: static;\">\n<li style=\"margin: 5px 0; padding: 2px 0; clear: both; display: list-item; float: none; position: static;\">Rok produkcji:<b> 2024<\/b><\/li>\n<\/ul>\n<ul style=\"margin: 15px 0; padding-left: 20px; clear: both; display: block; width: 100%; float: none; position: static;\">\n<li style=\"margin: 5px 0; padding: 2px 0; clear: both; display: list-item; float: none; position: static;\">EAN: <b>4250427421759<\/b><\/li>\n<\/ul>\n<ul style=\"margin: 15px 0; padding-left: 20px; clear: both; display: block; width: 100%; float: none; position: static;\">\n<li style=\"margin: 5px 0; padding: 2px 0; clear: both; display: list-item; float: none; position: static;\">Wzmocniona konstrukcja (XL): <b>Tak<\/b><\/li>\n<\/ul><\/div>\n<\/div>\n<\/div>\n<div style=\"clear: both; display: block; margin: 10px 0;\">\n<div style=\"clear: both; display: block; margin: 10px 0;\">\n<div style=\"clear: both; display: block; margin: 10px 0;\">\n<h2>Zu\u017cycie paliwa \/ opory toczenia<\/h2>\n<p style=\"margin: 15px 0; line-height: 1.8; clear: both; display: block; width: 100%; float: none; position: static;\">Klasa A okre\u015bla opony o najmniejszych oporach toczenia, klasa E o najwi\u0119kszych. Op\u00f3r toczenia wp\u0142ywa na zu\u017cycie paliwa oraz emisj\u0119 spalin przez samoch\u00f3d. Im ni\u017cszy op\u00f3r toczenia, tym wi\u0119ksza oszcz\u0119dno\u015b\u0107 paliwa i mniejszy wp\u0142yw na \u015brodowisko.<\/p>\n<p style=\"margin: 15px 0; line-height: 1.8; clear: both; display: block; width: 100%; float: none; position: static;\">\n<h2>Przyczepno\u015b\u0107 na mokrej nawierzchni \/ droga hamowania<\/h2>\n<p style=\"margin: 15px 0; line-height: 1.8; clear: both; display: block; width: 100%; float: none; position: static;\">Klasa A oznacza najkr\u00f3tsz\u0105, a E najd\u0142u\u017csz\u0105 drog\u0119 hamowania na mokrej nawierzchni. Parametr ten zwi\u0105zany jest z przyczepno\u015bci\u0105 opony podczas jazdy po mokrej drodze, co ma znaczenie dla bezpiecze\u0144stwa podr\u00f3\u017cowania. Im wy\u017csza klasa, tym lepsze w\u0142a\u015bciwo\u015bci ogumienia.<\/p>\n<p style=\"margin: 15px 0; line-height: 1.8; clear: both; display: block; width: 100%; float: none; position: static;\">\n<h2>Zewn\u0119trzny ha\u0142as toczenia \/ emisja ha\u0142asu<\/h2>\n<p style=\"margin: 15px 0; line-height: 1.8; clear: both; display: block; width: 100%; float: none; position: static;\">Klasa A przeznaczona jest dla najcichszych opon, B i C \u2013 dla g\u0142o\u015bniejszych. Wp\u0142ywa na komfort podr\u00f3\u017cowania samochodem. Ha\u0142as, kt\u00f3ry powstaje przy toczeniu si\u0119 opony jest wyra\u017cony w decybelach. Im ni\u017csza liczba tym cichsza opona.<\/p>\n<p style=\"margin: 15px 0; line-height: 1.8; clear: both; display: block; width: 100%; float: none; position: static;\">\n<\/div>\n<\/div>\n<div style=\"clear: both; display: block; margin: 10px 0;\">\n<div style=\"clear: both; display: block; margin: 10px 0;\">\n<div  style=\"max-width:738px;max-height:1082px\">\n<div style=\"clear: both; display: block; margin: 10px 0;\">\n<div style=\"clear: both; width: 100%; display: block; margin: 20px 0; padding: 0; float: none; position: static; text-align: center;\"><img decoding=\"async\"  src=\"https:\/\/a.allegroimg.com\/original\/111c53\/a807a739480b96729ad009838688\/1x-opona-caloroczna-245-70R17-Falken-WILDPEAK-A-T-AT3WA-Liczba-opon-w-ofercie-1-szt\" srcset=\"https:\/\/a.allegroimg.com\/original\/111c53\/a807a739480b96729ad009838688\/1x-opona-caloroczna-245-70R17-Falken-WILDPEAK-A-T-AT3WA-Liczba-opon-w-ofercie-1-szt 245w,https:\/\/a.allegroimg.com\/original\/111c53\/a807a739480b96729ad009838688\/1x-opona-caloroczna-245-70R17-Falken-WILDPEAK-A-T-AT3WA-Liczba-opon-w-ofercie-1-szt 491w,https:\/\/a.allegroimg.com\/original\/111c53\/a807a739480b96729ad009838688\/1x-opona-caloroczna-245-70R17-Falken-WILDPEAK-A-T-AT3WA-Liczba-opon-w-ofercie-1-szt 698w,https:\/\/a.allegroimg.com\/original\/111c53\/a807a739480b96729ad009838688\/1x-opona-caloroczna-245-70R17-Falken-WILDPEAK-A-T-AT3WA-Liczba-opon-w-ofercie-1-szt 738w,https:\/\/a.allegroimg.com\/original\/111c53\/a807a739480b96729ad009838688\/1x-opona-caloroczna-245-70R17-Falken-WILDPEAK-A-T-AT3WA-Liczba-opon-w-ofercie-1-szt 738w\" sizes=\"(min-width: 1200px) 560px, (min-width: 992px) 50vw, 100vw\" width=\"738px\" alt=\"1x opona ca\u0142oroczna 245\/70R17 Falken WILDPEAK A\/T AT3WA Liczba opon w ofercie 1 szt.\" style=\"max-width: 100%; height: auto; display: block; margin: 0 auto;\"><\/div>\n<\/div>\n<\/div>\n<\/div>\n<\/div>\n<\/div>\n<div style=\"clear: both; display: block; margin: 10px 0;\">\n<div style=\"clear: both; display: block; margin: 10px 0;\">\n<div style=\"clear: both; display: block; margin: 10px 0;\">\n<div  style=\"max-width:900px;max-height:225px\">\n<div style=\"clear: both; display: block; margin: 10px 0;\">\n<div style=\"clear: both; width: 100%; display: block; margin: 20px 0; padding: 0; float: none; position: static; text-align: center;\"><img decoding=\"async\"  src=\"https:\/\/a.allegroimg.com\/original\/11567c\/30406a0446acacd4eecb33eb289d\/1x-opona-caloroczna-245-70R17-Falken-WILDPEAK-A-T-AT3WA-Rok-produkcji-2024\" srcset=\"https:\/\/a.allegroimg.com\/original\/11567c\/30406a0446acacd4eecb33eb289d\/1x-opona-caloroczna-245-70R17-Falken-WILDPEAK-A-T-AT3WA-Rok-produkcji-2024 360w,https:\/\/a.allegroimg.com\/original\/11567c\/30406a0446acacd4eecb33eb289d\/1x-opona-caloroczna-245-70R17-Falken-WILDPEAK-A-T-AT3WA-Rok-produkcji-2024 720w,https:\/\/a.allegroimg.com\/original\/11567c\/30406a0446acacd4eecb33eb289d\/1x-opona-caloroczna-245-70R17-Falken-WILDPEAK-A-T-AT3WA-Rok-produkcji-2024 900w,https:\/\/a.allegroimg.com\/original\/11567c\/30406a0446acacd4eecb33eb289d\/1x-opona-caloroczna-245-70R17-Falken-WILDPEAK-A-T-AT3WA-Rok-produkcji-2024 900w\" sizes=\"(min-width: 1200px) 560px, (min-width: 992px) 50vw, 100vw\" width=\"900px\" alt=\"1x opona ca\u0142oroczna 245\/70R17 Falken WILDPEAK A\/T AT3WA Rok produkcji 2024\" style=\"max-width: 100%; height: auto; display: block; margin: 0 auto;\"><\/div>\n<\/div>\n<\/div>\n<\/div>\n<\/div>\n<div style=\"clear: both; display: block; margin: 10px 0;\">\n<div style=\"clear: both; display: block; margin: 10px 0;\">\n<h2>O producencie<\/h2>\n<p style=\"margin: 15px 0; line-height: 1.8; clear: both; display: block; width: 100%; float: none; position: static;\">Firma Falken wywodzi si\u0119 z Japonii i nale\u017cy do koncernu Sumitomo Rubber Industries. Na rynku dzia\u0142a od 1983 r. Pocz\u0105tkowo zajmowa\u0142a si\u0119 produkcj\u0105 opon sportowych, ale z czasem rozszerzy\u0142a swoj\u0105 ofert\u0119 r\u00f3wnie\u017c na inne modele. Projektanci ogumienia Falken opracowywali technologie dla swoich opon w oparciu o testy prowadzone na torach wy\u015bcigowych.<\/p>\n<\/div>\n<\/div>\n<\/div>\n<\/div>\n<\/div>\n<\/div>\n<div style=\"clear: both; display: block; margin: 10px 0;\">\n","protected":false},"excerpt":{"rendered":"<p>Cechy Opony:<\/p>\n<p>Stan: Fabrycznie nowa<\/p>\n<p>Dystrybucja: Oficjalny dystrybutor w Polsce<\/p>\n<p>Sezon: ca\u0142oroczne<\/p>\n<p>Producent: Falken<\/p>\n<p>Bie\u017cnik: WILDPEAK A\/T AT3WA<\/p>\n<p>Rozmiar: 245\/70R17<\/p>\n<p>Indeks no\u015bno\u015bci: 114<\/p>\n","protected":false},"featured_media":17049,"template":"","meta":{"_uag_custom_page_level_css":""},"product_brand":[451],"product_cat":[416,428,413,412],"product_tag":[],"class_list":{"0":"post-17048","1":"product","2":"type-product","3":"status-publish","4":"has-post-thumbnail","6":"product_brand-falken","7":"product_cat-caloroczne","8":"product_cat-do-samochodow-terenowych-i-4x4","9":"product_cat-opony","10":"product_cat-opony-i-felgi","12":"first","13":"instock","14":"shipping-taxable","15":"purchasable","16":"product-type-simple"},"uagb_featured_image_src":{"full":["https:\/\/oponixo.shop\/tire\/wp-content\/uploads\/2026\/01\/allegro-image-17048.jpg",648,920,false],"thumbnail":["https:\/\/oponixo.shop\/tire\/wp-content\/uploads\/2026\/01\/allegro-image-17048-150x150.jpg",150,150,true],"medium":["https:\/\/oponixo.shop\/tire\/wp-content\/uploads\/2026\/01\/allegro-image-17048-211x300.jpg",211,300,true],"medium_large":["https:\/\/oponixo.shop\/tire\/wp-content\/uploads\/2026\/01\/allegro-image-17048.jpg",648,920,false],"large":["https:\/\/oponixo.shop\/tire\/wp-content\/uploads\/2026\/01\/allegro-image-17048.jpg",648,920,false],"1536x1536":["https:\/\/oponixo.shop\/tire\/wp-content\/uploads\/2026\/01\/allegro-image-17048.jpg",648,920,false],"2048x2048":["https:\/\/oponixo.shop\/tire\/wp-content\/uploads\/2026\/01\/allegro-image-17048.jpg",648,920,false],"woocommerce_thumbnail":["https:\/\/oponixo.shop\/tire\/wp-content\/uploads\/2026\/01\/allegro-image-17048-300x300.jpg",300,300,true],"woocommerce_single":["https:\/\/oponixo.shop\/tire\/wp-content\/uploads\/2026\/01\/allegro-image-17048-600x852.jpg",600,852,true],"woocommerce_gallery_thumbnail":["https:\/\/oponixo.shop\/tire\/wp-content\/uploads\/2026\/01\/allegro-image-17048-100x100.jpg",100,100,true]},"uagb_author_info":{"display_name":"admin","author_link":"https:\/\/oponixo.shop\/tire\/author\/"},"uagb_comment_info":0,"uagb_excerpt":"Cechy Opony: Stan: Fabrycznie nowa Dystrybucja: Oficjalny dystrybutor w Polsce Sezon: ca\u0142oroczne Producent: Falken Bie\u017cnik: WILDPEAK A\/T AT3WA Rozmiar: 245\/70R17 Indeks no\u015bno\u015bci: 114","_links":{"self":[{"href":"https:\/\/oponixo.shop\/tire\/wp-json\/wp\/v2\/product\/17048","targetHints":{"allow":["GET"]}}],"collection":[{"href":"https:\/\/oponixo.shop\/tire\/wp-json\/wp\/v2\/product"}],"about":[{"href":"https:\/\/oponixo.shop\/tire\/wp-json\/wp\/v2\/types\/product"}],"wp:featuredmedia":[{"embeddable":true,"href":"https:\/\/oponixo.shop\/tire\/wp-json\/wp\/v2\/media\/17049"}],"wp:attachment":[{"href":"https:\/\/oponixo.shop\/tire\/wp-json\/wp\/v2\/media?parent=17048"}],"wp:term":[{"taxonomy":"product_brand","embeddable":true,"href":"https:\/\/oponixo.shop\/tire\/wp-json\/wp\/v2\/product_brand?post=17048"},{"taxonomy":"product_cat","embeddable":true,"href":"https:\/\/oponixo.shop\/tire\/wp-json\/wp\/v2\/product_cat?post=17048"},{"taxonomy":"product_tag","embeddable":true,"href":"https:\/\/oponixo.shop\/tire\/wp-json\/wp\/v2\/product_tag?post=17048"}],"curies":[{"name":"wp","href":"https:\/\/api.w.org\/{rel}","templated":true}]}}