{"id":17073,"date":"2026-01-17T18:39:08","date_gmt":"2026-01-17T17:39:08","guid":{"rendered":"https:\/\/oponyonline.shop\/xef5\/produkt\/2-opony-caloroczne-155-65r14-75t-leao-i-green-all-season\/"},"modified":"2026-01-17T18:39:09","modified_gmt":"2026-01-17T17:39:09","slug":"2-opony-caloroczne-155-65r14-75t-leao-i-green-all-season","status":"publish","type":"product","link":"https:\/\/oponixo.shop\/tire\/produkt\/2-opony-caloroczne-155-65r14-75t-leao-i-green-all-season\/","title":{"rendered":"2 opony ca\u0142oroczne 155\/65R14 75T Leao i-Green All Season"},"content":{"rendered":"<div style=\"font-family: Arial, sans-serif; line-height: 1.6; color: #333; padding: 20px; clear: both; display: block; width: 100%; float: none; position: static; overflow: hidden;\">\n<div style=\"clear: both; display: block; margin: 10px 0;\">\n<div style=\"clear: both; display: block; margin: 10px 0;\">\n<div style=\"clear: both; display: block; margin: 10px 0;\">\n<ul style=\"margin: 15px 0; padding-left: 20px; clear: both; display: block; width: 100%; float: none; position: static;\">\n<li style=\"margin: 5px 0; padding: 2px 0; clear: both; display: list-item; float: none; position: static;\">MARKA\/MODEL: <b>Leao i-Green All Season<\/b><\/li>\n<li style=\"margin: 5px 0; padding: 2px 0; clear: both; display: list-item; float: none; position: static;\">ROZMIAR OPON: <b> 155\/65R14<\/b><\/li>\n<li style=\"margin: 5px 0; padding: 2px 0; clear: both; display: list-item; float: none; position: static;\">INDEKS PR\u0118DKO\u015aCI: <b>T<\/b><\/li>\n<li style=\"margin: 5px 0; padding: 2px 0; clear: both; display: list-item; float: none; position: static;\">INDEKS NO\u015aNO\u015aCI: <b>75<\/b><\/li>\n<li style=\"margin: 5px 0; padding: 2px 0; clear: both; display: list-item; float: none; position: static;\">DATA PRODUKCJI: <b>nie starsze ni\u017c marzec 2025<\/b><\/li>\n<li style=\"margin: 5px 0; padding: 2px 0; clear: both; display: list-item; float: none; position: static;\">SEZON: <b>Ca\u0142oroczne<\/b><\/li>\n<li style=\"margin: 5px 0; padding: 2px 0; clear: both; display: list-item; float: none; position: static;\">STAN: <b>Nowy<\/b><\/li>\n<li style=\"margin: 5px 0; padding: 2px 0; clear: both; display: list-item; float: none; position: static;\">RANT OCHRONNY NA FELG\u0118: <b>Brak<\/b><\/li>\n<li style=\"margin: 5px 0; padding: 2px 0; clear: both; display: list-item; float: none; position: static;\">DODATKOWE OZNACZENIA: <\/li>\n<\/ul>\n<p style=\"margin: 15px 0; line-height: 1.8; clear: both; display: block; width: 100%; float: none; position: static;\"><b>Leao<\/b> w ca\u0142orocznym bie\u017cniku <b>iGreen All Season<\/b> posiada nowoczesny <b>kierunkowy<\/b> wz\u00f3r bie\u017cnika. Przeznaczona jest do aut <b>osobowych<\/b>. Zapewnia dobre hamowanie na <b>mokrej<\/b> i <b>suchej<\/b> nawierzchni. Szerokie rowki boczne efektywnie <b>odprowadzaj\u0105<\/b> wod\u0119, a tak\u017ce przyczyniaj\u0105 si\u0119 do szybkiego osuszania opony, tym samym skutecznie ograniczaj\u0105c ryzyko <b>aquaplaningu<\/b>. Zapewnia optymaln\u0105 <b>przyczepno\u015b\u0107<\/b> na \u015bniegu. Zr\u00f3wnowa\u017cone <b>osi\u0105gi<\/b> gwarantuj\u0105 pe\u0142ne <b>bezpiecze\u0144stwo<\/b> przez ca\u0142y rok. Opona zapewnia <b>stabilno\u015b\u0107<\/b> i <b>komfort<\/b> prowadzenia. Niew\u0105tpliw\u0105 zalet\u0105 jest dobry stosunek jako\u015bci do <b>ceny<\/b>. Kupuj\u0105c produkt tej marki wybierasz <b>solidnie<\/b> wykonan\u0105, <b>trwa\u0142\u0105<\/b> i ciesz\u0105c\u0105 si\u0119 uznaniem kierowc\u00f3w, opon\u0119.<\/p>\n<\/div>\n<\/div>\n<div style=\"clear: both; display: block; margin: 10px 0;\">\n<div style=\"clear: both; display: block; margin: 10px 0;\">\n<div  style=\"max-width:500px;max-height:743px\">\n<div style=\"clear: both; display: block; margin: 10px 0;\">\n<div style=\"clear: both; width: 100%; display: block; margin: 20px 0; padding: 0; float: none; position: static; text-align: center;\"><img decoding=\"async\"  src=\"https:\/\/a.allegroimg.com\/original\/11cb3b\/d684c2c7485aa9e5798e76452f21\/2-opony-caloroczne-155-65R14-75T-Leao-i-Green-All-Season\" srcset=\"https:\/\/a.allegroimg.com\/original\/11cb3b\/d684c2c7485aa9e5798e76452f21\/2-opony-caloroczne-155-65R14-75T-Leao-i-Green-All-Season 242w,https:\/\/a.allegroimg.com\/original\/11cb3b\/d684c2c7485aa9e5798e76452f21\/2-opony-caloroczne-155-65R14-75T-Leao-i-Green-All-Season 484w,https:\/\/a.allegroimg.com\/original\/11cb3b\/d684c2c7485aa9e5798e76452f21\/2-opony-caloroczne-155-65R14-75T-Leao-i-Green-All-Season 500w,https:\/\/a.allegroimg.com\/original\/11cb3b\/d684c2c7485aa9e5798e76452f21\/2-opony-caloroczne-155-65R14-75T-Leao-i-Green-All-Season 500w\" sizes=\"(min-width: 1200px) 560px, (min-width: 992px) 50vw, 100vw\" width=\"500px\" alt=\"2 opony ca\u0142oroczne 155\/65R14 75T Leao i-Green All Season\" style=\"max-width: 100%; height: auto; display: block; margin: 0 auto;\"><\/div>\n<\/div>\n<\/div>\n<\/div>\n<\/div>\n<\/div>\n<div style=\"clear: both; display: block; margin: 10px 0;\">\n<div style=\"clear: both; display: block; margin: 10px 0;\">\n<div style=\"clear: both; display: block; margin: 10px 0;\">\n<div  style=\"max-width:213px;max-height:312px\">\n<div style=\"clear: both; display: block; margin: 10px 0;\">\n<div style=\"clear: both; width: 100%; display: block; margin: 20px 0; padding: 0; float: none; position: static; text-align: center;\"><img decoding=\"async\"  src=\"https:\/\/a.allegroimg.com\/original\/114064\/6cd745904b45bf2f33c30aaeba96\/2-opony-caloroczne-155-65R14-75T-Leao-i-Green-All-Season-Liczba-opon-w-ofercie-2-szt\" srcset=\"https:\/\/a.allegroimg.com\/original\/114064\/6cd745904b45bf2f33c30aaeba96\/2-opony-caloroczne-155-65R14-75T-Leao-i-Green-All-Season-Liczba-opon-w-ofercie-2-szt 213w,https:\/\/a.allegroimg.com\/original\/114064\/6cd745904b45bf2f33c30aaeba96\/2-opony-caloroczne-155-65R14-75T-Leao-i-Green-All-Season-Liczba-opon-w-ofercie-2-szt 213w\" sizes=\"100vw\" width=\"213px\" alt=\"2 opony ca\u0142oroczne 155\/65R14 75T Leao i-Green All Season Liczba opon w ofercie 2 szt.\" style=\"max-width: 100%; height: auto; display: block; margin: 0 auto;\"><\/div>\n<\/div>\n<\/div>\n<\/div>\n<\/div>\n<\/div>\n<div style=\"clear: both; display: block; margin: 10px 0;\">\n<div style=\"clear: both; display: block; margin: 10px 0;\">\n<div style=\"clear: both; display: block; margin: 10px 0;\">\n<h2>Na naszych innych aukcjach Allegro znajdziesz felgi stalowe i aluminiowe, czujniki (TPMS) oraz \u015bruby i nakr\u0119tki.<\/h2>\n<\/div>\n<\/div>\n<\/div>\n<\/div>\n<\/div>\n<\/div>\n<div style=\"clear: both; display: block; margin: 10px 0;\">\n","protected":false},"excerpt":{"rendered":"<p>MARKA\/MODEL: Leao i-Green All Season<\/p>\n<p>ROZMIAR OPON: 155\/65R14<\/p>\n<p>INDEKS PR\u0118DKO\u015aCI: T<\/p>\n<p>INDEKS NO\u015aNO\u015aCI: 75<\/p>\n<p>DATA PRODUKCJI: nie starsze ni\u017c marzec 2025<\/p>\n<p>SEZON: Ca\u0142oroczne<\/p>\n<p>STAN: Nowy<\/p>\n<p>RANT OCHRONNY NA FELG\u0118: Brak<\/p>\n","protected":false},"featured_media":17074,"template":"","meta":{"_uag_custom_page_level_css":""},"product_brand":[465],"product_cat":[416,414,413,412],"product_tag":[],"class_list":{"0":"post-17073","1":"product","2":"type-product","3":"status-publish","4":"has-post-thumbnail","6":"product_brand-leao","7":"product_cat-caloroczne","8":"product_cat-do-samochodow-osobowych-i-suv","9":"product_cat-opony","10":"product_cat-opony-i-felgi","12":"first","13":"instock","14":"shipping-taxable","15":"purchasable","16":"product-type-simple"},"uagb_featured_image_src":{"full":["https:\/\/oponixo.shop\/tire\/wp-content\/uploads\/2026\/01\/allegro-image-17073.jpg",500,743,false],"thumbnail":["https:\/\/oponixo.shop\/tire\/wp-content\/uploads\/2026\/01\/allegro-image-17073-150x150.jpg",150,150,true],"medium":["https:\/\/oponixo.shop\/tire\/wp-content\/uploads\/2026\/01\/allegro-image-17073-202x300.jpg",202,300,true],"medium_large":["https:\/\/oponixo.shop\/tire\/wp-content\/uploads\/2026\/01\/allegro-image-17073.jpg",500,743,false],"large":["https:\/\/oponixo.shop\/tire\/wp-content\/uploads\/2026\/01\/allegro-image-17073.jpg",500,743,false],"1536x1536":["https:\/\/oponixo.shop\/tire\/wp-content\/uploads\/2026\/01\/allegro-image-17073.jpg",500,743,false],"2048x2048":["https:\/\/oponixo.shop\/tire\/wp-content\/uploads\/2026\/01\/allegro-image-17073.jpg",500,743,false],"woocommerce_thumbnail":["https:\/\/oponixo.shop\/tire\/wp-content\/uploads\/2026\/01\/allegro-image-17073-300x300.jpg",300,300,true],"woocommerce_single":["https:\/\/oponixo.shop\/tire\/wp-content\/uploads\/2026\/01\/allegro-image-17073.jpg",500,743,false],"woocommerce_gallery_thumbnail":["https:\/\/oponixo.shop\/tire\/wp-content\/uploads\/2026\/01\/allegro-image-17073-100x100.jpg",100,100,true]},"uagb_author_info":{"display_name":"admin","author_link":"https:\/\/oponixo.shop\/tire\/author\/"},"uagb_comment_info":0,"uagb_excerpt":"MARKA\/MODEL: Leao i-Green All Season ROZMIAR OPON: 155\/65R14 INDEKS PR\u0118DKO\u015aCI: T INDEKS NO\u015aNO\u015aCI: 75 DATA PRODUKCJI: nie starsze ni\u017c marzec 2025 SEZON: Ca\u0142oroczne STAN: Nowy RANT OCHRONNY NA FELG\u0118: Brak","_links":{"self":[{"href":"https:\/\/oponixo.shop\/tire\/wp-json\/wp\/v2\/product\/17073","targetHints":{"allow":["GET"]}}],"collection":[{"href":"https:\/\/oponixo.shop\/tire\/wp-json\/wp\/v2\/product"}],"about":[{"href":"https:\/\/oponixo.shop\/tire\/wp-json\/wp\/v2\/types\/product"}],"wp:featuredmedia":[{"embeddable":true,"href":"https:\/\/oponixo.shop\/tire\/wp-json\/wp\/v2\/media\/17074"}],"wp:attachment":[{"href":"https:\/\/oponixo.shop\/tire\/wp-json\/wp\/v2\/media?parent=17073"}],"wp:term":[{"taxonomy":"product_brand","embeddable":true,"href":"https:\/\/oponixo.shop\/tire\/wp-json\/wp\/v2\/product_brand?post=17073"},{"taxonomy":"product_cat","embeddable":true,"href":"https:\/\/oponixo.shop\/tire\/wp-json\/wp\/v2\/product_cat?post=17073"},{"taxonomy":"product_tag","embeddable":true,"href":"https:\/\/oponixo.shop\/tire\/wp-json\/wp\/v2\/product_tag?post=17073"}],"curies":[{"name":"wp","href":"https:\/\/api.w.org\/{rel}","templated":true}]}}