{"id":17075,"date":"2026-01-17T18:39:09","date_gmt":"2026-01-17T17:39:09","guid":{"rendered":"https:\/\/oponyonline.shop\/xef5\/produkt\/4x-opona-datex-155-80r15-wr075-classic-82s-tl\/"},"modified":"2026-01-17T18:39:09","modified_gmt":"2026-01-17T17:39:09","slug":"4x-opona-datex-155-80r15-wr075-classic-82s-tl","status":"publish","type":"product","link":"https:\/\/oponixo.shop\/tire\/produkt\/4x-opona-datex-155-80r15-wr075-classic-82s-tl\/","title":{"rendered":"4x Opona DATEX 155\/80R15 WR075 Classic 82S TL"},"content":{"rendered":"<div style=\"font-family: Arial, sans-serif; line-height: 1.6; color: #333; padding: 20px; clear: both; display: block; width: 100%; float: none; position: static; overflow: hidden;\">\n<div style=\"clear: both; display: block; margin: 10px 0;\">\n<div style=\"clear: both; display: block; margin: 10px 0;\">\n<div style=\"clear: both; display: block; margin: 10px 0;\">\n<div  style=\"max-width:591px;max-height:720px\">\n<div style=\"clear: both; display: block; margin: 10px 0;\">\n<div style=\"clear: both; width: 100%; display: block; margin: 20px 0; padding: 0; float: none; position: static; text-align: center;\"><img decoding=\"async\"  src=\"https:\/\/a.allegroimg.com\/original\/11f3f3\/6882b4724176a0554c43298697fc\/4x-Opona-DATEX-155-80R15-WR075-Classic-82S-TL\" srcset=\"https:\/\/a.allegroimg.com\/original\/11f3f3\/6882b4724176a0554c43298697fc\/4x-Opona-DATEX-155-80R15-WR075-Classic-82S-TL 295w,https:\/\/a.allegroimg.com\/original\/11f3f3\/6882b4724176a0554c43298697fc\/4x-Opona-DATEX-155-80R15-WR075-Classic-82S-TL 591w,https:\/\/a.allegroimg.com\/original\/11f3f3\/6882b4724176a0554c43298697fc\/4x-Opona-DATEX-155-80R15-WR075-Classic-82S-TL 591w\" sizes=\"(min-width: 1200px) 560px, (min-width: 992px) 50vw, 100vw\" width=\"591px\" alt=\"4x Opona DATEX 155\/80R15 WR075 Classic 82S TL\" style=\"max-width: 100%; height: auto; display: block; margin: 0 auto;\"><\/div>\n<\/div>\n<\/div>\n<\/div>\n<\/div>\n<div style=\"clear: both; display: block; margin: 10px 0;\">\n<div style=\"clear: both; display: block; margin: 10px 0;\">\n<h2> Aukcja dotyczy opony: DATEX 155\/80R15 WR075 Classic 82S TL (komplet 4szt) <\/h2>\n<ul style=\"margin: 15px 0; padding-left: 20px; clear: both; display: block; width: 100%; float: none; position: static;\">\n<li style=\"margin: 5px 0; padding: 2px 0; clear: both; display: list-item; float: none; position: static;\">Magazyn: M28<\/li>\n<li style=\"margin: 5px 0; padding: 2px 0; clear: both; display: list-item; float: none; position: static;\">Nazwa: WR075 CLASSIC<\/li>\n<li style=\"margin: 5px 0; padding: 2px 0; clear: both; display: list-item; float: none; position: static;\">Rozmiar: 155\/80-15<\/li>\n<li style=\"margin: 5px 0; padding: 2px 0; clear: both; display: list-item; float: none; position: static;\">Indeks pr\u0119dko\u015bci: S<\/li>\n<li style=\"margin: 5px 0; padding: 2px 0; clear: both; display: list-item; float: none; position: static;\">Indeks no\u015bno\u015bci: 82<\/li>\n<li style=\"margin: 5px 0; padding: 2px 0; clear: both; display: list-item; float: none; position: static;\">Rozmiar felgi: 15<\/li>\n<li style=\"margin: 5px 0; padding: 2px 0; clear: both; display: list-item; float: none; position: static;\">Szeroko\u015b\u0107: 155<\/li>\n<li style=\"margin: 5px 0; padding: 2px 0; clear: both; display: list-item; float: none; position: static;\">Wysoko\u015b\u0107: 80<\/li>\n<li style=\"margin: 5px 0; padding: 2px 0; clear: both; display: list-item; float: none; position: static;\">Producent: DATEX<\/li>\n<li style=\"margin: 5px 0; padding: 2px 0; clear: both; display: list-item; float: none; position: static;\">Kod producenta: DWW515580DATE<\/li>\n<li style=\"margin: 5px 0; padding: 2px 0; clear: both; display: list-item; float: none; position: static;\">Identyfikator: opona letnia<\/li>\n<li style=\"margin: 5px 0; padding: 2px 0; clear: both; display: list-item; float: none; position: static;\">Typ: samochody osobowe<\/li>\n<li style=\"margin: 5px 0; padding: 2px 0; clear: both; display: list-item; float: none; position: static;\">Sezon: letnie<\/li>\n<li style=\"margin: 5px 0; padding: 2px 0; clear: both; display: list-item; float: none; position: static;\">Tabela: 155\/80R15<\/li>\n<li style=\"margin: 5px 0; padding: 2px 0; clear: both; display: list-item; float: none; position: static;\">Waga: 6,65<\/li>\n<li style=\"margin: 5px 0; padding: 2px 0; clear: both; display: list-item; float: none; position: static;\">Obj\u0119to\u015b\u0107: 0,048<\/li>\n<li style=\"margin: 5px 0; padding: 2px 0; clear: both; display: list-item; float: none; position: static;\">EAN: 5905907551813<\/li>\n<li style=\"margin: 5px 0; padding: 2px 0; clear: both; display: list-item; float: none; position: static;\">G\u0142\u0119boko\u015b\u0107 bie\u017cnika [mm]: 7,0<\/li>\n<li style=\"margin: 5px 0; padding: 2px 0; clear: both; display: list-item; float: none; position: static;\">Szeroko\u015b\u0107 ca\u0142kowita [mm]: 157<\/li>\n<li style=\"margin: 5px 0; padding: 2px 0; clear: both; display: list-item; float: none; position: static;\">Wysoko\u015b\u0107 ca\u0142kowita [mm]: 630<\/li>\n<li style=\"margin: 5px 0; padding: 2px 0; clear: both; display: list-item; float: none; position: static;\">UWAGA: Opony przeznaczone do samochod\u00f3w zabytkowych, kt\u00f3rych pierwsza rejestracja nast\u0105pi\u0142a przed 01.10.1990r.<\/li>\n<\/ul>\n<\/div>\n<\/div>\n<\/div>\n<div style=\"clear: both; display: block; margin: 10px 0;\">\n<div style=\"clear: both; display: block; margin: 10px 0;\">\n<div style=\"clear: both; display: block; margin: 10px 0;\">\n<h3 style=\"color: #2c5aa0; font-size: 18px; margin: 30px 0 15px 0; font-weight: bold; clear: both; display: block; width: 100%; float: none; position: static;\">Specyfikacja produkt\u00f3w :<\/h3>\n<h3 style=\"color: #2c5aa0; font-size: 18px; margin: 30px 0 15px 0; font-weight: bold; clear: both; display: block; width: 100%; float: none; position: static;\">\ufeff  <\/h3>\n<\/div>\n<\/div>\n<\/div>\n<div style=\"clear: both; display: block; margin: 10px 0;\">\n<div style=\"clear: both; display: block; margin: 10px 0;\">\n<div style=\"clear: both; display: block; margin: 10px 0;\">\n<h3 style=\"color: #2c5aa0; font-size: 18px; margin: 30px 0 15px 0; font-weight: bold; clear: both; display: block; width: 100%; float: none; position: static;\">W naszej ofercie znajdziecie Pa\u0144stwo bardzo du\u017cy wyb\u00f3r opon do:<\/h3>\n<p style=\"margin: 15px 0; line-height: 1.8; clear: both; display: block; width: 100%; float: none; position: static;\">Quad\u00f3w,<\/p>\n<p style=\"margin: 15px 0; line-height: 1.8; clear: both; display: block; width: 100%; float: none; position: static;\">samochod\u00f3w osobowych,<\/p>\n<p style=\"margin: 15px 0; line-height: 1.8; clear: both; display: block; width: 100%; float: none; position: static;\">dostawczych,<\/p>\n<p style=\"margin: 15px 0; line-height: 1.8; clear: both; display: block; width: 100%; float: none; position: static;\">4&#215;4,<\/p>\n<p style=\"margin: 15px 0; line-height: 1.8; clear: both; display: block; width: 100%; float: none; position: static;\">motor\u00f3w,<\/p>\n<p style=\"margin: 15px 0; line-height: 1.8; clear: both; display: block; width: 100%; float: none; position: static;\">skuter\u00f3w,<\/p>\n<p style=\"margin: 15px 0; line-height: 1.8; clear: both; display: block; width: 100%; float: none; position: static;\">oraz pozosta\u0142ych pojazd\u00f3w ko\u0142owych<\/p>\n<p style=\"margin: 15px 0; line-height: 1.8; clear: both; display: block; width: 100%; float: none; position: static;\">&#8212;&#8212;&#8212;&#8212;&#8212;&#8212;&#8212;&#8212;&#8212;&#8212;&#8212;&#8212;&#8212;&#8212;&#8212;&#8212;&#8212;&#8212;&#8212;&#8212;&#8212;&#8212;&#8212;&#8212;&#8212;&#8212;&#8212;&#8212;&#8212;&#8212;&#8212;&#8212;&#8212;&#8211;<\/p>\n<p style=\"margin: 15px 0; line-height: 1.8; clear: both; display: block; width: 100%; float: none; position: static;\">Kupujesz od firmy.<\/p>\n<p style=\"margin: 15px 0; line-height: 1.8; clear: both; display: block; width: 100%; float: none; position: static;\">&#8212;&#8212;&#8212;&#8212;&#8212;&#8212;&#8212;&#8212;&#8212;&#8212;&#8212;&#8212;&#8212;&#8212;&#8212;&#8212;&#8212;&#8212;&#8212;&#8212;&#8212;&#8212;&#8212;&#8212;&#8212;&#8212;&#8212;&#8212;&#8212;&#8212;&#8212;&#8212;&#8212;&#8211;<\/p>\n<p style=\"margin: 15px 0; line-height: 1.8; clear: both; display: block; width: 100%; float: none; position: static;\">Zapraszamy do wsp\u00f3\u0142pracy.<\/p>\n<p style=\"margin: 15px 0; line-height: 1.8; clear: both; display: block; width: 100%; float: none; position: static;\">&#8212;&#8212;&#8212;&#8212;&#8212;&#8212;&#8212;&#8212;&#8212;&#8212;&#8212;&#8212;&#8212;&#8212;&#8212;&#8212;&#8212;&#8212;&#8212;&#8212;&#8212;&#8212;&#8212;&#8212;&#8212;&#8212;&#8212;&#8212;&#8212;&#8212;&#8212;&#8212;&#8212;&#8211;<\/p>\n<p style=\"margin: 15px 0; line-height: 1.8; clear: both; display: block; width: 100%; float: none; position: static;\">Zdj\u0119cia przedstawione w ofertach s\u0105 tylko pogl\u0105dowe, maj\u0105c na celu przedstawi\u0107 rodzaj bie\u017cnika.<\/p>\n<p style=\"margin: 15px 0; line-height: 1.8; clear: both; display: block; width: 100%; float: none; position: static;\">Opony mog\u0105 r\u00f3\u017cni\u0107 si\u0119 kolorystycznie w zale\u017cno\u015bci od zakupionej partii, nie wp\u0142ywa to na ich jako\u015b\u0107 oraz warto\u015bci opisane w aukcji.<\/p>\n<p style=\"margin: 15px 0; line-height: 1.8; clear: both; display: block; width: 100%; float: none; position: static;\">Producent zastrzega sobie prawo do umieszczania na oponie  miejsca produkcji lub nazwy firmy kt\u00f3r\u0105 reprezentuje. <\/p>\n<p style=\"margin: 15px 0; line-height: 1.8; clear: both; display: block; width: 100%; float: none; position: static;\">&#8212;&#8212;&#8212;&#8212;&#8212;&#8212;&#8212;&#8212;&#8212;&#8212;&#8212;&#8212;&#8212;&#8212;&#8212;&#8212;&#8212;&#8212;&#8212;&#8212;&#8212;&#8212;&#8212;&#8212;&#8212;&#8212;&#8212;&#8212;&#8212;&#8212;&#8212;&#8212;&#8212;&#8212;&#8212;&#8212;&#8212;&#8212;&#8212;&#8212;&#8212;&#8212;&#8212;&#8212;-<\/p>\n<p style=\"margin: 15px 0; line-height: 1.8; clear: both; display: block; width: 100%; float: none; position: static;\">Rozmiar opony podany w milimetrach jest jedynie pogl\u0105dowy. Warto\u015b\u0107 ta mo\u017ce r\u00f3\u017cni\u0107 si\u0119 w zale\u017cno\u015bci od wielu czynnik\u00f3w. Opona prawid\u0142owy rozmiar nabiera po jej prawid\u0142owym za\u0142o\u017ceniu oraz nadaniu odpowiedniego ci\u015bnienia na odpowiednia felg\u0119. Rozmiaru calowego nie przelicza si\u0119 1-1 na warto\u015b\u0107 milimetrowa.<\/p>\n<p style=\"margin: 15px 0; line-height: 1.8; clear: both; display: block; width: 100%; float: none; position: static;\">&#8212;&#8212;&#8212;&#8212;&#8212;&#8212;&#8212;&#8212;&#8212;&#8212;&#8212;&#8212;&#8212;&#8212;&#8212;&#8212;&#8212;&#8212;&#8212;&#8212;&#8212;&#8212;&#8212;&#8212;&#8212;&#8212;&#8212;&#8212;&#8212;&#8212;&#8212;&#8212;&#8212;&#8212;&#8212;&#8212;&#8212;&#8212;&#8212;&#8212;&#8212;&#8212;&#8212;&#8212;-<\/p>\n<p style=\"margin: 15px 0; line-height: 1.8; clear: both; display: block; width: 100%; float: none; position: static;\">Opony z bia\u0142ym paskiem posiadaj\u0105 warstw\u0119 ochronna w kolorze niebieskim pokrywaj\u0105ca i zabezpieczaj\u0105ca pasek przed uszkodzeniami.<\/p>\n<p style=\"margin: 15px 0; line-height: 1.8; clear: both; display: block; width: 100%; float: none; position: static;\">warstwa ta jest zmywalna przy pomocy wody i myd\u0142a.<\/p>\n<p style=\"margin: 15px 0; line-height: 1.8; clear: both; display: block; width: 100%; float: none; position: static;\">&#8212;&#8212;&#8212;&#8212;&#8212;&#8212;&#8212;&#8212;&#8212;&#8212;&#8212;&#8212;&#8212;&#8212;&#8212;&#8212;&#8212;&#8212;&#8212;&#8212;&#8212;&#8212;&#8212;&#8212;&#8212;&#8212;&#8212;&#8212;&#8212;&#8212;&#8212;&#8212;&#8212;&#8212;&#8212;&#8212;&#8212;&#8212;&#8212;&#8212;&#8212;&#8212;&#8212;&#8212;-<\/p>\n<p style=\"margin: 15px 0; line-height: 1.8; clear: both; display: block; width: 100%; float: none; position: static;\">UWAGA:<\/p>\n<p style=\"margin: 15px 0; line-height: 1.8; clear: both; display: block; width: 100%; float: none; position: static;\">Tytu\u0142 naszej aukcji znajduje si\u0119 po prawej stronie ( prosimy nie sugerowa\u0107 si\u0119 &#8222;katalogiem produktu allegro&#8221; znajduj\u0105cym si\u0119 nad zdj\u0119ciem produktu)<\/p>\n<p style=\"margin: 15px 0; line-height: 1.8; clear: both; display: block; width: 100%; float: none; position: static;\">Parametry znajduj\u0105ce si\u0119 pod zi\u0119ciem wystawiane s\u0105 przez serwis allegro. Prawid\u0142owe informacje dotycz\u0105ce naszych aukcji znajduj\u0105 si\u0119 w opisie (od s\u0142\u00f3w &#8222;<b>Aukcja dotyczy<\/b>&#8221; ).<\/p>\n<p style=\"margin: 15px 0; line-height: 1.8; clear: both; display: block; width: 100%; float: none; position: static;\">&#8212;&#8212;&#8212;&#8212;&#8212;&#8212;&#8212;&#8212;&#8212;&#8212;&#8212;&#8212;&#8212;&#8212;&#8212;&#8212;&#8212;&#8212;&#8212;&#8212;&#8212;&#8212;&#8212;&#8212;&#8212;&#8212;&#8212;&#8212;&#8212;&#8212;&#8212;&#8212;&#8212;&#8212;&#8212;&#8212;&#8212;&#8212;&#8212;&#8212;&#8212;&#8212;&#8212;&#8212;-<\/p>\n<h3 style=\"color: #2c5aa0; font-size: 18px; margin: 30px 0 15px 0; font-weight: bold; clear: both; display: block; width: 100%; float: none; position: static;\">Opony i D\u0119tki oferowane na naszych aukcjach s\u0105 nowe.<\/h3>\n<h3 style=\"color: #2c5aa0; font-size: 18px; margin: 30px 0 15px 0; font-weight: bold; clear: both; display: block; width: 100%; float: none; position: static;\">Za opon\u0119 now\u0105 uwa\u017ca si\u0119 opon\u0119 spe\u0142niaj\u0105c\u0105 Polsk\u0105 norm\u0119 PN-C94300-7 czyli nie starsza jak 3 lata od daty zakupu.<\/h3>\n<\/div>\n<\/div>\n<\/div>\n<\/div>\n<\/div>\n<\/div>\n<div style=\"clear: both; display: block; margin: 10px 0;\">\n","protected":false},"excerpt":{"rendered":"<p>Aukcja dotyczy opony: DATEX 155\/80R15 WR075 Classic 82S TL (komplet 4szt)<\/p>\n<p>Magazyn: M28<\/p>\n<p>Nazwa: WR075 CLASSIC<\/p>\n<p>Rozmiar: 155\/80-15<\/p>\n<p>Indeks pr\u0119dko\u015bci: S<\/p>\n<p>Indeks no\u015bno\u015bci: 82<\/p>\n<p>Rozmiar felgi: 15<\/p>\n<p>Szeroko\u015b\u0107: 155<\/p>\n","protected":false},"featured_media":17076,"template":"","meta":{"_uag_custom_page_level_css":""},"product_brand":[495],"product_cat":[414,418,413,412],"product_tag":[],"class_list":{"0":"post-17075","1":"product","2":"type-product","3":"status-publish","4":"has-post-thumbnail","6":"product_brand-datex","7":"product_cat-do-samochodow-osobowych-i-suv","8":"product_cat-letnie","9":"product_cat-opony","10":"product_cat-opony-i-felgi","12":"first","13":"instock","14":"shipping-taxable","15":"purchasable","16":"product-type-simple"},"uagb_featured_image_src":{"full":["https:\/\/oponixo.shop\/tire\/wp-content\/uploads\/2026\/01\/allegro-image-17075.jpg",591,720,false],"thumbnail":["https:\/\/oponixo.shop\/tire\/wp-content\/uploads\/2026\/01\/allegro-image-17075-150x150.jpg",150,150,true],"medium":["https:\/\/oponixo.shop\/tire\/wp-content\/uploads\/2026\/01\/allegro-image-17075-246x300.jpg",246,300,true],"medium_large":["https:\/\/oponixo.shop\/tire\/wp-content\/uploads\/2026\/01\/allegro-image-17075.jpg",591,720,false],"large":["https:\/\/oponixo.shop\/tire\/wp-content\/uploads\/2026\/01\/allegro-image-17075.jpg",591,720,false],"1536x1536":["https:\/\/oponixo.shop\/tire\/wp-content\/uploads\/2026\/01\/allegro-image-17075.jpg",591,720,false],"2048x2048":["https:\/\/oponixo.shop\/tire\/wp-content\/uploads\/2026\/01\/allegro-image-17075.jpg",591,720,false],"woocommerce_thumbnail":["https:\/\/oponixo.shop\/tire\/wp-content\/uploads\/2026\/01\/allegro-image-17075-300x300.jpg",300,300,true],"woocommerce_single":["https:\/\/oponixo.shop\/tire\/wp-content\/uploads\/2026\/01\/allegro-image-17075.jpg",591,720,false],"woocommerce_gallery_thumbnail":["https:\/\/oponixo.shop\/tire\/wp-content\/uploads\/2026\/01\/allegro-image-17075-100x100.jpg",100,100,true]},"uagb_author_info":{"display_name":"admin","author_link":"https:\/\/oponixo.shop\/tire\/author\/"},"uagb_comment_info":0,"uagb_excerpt":"Aukcja dotyczy opony: DATEX 155\/80R15 WR075 Classic 82S TL (komplet 4szt) Magazyn: M28 Nazwa: WR075 CLASSIC Rozmiar: 155\/80-15 Indeks pr\u0119dko\u015bci: S Indeks no\u015bno\u015bci: 82 Rozmiar felgi: 15 Szeroko\u015b\u0107: 155","_links":{"self":[{"href":"https:\/\/oponixo.shop\/tire\/wp-json\/wp\/v2\/product\/17075","targetHints":{"allow":["GET"]}}],"collection":[{"href":"https:\/\/oponixo.shop\/tire\/wp-json\/wp\/v2\/product"}],"about":[{"href":"https:\/\/oponixo.shop\/tire\/wp-json\/wp\/v2\/types\/product"}],"wp:featuredmedia":[{"embeddable":true,"href":"https:\/\/oponixo.shop\/tire\/wp-json\/wp\/v2\/media\/17076"}],"wp:attachment":[{"href":"https:\/\/oponixo.shop\/tire\/wp-json\/wp\/v2\/media?parent=17075"}],"wp:term":[{"taxonomy":"product_brand","embeddable":true,"href":"https:\/\/oponixo.shop\/tire\/wp-json\/wp\/v2\/product_brand?post=17075"},{"taxonomy":"product_cat","embeddable":true,"href":"https:\/\/oponixo.shop\/tire\/wp-json\/wp\/v2\/product_cat?post=17075"},{"taxonomy":"product_tag","embeddable":true,"href":"https:\/\/oponixo.shop\/tire\/wp-json\/wp\/v2\/product_tag?post=17075"}],"curies":[{"name":"wp","href":"https:\/\/api.w.org\/{rel}","templated":true}]}}