{"id":17083,"date":"2026-01-17T18:39:11","date_gmt":"2026-01-17T17:39:11","guid":{"rendered":"https:\/\/oponyonline.shop\/xef5\/produkt\/4x-bridgestone-potenza-re050-245-50r17-99w-l541a\/"},"modified":"2026-01-17T18:39:12","modified_gmt":"2026-01-17T17:39:12","slug":"4x-bridgestone-potenza-re050-245-50r17-99w-l541a","status":"publish","type":"product","link":"https:\/\/oponixo.shop\/tire\/produkt\/4x-bridgestone-potenza-re050-245-50r17-99w-l541a\/","title":{"rendered":"4x Bridgestone Potenza RE050 245\/50R17 99W L541A"},"content":{"rendered":"<div style=\"font-family: Arial, sans-serif; line-height: 1.6; color: #333; padding: 20px; clear: both; display: block; width: 100%; float: none; position: static; overflow: hidden;\">\n<div style=\"clear: both; display: block; margin: 10px 0;\">\n<div style=\"clear: both; display: block; margin: 10px 0;\">\n<div style=\"clear: both; display: block; margin: 10px 0;\">\n<h1>Bridgestone Potenza RE050<\/h1>\n<p style=\"margin: 15px 0; line-height: 1.8; clear: both; display: block; width: 100%; float: none; position: static;\">SZEROKO\u015a\u0106 OPONY &#8211; 245<\/p>\n<p style=\"margin: 15px 0; line-height: 1.8; clear: both; display: block; width: 100%; float: none; position: static;\">WYSOKO\u015a\u0106 OPONY &#8211; 50<\/p>\n<p style=\"margin: 15px 0; line-height: 1.8; clear: both; display: block; width: 100%; float: none; position: static;\">\u015aREDNICA &#8211; 17<\/p>\n<p style=\"margin: 15px 0; line-height: 1.8; clear: both; display: block; width: 100%; float: none; position: static;\">ROCZNIK &#8211; 1x 2017; 3x 2018<\/p>\n<p style=\"margin: 15px 0; line-height: 1.8; clear: both; display: block; width: 100%; float: none; position: static;\">MAGAZYN &#8211; L541A<\/p>\n<\/div>\n<\/div>\n<div style=\"clear: both; display: block; margin: 10px 0;\">\n<div style=\"clear: both; display: block; margin: 10px 0;\">\n<div  style=\"max-width:350px;max-height:712px\">\n<div style=\"clear: both; display: block; margin: 10px 0;\">\n<div style=\"clear: both; width: 100%; display: block; margin: 20px 0; padding: 0; float: none; position: static; text-align: center;\"><img decoding=\"async\"  src=\"https:\/\/a.allegroimg.com\/original\/11fae2\/2ea0602e42328f790526c960e5d2\/4x-Bridgestone-Potenza-RE050-245-50R17-99W-L541A\" srcset=\"https:\/\/a.allegroimg.com\/original\/11fae2\/2ea0602e42328f790526c960e5d2\/4x-Bridgestone-Potenza-RE050-245-50R17-99W-L541A 176w,https:\/\/a.allegroimg.com\/original\/11fae2\/2ea0602e42328f790526c960e5d2\/4x-Bridgestone-Potenza-RE050-245-50R17-99W-L541A 350w,https:\/\/a.allegroimg.com\/original\/11fae2\/2ea0602e42328f790526c960e5d2\/4x-Bridgestone-Potenza-RE050-245-50R17-99W-L541A 350w\" sizes=\"(min-width: 1200px) 560px, (min-width: 992px) 50vw, 100vw\" width=\"350px\" alt=\"4x Bridgestone Potenza RE050 245\/50R17 99W L541A\" style=\"max-width: 100%; height: auto; display: block; margin: 0 auto;\"><\/div>\n<\/div>\n<\/div>\n<\/div>\n<\/div>\n<\/div>\n<div style=\"clear: both; display: block; margin: 10px 0;\">\n<div style=\"clear: both; display: block; margin: 10px 0;\">\n<div style=\"clear: both; display: block; margin: 10px 0;\">\n<div  style=\"max-width:2560px;max-height:315px\">\n<div style=\"clear: both; display: block; margin: 10px 0;\">\n<div style=\"clear: both; width: 100%; display: block; margin: 20px 0; padding: 0; float: none; position: static; text-align: center;\"><img decoding=\"async\"  src=\"https:\/\/a.allegroimg.com\/original\/119a05\/97fb6f2d409eb5e1af4184e5628a\/4x-Bridgestone-Potenza-RE050-245-50R17-99W-L541A-Opor-toczenia-E\" srcset=\"https:\/\/a.allegroimg.com\/original\/119a05\/97fb6f2d409eb5e1af4184e5628a\/4x-Bridgestone-Potenza-RE050-245-50R17-99W-L541A-Opor-toczenia-E 360w,https:\/\/a.allegroimg.com\/original\/119a05\/97fb6f2d409eb5e1af4184e5628a\/4x-Bridgestone-Potenza-RE050-245-50R17-99W-L541A-Opor-toczenia-E 720w,https:\/\/a.allegroimg.com\/original\/119a05\/97fb6f2d409eb5e1af4184e5628a\/4x-Bridgestone-Potenza-RE050-245-50R17-99W-L541A-Opor-toczenia-E 1024w,https:\/\/a.allegroimg.com\/original\/119a05\/97fb6f2d409eb5e1af4184e5628a\/4x-Bridgestone-Potenza-RE050-245-50R17-99W-L541A-Opor-toczenia-E 1440w,https:\/\/a.allegroimg.com\/original\/119a05\/97fb6f2d409eb5e1af4184e5628a\/4x-Bridgestone-Potenza-RE050-245-50R17-99W-L541A-Opor-toczenia-E 2560w\" sizes=\"100vw\" width=\"2560px\" alt=\"4x Bridgestone Potenza RE050 245\/50R17 99W L541A Op\u00f3r toczenia E\" style=\"max-width: 100%; height: auto; display: block; margin: 0 auto;\"><\/div>\n<\/div>\n<\/div>\n<\/div>\n<\/div>\n<\/div>\n<div style=\"clear: both; display: block; margin: 10px 0;\">\n<div style=\"clear: both; display: block; margin: 10px 0;\">\n<div style=\"clear: both; display: block; margin: 10px 0;\">\n<div  style=\"max-width:2560px;max-height:1440px\">\n<div style=\"clear: both; display: block; margin: 10px 0;\">\n<div style=\"clear: both; width: 100%; display: block; margin: 20px 0; padding: 0; float: none; position: static; text-align: center;\"><img decoding=\"async\"  src=\"https:\/\/a.allegroimg.com\/original\/118eb8\/0534192342fdbac950ae315126f8\/4x-Bridgestone-Potenza-RE050-245-50R17-99W-L541A-Marka-Bridgestone\" srcset=\"https:\/\/a.allegroimg.com\/original\/118eb8\/0534192342fdbac950ae315126f8\/4x-Bridgestone-Potenza-RE050-245-50R17-99W-L541A-Marka-Bridgestone 360w,https:\/\/a.allegroimg.com\/original\/118eb8\/0534192342fdbac950ae315126f8\/4x-Bridgestone-Potenza-RE050-245-50R17-99W-L541A-Marka-Bridgestone 720w,https:\/\/a.allegroimg.com\/original\/118eb8\/0534192342fdbac950ae315126f8\/4x-Bridgestone-Potenza-RE050-245-50R17-99W-L541A-Marka-Bridgestone 1024w,https:\/\/a.allegroimg.com\/original\/118eb8\/0534192342fdbac950ae315126f8\/4x-Bridgestone-Potenza-RE050-245-50R17-99W-L541A-Marka-Bridgestone 1440w,https:\/\/a.allegroimg.com\/original\/118eb8\/0534192342fdbac950ae315126f8\/4x-Bridgestone-Potenza-RE050-245-50R17-99W-L541A-Marka-Bridgestone 2560w\" sizes=\"100vw\" width=\"2560px\" alt=\"4x Bridgestone Potenza RE050 245\/50R17 99W L541A Marka Bridgestone\" style=\"max-width: 100%; height: auto; display: block; margin: 0 auto;\"><\/div>\n<\/div>\n<\/div>\n<\/div>\n<\/div>\n<\/div>\n<div style=\"clear: both; display: block; margin: 10px 0;\">\n<div style=\"clear: both; display: block; margin: 10px 0;\">\n<div style=\"clear: both; display: block; margin: 10px 0;\">\n<div  style=\"max-width:1572px;max-height:2560px\">\n<div style=\"clear: both; display: block; margin: 10px 0;\">\n<div style=\"clear: both; width: 100%; display: block; margin: 20px 0; padding: 0; float: none; position: static; text-align: center;\"><img decoding=\"async\"  src=\"https:\/\/a.allegroimg.com\/original\/1132f0\/ecf2fe37486ebf4c613c0e6fe79e\/4x-Bridgestone-Potenza-RE050-245-50R17-99W-L541A-Kod-producenta-78649\" srcset=\"https:\/\/a.allegroimg.com\/original\/1132f0\/ecf2fe37486ebf4c613c0e6fe79e\/4x-Bridgestone-Potenza-RE050-245-50R17-99W-L541A-Kod-producenta-78649 221w,https:\/\/a.allegroimg.com\/original\/1132f0\/ecf2fe37486ebf4c613c0e6fe79e\/4x-Bridgestone-Potenza-RE050-245-50R17-99W-L541A-Kod-producenta-78649 442w,https:\/\/a.allegroimg.com\/original\/1132f0\/ecf2fe37486ebf4c613c0e6fe79e\/4x-Bridgestone-Potenza-RE050-245-50R17-99W-L541A-Kod-producenta-78649 628w,https:\/\/a.allegroimg.com\/original\/1132f0\/ecf2fe37486ebf4c613c0e6fe79e\/4x-Bridgestone-Potenza-RE050-245-50R17-99W-L541A-Kod-producenta-78649 884w,https:\/\/a.allegroimg.com\/original\/1132f0\/ecf2fe37486ebf4c613c0e6fe79e\/4x-Bridgestone-Potenza-RE050-245-50R17-99W-L541A-Kod-producenta-78649 1572w\" sizes=\"(min-width: 1200px) 560px, (min-width: 992px) 50vw, 100vw\" width=\"1572px\" alt=\"4x Bridgestone Potenza RE050 245\/50R17 99W L541A Kod producenta 78649\" style=\"max-width: 100%; height: auto; display: block; margin: 0 auto;\"><\/div>\n<\/div>\n<\/div>\n<\/div>\n<\/div>\n<div style=\"clear: both; display: block; margin: 10px 0;\">\n<div style=\"clear: both; display: block; margin: 10px 0;\">\n<div  style=\"max-width:1505px;max-height:2560px\">\n<div style=\"clear: both; display: block; margin: 10px 0;\">\n<div style=\"clear: both; width: 100%; display: block; margin: 20px 0; padding: 0; float: none; position: static; text-align: center;\"><img decoding=\"async\"  src=\"https:\/\/a.allegroimg.com\/original\/1197fe\/00f1ec934f19b78c5e67268cc3a9\/4x-Bridgestone-Potenza-RE050-245-50R17-99W-L541A-Model-Potenza-RE050\" srcset=\"https:\/\/a.allegroimg.com\/original\/1197fe\/00f1ec934f19b78c5e67268cc3a9\/4x-Bridgestone-Potenza-RE050-245-50R17-99W-L541A-Model-Potenza-RE050 211w,https:\/\/a.allegroimg.com\/original\/1197fe\/00f1ec934f19b78c5e67268cc3a9\/4x-Bridgestone-Potenza-RE050-245-50R17-99W-L541A-Model-Potenza-RE050 423w,https:\/\/a.allegroimg.com\/original\/1197fe\/00f1ec934f19b78c5e67268cc3a9\/4x-Bridgestone-Potenza-RE050-245-50R17-99W-L541A-Model-Potenza-RE050 602w,https:\/\/a.allegroimg.com\/original\/1197fe\/00f1ec934f19b78c5e67268cc3a9\/4x-Bridgestone-Potenza-RE050-245-50R17-99W-L541A-Model-Potenza-RE050 846w,https:\/\/a.allegroimg.com\/original\/1197fe\/00f1ec934f19b78c5e67268cc3a9\/4x-Bridgestone-Potenza-RE050-245-50R17-99W-L541A-Model-Potenza-RE050 1505w\" sizes=\"(min-width: 1200px) 560px, (min-width: 992px) 50vw, 100vw\" width=\"1505px\" alt=\"4x Bridgestone Potenza RE050 245\/50R17 99W L541A Model Potenza RE050\" style=\"max-width: 100%; height: auto; display: block; margin: 0 auto;\"><\/div>\n<\/div>\n<\/div>\n<\/div>\n<\/div>\n<\/div>\n<div style=\"clear: both; display: block; margin: 10px 0;\">\n<div style=\"clear: both; display: block; margin: 10px 0;\">\n<div style=\"clear: both; display: block; margin: 10px 0;\">\n<div  style=\"max-width:2560px;max-height:908px\">\n<div style=\"clear: both; display: block; margin: 10px 0;\">\n<div style=\"clear: both; width: 100%; display: block; margin: 20px 0; padding: 0; float: none; position: static; text-align: center;\"><img decoding=\"async\"  src=\"https:\/\/a.allegroimg.com\/original\/11b91e\/cc10f55b4a00991a09ab49d2d18a\/4x-Bridgestone-Potenza-RE050-245-50R17-99W-L541A-Klasa-premium\" srcset=\"https:\/\/a.allegroimg.com\/original\/11b91e\/cc10f55b4a00991a09ab49d2d18a\/4x-Bridgestone-Potenza-RE050-245-50R17-99W-L541A-Klasa-premium 360w,https:\/\/a.allegroimg.com\/original\/11b91e\/cc10f55b4a00991a09ab49d2d18a\/4x-Bridgestone-Potenza-RE050-245-50R17-99W-L541A-Klasa-premium 720w,https:\/\/a.allegroimg.com\/original\/11b91e\/cc10f55b4a00991a09ab49d2d18a\/4x-Bridgestone-Potenza-RE050-245-50R17-99W-L541A-Klasa-premium 1024w,https:\/\/a.allegroimg.com\/original\/11b91e\/cc10f55b4a00991a09ab49d2d18a\/4x-Bridgestone-Potenza-RE050-245-50R17-99W-L541A-Klasa-premium 1440w,https:\/\/a.allegroimg.com\/original\/11b91e\/cc10f55b4a00991a09ab49d2d18a\/4x-Bridgestone-Potenza-RE050-245-50R17-99W-L541A-Klasa-premium 2560w\" sizes=\"100vw\" width=\"2560px\" alt=\"4x Bridgestone Potenza RE050 245\/50R17 99W L541A Klasa premium\" style=\"max-width: 100%; height: auto; display: block; margin: 0 auto;\"><\/div>\n<\/div>\n<\/div>\n<\/div>\n<\/div>\n<\/div>\n<div style=\"clear: both; display: block; margin: 10px 0;\">\n<div style=\"clear: both; display: block; margin: 10px 0;\">\n<div style=\"clear: both; display: block; margin: 10px 0;\">\n<div  style=\"max-width:2560px;max-height:1464px\">\n<div style=\"clear: both; display: block; margin: 10px 0;\">\n<div style=\"clear: both; width: 100%; display: block; margin: 20px 0; padding: 0; float: none; position: static; text-align: center;\"><img decoding=\"async\"  src=\"https:\/\/a.allegroimg.com\/original\/11742c\/fa561dff44dababa4d063c9fd3e0\/4x-Bridgestone-Potenza-RE050-245-50R17-99W-L541A-Szerokosc-opony-245-mm\" srcset=\"https:\/\/a.allegroimg.com\/original\/11742c\/fa561dff44dababa4d063c9fd3e0\/4x-Bridgestone-Potenza-RE050-245-50R17-99W-L541A-Szerokosc-opony-245-mm 360w,https:\/\/a.allegroimg.com\/original\/11742c\/fa561dff44dababa4d063c9fd3e0\/4x-Bridgestone-Potenza-RE050-245-50R17-99W-L541A-Szerokosc-opony-245-mm 720w,https:\/\/a.allegroimg.com\/original\/11742c\/fa561dff44dababa4d063c9fd3e0\/4x-Bridgestone-Potenza-RE050-245-50R17-99W-L541A-Szerokosc-opony-245-mm 1024w,https:\/\/a.allegroimg.com\/original\/11742c\/fa561dff44dababa4d063c9fd3e0\/4x-Bridgestone-Potenza-RE050-245-50R17-99W-L541A-Szerokosc-opony-245-mm 1440w,https:\/\/a.allegroimg.com\/original\/11742c\/fa561dff44dababa4d063c9fd3e0\/4x-Bridgestone-Potenza-RE050-245-50R17-99W-L541A-Szerokosc-opony-245-mm 2560w\" sizes=\"(min-width: 1200px) 560px, (min-width: 992px) 50vw, 100vw\" width=\"2560px\" alt=\"4x Bridgestone Potenza RE050 245\/50R17 99W L541A Szeroko\u015b\u0107 opony 245 mm\" style=\"max-width: 100%; height: auto; display: block; margin: 0 auto;\"><\/div>\n<\/div>\n<\/div>\n<\/div>\n<\/div>\n<div style=\"clear: both; display: block; margin: 10px 0;\">\n<div style=\"clear: both; display: block; margin: 10px 0;\">\n<div  style=\"max-width:2560px;max-height:1262px\">\n<div style=\"clear: both; display: block; margin: 10px 0;\">\n<div style=\"clear: both; width: 100%; display: block; margin: 20px 0; padding: 0; float: none; position: static; text-align: center;\"><img decoding=\"async\"  src=\"https:\/\/a.allegroimg.com\/original\/1148c9\/4ce0b1a0489aaa5ce325cb1e59fe\/4x-Bridgestone-Potenza-RE050-245-50R17-99W-L541A-Profil-opony-50\" srcset=\"https:\/\/a.allegroimg.com\/original\/1148c9\/4ce0b1a0489aaa5ce325cb1e59fe\/4x-Bridgestone-Potenza-RE050-245-50R17-99W-L541A-Profil-opony-50 360w,https:\/\/a.allegroimg.com\/original\/1148c9\/4ce0b1a0489aaa5ce325cb1e59fe\/4x-Bridgestone-Potenza-RE050-245-50R17-99W-L541A-Profil-opony-50 720w,https:\/\/a.allegroimg.com\/original\/1148c9\/4ce0b1a0489aaa5ce325cb1e59fe\/4x-Bridgestone-Potenza-RE050-245-50R17-99W-L541A-Profil-opony-50 1024w,https:\/\/a.allegroimg.com\/original\/1148c9\/4ce0b1a0489aaa5ce325cb1e59fe\/4x-Bridgestone-Potenza-RE050-245-50R17-99W-L541A-Profil-opony-50 1440w,https:\/\/a.allegroimg.com\/original\/1148c9\/4ce0b1a0489aaa5ce325cb1e59fe\/4x-Bridgestone-Potenza-RE050-245-50R17-99W-L541A-Profil-opony-50 2560w\" sizes=\"(min-width: 1200px) 560px, (min-width: 992px) 50vw, 100vw\" width=\"2560px\" alt=\"4x Bridgestone Potenza RE050 245\/50R17 99W L541A Profil opony 50\" style=\"max-width: 100%; height: auto; display: block; margin: 0 auto;\"><\/div>\n<\/div>\n<\/div>\n<\/div>\n<\/div>\n<\/div>\n<div style=\"clear: both; display: block; margin: 10px 0;\">\n<div style=\"clear: both; display: block; margin: 10px 0;\">\n<div style=\"clear: both; display: block; margin: 10px 0;\">\n<div  style=\"max-width:2560px;max-height:1081px\">\n<div style=\"clear: both; display: block; margin: 10px 0;\">\n<div style=\"clear: both; width: 100%; display: block; margin: 20px 0; padding: 0; float: none; position: static; text-align: center;\"><img decoding=\"async\"  src=\"https:\/\/a.allegroimg.com\/original\/1114bf\/d655a2fa48ae974c05dc7d73c0d6\/4x-Bridgestone-Potenza-RE050-245-50R17-99W-L541A-Srednica-17\" srcset=\"https:\/\/a.allegroimg.com\/original\/1114bf\/d655a2fa48ae974c05dc7d73c0d6\/4x-Bridgestone-Potenza-RE050-245-50R17-99W-L541A-Srednica-17 360w,https:\/\/a.allegroimg.com\/original\/1114bf\/d655a2fa48ae974c05dc7d73c0d6\/4x-Bridgestone-Potenza-RE050-245-50R17-99W-L541A-Srednica-17 720w,https:\/\/a.allegroimg.com\/original\/1114bf\/d655a2fa48ae974c05dc7d73c0d6\/4x-Bridgestone-Potenza-RE050-245-50R17-99W-L541A-Srednica-17 1024w,https:\/\/a.allegroimg.com\/original\/1114bf\/d655a2fa48ae974c05dc7d73c0d6\/4x-Bridgestone-Potenza-RE050-245-50R17-99W-L541A-Srednica-17 1440w,https:\/\/a.allegroimg.com\/original\/1114bf\/d655a2fa48ae974c05dc7d73c0d6\/4x-Bridgestone-Potenza-RE050-245-50R17-99W-L541A-Srednica-17 2560w\" sizes=\"100vw\" width=\"2560px\" alt=\"4x Bridgestone Potenza RE050 245\/50R17 99W L541A \u015arednica 17&quot;\" style=\"max-width: 100%; height: auto; display: block; margin: 0 auto;\"><\/div>\n<\/div>\n<\/div>\n<\/div>\n<\/div>\n<\/div>\n<div style=\"clear: both; display: block; margin: 10px 0;\">\n<div style=\"clear: both; display: block; margin: 10px 0;\">\n<div style=\"clear: both; display: block; margin: 10px 0;\">\n<div  style=\"max-width:2560px;max-height:1920px\">\n<div style=\"clear: both; display: block; margin: 10px 0;\">\n<div style=\"clear: both; width: 100%; display: block; margin: 20px 0; padding: 0; float: none; position: static; text-align: center;\"><img decoding=\"async\"  src=\"https:\/\/a.allegroimg.com\/original\/113cde\/991dae694fa59d793417053f1452\/4x-Bridgestone-Potenza-RE050-245-50R17-99W-L541A-Liczba-opon-w-ofercie-Komplet-4-szt\" srcset=\"https:\/\/a.allegroimg.com\/original\/113cde\/991dae694fa59d793417053f1452\/4x-Bridgestone-Potenza-RE050-245-50R17-99W-L541A-Liczba-opon-w-ofercie-Komplet-4-szt 360w,https:\/\/a.allegroimg.com\/original\/113cde\/991dae694fa59d793417053f1452\/4x-Bridgestone-Potenza-RE050-245-50R17-99W-L541A-Liczba-opon-w-ofercie-Komplet-4-szt 720w,https:\/\/a.allegroimg.com\/original\/113cde\/991dae694fa59d793417053f1452\/4x-Bridgestone-Potenza-RE050-245-50R17-99W-L541A-Liczba-opon-w-ofercie-Komplet-4-szt 1024w,https:\/\/a.allegroimg.com\/original\/113cde\/991dae694fa59d793417053f1452\/4x-Bridgestone-Potenza-RE050-245-50R17-99W-L541A-Liczba-opon-w-ofercie-Komplet-4-szt 1440w,https:\/\/a.allegroimg.com\/original\/113cde\/991dae694fa59d793417053f1452\/4x-Bridgestone-Potenza-RE050-245-50R17-99W-L541A-Liczba-opon-w-ofercie-Komplet-4-szt 2560w\" sizes=\"(min-width: 1200px) 560px, (min-width: 992px) 50vw, 100vw\" width=\"2560px\" alt=\"4x Bridgestone Potenza RE050 245\/50R17 99W L541A Liczba opon w ofercie Komplet 4 szt.\" style=\"max-width: 100%; height: auto; display: block; margin: 0 auto;\"><\/div>\n<\/div>\n<\/div>\n<\/div>\n<\/div>\n<div style=\"clear: both; display: block; margin: 10px 0;\">\n<div style=\"clear: both; display: block; margin: 10px 0;\">\n<div  style=\"max-width:2560px;max-height:1714px\">\n<div style=\"clear: both; display: block; margin: 10px 0;\">\n<div style=\"clear: both; width: 100%; display: block; margin: 20px 0; padding: 0; float: none; position: static; text-align: center;\"><img decoding=\"async\"  src=\"https:\/\/a.allegroimg.com\/original\/116f39\/965ec31f4ac3861180a0f0b7ac23\/4x-Bridgestone-Potenza-RE050-245-50R17-99W-L541A-Indeks-predkosci-W-do-270-km-h\" srcset=\"https:\/\/a.allegroimg.com\/original\/116f39\/965ec31f4ac3861180a0f0b7ac23\/4x-Bridgestone-Potenza-RE050-245-50R17-99W-L541A-Indeks-predkosci-W-do-270-km-h 360w,https:\/\/a.allegroimg.com\/original\/116f39\/965ec31f4ac3861180a0f0b7ac23\/4x-Bridgestone-Potenza-RE050-245-50R17-99W-L541A-Indeks-predkosci-W-do-270-km-h 720w,https:\/\/a.allegroimg.com\/original\/116f39\/965ec31f4ac3861180a0f0b7ac23\/4x-Bridgestone-Potenza-RE050-245-50R17-99W-L541A-Indeks-predkosci-W-do-270-km-h 1024w,https:\/\/a.allegroimg.com\/original\/116f39\/965ec31f4ac3861180a0f0b7ac23\/4x-Bridgestone-Potenza-RE050-245-50R17-99W-L541A-Indeks-predkosci-W-do-270-km-h 1440w,https:\/\/a.allegroimg.com\/original\/116f39\/965ec31f4ac3861180a0f0b7ac23\/4x-Bridgestone-Potenza-RE050-245-50R17-99W-L541A-Indeks-predkosci-W-do-270-km-h 2560w\" sizes=\"(min-width: 1200px) 560px, (min-width: 992px) 50vw, 100vw\" width=\"2560px\" alt=\"4x Bridgestone Potenza RE050 245\/50R17 99W L541A Indeks pr\u0119dko\u015bci W do 270 km\/h\" style=\"max-width: 100%; height: auto; display: block; margin: 0 auto;\"><\/div>\n<\/div>\n<\/div>\n<\/div>\n<\/div>\n<\/div>\n<div style=\"clear: both; display: block; margin: 10px 0;\">\n<div style=\"clear: both; display: block; margin: 10px 0;\">\n<div style=\"clear: both; display: block; margin: 10px 0;\">\n<div  style=\"max-width:2560px;max-height:1777px\">\n<div style=\"clear: both; display: block; margin: 10px 0;\">\n<div style=\"clear: both; width: 100%; display: block; margin: 20px 0; padding: 0; float: none; position: static; text-align: center;\"><img decoding=\"async\"  src=\"https:\/\/a.allegroimg.com\/original\/110ebc\/7bd46e074b38ab29a62637d35eeb\/4x-Bridgestone-Potenza-RE050-245-50R17-99W-L541A-Indeks-nosnosci-99-775-kg\" srcset=\"https:\/\/a.allegroimg.com\/original\/110ebc\/7bd46e074b38ab29a62637d35eeb\/4x-Bridgestone-Potenza-RE050-245-50R17-99W-L541A-Indeks-nosnosci-99-775-kg 360w,https:\/\/a.allegroimg.com\/original\/110ebc\/7bd46e074b38ab29a62637d35eeb\/4x-Bridgestone-Potenza-RE050-245-50R17-99W-L541A-Indeks-nosnosci-99-775-kg 720w,https:\/\/a.allegroimg.com\/original\/110ebc\/7bd46e074b38ab29a62637d35eeb\/4x-Bridgestone-Potenza-RE050-245-50R17-99W-L541A-Indeks-nosnosci-99-775-kg 1024w,https:\/\/a.allegroimg.com\/original\/110ebc\/7bd46e074b38ab29a62637d35eeb\/4x-Bridgestone-Potenza-RE050-245-50R17-99W-L541A-Indeks-nosnosci-99-775-kg 1440w,https:\/\/a.allegroimg.com\/original\/110ebc\/7bd46e074b38ab29a62637d35eeb\/4x-Bridgestone-Potenza-RE050-245-50R17-99W-L541A-Indeks-nosnosci-99-775-kg 2560w\" sizes=\"100vw\" width=\"2560px\" alt=\"4x Bridgestone Potenza RE050 245\/50R17 99W L541A Indeks no\u015bno\u015bci 99 - 775 kg\" style=\"max-width: 100%; height: auto; display: block; margin: 0 auto;\"><\/div>\n<\/div>\n<\/div>\n<\/div>\n<\/div>\n<\/div>\n<\/div>\n<\/div>\n<\/div>\n<div style=\"clear: both; display: block; margin: 10px 0;\">\n","protected":false},"excerpt":{"rendered":"<p>Bridgestone Potenza RE050<\/p>\n<p>SZEROKO\u015a\u0106 OPONY &#8211; 245<\/p>\n<p>WYSOKO\u015a\u0106 OPONY &#8211; 50<\/p>\n<p>\u015aREDNICA &#8211; 17<\/p>\n<p>ROCZNIK &#8211; 1x 2017; 3x 2018<\/p>\n<p>MAGAZYN &#8211; L541A<\/p>\n","protected":false},"featured_media":17084,"template":"","meta":{"_uag_custom_page_level_css":""},"product_brand":[397],"product_cat":[414,418,413,412],"product_tag":[],"class_list":{"0":"post-17083","1":"product","2":"type-product","3":"status-publish","4":"has-post-thumbnail","6":"product_brand-bridgestone","7":"product_cat-do-samochodow-osobowych-i-suv","8":"product_cat-letnie","9":"product_cat-opony","10":"product_cat-opony-i-felgi","12":"first","13":"instock","14":"shipping-taxable","15":"purchasable","16":"product-type-simple"},"uagb_featured_image_src":{"full":["https:\/\/oponixo.shop\/tire\/wp-content\/uploads\/2026\/01\/allegro-image-17083.jpg",350,712,false],"thumbnail":["https:\/\/oponixo.shop\/tire\/wp-content\/uploads\/2026\/01\/allegro-image-17083-150x150.jpg",150,150,true],"medium":["https:\/\/oponixo.shop\/tire\/wp-content\/uploads\/2026\/01\/allegro-image-17083-147x300.jpg",147,300,true],"medium_large":["https:\/\/oponixo.shop\/tire\/wp-content\/uploads\/2026\/01\/allegro-image-17083.jpg",350,712,false],"large":["https:\/\/oponixo.shop\/tire\/wp-content\/uploads\/2026\/01\/allegro-image-17083.jpg",350,712,false],"1536x1536":["https:\/\/oponixo.shop\/tire\/wp-content\/uploads\/2026\/01\/allegro-image-17083.jpg",350,712,false],"2048x2048":["https:\/\/oponixo.shop\/tire\/wp-content\/uploads\/2026\/01\/allegro-image-17083.jpg",350,712,false],"woocommerce_thumbnail":["https:\/\/oponixo.shop\/tire\/wp-content\/uploads\/2026\/01\/allegro-image-17083-300x300.jpg",300,300,true],"woocommerce_single":["https:\/\/oponixo.shop\/tire\/wp-content\/uploads\/2026\/01\/allegro-image-17083.jpg",350,712,false],"woocommerce_gallery_thumbnail":["https:\/\/oponixo.shop\/tire\/wp-content\/uploads\/2026\/01\/allegro-image-17083-100x100.jpg",100,100,true]},"uagb_author_info":{"display_name":"admin","author_link":"https:\/\/oponixo.shop\/tire\/author\/"},"uagb_comment_info":0,"uagb_excerpt":"Bridgestone Potenza RE050 SZEROKO\u015a\u0106 OPONY - 245 WYSOKO\u015a\u0106 OPONY - 50 \u015aREDNICA - 17 ROCZNIK - 1x 2017; 3x 2018 MAGAZYN - L541A","_links":{"self":[{"href":"https:\/\/oponixo.shop\/tire\/wp-json\/wp\/v2\/product\/17083","targetHints":{"allow":["GET"]}}],"collection":[{"href":"https:\/\/oponixo.shop\/tire\/wp-json\/wp\/v2\/product"}],"about":[{"href":"https:\/\/oponixo.shop\/tire\/wp-json\/wp\/v2\/types\/product"}],"wp:featuredmedia":[{"embeddable":true,"href":"https:\/\/oponixo.shop\/tire\/wp-json\/wp\/v2\/media\/17084"}],"wp:attachment":[{"href":"https:\/\/oponixo.shop\/tire\/wp-json\/wp\/v2\/media?parent=17083"}],"wp:term":[{"taxonomy":"product_brand","embeddable":true,"href":"https:\/\/oponixo.shop\/tire\/wp-json\/wp\/v2\/product_brand?post=17083"},{"taxonomy":"product_cat","embeddable":true,"href":"https:\/\/oponixo.shop\/tire\/wp-json\/wp\/v2\/product_cat?post=17083"},{"taxonomy":"product_tag","embeddable":true,"href":"https:\/\/oponixo.shop\/tire\/wp-json\/wp\/v2\/product_tag?post=17083"}],"curies":[{"name":"wp","href":"https:\/\/api.w.org\/{rel}","templated":true}]}}