{"id":17108,"date":"2026-01-17T20:37:18","date_gmt":"2026-01-17T19:37:18","guid":{"rendered":"https:\/\/oponyonline.shop\/xef5\/produkt\/nankang-ft-7-245-75r16-opony-letnie\/"},"modified":"2026-01-17T20:37:19","modified_gmt":"2026-01-17T19:37:19","slug":"nankang-ft-7-245-75r16-opony-letnie","status":"publish","type":"product","link":"https:\/\/oponixo.shop\/tire\/produkt\/nankang-ft-7-245-75r16-opony-letnie\/","title":{"rendered":"Nankang FT-7 245\/75R16 Opony letnie"},"content":{"rendered":"<div style=\"font-family: Arial, sans-serif; line-height: 1.6; color: #333; padding: 20px; clear: both; display: block; width: 100%; float: none; position: static; overflow: hidden;\">\n<div style=\"clear: both; display: block; margin: 10px 0;\">\n<div style=\"clear: both; display: block; margin: 10px 0;\">\n<div style=\"clear: both; display: block; margin: 10px 0;\">\n<h1>Przedmiotem aukcji s\u0105 dwie opony<\/h1>\n<h1>Nankang FT-7 245\/75R16 Opony letnie<\/h1>\n<\/div>\n<\/div>\n<\/div>\n<div style=\"clear: both; display: block; margin: 10px 0;\">\n<div style=\"clear: both; display: block; margin: 10px 0;\">\n<div style=\"clear: both; display: block; margin: 10px 0;\">\n<div  style=\"max-width:920px;max-height:1120px\">\n<div style=\"clear: both; display: block; margin: 10px 0;\">\n<div style=\"clear: both; width: 100%; display: block; margin: 20px 0; padding: 0; float: none; position: static; text-align: center;\"><img decoding=\"async\"  src=\"https:\/\/a.allegroimg.com\/original\/116b6c\/2846558d4d9a930be0ea593abef4\/Nankang-FT-7-245-75R16-Opony-letnie\" srcset=\"https:\/\/a.allegroimg.com\/original\/116b6c\/2846558d4d9a930be0ea593abef4\/Nankang-FT-7-245-75R16-Opony-letnie 295w,https:\/\/a.allegroimg.com\/original\/116b6c\/2846558d4d9a930be0ea593abef4\/Nankang-FT-7-245-75R16-Opony-letnie 591w,https:\/\/a.allegroimg.com\/original\/116b6c\/2846558d4d9a930be0ea593abef4\/Nankang-FT-7-245-75R16-Opony-letnie 841w,https:\/\/a.allegroimg.com\/original\/116b6c\/2846558d4d9a930be0ea593abef4\/Nankang-FT-7-245-75R16-Opony-letnie 920w,https:\/\/a.allegroimg.com\/original\/116b6c\/2846558d4d9a930be0ea593abef4\/Nankang-FT-7-245-75R16-Opony-letnie 920w\" sizes=\"(min-width: 1200px) 560px, (min-width: 992px) 50vw, 100vw\" width=\"920px\" alt=\"Nankang FT-7 245\/75R16 Opony letnie\" style=\"max-width: 100%; height: auto; display: block; margin: 0 auto;\"><\/div>\n<\/div>\n<\/div>\n<\/div>\n<\/div>\n<div style=\"clear: both; display: block; margin: 10px 0;\">\n<div style=\"clear: both; display: block; margin: 10px 0;\">\n<h1>Nankang FT-7 245\/75R16 Opony letnie<\/h1>\n<p style=\"margin: 15px 0; line-height: 1.8; clear: both; display: block; width: 100%; float: none; position: static;\">EAN: <b>4712487532412<\/b><\/p>\n<p style=\"margin: 15px 0; line-height: 1.8; clear: both; display: block; width: 100%; float: none; position: static;\">Producent: <b>NANKANG<\/b><\/p>\n<p style=\"margin: 15px 0; line-height: 1.8; clear: both; display: block; width: 100%; float: none; position: static;\">Bie\u017cnik: <b>FT-7<\/b><\/p>\n<p style=\"margin: 15px 0; line-height: 1.8; clear: both; display: block; width: 100%; float: none; position: static;\">Rozmiar: <b>245\/75 R16 120\/116R<\/b><\/p>\n<p style=\"margin: 15px 0; line-height: 1.8; clear: both; display: block; width: 100%; float: none; position: static;\">Indeks no\u015bno\u015bci: <b>120\/116<\/b><\/p>\n<p style=\"margin: 15px 0; line-height: 1.8; clear: both; display: block; width: 100%; float: none; position: static;\">Indeks pr\u0119dko\u015bci: <b>R<\/b><\/p>\n<p style=\"margin: 15px 0; line-height: 1.8; clear: both; display: block; width: 100%; float: none; position: static;\">Sezon: <b>Letnie<\/b><\/p>\n<\/div>\n<\/div>\n<\/div>\n<div style=\"clear: both; display: block; margin: 10px 0;\">\n<div style=\"clear: both; display: block; margin: 10px 0;\">\n<div style=\"clear: both; display: block; margin: 10px 0;\">\n<h3 style=\"color: #2c5aa0; font-size: 18px; margin: 30px 0 15px 0; font-weight: bold; clear: both; display: block; width: 100%; float: none; position: static;\">Nankang FT-7<\/h3>\n<p style=\"margin: 15px 0; line-height: 1.8; clear: both; display: block; width: 100%; float: none; position: static;\">Nankang FT-7 to letnia opona typu All Terrain, stworzona specjalnie do samochod\u00f3w terenowych z nap\u0119dem 4&#215;4. Zaprojektowana z my\u015bl\u0105 o wszechstronno\u015bci, doskonale sprawdza si\u0119 zar\u00f3wno na utwardzonych nawierzchniach, jak i na grz\u0105skim gruncie.<\/p>\n<p style=\"margin: 15px 0; line-height: 1.8; clear: both; display: block; width: 100%; float: none; position: static;\">Opona Nankang FT-7 wyposa\u017cona jest w solidne klocki bie\u017cnika wykonane z wytrzyma\u0142ej mieszanki gumowej, co zapewnia d\u0142ugie przebiegi i niezawodno\u015b\u0107 nawet w trudnych warunkach terenowych. Dzi\u0119ki wytrzyma\u0142emu bie\u017cnikowi, opona gwarantuje wyj\u0105tkow\u0105 trwa\u0142o\u015b\u0107 i odporno\u015b\u0107 na uszkodzenia.<\/p>\n<p style=\"margin: 15px 0; line-height: 1.8; clear: both; display: block; width: 100%; float: none; position: static;\">Szeroki profil opony zosta\u0142 zaprojektowany, aby uzyska\u0107 lepsz\u0105 przyczepno\u015b\u0107 na utwardzonych nawierzchniach, zapewniaj\u0105c pewno\u015b\u0107 prowadzenia i stabilno\u015b\u0107 pojazdu. Dodatkowe wzmocnienia w strefie bark\u00f3w oraz w konstrukcji \u015bciany bocznej podnosz\u0105 jej wytrzyma\u0142o\u015b\u0107 i odporno\u015b\u0107 na boczne uszkodzenia.<\/p>\n<p style=\"margin: 15px 0; line-height: 1.8; clear: both; display: block; width: 100%; float: none; position: static;\">Nankang FT-7 posiada dwa proste oraz dwa zygzakowate kana\u0142y przebiegaj\u0105ce przez obw\u00f3d opony, kt\u00f3re skutecznie odprowadzaj\u0105 wod\u0119, minimalizuj\u0105c ryzyko aquaplaningu. Zygzakowata konstrukcja bie\u017cnika sprawdza si\u0119 doskonale w b\u0142otnistych warunkach, zapewniaj\u0105c lepsz\u0105 przyczepno\u015b\u0107 i kontrol\u0119 nad pojazdem.<\/p>\n<\/div>\n<\/div>\n<div style=\"clear: both; display: block; margin: 10px 0;\">\n<div style=\"clear: both; display: block; margin: 10px 0;\">\n<div  style=\"max-width:920px;max-height:1120px\">\n<div style=\"clear: both; display: block; margin: 10px 0;\">\n<div style=\"clear: both; width: 100%; display: block; margin: 20px 0; padding: 0; float: none; position: static; text-align: center;\"><img decoding=\"async\"  src=\"https:\/\/a.allegroimg.com\/original\/117ca3\/c6448c854dacba5bc004bdbc1ed0\/Nankang-FT-7-245-75R16-Opony-letnie-Liczba-opon-w-ofercie-2-szt\" srcset=\"https:\/\/a.allegroimg.com\/original\/117ca3\/c6448c854dacba5bc004bdbc1ed0\/Nankang-FT-7-245-75R16-Opony-letnie-Liczba-opon-w-ofercie-2-szt 295w,https:\/\/a.allegroimg.com\/original\/117ca3\/c6448c854dacba5bc004bdbc1ed0\/Nankang-FT-7-245-75R16-Opony-letnie-Liczba-opon-w-ofercie-2-szt 591w,https:\/\/a.allegroimg.com\/original\/117ca3\/c6448c854dacba5bc004bdbc1ed0\/Nankang-FT-7-245-75R16-Opony-letnie-Liczba-opon-w-ofercie-2-szt 841w,https:\/\/a.allegroimg.com\/original\/117ca3\/c6448c854dacba5bc004bdbc1ed0\/Nankang-FT-7-245-75R16-Opony-letnie-Liczba-opon-w-ofercie-2-szt 920w,https:\/\/a.allegroimg.com\/original\/117ca3\/c6448c854dacba5bc004bdbc1ed0\/Nankang-FT-7-245-75R16-Opony-letnie-Liczba-opon-w-ofercie-2-szt 920w\" sizes=\"(min-width: 1200px) 560px, (min-width: 992px) 50vw, 100vw\" width=\"920px\" alt=\"Nankang FT-7 245\/75R16 Opony letnie Liczba opon w ofercie 2 szt.\" style=\"max-width: 100%; height: auto; display: block; margin: 0 auto;\"><\/div>\n<\/div>\n<\/div>\n<\/div>\n<\/div>\n<\/div>\n<div style=\"clear: both; display: block; margin: 10px 0;\">\n<div style=\"clear: both; display: block; margin: 10px 0;\">\n<div style=\"clear: both; display: block; margin: 10px 0;\">\n<p style=\"margin: 15px 0; line-height: 1.8; clear: both; display: block; width: 100%; float: none; position: static;\">Dlaczego warto u nas kupowa\u0107?<\/p>\n<ul style=\"margin: 15px 0; padding-left: 20px; clear: both; display: block; width: 100%; float: none; position: static;\">\n<li style=\"margin: 5px 0; padding: 2px 0; clear: both; display: list-item; float: none; position: static;\">opony s\u0105 przechowywane w magazynie z prawie sta\u0142\u0105 temperatur\u0105 i wilgotno\u015bci\u0105, co gwarantuje, \u017ce ich jako\u015b\u0107 nie zmienia si\u0119 podczas magazynowania<\/li>\n<li style=\"margin: 5px 0; padding: 2px 0; clear: both; display: list-item; float: none; position: static;\">produkty pochodz\u0105 bezpo\u015brednio z fabryk producent\u00f3w, mamy pewno\u015b\u0107 ich pochodzenia a tak\u017ce jako\u015bci<\/li>\n<li style=\"margin: 5px 0; padding: 2px 0; clear: both; display: list-item; float: none; position: static;\">nie jeste\u015bmy wirtualn\u0105 firm\u0105, nasze produkty mo\u017cna obejrze\u0107 w magazynie w Bielanach Wroc\u0142awskich<\/li>\n<li style=\"margin: 5px 0; padding: 2px 0; clear: both; display: list-item; float: none; position: static;\">jeste\u015bmy w 100% Polsk\u0105 firm\u0105 i p\u0142acimy tutaj podatki<\/li>\n<\/ul>\n<\/div>\n<\/div>\n<\/div>\n<\/div>\n<\/div>\n<\/div>\n<div style=\"clear: both; display: block; margin: 10px 0;\">\n","protected":false},"excerpt":{"rendered":"<p>Przedmiotem aukcji s\u0105 dwie opony<\/p>\n<p>Nankang FT-7 245\/75R16 Opony letnie<\/p>\n<p>Nankang FT-7 245\/75R16 Opony letnie<\/p>\n<p>EAN: 4712487532412<\/p>\n<p>Producent: NANKANG<\/p>\n<p>Bie\u017cnik: FT-7<\/p>\n<p>Rozmiar: 245\/75 R16 120\/116R<\/p>\n<p>Indeks no\u015bno\u015bci: 120\/116<\/p>\n","protected":false},"featured_media":17109,"template":"","meta":{"_uag_custom_page_level_css":""},"product_brand":[446],"product_cat":[428,418,413,412],"product_tag":[],"class_list":{"0":"post-17108","1":"product","2":"type-product","3":"status-publish","4":"has-post-thumbnail","6":"product_brand-nankang","7":"product_cat-do-samochodow-terenowych-i-4x4","8":"product_cat-letnie","9":"product_cat-opony","10":"product_cat-opony-i-felgi","12":"first","13":"instock","14":"shipping-taxable","15":"purchasable","16":"product-type-simple"},"uagb_featured_image_src":{"full":["https:\/\/oponixo.shop\/tire\/wp-content\/uploads\/2026\/01\/allegro-image-17108.jpg",920,1120,false],"thumbnail":["https:\/\/oponixo.shop\/tire\/wp-content\/uploads\/2026\/01\/allegro-image-17108-150x150.jpg",150,150,true],"medium":["https:\/\/oponixo.shop\/tire\/wp-content\/uploads\/2026\/01\/allegro-image-17108-246x300.jpg",246,300,true],"medium_large":["https:\/\/oponixo.shop\/tire\/wp-content\/uploads\/2026\/01\/allegro-image-17108-768x935.jpg",768,935,true],"large":["https:\/\/oponixo.shop\/tire\/wp-content\/uploads\/2026\/01\/allegro-image-17108-841x1024.jpg",841,1024,true],"1536x1536":["https:\/\/oponixo.shop\/tire\/wp-content\/uploads\/2026\/01\/allegro-image-17108.jpg",920,1120,false],"2048x2048":["https:\/\/oponixo.shop\/tire\/wp-content\/uploads\/2026\/01\/allegro-image-17108.jpg",920,1120,false],"woocommerce_thumbnail":["https:\/\/oponixo.shop\/tire\/wp-content\/uploads\/2026\/01\/allegro-image-17108-300x300.jpg",300,300,true],"woocommerce_single":["https:\/\/oponixo.shop\/tire\/wp-content\/uploads\/2026\/01\/allegro-image-17108-600x730.jpg",600,730,true],"woocommerce_gallery_thumbnail":["https:\/\/oponixo.shop\/tire\/wp-content\/uploads\/2026\/01\/allegro-image-17108-100x100.jpg",100,100,true]},"uagb_author_info":{"display_name":"admin","author_link":"https:\/\/oponixo.shop\/tire\/author\/"},"uagb_comment_info":0,"uagb_excerpt":"Przedmiotem aukcji s\u0105 dwie opony Nankang FT-7 245\/75R16 Opony letnie Nankang FT-7 245\/75R16 Opony letnie EAN: 4712487532412 Producent: NANKANG Bie\u017cnik: FT-7 Rozmiar: 245\/75 R16 120\/116R Indeks no\u015bno\u015bci: 120\/116","_links":{"self":[{"href":"https:\/\/oponixo.shop\/tire\/wp-json\/wp\/v2\/product\/17108","targetHints":{"allow":["GET"]}}],"collection":[{"href":"https:\/\/oponixo.shop\/tire\/wp-json\/wp\/v2\/product"}],"about":[{"href":"https:\/\/oponixo.shop\/tire\/wp-json\/wp\/v2\/types\/product"}],"wp:featuredmedia":[{"embeddable":true,"href":"https:\/\/oponixo.shop\/tire\/wp-json\/wp\/v2\/media\/17109"}],"wp:attachment":[{"href":"https:\/\/oponixo.shop\/tire\/wp-json\/wp\/v2\/media?parent=17108"}],"wp:term":[{"taxonomy":"product_brand","embeddable":true,"href":"https:\/\/oponixo.shop\/tire\/wp-json\/wp\/v2\/product_brand?post=17108"},{"taxonomy":"product_cat","embeddable":true,"href":"https:\/\/oponixo.shop\/tire\/wp-json\/wp\/v2\/product_cat?post=17108"},{"taxonomy":"product_tag","embeddable":true,"href":"https:\/\/oponixo.shop\/tire\/wp-json\/wp\/v2\/product_tag?post=17108"}],"curies":[{"name":"wp","href":"https:\/\/api.w.org\/{rel}","templated":true}]}}