{"id":17143,"date":"2026-01-17T20:58:51","date_gmt":"2026-01-17T19:58:51","guid":{"rendered":"https:\/\/oponyonline.shop\/xef5\/produkt\/2x-yokohama-geolandar-a-t-g015-275-60r18-113h-rpb-2024-r\/"},"modified":"2026-01-17T20:58:52","modified_gmt":"2026-01-17T19:58:52","slug":"2x-yokohama-geolandar-a-t-g015-275-60r18-113h-rpb-2024-r","status":"publish","type":"product","link":"https:\/\/oponixo.shop\/tire\/produkt\/2x-yokohama-geolandar-a-t-g015-275-60r18-113h-rpb-2024-r\/","title":{"rendered":"2x YOKOHAMA Geolandar A\/T G015 275\/60R18 113H RPB 2024 r"},"content":{"rendered":"<div style=\"font-family: Arial, sans-serif; line-height: 1.6; color: #333; padding: 20px; clear: both; display: block; width: 100%; float: none; position: static; overflow: hidden;\">\n<div style=\"clear: both; display: block; margin: 10px 0;\">\n<div style=\"clear: both; display: block; margin: 10px 0;\">\n<div style=\"clear: both; display: block; margin: 10px 0;\">\n<h1>Rok produkcji: 2024<\/h1>\n<\/div>\n<\/div>\n<\/div>\n<div style=\"clear: both; display: block; margin: 10px 0;\">\n<div style=\"clear: both; display: block; margin: 10px 0;\">\n<div style=\"clear: both; display: block; margin: 10px 0;\">\n<div  style=\"max-width:1200px;max-height:1126px\">\n<div style=\"clear: both; display: block; margin: 10px 0;\">\n<div style=\"clear: both; width: 100%; display: block; margin: 20px 0; padding: 0; float: none; position: static; text-align: center;\"><img decoding=\"async\"  src=\"https:\/\/a.allegroimg.com\/original\/11b00e\/7467d88b4659a1fef0bf24f93551\/2x-YOKOHAMA-Geolandar-A-T-G015-275-60R18-113H-RPB-2024-r\" srcset=\"https:\/\/a.allegroimg.com\/original\/11b00e\/7467d88b4659a1fef0bf24f93551\/2x-YOKOHAMA-Geolandar-A-T-G015-275-60R18-113H-RPB-2024-r 360w,https:\/\/a.allegroimg.com\/original\/11b00e\/7467d88b4659a1fef0bf24f93551\/2x-YOKOHAMA-Geolandar-A-T-G015-275-60R18-113H-RPB-2024-r 720w,https:\/\/a.allegroimg.com\/original\/11b00e\/7467d88b4659a1fef0bf24f93551\/2x-YOKOHAMA-Geolandar-A-T-G015-275-60R18-113H-RPB-2024-r 1024w,https:\/\/a.allegroimg.com\/original\/11b00e\/7467d88b4659a1fef0bf24f93551\/2x-YOKOHAMA-Geolandar-A-T-G015-275-60R18-113H-RPB-2024-r 1200w,https:\/\/a.allegroimg.com\/original\/11b00e\/7467d88b4659a1fef0bf24f93551\/2x-YOKOHAMA-Geolandar-A-T-G015-275-60R18-113H-RPB-2024-r 1200w\" sizes=\"(min-width: 1200px) 560px, (min-width: 992px) 50vw, 100vw\" width=\"1200px\" alt=\"2x YOKOHAMA Geolandar A\/T G015 275\/60R18 113H RPB 2024 r\" style=\"max-width: 100%; height: auto; display: block; margin: 0 auto;\"><\/div>\n<\/div>\n<\/div>\n<\/div>\n<\/div>\n<div style=\"clear: both; display: block; margin: 10px 0;\">\n<div style=\"clear: both; display: block; margin: 10px 0;\">\n<h1>YOKOHAMA Geolandar A\/T G015 275\/60R18 113H RPB<\/h1>\n<h2>E48D62<\/h2>\n<ul style=\"margin: 15px 0; padding-left: 20px; clear: both; display: block; width: 100%; float: none; position: static;\">\n<li style=\"margin: 5px 0; padding: 2px 0; clear: both; display: list-item; float: none; position: static;\"><b>Data produkcji :<\/b> 2024<\/li>\n<li style=\"margin: 5px 0; padding: 2px 0; clear: both; display: list-item; float: none; position: static;\"><b>Hamowanie na mokrej nawierzchni :<\/b> C<\/li>\n<li style=\"margin: 5px 0; padding: 2px 0; clear: both; display: list-item; float: none; position: static;\"><b>Indeks :<\/b> 275\/60R18 CTYO 113H G015<\/li>\n<li style=\"margin: 5px 0; padding: 2px 0; clear: both; display: list-item; float: none; position: static;\"><b>Indeks no\u015bno\u015bci :<\/b> 113<\/li>\n<li style=\"margin: 5px 0; padding: 2px 0; clear: both; display: list-item; float: none; position: static;\"><b>Indeks pr\u0119dko\u015bci :<\/b> H &#8211; 210 km\/h<\/li>\n<li style=\"margin: 5px 0; padding: 2px 0; clear: both; display: list-item; float: none; position: static;\"><b>Karta informacyjna produktu :<\/b> https:\/\/eprel.ec.europa.eu\/qr\/630654<\/li>\n<li style=\"margin: 5px 0; padding: 2px 0; clear: both; display: list-item; float: none; position: static;\"><b>Kl. efekt. paliwowej :<\/b> E, F<\/li>\n<li style=\"margin: 5px 0; padding: 2px 0; clear: both; display: list-item; float: none; position: static;\"><b>Kl. przycz. na mokrej naw. :<\/b> C<\/li>\n<li style=\"margin: 5px 0; padding: 2px 0; clear: both; display: list-item; float: none; position: static;\"><b>Kl. zew. ha\u0142asu tocz. :<\/b> 2, B<\/li>\n<li style=\"margin: 5px 0; padding: 2px 0; clear: both; display: list-item; float: none; position: static;\"><b>Klasa opony :<\/b> premium<\/li>\n<li style=\"margin: 5px 0; padding: 2px 0; clear: both; display: list-item; float: none; position: static;\"><b>Kod EAN :<\/b> 4968814922986<\/li>\n<li style=\"margin: 5px 0; padding: 2px 0; clear: both; display: list-item; float: none; position: static;\"><b>Kod producenta :<\/b> R2240<\/li>\n<li style=\"margin: 5px 0; padding: 2px 0; clear: both; display: list-item; float: none; position: static;\"><b>Liczba decybeli :<\/b> 72 dB<\/li>\n<li style=\"margin: 5px 0; padding: 2px 0; clear: both; display: list-item; float: none; position: static;\"><b>Model bie\u017cnika :<\/b> GEOLANDAR A\/T G015<\/li>\n<li style=\"margin: 5px 0; padding: 2px 0; clear: both; display: list-item; float: none; position: static;\"><b>Nazwa produktu :<\/b> YOKOHAMA Geolandar A\/T G015 275\/60R18 113H RPB<\/li>\n<li style=\"margin: 5px 0; padding: 2px 0; clear: both; display: list-item; float: none; position: static;\"><b>opona na dedykowan\u0105 o\u015b :<\/b> Prz\u00f3d\/Ty\u0142<\/li>\n<li style=\"margin: 5px 0; padding: 2px 0; clear: both; display: list-item; float: none; position: static;\"><b>Op\u00f3r toczenia :<\/b> E<\/li>\n<li style=\"margin: 5px 0; padding: 2px 0; clear: both; display: list-item; float: none; position: static;\"><b>Poziom emisji ha\u0142asu :<\/b> B<\/li>\n<li style=\"margin: 5px 0; padding: 2px 0; clear: both; display: list-item; float: none; position: static;\"><b>Producent :<\/b> YOKOHAMA<\/li>\n<li style=\"margin: 5px 0; padding: 2px 0; clear: both; display: list-item; float: none; position: static;\"><b>Profil :<\/b> 60<\/li>\n<li style=\"margin: 5px 0; padding: 2px 0; clear: both; display: list-item; float: none; position: static;\"><b>Przeznaczenie :<\/b> samochody osobowe, SUV\/4&#215;4<\/li>\n<li style=\"margin: 5px 0; padding: 2px 0; clear: both; display: list-item; float: none; position: static;\"><b>Przyczepno\u015b\u0107 na lodzie :<\/b> Nie<\/li>\n<li style=\"margin: 5px 0; padding: 2px 0; clear: both; display: list-item; float: none; position: static;\"><b>Przyczepno\u015b\u0107 na \u015bniegu :<\/b> Do 30.04.2021, Tak<\/li>\n<li style=\"margin: 5px 0; padding: 2px 0; clear: both; display: list-item; float: none; position: static;\"><b>QR kod :<\/b> https:\/\/eprel.ec.europa.eu\/qr\/630654<\/li>\n<li style=\"margin: 5px 0; padding: 2px 0; clear: both; display: list-item; float: none; position: static;\"><b>Rant opony :<\/b> RPB<\/li>\n<li style=\"margin: 5px 0; padding: 2px 0; clear: both; display: list-item; float: none; position: static;\"><b>Sezon :<\/b> allseason<\/li>\n<li style=\"margin: 5px 0; padding: 2px 0; clear: both; display: list-item; float: none; position: static;\"><b>\u015arednica :<\/b> 18&#8243;<\/li>\n<li style=\"margin: 5px 0; padding: 2px 0; clear: both; display: list-item; float: none; position: static;\"><b>Szeroko\u015b\u0107 :<\/b> 275<\/li>\n<li style=\"margin: 5px 0; padding: 2px 0; clear: both; display: list-item; float: none; position: static;\"><b>Wart. pom. i kl. zew. ha\u0142asu tocz. [dB] :<\/b> 72<\/li>\n<\/ul>\n<\/div>\n<\/div>\n<\/div>\n<div style=\"clear: both; display: block; margin: 10px 0;\">\n<div style=\"clear: both; display: block; margin: 10px 0;\">\n<div style=\"clear: both; display: block; margin: 10px 0;\">\n<p style=\"margin: 15px 0; line-height: 1.8; clear: both; display: block; width: 100%; float: none; position: static;\"> YOKOHAMA Geolandar A \/ T G015 to wszechstronna opona wszechstronna oferta na nowatorskiej technologii, przeznaczona dla samochod\u00f3w z nap\u0119dem 4&#215;4, typu SUV i Pick-up. Opona jest dostosowana do ka\u017cdych warunk\u00f3w pogodowych w okresie letnim i zimowym. &amp;bull; Innowacyjna mieszanka zachowuje w\u0142a\u015bciw\u0105 mi\u0119kko\u015b\u0107 w mi\u0119kko\u015bciach oraz odporno\u015b\u0107 na \u015bcieranie i odkszta\u0142cenie w upalne dni. Odpowiednia kuchnia na optymalny kontakt z \u017cywno\u015bci\u0105 . &amp;bull; Pe\u0142na pow\u0142oka nylonowa pozytywnie za opony, dzi\u0119ki temu jest odporna na uszkodzenia. Przek\u0142ada si\u0119 r\u00f3wnie\u017c na przebieg przebieg\u00f3w opony . &amp;bull; Nowoczesna konstrukcja opony gwarantuje w\u0142a\u015bciw\u0105 trakcj\u0119 na ka\u017cdej nawierzchni . Poza tym, w por\u00f3wnaniu do wcze\u015bniejszego modelu GEOLANDAR A \/ TS G012, nowa opona poled si\u0119 wy\u017cszym komfortem i ni\u017cszym ci\u015bnieniem . &amp;bull; Unowocze\u015bniony i szeroki bie\u017cnik zapewnia gwarantowane trakcje i pokrycie na wy\u017csze osi\u0105gi podczas jazdy z pobraniem. &amp;bull; Opona YOKOHAMA Geolandar A \/ T G015 oznaczona jest symbolami M + S (b\u0142oto i \u015bnieg) oraz 3PMSF (trzy szczyty g\u00f3r i p\u0142atka \u015bniegu). Informuj\u0105 o tym, \u017ce opona zapewnia znakomit\u0105 trakcj\u0119 na mokrej i za\u015bnie\u017conej drodze . &amp;bull; Lamele 3D zwi\u0119kszona liczba rowk\u00f3w poprzecznych oraz dobre osi\u0105gi w warunkach deszczowych i zimowych. &amp;bull; Rowki wzd\u0142u\u017cne niweluj\u0105 pojawienie si\u0119 zjawiska aquaplaningu i zwi\u0119kszaj\u0105 wsparcie na mokrej nawierzchni.<\/p>\n<\/div>\n<\/div>\n<div style=\"clear: both; display: block; margin: 10px 0;\">\n<div style=\"clear: both; display: block; margin: 10px 0;\">\n<div  style=\"max-width:886px;max-height:1299px\">\n<div style=\"clear: both; display: block; margin: 10px 0;\">\n<div style=\"clear: both; width: 100%; display: block; margin: 20px 0; padding: 0; float: none; position: static; text-align: center;\"><img decoding=\"async\"  src=\"https:\/\/a.allegroimg.com\/original\/11b6ed\/2f309fca45fdb8ec7b62d72ee680\/2x-YOKOHAMA-Geolandar-A-T-G015-275-60R18-113H-RPB-2024-r-Srednica-18\" srcset=\"https:\/\/a.allegroimg.com\/original\/11b6ed\/2f309fca45fdb8ec7b62d72ee680\/2x-YOKOHAMA-Geolandar-A-T-G015-275-60R18-113H-RPB-2024-r-Srednica-18 245w,https:\/\/a.allegroimg.com\/original\/11b6ed\/2f309fca45fdb8ec7b62d72ee680\/2x-YOKOHAMA-Geolandar-A-T-G015-275-60R18-113H-RPB-2024-r-Srednica-18 491w,https:\/\/a.allegroimg.com\/original\/11b6ed\/2f309fca45fdb8ec7b62d72ee680\/2x-YOKOHAMA-Geolandar-A-T-G015-275-60R18-113H-RPB-2024-r-Srednica-18 698w,https:\/\/a.allegroimg.com\/original\/11b6ed\/2f309fca45fdb8ec7b62d72ee680\/2x-YOKOHAMA-Geolandar-A-T-G015-275-60R18-113H-RPB-2024-r-Srednica-18 886w,https:\/\/a.allegroimg.com\/original\/11b6ed\/2f309fca45fdb8ec7b62d72ee680\/2x-YOKOHAMA-Geolandar-A-T-G015-275-60R18-113H-RPB-2024-r-Srednica-18 886w\" sizes=\"(min-width: 1200px) 560px, (min-width: 992px) 50vw, 100vw\" width=\"886px\" alt=\"2x YOKOHAMA Geolandar A\/T G015 275\/60R18 113H RPB 2024 r \u015arednica 18&quot;\" style=\"max-width: 100%; height: auto; display: block; margin: 0 auto;\"><\/div>\n<\/div>\n<\/div>\n<\/div>\n<\/div>\n<\/div>\n<div style=\"clear: both; display: block; margin: 10px 0;\">\n<div style=\"clear: both; display: block; margin: 10px 0;\">\n<div style=\"clear: both; display: block; margin: 10px 0;\">\n<p style=\"margin: 15px 0; line-height: 1.8; clear: both; display: block; width: 100%; float: none; position: static;\">Wychodz\u0105c naprzeciw oczekiwaniom Klient\u00f3w i chc\u0105c spe\u0142nia\u0107 jak najwy\u017csze standardy obs\u0142ugi dok\u0142adamy wszelkich stara\u0144, aby podawa\u0107 precyzyjn\u0105 dat\u0119 produkcji opony (DOT). Niestety, w wyj\u0105tkowych przypadkach, mo\u017ce zdarzy\u0107 si\u0119, \u017ce opony, kt\u00f3re wy\u015blemy b\u0119d\u0105 mia\u0142y inn\u0105 dat\u0119 produkcji ni\u017c podana. Sytuacja mo\u017ce dotyczy\u0107 zar\u00f3wno opon z DOT-em wcze\u015bniejszym jak i p\u00f3\u017aniejszym. Chcieliby\u015bmy podkre\u015bli\u0107, \u017ce warunki przechowywania opon w naszych magazynach spe\u0142niaj\u0105 Polsk\u0105 Norm\u0119 PN-C-94300-7 dzi\u0119ki czemu nawet opona przechowywana 24 miesi\u0105ce ma parametry takie same jak opona z bie\u017c\u0105cego roku. Warto pami\u0119ta\u0107 tak\u017ce o fakcie, \u017ce w przypadku wielu rozmiar\u00f3w i producent\u00f3w plany produkcyjne fabryk uniemo\u017cliwiaj\u0105 zakup opony z bie\u017c\u0105cego roku.<\/p>\n<p style=\"margin: 15px 0; line-height: 1.8; clear: both; display: block; width: 100%; float: none; position: static;\">Przy zakupie opon pami\u0119taj o sprawdzeniu w instrukcji samochodu lub na w\u0142a\u015bciwej stronie internetowej, jakie ogumienie zaleca producent Twojego auta. \u0179le dobrane opony mog\u0105 negatywnie wp\u0142yn\u0105\u0107 na poziom Twojego bezpiecze\u0144stwa. Kupuj\u0105c opony zwr\u00f3\u0107 uwag\u0119 na rozmiar oraz indeksy no\u015bno\u015bci i pr\u0119dko\u015bci jakie homologowane s\u0105 do Twojego pojazdu.<\/p>\n<p style=\"margin: 15px 0; line-height: 1.8; clear: both; display: block; width: 100%; float: none; position: static;\">Zamieszczone zdj\u0119cia pe\u0142ni\u0105 funkcj\u0119 pogl\u0105dow\u0105. W zale\u017cno\u015bci od szeroko\u015bci opon, mog\u0105 wyst\u0119powa\u0107 niewielkie r\u00f3\u017cnice w wygl\u0105dzie bie\u017cnika (w obr\u0119bie jednego modelu) na przyk\u0142ad w ilo\u015bci rowk\u00f3w obwodowych lub rozmieszczeniu blok\u00f3w bie\u017cnika, co nie stanowi wady produktu.<\/p>\n<p style=\"margin: 15px 0; line-height: 1.8; clear: both; display: block; width: 100%; float: none; position: static;\">Je\u017celi otrzymane przez Ciebie opony nie spe\u0142niaj\u0105 Twoich oczekiwa\u0144 masz mo\u017cliwo\u015b\u0107 zwrotu lub wymiany nieu\u017cywanego (niemontowanego) ogumienia.<\/p>\n<\/div>\n<\/div>\n<\/div>\n<div style=\"clear: both; display: block; margin: 10px 0;\">\n<div style=\"clear: both; display: block; margin: 10px 0;\">\n<div style=\"clear: both; display: block; margin: 10px 0;\">\n<div  style=\"max-width:300px;max-height:300px\">\n<div style=\"clear: both; display: block; margin: 10px 0;\">\n<div style=\"clear: both; width: 100%; display: block; margin: 20px 0; padding: 0; float: none; position: static; text-align: center;\"><img decoding=\"async\"  src=\"https:\/\/a.allegroimg.com\/original\/1189ce\/a8ca38264b58a8f1fae1604ce2e8\/2x-YOKOHAMA-Geolandar-A-T-G015-275-60R18-113H-RPB-2024-r-Halas-zewnetrzny-72-dB\" srcset=\"https:\/\/a.allegroimg.com\/original\/1189ce\/a8ca38264b58a8f1fae1604ce2e8\/2x-YOKOHAMA-Geolandar-A-T-G015-275-60R18-113H-RPB-2024-r-Halas-zewnetrzny-72-dB 300w,https:\/\/a.allegroimg.com\/original\/1189ce\/a8ca38264b58a8f1fae1604ce2e8\/2x-YOKOHAMA-Geolandar-A-T-G015-275-60R18-113H-RPB-2024-r-Halas-zewnetrzny-72-dB 300w\" sizes=\"(min-width: 1200px) 560px, (min-width: 992px) 50vw, 100vw\" width=\"300px\" alt=\"2x YOKOHAMA Geolandar A\/T G015 275\/60R18 113H RPB 2024 r Ha\u0142as zewn\u0119trzny 72 dB\" style=\"max-width: 100%; height: auto; display: block; margin: 0 auto;\"><\/div>\n<\/div>\n<\/div>\n<\/div>\n<\/div>\n<div style=\"clear: both; display: block; margin: 10px 0;\">\n<div style=\"clear: both; display: block; margin: 10px 0;\">\n<h1>Yokohama<\/h1>\n<p style=\"margin: 15px 0; line-height: 1.8; clear: both; display: block; width: 100%; float: none; position: static;\">Yokohama Rubber Co jest **sz\u00f3stym pod wzgl\u0119dem wielko\u015bci producentem opon na \u015bwiecie**. Koncern produkuje opony do samochod\u00f3w osobowych, sportowo-terenowych, dostawczych, ci\u0119\u017carowych i autobus\u00f3w oraz do samolot\u00f3w. Opony produkowane s\u0105 w 12 fabrykach (6 w Japonii, 2 w USA oraz po jednej w Chinach, Wietnamie, Tajlandii i Filipinach). Yokohama szczeg\u00f3ln\u0105 rol\u0119 k\u0142adzie na **rozw\u00f3j i badania**: zatrudniaj\u0105c oko\u0142o 1000 os\u00f3b w Centrach Badawczo Rozwojowych wydaj\u0105c na ten cel ponad **100 mln USD rocznie**. Opony testowane s\u0105 w zale\u017cno\u015bci od zastosowania w Daigo &#8211; Japonia (warunki suche i mokre) oraz w Takasu &#8211; Japonia (warunki zimowe). R\u00f3wnie\u017c opony testowane s\u0105 lokalnie, w Europie: Nurburgring (Niemcy), MYLA (Wielka Brytania) i IVALO (Finlandia). Opony Yokohama szczeg\u00f3lnie doceniane s\u0105 przez u\u017cytkownik\u00f3w samochod\u00f3w sportowych, wysokich osi\u0105g\u00f3w i zaspokojenie ich potrzeb jest r\u00f3wnie\u017c strategi\u0105 produkcyjn\u0105 Yokohama. <\/p>\n<\/div>\n<\/div>\n<\/div>\n<\/div>\n<\/div>\n<\/div>\n<div style=\"clear: both; display: block; margin: 10px 0;\">\n","protected":false},"excerpt":{"rendered":"<p>Rok produkcji: 2024<\/p>\n<p>YOKOHAMA Geolandar A\/T G015 275\/60R18 113H RPB<\/p>\n<p>E48D62<\/p>\n<p>Data produkcji : 2024<\/p>\n<p>Hamowanie na mokrej nawierzchni : C<\/p>\n<p>Indeks : 275\/60R18 CTYO 113H G015<\/p>\n<p>Indeks no\u015bno\u015bci : 113<\/p>\n<p>Indeks pr\u0119dko\u015bci : H &#8211; 210 km\/h<\/p>\n","protected":false},"featured_media":17144,"template":"","meta":{"_uag_custom_page_level_css":""},"product_brand":[410],"product_cat":[416,428,413,412],"product_tag":[],"class_list":{"0":"post-17143","1":"product","2":"type-product","3":"status-publish","4":"has-post-thumbnail","6":"product_brand-yokohama","7":"product_cat-caloroczne","8":"product_cat-do-samochodow-terenowych-i-4x4","9":"product_cat-opony","10":"product_cat-opony-i-felgi","12":"first","13":"instock","14":"shipping-taxable","15":"purchasable","16":"product-type-simple"},"uagb_featured_image_src":{"full":["https:\/\/oponixo.shop\/tire\/wp-content\/uploads\/2026\/01\/allegro-image-17143.jpg",1200,1126,false],"thumbnail":["https:\/\/oponixo.shop\/tire\/wp-content\/uploads\/2026\/01\/allegro-image-17143-150x150.jpg",150,150,true],"medium":["https:\/\/oponixo.shop\/tire\/wp-content\/uploads\/2026\/01\/allegro-image-17143-300x282.jpg",300,282,true],"medium_large":["https:\/\/oponixo.shop\/tire\/wp-content\/uploads\/2026\/01\/allegro-image-17143-768x721.jpg",768,721,true],"large":["https:\/\/oponixo.shop\/tire\/wp-content\/uploads\/2026\/01\/allegro-image-17143-1024x961.jpg",1024,961,true],"1536x1536":["https:\/\/oponixo.shop\/tire\/wp-content\/uploads\/2026\/01\/allegro-image-17143.jpg",1200,1126,false],"2048x2048":["https:\/\/oponixo.shop\/tire\/wp-content\/uploads\/2026\/01\/allegro-image-17143.jpg",1200,1126,false],"woocommerce_thumbnail":["https:\/\/oponixo.shop\/tire\/wp-content\/uploads\/2026\/01\/allegro-image-17143-300x300.jpg",300,300,true],"woocommerce_single":["https:\/\/oponixo.shop\/tire\/wp-content\/uploads\/2026\/01\/allegro-image-17143-600x563.jpg",600,563,true],"woocommerce_gallery_thumbnail":["https:\/\/oponixo.shop\/tire\/wp-content\/uploads\/2026\/01\/allegro-image-17143-100x100.jpg",100,100,true]},"uagb_author_info":{"display_name":"admin","author_link":"https:\/\/oponixo.shop\/tire\/author\/"},"uagb_comment_info":0,"uagb_excerpt":"Rok produkcji: 2024 YOKOHAMA Geolandar A\/T G015 275\/60R18 113H RPB E48D62 Data produkcji : 2024 Hamowanie na mokrej nawierzchni : C Indeks : 275\/60R18 CTYO 113H G015 Indeks no\u015bno\u015bci : 113 Indeks pr\u0119dko\u015bci : H - 210 km\/h","_links":{"self":[{"href":"https:\/\/oponixo.shop\/tire\/wp-json\/wp\/v2\/product\/17143","targetHints":{"allow":["GET"]}}],"collection":[{"href":"https:\/\/oponixo.shop\/tire\/wp-json\/wp\/v2\/product"}],"about":[{"href":"https:\/\/oponixo.shop\/tire\/wp-json\/wp\/v2\/types\/product"}],"wp:featuredmedia":[{"embeddable":true,"href":"https:\/\/oponixo.shop\/tire\/wp-json\/wp\/v2\/media\/17144"}],"wp:attachment":[{"href":"https:\/\/oponixo.shop\/tire\/wp-json\/wp\/v2\/media?parent=17143"}],"wp:term":[{"taxonomy":"product_brand","embeddable":true,"href":"https:\/\/oponixo.shop\/tire\/wp-json\/wp\/v2\/product_brand?post=17143"},{"taxonomy":"product_cat","embeddable":true,"href":"https:\/\/oponixo.shop\/tire\/wp-json\/wp\/v2\/product_cat?post=17143"},{"taxonomy":"product_tag","embeddable":true,"href":"https:\/\/oponixo.shop\/tire\/wp-json\/wp\/v2\/product_tag?post=17143"}],"curies":[{"name":"wp","href":"https:\/\/api.w.org\/{rel}","templated":true}]}}