{"id":17155,"date":"2026-01-17T20:58:55","date_gmt":"2026-01-17T19:58:55","guid":{"rendered":"https:\/\/oponyonline.shop\/xef5\/produkt\/2x-opony-zimowe-sailun-ice-blazer-wst2-lt-lt-275-65r18-116s-rant-2025\/"},"modified":"2026-01-17T20:58:55","modified_gmt":"2026-01-17T19:58:55","slug":"2x-opony-zimowe-sailun-ice-blazer-wst2-lt-lt-275-65r18-116s-rant-2025","status":"publish","type":"product","link":"https:\/\/oponixo.shop\/tire\/produkt\/2x-opony-zimowe-sailun-ice-blazer-wst2-lt-lt-275-65r18-116s-rant-2025\/","title":{"rendered":"2x opony zimowe Sailun Ice Blazer WST2 LT LT 275\/65R18 116S rant 2025"},"content":{"rendered":"<div style=\"font-family: Arial, sans-serif; line-height: 1.6; color: #333; padding: 20px; clear: both; display: block; width: 100%; float: none; position: static; overflow: hidden;\">\n<div style=\"clear: both; display: block; margin: 10px 0;\">\n<div style=\"clear: both; display: block; margin: 10px 0;\">\n<div style=\"clear: both; display: block; margin: 10px 0;\">\n<div  style=\"max-width:500px;max-height:84px\">\n<div style=\"clear: both; display: block; margin: 10px 0;\">\n<div style=\"clear: both; width: 100%; display: block; margin: 20px 0; padding: 0; float: none; position: static; text-align: center;\"><img decoding=\"async\"  src=\"https:\/\/a.allegroimg.com\/original\/1183c4\/597d320e48ec9fa9ae31bec557c5\/2x-opony-zimowe-Sailun-Ice-Blazer-WST2-LT-LT-275-65R18-116S-rant-2025-Rok-produkcji-2025\" srcset=\"https:\/\/a.allegroimg.com\/original\/1183c4\/597d320e48ec9fa9ae31bec557c5\/2x-opony-zimowe-Sailun-Ice-Blazer-WST2-LT-LT-275-65R18-116S-rant-2025-Rok-produkcji-2025 360w,https:\/\/a.allegroimg.com\/original\/1183c4\/597d320e48ec9fa9ae31bec557c5\/2x-opony-zimowe-Sailun-Ice-Blazer-WST2-LT-LT-275-65R18-116S-rant-2025-Rok-produkcji-2025 500w,https:\/\/a.allegroimg.com\/original\/1183c4\/597d320e48ec9fa9ae31bec557c5\/2x-opony-zimowe-Sailun-Ice-Blazer-WST2-LT-LT-275-65R18-116S-rant-2025-Rok-produkcji-2025 500w\" sizes=\"100vw\" width=\"500px\" alt=\"2x opony zimowe Sailun Ice Blazer WST2 LT LT 275\/65R18 116S rant 2025 Rok produkcji 2025\" style=\"max-width: 100%; height: auto; display: block; margin: 0 auto;\"><\/div>\n<\/div>\n<\/div>\n<\/div>\n<\/div>\n<\/div>\n<div style=\"clear: both; display: block; margin: 10px 0;\">\n<div style=\"clear: both; display: block; margin: 10px 0;\">\n<div style=\"clear: both; display: block; margin: 10px 0;\">\n<h1>zestaw 2 sztuk nowych opon zimowych<\/h1>\n<h1>Sailun Ice Blazer WST2 LT LT 275\/65R18 116S FR<\/h1>\n<p style=\"margin: 15px 0; line-height: 1.8; clear: both; display: block; width: 100%; float: none; position: static;\">\n<\/div>\n<\/div>\n<\/div>\n<div style=\"clear: both; display: block; margin: 10px 0;\">\n<div style=\"clear: both; display: block; margin: 10px 0;\">\n<div style=\"clear: both; display: block; margin: 10px 0;\">\n<div  style=\"max-width:499px;max-height:675px\">\n<div style=\"clear: both; display: block; margin: 10px 0;\">\n<div style=\"clear: both; width: 100%; display: block; margin: 20px 0; padding: 0; float: none; position: static; text-align: center;\"><img decoding=\"async\"  src=\"https:\/\/a.allegroimg.com\/original\/115ff1\/2fcf419e4372bd90a783738c0355\/2x-opony-zimowe-Sailun-Ice-Blazer-WST2-LT-LT-275-65R18-116S-rant-2025\" srcset=\"https:\/\/a.allegroimg.com\/original\/115ff1\/2fcf419e4372bd90a783738c0355\/2x-opony-zimowe-Sailun-Ice-Blazer-WST2-LT-LT-275-65R18-116S-rant-2025 266w,https:\/\/a.allegroimg.com\/original\/115ff1\/2fcf419e4372bd90a783738c0355\/2x-opony-zimowe-Sailun-Ice-Blazer-WST2-LT-LT-275-65R18-116S-rant-2025 499w,https:\/\/a.allegroimg.com\/original\/115ff1\/2fcf419e4372bd90a783738c0355\/2x-opony-zimowe-Sailun-Ice-Blazer-WST2-LT-LT-275-65R18-116S-rant-2025 499w\" sizes=\"(min-width: 1200px) 560px, (min-width: 992px) 50vw, 100vw\" width=\"499px\" alt=\"2x opony zimowe Sailun Ice Blazer WST2 LT LT 275\/65R18 116S rant 2025\" style=\"max-width: 100%; height: auto; display: block; margin: 0 auto;\"><\/div>\n<\/div>\n<\/div>\n<\/div>\n<\/div>\n<div style=\"clear: both; display: block; margin: 10px 0;\">\n<div style=\"clear: both; display: block; margin: 10px 0;\">\n<p style=\"margin: 15px 0; line-height: 1.8; clear: both; display: block; width: 100%; float: none; position: static;\"><b>Sailun Ice Blazer WST2 LT<\/b> to opony <b>zimowe<\/b> przeznaczone do samochod\u00f3w typu <b>SUV\/terenowe<\/b>. Produkt klasy bud\u017cetowej popularnej marki <b>Sailun<\/b>. Wysoka jako\u015b\u0107 w przyst\u0119pnej cenie. Przeznaczone do trudnych warunk\u00f3w zimowych, dedykowane na drogi gorszej jako\u015bci, za\u015bniezone, oblodzone, obszary wiejskie, g\u00f3rskie itp.<\/p>\n<ul style=\"margin: 15px 0; padding-left: 20px; clear: both; display: block; width: 100%; float: none; position: static;\">\n<li style=\"margin: 5px 0; padding: 2px 0; clear: both; display: list-item; float: none; position: static;\">rok produkcji: <b>2025<\/b><\/li>\n<li style=\"margin: 5px 0; padding: 2px 0; clear: both; display: list-item; float: none; position: static;\">opony <b>nowe<\/b>, oryginalne, z gwarancj\u0105<\/li>\n<li style=\"margin: 5px 0; padding: 2px 0; clear: both; display: list-item; float: none; position: static;\"><b>FR<\/b> &#8211; opony posiadaj\u0105 rant chroni\u0105cy felg\u0119<\/li>\n<li style=\"margin: 5px 0; padding: 2px 0; clear: both; display: list-item; float: none; position: static;\">opony wzmocnione <b>C<\/b><\/li>\n<li style=\"margin: 5px 0; padding: 2px 0; clear: both; display: list-item; float: none; position: static;\">maksymalna przyczepno\u015b\u0107 na \u015bniegu i lodzie, r\u00f3wnie\u017c na drogach gorszej jako\u015bci<\/li>\n<li style=\"margin: 5px 0; padding: 2px 0; clear: both; display: list-item; float: none; position: static;\">d\u0142ugie przebiegi<\/li>\n<li style=\"margin: 5px 0; padding: 2px 0; clear: both; display: list-item; float: none; position: static;\">bie\u017cnik zu\u017cywa si\u0119 r\u00f3wnomiernie<\/li>\n<\/ul>\n<\/div>\n<\/div>\n<\/div>\n<div style=\"clear: both; display: block; margin: 10px 0;\">\n<div style=\"clear: both; display: block; margin: 10px 0;\">\n<div style=\"clear: both; display: block; margin: 10px 0;\">\n<div  style=\"max-width:480px;max-height:733px\">\n<div style=\"clear: both; display: block; margin: 10px 0;\">\n<div style=\"clear: both; width: 100%; display: block; margin: 20px 0; padding: 0; float: none; position: static; text-align: center;\"><img decoding=\"async\"  src=\"https:\/\/a.allegroimg.com\/original\/11d7bd\/2cbcdd374947a00a22de3f6e29e0\/2x-opony-zimowe-Sailun-Ice-Blazer-WST2-LT-LT-275-65R18-116S-rant-2025-Liczba-opon-w-ofercie-2-szt\" srcset=\"https:\/\/a.allegroimg.com\/original\/11d7bd\/2cbcdd374947a00a22de3f6e29e0\/2x-opony-zimowe-Sailun-Ice-Blazer-WST2-LT-LT-275-65R18-116S-rant-2025-Liczba-opon-w-ofercie-2-szt 235w,https:\/\/a.allegroimg.com\/original\/11d7bd\/2cbcdd374947a00a22de3f6e29e0\/2x-opony-zimowe-Sailun-Ice-Blazer-WST2-LT-LT-275-65R18-116S-rant-2025-Liczba-opon-w-ofercie-2-szt 471w,https:\/\/a.allegroimg.com\/original\/11d7bd\/2cbcdd374947a00a22de3f6e29e0\/2x-opony-zimowe-Sailun-Ice-Blazer-WST2-LT-LT-275-65R18-116S-rant-2025-Liczba-opon-w-ofercie-2-szt 480w,https:\/\/a.allegroimg.com\/original\/11d7bd\/2cbcdd374947a00a22de3f6e29e0\/2x-opony-zimowe-Sailun-Ice-Blazer-WST2-LT-LT-275-65R18-116S-rant-2025-Liczba-opon-w-ofercie-2-szt 480w\" sizes=\"100vw\" width=\"480px\" alt=\"2x opony zimowe Sailun Ice Blazer WST2 LT LT 275\/65R18 116S rant 2025 Liczba opon w ofercie 2 szt.\" style=\"max-width: 100%; height: auto; display: block; margin: 0 auto;\"><\/div>\n<\/div>\n<\/div>\n<\/div>\n<\/div>\n<\/div>\n<\/div>\n<\/div>\n<\/div>\n<div style=\"clear: both; display: block; margin: 10px 0;\">\n","protected":false},"excerpt":{"rendered":"<p>zestaw 2 sztuk nowych opon zimowych<\/p>\n<p>Sailun Ice Blazer WST2 LT LT 275\/65R18 116S FR<\/p>\n<p>Sailun Ice Blazer WST2 LT to opony zimowe przeznaczone do samochod\u00f3w typu SUV\/terenowe. Produkt klasy bud\u017cetowej popularnej marki Sailun. Wysoka jako\u015b\u0107 w przyst\u0119pnej cenie. Przeznaczone do trudnych warunk\u00f3w zimowych, dedykowane na drogi gorszej jako\u015bci, za\u015bniezone, oblodzone, obszary wiejskie, g\u00f3rskie itp.<\/p>\n<p>rok produkcji: 2025<\/p>\n<p>opony nowe, oryginalne, z gwarancj\u0105<\/p>\n<p>FR &#8211; opony posiadaj\u0105 rant chroni\u0105cy felg\u0119<\/p>\n<p>opony wzmocnione C<\/p>\n<p>maksymalna przyczepno\u015b\u0107 na \u015bniegu i lodzie, r\u00f3wnie\u017c na drogach gorszej jako\u015bci<\/p>\n","protected":false},"featured_media":17156,"template":"","meta":{"_uag_custom_page_level_css":""},"product_brand":[398],"product_cat":[428,413,412,415],"product_tag":[],"class_list":{"0":"post-17155","1":"product","2":"type-product","3":"status-publish","4":"has-post-thumbnail","6":"product_brand-sailun","7":"product_cat-do-samochodow-terenowych-i-4x4","8":"product_cat-opony","9":"product_cat-opony-i-felgi","10":"product_cat-zimowe","12":"first","13":"instock","14":"shipping-taxable","15":"purchasable","16":"product-type-simple"},"uagb_featured_image_src":{"full":["https:\/\/oponixo.shop\/tire\/wp-content\/uploads\/2026\/01\/allegro-image-17155.jpg",499,675,false],"thumbnail":["https:\/\/oponixo.shop\/tire\/wp-content\/uploads\/2026\/01\/allegro-image-17155-150x150.jpg",150,150,true],"medium":["https:\/\/oponixo.shop\/tire\/wp-content\/uploads\/2026\/01\/allegro-image-17155-222x300.jpg",222,300,true],"medium_large":["https:\/\/oponixo.shop\/tire\/wp-content\/uploads\/2026\/01\/allegro-image-17155.jpg",499,675,false],"large":["https:\/\/oponixo.shop\/tire\/wp-content\/uploads\/2026\/01\/allegro-image-17155.jpg",499,675,false],"1536x1536":["https:\/\/oponixo.shop\/tire\/wp-content\/uploads\/2026\/01\/allegro-image-17155.jpg",499,675,false],"2048x2048":["https:\/\/oponixo.shop\/tire\/wp-content\/uploads\/2026\/01\/allegro-image-17155.jpg",499,675,false],"woocommerce_thumbnail":["https:\/\/oponixo.shop\/tire\/wp-content\/uploads\/2026\/01\/allegro-image-17155-300x300.jpg",300,300,true],"woocommerce_single":["https:\/\/oponixo.shop\/tire\/wp-content\/uploads\/2026\/01\/allegro-image-17155.jpg",499,675,false],"woocommerce_gallery_thumbnail":["https:\/\/oponixo.shop\/tire\/wp-content\/uploads\/2026\/01\/allegro-image-17155-100x100.jpg",100,100,true]},"uagb_author_info":{"display_name":"admin","author_link":"https:\/\/oponixo.shop\/tire\/author\/"},"uagb_comment_info":0,"uagb_excerpt":"zestaw 2 sztuk nowych opon zimowych Sailun Ice Blazer WST2 LT LT 275\/65R18 116S FR Sailun Ice Blazer WST2 LT to opony zimowe przeznaczone do samochod\u00f3w typu SUV\/terenowe. Produkt klasy bud\u017cetowej popularnej marki Sailun. Wysoka jako\u015b\u0107 w przyst\u0119pnej cenie. Przeznaczone do trudnych warunk\u00f3w zimowych, dedykowane na drogi gorszej jako\u015bci, za\u015bniezone, oblodzone, obszary wiejskie, g\u00f3rskie itp.&hellip;","_links":{"self":[{"href":"https:\/\/oponixo.shop\/tire\/wp-json\/wp\/v2\/product\/17155","targetHints":{"allow":["GET"]}}],"collection":[{"href":"https:\/\/oponixo.shop\/tire\/wp-json\/wp\/v2\/product"}],"about":[{"href":"https:\/\/oponixo.shop\/tire\/wp-json\/wp\/v2\/types\/product"}],"wp:featuredmedia":[{"embeddable":true,"href":"https:\/\/oponixo.shop\/tire\/wp-json\/wp\/v2\/media\/17156"}],"wp:attachment":[{"href":"https:\/\/oponixo.shop\/tire\/wp-json\/wp\/v2\/media?parent=17155"}],"wp:term":[{"taxonomy":"product_brand","embeddable":true,"href":"https:\/\/oponixo.shop\/tire\/wp-json\/wp\/v2\/product_brand?post=17155"},{"taxonomy":"product_cat","embeddable":true,"href":"https:\/\/oponixo.shop\/tire\/wp-json\/wp\/v2\/product_cat?post=17155"},{"taxonomy":"product_tag","embeddable":true,"href":"https:\/\/oponixo.shop\/tire\/wp-json\/wp\/v2\/product_tag?post=17155"}],"curies":[{"name":"wp","href":"https:\/\/api.w.org\/{rel}","templated":true}]}}