{"id":17161,"date":"2026-01-17T20:58:57","date_gmt":"2026-01-17T19:58:57","guid":{"rendered":"https:\/\/oponyonline.shop\/xef5\/produkt\/2x-sailun-275-65r18-terramax-a-t-123-120r-fr-owl\/"},"modified":"2026-01-17T20:58:57","modified_gmt":"2026-01-17T19:58:57","slug":"2x-sailun-275-65r18-terramax-a-t-123-120r-fr-owl","status":"publish","type":"product","link":"https:\/\/oponixo.shop\/tire\/produkt\/2x-sailun-275-65r18-terramax-a-t-123-120r-fr-owl\/","title":{"rendered":"2x Sailun 275\/65R18 TERRAMAX A\/T 123\/120R FR OWL"},"content":{"rendered":"<div style=\"font-family: Arial, sans-serif; line-height: 1.6; color: #333; padding: 20px; clear: both; display: block; width: 100%; float: none; position: static; overflow: hidden;\">\n<div style=\"clear: both; display: block; margin: 10px 0;\">\n<div style=\"clear: both; display: block; margin: 10px 0;\">\n<div style=\"clear: both; display: block; margin: 10px 0;\">\n<h2>2x Sailun 275\/65R18 TERRAMAX A\/T 123\/120R FR OWL<\/h2>\n<p style=\"margin: 15px 0; line-height: 1.8; clear: both; display: block; width: 100%; float: none; position: static;\">Sailun<\/p>\n<p style=\"margin: 15px 0; line-height: 1.8; clear: both; display: block; width: 100%; float: none; position: static;\">Sailun &#8211; TerraMax A\/T ma na celu zapewnienie lepszej przyczepno\u015bci do samochod\u00f3w terenowych pickup\u00f3w i samochod\u00f3w dostawczych<\/p>\n<p style=\"margin: 15px 0; line-height: 1.8; clear: both; display: block; width: 100%; float: none; position: static;\">\nSailun &#8211; TerraMax A\/T\n<\/p>\n<ul style=\"margin: 15px 0; padding-left: 20px; clear: both; display: block; width: 100%; float: none; position: static;\">\n<li style=\"margin: 5px 0; padding: 2px 0; clear: both; display: list-item; float: none; position: static;\">Skutecznie usuwa \u017cwir i jest w stanie wytrzyma\u0107 przebicia z twardych nawierzchni.<\/li>\n<li style=\"margin: 5px 0; padding: 2px 0; clear: both; display: list-item; float: none; position: static;\">Zapewnia najwy\u017cszy komfort i kontrol\u0119.<\/li>\n<li style=\"margin: 5px 0; padding: 2px 0; clear: both; display: list-item; float: none; position: static;\">Dodatkowe g\u0142\u0119bokie bie\u017cniki w r\u00f3\u017cnych k\u0105tach poprawiaj\u0105 komfort bez utraty trakcji.<\/li>\n<\/ul>\n<p style=\"margin: 15px 0; line-height: 1.8; clear: both; display: block; width: 100%; float: none; position: static;\">Opony Sailun zyska\u0142y godn\u0105 pozazdroszczenia reputacj\u0119 na ca\u0142ym \u015bwiecie jako producent i dostawca wysokiej jako\u015bci, doskona\u0142ych opon klasy premium. Sailun, obejmuj\u0105c wiele zastosowa\u0144, produkuje wzorce opon na podstawie bada\u0144 dla ka\u017cdego rodzaju codziennego u\u017cytku.<\/p>\n<p style=\"margin: 15px 0; line-height: 1.8; clear: both; display: block; width: 100%; float: none; position: static;\">Sailun zosta\u0142a za\u0142o\u017cona w 2002 roku w Krajowej Strefie Rozwoju Gospodarczego i Technologicznego w Qingdao w Chinach. Obecnie Sailun sprzedaje ponad 30 milion\u00f3w opon rocznie w ponad 50 krajach na ca\u0142ym \u015bwiecie. Od samego pocz\u0105tku firma oponiarska Sailun \u0142\u0105czy wiedz\u0119 techniczn\u0105 z innowacyjnymi pracami badawczo roku &#8211; rozwojowymi, aby projektowa\u0107 i produkowa\u0107 \u015bwiatowej klasy opony do wszystkich typ\u00f3w pojazd\u00f3w. Wybiera tylko \u015bwiatowej klasy partner\u00f3w i uznanych lider\u00f3w w swojej specjalizacji w bran\u017cy technologicznej i gumowej. Rozw\u00f3j firmy Sailun wynika z zaanga\u017cowania w trzy podstawowe warto\u015bci roku &#8211; produkt wysokiej jako\u015bci, us\u0142ug\u0119, kt\u00f3r\u0105 mo\u017cna zaufa\u0107 i wsparcie na ca\u0142e \u017cycie. Sailun jest z tob\u0105 podczas ka\u017cdej jazdy.<\/p>\n<h3 style=\"color: #2c5aa0; font-size: 18px; margin: 30px 0 15px 0; font-weight: bold; clear: both; display: block; width: 100%; float: none; position: static;\">Sailun na ca\u0142ym \u015bwiecie<\/h3>\n<p style=\"margin: 15px 0; line-height: 1.8; clear: both; display: block; width: 100%; float: none; position: static;\">Sailun ma dwie fabryki o \u0142\u0105cznej powierzchni ponad 500 000 m2. Za po\u015brednictwem firmowego magazynu Sailun rozprowadza swoje opony na ca\u0142ym \u015bwiecie poprzez precyzyjnie wyznaczon\u0105 profesjonaln\u0105 sie\u0107 dystrybutor\u00f3w opon. Opieraj\u0105c si\u0119 na solidnych podstawach testowania w \u017cyciu rodzinnym, Sailun b\u0119dzie nadal rozwija\u0107 najbardziej zaawansowan\u0105 i op\u0142acaln\u0105 platform\u0119 do produkcji i dystrybucji opon roku &#8211; jednocze\u015bnie wykorzystuj\u0105c swoj\u0105 technologi\u0119 i znaczne zasoby badawcze, aby tworzyc nowe modele opon.<\/p>\n<h3 style=\"color: #2c5aa0; font-size: 18px; margin: 30px 0 15px 0; font-weight: bold; clear: both; display: block; width: 100%; float: none; position: static;\">Jako\u015b\u0107<\/h3>\n<p style=\"margin: 15px 0; line-height: 1.8; clear: both; display: block; width: 100%; float: none; position: static;\">Sailun jest akredytowany na ca\u0142ym \u015bwiecie, aby spe\u0142nia\u0107 najbardziej rygorystyczne standardy jako\u015bci i najwy\u017cszy poziom zapewnienia jako\u015bci. Sailun jest dumny, \u017ce otrzyma\u0142 zatwierdzon\u0105 przez rodzic\u00f3w homologacj\u0119 dla rodzic\u00f3w (PTPA) Seal of Approval dla swoich linii opon Sailun Atrezzo i Ice Blaze roku PTPA jest najwi\u0119ksz\u0105 w Ameryce P\u00f3\u0142nocnej spo\u0142eczno\u015bci\u0105 testuj\u0105c\u0105. Piecz\u0119\u0107 PTPA jest dowodem doskona\u0142o\u015bci produktu firmy sailun, poniewa\u017c zosta\u0142 oceniony przez obiektywnych tester\u00f3w.Sailun uzyska\u0142 certyfikaty ISO9001 i TS16949 oraz certyfikat ISO14001 dla zarz\u0105dzania \u015brodowiskiem, bezpiecze\u0144stwa i higieny pracy. Ponadto produkty Sailun zosta\u0142y zatwierdzone przez DOT, ECE, GCC, program Smartway, INMETRO, SIRIM i SONCAP.<\/p>\n<\/div>\n<\/div>\n<\/div>\n<div style=\"clear: both; display: block; margin: 10px 0;\">\n<div style=\"clear: both; display: block; margin: 10px 0;\">\n<div style=\"clear: both; display: block; margin: 10px 0;\">\n<div  style=\"max-width:500px;max-height:500px\">\n<div style=\"clear: both; display: block; margin: 10px 0;\">\n<div style=\"clear: both; width: 100%; display: block; margin: 20px 0; padding: 0; float: none; position: static; text-align: center;\"><img decoding=\"async\"  src=\"https:\/\/a.allegroimg.com\/original\/1169a4\/0cc8737745bfb65ca2dc242f8b84\/2x-Sailun-275-65R18-TERRAMAX-A-T-123-120R-FR-OWL\" srcset=\"https:\/\/a.allegroimg.com\/original\/1169a4\/0cc8737745bfb65ca2dc242f8b84\/2x-Sailun-275-65R18-TERRAMAX-A-T-123-120R-FR-OWL 360w,https:\/\/a.allegroimg.com\/original\/1169a4\/0cc8737745bfb65ca2dc242f8b84\/2x-Sailun-275-65R18-TERRAMAX-A-T-123-120R-FR-OWL 500w,https:\/\/a.allegroimg.com\/original\/1169a4\/0cc8737745bfb65ca2dc242f8b84\/2x-Sailun-275-65R18-TERRAMAX-A-T-123-120R-FR-OWL 500w\" sizes=\"(min-width: 1200px) 560px, (min-width: 992px) 50vw, 100vw\" width=\"500px\" alt=\"2x Sailun 275\/65R18 TERRAMAX A\/T 123\/120R FR OWL\" style=\"max-width: 100%; height: auto; display: block; margin: 0 auto;\"><\/div>\n<\/div>\n<\/div>\n<\/div>\n<\/div>\n<div style=\"clear: both; display: block; margin: 10px 0;\">\n<div style=\"clear: both; display: block; margin: 10px 0;\">\n<ul style=\"margin: 15px 0; padding-left: 20px; clear: both; display: block; width: 100%; float: none; position: static;\">\n<li style=\"margin: 5px 0; padding: 2px 0; clear: both; display: list-item; float: none; position: static;\"><b>nazwaszablon:<\/b> <\/li>\n<li style=\"margin: 5px 0; padding: 2px 0; clear: both; display: list-item; float: none; position: static;\"><b>Marka:<\/b> Sailun<\/li>\n<li style=\"margin: 5px 0; padding: 2px 0; clear: both; display: list-item; float: none; position: static;\"><b>Liczba opon w ofercie:<\/b> 2 szt.<\/li>\n<li style=\"margin: 5px 0; padding: 2px 0; clear: both; display: list-item; float: none; position: static;\"><b>Bie\u017cnikowane:<\/b> Nie<\/li>\n<li style=\"margin: 5px 0; padding: 2px 0; clear: both; display: list-item; float: none; position: static;\"><b>Run flat:<\/b> Nie<\/li>\n<li style=\"margin: 5px 0; padding: 2px 0; clear: both; display: list-item; float: none; position: static;\"><b>Waga produktu z opakowaniem jednostkowym:<\/b> 18<\/li>\n<li style=\"margin: 5px 0; padding: 2px 0; clear: both; display: list-item; float: none; position: static;\"><b>Sezon:<\/b> Letnie<\/li>\n<li style=\"margin: 5px 0; padding: 2px 0; clear: both; display: list-item; float: none; position: static;\"><b>Model:<\/b> TERRAMAX A\/T<\/li>\n<li style=\"margin: 5px 0; padding: 2px 0; clear: both; display: list-item; float: none; position: static;\"><b>Szeroko\u015b\u0107 opony:<\/b> 275 mm<\/li>\n<li style=\"margin: 5px 0; padding: 2px 0; clear: both; display: list-item; float: none; position: static;\"><b>Profil opony:<\/b> 65<\/li>\n<li style=\"margin: 5px 0; padding: 2px 0; clear: both; display: list-item; float: none; position: static;\"><b>\u015arednica:<\/b> 18&#8243;<\/li>\n<li style=\"margin: 5px 0; padding: 2px 0; clear: both; display: list-item; float: none; position: static;\"><b>Indeks no\u015bno\u015bci:<\/b> 123\/120 &#8211; 1550\/1400 kg<\/li>\n<li style=\"margin: 5px 0; padding: 2px 0; clear: both; display: list-item; float: none; position: static;\"><b>Indeks pr\u0119dko\u015bci:<\/b> R do 170 km\/h<\/li>\n<li style=\"margin: 5px 0; padding: 2px 0; clear: both; display: list-item; float: none; position: static;\"><b>Przyczepno\u015b\u0107 na mokrej nawierzchni:<\/b> Klasa B<\/li>\n<li style=\"margin: 5px 0; padding: 2px 0; clear: both; display: list-item; float: none; position: static;\"><b>Op\u00f3r toczenia:<\/b> Klasa D<\/li>\n<li style=\"margin: 5px 0; padding: 2px 0; clear: both; display: list-item; float: none; position: static;\"><b>Ha\u0142as zewn\u0119trzny:<\/b> 73 dB<\/li>\n<li style=\"margin: 5px 0; padding: 2px 0; clear: both; display: list-item; float: none; position: static;\"><b>Informacje dodatkowe:<\/b> rant ochronny<\/li>\n<li style=\"margin: 5px 0; padding: 2px 0; clear: both; display: list-item; float: none; position: static;\"><b>Rok produkcji:<\/b> <\/li>\n<li style=\"margin: 5px 0; padding: 2px 0; clear: both; display: list-item; float: none; position: static;\"><b>SKU:<\/b> 3220005372<\/li>\n<li style=\"margin: 5px 0; padding: 2px 0; clear: both; display: list-item; float: none; position: static;\"><b>EAN:<\/b> 6959655420883<\/li>\n<li style=\"margin: 5px 0; padding: 2px 0; clear: both; display: list-item; float: none; position: static;\"><b>Rok produkcji (DOT):<\/b> <b>Kupuj\u0105c z tej oferty otrzymasz opony fabrycznie nowe, a ich rok produkcji jest nie starszy ni\u017c ubieg\u0142y rok kalendarzowy &#8211; 2025\/2024<\/b><\/li>\n<li style=\"margin: 5px 0; padding: 2px 0; clear: both; display: list-item; float: none; position: static;\"><b>Stan:<\/b> Nowy<\/li>\n<li style=\"margin: 5px 0; padding: 2px 0; clear: both; display: list-item; float: none; position: static;\"><b>VAT:<\/b> 23<\/li>\n<\/ul>\n<\/div>\n<\/div>\n<\/div>\n<\/div>\n<\/div>\n<\/div>\n<div style=\"clear: both; display: block; margin: 10px 0;\">\n","protected":false},"excerpt":{"rendered":"<p>2x Sailun 275\/65R18 TERRAMAX A\/T 123\/120R FR OWL<\/p>\n<p>Sailun<\/p>\n<p>Sailun &#8211; TerraMax A\/T ma na celu zapewnienie lepszej przyczepno\u015bci do samochod\u00f3w terenowych pickup\u00f3w i samochod\u00f3w dostawczych<\/p>\n<p>Sailun &#8211; TerraMax A\/T<\/p>\n<p>Skutecznie usuwa \u017cwir i jest w stanie wytrzyma\u0107 przebicia z twardych nawierzchni.<\/p>\n<p>Zapewnia najwy\u017cszy komfort i kontrol\u0119.<\/p>\n<p>Dodatkowe g\u0142\u0119bokie bie\u017cniki w r\u00f3\u017cnych k\u0105tach poprawiaj\u0105 komfort bez utraty trakcji.<\/p>\n","protected":false},"featured_media":17162,"template":"","meta":{"_uag_custom_page_level_css":""},"product_brand":[398],"product_cat":[416,428,413,412],"product_tag":[],"class_list":{"0":"post-17161","1":"product","2":"type-product","3":"status-publish","4":"has-post-thumbnail","6":"product_brand-sailun","7":"product_cat-caloroczne","8":"product_cat-do-samochodow-terenowych-i-4x4","9":"product_cat-opony","10":"product_cat-opony-i-felgi","12":"first","13":"instock","14":"shipping-taxable","15":"purchasable","16":"product-type-simple"},"uagb_featured_image_src":{"full":["https:\/\/oponixo.shop\/tire\/wp-content\/uploads\/2026\/01\/allegro-image-17161.jpg",500,500,false],"thumbnail":["https:\/\/oponixo.shop\/tire\/wp-content\/uploads\/2026\/01\/allegro-image-17161-150x150.jpg",150,150,true],"medium":["https:\/\/oponixo.shop\/tire\/wp-content\/uploads\/2026\/01\/allegro-image-17161-300x300.jpg",300,300,true],"medium_large":["https:\/\/oponixo.shop\/tire\/wp-content\/uploads\/2026\/01\/allegro-image-17161.jpg",500,500,false],"large":["https:\/\/oponixo.shop\/tire\/wp-content\/uploads\/2026\/01\/allegro-image-17161.jpg",500,500,false],"1536x1536":["https:\/\/oponixo.shop\/tire\/wp-content\/uploads\/2026\/01\/allegro-image-17161.jpg",500,500,false],"2048x2048":["https:\/\/oponixo.shop\/tire\/wp-content\/uploads\/2026\/01\/allegro-image-17161.jpg",500,500,false],"woocommerce_thumbnail":["https:\/\/oponixo.shop\/tire\/wp-content\/uploads\/2026\/01\/allegro-image-17161-300x300.jpg",300,300,true],"woocommerce_single":["https:\/\/oponixo.shop\/tire\/wp-content\/uploads\/2026\/01\/allegro-image-17161.jpg",500,500,false],"woocommerce_gallery_thumbnail":["https:\/\/oponixo.shop\/tire\/wp-content\/uploads\/2026\/01\/allegro-image-17161-100x100.jpg",100,100,true]},"uagb_author_info":{"display_name":"admin","author_link":"https:\/\/oponixo.shop\/tire\/author\/"},"uagb_comment_info":0,"uagb_excerpt":"2x Sailun 275\/65R18 TERRAMAX A\/T 123\/120R FR OWL Sailun Sailun - TerraMax A\/T ma na celu zapewnienie lepszej przyczepno\u015bci do samochod\u00f3w terenowych pickup\u00f3w i samochod\u00f3w dostawczych Sailun - TerraMax A\/T Skutecznie usuwa \u017cwir i jest w stanie wytrzyma\u0107 przebicia z twardych nawierzchni. Zapewnia najwy\u017cszy komfort i kontrol\u0119. Dodatkowe g\u0142\u0119bokie bie\u017cniki w r\u00f3\u017cnych k\u0105tach poprawiaj\u0105 komfort&hellip;","_links":{"self":[{"href":"https:\/\/oponixo.shop\/tire\/wp-json\/wp\/v2\/product\/17161","targetHints":{"allow":["GET"]}}],"collection":[{"href":"https:\/\/oponixo.shop\/tire\/wp-json\/wp\/v2\/product"}],"about":[{"href":"https:\/\/oponixo.shop\/tire\/wp-json\/wp\/v2\/types\/product"}],"wp:featuredmedia":[{"embeddable":true,"href":"https:\/\/oponixo.shop\/tire\/wp-json\/wp\/v2\/media\/17162"}],"wp:attachment":[{"href":"https:\/\/oponixo.shop\/tire\/wp-json\/wp\/v2\/media?parent=17161"}],"wp:term":[{"taxonomy":"product_brand","embeddable":true,"href":"https:\/\/oponixo.shop\/tire\/wp-json\/wp\/v2\/product_brand?post=17161"},{"taxonomy":"product_cat","embeddable":true,"href":"https:\/\/oponixo.shop\/tire\/wp-json\/wp\/v2\/product_cat?post=17161"},{"taxonomy":"product_tag","embeddable":true,"href":"https:\/\/oponixo.shop\/tire\/wp-json\/wp\/v2\/product_tag?post=17161"}],"curies":[{"name":"wp","href":"https:\/\/api.w.org\/{rel}","templated":true}]}}