{"id":17260,"date":"2026-01-17T21:47:16","date_gmt":"2026-01-17T20:47:16","guid":{"rendered":"https:\/\/oponyonline.shop\/xef5\/produkt\/2x-opona-245-35r20-xl-95w-bridgestone-lm005-2022\/"},"modified":"2026-01-17T21:47:16","modified_gmt":"2026-01-17T20:47:16","slug":"2x-opona-245-35r20-xl-95w-bridgestone-lm005-2022","status":"publish","type":"product","link":"https:\/\/oponixo.shop\/tire\/produkt\/2x-opona-245-35r20-xl-95w-bridgestone-lm005-2022\/","title":{"rendered":"2x OPONA 245\/35R20 XL 95W BRIDGESTONE LM005 2022"},"content":{"rendered":"<div style=\"font-family: Arial, sans-serif; line-height: 1.6; color: #333; padding: 20px; clear: both; display: block; width: 100%; float: none; position: static; overflow: hidden;\">\n<div style=\"clear: both; display: block; margin: 10px 0;\">\n<div style=\"clear: both; display: block; margin: 10px 0;\">\n<div style=\"clear: both; display: block; margin: 10px 0;\">\n<div  style=\"max-width:1080px;max-height:1080px\">\n<div style=\"clear: both; display: block; margin: 10px 0;\">\n<div style=\"clear: both; width: 100%; display: block; margin: 20px 0; padding: 0; float: none; position: static; text-align: center;\"><img decoding=\"async\"  src=\"https:\/\/a.allegroimg.com\/original\/11aa11\/00d3f0c6415e9dc336cd2bf3aacc\/2x-OPONA-245-35R20-XL-95W-BRIDGESTONE-LM005-2022-Marka-Bridgestone\" srcset=\"https:\/\/a.allegroimg.com\/original\/11aa11\/00d3f0c6415e9dc336cd2bf3aacc\/2x-OPONA-245-35R20-XL-95W-BRIDGESTONE-LM005-2022-Marka-Bridgestone 360w,https:\/\/a.allegroimg.com\/original\/11aa11\/00d3f0c6415e9dc336cd2bf3aacc\/2x-OPONA-245-35R20-XL-95W-BRIDGESTONE-LM005-2022-Marka-Bridgestone 720w,https:\/\/a.allegroimg.com\/original\/11aa11\/00d3f0c6415e9dc336cd2bf3aacc\/2x-OPONA-245-35R20-XL-95W-BRIDGESTONE-LM005-2022-Marka-Bridgestone 1024w,https:\/\/a.allegroimg.com\/original\/11aa11\/00d3f0c6415e9dc336cd2bf3aacc\/2x-OPONA-245-35R20-XL-95W-BRIDGESTONE-LM005-2022-Marka-Bridgestone 1080w,https:\/\/a.allegroimg.com\/original\/11aa11\/00d3f0c6415e9dc336cd2bf3aacc\/2x-OPONA-245-35R20-XL-95W-BRIDGESTONE-LM005-2022-Marka-Bridgestone 1080w\" sizes=\"100vw\" width=\"1080px\" alt=\"2x OPONA 245\/35R20 XL 95W BRIDGESTONE LM005 2022 Marka Bridgestone\" style=\"max-width: 100%; height: auto; display: block; margin: 0 auto;\"><\/div>\n<\/div>\n<\/div>\n<\/div>\n<\/div>\n<\/div>\n<div style=\"clear: both; display: block; margin: 10px 0;\">\n<div style=\"clear: both; display: block; margin: 10px 0;\">\n<div style=\"clear: both; display: block; margin: 10px 0;\">\n<div  style=\"max-width:623px;max-height:582px\">\n<div style=\"clear: both; display: block; margin: 10px 0;\">\n<div style=\"clear: both; width: 100%; display: block; margin: 20px 0; padding: 0; float: none; position: static; text-align: center;\"><img decoding=\"async\"  src=\"https:\/\/a.allegroimg.com\/original\/119a78\/02a38da345918f0808ea50776312\/2x-OPONA-245-35R20-XL-95W-BRIDGESTONE-LM005-2022-Profil-opony-35\" srcset=\"https:\/\/a.allegroimg.com\/original\/119a78\/02a38da345918f0808ea50776312\/2x-OPONA-245-35R20-XL-95W-BRIDGESTONE-LM005-2022-Profil-opony-35 360w,https:\/\/a.allegroimg.com\/original\/119a78\/02a38da345918f0808ea50776312\/2x-OPONA-245-35R20-XL-95W-BRIDGESTONE-LM005-2022-Profil-opony-35 623w,https:\/\/a.allegroimg.com\/original\/119a78\/02a38da345918f0808ea50776312\/2x-OPONA-245-35R20-XL-95W-BRIDGESTONE-LM005-2022-Profil-opony-35 623w\" sizes=\"(min-width: 1200px) 560px, (min-width: 992px) 50vw, 100vw\" width=\"623px\" alt=\"2x OPONA 245\/35R20 XL 95W BRIDGESTONE LM005 2022 Profil opony 35\" style=\"max-width: 100%; height: auto; display: block; margin: 0 auto;\"><\/div>\n<\/div>\n<\/div>\n<\/div>\n<\/div>\n<div style=\"clear: both; display: block; margin: 10px 0;\">\n<div style=\"clear: both; display: block; margin: 10px 0;\">\n<h1>BRIDGESTONE BLIZZAK LM005<\/h1>\n<h1>245\/35R20 XL 95W &#8211; 2 sztuki<\/h1>\n<h2>Data produkcji opon : 2022<\/h2>\n<h2>&#8211; UBEZPIECZENIE opon na 3 lata w cenie<\/h2>\n<p style=\"margin: 15px 0; line-height: 1.8; clear: both; display: block; width: 100%; float: none; position: static;\">WA\u017bNE!!!<\/p>\n<p style=\"margin: 15px 0; line-height: 1.8; clear: both; display: block; width: 100%; float: none; position: static;\">Do wszystkich opon (bez znaczenia na mark\u0119 pojazdu), do\u0142\u0105czany jest <b>CERTYFIKAT<\/b> z regulaminem potwierdzaj\u0105cym <b>UBEZPIECZENIE OPON.<\/b><\/p>\n<p style=\"margin: 15px 0; line-height: 1.8; clear: both; display: block; width: 100%; float: none; position: static;\"><b>UBEZPIECZENIE <\/b>obejmuje uszkodzenia mechaniczne nawet te powsta\u0142e z winy u\u017cytkownika. Podczas sk\u0142adania zam\u00f3wienia prosz\u0119 w uwagach wpisa\u0107 nr nadwozia auta (VIN) \u2013 warunek konieczny aby aktywowa\u0107 certyfikat.<\/p>\n<p style=\"margin: 15px 0; line-height: 1.8; clear: both; display: block; width: 100%; float: none; position: static;\">*szczeg\u00f3\u0142y dot. ubezpieczenia dost\u0119pne w zak\u0142adce &#8222;DODATKOWE INFORMACJE&#8221; na dole aukcji.<\/p>\n<p style=\"margin: 15px 0; line-height: 1.8; clear: both; display: block; width: 100%; float: none; position: static;\"><b>Rodzaj<\/b> <b>pojazdu: <\/b>osobowy<\/p>\n<p style=\"margin: 15px 0; line-height: 1.8; clear: both; display: block; width: 100%; float: none; position: static;\"><b>Sezon:<\/b> zimowe<\/p>\n<p style=\"margin: 15px 0; line-height: 1.8; clear: both; display: block; width: 100%; float: none; position: static;\"><b>Producent: <\/b>Bridgestone<\/p>\n<p style=\"margin: 15px 0; line-height: 1.8; clear: both; display: block; width: 100%; float: none; position: static;\"><b>Model bie\u017cnika:<\/b> BLIZZAK LM005<\/p>\n<p style=\"margin: 15px 0; line-height: 1.8; clear: both; display: block; width: 100%; float: none; position: static;\"><b>Stan:<\/b> fabrycznie nowe<\/p>\n<p style=\"margin: 15px 0; line-height: 1.8; clear: both; display: block; width: 100%; float: none; position: static;\"><b>Rozmiar opony:<\/b> 245\/35 R20<\/p>\n<p style=\"margin: 15px 0; line-height: 1.8; clear: both; display: block; width: 100%; float: none; position: static;\"><b>Kod producenta\/EAN:<\/b> 3286341535716<\/p>\n<p style=\"margin: 15px 0; line-height: 1.8; clear: both; display: block; width: 100%; float: none; position: static;\"><b>Indeks no\u015bno\u015bci:<\/b> 95 (do 690 kg na opon\u0119)<\/p>\n<p style=\"margin: 15px 0; line-height: 1.8; clear: both; display: block; width: 100%; float: none; position: static;\"><b>Indeks pr\u0119dko\u015bci:<\/b> W (do 270 km\/h)<\/p>\n<p style=\"margin: 15px 0; line-height: 1.8; clear: both; display: block; width: 100%; float: none; position: static;\"><b>Klasa opony:<\/b> klasa Premium<\/p>\n<p style=\"margin: 15px 0; line-height: 1.8; clear: both; display: block; width: 100%; float: none; position: static;\"><b>Op\u00f3r toczenia:<\/b> klasa C<\/p>\n<p style=\"margin: 15px 0; line-height: 1.8; clear: both; display: block; width: 100%; float: none; position: static;\"><b>Przyczepno\u015b\u0107 na mokrej nawierzchni:<\/b> klasa A<\/p>\n<p style=\"margin: 15px 0; line-height: 1.8; clear: both; display: block; width: 100%; float: none; position: static;\"><b>Ha\u0142as zewn\u0119trzny:<\/b> 71 dB<\/p>\n<h3 style=\"color: #2c5aa0; font-size: 18px; margin: 30px 0 15px 0; font-weight: bold; clear: both; display: block; width: 100%; float: none; position: static;\">NUMER KATALOGOWY VW: ZTW246350WB050<\/h3>\n<\/div>\n<\/div>\n<\/div>\n<div style=\"clear: both; display: block; margin: 10px 0;\">\n<div style=\"clear: both; display: block; margin: 10px 0;\">\n<div style=\"clear: both; display: block; margin: 10px 0;\">\n<div  style=\"max-width:2560px;max-height:1706px\">\n<div style=\"clear: both; display: block; margin: 10px 0;\">\n<div style=\"clear: both; width: 100%; display: block; margin: 20px 0; padding: 0; float: none; position: static; text-align: center;\"><img decoding=\"async\"  src=\"https:\/\/a.allegroimg.com\/original\/111ca4\/f955ed804433b136d2a0dbb78583\/2x-OPONA-245-35R20-XL-95W-BRIDGESTONE-LM005-2022-Rok-produkcji-2022\" srcset=\"https:\/\/a.allegroimg.com\/original\/111ca4\/f955ed804433b136d2a0dbb78583\/2x-OPONA-245-35R20-XL-95W-BRIDGESTONE-LM005-2022-Rok-produkcji-2022 360w,https:\/\/a.allegroimg.com\/original\/111ca4\/f955ed804433b136d2a0dbb78583\/2x-OPONA-245-35R20-XL-95W-BRIDGESTONE-LM005-2022-Rok-produkcji-2022 720w,https:\/\/a.allegroimg.com\/original\/111ca4\/f955ed804433b136d2a0dbb78583\/2x-OPONA-245-35R20-XL-95W-BRIDGESTONE-LM005-2022-Rok-produkcji-2022 1024w,https:\/\/a.allegroimg.com\/original\/111ca4\/f955ed804433b136d2a0dbb78583\/2x-OPONA-245-35R20-XL-95W-BRIDGESTONE-LM005-2022-Rok-produkcji-2022 1440w,https:\/\/a.allegroimg.com\/original\/111ca4\/f955ed804433b136d2a0dbb78583\/2x-OPONA-245-35R20-XL-95W-BRIDGESTONE-LM005-2022-Rok-produkcji-2022 2560w\" sizes=\"100vw\" width=\"2560px\" alt=\"2x OPONA 245\/35R20 XL 95W BRIDGESTONE LM005 2022 Rok produkcji 2022\" style=\"max-width: 100%; height: auto; display: block; margin: 0 auto;\"><\/div>\n<\/div>\n<\/div>\n<\/div>\n<\/div>\n<\/div>\n<div style=\"clear: both; display: block; margin: 10px 0;\">\n<div style=\"clear: both; display: block; margin: 10px 0;\">\n<div style=\"clear: both; display: block; margin: 10px 0;\">\n<div  style=\"max-width:677px;max-height:570px\">\n<div style=\"clear: both; display: block; margin: 10px 0;\">\n<div style=\"clear: both; width: 100%; display: block; margin: 20px 0; padding: 0; float: none; position: static; text-align: center;\"><img decoding=\"async\"  src=\"https:\/\/a.allegroimg.com\/original\/118585\/48105801407b8ed96ba02251f3ee\/2x-OPONA-245-35R20-XL-95W-BRIDGESTONE-LM005-2022-Szerokosc-opony-245-mm\" srcset=\"https:\/\/a.allegroimg.com\/original\/118585\/48105801407b8ed96ba02251f3ee\/2x-OPONA-245-35R20-XL-95W-BRIDGESTONE-LM005-2022-Szerokosc-opony-245-mm 360w,https:\/\/a.allegroimg.com\/original\/118585\/48105801407b8ed96ba02251f3ee\/2x-OPONA-245-35R20-XL-95W-BRIDGESTONE-LM005-2022-Szerokosc-opony-245-mm 677w,https:\/\/a.allegroimg.com\/original\/118585\/48105801407b8ed96ba02251f3ee\/2x-OPONA-245-35R20-XL-95W-BRIDGESTONE-LM005-2022-Szerokosc-opony-245-mm 677w\" sizes=\"100vw\" width=\"677px\" alt=\"2x OPONA 245\/35R20 XL 95W BRIDGESTONE LM005 2022 Szeroko\u015b\u0107 opony 245 mm\" style=\"max-width: 100%; height: auto; display: block; margin: 0 auto;\"><\/div>\n<\/div>\n<\/div>\n<\/div>\n<\/div>\n<\/div>\n<div style=\"clear: both; display: block; margin: 10px 0;\">\n<div style=\"clear: both; display: block; margin: 10px 0;\">\n<div style=\"clear: both; display: block; margin: 10px 0;\">\n<div  style=\"max-width:665px;max-height:524px\">\n<div style=\"clear: both; display: block; margin: 10px 0;\">\n<div style=\"clear: both; width: 100%; display: block; margin: 20px 0; padding: 0; float: none; position: static; text-align: center;\"><img decoding=\"async\"  src=\"https:\/\/a.allegroimg.com\/original\/116a6c\/7110f72c4c9280639f90bdf33385\/2x-OPONA-245-35R20-XL-95W-BRIDGESTONE-LM005-2022-EAN-GTIN-3286341535716\" srcset=\"https:\/\/a.allegroimg.com\/original\/116a6c\/7110f72c4c9280639f90bdf33385\/2x-OPONA-245-35R20-XL-95W-BRIDGESTONE-LM005-2022-EAN-GTIN-3286341535716 360w,https:\/\/a.allegroimg.com\/original\/116a6c\/7110f72c4c9280639f90bdf33385\/2x-OPONA-245-35R20-XL-95W-BRIDGESTONE-LM005-2022-EAN-GTIN-3286341535716 665w,https:\/\/a.allegroimg.com\/original\/116a6c\/7110f72c4c9280639f90bdf33385\/2x-OPONA-245-35R20-XL-95W-BRIDGESTONE-LM005-2022-EAN-GTIN-3286341535716 665w\" sizes=\"100vw\" width=\"665px\" alt=\"2x OPONA 245\/35R20 XL 95W BRIDGESTONE LM005 2022 EAN (GTIN) 3286341535716\" style=\"max-width: 100%; height: auto; display: block; margin: 0 auto;\"><\/div>\n<\/div>\n<\/div>\n<\/div>\n<\/div>\n<\/div>\n<div style=\"clear: both; display: block; margin: 10px 0;\">\n<div style=\"clear: both; display: block; margin: 10px 0;\">\n<div style=\"clear: both; display: block; margin: 10px 0;\">\n<div  style=\"max-width:291px;max-height:419px\">\n<div style=\"clear: both; display: block; margin: 10px 0;\">\n<div style=\"clear: both; width: 100%; display: block; margin: 20px 0; padding: 0; float: none; position: static; text-align: center;\"><img decoding=\"async\"  src=\"https:\/\/a.allegroimg.com\/original\/112f8d\/4777550c43ef9e6ebb5240c976d8\/2x-OPONA-245-35R20-XL-95W-BRIDGESTONE-LM005-2022-Kod-producenta-15357\" srcset=\"https:\/\/a.allegroimg.com\/original\/112f8d\/4777550c43ef9e6ebb5240c976d8\/2x-OPONA-245-35R20-XL-95W-BRIDGESTONE-LM005-2022-Kod-producenta-15357 250w,https:\/\/a.allegroimg.com\/original\/112f8d\/4777550c43ef9e6ebb5240c976d8\/2x-OPONA-245-35R20-XL-95W-BRIDGESTONE-LM005-2022-Kod-producenta-15357 291w,https:\/\/a.allegroimg.com\/original\/112f8d\/4777550c43ef9e6ebb5240c976d8\/2x-OPONA-245-35R20-XL-95W-BRIDGESTONE-LM005-2022-Kod-producenta-15357 291w\" sizes=\"100vw\" width=\"291px\" alt=\"2x OPONA 245\/35R20 XL 95W BRIDGESTONE LM005 2022 Kod producenta 15357\" style=\"max-width: 100%; height: auto; display: block; margin: 0 auto;\"><\/div>\n<\/div>\n<\/div>\n<\/div>\n<\/div>\n<\/div>\n<\/div>\n<\/div>\n<\/div>\n<div style=\"clear: both; display: block; margin: 10px 0;\">\n","protected":false},"excerpt":{"rendered":"<p>BRIDGESTONE BLIZZAK LM005<\/p>\n<p>245\/35R20 XL 95W &#8211; 2 sztuki<\/p>\n<p>Data produkcji opon : 2022<\/p>\n<p>&#8211; UBEZPIECZENIE opon na 3 lata w cenie<\/p>\n<p>WA\u017bNE!!!<\/p>\n<p>Do wszystkich opon (bez znaczenia na mark\u0119 pojazdu), do\u0142\u0105czany jest CERTYFIKAT z regulaminem potwierdzaj\u0105cym UBEZPIECZENIE OPON.<\/p>\n<p>UBEZPIECZENIE obejmuje uszkodzenia mechaniczne nawet te powsta\u0142e z winy u\u017cytkownika. Podczas sk\u0142adania zam\u00f3wienia prosz\u0119 w uwagach wpisa\u0107 nr nadwozia auta (VIN) \u2013 warunek konieczny aby aktywowa\u0107 certyfikat.<\/p>\n<p>*szczeg\u00f3\u0142y dot. ubezpieczenia dost\u0119pne w zak\u0142adce &quot;DODATKOWE INFORMACJE&quot; na dole aukcji.<\/p>\n","protected":false},"featured_media":17261,"template":"","meta":{"_uag_custom_page_level_css":""},"product_brand":[397],"product_cat":[414,413,412,415],"product_tag":[],"class_list":{"0":"post-17260","1":"product","2":"type-product","3":"status-publish","4":"has-post-thumbnail","6":"product_brand-bridgestone","7":"product_cat-do-samochodow-osobowych-i-suv","8":"product_cat-opony","9":"product_cat-opony-i-felgi","10":"product_cat-zimowe","12":"first","13":"instock","14":"shipping-taxable","15":"purchasable","16":"product-type-simple"},"uagb_featured_image_src":{"full":["https:\/\/oponixo.shop\/tire\/wp-content\/uploads\/2026\/01\/allegro-image-17260.jpg",649,587,false],"thumbnail":["https:\/\/oponixo.shop\/tire\/wp-content\/uploads\/2026\/01\/allegro-image-17260-150x150.jpg",150,150,true],"medium":["https:\/\/oponixo.shop\/tire\/wp-content\/uploads\/2026\/01\/allegro-image-17260-300x271.jpg",300,271,true],"medium_large":["https:\/\/oponixo.shop\/tire\/wp-content\/uploads\/2026\/01\/allegro-image-17260.jpg",649,587,false],"large":["https:\/\/oponixo.shop\/tire\/wp-content\/uploads\/2026\/01\/allegro-image-17260.jpg",649,587,false],"1536x1536":["https:\/\/oponixo.shop\/tire\/wp-content\/uploads\/2026\/01\/allegro-image-17260.jpg",649,587,false],"2048x2048":["https:\/\/oponixo.shop\/tire\/wp-content\/uploads\/2026\/01\/allegro-image-17260.jpg",649,587,false],"woocommerce_thumbnail":["https:\/\/oponixo.shop\/tire\/wp-content\/uploads\/2026\/01\/allegro-image-17260-300x300.jpg",300,300,true],"woocommerce_single":["https:\/\/oponixo.shop\/tire\/wp-content\/uploads\/2026\/01\/allegro-image-17260-600x543.jpg",600,543,true],"woocommerce_gallery_thumbnail":["https:\/\/oponixo.shop\/tire\/wp-content\/uploads\/2026\/01\/allegro-image-17260-100x100.jpg",100,100,true]},"uagb_author_info":{"display_name":"admin","author_link":"https:\/\/oponixo.shop\/tire\/author\/"},"uagb_comment_info":0,"uagb_excerpt":"BRIDGESTONE BLIZZAK LM005 245\/35R20 XL 95W - 2 sztuki Data produkcji opon : 2022 - UBEZPIECZENIE opon na 3 lata w cenie WA\u017bNE!!! Do wszystkich opon (bez znaczenia na mark\u0119 pojazdu), do\u0142\u0105czany jest CERTYFIKAT z regulaminem potwierdzaj\u0105cym UBEZPIECZENIE OPON. UBEZPIECZENIE obejmuje uszkodzenia mechaniczne nawet te powsta\u0142e z winy u\u017cytkownika. Podczas sk\u0142adania zam\u00f3wienia prosz\u0119 w uwagach&hellip;","_links":{"self":[{"href":"https:\/\/oponixo.shop\/tire\/wp-json\/wp\/v2\/product\/17260","targetHints":{"allow":["GET"]}}],"collection":[{"href":"https:\/\/oponixo.shop\/tire\/wp-json\/wp\/v2\/product"}],"about":[{"href":"https:\/\/oponixo.shop\/tire\/wp-json\/wp\/v2\/types\/product"}],"wp:featuredmedia":[{"embeddable":true,"href":"https:\/\/oponixo.shop\/tire\/wp-json\/wp\/v2\/media\/17261"}],"wp:attachment":[{"href":"https:\/\/oponixo.shop\/tire\/wp-json\/wp\/v2\/media?parent=17260"}],"wp:term":[{"taxonomy":"product_brand","embeddable":true,"href":"https:\/\/oponixo.shop\/tire\/wp-json\/wp\/v2\/product_brand?post=17260"},{"taxonomy":"product_cat","embeddable":true,"href":"https:\/\/oponixo.shop\/tire\/wp-json\/wp\/v2\/product_cat?post=17260"},{"taxonomy":"product_tag","embeddable":true,"href":"https:\/\/oponixo.shop\/tire\/wp-json\/wp\/v2\/product_tag?post=17260"}],"curies":[{"name":"wp","href":"https:\/\/api.w.org\/{rel}","templated":true}]}}