{"id":17262,"date":"2026-01-17T21:47:16","date_gmt":"2026-01-17T20:47:16","guid":{"rendered":"https:\/\/oponyonline.shop\/xef5\/produkt\/2x-opony-zimowe-vredestein-wintrac-pro-245-35r20-95y-xl-rant\/"},"modified":"2026-01-17T21:47:17","modified_gmt":"2026-01-17T20:47:17","slug":"2x-opony-zimowe-vredestein-wintrac-pro-245-35r20-95y-xl-rant","status":"publish","type":"product","link":"https:\/\/oponixo.shop\/tire\/produkt\/2x-opony-zimowe-vredestein-wintrac-pro-245-35r20-95y-xl-rant\/","title":{"rendered":"2x opony zimowe Vredestein Wintrac Pro 245\/35R20 95Y XL rant"},"content":{"rendered":"<div style=\"font-family: Arial, sans-serif; line-height: 1.6; color: #333; padding: 20px; clear: both; display: block; width: 100%; float: none; position: static; overflow: hidden;\">\n<div style=\"clear: both; display: block; margin: 10px 0;\">\n<div style=\"clear: both; display: block; margin: 10px 0;\">\n<div style=\"clear: both; display: block; margin: 10px 0;\">\n<div  style=\"max-width:500px;max-height:175px\">\n<div style=\"clear: both; display: block; margin: 10px 0;\">\n<div style=\"clear: both; width: 100%; display: block; margin: 20px 0; padding: 0; float: none; position: static; text-align: center;\"><img decoding=\"async\"  src=\"https:\/\/a.allegroimg.com\/original\/11271f\/5f48509d416680848cb53f5d00f2\/2x-opony-zimowe-Vredestein-Wintrac-Pro-245-35R20-95Y-XL-rant-Liczba-opon-w-ofercie-2-szt\" srcset=\"https:\/\/a.allegroimg.com\/original\/11271f\/5f48509d416680848cb53f5d00f2\/2x-opony-zimowe-Vredestein-Wintrac-Pro-245-35R20-95Y-XL-rant-Liczba-opon-w-ofercie-2-szt 360w,https:\/\/a.allegroimg.com\/original\/11271f\/5f48509d416680848cb53f5d00f2\/2x-opony-zimowe-Vredestein-Wintrac-Pro-245-35R20-95Y-XL-rant-Liczba-opon-w-ofercie-2-szt 500w,https:\/\/a.allegroimg.com\/original\/11271f\/5f48509d416680848cb53f5d00f2\/2x-opony-zimowe-Vredestein-Wintrac-Pro-245-35R20-95Y-XL-rant-Liczba-opon-w-ofercie-2-szt 500w\" sizes=\"100vw\" width=\"500px\" alt=\"2x opony zimowe Vredestein Wintrac Pro 245\/35R20 95Y XL rant Liczba opon w ofercie 2 szt.\" style=\"max-width: 100%; height: auto; display: block; margin: 0 auto;\"><\/div>\n<\/div>\n<\/div>\n<\/div>\n<\/div>\n<\/div>\n<div style=\"clear: both; display: block; margin: 10px 0;\">\n<div style=\"clear: both; display: block; margin: 10px 0;\">\n<div style=\"clear: both; display: block; margin: 10px 0;\">\n<h1>zestaw 2 sztuk nowych opon zimowych<\/h1>\n<h1>Vredestein Wintrac Pro 245\/35R20 95Y XL FSL<\/h1>\n<p style=\"margin: 15px 0; line-height: 1.8; clear: both; display: block; width: 100%; float: none; position: static;\">\n<\/div>\n<\/div>\n<\/div>\n<div style=\"clear: both; display: block; margin: 10px 0;\">\n<div style=\"clear: both; display: block; margin: 10px 0;\">\n<div style=\"clear: both; display: block; margin: 10px 0;\">\n<div  style=\"max-width:500px;max-height:826px\">\n<div style=\"clear: both; display: block; margin: 10px 0;\">\n<div style=\"clear: both; width: 100%; display: block; margin: 20px 0; padding: 0; float: none; position: static; text-align: center;\"><img decoding=\"async\"  src=\"https:\/\/a.allegroimg.com\/original\/112aef\/04481c5140c99e11a1acfe53701f\/2x-opony-zimowe-Vredestein-Wintrac-Pro-245-35R20-95Y-XL-rant\" srcset=\"https:\/\/a.allegroimg.com\/original\/112aef\/04481c5140c99e11a1acfe53701f\/2x-opony-zimowe-Vredestein-Wintrac-Pro-245-35R20-95Y-XL-rant 217w,https:\/\/a.allegroimg.com\/original\/112aef\/04481c5140c99e11a1acfe53701f\/2x-opony-zimowe-Vredestein-Wintrac-Pro-245-35R20-95Y-XL-rant 435w,https:\/\/a.allegroimg.com\/original\/112aef\/04481c5140c99e11a1acfe53701f\/2x-opony-zimowe-Vredestein-Wintrac-Pro-245-35R20-95Y-XL-rant 500w,https:\/\/a.allegroimg.com\/original\/112aef\/04481c5140c99e11a1acfe53701f\/2x-opony-zimowe-Vredestein-Wintrac-Pro-245-35R20-95Y-XL-rant 500w\" sizes=\"(min-width: 1200px) 560px, (min-width: 992px) 50vw, 100vw\" width=\"500px\" alt=\"2x opony zimowe Vredestein Wintrac Pro 245\/35R20 95Y XL rant\" style=\"max-width: 100%; height: auto; display: block; margin: 0 auto;\"><\/div>\n<\/div>\n<\/div>\n<\/div>\n<\/div>\n<div style=\"clear: both; display: block; margin: 10px 0;\">\n<div style=\"clear: both; display: block; margin: 10px 0;\">\n<p style=\"margin: 15px 0; line-height: 1.8; clear: both; display: block; width: 100%; float: none; position: static;\"><b>Vredestein Wintrac Pro<\/b> to opony <b>zimowe<\/b> przeznaczone do samochod\u00f3w <b>osobowych<\/b> oraz suv-\u00f3w. Oryginalny produkt klasy <b>premium<\/b> renomowanej marki <b>Vredestein<\/b>. Bezkompromisowa jako\u015b\u0107. Opony klasy UHP (Ultra High Performance) do pojazd\u00f3w o wi\u0119kszej mocy silnika, przeznaczone dla kierowc\u00f3w preferuj\u0105cych dynamiczny styl jazdy.<\/p>\n<ul style=\"margin: 15px 0; padding-left: 20px; clear: both; display: block; width: 100%; float: none; position: static;\">\n<li style=\"margin: 5px 0; padding: 2px 0; clear: both; display: list-item; float: none; position: static;\">rok produkcji: nie starsze ni\u017c <b>2022<\/b><\/li>\n<li style=\"margin: 5px 0; padding: 2px 0; clear: both; display: list-item; float: none; position: static;\">opony <b>nowe<\/b>, oryginalne, z gwarancj\u0105<\/li>\n<li style=\"margin: 5px 0; padding: 2px 0; clear: both; display: list-item; float: none; position: static;\"><b>FSL<\/b> &#8211; opony posiadaj\u0105 rant chroni\u0105cy felg\u0119<\/li>\n<li style=\"margin: 5px 0; padding: 2px 0; clear: both; display: list-item; float: none; position: static;\">opony wzmocnione <b>XL<\/b><\/li>\n<li style=\"margin: 5px 0; padding: 2px 0; clear: both; display: list-item; float: none; position: static;\">komfortowa, cicha praca<\/li>\n<li style=\"margin: 5px 0; padding: 2px 0; clear: both; display: list-item; float: none; position: static;\">doskona\u0142a trakcja, precyzyjne sterowanie &#8211; r\u00f3wnie\u017c przy du\u017cych pr\u0119dko\u015bciach<\/li>\n<li style=\"margin: 5px 0; padding: 2px 0; clear: both; display: list-item; float: none; position: static;\">d\u0142ugie przebiegi<\/li>\n<li style=\"margin: 5px 0; padding: 2px 0; clear: both; display: list-item; float: none; position: static;\">bie\u017cnik zu\u017cywa si\u0119 r\u00f3wnomiernie<\/li>\n<li style=\"margin: 5px 0; padding: 2px 0; clear: both; display: list-item; float: none; position: static;\">znakomita przyczepno\u015b\u0107 i trakcja w trudnych, zimowych warunkach<\/li>\n<li style=\"margin: 5px 0; padding: 2px 0; clear: both; display: list-item; float: none; position: static;\">pe\u0142na homologacja zimowa 3PMSF (opony z tym oznaczeniem musz\u0105 spe\u0142nia\u0107 rygorystyczne normy dot. przyczepno\u015bci i hamowania na \u015bniegu i lodzie)<\/li>\n<li style=\"margin: 5px 0; padding: 2px 0; clear: both; display: list-item; float: none; position: static;\">skuteczne odprowadzanie wody i b\u0142ota, system antypo\u015blizgowy<\/li>\n<\/ul>\n<\/div>\n<\/div>\n<\/div>\n<div style=\"clear: both; display: block; margin: 10px 0;\">\n<div style=\"clear: both; display: block; margin: 10px 0;\">\n<div style=\"clear: both; display: block; margin: 10px 0;\">\n<div  style=\"max-width:400px;max-height:585px\">\n<div style=\"clear: both; display: block; margin: 10px 0;\">\n<div style=\"clear: both; width: 100%; display: block; margin: 20px 0; padding: 0; float: none; position: static; text-align: center;\"><img decoding=\"async\"  src=\"https:\/\/a.allegroimg.com\/original\/115570\/ab3871874f21b7fcb140557f81a9\/2x-opony-zimowe-Vredestein-Wintrac-Pro-245-35R20-95Y-XL-rant-Marka-Vredestein\" srcset=\"https:\/\/a.allegroimg.com\/original\/115570\/ab3871874f21b7fcb140557f81a9\/2x-opony-zimowe-Vredestein-Wintrac-Pro-245-35R20-95Y-XL-rant-Marka-Vredestein 246w,https:\/\/a.allegroimg.com\/original\/115570\/ab3871874f21b7fcb140557f81a9\/2x-opony-zimowe-Vredestein-Wintrac-Pro-245-35R20-95Y-XL-rant-Marka-Vredestein 400w,https:\/\/a.allegroimg.com\/original\/115570\/ab3871874f21b7fcb140557f81a9\/2x-opony-zimowe-Vredestein-Wintrac-Pro-245-35R20-95Y-XL-rant-Marka-Vredestein 400w\" sizes=\"100vw\" width=\"400px\" alt=\"2x opony zimowe Vredestein Wintrac Pro 245\/35R20 95Y XL rant Marka Vredestein\" style=\"max-width: 100%; height: auto; display: block; margin: 0 auto;\"><\/div>\n<\/div>\n<\/div>\n<\/div>\n<\/div>\n<\/div>\n<\/div>\n<\/div>\n<\/div>\n<div style=\"clear: both; display: block; margin: 10px 0;\">\n","protected":false},"excerpt":{"rendered":"<p>zestaw 2 sztuk nowych opon zimowych<\/p>\n<p>Vredestein Wintrac Pro 245\/35R20 95Y XL FSL<\/p>\n<p>Vredestein Wintrac Pro to opony zimowe przeznaczone do samochod\u00f3w osobowych oraz suv-\u00f3w. Oryginalny produkt klasy premium renomowanej marki Vredestein. Bezkompromisowa jako\u015b\u0107. Opony klasy UHP (Ultra High Performance) do pojazd\u00f3w o wi\u0119kszej mocy silnika, przeznaczone dla kierowc\u00f3w preferuj\u0105cych dynamiczny styl jazdy.<\/p>\n<p>rok produkcji: nie starsze ni\u017c 2022<\/p>\n<p>opony nowe, oryginalne, z gwarancj\u0105<\/p>\n<p>FSL &#8211; opony posiadaj\u0105 rant chroni\u0105cy felg\u0119<\/p>\n<p>opony wzmocnione XL<\/p>\n<p>komfortowa, cicha praca<\/p>\n","protected":false},"featured_media":17263,"template":"","meta":{"_uag_custom_page_level_css":""},"product_brand":[436],"product_cat":[414,413,412,415],"product_tag":[],"class_list":{"0":"post-17262","1":"product","2":"type-product","3":"status-publish","4":"has-post-thumbnail","6":"product_brand-vredestein","7":"product_cat-do-samochodow-osobowych-i-suv","8":"product_cat-opony","9":"product_cat-opony-i-felgi","10":"product_cat-zimowe","12":"first","13":"instock","14":"shipping-taxable","15":"purchasable","16":"product-type-simple"},"uagb_featured_image_src":{"full":["https:\/\/oponixo.shop\/tire\/wp-content\/uploads\/2026\/01\/allegro-image-17262.jpg",500,826,false],"thumbnail":["https:\/\/oponixo.shop\/tire\/wp-content\/uploads\/2026\/01\/allegro-image-17262-150x150.jpg",150,150,true],"medium":["https:\/\/oponixo.shop\/tire\/wp-content\/uploads\/2026\/01\/allegro-image-17262-182x300.jpg",182,300,true],"medium_large":["https:\/\/oponixo.shop\/tire\/wp-content\/uploads\/2026\/01\/allegro-image-17262.jpg",500,826,false],"large":["https:\/\/oponixo.shop\/tire\/wp-content\/uploads\/2026\/01\/allegro-image-17262.jpg",500,826,false],"1536x1536":["https:\/\/oponixo.shop\/tire\/wp-content\/uploads\/2026\/01\/allegro-image-17262.jpg",500,826,false],"2048x2048":["https:\/\/oponixo.shop\/tire\/wp-content\/uploads\/2026\/01\/allegro-image-17262.jpg",500,826,false],"woocommerce_thumbnail":["https:\/\/oponixo.shop\/tire\/wp-content\/uploads\/2026\/01\/allegro-image-17262-300x300.jpg",300,300,true],"woocommerce_single":["https:\/\/oponixo.shop\/tire\/wp-content\/uploads\/2026\/01\/allegro-image-17262.jpg",500,826,false],"woocommerce_gallery_thumbnail":["https:\/\/oponixo.shop\/tire\/wp-content\/uploads\/2026\/01\/allegro-image-17262-100x100.jpg",100,100,true]},"uagb_author_info":{"display_name":"admin","author_link":"https:\/\/oponixo.shop\/tire\/author\/"},"uagb_comment_info":0,"uagb_excerpt":"zestaw 2 sztuk nowych opon zimowych Vredestein Wintrac Pro 245\/35R20 95Y XL FSL Vredestein Wintrac Pro to opony zimowe przeznaczone do samochod\u00f3w osobowych oraz suv-\u00f3w. Oryginalny produkt klasy premium renomowanej marki Vredestein. Bezkompromisowa jako\u015b\u0107. Opony klasy UHP (Ultra High Performance) do pojazd\u00f3w o wi\u0119kszej mocy silnika, przeznaczone dla kierowc\u00f3w preferuj\u0105cych dynamiczny styl jazdy. rok produkcji:&hellip;","_links":{"self":[{"href":"https:\/\/oponixo.shop\/tire\/wp-json\/wp\/v2\/product\/17262","targetHints":{"allow":["GET"]}}],"collection":[{"href":"https:\/\/oponixo.shop\/tire\/wp-json\/wp\/v2\/product"}],"about":[{"href":"https:\/\/oponixo.shop\/tire\/wp-json\/wp\/v2\/types\/product"}],"wp:featuredmedia":[{"embeddable":true,"href":"https:\/\/oponixo.shop\/tire\/wp-json\/wp\/v2\/media\/17263"}],"wp:attachment":[{"href":"https:\/\/oponixo.shop\/tire\/wp-json\/wp\/v2\/media?parent=17262"}],"wp:term":[{"taxonomy":"product_brand","embeddable":true,"href":"https:\/\/oponixo.shop\/tire\/wp-json\/wp\/v2\/product_brand?post=17262"},{"taxonomy":"product_cat","embeddable":true,"href":"https:\/\/oponixo.shop\/tire\/wp-json\/wp\/v2\/product_cat?post=17262"},{"taxonomy":"product_tag","embeddable":true,"href":"https:\/\/oponixo.shop\/tire\/wp-json\/wp\/v2\/product_tag?post=17262"}],"curies":[{"name":"wp","href":"https:\/\/api.w.org\/{rel}","templated":true}]}}