{"id":17284,"date":"2026-01-17T21:47:23","date_gmt":"2026-01-17T20:47:23","guid":{"rendered":"https:\/\/oponyonline.shop\/xef5\/produkt\/2x-pirelli-245-35r20-95w-p-zero-pz4-ls-fr-xl\/"},"modified":"2026-01-17T21:47:24","modified_gmt":"2026-01-17T20:47:24","slug":"2x-pirelli-245-35r20-95w-p-zero-pz4-ls-fr-xl","status":"publish","type":"product","link":"https:\/\/oponixo.shop\/tire\/produkt\/2x-pirelli-245-35r20-95w-p-zero-pz4-ls-fr-xl\/","title":{"rendered":"2x Pirelli 245\/35R20 95W P Zero PZ4 LS FR XL"},"content":{"rendered":"<div style=\"font-family: Arial, sans-serif; line-height: 1.6; color: #333; padding: 20px; clear: both; display: block; width: 100%; float: none; position: static; overflow: hidden;\">\n<div style=\"clear: both; display: block; margin: 10px 0;\">\n<div style=\"clear: both; display: block; margin: 10px 0;\">\n<div style=\"clear: both; display: block; margin: 10px 0;\">\n<div  style=\"max-width:892px;max-height:669px\">\n<div style=\"clear: both; display: block; margin: 10px 0;\">\n<div style=\"clear: both; width: 100%; display: block; margin: 20px 0; padding: 0; float: none; position: static; text-align: center;\"><img decoding=\"async\"  src=\"https:\/\/a.allegroimg.com\/original\/1150bf\/cccf04174dadb287ea243fe30c4c\/2x-Pirelli-245-35R20-95W-P-Zero-PZ4-LS-FR-XL\" srcset=\"https:\/\/a.allegroimg.com\/original\/1150bf\/cccf04174dadb287ea243fe30c4c\/2x-Pirelli-245-35R20-95W-P-Zero-PZ4-LS-FR-XL 360w,https:\/\/a.allegroimg.com\/original\/1150bf\/cccf04174dadb287ea243fe30c4c\/2x-Pirelli-245-35R20-95W-P-Zero-PZ4-LS-FR-XL 720w,https:\/\/a.allegroimg.com\/original\/1150bf\/cccf04174dadb287ea243fe30c4c\/2x-Pirelli-245-35R20-95W-P-Zero-PZ4-LS-FR-XL 892w,https:\/\/a.allegroimg.com\/original\/1150bf\/cccf04174dadb287ea243fe30c4c\/2x-Pirelli-245-35R20-95W-P-Zero-PZ4-LS-FR-XL 892w\" sizes=\"(min-width: 1200px) 560px, (min-width: 992px) 50vw, 100vw\" width=\"892px\" alt=\"2x Pirelli 245\/35R20 95W P Zero PZ4 LS FR XL\" style=\"max-width: 100%; height: auto; display: block; margin: 0 auto;\"><\/div>\n<\/div>\n<\/div>\n<\/div>\n<\/div>\n<div style=\"clear: both; display: block; margin: 10px 0;\">\n<div style=\"clear: both; display: block; margin: 10px 0;\">\n<h1>Opony Pirelli P Zero PZ4 LS<\/h1>\n<h1>245\/35R20 95W<\/h1>\n<ul style=\"margin: 15px 0; padding-left: 20px; clear: both; display: block; width: 100%; float: none; position: static;\">\n<li style=\"margin: 5px 0; padding: 2px 0; clear: both; display: list-item; float: none; position: static;\">Przeznaczenie: <b>Lato<\/b><\/li>\n<li style=\"margin: 5px 0; padding: 2px 0; clear: both; display: list-item; float: none; position: static;\">Typ pojazdu: <b>Osobowy<\/b><\/li>\n<li style=\"margin: 5px 0; padding: 2px 0; clear: both; display: list-item; float: none; position: static;\">Indeks pr\u0119dko\u015bci:<b>W do 270 km\/h<\/b><\/li>\n<li style=\"margin: 5px 0; padding: 2px 0; clear: both; display: list-item; float: none; position: static;\">Indeks no\u015bno\u015bci: <b>95 &#8211; 690 kg<\/b><\/li>\n<li style=\"margin: 5px 0; padding: 2px 0; clear: both; display: list-item; float: none; position: static;\">Rok produkcji: <b>2024\/2025<\/b><\/li>\n<\/ul>\n<h3 style=\"color: #2c5aa0; font-size: 18px; margin: 30px 0 15px 0; font-weight: bold; clear: both; display: block; width: 100%; float: none; position: static;\">Oznaczenia dodatkowe:<\/h3>\n<p style=\"margin: 15px 0; line-height: 1.8; clear: both; display: block; width: 100%; float: none; position: static;\">FR &#8211; opona posiada rant chroni\u0105cy felg\u0119 przed zarysowaniami<\/p>\n<p style=\"margin: 15px 0; line-height: 1.8; clear: both; display: block; width: 100%; float: none; position: static;\">XL &#8211; opona o wzmocnionej budowie karkasu<\/p>\n<p style=\"margin: 15px 0; line-height: 1.8; clear: both; display: block; width: 100%; float: none; position: static;\">Opona homologowana dla aut marki VOLVO<\/p>\n<\/div>\n<\/div>\n<\/div>\n<div style=\"clear: both; display: block; margin: 10px 0;\">\n<div style=\"clear: both; display: block; margin: 10px 0;\">\n<div style=\"clear: both; display: block; margin: 10px 0;\">\n<h3 style=\"color: #2c5aa0; font-size: 18px; margin: 30px 0 15px 0; font-weight: bold; clear: both; display: block; width: 100%; float: none; position: static;\">Opis modelu<\/h3>\n<p style=\"margin: 15px 0; line-height: 1.8; clear: both; display: block; width: 100%; float: none; position: static;\">P Zero to model, kt\u00f3ry zosta\u0142 opracowany z my\u015bl\u0105 o szybkich, sportowych oraz luksusowych samochodach o du\u017cej mocy silnika. Opon\u0119 wyposa\u017cono w asymetryczny bie\u017cnik, kt\u00f3ry pozwala uzyska\u0107 maksymaln\u0105 kontrol\u0119 przy generowaniu sportowych osi\u0105g\u00f3w. Potr\u00f3jne \u017cebra centralne zapewniaj\u0105 r\u00f3wnomierny docisk do pod\u0142o\u017ca oraz odpowiedni\u0105 sztywno\u015b\u0107 podczas pracy. Powy\u017csze aspekty wp\u0142ywaj\u0105 na poprawienie hamowania oraz trakcji przy ka\u017cdej pr\u0119dko\u015bci. Zewn\u0119trzne barki posiadaj\u0105 du\u017ce bloki zwi\u0119kszaj\u0105ce precyzj\u0119 prowadzenia oraz kontrol\u0119 nad autem, co dodatkowo podwy\u017csza sportowe osi\u0105gi modelu. Pirelli P Zero to klasyczna i sprawdzona przez wielu wymagaj\u0105cych kierowc\u00f3w konstrukcja, kt\u00f3ra gwarantuje znakomite prowadzenie na suchej, jak i mokrej nawierzchni. Bie\u017cnik podzielony jest trzema wzd\u0142u\u017cnymi rowkami, dzi\u0119ki kt\u00f3rym opona \u015bwietnie radzi sobie z wypompowywaniem du\u017cych ilo\u015bci wody. Jest to gwarancj\u0105 zachowania bezpiecze\u0144stwa i ochrony przed zjawiskiem aquaplaningu. Opony P Zero wyprodukowane zosta\u0142y z nowoczesnej mieszanki z dodatkiem krzemionki, kt\u00f3ra zapewnia odpowiedni\u0105 elastyczno\u015b\u0107 oraz odporno\u015b\u0107 na przegrzewanie si\u0119 podczas bardzo intensywnej eksploatacji. Dodatkowym atutem jest zmniejszenie wagi oraz zwi\u0119kszenie wytrzyma\u0142o\u015bci opony, co w po\u0142\u0105czeniu z zaawansowan\u0105 mieszank\u0105 wyra\u017anie zmniejsza opory toczenia. Skutkiem jest zmniejszenie ilo\u015bci CO2 emitowanego do atmosfery oraz redukcja spalania paliwa. P Zero dzi\u0119ki zoptymalizowanej konstrukcji zachowuje swoje parametry przez ca\u0142y okres u\u017cytkowania, jest odporna na uszkodzenia mechaniczne i bardzo wytrzyma\u0142a, co skutkuje jej wolnym zu\u017cyciem i d\u0142u\u017csz\u0105 eksploatacj\u0105. Pirelli P Zero zapewnia p\u0142ynne i stabilne wykonywanie dynamicznych manewr\u00f3w, co jest zas\u0142ug\u0105 zwi\u0119kszonej powierzchni nacisku opony na pod\u0142o\u017ce. Opona jest idealnym rozwi\u0105zaniem dla kierowc\u00f3w szukaj\u0105cych sportowych osi\u0105g\u00f3w, po\u0142\u0105czonych z komfortem oraz bezpiecze\u0144stwem podr\u00f3\u017cowania.<\/p>\n<p style=\"margin: 15px 0; line-height: 1.8; clear: both; display: block; width: 100%; float: none; position: static;\">W 2016 roku Pirelli przeprowadzi\u0142o gruntowny lifting swojego flagowego modelu. Najnowsza ods\u0142ona opony powsta\u0142a na bazie d\u0142ugofalowej i bardzo owocnej wsp\u00f3\u0142pracy z producentami samochod\u00f3w. W zwi\u0105zku z powy\u017cszym Pirelli P Zero to nie tylko najwy\u017csze osi\u0105gi, ale r\u00f3wnie\u017c szereg homologacji do najbardziej sportowych i luksusowych aut, kt\u00f3re \u015bwiadcz\u0105 o niepodwa\u017calnej jako\u015bci oferowanego ogumienia oraz gwarantuj\u0105 idealne dopasowanie opony do konkretnego pojazdu. Najnowsza generacja opon P Zero oznaczona jest symbolem PZ4 i wyst\u0119puje w dw\u00f3ch wersjach w zale\u017cno\u015bci od rozmiaru oraz charakterystyki pojazdu, do kt\u00f3rego jest przystosowana.<\/p>\n<p style=\"margin: 15px 0; line-height: 1.8; clear: both; display: block; width: 100%; float: none; position: static;\">P Zero PZ4 L.S. (luxury Saloon) &#8211; wersja przystosowana do aut najbardziej luksusowych, kt\u00f3re wymagaj\u0105 maksymalnego komfortu po\u0142\u0105czonego z najwy\u017cszym poziomem bezpiecze\u0144stwa. Zaawansowane zewn\u0119trzne barki zapewniaj\u0105 dodatkowe t\u0142umienie d\u017awi\u0119ku oraz zwi\u0119kszaj\u0105 ochron\u0119 przed aquaplaningiem.<\/p>\n<p style=\"margin: 15px 0; line-height: 1.8; clear: both; display: block; width: 100%; float: none; position: static;\">P Zero PZ4 S.C. (Sport Cars) &#8211; wariant przeznaczony do samochod\u00f3w o najwy\u017cszych osi\u0105gach, ogromnej mocy oraz bardzo szybkim przyspieszeniu. Zewn\u0119trzna cz\u0119\u015b\u0107 barkowa zosta\u0142a dodatkowo zmodyfikowana, aby zwi\u0119kszy\u0107 przyczepno\u015b\u0107 na suchej nawierzchni oraz stabilno\u015b\u0107 toru jazdy podczas dynamicznych manewr\u00f3w i skr\u0119cania.<\/p>\n<p style=\"margin: 15px 0; line-height: 1.8; clear: both; display: block; width: 100%; float: none; position: static;\">Pirelli to W\u0142oski koncern dzia\u0142aj\u0105cy na rynku od 1872 roku. Obecnie firma zajmuje pi\u0105te miejsce na \u015bwiecie pod wzgl\u0119dem ilo\u015bci produkowanych opon. Pirelli od zawsze kojarzone jest ze sportami motorowymi. W ofercie poza oponami wyczynowymi znajduj\u0105 si\u0119 r\u00f3wnie\u017c opony do aut osobowych, SUV, 4&#215;4, dostawczych, ci\u0119\u017carowych oraz motocyklowych. Marka Pirelli tworzy opony segmentu premium, dla najbardziej wymagaj\u0105cych klient\u00f3w, \u0142\u0105cz\u0105c maksymalne osi\u0105gi z najwy\u017csz\u0105 jako\u015bci\u0105 wykonania.<\/p>\n<\/div>\n<\/div>\n<div style=\"clear: both; display: block; margin: 10px 0;\">\n<div style=\"clear: both; display: block; margin: 10px 0;\">\n<div  style=\"max-width:2102px;max-height:2102px\">\n<div style=\"clear: both; display: block; margin: 10px 0;\">\n<div style=\"clear: both; width: 100%; display: block; margin: 20px 0; padding: 0; float: none; position: static; text-align: center;\"><img decoding=\"async\"  src=\"https:\/\/a.allegroimg.com\/original\/1150df\/b1480ca94bc2ba9cbb3dcbc8c2d0\/2x-Pirelli-245-35R20-95W-P-Zero-PZ4-LS-FR-XL-Liczba-opon-w-ofercie-2-szt\" srcset=\"https:\/\/a.allegroimg.com\/original\/1150df\/b1480ca94bc2ba9cbb3dcbc8c2d0\/2x-Pirelli-245-35R20-95W-P-Zero-PZ4-LS-FR-XL-Liczba-opon-w-ofercie-2-szt 360w,https:\/\/a.allegroimg.com\/original\/1150df\/b1480ca94bc2ba9cbb3dcbc8c2d0\/2x-Pirelli-245-35R20-95W-P-Zero-PZ4-LS-FR-XL-Liczba-opon-w-ofercie-2-szt 720w,https:\/\/a.allegroimg.com\/original\/1150df\/b1480ca94bc2ba9cbb3dcbc8c2d0\/2x-Pirelli-245-35R20-95W-P-Zero-PZ4-LS-FR-XL-Liczba-opon-w-ofercie-2-szt 1024w,https:\/\/a.allegroimg.com\/original\/1150df\/b1480ca94bc2ba9cbb3dcbc8c2d0\/2x-Pirelli-245-35R20-95W-P-Zero-PZ4-LS-FR-XL-Liczba-opon-w-ofercie-2-szt 1440w,https:\/\/a.allegroimg.com\/original\/1150df\/b1480ca94bc2ba9cbb3dcbc8c2d0\/2x-Pirelli-245-35R20-95W-P-Zero-PZ4-LS-FR-XL-Liczba-opon-w-ofercie-2-szt 2102w\" sizes=\"(min-width: 1200px) 560px, (min-width: 992px) 50vw, 100vw\" width=\"2102px\" alt=\"2x Pirelli 245\/35R20 95W P Zero PZ4 LS FR XL Liczba opon w ofercie 2 szt.\" style=\"max-width: 100%; height: auto; display: block; margin: 0 auto;\"><\/div>\n<\/div>\n<\/div>\n<\/div>\n<\/div>\n<\/div>\n<div style=\"clear: both; display: block; margin: 10px 0;\">\n<div style=\"clear: both; display: block; margin: 10px 0;\">\n<div style=\"clear: both; display: block; margin: 10px 0;\">\n<div  style=\"max-width:300px;max-height:440px\">\n<div style=\"clear: both; display: block; margin: 10px 0;\">\n<div style=\"clear: both; width: 100%; display: block; margin: 20px 0; padding: 0; float: none; position: static; text-align: center;\"><img decoding=\"async\"  src=\"https:\/\/a.allegroimg.com\/original\/11bcc1\/311b51b7408f9147b4eba964f651\/2x-Pirelli-245-35R20-95W-P-Zero-PZ4-LS-FR-XL-Marka-Pirelli\" srcset=\"https:\/\/a.allegroimg.com\/original\/11bcc1\/311b51b7408f9147b4eba964f651\/2x-Pirelli-245-35R20-95W-P-Zero-PZ4-LS-FR-XL-Marka-Pirelli 245w,https:\/\/a.allegroimg.com\/original\/11bcc1\/311b51b7408f9147b4eba964f651\/2x-Pirelli-245-35R20-95W-P-Zero-PZ4-LS-FR-XL-Marka-Pirelli 300w,https:\/\/a.allegroimg.com\/original\/11bcc1\/311b51b7408f9147b4eba964f651\/2x-Pirelli-245-35R20-95W-P-Zero-PZ4-LS-FR-XL-Marka-Pirelli 300w\" sizes=\"(min-width: 1200px) 560px, (min-width: 992px) 50vw, 100vw\" width=\"300px\" alt=\"2x Pirelli 245\/35R20 95W P Zero PZ4 LS FR XL Marka Pirelli\" style=\"max-width: 100%; height: auto; display: block; margin: 0 auto;\"><\/div>\n<\/div>\n<\/div>\n<\/div>\n<\/div>\n<div style=\"clear: both; display: block; margin: 10px 0;\">\n<div style=\"clear: both; display: block; margin: 10px 0;\">\n<h3 style=\"color: #2c5aa0; font-size: 18px; margin: 30px 0 15px 0; font-weight: bold; clear: both; display: block; width: 100%; float: none; position: static;\">Efektywno\u015b\u0107 energetyczna \/ op\u00f3r toczenia<\/h3>\n<p style=\"margin: 15px 0; line-height: 1.8; clear: both; display: block; width: 100%; float: none; position: static;\">Op\u00f3r toczenia mo\u017cna nazwa\u0107 strat\u0105 energii, kt\u00f3ra powstaje, kiedy opona odkszta\u0142ca si\u0119 podczas jazdy na skutek kontaktu z pod\u0142o\u017cem. Ni\u017cszy op\u00f3r toczenia oznacza, \u017ce potrzeba mniej paliwa by utrzyma\u0107 samoch\u00f3d w ruchu.<\/p>\n<h3 style=\"color: #2c5aa0; font-size: 18px; margin: 30px 0 15px 0; font-weight: bold; clear: both; display: block; width: 100%; float: none; position: static;\">Przyczepno\u015b\u0107 na mokrej nawierzchni<\/h3>\n<p style=\"margin: 15px 0; line-height: 1.8; clear: both; display: block; width: 100%; float: none; position: static;\">Hamowanie na mokrej nawierzchni mierzy si\u0119 w metrach od momentu rozpocz\u0119cia hamowania do pe\u0142nego zatrzymania auta. Jest kluczowe dla bezpiecze\u0144stwa jazdy. Ocena A oznacza najkr\u00f3tsz\u0105 drog\u0119 hamowania, ocena G &#8211; najd\u0142u\u017csz\u0105.<\/p>\n<h3 style=\"color: #2c5aa0; font-size: 18px; margin: 30px 0 15px 0; font-weight: bold; clear: both; display: block; width: 100%; float: none; position: static;\">Zewn\u0119trzny ha\u0142as generowany przez opon\u0119<\/h3>\n<p style=\"margin: 15px 0; line-height: 1.8; clear: both; display: block; width: 100%; float: none; position: static;\">Ha\u0142as, kt\u00f3ry wytwarzaj\u0105 opony w trakcie jazdy mierzony jest w decybelach. Cicho\u015b\u0107 opony znacznie wp\u0142ywa na ochron\u0119 \u015brodowiska oraz komfort podr\u00f3\u017cowania. Ha\u0142as mierzony jest przy pr\u0119dko\u015bci 80km\/h.<\/p>\n<\/div>\n<\/div>\n<\/div>\n<\/div>\n<\/div>\n<\/div>\n<div style=\"clear: both; display: block; margin: 10px 0;\">\n","protected":false},"excerpt":{"rendered":"<p>Opony Pirelli P Zero PZ4 LS<\/p>\n<p>245\/35R20 95W<\/p>\n<p>Przeznaczenie: Lato<\/p>\n<p>Typ pojazdu: Osobowy<\/p>\n<p>Indeks pr\u0119dko\u015bci:W do 270 km\/h<\/p>\n<p>Indeks no\u015bno\u015bci: 95 &#8211; 690 kg<\/p>\n<p>Rok produkcji: 2024\/2025<\/p>\n<p>Oznaczenia dodatkowe:<\/p>\n","protected":false},"featured_media":17285,"template":"","meta":{"_uag_custom_page_level_css":""},"product_brand":[433],"product_cat":[414,418,413,412],"product_tag":[],"class_list":{"0":"post-17284","1":"product","2":"type-product","3":"status-publish","4":"has-post-thumbnail","6":"product_brand-pirelli","7":"product_cat-do-samochodow-osobowych-i-suv","8":"product_cat-letnie","9":"product_cat-opony","10":"product_cat-opony-i-felgi","12":"first","13":"instock","14":"shipping-taxable","15":"purchasable","16":"product-type-simple"},"uagb_featured_image_src":{"full":["https:\/\/oponixo.shop\/tire\/wp-content\/uploads\/2026\/01\/allegro-image-17284.jpg",892,669,false],"thumbnail":["https:\/\/oponixo.shop\/tire\/wp-content\/uploads\/2026\/01\/allegro-image-17284-150x150.jpg",150,150,true],"medium":["https:\/\/oponixo.shop\/tire\/wp-content\/uploads\/2026\/01\/allegro-image-17284-300x225.jpg",300,225,true],"medium_large":["https:\/\/oponixo.shop\/tire\/wp-content\/uploads\/2026\/01\/allegro-image-17284-768x576.jpg",768,576,true],"large":["https:\/\/oponixo.shop\/tire\/wp-content\/uploads\/2026\/01\/allegro-image-17284.jpg",892,669,false],"1536x1536":["https:\/\/oponixo.shop\/tire\/wp-content\/uploads\/2026\/01\/allegro-image-17284.jpg",892,669,false],"2048x2048":["https:\/\/oponixo.shop\/tire\/wp-content\/uploads\/2026\/01\/allegro-image-17284.jpg",892,669,false],"woocommerce_thumbnail":["https:\/\/oponixo.shop\/tire\/wp-content\/uploads\/2026\/01\/allegro-image-17284-300x300.jpg",300,300,true],"woocommerce_single":["https:\/\/oponixo.shop\/tire\/wp-content\/uploads\/2026\/01\/allegro-image-17284-600x450.jpg",600,450,true],"woocommerce_gallery_thumbnail":["https:\/\/oponixo.shop\/tire\/wp-content\/uploads\/2026\/01\/allegro-image-17284-100x100.jpg",100,100,true]},"uagb_author_info":{"display_name":"admin","author_link":"https:\/\/oponixo.shop\/tire\/author\/"},"uagb_comment_info":0,"uagb_excerpt":"Opony Pirelli P Zero PZ4 LS 245\/35R20 95W Przeznaczenie: Lato Typ pojazdu: Osobowy Indeks pr\u0119dko\u015bci:W do 270 km\/h Indeks no\u015bno\u015bci: 95 - 690 kg Rok produkcji: 2024\/2025 Oznaczenia dodatkowe:","_links":{"self":[{"href":"https:\/\/oponixo.shop\/tire\/wp-json\/wp\/v2\/product\/17284","targetHints":{"allow":["GET"]}}],"collection":[{"href":"https:\/\/oponixo.shop\/tire\/wp-json\/wp\/v2\/product"}],"about":[{"href":"https:\/\/oponixo.shop\/tire\/wp-json\/wp\/v2\/types\/product"}],"wp:featuredmedia":[{"embeddable":true,"href":"https:\/\/oponixo.shop\/tire\/wp-json\/wp\/v2\/media\/17285"}],"wp:attachment":[{"href":"https:\/\/oponixo.shop\/tire\/wp-json\/wp\/v2\/media?parent=17284"}],"wp:term":[{"taxonomy":"product_brand","embeddable":true,"href":"https:\/\/oponixo.shop\/tire\/wp-json\/wp\/v2\/product_brand?post=17284"},{"taxonomy":"product_cat","embeddable":true,"href":"https:\/\/oponixo.shop\/tire\/wp-json\/wp\/v2\/product_cat?post=17284"},{"taxonomy":"product_tag","embeddable":true,"href":"https:\/\/oponixo.shop\/tire\/wp-json\/wp\/v2\/product_tag?post=17284"}],"curies":[{"name":"wp","href":"https:\/\/api.w.org\/{rel}","templated":true}]}}