{"id":17298,"date":"2026-01-17T21:47:27","date_gmt":"2026-01-17T20:47:27","guid":{"rendered":"https:\/\/oponyonline.shop\/xef5\/produkt\/4x-minerva-radial-f205-245-35r20-95y-l113a\/"},"modified":"2026-01-17T21:47:27","modified_gmt":"2026-01-17T20:47:27","slug":"4x-minerva-radial-f205-245-35r20-95y-l113a","status":"publish","type":"product","link":"https:\/\/oponixo.shop\/tire\/produkt\/4x-minerva-radial-f205-245-35r20-95y-l113a\/","title":{"rendered":"4x Minerva Radial F205 245\/35R20 95Y L113A"},"content":{"rendered":"<div style=\"font-family: Arial, sans-serif; line-height: 1.6; color: #333; padding: 20px; clear: both; display: block; width: 100%; float: none; position: static; overflow: hidden;\">\n<div style=\"clear: both; display: block; margin: 10px 0;\">\n<div style=\"clear: both; display: block; margin: 10px 0;\">\n<div style=\"clear: both; display: block; margin: 10px 0;\">\n<h1>Minerva Radial F205<\/h1>\n<p style=\"margin: 15px 0; line-height: 1.8; clear: both; display: block; width: 100%; float: none; position: static;\">SZEROKO\u015a\u0106 OPONY &#8211; 245<\/p>\n<p style=\"margin: 15px 0; line-height: 1.8; clear: both; display: block; width: 100%; float: none; position: static;\">WYSOKO\u015a\u0106 OPONY &#8211; 35<\/p>\n<p style=\"margin: 15px 0; line-height: 1.8; clear: both; display: block; width: 100%; float: none; position: static;\">\u015aREDNICA &#8211; 20<\/p>\n<p style=\"margin: 15px 0; line-height: 1.8; clear: both; display: block; width: 100%; float: none; position: static;\">ROCZNIK &#8211; 2020<\/p>\n<p style=\"margin: 15px 0; line-height: 1.8; clear: both; display: block; width: 100%; float: none; position: static;\">MAGAZYN &#8211; Z113A<\/p>\n<p style=\"margin: 15px 0; line-height: 1.8; clear: both; display: block; width: 100%; float: none; position: static;\">LICZBA OPON W OFERCIE &#8211;&nbsp;<b>4&nbsp;<\/b><b>szt.<\/b><\/p>\n<\/div>\n<\/div>\n<div style=\"clear: both; display: block; margin: 10px 0;\">\n<div style=\"clear: both; display: block; margin: 10px 0;\">\n<div  style=\"max-width:567px;max-height:831px\">\n<div style=\"clear: both; display: block; margin: 10px 0;\">\n<div style=\"clear: both; width: 100%; display: block; margin: 20px 0; padding: 0; float: none; position: static; text-align: center;\"><img decoding=\"async\"  src=\"https:\/\/a.allegroimg.com\/original\/00a48e\/458188714c7fa533f62c1b353080\/4x-Minerva-Radial-F205-245-35R20-95Y-L113A\" srcset=\"https:\/\/a.allegroimg.com\/original\/00a48e\/458188714c7fa533f62c1b353080\/4x-Minerva-Radial-F205-245-35R20-95Y-L113A 245w,https:\/\/a.allegroimg.com\/original\/00a48e\/458188714c7fa533f62c1b353080\/4x-Minerva-Radial-F205-245-35R20-95Y-L113A 491w,https:\/\/a.allegroimg.com\/original\/00a48e\/458188714c7fa533f62c1b353080\/4x-Minerva-Radial-F205-245-35R20-95Y-L113A 567w,https:\/\/a.allegroimg.com\/original\/00a48e\/458188714c7fa533f62c1b353080\/4x-Minerva-Radial-F205-245-35R20-95Y-L113A 567w\" sizes=\"(min-width: 1200px) 560px, (min-width: 992px) 50vw, 100vw\" width=\"567px\" alt=\"4x Minerva Radial F205 245\/35R20 95Y L113A\" style=\"max-width: 100%; height: auto; display: block; margin: 0 auto;\"><\/div>\n<\/div>\n<\/div>\n<\/div>\n<\/div>\n<\/div>\n<div style=\"clear: both; display: block; margin: 10px 0;\">\n<div style=\"clear: both; display: block; margin: 10px 0;\">\n<div style=\"clear: both; display: block; margin: 10px 0;\">\n<div  style=\"max-width:512px;max-height:137px\">\n<div style=\"clear: both; display: block; margin: 10px 0;\">\n<div style=\"clear: both; width: 100%; display: block; margin: 20px 0; padding: 0; float: none; position: static; text-align: center;\"><img decoding=\"async\"  src=\"https:\/\/a.allegroimg.com\/original\/11c06b\/c9eec0164050bfbfbedba3a33d3f\/4x-Minerva-Radial-F205-245-35R20-95Y-L113A-EAN-GTIN-5420068699001\" srcset=\"https:\/\/a.allegroimg.com\/original\/11c06b\/c9eec0164050bfbfbedba3a33d3f\/4x-Minerva-Radial-F205-245-35R20-95Y-L113A-EAN-GTIN-5420068699001 360w,https:\/\/a.allegroimg.com\/original\/11c06b\/c9eec0164050bfbfbedba3a33d3f\/4x-Minerva-Radial-F205-245-35R20-95Y-L113A-EAN-GTIN-5420068699001 512w,https:\/\/a.allegroimg.com\/original\/11c06b\/c9eec0164050bfbfbedba3a33d3f\/4x-Minerva-Radial-F205-245-35R20-95Y-L113A-EAN-GTIN-5420068699001 512w\" sizes=\"100vw\" width=\"512px\" alt=\"4x Minerva Radial F205 245\/35R20 95Y L113A EAN (GTIN) 5420068699001\" style=\"max-width: 100%; height: auto; display: block; margin: 0 auto;\"><\/div>\n<\/div>\n<\/div>\n<\/div>\n<\/div>\n<\/div>\n<\/div>\n<\/div>\n<\/div>\n<div style=\"clear: both; display: block; margin: 10px 0;\">\n","protected":false},"excerpt":{"rendered":"<p>Minerva Radial F205<\/p>\n<p>SZEROKO\u015a\u0106 OPONY &#8211; 245<\/p>\n<p>WYSOKO\u015a\u0106 OPONY &#8211; 35<\/p>\n<p>\u015aREDNICA &#8211; 20<\/p>\n<p>ROCZNIK &#8211; 2020<\/p>\n<p>MAGAZYN &#8211; Z113A<\/p>\n<p>LICZBA OPON W OFERCIE &#8211;&nbsp;4&nbsp;szt.<\/p>\n","protected":false},"featured_media":17299,"template":"","meta":{"_uag_custom_page_level_css":""},"product_brand":[454],"product_cat":[414,418,413,412],"product_tag":[],"class_list":{"0":"post-17298","1":"product","2":"type-product","3":"status-publish","4":"has-post-thumbnail","6":"product_brand-minerva","7":"product_cat-do-samochodow-osobowych-i-suv","8":"product_cat-letnie","9":"product_cat-opony","10":"product_cat-opony-i-felgi","12":"first","13":"instock","14":"shipping-taxable","15":"purchasable","16":"product-type-simple"},"uagb_featured_image_src":{"full":["https:\/\/oponixo.shop\/tire\/wp-content\/uploads\/2026\/01\/allegro-image-17298.jpg",567,831,false],"thumbnail":["https:\/\/oponixo.shop\/tire\/wp-content\/uploads\/2026\/01\/allegro-image-17298-150x150.jpg",150,150,true],"medium":["https:\/\/oponixo.shop\/tire\/wp-content\/uploads\/2026\/01\/allegro-image-17298-205x300.jpg",205,300,true],"medium_large":["https:\/\/oponixo.shop\/tire\/wp-content\/uploads\/2026\/01\/allegro-image-17298.jpg",567,831,false],"large":["https:\/\/oponixo.shop\/tire\/wp-content\/uploads\/2026\/01\/allegro-image-17298.jpg",567,831,false],"1536x1536":["https:\/\/oponixo.shop\/tire\/wp-content\/uploads\/2026\/01\/allegro-image-17298.jpg",567,831,false],"2048x2048":["https:\/\/oponixo.shop\/tire\/wp-content\/uploads\/2026\/01\/allegro-image-17298.jpg",567,831,false],"woocommerce_thumbnail":["https:\/\/oponixo.shop\/tire\/wp-content\/uploads\/2026\/01\/allegro-image-17298-300x300.jpg",300,300,true],"woocommerce_single":["https:\/\/oponixo.shop\/tire\/wp-content\/uploads\/2026\/01\/allegro-image-17298.jpg",567,831,false],"woocommerce_gallery_thumbnail":["https:\/\/oponixo.shop\/tire\/wp-content\/uploads\/2026\/01\/allegro-image-17298-100x100.jpg",100,100,true]},"uagb_author_info":{"display_name":"admin","author_link":"https:\/\/oponixo.shop\/tire\/author\/"},"uagb_comment_info":0,"uagb_excerpt":"Minerva Radial F205 SZEROKO\u015a\u0106 OPONY - 245 WYSOKO\u015a\u0106 OPONY - 35 \u015aREDNICA - 20 ROCZNIK - 2020 MAGAZYN - Z113A LICZBA OPON W OFERCIE -&nbsp;4&nbsp;szt.","_links":{"self":[{"href":"https:\/\/oponixo.shop\/tire\/wp-json\/wp\/v2\/product\/17298","targetHints":{"allow":["GET"]}}],"collection":[{"href":"https:\/\/oponixo.shop\/tire\/wp-json\/wp\/v2\/product"}],"about":[{"href":"https:\/\/oponixo.shop\/tire\/wp-json\/wp\/v2\/types\/product"}],"wp:featuredmedia":[{"embeddable":true,"href":"https:\/\/oponixo.shop\/tire\/wp-json\/wp\/v2\/media\/17299"}],"wp:attachment":[{"href":"https:\/\/oponixo.shop\/tire\/wp-json\/wp\/v2\/media?parent=17298"}],"wp:term":[{"taxonomy":"product_brand","embeddable":true,"href":"https:\/\/oponixo.shop\/tire\/wp-json\/wp\/v2\/product_brand?post=17298"},{"taxonomy":"product_cat","embeddable":true,"href":"https:\/\/oponixo.shop\/tire\/wp-json\/wp\/v2\/product_cat?post=17298"},{"taxonomy":"product_tag","embeddable":true,"href":"https:\/\/oponixo.shop\/tire\/wp-json\/wp\/v2\/product_tag?post=17298"}],"curies":[{"name":"wp","href":"https:\/\/api.w.org\/{rel}","templated":true}]}}