{"id":17324,"date":"2026-01-17T21:47:36","date_gmt":"2026-01-17T20:47:36","guid":{"rendered":"https:\/\/oponyonline.shop\/xef5\/produkt\/2x-opony-caloroczne-235-40r19-continental-allseasoncontact-2\/"},"modified":"2026-01-17T21:47:36","modified_gmt":"2026-01-17T20:47:36","slug":"2x-opony-caloroczne-235-40r19-continental-allseasoncontact-2","status":"publish","type":"product","link":"https:\/\/oponixo.shop\/tire\/produkt\/2x-opony-caloroczne-235-40r19-continental-allseasoncontact-2\/","title":{"rendered":"2x opony ca\u0142oroczne 235\/40R19 Continental AllSeasonContact 2"},"content":{"rendered":"<div style=\"font-family: Arial, sans-serif; line-height: 1.6; color: #333; padding: 20px; clear: both; display: block; width: 100%; float: none; position: static; overflow: hidden;\">\n<div style=\"clear: both; display: block; margin: 10px 0;\">\n<div style=\"clear: both; display: block; margin: 10px 0;\">\n<div style=\"clear: both; display: block; margin: 10px 0;\">\n<div  style=\"max-width:2560px;max-height:578px\">\n<div style=\"clear: both; display: block; margin: 10px 0;\">\n<div style=\"clear: both; width: 100%; display: block; margin: 20px 0; padding: 0; float: none; position: static; text-align: center;\"><img decoding=\"async\"  src=\"https:\/\/a.allegroimg.com\/original\/112828\/7f6a0939482e801aa41dd0681a81\/2x-opony-caloroczne-235-40R19-Continental-AllSeasonContact-2-Rok-produkcji-2024\" srcset=\"https:\/\/a.allegroimg.com\/original\/112828\/7f6a0939482e801aa41dd0681a81\/2x-opony-caloroczne-235-40R19-Continental-AllSeasonContact-2-Rok-produkcji-2024 360w,https:\/\/a.allegroimg.com\/original\/112828\/7f6a0939482e801aa41dd0681a81\/2x-opony-caloroczne-235-40R19-Continental-AllSeasonContact-2-Rok-produkcji-2024 720w,https:\/\/a.allegroimg.com\/original\/112828\/7f6a0939482e801aa41dd0681a81\/2x-opony-caloroczne-235-40R19-Continental-AllSeasonContact-2-Rok-produkcji-2024 1024w,https:\/\/a.allegroimg.com\/original\/112828\/7f6a0939482e801aa41dd0681a81\/2x-opony-caloroczne-235-40R19-Continental-AllSeasonContact-2-Rok-produkcji-2024 1440w,https:\/\/a.allegroimg.com\/original\/112828\/7f6a0939482e801aa41dd0681a81\/2x-opony-caloroczne-235-40R19-Continental-AllSeasonContact-2-Rok-produkcji-2024 2560w\" sizes=\"100vw\" width=\"2560px\" alt=\"2x opony ca\u0142oroczne 235\/40R19 Continental AllSeasonContact 2 Rok produkcji 2024\" style=\"max-width: 100%; height: auto; display: block; margin: 0 auto;\"><\/div>\n<\/div>\n<\/div>\n<\/div>\n<\/div>\n<\/div>\n<div style=\"clear: both; display: block; margin: 10px 0;\">\n<div style=\"clear: both; display: block; margin: 10px 0;\">\n<div style=\"clear: both; display: block; margin: 10px 0;\">\n<div  style=\"max-width:768px;max-height:1023px\">\n<div style=\"clear: both; display: block; margin: 10px 0;\">\n<div style=\"clear: both; width: 100%; display: block; margin: 20px 0; padding: 0; float: none; position: static; text-align: center;\"><img decoding=\"async\"  src=\"https:\/\/a.allegroimg.com\/original\/11d05b\/79197eaa4a358c3733ba56b2bbdd\/2x-opony-caloroczne-235-40R19-Continental-AllSeasonContact-2\" srcset=\"https:\/\/a.allegroimg.com\/original\/11d05b\/79197eaa4a358c3733ba56b2bbdd\/2x-opony-caloroczne-235-40R19-Continental-AllSeasonContact-2 270w,https:\/\/a.allegroimg.com\/original\/11d05b\/79197eaa4a358c3733ba56b2bbdd\/2x-opony-caloroczne-235-40R19-Continental-AllSeasonContact-2 540w,https:\/\/a.allegroimg.com\/original\/11d05b\/79197eaa4a358c3733ba56b2bbdd\/2x-opony-caloroczne-235-40R19-Continental-AllSeasonContact-2 768w,https:\/\/a.allegroimg.com\/original\/11d05b\/79197eaa4a358c3733ba56b2bbdd\/2x-opony-caloroczne-235-40R19-Continental-AllSeasonContact-2 768w\" sizes=\"(min-width: 1200px) 560px, (min-width: 992px) 50vw, 100vw\" width=\"768px\" alt=\"2x opony ca\u0142oroczne 235\/40R19 Continental AllSeasonContact 2\" style=\"max-width: 100%; height: auto; display: block; margin: 0 auto;\"><\/div>\n<\/div>\n<\/div>\n<\/div>\n<\/div>\n<div style=\"clear: both; display: block; margin: 10px 0;\">\n<div style=\"clear: both; display: block; margin: 10px 0;\">\n<h1>Cechy Opony:<\/h1>\n<ul style=\"margin: 15px 0; padding-left: 20px; clear: both; display: block; width: 100%; float: none; position: static;\">\n<li style=\"margin: 5px 0; padding: 2px 0; clear: both; display: list-item; float: none; position: static;\">Stan: <b>Fabrycznie nowa<\/b><\/li>\n<\/ul>\n<ul style=\"margin: 15px 0; padding-left: 20px; clear: both; display: block; width: 100%; float: none; position: static;\">\n<li style=\"margin: 5px 0; padding: 2px 0; clear: both; display: list-item; float: none; position: static;\">Dystrybucja: <b>Oficjalny dystrybutor w Polsce<\/b><\/li>\n<\/ul>\n<ul style=\"margin: 15px 0; padding-left: 20px; clear: both; display: block; width: 100%; float: none; position: static;\">\n<li style=\"margin: 5px 0; padding: 2px 0; clear: both; display: list-item; float: none; position: static;\">Sezon: <b>ca\u0142oroczne<\/b><\/li>\n<\/ul>\n<ul style=\"margin: 15px 0; padding-left: 20px; clear: both; display: block; width: 100%; float: none; position: static;\">\n<li style=\"margin: 5px 0; padding: 2px 0; clear: both; display: list-item; float: none; position: static;\">Producent: <b>Continental<\/b><\/li>\n<\/ul>\n<ul style=\"margin: 15px 0; padding-left: 20px; clear: both; display: block; width: 100%; float: none; position: static;\">\n<li style=\"margin: 5px 0; padding: 2px 0; clear: both; display: list-item; float: none; position: static;\">Bie\u017cnik: <b>AllSeasonContact 2<\/b><\/li>\n<\/ul>\n<ul style=\"margin: 15px 0; padding-left: 20px; clear: both; display: block; width: 100%; float: none; position: static;\">\n<li style=\"margin: 5px 0; padding: 2px 0; clear: both; display: list-item; float: none; position: static;\">Rozmiar: <b>235\/40R19<\/b><\/li>\n<\/ul>\n<ul style=\"margin: 15px 0; padding-left: 20px; clear: both; display: block; width: 100%; float: none; position: static;\">\n<li style=\"margin: 5px 0; padding: 2px 0; clear: both; display: list-item; float: none; position: static;\">Indeks no\u015bno\u015bci: <b>96<\/b><\/li>\n<\/ul>\n<ul style=\"margin: 15px 0; padding-left: 20px; clear: both; display: block; width: 100%; float: none; position: static;\">\n<li style=\"margin: 5px 0; padding: 2px 0; clear: both; display: list-item; float: none; position: static;\">Indeks pr\u0119dko\u015bci: <b>Y<\/b><\/li>\n<\/ul>\n<ul style=\"margin: 15px 0; padding-left: 20px; clear: both; display: block; width: 100%; float: none; position: static;\">\n<li style=\"margin: 5px 0; padding: 2px 0; clear: both; display: list-item; float: none; position: static;\">Rok produkcji:<b> 2024<\/b><\/li>\n<\/ul>\n<ul style=\"margin: 15px 0; padding-left: 20px; clear: both; display: block; width: 100%; float: none; position: static;\">\n<li style=\"margin: 5px 0; padding: 2px 0; clear: both; display: list-item; float: none; position: static;\">EAN: <b>4019238399967<\/b><\/li>\n<\/ul>\n<ul style=\"margin: 15px 0; padding-left: 20px; clear: both; display: block; width: 100%; float: none; position: static;\">\n<li style=\"margin: 5px 0; padding: 2px 0; clear: both; display: list-item; float: none; position: static;\">Wzmocniona konstrukcja (XL): <b>Tak<\/b><\/li>\n<\/ul>\n<ul style=\"margin: 15px 0; padding-left: 20px; clear: both; display: block; width: 100%; float: none; position: static;\">\n<li style=\"margin: 5px 0; padding: 2px 0; clear: both; display: list-item; float: none; position: static;\">Rant ochronny na felg\u0119: <b>Tak<\/b><\/li>\n<\/ul><\/div>\n<\/div>\n<\/div>\n<div style=\"clear: both; display: block; margin: 10px 0;\">\n<div style=\"clear: both; display: block; margin: 10px 0;\">\n<div style=\"clear: both; display: block; margin: 10px 0;\">\n<h2>Zu\u017cycie paliwa \/ opory toczenia<\/h2>\n<p style=\"margin: 15px 0; line-height: 1.8; clear: both; display: block; width: 100%; float: none; position: static;\">Klasa A okre\u015bla opony o najmniejszych oporach toczenia, klasa E o najwi\u0119kszych. Op\u00f3r toczenia wp\u0142ywa na zu\u017cycie paliwa oraz emisj\u0119 spalin przez samoch\u00f3d. Im ni\u017cszy op\u00f3r toczenia, tym wi\u0119ksza oszcz\u0119dno\u015b\u0107 paliwa i mniejszy wp\u0142yw na \u015brodowisko.<\/p>\n<p style=\"margin: 15px 0; line-height: 1.8; clear: both; display: block; width: 100%; float: none; position: static;\">\n<h2>Przyczepno\u015b\u0107 na mokrej nawierzchni \/ droga hamowania<\/h2>\n<p style=\"margin: 15px 0; line-height: 1.8; clear: both; display: block; width: 100%; float: none; position: static;\">Klasa A oznacza najkr\u00f3tsz\u0105, a E najd\u0142u\u017csz\u0105 drog\u0119 hamowania na mokrej nawierzchni. Parametr ten zwi\u0105zany jest z przyczepno\u015bci\u0105 opony podczas jazdy po mokrej drodze, co ma znaczenie dla bezpiecze\u0144stwa podr\u00f3\u017cowania. Im wy\u017csza klasa, tym lepsze w\u0142a\u015bciwo\u015bci ogumienia.<\/p>\n<p style=\"margin: 15px 0; line-height: 1.8; clear: both; display: block; width: 100%; float: none; position: static;\">\n<h2>Zewn\u0119trzny ha\u0142as toczenia \/ emisja ha\u0142asu<\/h2>\n<p style=\"margin: 15px 0; line-height: 1.8; clear: both; display: block; width: 100%; float: none; position: static;\">Klasa A przeznaczona jest dla najcichszych opon, B i C \u2013 dla g\u0142o\u015bniejszych. Wp\u0142ywa na komfort podr\u00f3\u017cowania samochodem. Ha\u0142as, kt\u00f3ry powstaje przy toczeniu si\u0119 opony jest wyra\u017cony w decybelach. Im ni\u017csza liczba tym cichsza opona.<\/p>\n<p style=\"margin: 15px 0; line-height: 1.8; clear: both; display: block; width: 100%; float: none; position: static;\">\n<\/div>\n<\/div>\n<div style=\"clear: both; display: block; margin: 10px 0;\">\n<div style=\"clear: both; display: block; margin: 10px 0;\">\n<div  style=\"max-width:738px;max-height:1082px\">\n<div style=\"clear: both; display: block; margin: 10px 0;\">\n<div style=\"clear: both; width: 100%; display: block; margin: 20px 0; padding: 0; float: none; position: static; text-align: center;\"><img decoding=\"async\"  src=\"https:\/\/a.allegroimg.com\/original\/1121dc\/9598b0cc4246b7311a5dbf8a03cf\/2x-opony-caloroczne-235-40R19-Continental-AllSeasonContact-2-Liczba-opon-w-ofercie-2-szt\" srcset=\"https:\/\/a.allegroimg.com\/original\/1121dc\/9598b0cc4246b7311a5dbf8a03cf\/2x-opony-caloroczne-235-40R19-Continental-AllSeasonContact-2-Liczba-opon-w-ofercie-2-szt 245w,https:\/\/a.allegroimg.com\/original\/1121dc\/9598b0cc4246b7311a5dbf8a03cf\/2x-opony-caloroczne-235-40R19-Continental-AllSeasonContact-2-Liczba-opon-w-ofercie-2-szt 491w,https:\/\/a.allegroimg.com\/original\/1121dc\/9598b0cc4246b7311a5dbf8a03cf\/2x-opony-caloroczne-235-40R19-Continental-AllSeasonContact-2-Liczba-opon-w-ofercie-2-szt 698w,https:\/\/a.allegroimg.com\/original\/1121dc\/9598b0cc4246b7311a5dbf8a03cf\/2x-opony-caloroczne-235-40R19-Continental-AllSeasonContact-2-Liczba-opon-w-ofercie-2-szt 738w,https:\/\/a.allegroimg.com\/original\/1121dc\/9598b0cc4246b7311a5dbf8a03cf\/2x-opony-caloroczne-235-40R19-Continental-AllSeasonContact-2-Liczba-opon-w-ofercie-2-szt 738w\" sizes=\"(min-width: 1200px) 560px, (min-width: 992px) 50vw, 100vw\" width=\"738px\" alt=\"2x opony ca\u0142oroczne 235\/40R19 Continental AllSeasonContact 2 Liczba opon w ofercie 2 szt.\" style=\"max-width: 100%; height: auto; display: block; margin: 0 auto;\"><\/div>\n<\/div>\n<\/div>\n<\/div>\n<\/div>\n<\/div>\n<div style=\"clear: both; display: block; margin: 10px 0;\">\n<div style=\"clear: both; display: block; margin: 10px 0;\">\n<div style=\"clear: both; display: block; margin: 10px 0;\">\n<div  style=\"max-width:2560px;max-height:578px\">\n<div style=\"clear: both; display: block; margin: 10px 0;\">\n<div style=\"clear: both; width: 100%; display: block; margin: 20px 0; padding: 0; float: none; position: static; text-align: center;\"><img decoding=\"async\"  src=\"https:\/\/a.allegroimg.com\/original\/112828\/7f6a0939482e801aa41dd0681a81\/2x-opony-caloroczne-235-40R19-Continental-AllSeasonContact-2-Rok-produkcji-2024\" srcset=\"https:\/\/a.allegroimg.com\/original\/112828\/7f6a0939482e801aa41dd0681a81\/2x-opony-caloroczne-235-40R19-Continental-AllSeasonContact-2-Rok-produkcji-2024 360w,https:\/\/a.allegroimg.com\/original\/112828\/7f6a0939482e801aa41dd0681a81\/2x-opony-caloroczne-235-40R19-Continental-AllSeasonContact-2-Rok-produkcji-2024 720w,https:\/\/a.allegroimg.com\/original\/112828\/7f6a0939482e801aa41dd0681a81\/2x-opony-caloroczne-235-40R19-Continental-AllSeasonContact-2-Rok-produkcji-2024 1024w,https:\/\/a.allegroimg.com\/original\/112828\/7f6a0939482e801aa41dd0681a81\/2x-opony-caloroczne-235-40R19-Continental-AllSeasonContact-2-Rok-produkcji-2024 1440w,https:\/\/a.allegroimg.com\/original\/112828\/7f6a0939482e801aa41dd0681a81\/2x-opony-caloroczne-235-40R19-Continental-AllSeasonContact-2-Rok-produkcji-2024 2560w\" sizes=\"(min-width: 1200px) 560px, (min-width: 992px) 50vw, 100vw\" width=\"2560px\" alt=\"2x opony ca\u0142oroczne 235\/40R19 Continental AllSeasonContact 2 Rok produkcji 2024\" style=\"max-width: 100%; height: auto; display: block; margin: 0 auto;\"><\/div>\n<\/div>\n<\/div>\n<\/div>\n<\/div>\n<div style=\"clear: both; display: block; margin: 10px 0;\">\n<div style=\"clear: both; display: block; margin: 10px 0;\">\n<h2>O producencie<\/h2>\n<p style=\"margin: 15px 0; line-height: 1.8; clear: both; display: block; width: 100%; float: none; position: static;\"><b>Continental AG<\/b>&nbsp;(dawniej&nbsp;<b>Continental-Caoutchouc- und Gutta-Percha Compagnie<\/b>) \u2013 niemiecka&nbsp;sp\u00f3\u0142ka akcyjna, kt\u00f3ra zosta\u0142a powo\u0142ana do \u017cycia 8 pa\u017adziernika 1871 w&nbsp;Hanowerze.<\/p>\n<p style=\"margin: 15px 0; line-height: 1.8; clear: both; display: block; width: 100%; float: none; position: static;\">Jest \u015bwiatowym producentem opon dla samochod\u00f3w osobowych oraz u\u017cytkowych \u2013 ci\u0119\u017carowych, autobus\u00f3w, rolniczych. Continental jest jednym z wiod\u0105cych dostawc\u00f3w dla przemys\u0142u motoryzacyjnego na \u015bwiecie. Rozwija inteligentne technologie dla transportu os\u00f3b i d\u00f3br. Zatrudnia obecnie oko\u0142o 208 000 pracownik\u00f3w w 53 krajach. W 2014 r. osi\u0105gn\u0105\u0142 obroty wysoko\u015bci 34,5 miliard\u00f3w euro. Klientami firmy s\u0105 czo\u0142owi producenci samochod\u00f3w pasa\u017cerskich, samochod\u00f3w dostawczych i autobus\u00f3w, mi\u0119dzy innymi.: BMW, Daimler AG, Freightliner Trucks, Ford, General Motors, Honda, Iveco, Koegel, Porsche, Renault, Schmitz, Toyota, Volkswagen, Volvo.<\/p>\n<\/div>\n<\/div>\n<\/div>\n<\/div>\n<\/div>\n<\/div>\n<div style=\"clear: both; display: block; margin: 10px 0;\">\n","protected":false},"excerpt":{"rendered":"<p>Cechy Opony:<\/p>\n<p>Stan: Fabrycznie nowa<\/p>\n<p>Dystrybucja: Oficjalny dystrybutor w Polsce<\/p>\n<p>Sezon: ca\u0142oroczne<\/p>\n<p>Producent: Continental<\/p>\n<p>Bie\u017cnik: AllSeasonContact 2<\/p>\n<p>Rozmiar: 235\/40R19<\/p>\n<p>Indeks no\u015bno\u015bci: 96<\/p>\n","protected":false},"featured_media":17325,"template":"","meta":{"_uag_custom_page_level_css":""},"product_brand":[396],"product_cat":[416,414,413,412],"product_tag":[],"class_list":{"0":"post-17324","1":"product","2":"type-product","3":"status-publish","4":"has-post-thumbnail","6":"product_brand-continental","7":"product_cat-caloroczne","8":"product_cat-do-samochodow-osobowych-i-suv","9":"product_cat-opony","10":"product_cat-opony-i-felgi","12":"first","13":"instock","14":"shipping-taxable","15":"purchasable","16":"product-type-simple"},"uagb_featured_image_src":{"full":["https:\/\/oponixo.shop\/tire\/wp-content\/uploads\/2026\/01\/allegro-image-17324.jpg",768,1023,false],"thumbnail":["https:\/\/oponixo.shop\/tire\/wp-content\/uploads\/2026\/01\/allegro-image-17324-150x150.jpg",150,150,true],"medium":["https:\/\/oponixo.shop\/tire\/wp-content\/uploads\/2026\/01\/allegro-image-17324-225x300.jpg",225,300,true],"medium_large":["https:\/\/oponixo.shop\/tire\/wp-content\/uploads\/2026\/01\/allegro-image-17324.jpg",768,1023,false],"large":["https:\/\/oponixo.shop\/tire\/wp-content\/uploads\/2026\/01\/allegro-image-17324.jpg",768,1023,false],"1536x1536":["https:\/\/oponixo.shop\/tire\/wp-content\/uploads\/2026\/01\/allegro-image-17324.jpg",768,1023,false],"2048x2048":["https:\/\/oponixo.shop\/tire\/wp-content\/uploads\/2026\/01\/allegro-image-17324.jpg",768,1023,false],"woocommerce_thumbnail":["https:\/\/oponixo.shop\/tire\/wp-content\/uploads\/2026\/01\/allegro-image-17324-300x300.jpg",300,300,true],"woocommerce_single":["https:\/\/oponixo.shop\/tire\/wp-content\/uploads\/2026\/01\/allegro-image-17324-600x799.jpg",600,799,true],"woocommerce_gallery_thumbnail":["https:\/\/oponixo.shop\/tire\/wp-content\/uploads\/2026\/01\/allegro-image-17324-100x100.jpg",100,100,true]},"uagb_author_info":{"display_name":"admin","author_link":"https:\/\/oponixo.shop\/tire\/author\/"},"uagb_comment_info":0,"uagb_excerpt":"Cechy Opony: Stan: Fabrycznie nowa Dystrybucja: Oficjalny dystrybutor w Polsce Sezon: ca\u0142oroczne Producent: Continental Bie\u017cnik: AllSeasonContact 2 Rozmiar: 235\/40R19 Indeks no\u015bno\u015bci: 96","_links":{"self":[{"href":"https:\/\/oponixo.shop\/tire\/wp-json\/wp\/v2\/product\/17324","targetHints":{"allow":["GET"]}}],"collection":[{"href":"https:\/\/oponixo.shop\/tire\/wp-json\/wp\/v2\/product"}],"about":[{"href":"https:\/\/oponixo.shop\/tire\/wp-json\/wp\/v2\/types\/product"}],"wp:featuredmedia":[{"embeddable":true,"href":"https:\/\/oponixo.shop\/tire\/wp-json\/wp\/v2\/media\/17325"}],"wp:attachment":[{"href":"https:\/\/oponixo.shop\/tire\/wp-json\/wp\/v2\/media?parent=17324"}],"wp:term":[{"taxonomy":"product_brand","embeddable":true,"href":"https:\/\/oponixo.shop\/tire\/wp-json\/wp\/v2\/product_brand?post=17324"},{"taxonomy":"product_cat","embeddable":true,"href":"https:\/\/oponixo.shop\/tire\/wp-json\/wp\/v2\/product_cat?post=17324"},{"taxonomy":"product_tag","embeddable":true,"href":"https:\/\/oponixo.shop\/tire\/wp-json\/wp\/v2\/product_tag?post=17324"}],"curies":[{"name":"wp","href":"https:\/\/api.w.org\/{rel}","templated":true}]}}