{"id":17346,"date":"2026-01-18T02:51:18","date_gmt":"2026-01-18T01:51:18","guid":{"rendered":"https:\/\/oponyonline.shop\/xef5\/produkt\/2x-pirelli-285-40-r22-110v-xl-scorpion-winter\/"},"modified":"2026-01-18T02:51:18","modified_gmt":"2026-01-18T01:51:18","slug":"2x-pirelli-285-40-r22-110v-xl-scorpion-winter","status":"publish","type":"product","link":"https:\/\/oponixo.shop\/tire\/produkt\/2x-pirelli-285-40-r22-110v-xl-scorpion-winter\/","title":{"rendered":"2x Pirelli 285\/40 R22 110V XL Scorpion Winter"},"content":{"rendered":"<div style=\"font-family: Arial, sans-serif; line-height: 1.6; color: #333; padding: 20px; clear: both; display: block; width: 100%; float: none; position: static; overflow: hidden;\">\n<div style=\"clear: both; display: block; margin: 10px 0;\">\n<div style=\"clear: both; display: block; margin: 10px 0;\">\n<div style=\"clear: both; display: block; margin: 10px 0;\">\n<p style=\"margin: 15px 0; line-height: 1.8; clear: both; display: block; width: 100%; float: none; position: static;\">Opona zimowa Pirelli Scorpion Winter 285\/40R22 110 V<\/p>\n<p style=\"margin: 15px 0; line-height: 1.8; clear: both; display: block; width: 100%; float: none; position: static;\">Cechy produktu:<\/p>\n<ul style=\"margin: 15px 0; padding-left: 20px; clear: both; display: block; width: 100%; float: none; position: static;\">\n<li style=\"margin: 5px 0; padding: 2px 0; clear: both; display: list-item; float: none; position: static;\">sezon: zimowe<\/li>\n<li style=\"margin: 5px 0; padding: 2px 0; clear: both; display: list-item; float: none; position: static;\">szeroko\u015b\u0107\/profil\/\u015brednica: 285\/40R22<\/li>\n<li style=\"margin: 5px 0; padding: 2px 0; clear: both; display: list-item; float: none; position: static;\">indeks pr\u0119dko\u015bci: V do 240 km\/h<\/li>\n<li style=\"margin: 5px 0; padding: 2px 0; clear: both; display: list-item; float: none; position: static;\">indeks no\u015bno\u015bci: 110 &#8211; 1060 kg<\/li>\n<li style=\"margin: 5px 0; padding: 2px 0; clear: both; display: list-item; float: none; position: static;\">wzmocnienie (XL)<\/li>\n<\/ul>\n<\/div>\n<\/div>\n<div style=\"clear: both; display: block; margin: 10px 0;\">\n<div style=\"clear: both; display: block; margin: 10px 0;\">\n<div  style=\"max-width:992px;max-height:992px\">\n<div style=\"clear: both; display: block; margin: 10px 0;\">\n<div style=\"clear: both; width: 100%; display: block; margin: 20px 0; padding: 0; float: none; position: static; text-align: center;\"><img decoding=\"async\"  src=\"https:\/\/a.allegroimg.com\/original\/119b8b\/6ff27c334edfa572d30f41034ec4\/2x-Pirelli-285-40-R22-110V-XL-Scorpion-Winter\" srcset=\"https:\/\/a.allegroimg.com\/original\/119b8b\/6ff27c334edfa572d30f41034ec4\/2x-Pirelli-285-40-R22-110V-XL-Scorpion-Winter 360w,https:\/\/a.allegroimg.com\/original\/119b8b\/6ff27c334edfa572d30f41034ec4\/2x-Pirelli-285-40-R22-110V-XL-Scorpion-Winter 720w,https:\/\/a.allegroimg.com\/original\/119b8b\/6ff27c334edfa572d30f41034ec4\/2x-Pirelli-285-40-R22-110V-XL-Scorpion-Winter 992w,https:\/\/a.allegroimg.com\/original\/119b8b\/6ff27c334edfa572d30f41034ec4\/2x-Pirelli-285-40-R22-110V-XL-Scorpion-Winter 992w\" sizes=\"(min-width: 1200px) 560px, (min-width: 992px) 50vw, 100vw\" width=\"992px\" alt=\"2x Pirelli 285\/40 R22 110V XL Scorpion Winter\" style=\"max-width: 100%; height: auto; display: block; margin: 0 auto;\"><\/div>\n<\/div>\n<\/div>\n<\/div>\n<\/div>\n<\/div>\n<div style=\"clear: both; display: block; margin: 10px 0;\">\n<div style=\"clear: both; display: block; margin: 10px 0;\">\n<div style=\"clear: both; display: block; margin: 10px 0;\">\n<p style=\"margin: 15px 0; line-height: 1.8; clear: both; display: block; width: 100%; float: none; position: static;\">Pirelli Scorpion Winter to opona zimowa przeznaczona do u\u017cytkowania w samochodach typu SUV. Ogumienie zalicza si\u0119 do segmentu premium. Zastosowano w nim najbardziej zaawansowane rozwi\u0105zania technologiczne, kt\u00f3re przyczyniaj\u0105 si\u0119 do poprawy bezpiecze\u0144stwa i komfortu jazdy.<\/p>\n<p style=\"margin: 15px 0; line-height: 1.8; clear: both; display: block; width: 100%; float: none; position: static;\">Opona zosta\u0142a wyposa\u017cona w kierunkow\u0105 i symetryczn\u0105 rze\u017ab\u0119 bie\u017cnika. To rozwi\u0105zanie, w po\u0142\u0105czeniu z szerokimi rowkami obwodowymi gwarantuje skuteczne odprowadzanie wody i b\u0142ota po\u015bniegowego spod opony minimalizuj\u0105c prawdopodobie\u0144stwo wyst\u0105pienia aquaplaningu. Za optymaln\u0105 przyczepno\u015b\u0107 i skr\u00f3con\u0105 drog\u0119 hamowania w zimowych warunkach odpowiadaj\u0105 g\u0119sta sie\u0107 lameli i modularna geometria blok\u00f3w.<\/p>\n<p style=\"margin: 15px 0; line-height: 1.8; clear: both; display: block; width: 100%; float: none; position: static;\">Zastosowana przy produkcji ogumienia nowoczesna mieszanka gumowa wykazuje si\u0119 elastyczno\u015bci\u0105 w szerokim zakresie temperatur. In\u017cynierowie zadbali o optymalny rozk\u0142ad nacisk\u00f3w, dzi\u0119ki czemu ogumienie zu\u017cywa si\u0119 wolno i r\u00f3wnomiernie zapewniaj\u0105c wy\u017csze przebiegi. Obni\u017cone opory toczenia gwarantuj\u0105 redukcj\u0119 poziomu ha\u0142asu, emisji CO2 do atmosfery i oszcz\u0119dno\u015b\u0107 paliwa.<\/p>\n<p style=\"margin: 15px 0; line-height: 1.8; clear: both; display: block; width: 100%; float: none; position: static;\">Pirelli Scorpion Winter to doskona\u0142y wyb\u00f3r dla u\u017cytkownik\u00f3w ceni\u0105cych bezpieczn\u0105 jazd\u0119, optymalne osi\u0105gi i trwa\u0142o\u015b\u0107 ogumienia przek\u0142adaj\u0105c\u0105 si\u0119 na bezawaryjn\u0105 eksploatacj\u0119.<\/p>\n<\/div>\n<\/div>\n<\/div>\n<\/div>\n<\/div>\n<\/div>\n<div style=\"clear: both; display: block; margin: 10px 0;\">\n","protected":false},"excerpt":{"rendered":"<p>Opona zimowa Pirelli Scorpion Winter 285\/40R22 110 V<\/p>\n<p>Cechy produktu:<\/p>\n<p>sezon: zimowe<\/p>\n<p>szeroko\u015b\u0107\/profil\/\u015brednica: 285\/40R22<\/p>\n<p>indeks pr\u0119dko\u015bci: V do 240 km\/h<\/p>\n<p>indeks no\u015bno\u015bci: 110 &#8211; 1060 kg<\/p>\n<p>wzmocnienie (XL)<\/p>\n<p>Pirelli Scorpion Winter to opona zimowa przeznaczona do u\u017cytkowania w samochodach typu SUV. Ogumienie zalicza si\u0119 do segmentu premium. Zastosowano w nim najbardziej zaawansowane rozwi\u0105zania technologiczne, kt\u00f3re przyczyniaj\u0105 si\u0119 do poprawy bezpiecze\u0144stwa i komfortu jazdy.<\/p>\n","protected":false},"featured_media":17347,"template":"","meta":{"_uag_custom_page_level_css":""},"product_brand":[433],"product_cat":[414,413,412,415],"product_tag":[],"class_list":{"0":"post-17346","1":"product","2":"type-product","3":"status-publish","4":"has-post-thumbnail","6":"product_brand-pirelli","7":"product_cat-do-samochodow-osobowych-i-suv","8":"product_cat-opony","9":"product_cat-opony-i-felgi","10":"product_cat-zimowe","12":"first","13":"instock","14":"shipping-taxable","15":"purchasable","16":"product-type-simple"},"uagb_featured_image_src":{"full":["https:\/\/oponixo.shop\/tire\/wp-content\/uploads\/2026\/01\/allegro-image-17346.jpg",992,992,false],"thumbnail":["https:\/\/oponixo.shop\/tire\/wp-content\/uploads\/2026\/01\/allegro-image-17346-150x150.jpg",150,150,true],"medium":["https:\/\/oponixo.shop\/tire\/wp-content\/uploads\/2026\/01\/allegro-image-17346-300x300.jpg",300,300,true],"medium_large":["https:\/\/oponixo.shop\/tire\/wp-content\/uploads\/2026\/01\/allegro-image-17346-768x768.jpg",768,768,true],"large":["https:\/\/oponixo.shop\/tire\/wp-content\/uploads\/2026\/01\/allegro-image-17346.jpg",992,992,false],"1536x1536":["https:\/\/oponixo.shop\/tire\/wp-content\/uploads\/2026\/01\/allegro-image-17346.jpg",992,992,false],"2048x2048":["https:\/\/oponixo.shop\/tire\/wp-content\/uploads\/2026\/01\/allegro-image-17346.jpg",992,992,false],"woocommerce_thumbnail":["https:\/\/oponixo.shop\/tire\/wp-content\/uploads\/2026\/01\/allegro-image-17346-300x300.jpg",300,300,true],"woocommerce_single":["https:\/\/oponixo.shop\/tire\/wp-content\/uploads\/2026\/01\/allegro-image-17346-600x600.jpg",600,600,true],"woocommerce_gallery_thumbnail":["https:\/\/oponixo.shop\/tire\/wp-content\/uploads\/2026\/01\/allegro-image-17346-100x100.jpg",100,100,true]},"uagb_author_info":{"display_name":"admin","author_link":"https:\/\/oponixo.shop\/tire\/author\/"},"uagb_comment_info":0,"uagb_excerpt":"Opona zimowa Pirelli Scorpion Winter 285\/40R22 110 V Cechy produktu: sezon: zimowe szeroko\u015b\u0107\/profil\/\u015brednica: 285\/40R22 indeks pr\u0119dko\u015bci: V do 240 km\/h indeks no\u015bno\u015bci: 110 - 1060 kg wzmocnienie (XL) Pirelli Scorpion Winter to opona zimowa przeznaczona do u\u017cytkowania w samochodach typu SUV. Ogumienie zalicza si\u0119 do segmentu premium. Zastosowano w nim najbardziej zaawansowane rozwi\u0105zania technologiczne, kt\u00f3re&hellip;","_links":{"self":[{"href":"https:\/\/oponixo.shop\/tire\/wp-json\/wp\/v2\/product\/17346","targetHints":{"allow":["GET"]}}],"collection":[{"href":"https:\/\/oponixo.shop\/tire\/wp-json\/wp\/v2\/product"}],"about":[{"href":"https:\/\/oponixo.shop\/tire\/wp-json\/wp\/v2\/types\/product"}],"wp:featuredmedia":[{"embeddable":true,"href":"https:\/\/oponixo.shop\/tire\/wp-json\/wp\/v2\/media\/17347"}],"wp:attachment":[{"href":"https:\/\/oponixo.shop\/tire\/wp-json\/wp\/v2\/media?parent=17346"}],"wp:term":[{"taxonomy":"product_brand","embeddable":true,"href":"https:\/\/oponixo.shop\/tire\/wp-json\/wp\/v2\/product_brand?post=17346"},{"taxonomy":"product_cat","embeddable":true,"href":"https:\/\/oponixo.shop\/tire\/wp-json\/wp\/v2\/product_cat?post=17346"},{"taxonomy":"product_tag","embeddable":true,"href":"https:\/\/oponixo.shop\/tire\/wp-json\/wp\/v2\/product_tag?post=17346"}],"curies":[{"name":"wp","href":"https:\/\/api.w.org\/{rel}","templated":true}]}}