{"id":17350,"date":"2026-01-18T02:51:19","date_gmt":"2026-01-18T01:51:19","guid":{"rendered":"https:\/\/oponyonline.shop\/xef5\/produkt\/pirelli-285-40r22-pzero-pz-5-110y-l1-lamborghini-xl-xl-letnia-osobowa\/"},"modified":"2026-01-18T02:51:20","modified_gmt":"2026-01-18T01:51:20","slug":"pirelli-285-40r22-pzero-pz-5-110y-l1-lamborghini-xl-xl-letnia-osobowa","status":"publish","type":"product","link":"https:\/\/oponixo.shop\/tire\/produkt\/pirelli-285-40r22-pzero-pz-5-110y-l1-lamborghini-xl-xl-letnia-osobowa\/","title":{"rendered":"PIRELLI 285\/40R22 PZERO PZ-5 110Y L1 LAMBORGHINI XL XL LETNIA OSOBOWA"},"content":{"rendered":"<div style=\"font-family: Arial, sans-serif; line-height: 1.6; color: #333; padding: 20px; clear: both; display: block; width: 100%; float: none; position: static; overflow: hidden;\">\n<div style=\"clear: both; display: block; margin: 10px 0;\">\n<div style=\"clear: both; display: block; margin: 10px 0;\">\n<div style=\"clear: both; display: block; margin: 10px 0;\">\n<div  style=\"max-width:720px;max-height:405px\">\n<div style=\"clear: both; display: block; margin: 10px 0;\">\n<div style=\"clear: both; width: 100%; display: block; margin: 20px 0; padding: 0; float: none; position: static; text-align: center;\"><img decoding=\"async\"  src=\"https:\/\/a.allegroimg.com\/original\/118864\/bba27a144b49845212daac9d4e20\/PIRELLI-285-40R22-PZERO-PZ-5-110Y-L1-LAMBORGHINI-XL-XL-LETNIA-OSOBOWA-Liczba-opon-w-ofercie-1-szt\" srcset=\"https:\/\/a.allegroimg.com\/original\/118864\/bba27a144b49845212daac9d4e20\/PIRELLI-285-40R22-PZERO-PZ-5-110Y-L1-LAMBORGHINI-XL-XL-LETNIA-OSOBOWA-Liczba-opon-w-ofercie-1-szt 360w,https:\/\/a.allegroimg.com\/original\/118864\/bba27a144b49845212daac9d4e20\/PIRELLI-285-40R22-PZERO-PZ-5-110Y-L1-LAMBORGHINI-XL-XL-LETNIA-OSOBOWA-Liczba-opon-w-ofercie-1-szt 720w,https:\/\/a.allegroimg.com\/original\/118864\/bba27a144b49845212daac9d4e20\/PIRELLI-285-40R22-PZERO-PZ-5-110Y-L1-LAMBORGHINI-XL-XL-LETNIA-OSOBOWA-Liczba-opon-w-ofercie-1-szt 720w\" sizes=\"(min-width: 1200px) 560px, (min-width: 992px) 50vw, 100vw\" width=\"720px\" alt=\"PIRELLI 285\/40R22 PZERO PZ-5 110Y L1 LAMBORGHINI XL XL LETNIA OSOBOWA Liczba opon w ofercie 1 szt.\" style=\"max-width: 100%; height: auto; display: block; margin: 0 auto;\"><\/div>\n<\/div>\n<\/div>\n<\/div>\n<\/div>\n<div style=\"clear: both; display: block; margin: 10px 0;\">\n<div style=\"clear: both; display: block; margin: 10px 0;\">\n<h1>PRZEDMIOTEM OFERTY JEST:<\/h1>\n<h1>PIRELLI 285\/40R22 PZERO PZ-5 110Y L1 LAMBORGHINI XL XL LETNIA OSOBOWA<\/h1>\n<\/div>\n<\/div>\n<\/div>\n<div style=\"clear: both; display: block; margin: 10px 0;\">\n<div style=\"clear: both; display: block; margin: 10px 0;\">\n<div style=\"clear: both; display: block; margin: 10px 0;\">\n<h1>SPECYFIKACJA:<\/h1>\n<ol>\n<li style=\"margin: 5px 0; padding: 2px 0; clear: both; display: list-item; float: none; position: static;\">PRODUCENT: PIRELLI<\/li>\n<li style=\"margin: 5px 0; padding: 2px 0; clear: both; display: list-item; float: none; position: static;\">MODEL: PZERO PZ-5<\/li>\n<li style=\"margin: 5px 0; padding: 2px 0; clear: both; display: list-item; float: none; position: static;\">CENA DOTYCZY: 1 sztuki<\/li>\n<li style=\"margin: 5px 0; padding: 2px 0; clear: both; display: list-item; float: none; position: static;\">ROK PRODUKCJI: Nie starsze jak 36 miesi\u0119cy<\/li>\n<li style=\"margin: 5px 0; padding: 2px 0; clear: both; display: list-item; float: none; position: static;\">SEZON: LETNIA<\/li>\n<li style=\"margin: 5px 0; padding: 2px 0; clear: both; display: list-item; float: none; position: static;\">TYP OPONY: OSOBOWA<\/li>\n<li style=\"margin: 5px 0; padding: 2px 0; clear: both; display: list-item; float: none; position: static;\">SZEROKO\u015a\u0106: 285<\/li>\n<li style=\"margin: 5px 0; padding: 2px 0; clear: both; display: list-item; float: none; position: static;\">PROFIL: 40<\/li>\n<li style=\"margin: 5px 0; padding: 2px 0; clear: both; display: list-item; float: none; position: static;\">\u015aREDNICA: 22<\/li>\n<li style=\"margin: 5px 0; padding: 2px 0; clear: both; display: list-item; float: none; position: static;\">INDEKS NO\u015aNO\u015aCI: 110<\/li>\n<li style=\"margin: 5px 0; padding: 2px 0; clear: both; display: list-item; float: none; position: static;\">INDEKS PR\u0118DKO\u015aCI: Y<\/li>\n<li style=\"margin: 5px 0; padding: 2px 0; clear: both; display: list-item; float: none; position: static;\">OPORY TOCZENIA: C<\/li>\n<li style=\"margin: 5px 0; padding: 2px 0; clear: both; display: list-item; float: none; position: static;\">PRZYCZEPNO\u015a\u0106 NA MOKRYM: A<\/li>\n<li style=\"margin: 5px 0; padding: 2px 0; clear: both; display: list-item; float: none; position: static;\">HA\u0141AS ZEWN\u0118TRZNY: B<\/li>\n<li style=\"margin: 5px 0; padding: 2px 0; clear: both; display: list-item; float: none; position: static;\">OPONA WZMACNIANA: <\/li>\n<li style=\"margin: 5px 0; padding: 2px 0; clear: both; display: list-item; float: none; position: static;\">RANT OCHRONNY: <\/li>\n<li style=\"margin: 5px 0; padding: 2px 0; clear: both; display: list-item; float: none; position: static;\">RUN FLAT: <\/li>\n<li style=\"margin: 5px 0; padding: 2px 0; clear: both; display: list-item; float: none; position: static;\">HOMOLOGACJA PRODUCENTA: <\/li>\n<\/ol>\n<\/div>\n<\/div>\n<\/div>\n<div style=\"clear: both; display: block; margin: 10px 0;\">\n<div style=\"clear: both; display: block; margin: 10px 0;\">\n<div style=\"clear: both; display: block; margin: 10px 0;\">\n<h1>OPIS PRODUKTU:<\/h1>\n<p style=\"margin: 15px 0; line-height: 1.8; clear: both; display: block; width: 100%; float: none; position: static;\">PIRELLI to najwy\u017cszej klasy opony premium, kt\u00f3re \u015bwietnie sprawdzaj\u0105ce si\u0119 na ka\u017cdego rodzaju nawierzchni.<\/p>\n<p style=\"margin: 15px 0; line-height: 1.8; clear: both; display: block; width: 100%; float: none; position: static;\">Korzystaj z kr\u00f3tkiej drogi hamowania na suchej nawierzchni i wy\u015bmienitej kontroli na nawierzchni mokrej. Ciesz si\u0119 r\u00f3wnie\u017c mniejszym zu\u017cyciem paliwa.<\/p>\n<p style=\"margin: 15px 0; line-height: 1.8; clear: both; display: block; width: 100%; float: none; position: static;\">Mo\u017cliwo\u015b\u0107 sportowej jazdy na suchej i mokrej nawierzchni<\/p>\n<p style=\"margin: 15px 0; line-height: 1.8; clear: both; display: block; width: 100%; float: none; position: static;\">Zoptymalizowany kontakt bie\u017cnika z nawierzchni\u0105 zapewniaj\u0105cy wysoki przebieg<\/p>\n<p style=\"margin: 15px 0; line-height: 1.8; clear: both; display: block; width: 100%; float: none; position: static;\">Najlepsza technologia w korzystnej cenie<\/p>\n<p style=\"margin: 15px 0; line-height: 1.8; clear: both; display: block; width: 100%; float: none; position: static;\">Kr\u00f3tka droga hamowania na suchej nawierzchni<\/p>\n<p style=\"margin: 15px 0; line-height: 1.8; clear: both; display: block; width: 100%; float: none; position: static;\">Hamowanie wtedy, kiedy jest to potrzebne. Zaawansowana struktura bie\u017cnika zapewniaj\u0105ca r\u00f3wnomierny rozk\u0142ad nacisku na ca\u0142ym bie\u017cniku, co pozwala na optymalny kontakt opony z drog\u0105.<\/p>\n<p style=\"margin: 15px 0; line-height: 1.8; clear: both; display: block; width: 100%; float: none; position: static;\">Doskona\u0142a kontrola na mokrej nawierzchni.<\/p>\n<p style=\"margin: 15px 0; line-height: 1.8; clear: both; display: block; width: 100%; float: none; position: static;\">Pewna jazda wtedy, gdy ma to najwi\u0119ksze znaczenie. Rowkowanie umo\u017cliwia wydajne usuwanie wody, podczas gdy specjalnie zaprojektowana krzemionkowa mieszanka bie\u017cnika zapewnia przyczepno\u015b\u0107 na mokrych drogach.<\/p>\n<p style=\"margin: 15px 0; line-height: 1.8; clear: both; display: block; width: 100%; float: none; position: static;\">Sportowa jazda na suchych drogach<\/p>\n<p style=\"margin: 15px 0; line-height: 1.8; clear: both; display: block; width: 100%; float: none; position: static;\">Zmaksymalizuj osi\u0105gi swojego samochodu wyczynowego. Szerokie i sztywne barki zewn\u0119trzne zmniejszaj\u0105 odkszta\u0142canie bie\u017cnika opony, zapewniaj\u0105c wi\u0119ksz\u0105 precyzj\u0119 kierowania na zakr\u0119tach.<\/p>\n<p style=\"margin: 15px 0; line-height: 1.8; clear: both; display: block; width: 100%; float: none; position: static;\">D\u0142ugie przebiegi<\/p>\n<p style=\"margin: 15px 0; line-height: 1.8; clear: both; display: block; width: 100%; float: none; position: static;\">Zoptymalizowany kontakt bie\u017cnika z nawierzchni\u0105 i budowa wn\u0119trza opony umo\u017cliwiaj\u0105 r\u00f3wnomierne zu\u017cywanie bie\u017cnika, zapewniaj\u0105c wysoki przebieg.<\/p>\n<p style=\"margin: 15px 0; line-height: 1.8; clear: both; display: block; width: 100%; float: none; position: static;\">Mniejsze zu\u017cycie paliwa<\/p>\n<p style=\"margin: 15px 0; line-height: 1.8; clear: both; display: block; width: 100%; float: none; position: static;\">Lekka konstrukcja i technologia mieszanki zaprojektowana specjalnie dla tej opony pomagaj\u0105 ogranicza\u0107 straty energii i umo\u017cliwiaj\u0105 zmniejszenie koszt\u00f3w w okresie eksploatacji opony.<\/p>\n<\/div>\n<\/div>\n<\/div>\n<\/div>\n<\/div>\n<\/div>\n<div style=\"clear: both; display: block; margin: 10px 0;\">\n","protected":false},"excerpt":{"rendered":"<p>PRZEDMIOTEM OFERTY JEST:<\/p>\n<p>PIRELLI 285\/40R22 PZERO PZ-5 110Y L1 LAMBORGHINI XL XL LETNIA OSOBOWA<\/p>\n<p>SPECYFIKACJA:<\/p>\n<p>PRODUCENT: PIRELLI<\/p>\n<p>MODEL: PZERO PZ-5<\/p>\n<p>CENA DOTYCZY: 1 sztuki<\/p>\n<p>ROK PRODUKCJI: Nie starsze jak 36 miesi\u0119cy<\/p>\n<p>SEZON: LETNIA<\/p>\n","protected":false},"featured_media":17351,"template":"","meta":{"_uag_custom_page_level_css":""},"product_brand":[433],"product_cat":[414,418,413,412],"product_tag":[],"class_list":{"0":"post-17350","1":"product","2":"type-product","3":"status-publish","4":"has-post-thumbnail","6":"product_brand-pirelli","7":"product_cat-do-samochodow-osobowych-i-suv","8":"product_cat-letnie","9":"product_cat-opony","10":"product_cat-opony-i-felgi","12":"first","13":"instock","14":"shipping-taxable","15":"purchasable","16":"product-type-simple"},"uagb_featured_image_src":{"full":["https:\/\/oponixo.shop\/tire\/wp-content\/uploads\/2026\/01\/allegro-image-17350.jpg",1200,1200,false],"thumbnail":["https:\/\/oponixo.shop\/tire\/wp-content\/uploads\/2026\/01\/allegro-image-17350-150x150.jpg",150,150,true],"medium":["https:\/\/oponixo.shop\/tire\/wp-content\/uploads\/2026\/01\/allegro-image-17350-300x300.jpg",300,300,true],"medium_large":["https:\/\/oponixo.shop\/tire\/wp-content\/uploads\/2026\/01\/allegro-image-17350-768x768.jpg",768,768,true],"large":["https:\/\/oponixo.shop\/tire\/wp-content\/uploads\/2026\/01\/allegro-image-17350-1024x1024.jpg",1024,1024,true],"1536x1536":["https:\/\/oponixo.shop\/tire\/wp-content\/uploads\/2026\/01\/allegro-image-17350.jpg",1200,1200,false],"2048x2048":["https:\/\/oponixo.shop\/tire\/wp-content\/uploads\/2026\/01\/allegro-image-17350.jpg",1200,1200,false],"woocommerce_thumbnail":["https:\/\/oponixo.shop\/tire\/wp-content\/uploads\/2026\/01\/allegro-image-17350-300x300.jpg",300,300,true],"woocommerce_single":["https:\/\/oponixo.shop\/tire\/wp-content\/uploads\/2026\/01\/allegro-image-17350-600x600.jpg",600,600,true],"woocommerce_gallery_thumbnail":["https:\/\/oponixo.shop\/tire\/wp-content\/uploads\/2026\/01\/allegro-image-17350-100x100.jpg",100,100,true]},"uagb_author_info":{"display_name":"admin","author_link":"https:\/\/oponixo.shop\/tire\/author\/"},"uagb_comment_info":0,"uagb_excerpt":"PRZEDMIOTEM OFERTY JEST: PIRELLI 285\/40R22 PZERO PZ-5 110Y L1 LAMBORGHINI XL XL LETNIA OSOBOWA SPECYFIKACJA: PRODUCENT: PIRELLI MODEL: PZERO PZ-5 CENA DOTYCZY: 1 sztuki ROK PRODUKCJI: Nie starsze jak 36 miesi\u0119cy SEZON: LETNIA","_links":{"self":[{"href":"https:\/\/oponixo.shop\/tire\/wp-json\/wp\/v2\/product\/17350","targetHints":{"allow":["GET"]}}],"collection":[{"href":"https:\/\/oponixo.shop\/tire\/wp-json\/wp\/v2\/product"}],"about":[{"href":"https:\/\/oponixo.shop\/tire\/wp-json\/wp\/v2\/types\/product"}],"wp:featuredmedia":[{"embeddable":true,"href":"https:\/\/oponixo.shop\/tire\/wp-json\/wp\/v2\/media\/17351"}],"wp:attachment":[{"href":"https:\/\/oponixo.shop\/tire\/wp-json\/wp\/v2\/media?parent=17350"}],"wp:term":[{"taxonomy":"product_brand","embeddable":true,"href":"https:\/\/oponixo.shop\/tire\/wp-json\/wp\/v2\/product_brand?post=17350"},{"taxonomy":"product_cat","embeddable":true,"href":"https:\/\/oponixo.shop\/tire\/wp-json\/wp\/v2\/product_cat?post=17350"},{"taxonomy":"product_tag","embeddable":true,"href":"https:\/\/oponixo.shop\/tire\/wp-json\/wp\/v2\/product_tag?post=17350"}],"curies":[{"name":"wp","href":"https:\/\/api.w.org\/{rel}","templated":true}]}}