{"id":17360,"date":"2026-01-18T02:51:22","date_gmt":"2026-01-18T01:51:22","guid":{"rendered":"https:\/\/oponyonline.shop\/xef5\/produkt\/opona-zimowa-continental-wintercontact-ts-850-p-285-45r22-114-v-wzmocnienie\/"},"modified":"2026-01-18T02:51:22","modified_gmt":"2026-01-18T01:51:22","slug":"opona-zimowa-continental-wintercontact-ts-850-p-285-45r22-114-v-wzmocnienie","status":"publish","type":"product","link":"https:\/\/oponixo.shop\/tire\/produkt\/opona-zimowa-continental-wintercontact-ts-850-p-285-45r22-114-v-wzmocnienie\/","title":{"rendered":"Opona zimowa Continental WinterContact TS 850 P 285\/45R22 114 V wzmocnienie"},"content":{"rendered":"<div style=\"font-family: Arial, sans-serif; line-height: 1.6; color: #333; padding: 20px; clear: both; display: block; width: 100%; float: none; position: static; overflow: hidden;\">\n<div style=\"clear: both; display: block; margin: 10px 0;\">\n<div style=\"clear: both; display: block; margin: 10px 0;\">\n<div style=\"clear: both; display: block; margin: 10px 0;\">\n<h1>zestaw 2 sztuk nowych opon zimowych<\/h1>\n<\/div>\n<\/div>\n<\/div>\n<div style=\"clear: both; display: block; margin: 10px 0;\">\n<div style=\"clear: both; display: block; margin: 10px 0;\">\n<div style=\"clear: both; display: block; margin: 10px 0;\">\n<div  style=\"max-width:499px;max-height:652px\">\n<div style=\"clear: both; display: block; margin: 10px 0;\">\n<div style=\"clear: both; width: 100%; display: block; margin: 20px 0; padding: 0; float: none; position: static; text-align: center;\"><img decoding=\"async\"  src=\"https:\/\/a.allegroimg.com\/original\/11e817\/083ebb584433a2026db988564241\/Opona-zimowa-Continental-WinterContact-TS-850-P-285-45R22-114-V-wzmocnienie\" srcset=\"https:\/\/a.allegroimg.com\/original\/11e817\/083ebb584433a2026db988564241\/Opona-zimowa-Continental-WinterContact-TS-850-P-285-45R22-114-V-wzmocnienie 275w,https:\/\/a.allegroimg.com\/original\/11e817\/083ebb584433a2026db988564241\/Opona-zimowa-Continental-WinterContact-TS-850-P-285-45R22-114-V-wzmocnienie 499w,https:\/\/a.allegroimg.com\/original\/11e817\/083ebb584433a2026db988564241\/Opona-zimowa-Continental-WinterContact-TS-850-P-285-45R22-114-V-wzmocnienie 499w\" sizes=\"(min-width: 1200px) 560px, (min-width: 992px) 50vw, 100vw\" width=\"499px\" alt=\"Opona zimowa Continental WinterContact TS 850 P 285\/45R22 114 V wzmocnienie\" style=\"max-width: 100%; height: auto; display: block; margin: 0 auto;\"><\/div>\n<\/div>\n<\/div>\n<\/div>\n<\/div>\n<div style=\"clear: both; display: block; margin: 10px 0;\">\n<div style=\"clear: both; display: block; margin: 10px 0;\">\n<p style=\"margin: 15px 0; line-height: 1.8; clear: both; display: block; width: 100%; float: none; position: static;\"><b><\/b><b><\/b><b><\/b> Oryginalny produkt klasy <b>premium<\/b> renomowanej marki <b>Continental<\/b>. Bezkompromisowa jako\u015b\u0107. Produkt klasy UHP (Ultra High Performace) do suv-\u00f3w o wysokich osi\u0105gach, przeznaczone dla kierowc\u00f3w preferuj\u0105cych dynamiczny styl jazdy.<\/p>\n<ul style=\"margin: 15px 0; padding-left: 20px; clear: both; display: block; width: 100%; float: none; position: static;\">\n<li style=\"margin: 5px 0; padding: 2px 0; clear: both; display: list-item; float: none; position: static;\">produkowane w <b>Europie<\/b><\/li>\n<li style=\"margin: 5px 0; padding: 2px 0; clear: both; display: list-item; float: none; position: static;\"><b>FR<\/b> &#8211; opony posiadaj\u0105 rant chroni\u0105cy felg\u0119<\/li>\n<li style=\"margin: 5px 0; padding: 2px 0; clear: both; display: list-item; float: none; position: static;\">opony wzmocnione <b>XL<\/b><\/li>\n<li style=\"margin: 5px 0; padding: 2px 0; clear: both; display: list-item; float: none; position: static;\">komfortowa, cicha praca<\/li>\n<li style=\"margin: 5px 0; padding: 2px 0; clear: both; display: list-item; float: none; position: static;\">doskona\u0142a trakcja, precyzyjne sterowanie &#8211; r\u00f3wnie\u017c przy du\u017cych pr\u0119dko\u015bciach<\/li>\n<li style=\"margin: 5px 0; padding: 2px 0; clear: both; display: list-item; float: none; position: static;\">d\u0142ugie przebiegi<\/li>\n<li style=\"margin: 5px 0; padding: 2px 0; clear: both; display: list-item; float: none; position: static;\">bie\u017cnik zu\u017cywa si\u0119 r\u00f3wnomiernie<\/li>\n<li style=\"margin: 5px 0; padding: 2px 0; clear: both; display: list-item; float: none; position: static;\">znakomita przyczepno\u015b\u0107 i trakcja w trudnych, zimowych warunkach<\/li>\n<li style=\"margin: 5px 0; padding: 2px 0; clear: both; display: list-item; float: none; position: static;\">pe\u0142na homologacja zimowa 3PMSF (opony z tym oznaczeniem musz\u0105 spe\u0142nia\u0107 rygorystyczne normy dot. przyczepno\u015bci i hamowania na \u015bniegu i lodzie)<\/li>\n<li style=\"margin: 5px 0; padding: 2px 0; clear: both; display: list-item; float: none; position: static;\">skuteczne odprowadzanie wody i b\u0142ota, system antypo\u015blizgowy<\/li>\n<\/ul>\n<\/div>\n<\/div>\n<\/div>\n<div style=\"clear: both; display: block; margin: 10px 0;\">\n<div style=\"clear: both; display: block; margin: 10px 0;\">\n<div style=\"clear: both; display: block; margin: 10px 0;\">\n<div  style=\"max-width:886px;max-height:1299px\">\n<div style=\"clear: both; display: block; margin: 10px 0;\">\n<div style=\"clear: both; width: 100%; display: block; margin: 20px 0; padding: 0; float: none; position: static; text-align: center;\"><img decoding=\"async\"  src=\"https:\/\/a.allegroimg.com\/original\/29fee1\/466ea9eb4fa58eb13ac490d5519b\/Opona-zimowa-Continental-WinterContact-TS-850-P-285-45R22-114-V-wzmocnienie-Liczba-opon-w-ofercie-2-szt\" srcset=\"https:\/\/a.allegroimg.com\/original\/29fee1\/466ea9eb4fa58eb13ac490d5519b\/Opona-zimowa-Continental-WinterContact-TS-850-P-285-45R22-114-V-wzmocnienie-Liczba-opon-w-ofercie-2-szt 245w,https:\/\/a.allegroimg.com\/original\/29fee1\/466ea9eb4fa58eb13ac490d5519b\/Opona-zimowa-Continental-WinterContact-TS-850-P-285-45R22-114-V-wzmocnienie-Liczba-opon-w-ofercie-2-szt 491w,https:\/\/a.allegroimg.com\/original\/29fee1\/466ea9eb4fa58eb13ac490d5519b\/Opona-zimowa-Continental-WinterContact-TS-850-P-285-45R22-114-V-wzmocnienie-Liczba-opon-w-ofercie-2-szt 698w,https:\/\/a.allegroimg.com\/original\/29fee1\/466ea9eb4fa58eb13ac490d5519b\/Opona-zimowa-Continental-WinterContact-TS-850-P-285-45R22-114-V-wzmocnienie-Liczba-opon-w-ofercie-2-szt 886w,https:\/\/a.allegroimg.com\/original\/29fee1\/466ea9eb4fa58eb13ac490d5519b\/Opona-zimowa-Continental-WinterContact-TS-850-P-285-45R22-114-V-wzmocnienie-Liczba-opon-w-ofercie-2-szt 886w\" sizes=\"100vw\" width=\"886px\" alt=\"Opona zimowa Continental WinterContact TS 850 P 285\/45R22 114 V wzmocnienie Liczba opon w ofercie 2 szt.\" style=\"max-width: 100%; height: auto; display: block; margin: 0 auto;\"><\/div>\n<\/div>\n<\/div>\n<\/div>\n<\/div>\n<\/div>\n<\/div>\n<\/div>\n<\/div>\n<div style=\"clear: both; display: block; margin: 10px 0;\">\n","protected":false},"excerpt":{"rendered":"<p>zestaw 2 sztuk nowych opon zimowych<\/p>\n<p>Oryginalny produkt klasy premium renomowanej marki Continental. Bezkompromisowa jako\u015b\u0107. Produkt klasy UHP (Ultra High Performace) do suv-\u00f3w o wysokich osi\u0105gach, przeznaczone dla kierowc\u00f3w preferuj\u0105cych dynamiczny styl jazdy.<\/p>\n<p>produkowane w Europie<\/p>\n<p>FR &#8211; opony posiadaj\u0105 rant chroni\u0105cy felg\u0119<\/p>\n<p>opony wzmocnione XL<\/p>\n<p>komfortowa, cicha praca<\/p>\n<p>doskona\u0142a trakcja, precyzyjne sterowanie &#8211; r\u00f3wnie\u017c przy du\u017cych pr\u0119dko\u015bciach<\/p>\n<p>d\u0142ugie przebiegi<\/p>\n","protected":false},"featured_media":17361,"template":"","meta":{"_uag_custom_page_level_css":""},"product_brand":[396],"product_cat":[428,413,412,415],"product_tag":[],"class_list":{"0":"post-17360","1":"product","2":"type-product","3":"status-publish","4":"has-post-thumbnail","6":"product_brand-continental","7":"product_cat-do-samochodow-terenowych-i-4x4","8":"product_cat-opony","9":"product_cat-opony-i-felgi","10":"product_cat-zimowe","12":"first","13":"instock","14":"shipping-taxable","15":"purchasable","16":"product-type-simple"},"uagb_featured_image_src":{"full":["https:\/\/oponixo.shop\/tire\/wp-content\/uploads\/2026\/01\/allegro-image-17360.jpg",499,652,false],"thumbnail":["https:\/\/oponixo.shop\/tire\/wp-content\/uploads\/2026\/01\/allegro-image-17360-150x150.jpg",150,150,true],"medium":["https:\/\/oponixo.shop\/tire\/wp-content\/uploads\/2026\/01\/allegro-image-17360-230x300.jpg",230,300,true],"medium_large":["https:\/\/oponixo.shop\/tire\/wp-content\/uploads\/2026\/01\/allegro-image-17360.jpg",499,652,false],"large":["https:\/\/oponixo.shop\/tire\/wp-content\/uploads\/2026\/01\/allegro-image-17360.jpg",499,652,false],"1536x1536":["https:\/\/oponixo.shop\/tire\/wp-content\/uploads\/2026\/01\/allegro-image-17360.jpg",499,652,false],"2048x2048":["https:\/\/oponixo.shop\/tire\/wp-content\/uploads\/2026\/01\/allegro-image-17360.jpg",499,652,false],"woocommerce_thumbnail":["https:\/\/oponixo.shop\/tire\/wp-content\/uploads\/2026\/01\/allegro-image-17360-300x300.jpg",300,300,true],"woocommerce_single":["https:\/\/oponixo.shop\/tire\/wp-content\/uploads\/2026\/01\/allegro-image-17360.jpg",499,652,false],"woocommerce_gallery_thumbnail":["https:\/\/oponixo.shop\/tire\/wp-content\/uploads\/2026\/01\/allegro-image-17360-100x100.jpg",100,100,true]},"uagb_author_info":{"display_name":"admin","author_link":"https:\/\/oponixo.shop\/tire\/author\/"},"uagb_comment_info":0,"uagb_excerpt":"zestaw 2 sztuk nowych opon zimowych Oryginalny produkt klasy premium renomowanej marki Continental. Bezkompromisowa jako\u015b\u0107. Produkt klasy UHP (Ultra High Performace) do suv-\u00f3w o wysokich osi\u0105gach, przeznaczone dla kierowc\u00f3w preferuj\u0105cych dynamiczny styl jazdy. produkowane w Europie FR - opony posiadaj\u0105 rant chroni\u0105cy felg\u0119 opony wzmocnione XL komfortowa, cicha praca doskona\u0142a trakcja, precyzyjne sterowanie - r\u00f3wnie\u017c&hellip;","_links":{"self":[{"href":"https:\/\/oponixo.shop\/tire\/wp-json\/wp\/v2\/product\/17360","targetHints":{"allow":["GET"]}}],"collection":[{"href":"https:\/\/oponixo.shop\/tire\/wp-json\/wp\/v2\/product"}],"about":[{"href":"https:\/\/oponixo.shop\/tire\/wp-json\/wp\/v2\/types\/product"}],"wp:featuredmedia":[{"embeddable":true,"href":"https:\/\/oponixo.shop\/tire\/wp-json\/wp\/v2\/media\/17361"}],"wp:attachment":[{"href":"https:\/\/oponixo.shop\/tire\/wp-json\/wp\/v2\/media?parent=17360"}],"wp:term":[{"taxonomy":"product_brand","embeddable":true,"href":"https:\/\/oponixo.shop\/tire\/wp-json\/wp\/v2\/product_brand?post=17360"},{"taxonomy":"product_cat","embeddable":true,"href":"https:\/\/oponixo.shop\/tire\/wp-json\/wp\/v2\/product_cat?post=17360"},{"taxonomy":"product_tag","embeddable":true,"href":"https:\/\/oponixo.shop\/tire\/wp-json\/wp\/v2\/product_tag?post=17360"}],"curies":[{"name":"wp","href":"https:\/\/api.w.org\/{rel}","templated":true}]}}