{"id":17418,"date":"2026-01-19T04:12:18","date_gmt":"2026-01-19T03:12:18","guid":{"rendered":"https:\/\/oponypoint.shop\/xef5\/produkt\/2x-opony-letnie-295-65r20-nankang-at-5-q\/"},"modified":"2026-01-19T04:12:18","modified_gmt":"2026-01-19T03:12:18","slug":"2x-opony-letnie-295-65r20-nankang-at-5-q","status":"publish","type":"product","link":"https:\/\/oponixo.shop\/tire\/produkt\/2x-opony-letnie-295-65r20-nankang-at-5-q\/","title":{"rendered":"2x OPONY LETNIE 295\/65R20 Nankang AT-5 Q"},"content":{"rendered":"<div style=\"font-family: Arial, sans-serif; line-height: 1.6; color: #333; padding: 20px; clear: both; display: block; width: 100%; float: none; position: static; overflow: hidden;\">\n<div style=\"clear: both; display: block; margin: 10px 0;\">\n<div style=\"clear: both; display: block; margin: 10px 0;\">\n<div style=\"clear: both; display: block; margin: 10px 0;\">\n<div  style=\"max-width:700px;max-height:1090px\">\n<div style=\"clear: both; display: block; margin: 10px 0;\">\n<div style=\"clear: both; width: 100%; display: block; margin: 20px 0; padding: 0; float: none; position: static; text-align: center;\"><img decoding=\"async\"  src=\"https:\/\/a.allegroimg.com\/original\/112ca5\/99e17536492c89c3aa2d5bed0b90\/2x-OPONY-LETNIE-295-65R20-Nankang-AT-5-Q\" srcset=\"https:\/\/a.allegroimg.com\/original\/112ca5\/99e17536492c89c3aa2d5bed0b90\/2x-OPONY-LETNIE-295-65R20-Nankang-AT-5-Q 231w,https:\/\/a.allegroimg.com\/original\/112ca5\/99e17536492c89c3aa2d5bed0b90\/2x-OPONY-LETNIE-295-65R20-Nankang-AT-5-Q 462w,https:\/\/a.allegroimg.com\/original\/112ca5\/99e17536492c89c3aa2d5bed0b90\/2x-OPONY-LETNIE-295-65R20-Nankang-AT-5-Q 657w,https:\/\/a.allegroimg.com\/original\/112ca5\/99e17536492c89c3aa2d5bed0b90\/2x-OPONY-LETNIE-295-65R20-Nankang-AT-5-Q 700w,https:\/\/a.allegroimg.com\/original\/112ca5\/99e17536492c89c3aa2d5bed0b90\/2x-OPONY-LETNIE-295-65R20-Nankang-AT-5-Q 700w\" sizes=\"(min-width: 1200px) 560px, (min-width: 992px) 50vw, 100vw\" width=\"700px\" alt=\"2x OPONY LETNIE 295\/65R20 Nankang AT-5 Q\" style=\"max-width: 100%; height: auto; display: block; margin: 0 auto;\"><\/div>\n<\/div>\n<\/div>\n<\/div>\n<\/div>\n<div style=\"clear: both; display: block; margin: 10px 0;\">\n<div style=\"clear: both; display: block; margin: 10px 0;\">\n<p style=\"margin: 15px 0; line-height: 1.8; clear: both; display: block; width: 100%; float: none; position: static;\">Nazwa modelu: <b>Nankang AT-5<\/b><\/p>\n<p style=\"margin: 15px 0; line-height: 1.8; clear: both; display: block; width: 100%; float: none; position: static;\">Rozmiar: <b>295\/65 R20<\/b><\/p>\n<p style=\"margin: 15px 0; line-height: 1.8; clear: both; display: block; width: 100%; float: none; position: static;\">Indeks pr\u0119dko\u015bci: <b>Q<\/b><\/p>\n<p style=\"margin: 15px 0; line-height: 1.8; clear: both; display: block; width: 100%; float: none; position: static;\">Indeks no\u015bno\u015bci: <\/p>\n<p style=\"margin: 15px 0; line-height: 1.8; clear: both; display: block; width: 100%; float: none; position: static;\">Kod producenta: <b>4718022017376<\/b><\/p>\n<p style=\"margin: 15px 0; line-height: 1.8; clear: both; display: block; width: 100%; float: none; position: static;\">Rodzaj pojazd\u00f3w: <b>4&#215;4<\/b><\/p>\n<p style=\"margin: 15px 0; line-height: 1.8; clear: both; display: block; width: 100%; float: none; position: static;\">Sezon: <b>letnie<\/b><\/p>\n<p style=\"margin: 15px 0; line-height: 1.8; clear: both; display: block; width: 100%; float: none; position: static;\">Dodatkowe oznaczenia: <b> brak <\/b><\/p>\n<p style=\"margin: 15px 0; line-height: 1.8; clear: both; display: block; width: 100%; float: none; position: static;\">Rok produkcji: <b><br \/>\n                    Opony nowe, pe\u0142nowarto\u015bciowe<br \/>\n        <\/b><\/p>\n<\/div>\n<\/div>\n<\/div>\n<\/div>\n<\/div>\n<\/div>\n<div style=\"clear: both; display: block; margin: 10px 0;\">\n","protected":false},"excerpt":{"rendered":"<p>Nazwa modelu: Nankang AT-5<\/p>\n<p>Rozmiar: 295\/65 R20<\/p>\n<p>Indeks pr\u0119dko\u015bci: Q<\/p>\n<p>Indeks no\u015bno\u015bci:<\/p>\n<p>Kod producenta: 4718022017376<\/p>\n<p>Rodzaj pojazd\u00f3w: 4&#215;4<\/p>\n<p>Sezon: letnie<\/p>\n<p>Dodatkowe oznaczenia: brak<\/p>\n","protected":false},"featured_media":17419,"template":"","meta":{"_uag_custom_page_level_css":""},"product_brand":[446],"product_cat":[428,418,413,412],"product_tag":[],"class_list":{"0":"post-17418","1":"product","2":"type-product","3":"status-publish","4":"has-post-thumbnail","6":"product_brand-nankang","7":"product_cat-do-samochodow-terenowych-i-4x4","8":"product_cat-letnie","9":"product_cat-opony","10":"product_cat-opony-i-felgi","12":"first","13":"instock","14":"shipping-taxable","15":"purchasable","16":"product-type-simple"},"uagb_featured_image_src":{"full":["https:\/\/oponixo.shop\/tire\/wp-content\/uploads\/2026\/01\/allegro-image-17418.jpg",700,1090,false],"thumbnail":["https:\/\/oponixo.shop\/tire\/wp-content\/uploads\/2026\/01\/allegro-image-17418-150x150.jpg",150,150,true],"medium":["https:\/\/oponixo.shop\/tire\/wp-content\/uploads\/2026\/01\/allegro-image-17418-193x300.jpg",193,300,true],"medium_large":["https:\/\/oponixo.shop\/tire\/wp-content\/uploads\/2026\/01\/allegro-image-17418.jpg",700,1090,false],"large":["https:\/\/oponixo.shop\/tire\/wp-content\/uploads\/2026\/01\/allegro-image-17418-658x1024.jpg",658,1024,true],"1536x1536":["https:\/\/oponixo.shop\/tire\/wp-content\/uploads\/2026\/01\/allegro-image-17418.jpg",700,1090,false],"2048x2048":["https:\/\/oponixo.shop\/tire\/wp-content\/uploads\/2026\/01\/allegro-image-17418.jpg",700,1090,false],"woocommerce_thumbnail":["https:\/\/oponixo.shop\/tire\/wp-content\/uploads\/2026\/01\/allegro-image-17418-300x300.jpg",300,300,true],"woocommerce_single":["https:\/\/oponixo.shop\/tire\/wp-content\/uploads\/2026\/01\/allegro-image-17418-600x934.jpg",600,934,true],"woocommerce_gallery_thumbnail":["https:\/\/oponixo.shop\/tire\/wp-content\/uploads\/2026\/01\/allegro-image-17418-100x100.jpg",100,100,true]},"uagb_author_info":{"display_name":"admin","author_link":"https:\/\/oponixo.shop\/tire\/author\/"},"uagb_comment_info":0,"uagb_excerpt":"Nazwa modelu: Nankang AT-5 Rozmiar: 295\/65 R20 Indeks pr\u0119dko\u015bci: Q Indeks no\u015bno\u015bci: Kod producenta: 4718022017376 Rodzaj pojazd\u00f3w: 4x4 Sezon: letnie Dodatkowe oznaczenia: brak","_links":{"self":[{"href":"https:\/\/oponixo.shop\/tire\/wp-json\/wp\/v2\/product\/17418","targetHints":{"allow":["GET"]}}],"collection":[{"href":"https:\/\/oponixo.shop\/tire\/wp-json\/wp\/v2\/product"}],"about":[{"href":"https:\/\/oponixo.shop\/tire\/wp-json\/wp\/v2\/types\/product"}],"wp:featuredmedia":[{"embeddable":true,"href":"https:\/\/oponixo.shop\/tire\/wp-json\/wp\/v2\/media\/17419"}],"wp:attachment":[{"href":"https:\/\/oponixo.shop\/tire\/wp-json\/wp\/v2\/media?parent=17418"}],"wp:term":[{"taxonomy":"product_brand","embeddable":true,"href":"https:\/\/oponixo.shop\/tire\/wp-json\/wp\/v2\/product_brand?post=17418"},{"taxonomy":"product_cat","embeddable":true,"href":"https:\/\/oponixo.shop\/tire\/wp-json\/wp\/v2\/product_cat?post=17418"},{"taxonomy":"product_tag","embeddable":true,"href":"https:\/\/oponixo.shop\/tire\/wp-json\/wp\/v2\/product_tag?post=17418"}],"curies":[{"name":"wp","href":"https:\/\/api.w.org\/{rel}","templated":true}]}}