{"id":17438,"date":"2026-01-19T04:12:23","date_gmt":"2026-01-19T03:12:23","guid":{"rendered":"https:\/\/oponypoint.shop\/xef5\/produkt\/nankang-n-605-205-75r15-opony-letnie\/"},"modified":"2026-01-19T04:12:23","modified_gmt":"2026-01-19T03:12:23","slug":"nankang-n-605-205-75r15-opony-letnie","status":"publish","type":"product","link":"https:\/\/oponixo.shop\/tire\/produkt\/nankang-n-605-205-75r15-opony-letnie\/","title":{"rendered":"Nankang N-605 205\/75R15 Opony letnie"},"content":{"rendered":"<div style=\"font-family: Arial, sans-serif; line-height: 1.6; color: #333; padding: 20px; clear: both; display: block; width: 100%; float: none; position: static; overflow: hidden;\">\n<div style=\"clear: both; display: block; margin: 10px 0;\">\n<div style=\"clear: both; display: block; margin: 10px 0;\">\n<div style=\"clear: both; display: block; margin: 10px 0;\">\n<h1>Przedmiotem aukcji s\u0105 dwie opony<\/h1>\n<h1>Nankang N-605 205\/75R15 Opony letnie<\/h1>\n<\/div>\n<\/div>\n<\/div>\n<div style=\"clear: both; display: block; margin: 10px 0;\">\n<div style=\"clear: both; display: block; margin: 10px 0;\">\n<div style=\"clear: both; display: block; margin: 10px 0;\">\n<div  style=\"max-width:920px;max-height:1120px\">\n<div style=\"clear: both; display: block; margin: 10px 0;\">\n<div style=\"clear: both; width: 100%; display: block; margin: 20px 0; padding: 0; float: none; position: static; text-align: center;\"><img decoding=\"async\"  src=\"https:\/\/a.allegroimg.com\/original\/11a050\/187e5c194d55ae4a9770201a34d6\/Nankang-N-605-205-75R15-Opony-letnie\" srcset=\"https:\/\/a.allegroimg.com\/original\/11a050\/187e5c194d55ae4a9770201a34d6\/Nankang-N-605-205-75R15-Opony-letnie 295w,https:\/\/a.allegroimg.com\/original\/11a050\/187e5c194d55ae4a9770201a34d6\/Nankang-N-605-205-75R15-Opony-letnie 591w,https:\/\/a.allegroimg.com\/original\/11a050\/187e5c194d55ae4a9770201a34d6\/Nankang-N-605-205-75R15-Opony-letnie 841w,https:\/\/a.allegroimg.com\/original\/11a050\/187e5c194d55ae4a9770201a34d6\/Nankang-N-605-205-75R15-Opony-letnie 920w,https:\/\/a.allegroimg.com\/original\/11a050\/187e5c194d55ae4a9770201a34d6\/Nankang-N-605-205-75R15-Opony-letnie 920w\" sizes=\"(min-width: 1200px) 560px, (min-width: 992px) 50vw, 100vw\" width=\"920px\" alt=\"Nankang N-605 205\/75R15 Opony letnie\" style=\"max-width: 100%; height: auto; display: block; margin: 0 auto;\"><\/div>\n<\/div>\n<\/div>\n<\/div>\n<\/div>\n<div style=\"clear: both; display: block; margin: 10px 0;\">\n<div style=\"clear: both; display: block; margin: 10px 0;\">\n<h1>Nankang N-605 205\/75R15 Opony letnie<\/h1>\n<p style=\"margin: 15px 0; line-height: 1.8; clear: both; display: block; width: 100%; float: none; position: static;\">EAN: <b>4712487544033<\/b><\/p>\n<p style=\"margin: 15px 0; line-height: 1.8; clear: both; display: block; width: 100%; float: none; position: static;\">Producent: <b>NANKANG<\/b><\/p>\n<p style=\"margin: 15px 0; line-height: 1.8; clear: both; display: block; width: 100%; float: none; position: static;\">Bie\u017cnik: <b>N-605<\/b><\/p>\n<p style=\"margin: 15px 0; line-height: 1.8; clear: both; display: block; width: 100%; float: none; position: static;\">Rozmiar: <b>205\/75 R15 97H<\/b><\/p>\n<p style=\"margin: 15px 0; line-height: 1.8; clear: both; display: block; width: 100%; float: none; position: static;\">Indeks no\u015bno\u015bci: <b>97<\/b><\/p>\n<p style=\"margin: 15px 0; line-height: 1.8; clear: both; display: block; width: 100%; float: none; position: static;\">Indeks pr\u0119dko\u015bci: <b>H<\/b><\/p>\n<p style=\"margin: 15px 0; line-height: 1.8; clear: both; display: block; width: 100%; float: none; position: static;\">Sezon: <b>Letnie<\/b><\/p>\n<\/div>\n<\/div>\n<\/div>\n<div style=\"clear: both; display: block; margin: 10px 0;\">\n<div style=\"clear: both; display: block; margin: 10px 0;\">\n<div style=\"clear: both; display: block; margin: 10px 0;\">\n<h2>Co kupujesz?<\/h2>\n<p style=\"margin: 15px 0; line-height: 1.8; clear: both; display: block; width: 100%; float: none; position: static;\">Nankang N-605 to letnia opona samochodowa, kt\u00f3ra zosta\u0142a stworzona, aby zapewni\u0107 doskona\u0142\u0105 wydajno\u015b\u0107 i bezpiecze\u0144stwo na suchej nawierzchni w ciep\u0142ych warunkach pogodowych.<\/p>\n<h2>Cechy produktu<\/h2>\n<p style=\"margin: 15px 0; line-height: 1.8; clear: both; display: block; width: 100%; float: none; position: static;\">Dobrze wywa\u017cona powierzchnia bie\u017cnika opony zapobiega nier\u00f3wnemu zu\u017cyciu. To pozytywnie wp\u0142ywa na jej trwa\u0142o\u015b\u0107 i \u017cywotno\u015b\u0107, dzi\u0119ki czemu opona mo\u017ce s\u0142u\u017cy\u0107 przez d\u0142ugi okres czasu.<\/p>\n<p style=\"margin: 15px 0; line-height: 1.8; clear: both; display: block; width: 100%; float: none; position: static;\">Pi\u0119\u0107 rowk\u00f3w, kt\u00f3re zosta\u0142y zaprojektowane przy u\u017cyciu symulacji komputerowej, znacz\u0105co redukuje poziom ha\u0142asu generowanego przez opon\u0119. Dzi\u0119ki temu podr\u00f3\u017cuj\u0105c na oponach N-605, kierowcy mog\u0105 cieszy\u0107 si\u0119 spokojem i komfortem jazdy.<\/p>\n<p style=\"margin: 15px 0; line-height: 1.8; clear: both; display: block; width: 100%; float: none; position: static;\">Projekt \u015brodkowego \u017ceberka wzmacnia stabilne prowadzenie pojazdu, co przek\u0142ada si\u0119 na pewno\u015b\u0107 kierowcy podczas jazdy na suchej nawierzchni.<\/p>\n<h2>Jak to wp\u0142ywa na jazd\u0119?<\/h2>\n<p style=\"margin: 15px 0; line-height: 1.8; clear: both; display: block; width: 100%; float: none; position: static;\">Opona charakteryzuje si\u0119 trwa\u0142\u0105 konstrukcj\u0105, kt\u00f3ra jest odporna na zu\u017cycie, co zapewnia jej d\u0142ugotrwa\u0142\u0105 wydajno\u015b\u0107 i \u017cywotno\u015b\u0107. To oznacza, \u017ce kierowcy mog\u0105 polega\u0107 na oponie przez d\u0142ugi czas, co przek\u0142ada si\u0119 na oszcz\u0119dno\u015bci i spok\u00f3j podczas jazdy.<\/p>\n<p style=\"margin: 15px 0; line-height: 1.8; clear: both; display: block; width: 100%; float: none; position: static;\">Dzi\u0119ki specjalnie zaprojektowanemu bie\u017cnikowi, opona N-605 gwarantuje \u015bwietn\u0105 przyczepno\u015b\u0107 na suchym asfalcie. To oznacza skuteczne hamowanie i pewno\u015b\u0107 prowadzenia pojazdu.<\/p>\n<p style=\"margin: 15px 0; line-height: 1.8; clear: both; display: block; width: 100%; float: none; position: static;\">Opona zapewnia doskona\u0142\u0105 jako\u015b\u0107 w relatywnie dost\u0119pnej cenie, co sprawia, \u017ce stanowi atrakcyjn\u0105 opcj\u0119 dla wielu kierowc\u00f3w. To doskona\u0142e rozwi\u0105zanie, kt\u00f3re \u0142\u0105czy wydajno\u015b\u0107, trwa\u0142o\u015b\u0107 i przyst\u0119pn\u0105 cen\u0119, co czyni j\u0105 popularnym wyborem w\u015br\u00f3d os\u00f3b poszukuj\u0105cych opony, kt\u00f3ra spe\u0142ni ich oczekiwania bez nadmiernego obci\u0105\u017cenia bud\u017cetu.<\/p>\n<p style=\"margin: 15px 0; line-height: 1.8; clear: both; display: block; width: 100%; float: none; position: static;\">Nankang N-605 to letnia opona samochodowa, kt\u00f3ra wyr\u00f3\u017cnia si\u0119 wysok\u0105 przyczepno\u015bci\u0105 na suchej powierzchni, komfortem jazdy i \u015bwietnym stosunkiem jako\u015bci do ceny. Jest to doskona\u0142y wyb\u00f3r dla kierowc\u00f3w, kt\u00f3rzy podr\u00f3\u017cuj\u0105 w ciep\u0142ych warunkach i oczekuj\u0105 niezawodno\u015bci i wydajno\u015bci podczas letnich podr\u00f3\u017cy.<\/p>\n<\/div>\n<\/div>\n<div style=\"clear: both; display: block; margin: 10px 0;\">\n<div style=\"clear: both; display: block; margin: 10px 0;\">\n<div  style=\"max-width:920px;max-height:1120px\">\n<div style=\"clear: both; display: block; margin: 10px 0;\">\n<div style=\"clear: both; width: 100%; display: block; margin: 20px 0; padding: 0; float: none; position: static; text-align: center;\"><img decoding=\"async\"  src=\"https:\/\/a.allegroimg.com\/original\/11946a\/2159dfc844d38eb62cc0503074bc\/Nankang-N-605-205-75R15-Opony-letnie-Liczba-opon-w-ofercie-2-szt\" srcset=\"https:\/\/a.allegroimg.com\/original\/11946a\/2159dfc844d38eb62cc0503074bc\/Nankang-N-605-205-75R15-Opony-letnie-Liczba-opon-w-ofercie-2-szt 295w,https:\/\/a.allegroimg.com\/original\/11946a\/2159dfc844d38eb62cc0503074bc\/Nankang-N-605-205-75R15-Opony-letnie-Liczba-opon-w-ofercie-2-szt 591w,https:\/\/a.allegroimg.com\/original\/11946a\/2159dfc844d38eb62cc0503074bc\/Nankang-N-605-205-75R15-Opony-letnie-Liczba-opon-w-ofercie-2-szt 841w,https:\/\/a.allegroimg.com\/original\/11946a\/2159dfc844d38eb62cc0503074bc\/Nankang-N-605-205-75R15-Opony-letnie-Liczba-opon-w-ofercie-2-szt 920w,https:\/\/a.allegroimg.com\/original\/11946a\/2159dfc844d38eb62cc0503074bc\/Nankang-N-605-205-75R15-Opony-letnie-Liczba-opon-w-ofercie-2-szt 920w\" sizes=\"(min-width: 1200px) 560px, (min-width: 992px) 50vw, 100vw\" width=\"920px\" alt=\"Nankang N-605 205\/75R15 Opony letnie Liczba opon w ofercie 2 szt.\" style=\"max-width: 100%; height: auto; display: block; margin: 0 auto;\"><\/div>\n<\/div>\n<\/div>\n<\/div>\n<\/div>\n<\/div>\n<div style=\"clear: both; display: block; margin: 10px 0;\">\n<div style=\"clear: both; display: block; margin: 10px 0;\">\n<div style=\"clear: both; display: block; margin: 10px 0;\">\n<p style=\"margin: 15px 0; line-height: 1.8; clear: both; display: block; width: 100%; float: none; position: static;\">Dlaczego warto u nas kupowa\u0107?<\/p>\n<ul style=\"margin: 15px 0; padding-left: 20px; clear: both; display: block; width: 100%; float: none; position: static;\">\n<li style=\"margin: 5px 0; padding: 2px 0; clear: both; display: list-item; float: none; position: static;\">opony s\u0105 przechowywane w magazynie z prawie sta\u0142\u0105 temperatur\u0105 i wilgotno\u015bci\u0105, co gwarantuje, \u017ce ich jako\u015b\u0107 nie zmienia si\u0119 podczas magazynowania<\/li>\n<li style=\"margin: 5px 0; padding: 2px 0; clear: both; display: list-item; float: none; position: static;\">produkty pochodz\u0105 bezpo\u015brednio z fabryk producent\u00f3w, mamy pewno\u015b\u0107 ich pochodzenia a tak\u017ce jako\u015bci<\/li>\n<li style=\"margin: 5px 0; padding: 2px 0; clear: both; display: list-item; float: none; position: static;\">nie jeste\u015bmy wirtualn\u0105 firm\u0105, nasze produkty mo\u017cna obejrze\u0107 w magazynie w Bielanach Wroc\u0142awskich<\/li>\n<li style=\"margin: 5px 0; padding: 2px 0; clear: both; display: list-item; float: none; position: static;\">jeste\u015bmy w 100% Polsk\u0105 firm\u0105 i p\u0142acimy tutaj podatki<\/li>\n<\/ul>\n<\/div>\n<\/div>\n<\/div>\n<\/div>\n<\/div>\n<\/div>\n<div style=\"clear: both; display: block; margin: 10px 0;\">\n","protected":false},"excerpt":{"rendered":"<p>Przedmiotem aukcji s\u0105 dwie opony<\/p>\n<p>Nankang N-605 205\/75R15 Opony letnie<\/p>\n<p>Nankang N-605 205\/75R15 Opony letnie<\/p>\n<p>EAN: 4712487544033<\/p>\n<p>Producent: NANKANG<\/p>\n<p>Bie\u017cnik: N-605<\/p>\n<p>Rozmiar: 205\/75 R15 97H<\/p>\n<p>Indeks no\u015bno\u015bci: 97<\/p>\n","protected":false},"featured_media":17439,"template":"","meta":{"_uag_custom_page_level_css":""},"product_brand":[446],"product_cat":[414,418,413,412],"product_tag":[],"class_list":{"0":"post-17438","1":"product","2":"type-product","3":"status-publish","4":"has-post-thumbnail","6":"product_brand-nankang","7":"product_cat-do-samochodow-osobowych-i-suv","8":"product_cat-letnie","9":"product_cat-opony","10":"product_cat-opony-i-felgi","12":"first","13":"instock","14":"shipping-taxable","15":"purchasable","16":"product-type-simple"},"uagb_featured_image_src":{"full":["https:\/\/oponixo.shop\/tire\/wp-content\/uploads\/2026\/01\/allegro-image-17438.jpg",920,1120,false],"thumbnail":["https:\/\/oponixo.shop\/tire\/wp-content\/uploads\/2026\/01\/allegro-image-17438-150x150.jpg",150,150,true],"medium":["https:\/\/oponixo.shop\/tire\/wp-content\/uploads\/2026\/01\/allegro-image-17438-246x300.jpg",246,300,true],"medium_large":["https:\/\/oponixo.shop\/tire\/wp-content\/uploads\/2026\/01\/allegro-image-17438-768x935.jpg",768,935,true],"large":["https:\/\/oponixo.shop\/tire\/wp-content\/uploads\/2026\/01\/allegro-image-17438-841x1024.jpg",841,1024,true],"1536x1536":["https:\/\/oponixo.shop\/tire\/wp-content\/uploads\/2026\/01\/allegro-image-17438.jpg",920,1120,false],"2048x2048":["https:\/\/oponixo.shop\/tire\/wp-content\/uploads\/2026\/01\/allegro-image-17438.jpg",920,1120,false],"woocommerce_thumbnail":["https:\/\/oponixo.shop\/tire\/wp-content\/uploads\/2026\/01\/allegro-image-17438-300x300.jpg",300,300,true],"woocommerce_single":["https:\/\/oponixo.shop\/tire\/wp-content\/uploads\/2026\/01\/allegro-image-17438-600x730.jpg",600,730,true],"woocommerce_gallery_thumbnail":["https:\/\/oponixo.shop\/tire\/wp-content\/uploads\/2026\/01\/allegro-image-17438-100x100.jpg",100,100,true]},"uagb_author_info":{"display_name":"admin","author_link":"https:\/\/oponixo.shop\/tire\/author\/"},"uagb_comment_info":0,"uagb_excerpt":"Przedmiotem aukcji s\u0105 dwie opony Nankang N-605 205\/75R15 Opony letnie Nankang N-605 205\/75R15 Opony letnie EAN: 4712487544033 Producent: NANKANG Bie\u017cnik: N-605 Rozmiar: 205\/75 R15 97H Indeks no\u015bno\u015bci: 97","_links":{"self":[{"href":"https:\/\/oponixo.shop\/tire\/wp-json\/wp\/v2\/product\/17438","targetHints":{"allow":["GET"]}}],"collection":[{"href":"https:\/\/oponixo.shop\/tire\/wp-json\/wp\/v2\/product"}],"about":[{"href":"https:\/\/oponixo.shop\/tire\/wp-json\/wp\/v2\/types\/product"}],"wp:featuredmedia":[{"embeddable":true,"href":"https:\/\/oponixo.shop\/tire\/wp-json\/wp\/v2\/media\/17439"}],"wp:attachment":[{"href":"https:\/\/oponixo.shop\/tire\/wp-json\/wp\/v2\/media?parent=17438"}],"wp:term":[{"taxonomy":"product_brand","embeddable":true,"href":"https:\/\/oponixo.shop\/tire\/wp-json\/wp\/v2\/product_brand?post=17438"},{"taxonomy":"product_cat","embeddable":true,"href":"https:\/\/oponixo.shop\/tire\/wp-json\/wp\/v2\/product_cat?post=17438"},{"taxonomy":"product_tag","embeddable":true,"href":"https:\/\/oponixo.shop\/tire\/wp-json\/wp\/v2\/product_tag?post=17438"}],"curies":[{"name":"wp","href":"https:\/\/api.w.org\/{rel}","templated":true}]}}